{"id":485,"date":"2017-06-19T05:41:37","date_gmt":"2017-06-19T05:41:37","guid":{"rendered":"https:\/\/coachingplus.ch\/index.php\/home\/"},"modified":"2026-02-27T15:18:00","modified_gmt":"2026-02-27T14:18:00","slug":"home","status":"publish","type":"page","link":"https:\/\/coachingplus.ch\/fr\/","title":{"rendered":"Coaching Plus"},"content":{"rendered":"<h5>\n\t\t\t\tholistique. empathique. authentique.\n\t\t\t<\/h5>\n\t<h1>\n\t\t\t\tFormation continue en coaching\n\t\t\t<\/h1>\n\t\t\t<p>Se comprendre soi-m\u00eame et comprendre les autres.<\/p>\t\n\t\t\t<a href=\"https:\/\/coachingplus.ch\/fr\/formation-de-coaching\/cursus-de-10-jours-de-coaching\/\" title=\"Formation de 10 jours au coaching\" target=\"_self\"   role=\"button\" aria-label=\"Formation de 10 jours au coaching\">\n\t\t\t\t\t\t\tFormation de 10 jours au coaching\n\t\t<\/a>\n\t\t\t<a href=\"https:\/\/coachingplus.ch\/fr\/mentoringplus\/\" title=\"Mentoringplus\" target=\"_self\"   role=\"button\" aria-label=\"Mentoringplus\">\n\t\t\t\t\t\t\tMentoringplus\n\t\t<\/a>\n\t\t\t<a href=\"https:\/\/coachingplus.ch\/fr\/formation-de-coaching\/modules-de-formation-pour-le-coaching-applique-2\/\" title=\"Coach syst\u00e9mique\" target=\"_self\"   role=\"button\" aria-label=\"Coach syst\u00e9mique\">\n\t\t\t\t\t\t\tCoach syst\u00e9mique\n\t\t<\/a>\n\t\t\t<a href=\"https:\/\/coachingplus.ch\/fr\/seminaires\/\" title=\"S\u00e9minaires\" target=\"_self\"   role=\"button\" aria-label=\"S\u00e9minaires\">\n\t\t\t\t\t\t\tS\u00e9minaires\n\t\t<\/a>\n\t\t\t<a href=\"https:\/\/coachingplus.ch\/fr\/formation-de-coaching\/mentor-fa-dipl-coach-sca-dentreprise\/\" title=\"Mentor d&#039;entreprise FA\" target=\"_self\"   role=\"button\" aria-label=\"Mentor d&#039;entreprise FA\">\n\t\t\t\t\t\t\tMentor d'entreprise FA\n\t\t<\/a>\n\t\t\t<a href=\"https:\/\/coachingplus.ch\/fr\/enneagramme-de-base\/\" title=\"Coach nature et aventure\" target=\"_self\"   role=\"button\" aria-label=\"Coach nature et aventure\">\n\t\t\t\t\t\t\tCoach nature et aventure\n\t\t<\/a>\n\t\t\t<a href=\"https:\/\/coachingplus.ch\/fr\/modele-de-seminaireriemann-thomann\/\" title=\"Coach mental\" target=\"_self\"   role=\"button\" aria-label=\"Coach mental\">\n\t\t\t\t\t\t\tCoach mental\n\t\t<\/a>\n\t\t\t<a href=\"https:\/\/coachingplus.ch\/fr\/formation-a-lenneagramme\/\" title=\"Enn\u00e9agramme\" target=\"_self\"   role=\"button\" aria-label=\"Enn\u00e9agramme\">\n\t\t\t\t\t\t\tEnn\u00e9agramme\n\t\t<\/a>\n\t<h2>\n\t\t\t\tCoachingplus porte le \u00abplus\u00bb avec conviction\n\t\t\t<\/h2>\n\t<strong>Dans toutes nos formations, le \"plus pour les participants\" est au centre : Coachingplus offre une valeur ajout\u00e9e, accompagne de mani\u00e8re comp\u00e9tente et forme de mani\u00e8re professionnelle. Les participants sont encourag\u00e9s \u00e0 d\u00e9velopper leurs comp\u00e9tences de coaching et \u00e0 acqu\u00e9rir des connaissances utiles.<br \/>\n<\/strong>\n\t<p><strong>outils et m\u00e9thodes pour le quotidien et l'environnement pratique. La philosophie de l'entreprise repose sur une image de l'\u00eatre humain qui mise sur l'\u00e9quivalence, l'estime et la confiance. Dans ce sens, le \u00abplus\u00bb est un programme.<\/strong><\/p>\n\t<p>Coachingplus emploie des formateurs et des formatrices exp\u00e9riment\u00e9s qui ont pu consolider leur mani\u00e8re de travailler au fil des ann\u00e9es et de mani\u00e8re pratique. Pour Coachingplus, la r\u00e8gle est la suivante : tous les formateurs parlent le m\u00eame langage et sont ancr\u00e9s dans la psychologie individuelle.<\/p>\n\t<h2>\n\t\t\t\tUne formation \u00e0 valeur ajout\u00e9e\n\t\t\t<\/h2>\n\t<p><strong>Depuis l'an 2000, Coachingplus propose des formations continues et des s\u00e9minaires dans le domaine du coaching, du mentoring et du leadership. Coachingplus s'est fait une place dans le paysage suisse de la formation et fait partie des leaders dans le domaine des formations de coaching \u00abcourtes\u00bb.<\/strong><\/p>\n<p>De la base th\u00e9orique solide \u00e0 l'application pratique dans diff\u00e9rents domaines du coaching, Coachingplus propose \u00e0 ses participants des modules de perfectionnement complets et vari\u00e9s, qui d\u00e9bouchent sur l'un des trois certificats suivants :<\/p>\n<ul>\n<li><a href=\"https:\/\/coachingplus.ch\/fr\/formation-de-coaching\/modules-de-formation-pour-le-coaching-applique-2\/\">Certifi\u00e9(e) en coaching. Coach syst\u00e9mique CP<\/a><\/li>\n<li><a href=\"https:\/\/coachingplus.ch\/fr\/modele-de-seminaireriemann-thomann\/\">Certifi\u00e9 en tant que. Coach mental CP<\/a><\/li>\n<li><a href=\"https:\/\/coachingplus.ch\/fr\/enneagramme-de-base\/\">Certifi\u00e9 coach nature et d\u00e9couverte CP<\/a><\/li>\n<\/ul>\n<p>Il n'y a donc pas une, mais trois voies diff\u00e9rentes pour obtenir le brevet f\u00e9d\u00e9ral de mentor d'entreprise. Apr\u00e8s avoir suivi l'une des trois formations certifiantes, il est possible de participer au module de dipl\u00f4me :<\/p>\n<ul>\n<li><a href=\"https:\/\/coachingplus.ch\/fr\/formation-de-coaching\/mentor-fa-dipl-coach-sca-dentreprise\/\">Mentor(e) d'entreprise FA<\/a><\/li>\n<\/ul>\n\t<p>La formation chez Coachingplus se caract\u00e9rise par son approche globale. Elle ne comprend pas seulement des m\u00e9thodes de coaching traditionnelles, mais int\u00e8gre \u00e9galement des approches de pointe dans les domaines de la psychologie positive, des neurosciences et des m\u00e9thodes syst\u00e9miques. Cette approche interdisciplinaire permet aux participants d'acqu\u00e9rir un large \u00e9ventail de comp\u00e9tences et de techniques afin de soutenir les personnes sur la voie du d\u00e9veloppement personnel et professionnel.<\/p>\n<p>En r\u00e9sum\u00e9, la formation chez Coachingplus offre une base solide avec une approche globale, des possibilit\u00e9s de sp\u00e9cialisation flexibles et un fort accent sur les applications pratiques, et garantit que les participants d\u00e9veloppent des comp\u00e9tences indispensables pour r\u00e9ussir dans l'accompagnement, le leadership ou le mentorat.<\/p>\n<p><strong>\u00a0<\/strong><\/p>\n\t<h2>\n\t\t\t\tDes participants enthousiastes\n\t\t\t<\/h2>\n\t\t<ul>\n\t\t<li><blockquote><p><strong>\"C'est le meilleur cours que j'ai jamais suivi et je le recommande de tout c\u0153ur. J'ai \u00e9t\u00e9 encourag\u00e9e \u00e0 travailler sur mes objectifs et j'ai beaucoup appris sur moi-m\u00eame et sur les autres. Merci beaucoup pour cette merveilleuse opportunit\u00e9\".<\/strong><br \/><br \/>Lydia Bechert, m\u00e9decin<br \/>Dipl\u00f4m\u00e9e du cursus de 10 jours en coaching appliqu\u00e9<\/p><\/blockquote><\/li>\t\t<li><blockquote><strong>\"J'ai pu apprendre \u00e0 concevoir un entretien de coaching et d\u00e9couvrir de nombreux outils de coaching. J'ai pris conscience de l'importance d'une bonne \u00e9coute, de poser les bonnes questions et de la force de l'encouragement\".<\/strong><br \/>Tinu Bucher | Contr\u00f4leur de gestion - Dipl\u00f4m\u00e9 du cursus de 10 jours<\/blockquote><\/li>\t\t<li><blockquote>\"On ne peut pas faire mieux. Je suis impressionn\u00e9\".<strong>Regula Knobel<\/strong><\/blockquote><\/li>\t\t<li><blockquote>\"J'ai appris \u00e0 mieux comprendre les gens dans leur fa\u00e7on de penser, de ressentir et d'agir. Cela m'aide dans le diagnostic et le conseil aux patients, qui sont tr\u00e8s vari\u00e9s\".<strong><\/strong><strong>Corinne Rindisbacher<\/strong><\/blockquote><\/li>\t\t<li><blockquote>\"Les outils et les exercices directement applicables pendant le cours m'ont permis de mieux \u00e9couter, d'identifier les liens et de guider mon interlocuteur vers des solutions lors de l'entretien\".<strong>Dr. Roland Frauchiger<\/strong><\/blockquote><\/li>\t\t<li><blockquote><em>\"S\u00e9minaire tr\u00e8s orient\u00e9 vers la pratique avec de nombreux exercices, une r\u00e9flexion sur ses propres sch\u00e9mas. La formation en psychologie individuelle est un enrichissement pr\u00e9cieux du paysage de la formation en coaching. Le cursus encourage \u00e0 poursuivre ses propres objectifs\".<\/em><strong><\/strong><strong>Dr. Ellena Huse<\/strong><\/blockquote><\/li>\t\t<li><blockquote><em>\"C'\u00e9tait tr\u00e8s encourageant de reconna\u00eetre que mes propres capacit\u00e9s sont suffisantes et que j'ai des points forts \u00e0 renforcer ! J'ai beaucoup appr\u00e9ci\u00e9 l'image valorisante et positive de l'\u00eatre humain. La formation \u00e9tait tr\u00e8s encourageante, c'est efficace \u00e0 long terme !\"<\/em><strong>Martin Stoessel<br \/><\/strong><\/blockquote><\/li>\t\t\t<\/ul>\n<h2>\n\t\t\tQuel est ton but int\u00e9rieur ?\t<\/h2>\n\t<strong><em>Chaque typologie peut \u00eatre compar\u00e9e \u00e0 une carte g\u00e9ographique dont le but est de faciliter la vue d'ensemble - aucune d'entre elles n'est exhaustive - et l'\u00e9tude de la carte ne remplace jamais l'exp\u00e9rience du voyage.<\/em><br \/>\n<\/strong>d'apr\u00e8s Richard Rohr\n\t\t\t<a href=\"https:\/\/www.4typen.ch\/fr\/\"  target=\"_blank\" rel=\"noopener\">\n\t\t\t\t\t\tTest de personnalit\u00e9\n\t\t\t\t\t<\/a>","protected":false},"excerpt":{"rendered":"<p>ganzheitlich. empathisch. authentisch. Coaching Weiterbildung Sich selbst und andere verstehen. 10-t\u00e4giger Coaching-Studiengang Mentoringplus Systemischer Coach Seminare Betrieblicher Mentor FA Natur- und Erlebniscoach Mental-Coach Enneagramm Coachingplus tr\u00e4gt das \u00abplus\u00bb mit \u00dcberzeugung In allen Schulungen steht das \u00abPlus f\u00fcr Teilnehmende\u00bb im Zentrum: Coachingplus bietet Mehrwert, begleitet kompetent und bildet professionell aus. Die Teilnehmenden werden ermutigt, die Coachingkompetenzen [&hellip;]<\/p>\n","protected":false},"author":1,"featured_media":0,"parent":0,"menu_order":0,"comment_status":"closed","ping_status":"open","template":"","meta":{"_seopress_robots_primary_cat":"","_seopress_titles_title":"Coaching Ausbildung | Coachingplus | Training & Empowerment","_seopress_titles_desc":"Die Coaching-Ausbildung mit Mehrwert in Z\u00fcrich! Finden Sie Ihre passende Ausbildung \u2714 authentisch \u2714 kompetent \u2714 wertsch\u00e4tzend.","_seopress_robots_index":"","site-sidebar-layout":"no-sidebar","site-content-layout":"page-builder","ast-site-content-layout":"full-width-container","site-content-style":"unboxed","site-sidebar-style":"unboxed","ast-global-header-display":"","ast-banner-title-visibility":"","ast-main-header-display":"","ast-hfb-above-header-display":"","ast-hfb-below-header-display":"","ast-hfb-mobile-header-display":"","site-post-title":"disabled","ast-breadcrumbs-content":"","ast-featured-img":"disabled","footer-sml-layout":"","ast-disable-related-posts":"","theme-transparent-header-meta":"default","adv-header-id-meta":"","stick-header-meta":"","header-above-stick-meta":"","header-main-stick-meta":"","header-below-stick-meta":"","astra-migrate-meta-layouts":"set","ast-page-background-enabled":"default","ast-page-background-meta":{"desktop":{"background-color":"","background-image":"","background-repeat":"repeat","background-position":"center center","background-size":"auto","background-attachment":"scroll","background-type":"","background-media":"","overlay-type":"","overlay-color":"","overlay-opacity":"","overlay-gradient":""},"tablet":{"background-color":"","background-image":"","background-repeat":"repeat","background-position":"center center","background-size":"auto","background-attachment":"scroll","background-type":"","background-media":"","overlay-type":"","overlay-color":"","overlay-opacity":"","overlay-gradient":""},"mobile":{"background-color":"","background-image":"","background-repeat":"repeat","background-position":"center center","background-size":"auto","background-attachment":"scroll","background-type":"","background-media":"","overlay-type":"","overlay-color":"","overlay-opacity":"","overlay-gradient":""}},"ast-content-background-meta":{"desktop":{"background-color":"var(--ast-global-color-5)","background-image":"","background-repeat":"repeat","background-position":"center center","background-size":"auto","background-attachment":"scroll","background-type":"","background-media":"","overlay-type":"","overlay-color":"","overlay-opacity":"","overlay-gradient":""},"tablet":{"background-color":"var(--ast-global-color-5)","background-image":"","background-repeat":"repeat","background-position":"center center","background-size":"auto","background-attachment":"scroll","background-type":"","background-media":"","overlay-type":"","overlay-color":"","overlay-opacity":"","overlay-gradient":""},"mobile":{"background-color":"var(--ast-global-color-5)","background-image":"","background-repeat":"repeat","background-position":"center center","background-size":"auto","background-attachment":"scroll","background-type":"","background-media":"","overlay-type":"","overlay-color":"","overlay-opacity":"","overlay-gradient":""}},"iawp_total_views":32676,"footnotes":""},"class_list":["post-485","page","type-page","status-publish","hentry"],"_links":{"self":[{"href":"https:\/\/coachingplus.ch\/fr\/wp-json\/wp\/v2\/pages\/485","targetHints":{"allow":["GET"]}}],"collection":[{"href":"https:\/\/coachingplus.ch\/fr\/wp-json\/wp\/v2\/pages"}],"about":[{"href":"https:\/\/coachingplus.ch\/fr\/wp-json\/wp\/v2\/types\/page"}],"author":[{"embeddable":true,"href":"https:\/\/coachingplus.ch\/fr\/wp-json\/wp\/v2\/users\/1"}],"replies":[{"embeddable":true,"href":"https:\/\/coachingplus.ch\/fr\/wp-json\/wp\/v2\/comments?post=485"}],"version-history":[{"count":11,"href":"https:\/\/coachingplus.ch\/fr\/wp-json\/wp\/v2\/pages\/485\/revisions"}],"predecessor-version":[{"id":17589,"href":"https:\/\/coachingplus.ch\/fr\/wp-json\/wp\/v2\/pages\/485\/revisions\/17589"}],"wp:attachment":[{"href":"https:\/\/coachingplus.ch\/fr\/wp-json\/wp\/v2\/media?parent=485"}],"curies":[{"name":"wp","href":"https:\/\/api.w.org\/{rel}","templated":true}]}}