{"id":19,"date":"2017-06-19T07:07:27","date_gmt":"2017-06-19T07:07:27","guid":{"rendered":"https:\/\/coachingplus.ch\/index.php\/about\/"},"modified":"2026-02-27T15:07:16","modified_gmt":"2026-02-27T14:07:16","slug":"sur-nous","status":"publish","type":"page","link":"https:\/\/coachingplus.ch\/fr\/ueber-uns\/","title":{"rendered":"\u00c0 propos de nous"},"content":{"rendered":"<h1>\n\t\t\t\t\u00c0 propos de nous\n\t\t\t<\/h1>\n\t<h4>\n\t\t\t\tIci, vous en apprendrez plus sur les visions, les objectifs et les personnes qui se cachent derri\u00e8re coachingplus.\n\t\t\t<\/h4>\n\t\t\t<nav  aria-label=\"Fil d&#039;Ariane\"><ol class=\"breadcrumb\"><li class=\"breadcrumb-item active\" aria-current=\"page\"><span>Accueil<\/span><\/li><\/ol><\/nav>\t\n\t<h3>\n\t\t\t\tC'est nous\n\t\t\t<\/h3>\n\t\t\t<p>Coachingplus a \u00e9t\u00e9 fond\u00e9 en 2000 et forme depuis avec succ\u00e8s des dipl\u00f4m\u00e9.e.s dans le domaine du coaching.<\/p>\t\n\t<h3>\n\t\t\t\tNotre objectif\n\t\t\t<\/h3>\n\t\t\t<p>Notre objectif est de d\u00e9velopper des comp\u00e9tences de coaching sur le long terme et de r\u00e9v\u00e9ler le meilleur de chacun.e.<\/p>\t\n\t<h3>\n\t\t\t\tCe que nous faisons\n\t\t\t<\/h3>\n\t\t\t<p>Des coachs form\u00e9s et exp\u00e9riment\u00e9s forment ensemble l'\u00e9quipe de Coachingplus. Leurs connaissances et leurs exp\u00e9riences sont transmises avec enthousiasme.<\/p>\t\n\t<h2>\n\t\t\t\tNos valeurs\n\t\t\t<\/h2>\n\t<h3>\n\t\t\t\tProfessionnelle\n\t\t\t<\/h3>\n\t\t\t<p>Par coaching, nous entendons un accompagnement complet sur fond de questions professionnelles ou personnelles. Les s\u00e9minaires sont con\u00e7us de mani\u00e8re pratique. L'objectif est de reconna\u00eetre et d'utiliser ses propres ressources et capacit\u00e9s.<\/p>\t\n\t<h3>\n\t\t\t\tOrient\u00e9e vers la pratique\n\t\t\t<\/h3>\n\t\t\t<p>Coachingplus vous transmet des outils de coaching ax\u00e9s sur la pratique et faciles \u00e0 utiliser au quotidien. Notre savoir-faire est issu de la pratique quotidienne et est d\u00e9velopp\u00e9 par des processus de formation continue r\u00e9guliers.<\/p>\t\n\t<h3>\n\t\t\t\tEn groupe restreint\n\t\t\t<\/h3>\n\t\t\t<p>Nous soutenons les personnes de mani\u00e8re globale dans leur d\u00e9veloppement personnel, nous les encourageons \u00e0 r\u00e9fl\u00e9chir \u00e0 leurs propres comportements et nous les aidons \u00e0 d\u00e9velopper de nouveaux points de vue &amp; de nouvelles solutions.<\/p>\t\n\t<h3>\n\t\t\t\tPeu co\u00fbteuse\n\t\t\t<\/h3>\n\t\t\t<p>Coachingplus propose une formation professionnelle au coaching \u00e0 un prix raisonnable. Nous faisons en sorte que tous les groupes d'\u00e2ge puissent en profiter, se d\u00e9velopper et acqu\u00e9rir des comp\u00e9tences de coaching.<\/p>\t\n\t<h2>\n\t\t\t\tL'\u00e9quipe\n\t\t\t<\/h2>\n\t\t\t\t<img decoding=\"async\" src=\"https:\/\/coachingplus.ch\/wp-content\/uploads\/bb-plugin\/cache\/2025-03-31-coachingplus_portraet-10-scaled-circle.jpg\" alt=\"Marcel Hager\" title=\"2025-03-31 coachingplus_portr\u00e4t-10\" itemprop=\"image\"\/>\n\t\t\t<h3>Marcel Hager<\/h3>\t\t\t\n\t\t\t\t<p><strong>Conf\u00e9rencier &amp; associ\u00e9, orateur &amp; auteur de livres\u00a0<\/strong><\/p>\n<p>Marcel Hager est enseignant et coach dipl\u00f4m\u00e9 SCA. Depuis 2012, il soutient les individus dans leur d\u00e9veloppement personnel et professionnel et renforce les \u00e9quipes par le biais de s\u00e9minaires, de team building et de coaching. Par le biais du coaching nature et exp\u00e9rience, il accompagne litt\u00e9ralement ses clients vers un sommet ou \u00e0 travers un territoire inconnu. D\u00e9fier et encourager les gens, croire en eux et \u00e9veiller leur potentiel, voil\u00e0 ce qui le motive.<\/p>\n\t\t\t<h3>Jens von Gr\u00fcnigen<\/h3>\t\t\t\n\t\t\t\t<p><strong>Co-directeur &amp; associ\u00e9, Leadership &amp; Management<br \/><\/strong><\/p>\n<p>Jens von Gr\u00fcnigen a occup\u00e9 diff\u00e9rents postes de direction dans des entreprises industrielles. Il a cr\u00e9\u00e9 une entreprise \u00e0 P\u00e9kin, a dirig\u00e9 des \u00e9quipes en charge de grands clients internationaux et est devenu membre de la direction dans le domaine des ventes et de la gestion des produits. Il investit son exp\u00e9rience et ses connaissances pour contribuer au d\u00e9veloppement durable des personnes.<\/p>\n\t\t\t\t<img decoding=\"async\" src=\"https:\/\/coachingplus.ch\/wp-content\/uploads\/bb-plugin\/cache\/2025-03-31-coachingplus_portraet-42-scaled-circle.jpg\" alt=\"2025 03 31 portrait de coachingplus 42\" title=\"2025-03-31 coachingplus_portr\u00e4t-42\" itemprop=\"image\"\/>\n\t\t\t\t<img decoding=\"async\" src=\"https:\/\/coachingplus.ch\/wp-content\/uploads\/bb-plugin\/cache\/2025-03-31-coachingplus_portraet-31-scaled-circle.jpg\" alt=\"Monika Henzler Portrait Haut\" title=\"Monika Henzler Portrait Haut\" itemprop=\"image\"\/>\n\t\t\t<h3>Monika Henzler<\/h3>\t\t\t\n\t\t\t\t<p><strong>Co-directeur, directeur d'\u00e9cole &amp; conseiller<\/strong><\/p>\n<p>Monika Henzler a suivi sa formation de base dans le domaine \u00e9conomique et a longtemps travaill\u00e9 dans le secteur financier. Elle s'est toujours int\u00e9ress\u00e9e aux relations humaines r\u00e9ussies et a approfondi ses connaissances en suivant diff\u00e9rentes formations. En dernier lieu, elle a obtenu avec succ\u00e8s le MAS Conseil psychologique. Monika travaille dans son propre cabinet en tant que conseill\u00e8re psychologique et coach TDAH avec des personnes individuelles, des couples et des familles.\u00a0\u00a0<\/p>\n\t\t\t<h3>Gaby Badertscher<\/h3>\t\t\t\n\t\t\t\t<p><strong>Administration &amp; Backoffice<\/strong><\/p>\n<p>Gaby Badertscher est responsable du backoffice et de l'administration chez\u00a0<strong>Coachingplus<\/strong>\u00a0de l'administration. Gr\u00e2ce \u00e0 sa m\u00e9thode de travail structur\u00e9e et fiable, elle veille \u00e0 ce que tout se passe bien en coulisses. Ses comp\u00e9tences et son engagement font d'elle un pilier important de l'\u00e9quipe et contribuent de mani\u00e8re d\u00e9cisive au succ\u00e8s de l'entreprise.<\/p>\n\t\t\t\t<img decoding=\"async\" src=\"https:\/\/coachingplus.ch\/wp-content\/uploads\/bb-plugin\/cache\/dh010225-bearbeitet-scaled-circle.jpg\" alt=\"Gaby Badertscher\" title=\"DH010225-Trait\u00e9\" itemprop=\"image\"\/>\n\t<h2>\n\t\t\t\tLes professeurs\n\t\t\t<\/h2>\n\t\t\t\t<img decoding=\"async\" src=\"https:\/\/coachingplus.ch\/wp-content\/uploads\/bb-plugin\/cache\/corinnecolor-circle.png\" alt=\"corinnecolor\" title=\"corinnecolor\" itemprop=\"image\"\/>\n\t\t\t<h3>Corinne Hauri<\/h3>\t\t\t\n\t\t\t\t<p><strong>Coach &amp; conseill\u00e8re<\/strong><\/p>\n<p>Corinne a travaill\u00e9 pendant plus de 20 ans dans diverses professions des domaines de l\u2019enseignement et de l\u2019\u00e9ducation : enseignante dans le premier cycle, animatrice, \u00e9ducatrice, enseignante sp\u00e9cialis\u00e9e. Form\u00e9e au coaching, elle vient de terminer un CAS en facilitation de conflit et de coop\u00e9ration \u00e0 l\u2019Universit\u00e9 de Fribourg.<br \/><\/p>\n<p>Avec son mari Jan, ils ont fond\u00e9 <a href=\"http:\/\/www.lifecoachinghauri.ch\/\">LifeCoachingHauri SNC<\/a> et accompagnent des couples et des personnes seules depuis 2012. Ils sont les auteurs du livre : \"Le couple, entretien et d\u00e9pannage\".<br \/><\/p>\n\t\t\t<h3>Jan Hauri<\/h3>\t\t\t\n\t\t\t\t<p><b>Coach &amp; conseiller<\/b><br \/><\/p>\n<p>Depuis l'obtention de son bachelor en travail social (2003), Jan a travaill\u00e9 avec des enfants, des adultes ayant des probl\u00e8mes de d\u00e9pendance ou psychosociaux et des adultes handicap\u00e9s. En tant que coach, il accompagne actuellement de jeunes adultes dans leur recherche d'emploi. Jan a suivi des formations en th\u00e9rapie br\u00e8ve orient\u00e9e vers les solutions et poss\u00e8de un brevet f\u00e9d\u00e9ral de mentor en entreprise. <br \/><\/p>\n\t\t\t\t<img decoding=\"async\" src=\"https:\/\/coachingplus.ch\/wp-content\/uploads\/bb-plugin\/cache\/Jan-n-b-circle.jpeg\" alt=\"jan n b\" title=\"Jan n b\" itemprop=\"image\"\/>\n\t\t\t\t<img decoding=\"async\" src=\"https:\/\/coachingplus.ch\/wp-content\/uploads\/bb-plugin\/cache\/Helene-Staub-u\u0308ber-uns-circle.png\" alt=\"H\u00e9l\u00e8ne Staub\" title=\"H\u00e9l\u00e8ne Staub \u00e0 propos de nous\" itemprop=\"image\"\/>\n\t\t\t<h3>H\u00e9l\u00e8ne Staub<\/h3>\t\t\t\n\t\t\t\t<p><strong>Coach &amp; conseill\u00e8re<br \/><\/strong><\/p>\n<p>Helene Staub a pr\u00e9sid\u00e9 la Swiss Coaching Association SCA de 2017 \u00e0 2020 avec beaucoup d'\u00e9lan et de passion. Depuis 2011, elle est propri\u00e9taire de la <a href=\"https:\/\/staub-coaching.ch\/\">Staub Conseil et coaching<\/a>une entreprise qui accompagne et soutient les particuliers, les entreprises et les administrations publiques. En tant qu'accompagnatrice reconnue et experte aux examens, elle dispose de plusieurs ann\u00e9es d'exp\u00e9rience et sait parfaitement ce qui est exig\u00e9 \u00e0 l'examen professionnel f\u00e9d\u00e9ral.<\/p>\n\t\t\t<h3>Thomas K\u00fcmmerli<\/h3>\t\t\t\n\t\t\t\t<p><strong>Formateur &amp; coach d'\u00e9quipe<br \/><\/strong><\/p>\n<p>Thomas K\u00fcmmerli est formateur \u00e0 temps partiel chez Coachingplus depuis 2014. Il \u00e9largit d\u00e9sormais son temps de travail et son programme de formation avec le coaching d'\u00e9quipe et le coaching de carri\u00e8re. En tant que formateur, ce technicien en \u00e9conomie SVTS s'appuie sur son exp\u00e9rience de sup\u00e9rieur hi\u00e9rarchique, de conseiller et de chef de projet. Le responsable des RH et coach dipl\u00f4m\u00e9 SCA est propri\u00e9taire de la <a href=\"http:\/\/www.coaching-kuemmerli.ch\">Coaching K\u00fcmmerli GmbH<\/a> et accompagnateur reconnu.<\/p>\n\t\t\t\t<img decoding=\"async\" src=\"https:\/\/coachingplus.ch\/wp-content\/uploads\/bb-plugin\/cache\/Thomas-Ku\u0308mmerli-u\u0308ber-uns-circle.png\" alt=\"Thomas K\u00fcmmerli\" title=\"Thomas K\u00fcmmerli \u00e0 propos de nous\" itemprop=\"image\"\/>\n\t\t\t\t<img decoding=\"async\" src=\"https:\/\/coachingplus.ch\/wp-content\/uploads\/bb-plugin\/cache\/Gabriele-Schwieder-u\u0308beruns-circle.png\" alt=\"Gabriele Schwieder\" title=\"Gabriele Schwieder \u00e0 propos de nous\" itemprop=\"image\"\/>\n\t\t\t<h3>Dr. Gabriele Schwieder<\/h3>\t\t\t\n\t\t\t\t<p><strong>Conseill\u00e8re en ressources humaines &amp; coach<br \/><\/strong><\/p>\n<p>Avant de se mettre \u00e0 son compte, le Dr Gabriele Schwieder a travaill\u00e9 comme conseill\u00e8re en ressources humaines, chasseuse de t\u00eates et directrice d'unit\u00e9. En tant que propri\u00e9taire de <a href=\"https:\/\/www.schwieder.ch\/\">Schwieder GmbH<\/a> Career Coaching &amp; HR Consulting, elle accompagne depuis 2011 des experts et des cadres dans leur d\u00e9veloppement personnel et professionnel. Titulaire d'un doctorat en sciences linguistiques et culturelles, elle intervient r\u00e9guli\u00e8rement en tant que charg\u00e9e de cours dans la formation d'adultes. Gabriele Schwieder est par ailleurs mentor d'entreprise BF.<\/p>\n\t\t\t<h3>Claudia Ledermann<\/h3>\t\t\t\n\t\t\t\t<p><strong>Coach &amp; d\u00e9veloppeur d'organisation<\/strong><\/p>\n<p>Claudia Ledermann, propri\u00e9taire de la <a href=\"https:\/\/saphir-personal.ch\">Saphir Personal GmbH<\/a>est une experte exp\u00e9riment\u00e9e en gestion du personnel. Gr\u00e2ce \u00e0 son flair pour les personnes et \u00e0 sa connaissance du march\u00e9, elle soutient les entreprises et les clients de mani\u00e8re professionnelle et orient\u00e9e vers les solutions. Sa m\u00e9thode de travail empathique et structur\u00e9e fait d'elle une conseill\u00e8re tr\u00e8s appr\u00e9ci\u00e9e. Elle est coach dipl\u00f4m\u00e9e SCA et mentor d'entreprise FA.<\/p>\n\t\t\t\t<img decoding=\"async\" src=\"https:\/\/coachingplus.ch\/wp-content\/uploads\/bb-plugin\/cache\/claudia_ledermann_07_web-circle.jpg\" alt=\"claudia ledermann 07 web\" title=\"Claudia_Ledermann_07_WEB\" itemprop=\"image\"\/>\n\t\t\t\t<img decoding=\"async\" src=\"https:\/\/coachingplus.ch\/wp-content\/uploads\/bb-plugin\/cache\/Rahel-Bild-e1653489490192-circle.jpg\" alt=\"image de rahel\" title=\"Rahel Image\" itemprop=\"image\"\/>\n\t\t\t<h3>Rahel Kellenberger-Schmid<\/h3>\t\t\t\n\t\t\t\t<p><strong>Conseill\u00e8re psychosociale<\/strong><\/p>\n<p>Rahel Kellenberger travaille en tant que conseill\u00e8re syst\u00e9mique sp\u00e9cialis\u00e9e en psychologie individuelle et conseill\u00e8re psychosociale avec dipl\u00f4me f\u00e9d\u00e9ral ES dans son propre cabinet (<a href=\"http:\/\/www.kellenberger-beratung.ch\">www.kellenberger-beratung.ch<\/a>). Son exp\u00e9rience professionnelle \u00e0 diff\u00e9rents postes de direction lui a permis d'acqu\u00e9rir une vision diversifi\u00e9e des interactions et des syst\u00e8mes humains. Elle a ainsi d\u00e9velopp\u00e9 une affinit\u00e9 particuli\u00e8re pour les th\u00e8mes du leadership et de la direction. Depuis plus de 25 ans, elle utilise l'enn\u00e9agramme comme mod\u00e8le de personnalit\u00e9 pour diriger, conseiller et coacher des personnes et des \u00e9quipes.<\/p>\n\t\t\t<h3>Dominik Riederer<\/h3>\t\t\t\n\t\t\t\t<p><strong>Coach mental et entra\u00eeneur<br \/><\/strong><\/p>\n<p>Dominik Riederer est un coach mental et un artiste martial exp\u00e9riment\u00e9, qui aide les gens avec son entreprise <a href=\"https:\/\/www.dominikriederer.com\/\" target=\"_blank\" rel=\"noopener\">Dominik Riederer Training &amp; Coaching<\/a>\u00a0\u00e0 promouvoir leur force mentale et leur d\u00e9veloppement personnel. Gr\u00e2ce \u00e0 son expertise, il allie discipline physique et techniques mentales pour renforcer la r\u00e9silience, la concentration et la confiance en soi. Ses approches pratiques et son coaching inspirant font de lui un accompagnateur tr\u00e8s demand\u00e9 sur le chemin de l'\u00e9quilibre int\u00e9rieur et de la performance.<\/p>\n\t\t\t\t<img decoding=\"async\" src=\"https:\/\/coachingplus.ch\/wp-content\/uploads\/bb-plugin\/cache\/dominik-riederer-ohne-hintergrund-circle.png\" alt=\"dominik riederer\" title=\"Dominik Riederer (sans arri\u00e8re-plan)\" itemprop=\"image\"\/>\n\t\t\t\t<img decoding=\"async\" src=\"https:\/\/coachingplus.ch\/wp-content\/uploads\/bb-plugin\/cache\/me2-circle.jpg\" alt=\"me2\" title=\"me2\" itemprop=\"image\"\/>\n\t\t\t<h3>Bernadette Badertscher<\/h3>\t\t\t\n\t\t\t\t<p><strong>Coach nature et aventure<\/strong><\/p>\n<p>Bernadette Badertscher est coach nature et aventure, mentor en entreprise avec brevet f\u00e9d\u00e9ral et copropri\u00e9taire de la <a href=\"https:\/\/www.survive2life.ch\/\" target=\"_blank\" rel=\"noopener\">FS2L Coaching et Training GmbH<\/a>. Elle allie sa passion pour la nature \u00e0 de solides comp\u00e9tences en mati\u00e8re de conseil pour accompagner les personnes dans leur d\u00e9veloppement personnel et professionnel. Son approche sensible et pratique fait d'elle une interlocutrice appr\u00e9ci\u00e9e pour les solutions durables et le coaching global.<\/p>\n\t\t\t<h3>Esther Nogler<\/h3>\t\t\t\n\t\t\t\t<p><strong>Superviseur, coach de vie et conseiller psychosocial<br \/><\/strong><\/p>\n<p>Esther Nogler est coach de vie, superviseur EASC et conseill\u00e8re psychosociale avec dipl\u00f4me f\u00e9d\u00e9ral (HFP). Depuis plus de 20 ans, elle accompagne avec plaisir et passion les personnes dans leur d\u00e9veloppement personnel et professionnel et les aide \u00e0 suivre courageusement leur propre voie. En tant que propri\u00e9taire du cabinet\u00a0<a href=\"http:\/\/esther-nogler.ch\" target=\"_blank\" rel=\"noopener\">esther-nogler.ch<\/a>\u00a0et experte aux examens depuis de nombreuses ann\u00e9es, il lui tient particuli\u00e8rement \u00e0 c\u0153ur de promouvoir le professionnalisme et les comp\u00e9tences des professionnels du conseil.\u00a0<\/p>\n\t\t\t\t<img decoding=\"async\" src=\"https:\/\/coachingplus.ch\/wp-content\/uploads\/bb-plugin\/cache\/esther-nogler-portraet-scaled-circle.jpg\" alt=\"portrait d&#039;esther nogler\" title=\"Portrait d&#039;Esther Nogler\" itemprop=\"image\"\/>\n\t\t\t\t<img decoding=\"async\" src=\"https:\/\/coachingplus.ch\/wp-content\/uploads\/bb-plugin\/cache\/lukas-dettwiler-portraet-scaled-circle.jpg\" alt=\"portrait de lukas dettwiler\" title=\"Portrait de Lukas Dettwiler\" itemprop=\"image\"\/>\n\t\t\t<h3>Lukas Dettwiler<\/h3>\t\t\t\n\t\t\t\t<p><strong>Superviseur de formation et d'\u00e9quipe, d\u00e9veloppeur organisationnel<\/strong><\/p>\n<p>Depuis 2018, Lukas Dettwiler est propri\u00e9taire de <a href=\"http:\/\/variando.ch\" target=\"_blank\" rel=\"noopener\">Variando<\/a> et travaille actuellement \u00e0 temps plein comme conseiller en organisation pour la soci\u00e9t\u00e9 icommit. Il apporte une longue exp\u00e9rience en tant que superviseur de formation et d'\u00e9quipe, ainsi qu'une vaste connaissance du secteur. Il a suivi sa formation de conseiller \u00e0 l'IAP de Zurich, \u00e0 l'Universit\u00e9 de B\u00e2le et \u00e0 l'ISI de Zurich. Lukas est \u00e9galement membre du BSO.<\/p>\n\t<h2>\n\t\t\t\tNotre mission\n\t\t\t<\/h2>\n\t\t\t<p>L'objectif de Coachingplus a toujours \u00e9t\u00e9 de proposer la meilleure formation de coaching de son temps. La formation continue et l'innovation sont donc pour nous des compagnons permanents. Nous voulons offrir \u00e0 nos clientes et clients des comp\u00e9tences op\u00e9rationnelles solides et un tremplin optimal pour une activit\u00e9 de coaching professionnelle et ind\u00e9pendante. Notre exp\u00e9rience en mati\u00e8re de formation vous garantit une comp\u00e9tence \u00e9lev\u00e9e en mati\u00e8re de coaching.<\/p>","protected":false},"excerpt":{"rendered":"<p>\u00dcber uns Hier erfahren Sie mehr \u00fcber die Visionen, die Ziele und die Menschen hinter coachingplus. Das sind wir Coachingplus wurde 2000 gegr\u00fcndet und bildet seitdem erfolgreich Absolventen und Absolventinnen im Bereich Coaching aus. Unser Ziel Unser Ziel ist es nachhaltige Coachingkompetenzen zu entwickeln und das bestm\u00f6gliche aus Jedem einzelnen herauszuholen. Was wir tun Ausgebildete [&hellip;]<\/p>\n","protected":false},"author":1,"featured_media":0,"parent":0,"menu_order":0,"comment_status":"closed","ping_status":"closed","template":"","meta":{"_seopress_robots_primary_cat":"","_seopress_titles_title":"\u00dcber uns I coachingplus ","_seopress_titles_desc":"Seit 2000 bildet coachingplus erfolgreich Coaching Absolventen aus. \u2714 professionell \u2714 praxisorientiert \u2714 pers\u00f6nlich \u2714 preiswert","_seopress_robots_index":"","site-sidebar-layout":"no-sidebar","site-content-layout":"page-builder","ast-site-content-layout":"full-width-container","site-content-style":"unboxed","site-sidebar-style":"unboxed","ast-global-header-display":"","ast-banner-title-visibility":"","ast-main-header-display":"","ast-hfb-above-header-display":"","ast-hfb-below-header-display":"","ast-hfb-mobile-header-display":"","site-post-title":"disabled","ast-breadcrumbs-content":"","ast-featured-img":"disabled","footer-sml-layout":"","ast-disable-related-posts":"","theme-transparent-header-meta":"default","adv-header-id-meta":"","stick-header-meta":"","header-above-stick-meta":"","header-main-stick-meta":"","header-below-stick-meta":"","astra-migrate-meta-layouts":"set","ast-page-background-enabled":"default","ast-page-background-meta":{"desktop":{"background-color":"","background-image":"","background-repeat":"repeat","background-position":"center center","background-size":"auto","background-attachment":"scroll","background-type":"","background-media":"","overlay-type":"","overlay-color":"","overlay-opacity":"","overlay-gradient":""},"tablet":{"background-color":"","background-image":"","background-repeat":"repeat","background-position":"center center","background-size":"auto","background-attachment":"scroll","background-type":"","background-media":"","overlay-type":"","overlay-color":"","overlay-opacity":"","overlay-gradient":""},"mobile":{"background-color":"","background-image":"","background-repeat":"repeat","background-position":"center center","background-size":"auto","background-attachment":"scroll","background-type":"","background-media":"","overlay-type":"","overlay-color":"","overlay-opacity":"","overlay-gradient":""}},"ast-content-background-meta":{"desktop":{"background-color":"var(--ast-global-color-5)","background-image":"","background-repeat":"repeat","background-position":"center center","background-size":"auto","background-attachment":"scroll","background-type":"","background-media":"","overlay-type":"","overlay-color":"","overlay-opacity":"","overlay-gradient":""},"tablet":{"background-color":"var(--ast-global-color-5)","background-image":"","background-repeat":"repeat","background-position":"center center","background-size":"auto","background-attachment":"scroll","background-type":"","background-media":"","overlay-type":"","overlay-color":"","overlay-opacity":"","overlay-gradient":""},"mobile":{"background-color":"var(--ast-global-color-5)","background-image":"","background-repeat":"repeat","background-position":"center center","background-size":"auto","background-attachment":"scroll","background-type":"","background-media":"","overlay-type":"","overlay-color":"","overlay-opacity":"","overlay-gradient":""}},"iawp_total_views":7087,"footnotes":""},"class_list":["post-19","page","type-page","status-publish","hentry"],"_links":{"self":[{"href":"https:\/\/coachingplus.ch\/fr\/wp-json\/wp\/v2\/pages\/19","targetHints":{"allow":["GET"]}}],"collection":[{"href":"https:\/\/coachingplus.ch\/fr\/wp-json\/wp\/v2\/pages"}],"about":[{"href":"https:\/\/coachingplus.ch\/fr\/wp-json\/wp\/v2\/types\/page"}],"author":[{"embeddable":true,"href":"https:\/\/coachingplus.ch\/fr\/wp-json\/wp\/v2\/users\/1"}],"replies":[{"embeddable":true,"href":"https:\/\/coachingplus.ch\/fr\/wp-json\/wp\/v2\/comments?post=19"}],"version-history":[{"count":11,"href":"https:\/\/coachingplus.ch\/fr\/wp-json\/wp\/v2\/pages\/19\/revisions"}],"predecessor-version":[{"id":17587,"href":"https:\/\/coachingplus.ch\/fr\/wp-json\/wp\/v2\/pages\/19\/revisions\/17587"}],"wp:attachment":[{"href":"https:\/\/coachingplus.ch\/fr\/wp-json\/wp\/v2\/media?parent=19"}],"curies":[{"name":"wp","href":"https:\/\/api.w.org\/{rel}","templated":true}]}}