{"id":17661,"date":"2026-04-01T11:16:49","date_gmt":"2026-04-01T09:16:49","guid":{"rendered":"https:\/\/coachingplus.ch\/?page_id=17661"},"modified":"2026-04-08T10:45:26","modified_gmt":"2026-04-08T08:45:26","slug":"mentoringplus-webinar","status":"publish","type":"page","link":"https:\/\/coachingplus.ch\/fr\/mentoringplus-webinar\/","title":{"rendered":"Mentoringplus - Webinaire"},"content":{"rendered":"\n\n\t<h1>\n\t\t\t\tMentoringplus &#8211; Webinar\n\t\t\t<\/h1>\n\t<h4>\n\t\t\t\tOnline-Einblicke in den Lehrgang\n\t\t\t<\/h4>\n\t<ul>\n\t\t\t<li>\n\t\t\t<a href=\"#worum\" target=\"_self\"  data-hover=\"Beschreibung\" aria-label=\"Beschreibung\">Beschreibung<\/a>\n\t\t<\/li>\n\t\t\t\t\t<li>\n\t\t\t<a href=\"#inhalt\" target=\"_self\"  data-hover=\"Inhalte\" aria-label=\"Inhalte\">Inhalte<\/a>\n\t\t<\/li>\n\t\t\t\t\t<li>\n\t\t\t<a href=\"#termin\" target=\"_self\"  data-hover=\"Termine\" aria-label=\"Termine\">Termine<\/a>\n\t\t<\/li>\n\t\t\t\t\t<li>\n\t\t\t<a href=\"#f\u00fcr\" target=\"_self\"  data-hover=\"F\u00fcr wen\" aria-label=\"F\u00fcr wen\">F\u00fcr wen<\/a>\n\t\t<\/li>\n\t\t\t\t<\/ul>\n\t<strong>Sie haben viel Erfahrung. Und oft auch eine klare Idee, was hilfreich w\u00e4re.<br \/>\n<\/strong><strong>Doch nicht immer entsteht daraus Wirkung. Woran liegt das?<\/strong>\n<strong>In diesem Webinar erhalten Sie einen Einblick in den Lehrgang Mentoringplus &#8211;<\/strong><br \/>\n<strong>und lernen einen Ansatz kennen, wie Erfahrung so eingebracht werden kann, dass sie bei anderen wirklich ankommt.<\/strong>\n\t<h2>\n\t\t\t\tWorum es in diesem Webinar geht\n\t\t\t<\/h2>\n\t\t\t<p>Viele erfahrene Menschen stellen fest: Wissen weiterzugeben ist das eine &#8211; <strong>Entwicklung<\/strong> bei anderen auszul\u00f6sen etwas anderes.<strong>Mentoring setzt genau hier an.<\/strong>\u00a0Im Webinar zeigen wir Ihnen, wie Mentoring verstanden wird und worin der Unterschied zu Beratung oder Coaching liegt.\u00a0Sie erhalten einen ersten Eindruck davon, wie Erfahrung Orientierung geben kann, ohne L\u00f6sungen vorzugeben.<\/p>\t\n\t\t\t<button type=\"button\">\n\t\t\t\t\t\t\tJetzt anmelden\n\t\t\t\t\t<\/button>\n\t\t\t<div class=\"frm_forms  with_frm_style frm_style_formidable-style\" id=\"frm_form_14_container\" data-token=\"04a319bf7d7492addc58fc955aa7c1ae\">\n<form enctype=\"multipart\/form-data\" method=\"post\" class=\"frm-show-form  frm_js_validate  frm_ajax_submit  frm_pro_form \" id=\"form_webinar\" data-token=\"04a319bf7d7492addc58fc955aa7c1ae\">\n<div class=\"frm_form_fields \">\n<fieldset>\n<legend class=\"frm_screen_reader\">Webinar Anmeldung <\/legend>\r\n<h3 class=\"frm_form_title\">Webinar Anmeldung <\/h3>\r\n<div class=\"frm_description\"><p>Mentoringplus - Online Einblicke in den Lehrgang<\/p>\n<p>Ort: Online (Link erhalten sie nach Anmeldung)<\/p>\n<p>Dauer: 60 Minuten\u00a0<\/p>\n<p>Teilnahme ist kostenlos<\/p>\n<\/div><div class=\"frm_fields_container\">\n<input type=\"hidden\" name=\"frm_action\" value=\"create\" \/>\n<input type=\"hidden\" name=\"form_id\" value=\"14\" \/>\n<input type=\"hidden\" name=\"frm_hide_fields_14\" id=\"frm_hide_fields_14\" value=\"\" \/>\n<input type=\"hidden\" name=\"form_key\" value=\"webinar\" \/>\n<input type=\"hidden\" name=\"item_meta[0]\" value=\"\" \/>\n<input type=\"hidden\" id=\"frm_submit_entry_14\" name=\"frm_submit_entry_14\" value=\"4e5a20c7d7\" \/><input type=\"hidden\" name=\"_wp_http_referer\" value=\"\/fr\/wp-json\/wp\/v2\/pages\/17661\" \/><div id=\"frm_field_352_container\" class=\"frm_form_field form-field  frm_required_field frm_top_container frm6 frm_first\">\r\n    <label for=\"field_ac00b42\" id=\"field_ac00b42_label\" class=\"frm_primary_label\">Vorname\r\n        <span class=\"frm_required\" aria-hidden=\"true\">*<\/span>\r\n    <\/label>\r\n    <input  type=\"text\" id=\"field_ac00b42\" name=\"item_meta[352]\" value=\"\"  data-reqmsg=\"Dieses Feld darf nicht leer sein.\" aria-required=\"true\" data-invmsg=\"Text ist ung\u00fcltig\" aria-invalid=\"false\"   \/>\r\n    \r\n    \r\n<\/div>\n<div id=\"frm_field_353_container\" class=\"frm_form_field form-field  frm_required_field frm_top_container frm6\">\r\n    <label for=\"field_73h9c42\" id=\"field_73h9c42_label\" class=\"frm_primary_label\">Nachname\r\n        <span class=\"frm_required\" aria-hidden=\"true\">*<\/span>\r\n    <\/label>\r\n    <input  type=\"text\" id=\"field_73h9c42\" name=\"item_meta[353]\" value=\"\"  data-reqmsg=\"Dieses Feld darf nicht leer sein.\" aria-required=\"true\" data-invmsg=\"Text ist ung\u00fcltig\" aria-invalid=\"false\"   \/>\r\n    \r\n    \r\n<\/div>\n<div id=\"frm_field_354_container\" class=\"frm_form_field form-field  frm_required_field frm_top_container\">\r\n    <label for=\"field_qdrqb42\" id=\"field_qdrqb42_label\" class=\"frm_primary_label\">E-Mail\r\n        <span class=\"frm_required\" aria-hidden=\"true\">*<\/span>\r\n    <\/label>\r\n    <input type=\"email\" id=\"field_qdrqb42\" name=\"item_meta[354]\" value=\"\"  data-reqmsg=\"Dieses Feld darf nicht leer sein.\" aria-required=\"true\" data-invmsg=\"E-Mail ist ung\u00fcltig\" aria-invalid=\"false\"  \/>\r\n    \r\n    \r\n<\/div>\n<div id=\"frm_field_366_container\" class=\"frm_form_field form-field  frm_required_field frm_top_container vertical_radio\">\r\n\t<div  id=\"field_729ct_label\" class=\"frm_primary_label\">Auswahl Termin\r\n\t\t<span class=\"frm_required\" aria-hidden=\"true\">*<\/span>\r\n\t<\/div>\r\n\t<div class=\"frm_opt_container\" aria-labelledby=\"field_729ct_label\" role=\"group\">\t\t<div class=\"frm_checkbox\" id=\"frm_checkbox_366-0\">\t\t\t<label  for=\"field_729ct-0\">\n\t\t\t<input type=\"checkbox\" name=\"item_meta[366][]\" id=\"field_729ct-0\" value=\"Mittwoch 22.04.2026 18:00 Uhr\"  data-frmlimit=\"1\"  data-frmmin=\"1\"  data-reqmsg=\"Dieses Feld darf nicht leer sein.\" data-invmsg=\"Auswahl Termin ist ung\u00fcltig\"   aria-required=\"true\"  \/> Mittwoch 22.04.2026 18:00 Uhr<\/label><\/div>\n\t\t<div class=\"frm_checkbox\" id=\"frm_checkbox_366-1\">\t\t\t<label  for=\"field_729ct-1\">\n\t\t\t<input type=\"checkbox\" name=\"item_meta[366][]\" id=\"field_729ct-1\" value=\"Mittwoch 06.05.2026 12:00 Uhr\"  data-frmlimit=\"1\"  data-frmmin=\"1\"  data-reqmsg=\"Dieses Feld darf nicht leer sein.\" data-invmsg=\"Auswahl Termin ist ung\u00fcltig\"   \/> Mittwoch 06.05.2026 12:00 Uhr<\/label><\/div>\n<\/div>\r\n\t\r\n\t\r\n<\/div>\n<div id=\"frm_field_361_container\" class=\"frm_form_field form-field  frm_none_container\">\r\n    <label for=\"h-captcha-response\" id=\"field_wcvlp3_label\" class=\"frm_primary_label\">Captcha\r\n        <span class=\"frm_required\" aria-hidden=\"true\"><\/span>\r\n    <\/label>\r\n    <div  id=\"field_wcvlp3\" class=\"h-captcha\" data-sitekey=\"0f5a0ec4-1b24-4230-9438-141ce48e9d10\" data-size=\"normal\" data-theme=\"light\"><\/div>\r\n    \r\n    \r\n<\/div>\n<div id=\"frm_field_362_container\" class=\"frm_form_field form-field \">\r\n\t<div class=\"frm_submit\">\r\n\r\n<button class=\"frm_button_submit frm_final_submit\" type=\"submit\"   formnovalidate=\"formnovalidate\">Bestellung abschicken<\/button>\r\n\r\n\r\n<\/div>\r\n<\/div>\n\t<input type=\"hidden\" name=\"item_key\" value=\"\" \/>\n\t\t\t<div id=\"frm_field_367_container\">\n\t\t\t<label for=\"field_s2wys\" >\n\t\t\t\tSi vous \u00eates un humain, ne remplissez pas ce champ.\t\t\t<\/label>\n\t\t\t<input  id=\"field_s2wys\" type=\"text\" class=\"frm_form_field form-field frm_verify\" name=\"item_meta[367]\" value=\"\"  \/>\n\t\t<\/div>\n\t\t<input name=\"frm_state\" type=\"hidden\" value=\"1+ReAnpz\/TqZ6eS8HzXFggHNtNMJwSPe1NKuMFwAffArNmhjXyoG3jMKOGh4Wzt2\" \/><\/div>\n<\/fieldset>\n<\/div>\n\n<\/form>\n<\/div>\n\t\t\n\t<h2>\n\t\t\t\tDas erwartet Sie im Webinar\n\t\t\t<\/h2>\n\t<p>Das Webinar ist kompakt und informativ aufgebaut.<\/p>\n<p>Sie erhalten:<\/p>\n<ul data-start=\"1290\" data-end=\"1577\">\n<li data-section-id=\"1oqql0f\" data-start=\"1290\" data-end=\"1353\">einen \u00dcberblick \u00fcber die Rolle von Mentorinnen und Mentoren<\/li>\n<li data-section-id=\"r32dqx\" data-start=\"1354\" data-end=\"1422\">eine Einordnung der Unterschiede zwischen Mentoring und Coaching<\/li>\n<li data-section-id=\"a51zna\" data-start=\"1423\" data-end=\"1475\">Einblicke in typische Situationen aus der Praxis<\/li>\n<li data-section-id=\"hs3v3c\" data-start=\"1476\" data-end=\"1552\">eine Vorstellung des Aufbaus und der Inhalte des Lehrgangs Mentoringplus<\/li>\n<li data-section-id=\"1hmjqf8\" data-start=\"1553\" data-end=\"1577\">Raum f\u00fcr Ihre Fragen<\/li>\n<\/ul>\n\t<h2>\n\t\t\t\tInhalt im \u00dcberblick\n\t\t\t<\/h2>\n\t\t<h3>Verstehen<\/h3>\t\t\t\n\t\t\t\t<p>Was Mentoring ausmacht &#8211; und wann es sinnvoll ist.<\/p>\n\t\t<h3>Einordnen<\/h3>\t\t\t\n\t\t\t\t<p>Welche typischen Situationen im Mentoring auftreten k\u00f6nnen.<\/p>\n\t<h2>\n\t\t\t\tTermine &amp; Organisatorisches\n\t\t\t<\/h2>\n\t\t\t<p><strong>Mittwoch, 22.04.2026 18:00 Uhr oder<\/strong><strong>Mittwoch, 06.05.2026 12:00 Uhr<\/strong>\u00a0Ort: Online (Link erhalten sie nach Anmeldung)\u00a0Dauer: 60 Minuten\u00a0Kosten: Teilnahme ist kostenlos<\/p>\t\n\t\t\t<button type=\"button\">\n\t\t\t\t\t\t\tJetzt anmelden\n\t\t\t\t\t<\/button>\n\t\t\t<div class=\"frm_forms  with_frm_style frm_style_formidable-style\" id=\"frm_form_14_container\" data-token=\"04a319bf7d7492addc58fc955aa7c1ae\" data-token=\"04a319bf7d7492addc58fc955aa7c1ae\">\n<form enctype=\"multipart\/form-data\" method=\"post\" class=\"frm-show-form  frm_js_validate  frm_ajax_submit  frm_pro_form \" id=\"form_webinar\" data-token=\"04a319bf7d7492addc58fc955aa7c1ae\" data-token=\"04a319bf7d7492addc58fc955aa7c1ae\">\n<div class=\"frm_form_fields \">\n<fieldset>\n<legend class=\"frm_screen_reader\">Webinar Anmeldung <\/legend>\r\n<h3 class=\"frm_form_title\">Webinar Anmeldung <\/h3>\r\n<div class=\"frm_description\"><p>Mentoringplus - Online Einblicke in den Lehrgang<\/p>\n<p>Ort: Online (Link erhalten sie nach Anmeldung)<\/p>\n<p>Dauer: 60 Minuten\u00a0<\/p>\n<p>Teilnahme ist kostenlos<\/p>\n<\/div><div class=\"frm_fields_container\">\n<input type=\"hidden\" name=\"frm_action\" value=\"create\" \/>\n<input type=\"hidden\" name=\"form_id\" value=\"14\" \/>\n<input type=\"hidden\" name=\"frm_hide_fields_14\" id=\"frm_hide_fields_14\" value=\"\" \/>\n<input type=\"hidden\" name=\"form_key\" value=\"webinar\" \/>\n<input type=\"hidden\" name=\"item_meta[0]\" value=\"\" \/>\n<input type=\"hidden\" id=\"frm_submit_entry_14\" name=\"frm_submit_entry_14\" value=\"4e5a20c7d7\" \/><input type=\"hidden\" name=\"_wp_http_referer\" value=\"\/fr\/wp-json\/wp\/v2\/pages\/17661\" \/><div id=\"frm_field_352_container\" class=\"frm_form_field form-field  frm_required_field frm_top_container frm6 frm_first\">\r\n    <label for=\"field_ac00b42\" id=\"field_ac00b42_label\" class=\"frm_primary_label\">Vorname\r\n        <span class=\"frm_required\" aria-hidden=\"true\">*<\/span>\r\n    <\/label>\r\n    <input  type=\"text\" id=\"field_ac00b42\" name=\"item_meta[352]\" value=\"\"  data-reqmsg=\"Dieses Feld darf nicht leer sein.\" aria-required=\"true\" data-invmsg=\"Text ist ung\u00fcltig\" aria-invalid=\"false\"   \/>\r\n    \r\n    \r\n<\/div>\n<div id=\"frm_field_353_container\" class=\"frm_form_field form-field  frm_required_field frm_top_container frm6\">\r\n    <label for=\"field_73h9c42\" id=\"field_73h9c42_label\" class=\"frm_primary_label\">Nachname\r\n        <span class=\"frm_required\" aria-hidden=\"true\">*<\/span>\r\n    <\/label>\r\n    <input  type=\"text\" id=\"field_73h9c42\" name=\"item_meta[353]\" value=\"\"  data-reqmsg=\"Dieses Feld darf nicht leer sein.\" aria-required=\"true\" data-invmsg=\"Text ist ung\u00fcltig\" aria-invalid=\"false\"   \/>\r\n    \r\n    \r\n<\/div>\n<div id=\"frm_field_354_container\" class=\"frm_form_field form-field  frm_required_field frm_top_container\">\r\n    <label for=\"field_qdrqb42\" id=\"field_qdrqb42_label\" class=\"frm_primary_label\">E-Mail\r\n        <span class=\"frm_required\" aria-hidden=\"true\">*<\/span>\r\n    <\/label>\r\n    <input type=\"email\" id=\"field_qdrqb42\" name=\"item_meta[354]\" value=\"\"  data-reqmsg=\"Dieses Feld darf nicht leer sein.\" aria-required=\"true\" data-invmsg=\"E-Mail ist ung\u00fcltig\" aria-invalid=\"false\"  \/>\r\n    \r\n    \r\n<\/div>\n<div id=\"frm_field_366_container\" class=\"frm_form_field form-field  frm_required_field frm_top_container vertical_radio\">\r\n\t<div  id=\"field_729ct_label\" class=\"frm_primary_label\">Auswahl Termin\r\n\t\t<span class=\"frm_required\" aria-hidden=\"true\">*<\/span>\r\n\t<\/div>\r\n\t<div class=\"frm_opt_container\" aria-labelledby=\"field_729ct_label\" role=\"group\">\t\t<div class=\"frm_checkbox\" id=\"frm_checkbox_366-0\">\t\t\t<label  for=\"field_729ct-0\">\n\t\t\t<input type=\"checkbox\" name=\"item_meta[366][]\" id=\"field_729ct-0\" value=\"Mittwoch 22.04.2026 18:00 Uhr\"  data-frmlimit=\"1\"  data-frmmin=\"1\"  data-reqmsg=\"Dieses Feld darf nicht leer sein.\" data-invmsg=\"Auswahl Termin ist ung\u00fcltig\"   aria-required=\"true\"  \/> Mittwoch 22.04.2026 18:00 Uhr<\/label><\/div>\n\t\t<div class=\"frm_checkbox\" id=\"frm_checkbox_366-1\">\t\t\t<label  for=\"field_729ct-1\">\n\t\t\t<input type=\"checkbox\" name=\"item_meta[366][]\" id=\"field_729ct-1\" value=\"Mittwoch 06.05.2026 12:00 Uhr\"  data-frmlimit=\"1\"  data-frmmin=\"1\"  data-reqmsg=\"Dieses Feld darf nicht leer sein.\" data-invmsg=\"Auswahl Termin ist ung\u00fcltig\"   \/> Mittwoch 06.05.2026 12:00 Uhr<\/label><\/div>\n<\/div>\r\n\t\r\n\t\r\n<\/div>\n<div id=\"frm_field_361_container\" class=\"frm_form_field form-field  frm_none_container\">\r\n    <label for=\"h-captcha-response\" id=\"field_wcvlp3_label\" class=\"frm_primary_label\">Captcha\r\n        <span class=\"frm_required\" aria-hidden=\"true\"><\/span>\r\n    <\/label>\r\n    <div  id=\"field_wcvlp3\" class=\"h-captcha\" data-sitekey=\"0f5a0ec4-1b24-4230-9438-141ce48e9d10\" data-size=\"normal\" data-theme=\"light\"><\/div>\r\n    \r\n    \r\n<\/div>\n<div id=\"frm_field_362_container\" class=\"frm_form_field form-field \">\r\n\t<div class=\"frm_submit\">\r\n\r\n<button class=\"frm_button_submit frm_final_submit\" type=\"submit\"   formnovalidate=\"formnovalidate\">Bestellung abschicken<\/button>\r\n\r\n\r\n<\/div>\r\n<\/div>\n\t<input type=\"hidden\" name=\"item_key\" value=\"\" \/>\n\t\t\t<div id=\"frm_field_368_container\">\n\t\t\t<label for=\"field_ri2e4\" >\n\t\t\t\tSi vous \u00eates un humain, ne remplissez pas ce champ.\t\t\t<\/label>\n\t\t\t<input  id=\"field_ri2e4\" type=\"text\" class=\"frm_form_field form-field frm_verify\" name=\"item_meta[368]\" value=\"\"  \/>\n\t\t<\/div>\n\t\t<input name=\"frm_state\" type=\"hidden\" value=\"1+ReAnpz\/TqZ6eS8HzXFggHNtNMJwSPe1NKuMFwAffDugKv+XvN9ynIxW43ihWDB\" \/><\/div>\n<\/fieldset>\n<\/div>\n\n<\/form>\n<\/div>\n\t\t\n<figure itemscope itemtype=\"https:\/\/schema.org\/ImageObject\">\n\t\t\t\t<img decoding=\"async\" src=\"https:\/\/coachingplus.ch\/wp-content\/uploads\/2022\/02\/cropped-favicon-1.png\" alt=\"cropped favicon 1.png\" height=\"512\" width=\"512\" title=\"cropped-favicon-1.png\" onerror=\"this.style.display='none'\" loading=\"lazy\" \/>\n\t<\/figure>\n\t<h2>\n\t\t\t\tF\u00fcr wen ist das Webinar geeignet\n\t\t\t<\/h2>\n<h3>\n\t\t\tDieses Webinar richtet sich an Menschen mit Erfahrung, die sich fragen, wie sie diese gezielter weitergeben k\u00f6nnen.  Zum Beispiel: \t<\/h3>\n\t<ul>\n\t\t\t<li>\n\t\t\t\tF\u00fchrungskr\u00e4fte\n\t\t\t<\/li>\n\t\t\t<li>\n\t\t\t\tUnternehmerinnen und Unternehmer\n\t\t\t<\/li>\n\t\t\t<li>\n\t\t\t\tErfahrene Fachpersonen\n\t\t\t<\/li>\n\t\t\t<li>\n\t\t\t\tMenschen in oder nach einer verantwortungsvollen Phase\n\t\t\t<\/li>\n\t\t<\/ul>\n\t<h2>\n\t\t\t\t\u00dcber den Lehrgang Mentoringplus\n\t\t\t<\/h2>\n\t\t\t<p>Mentoringplus ist eine kompakte Ausbildung in 12 Tagen. Es ist ein pers\u00f6nlicher Entwicklungsweg f\u00fcr erfahrene Pers\u00f6nlichkeiten, der auf drei Pfeilern basiert: mutige Reflexion, neuste wissenschaftliche Erkenntnisse und interaktive Praxis.<\/p>\n\t<h3>\n\t\t\t\tHier sind 7 zentrale Inhalte der Ausbildung:\n\t\t\t<\/h3>\n<h4>\n\t\t\t1\t<\/h4>\n\t<p><strong>Rolle, Grenzen, Verantwortung. <\/strong>Was Mentoring von Coaching unterscheidet.<\/p>\n<h4>\n\t\t\t2\t<\/h4>\n\t<p><strong>Das 4-Typen-Modell. <\/strong>Lernen Sie Menschen verstehen, ohne sie in Schubladen zu stecken.<\/p>\n<h4>\n\t\t\t3\t<\/h4>\n\t<p><strong>Individualpsychologie nach Alfred Adler. <\/strong>Entdecken Sie die zugrundeliegenden Motive hinter dem Handeln von Mitmenschen.<\/p>\n<h4>\n\t\t\t4\t<\/h4>\n\t<p><strong>Mein Lebensstil, meine St\u00e4rken. <\/strong>Was hat mich unbewusst gepr\u00e4gt &#8211; und wie kann ich das Beste aus meinen Voraussetzungen machen?<\/p>\n<h4>\n\t\t\t5\t<\/h4>\n\t<p><strong>Beweggr\u00fcnde<\/strong> meines Handelns. Wieso greife ich wann ein, schweige oder explodiere?<\/p>\n<h4>\n\t\t\t6\t<\/h4>\n\t<p><strong>Erfahrung wirksam einbringen.<\/strong> Sie machen Ihre Lebens- und Berufserfahrung f\u00fcr andere nutzbar &#8211; achtsam, auf Augenh\u00f6he und mit feinem Gesp\u00fcr f\u00fcr das, was Ihr Gegen\u00fcber wirklich braucht.<\/p>\n<h4>\n\t\t\t7\t<\/h4>\n\t<p><strong>Orientierung statt Kurzzeit-Prozessbegleitung.<\/strong> Sie stellen kl\u00e4rende Fragen und unterst\u00fctzen Ihr Gegen\u00fcber dabei, die eigene Position klarer zu sehen und stimmige n\u00e4chste Schritte zu finden.<\/p>\n\t<h3>\n\t\t\t\tMentoringplus &#8211; machen Sie Ihr Know-how zum Kompass f\u00fcr andere\n\t\t\t<\/h3>\n\t\t\t\t\t\t\t<h4>Mentoringplus<\/h4>\n\t\t\t\t\t\t\t\t\t<h2>\n\t\t\t\t\tCHF 4&#8217;800.- \t\t\t\t\t\t\t\t\t\t\t\/ f\u00fcr 12 Tage (Fr\u00fchbucherrabatt CHF 4&#8217;500 bis 15.05.2026)\n\t\t\t\t\t\t\t\t\t\t\t<\/h2>\n\t\t\t\t\t\t\t\t<ul>\n\t\t\t\t\t\t\t\t\t\t\t\t\t\t\t\t\t\t<li>\n\t\t\t\t\t\t\t\t\t\t\t\t\t\t\t\t\tKurszeiten sind jeweils von 8.30 Uhr bis 16.45 Uhr\t\t\t\t\t\n\t\t\t\t\t\t<\/li>\n\t\t\t\t<\/ul>\n\t\t\t<a href=\"https:\/\/coachingplus.ch\/anmelden\/?kat=Mentoringplus\" title=\"Termine und Anmeldung\" target=\"_self\"   role=\"button\" aria-label=\"Termine und Anmeldung\">\n\t\t\t\t\t\t\tTermine und Anmeldung\n\t\t<\/a>\n<h3>\n\t\t\tFAQ\t<\/h3>\n\t\t\t\t\t<a role=\"heading\" aria-level=\"2\" tabindex=\"-1\"  id=\"fl-accordion--label-0\">F\u00fcr wen ist Mentoringplus geeignet?<\/a>\n\t\t\t\t\t\t\t\t\t\t\t<button type=\"button\" id=\"fl-accordion--icon-0\" aria-expanded=\"false\" aria-controls=\"fl-accordion--panel-0\"><i>Expand<\/i><\/button>\n\t\t\t\t\t<p>An F\u00fchrungs-, Human Resources- und andere Fachkr\u00e4fte. Vor allem Personen, die sich beruflich neu orientieren oder <strong>pers\u00f6nlich weiterkommen oder innerlich wachsen wollen.<\/strong> Letztlich ist es also f\u00fcr jede Person n\u00fctzlich, interessant und weiterf\u00fchrend. Wer pers\u00f6nlich w\u00e4chst, w\u00e4chst auch beruflich.<\/p>\n\t\t\t\t\t<a role=\"heading\" aria-level=\"2\" tabindex=\"-1\"  id=\"fl-accordion--label-1\">Brauche ich eine formale Vorbildung oder ein bestimmtes Studium?<\/a>\n\t\t\t\t\t\t\t\t\t\t\t<button type=\"button\" id=\"fl-accordion--icon-1\" aria-expanded=\"false\" aria-controls=\"fl-accordion--panel-1\"><i>Expand<\/i><\/button>\n\t\t\t\t\t<p>Nein. Entscheidend ist Ihre Lebens- und Berufserfahrung, nicht ein bestimmter Abschluss.<\/p>\n\t\t\t\t\t<a role=\"heading\" aria-level=\"2\" tabindex=\"-1\"  id=\"fl-accordion--label-2\">Ich bin schon pensioniert. Kann ich den Mentoringplus noch absolvieren?<\/a>\n\t\t\t\t\t\t\t\t\t\t\t<button type=\"button\" id=\"fl-accordion--icon-2\" aria-expanded=\"false\" aria-controls=\"fl-accordion--panel-2\"><i>Expand<\/i><\/button>\n\t\t\t\t\t<p>Auf jeden Fall. Unsere langj\u00e4hrige Erfahrung auf dem Markt zeigt, dass viele Menschen ein \u00e4lteres Gegen\u00fcber bevorzugen. So lange sie gerne lernen und offen sind f\u00fcr Neues, k\u00f6nnen Sie zur gesch\u00e4tzten Vertrauensperson werden.<\/p>\n\t\t\t\t\t<a role=\"heading\" aria-level=\"2\" tabindex=\"-1\"  id=\"fl-accordion--label-3\">Wie unterscheidet sich Mentoringplus von einer Coaching-Ausbildung?<\/a>\n\t\t\t\t\t\t\t\t\t\t\t<button type=\"button\" id=\"fl-accordion--icon-3\" aria-expanded=\"false\" aria-controls=\"fl-accordion--panel-3\"><i>Expand<\/i><\/button>\n\t\t\t\t\t<p>Beim Coaching begleiten Sie Menschen prozesshaft, meist f\u00fcr eine k\u00fcrzere Periode. Mentoring im Sinn von Mentoringplus ist langfristig ausgerichtet. Sie teilen Ihre Erfahrung und je nachdem Ihr Fachwissen aktiv mit.<\/p>\n\t\t\t\t\t<a role=\"heading\" aria-level=\"2\" tabindex=\"-1\"  id=\"fl-accordion--label-4\">Was erhalte ich am Ende der Ausbildung?<\/a>\n\t\t\t\t\t\t\t\t\t\t\t<button type=\"button\" id=\"fl-accordion--icon-4\" aria-expanded=\"false\" aria-controls=\"fl-accordion--panel-4\"><i>Expand<\/i><\/button>\n\t\t\t\t\t<p>Sie erhalten ein Zertifikat \u00fcber die erfolgreiche Teilnahme an der 12-t\u00e4gigen Ausbildung Mentoringplus. Zudem erhalten Sie umfassende Kursunterlagen, Arbeitsbl\u00e4tter und Tools f\u00fcr Ihre Mentoring-Praxis.<\/p>\n\t\t\t\t\t<a role=\"heading\" aria-level=\"2\" tabindex=\"-1\"  id=\"fl-accordion--label-5\">Wie sind die 12 Kurstage strukturiert?<\/a>\n\t\t\t\t\t\t\t\t\t\t\t<button type=\"button\" id=\"fl-accordion--icon-5\" aria-expanded=\"false\" aria-controls=\"fl-accordion--panel-5\"><i>Expand<\/i><\/button>\n\t\t\t\t\t<p>Die 12 Kurstage sind in\u00a0<strong>sechs zweit\u00e4gige Module<\/strong>\u00a0gegliedert und finden jeweils\u00a0<strong>montags und dienstags<\/strong>\u00a0statt. Zwischen den Modulen liegt gen\u00fcgend Zeit, um Inhalte zu reflektieren, zu erproben und eigene Erfahrungen in den weiteren Lernprozess einzubringen.<\/p>\n\t\t\t\t\t<a role=\"heading\" aria-level=\"2\" tabindex=\"-1\"  id=\"fl-accordion--label-6\">Muss ich jedes Modul besuchen?<\/a>\n\t\t\t\t\t\t\t\t\t\t\t<button type=\"button\" id=\"fl-accordion--icon-6\" aria-expanded=\"false\" aria-controls=\"fl-accordion--panel-6\"><i>Expand<\/i><\/button>\n\t\t\t\t\t<p>Ja, denn die Module bauen aufeinander auf. Bei unvermeidbarer Abwesenheit bieten wir die M\u00f6glichkeit an, die Lektionen selbst\u00e4ndig nachzuarbeiten. F\u00fcr den Erhalt des Zertifikats ist die Teilnahme an mindestens 10 von 12 Tagen erforderlich.<\/p>\n\t\t\t\t\t<a role=\"heading\" aria-level=\"2\" tabindex=\"-1\"  id=\"fl-accordion--label-7\">Wann startet der n\u00e4chste Kurs?<\/a>\n\t\t\t\t\t\t\t\t\t\t\t<button type=\"button\" id=\"fl-accordion--icon-7\" aria-expanded=\"false\" aria-controls=\"fl-accordion--panel-7\"><i>Expand<\/i><\/button>\n\t\t\t\t\t<p>Die aktuellen Kursdaten und Starttermine finden Sie auf unserer Website oder Sie kontaktieren uns f\u00fcr ein pers\u00f6nliches Informationsgespr\u00e4ch.<\/p>\n\t<p>Noch mehr Fragen? <a href=\"https:\/\/coachingplus.ch\/kontakt\/\"><strong>Kontaktieren Sie uns!<\/strong><\/a><\/p>\n\n","protected":false},"excerpt":{"rendered":"<p>Mentoringplus &#8211; Webinar Online-Einblicke in den Lehrgang Beschreibung Inhalte Termine F\u00fcr wen Sie haben viel Erfahrung. Und oft auch eine klare Idee, was hilfreich w\u00e4re. Doch nicht immer entsteht daraus Wirkung. Woran liegt das? In diesem Webinar erhalten Sie einen Einblick in den Lehrgang Mentoringplus &#8211; und lernen einen Ansatz kennen, wie Erfahrung so eingebracht [&hellip;]<\/p>\n","protected":false},"author":680,"featured_media":17525,"parent":0,"menu_order":0,"comment_status":"closed","ping_status":"closed","template":"","meta":{"_seopress_robots_primary_cat":"","_seopress_titles_title":"Mentoringplus \u2013 Webinar","_seopress_titles_desc":"Mentoring ist mehr als gut gemeinte Ratschl\u00e4ge. Es geht darum, Menschen in ihrer Entwicklung so zu begleiten, dass sie ihre eigenen Wege finden.","_seopress_robots_index":"","site-sidebar-layout":"no-sidebar","site-content-layout":"page-builder","ast-site-content-layout":"full-width-container","site-content-style":"unboxed","site-sidebar-style":"unboxed","ast-global-header-display":"","ast-banner-title-visibility":"","ast-main-header-display":"","ast-hfb-above-header-display":"","ast-hfb-below-header-display":"","ast-hfb-mobile-header-display":"","site-post-title":"disabled","ast-breadcrumbs-content":"","ast-featured-img":"","footer-sml-layout":"","ast-disable-related-posts":"","theme-transparent-header-meta":"default","adv-header-id-meta":"","stick-header-meta":"","header-above-stick-meta":"","header-main-stick-meta":"","header-below-stick-meta":"","astra-migrate-meta-layouts":"set","ast-page-background-enabled":"default","ast-page-background-meta":{"desktop":{"background-color":"","background-image":"","background-repeat":"repeat","background-position":"center center","background-size":"auto","background-attachment":"scroll","background-type":"","background-media":"","overlay-type":"","overlay-color":"","overlay-opacity":"","overlay-gradient":""},"tablet":{"background-color":"","background-image":"","background-repeat":"repeat","background-position":"center center","background-size":"auto","background-attachment":"scroll","background-type":"","background-media":"","overlay-type":"","overlay-color":"","overlay-opacity":"","overlay-gradient":""},"mobile":{"background-color":"","background-image":"","background-repeat":"repeat","background-position":"center center","background-size":"auto","background-attachment":"scroll","background-type":"","background-media":"","overlay-type":"","overlay-color":"","overlay-opacity":"","overlay-gradient":""}},"ast-content-background-meta":{"desktop":{"background-color":"var(--ast-global-color-5)","background-image":"","background-repeat":"repeat","background-position":"center center","background-size":"auto","background-attachment":"scroll","background-type":"","background-media":"","overlay-type":"","overlay-color":"","overlay-opacity":"","overlay-gradient":""},"tablet":{"background-color":"var(--ast-global-color-5)","background-image":"","background-repeat":"repeat","background-position":"center center","background-size":"auto","background-attachment":"scroll","background-type":"","background-media":"","overlay-type":"","overlay-color":"","overlay-opacity":"","overlay-gradient":""},"mobile":{"background-color":"var(--ast-global-color-5)","background-image":"","background-repeat":"repeat","background-position":"center center","background-size":"auto","background-attachment":"scroll","background-type":"","background-media":"","overlay-type":"","overlay-color":"","overlay-opacity":"","overlay-gradient":""}},"iawp_total_views":132,"footnotes":""},"class_list":["post-17661","page","type-page","status-publish","has-post-thumbnail","hentry"],"_links":{"self":[{"href":"https:\/\/coachingplus.ch\/fr\/wp-json\/wp\/v2\/pages\/17661","targetHints":{"allow":["GET"]}}],"collection":[{"href":"https:\/\/coachingplus.ch\/fr\/wp-json\/wp\/v2\/pages"}],"about":[{"href":"https:\/\/coachingplus.ch\/fr\/wp-json\/wp\/v2\/types\/page"}],"author":[{"embeddable":true,"href":"https:\/\/coachingplus.ch\/fr\/wp-json\/wp\/v2\/users\/680"}],"replies":[{"embeddable":true,"href":"https:\/\/coachingplus.ch\/fr\/wp-json\/wp\/v2\/comments?post=17661"}],"version-history":[{"count":13,"href":"https:\/\/coachingplus.ch\/fr\/wp-json\/wp\/v2\/pages\/17661\/revisions"}],"predecessor-version":[{"id":17739,"href":"https:\/\/coachingplus.ch\/fr\/wp-json\/wp\/v2\/pages\/17661\/revisions\/17739"}],"wp:featuredmedia":[{"embeddable":true,"href":"https:\/\/coachingplus.ch\/fr\/wp-json\/wp\/v2\/media\/17525"}],"wp:attachment":[{"href":"https:\/\/coachingplus.ch\/fr\/wp-json\/wp\/v2\/media?parent=17661"}],"curies":[{"name":"wp","href":"https:\/\/api.w.org\/{rel}","templated":true}]}}