{"id":17403,"date":"2025-11-25T12:40:30","date_gmt":"2025-11-25T11:40:30","guid":{"rendered":"https:\/\/coachingplus.ch\/?page_id=17403"},"modified":"2025-11-25T13:13:58","modified_gmt":"2025-11-25T12:13:58","slug":"le-courage-de-decider","status":"publish","type":"page","link":"https:\/\/coachingplus.ch\/fr\/mut-zur-entscheidung\/","title":{"rendered":"Le courage de la d\u00e9cision"},"content":{"rendered":"<h1>\n\t\t\t\tLe courage de d\u00e9cider - des m\u00e9thodes de coaching pour des voies claires\n\t\t\t<\/h1>\n\t<h4>\n\t\t\t\tS\u00e9minaire de deux jours avec Ruth Stoffel Kauflin\n\t\t\t<\/h4>\n\t\t\t<nav  aria-label=\"Fil d&#039;Ariane\"><ol class=\"breadcrumb\"><li class=\"breadcrumb-item active\" aria-current=\"page\"><span>Accueil<\/span><\/li><\/ol><\/nav>\t\n\t<ul>\n\t\t\t<li>\n\t\t\t<a href=\"#Pr\u00e4sentation\" target=\"_self\"  data-hover=\"Inhalt Seminar\" aria-label=\"Contenu du s\u00e9minaire\">Contenu du s\u00e9minaire<\/a>\n\t\t<\/li>\n\t\t\t\t\t<li>\n\t\t\t<a href=\"https:\/\/coachingplus.ch\/fr\/sinscrire\/\" target=\"_self\"  data-hover=\"Anmelden\" aria-label=\"S&#039;inscrire\">S'inscrire<\/a>\n\t\t<\/li>\n\t\t\t\t\t<li>\n\t\t\t<a href=\"#Dozent\" target=\"_self\"  data-hover=\"Leitung\" aria-label=\"Direction\">Direction<\/a>\n\t\t<\/li>\n\t\t\t\t<\/ul>\n\t\t\t<h2>Quand les d\u00e9cisions sont difficiles \u00e0 prendre - commence ton travail de coach<\/h2>\t\t\t\n\t\t\t\t<p>Parfois, les clients se trouvent \u00e0 un moment o\u00f9 tout se contredit int\u00e9rieurement : plusieurs possibilit\u00e9s, plusieurs voix, encore plus de voies - et aucune ne semble vraiment coh\u00e9rente.<\/p>\nL'ambivalence, les d\u00e9chirements int\u00e9rieurs ou un vague \u201eje ne sais pas quoi faire\u201c bloquent la capacit\u00e9 d'action. C'est pr\u00e9cis\u00e9ment l\u00e0 qu'il faut des coachs qui <strong data-start=\"876\" data-end=\"917\">Rendre les processus de d\u00e9cision visibles<\/strong>, Les coachs peuvent \u00e9galement aider les personnes \u00e0 faire le tri dans leurs dynamiques internes et \u00e0 retrouver leur lucidit\u00e9.\n\t\t\t<h3>Groupe cible<\/h3>\t\t\t\n\t\t\t\t<p>Pour les coachs, les mentors, les conseillers ou les responsables des ressources humaines qui souhaitent soutenir les personnes dans cette d\u00e9marche,\u00a0<\/p>\n<ul>\n<li>clarifier les conflits int\u00e9rieurs<\/li>\n<li>prendre des d\u00e9cisions en toute s\u00e9curit\u00e9<\/li>\n<li>devenir capable d'agir<\/li>\n<li>r\u00e9soudre les ambivalences de mani\u00e8re constructive<\/li>\n<\/ul>\n<p>Id\u00e9al pour tous ceux qui souhaitent \u00e9largir leurs comp\u00e9tences m\u00e9thodologiques dans le domaine du coaching personnel et d\u00e9cisionnel.\u00a0<\/p>\n\t\t\t<h3>Objectifs d'apprentissage<\/h3>\t\t\t\n\t\t\t\tLes participants ...\n<ul>\n<li data-start=\"2000\" data-end=\"2019\">connaissent les bases du travail sur chaise et les possibilit\u00e9s d'utilisation du t\u00e9tragramme<\/li>\n<li data-start=\"2000\" data-end=\"2019\">acqui\u00e8rent une assurance m\u00e9thodologique dans l'application de la technique des deux chaises et du t\u00e9tralemme<\/li>\n<li data-start=\"2000\" data-end=\"2019\">rassemblent leurs propres exp\u00e9riences avec les deux m\u00e9thodes et r\u00e9fl\u00e9chissent \u00e0 leurs effets dans le coaching<\/li>\n<li data-start=\"2000\" data-end=\"2019\">d\u00e9veloppent des id\u00e9es concr\u00e8tes sur la mani\u00e8re dont ils peuvent int\u00e9grer les m\u00e9thodes dans leur pratique<\/li>\n<li data-start=\"2000\" data-end=\"2019\">comprendre comment les microconstellations rendent les ambivalences visibles et initient le changement<\/li>\n<\/ul>\n\t\t\t<h3>Points forts du contenu<\/h3>\t\t\t\n\t\t\t\tLes th\u00e8mes suivants t'accompagnent :\n<ul data-start=\"1565\" data-end=\"1982\">\n<li data-start=\"1565\" data-end=\"1643\">De d\u00e9cisions, de dilemmes et d'ambivalences<\/li>\n<li data-start=\"1565\" data-end=\"1643\">Bases du travail sur chaise et du t\u00e9tragramme<\/li>\n<li data-start=\"1565\" data-end=\"1643\">Technique des deux chaises \/ M\u00e9thodologie et application<\/li>\n<li data-start=\"1565\" data-end=\"1643\">T\u00e9tral\u00e8me \/ M\u00e9thodologie et application<\/li>\n<li data-start=\"1565\" data-end=\"1643\">Int\u00e9gration dans son propre travail<\/li>\n<\/ul>\n\t\t\t<h3>Le plus important en bref<\/h3>\t\t\t\n\t\t\t\t<ul>\n<li>S\u00e9minaire pratique de 2 jours<\/li>\n<li>Rendre les ambivalences visibles, guider les client-e-s vers la clart\u00e9<\/li>\n<li>Technique des deux chaises, t\u00e9tralemme &amp; micro-constellations pour les situations de d\u00e9cision<\/li>\n<li>Courts inputs, nombreux exercices pratiques, r\u00e9flexion &amp; transfert<\/li>\n<\/ul>\n\t\t\t\t\t\t\t<h4>S\u00e9minaire de 2 jours<\/h4>\n\t\t\t\t\t\t\t\t\t<h2>\n\t\t\t\t\t800 FRANCS SUISSES\t\t\t\t\t\t\t\t\t\t<\/h2>\n\t\t\t\t\t\t\t\t<ul>\n\t\t\t\t\t\t\t\t\t\t\t\t\t\t\t\t\t\t<li>\n\t\t\t\t\t\t\t\t\t\t\t\t\t\t\t\t\tHoraires des cours de 8h30 \u00e0 16h45\t\t\t\t\t\n\t\t\t\t\t\t<\/li>\n\t\t\t\t<\/ul>\n\t\t\t<a href=\"https:\/\/coachingplus.ch\/fr\/sinscrire\/?kat=Seminare\" title=\"Cliquez ici\" target=\"_self\"   role=\"button\" aria-label=\"Dates et inscription\">\n\t\t\t\t\t\t\tDates et inscription\n\t\t<\/a>\n\t\t\t\t<img decoding=\"async\" src=\"https:\/\/coachingplus.ch\/wp-content\/uploads\/2025\/11\/bild-002_klein.jpg\" alt=\"image 002 petite\" itemprop=\"image\" height=\"442\" width=\"425\" title=\"Image-002_petit\" onerror=\"this.style.display='none'\" loading=\"lazy\" \/>\n\t\t<h3>Ruth Stoffel Kauflin<\/h3><p><strong>Ruth Stoffel Kauflin<\/strong> est depuis 2014 propri\u00e9taire de <a href=\"https:\/\/www.stoffel-kauflin.ch\/\" target=\"_blank\" rel=\"noopener\">Ruth Stoffel Kauflin - Coaching GmbH.<\/a> Elle accompagne les dirigeants, les \u00e9quipes et les organisations dans les processus de d\u00e9veloppement et cr\u00e9e des espaces dans lesquels la clart\u00e9, la croissance et l'efficacit\u00e9 peuvent \u00e9merger.<\/p>\n<p>En tant que psychologue dipl\u00f4m\u00e9e HES, elle est \u00e9galement charg\u00e9e de cours \u00e0 l'IAP de la ZHAW. Le d\u00e9veloppement et la transmission du m\u00e9tier de conseill\u00e8re lui tiennent particuli\u00e8rement \u00e0 c\u0153ur. Elle est certifi\u00e9e comme animatrice de constellations (Infosyon) et membre de l'ICF.<\/p>\n<p>&nbsp;<\/p>\n<p>&nbsp;<\/p>\n\t\t<h3>Professionnelle<\/h3>\t\t\t\n\t\t\t\t<p>Coachingplus forme depuis plus de 20 ans des \u00e9tudiants enthousiastes, et convainc ainsi par son exp\u00e9rience et son professionnalisme.<\/p>\n\t\t<h3>Orient\u00e9e vers la pratique<\/h3>\t\t\t\n\t\t\t\t<p>Nos cours sont con\u00e7us de mani\u00e8re \u00e0 ce que vous puissiez mettre directement en pratique ce que vous avez appris. C'est la meilleure fa\u00e7on de retenir l'enseignement transmis!<\/p>\n\t\t<h3>Peu co\u00fbteuse<\/h3>\t\t\t\n\t\t\t\t<p>\u00a0Nous offrons un bon rapport qualit\u00e9-prix pour nos cours. Des subventions \u00e9ventuelles sont disponibles. Pour en savoir plus, consultez la FAQ.<\/p>","protected":false},"excerpt":{"rendered":"<p>Mut zur Entscheidung &#8211; Coachingmethoden f\u00fcr klare Wege Zwei-Tagesseminar mit Ruth Stoffel Kauflin Inhalt Seminar Anmelden Leitung Wenn Entscheidungen schwerfallen &#8211; beginnt deine Arbeit als Coach Manchmal stehen Klientinnen und Klienten an einem Punkt, an dem sich innerlich alles widerspricht: Mehrere M\u00f6glichkeiten, viele Stimmen, noch mehr Wege &#8211; und keiner f\u00fchlt sich wirklich stimmig an. [&hellip;]<\/p>\n","protected":false},"author":680,"featured_media":17399,"parent":0,"menu_order":0,"comment_status":"closed","ping_status":"closed","template":"","meta":{"_seopress_robots_primary_cat":"","_seopress_titles_title":"Mut zur Entscheidung","_seopress_titles_desc":"Coachingmethoden f\u00fcr Entscheidungen","_seopress_robots_index":"","site-sidebar-layout":"no-sidebar","site-content-layout":"page-builder","ast-site-content-layout":"full-width-container","site-content-style":"unboxed","site-sidebar-style":"unboxed","ast-global-header-display":"","ast-banner-title-visibility":"","ast-main-header-display":"","ast-hfb-above-header-display":"","ast-hfb-below-header-display":"","ast-hfb-mobile-header-display":"","site-post-title":"disabled","ast-breadcrumbs-content":"","ast-featured-img":"disabled","footer-sml-layout":"","ast-disable-related-posts":"","theme-transparent-header-meta":"default","adv-header-id-meta":"","stick-header-meta":"","header-above-stick-meta":"","header-main-stick-meta":"","header-below-stick-meta":"","astra-migrate-meta-layouts":"set","ast-page-background-enabled":"default","ast-page-background-meta":{"desktop":{"background-color":"","background-image":"","background-repeat":"repeat","background-position":"center center","background-size":"auto","background-attachment":"scroll","background-type":"","background-media":"","overlay-type":"","overlay-color":"","overlay-opacity":"","overlay-gradient":""},"tablet":{"background-color":"","background-image":"","background-repeat":"repeat","background-position":"center center","background-size":"auto","background-attachment":"scroll","background-type":"","background-media":"","overlay-type":"","overlay-color":"","overlay-opacity":"","overlay-gradient":""},"mobile":{"background-color":"","background-image":"","background-repeat":"repeat","background-position":"center center","background-size":"auto","background-attachment":"scroll","background-type":"","background-media":"","overlay-type":"","overlay-color":"","overlay-opacity":"","overlay-gradient":""}},"ast-content-background-meta":{"desktop":{"background-color":"var(--ast-global-color-5)","background-image":"","background-repeat":"repeat","background-position":"center center","background-size":"auto","background-attachment":"scroll","background-type":"","background-media":"","overlay-type":"","overlay-color":"","overlay-opacity":"","overlay-gradient":""},"tablet":{"background-color":"var(--ast-global-color-5)","background-image":"","background-repeat":"repeat","background-position":"center center","background-size":"auto","background-attachment":"scroll","background-type":"","background-media":"","overlay-type":"","overlay-color":"","overlay-opacity":"","overlay-gradient":""},"mobile":{"background-color":"var(--ast-global-color-5)","background-image":"","background-repeat":"repeat","background-position":"center center","background-size":"auto","background-attachment":"scroll","background-type":"","background-media":"","overlay-type":"","overlay-color":"","overlay-opacity":"","overlay-gradient":""}},"iawp_total_views":246,"footnotes":""},"class_list":["post-17403","page","type-page","status-publish","has-post-thumbnail","hentry"],"_links":{"self":[{"href":"https:\/\/coachingplus.ch\/fr\/wp-json\/wp\/v2\/pages\/17403","targetHints":{"allow":["GET"]}}],"collection":[{"href":"https:\/\/coachingplus.ch\/fr\/wp-json\/wp\/v2\/pages"}],"about":[{"href":"https:\/\/coachingplus.ch\/fr\/wp-json\/wp\/v2\/types\/page"}],"author":[{"embeddable":true,"href":"https:\/\/coachingplus.ch\/fr\/wp-json\/wp\/v2\/users\/680"}],"replies":[{"embeddable":true,"href":"https:\/\/coachingplus.ch\/fr\/wp-json\/wp\/v2\/comments?post=17403"}],"version-history":[{"count":9,"href":"https:\/\/coachingplus.ch\/fr\/wp-json\/wp\/v2\/pages\/17403\/revisions"}],"predecessor-version":[{"id":17421,"href":"https:\/\/coachingplus.ch\/fr\/wp-json\/wp\/v2\/pages\/17403\/revisions\/17421"}],"wp:featuredmedia":[{"embeddable":true,"href":"https:\/\/coachingplus.ch\/fr\/wp-json\/wp\/v2\/media\/17399"}],"wp:attachment":[{"href":"https:\/\/coachingplus.ch\/fr\/wp-json\/wp\/v2\/media?parent=17403"}],"curies":[{"name":"wp","href":"https:\/\/api.w.org\/{rel}","templated":true}]}}