{"id":17316,"date":"2025-10-21T18:36:51","date_gmt":"2025-10-21T16:36:51","guid":{"rendered":"https:\/\/coachingplus.ch\/?page_id=17316"},"modified":"2025-10-24T11:13:15","modified_gmt":"2025-10-24T09:13:15","slug":"coach-independant","status":"publish","type":"page","link":"https:\/\/coachingplus.ch\/fr\/selbststaendig-als-coach\/","title":{"rendered":"Ind\u00e9pendante en tant que coach"},"content":{"rendered":"<h1>\n\t\t\t\tDevenir coach ind\u00e9pendant - De la formation \u00e0 la pratique r\u00e9ussie\n\t\t\t<\/h1>\n\t<h4>\n\t\t\t\tS\u00e9minaire de plusieurs jours - avec Jens von Gr\u00fcnigen\n\t\t\t<\/h4>\n\t\t\t<nav  aria-label=\"Fil d&#039;Ariane\"><ol class=\"breadcrumb\"><li class=\"breadcrumb-item active\" aria-current=\"page\"><span>Accueil<\/span><\/li><\/ol><\/nav>\t\n\t<ul>\n\t\t\t<li>\n\t\t\t<a href=\"#Pr\u00e4sentation\" target=\"_self\"  data-hover=\"Inhalt Seminar\" aria-label=\"Contenu du s\u00e9minaire\">Contenu du s\u00e9minaire<\/a>\n\t\t<\/li>\n\t\t\t\t\t<li>\n\t\t\t<a href=\"https:\/\/coachingplus.ch\/fr\/sinscrire\/\" target=\"_self\"  data-hover=\"Anmelden\" aria-label=\"S&#039;inscrire\">S'inscrire<\/a>\n\t\t<\/li>\n\t\t\t\t\t<li>\n\t\t\t<a href=\"#Dozent\" target=\"_self\"  data-hover=\"Leitung\" aria-label=\"Direction\">Direction<\/a>\n\t\t<\/li>\n\t\t\t\t<\/ul>\n\t\t\t\t<h2><strong>Devenir coach ind\u00e9pendant - De la formation \u00e0 la pratique r\u00e9ussie<\/strong><\/h2>\n<p><strong><br \/>Tu as termin\u00e9 ta formation de coach et tu souhaites maintenant faire le pas vers l'ind\u00e9pendance (partielle) ?<br data-start=\"834\" data-end=\"837\" \/>Avec ce cours, tu permets ta transition de la formation \u00e0 ta propre pratique. Tu apprendras \u00e0 affiner ton profil, \u00e0 d\u00e9velopper ton offre et \u00e0 mettre en place ton activit\u00e9 de coaching avec clart\u00e9, structure et confiance.<br \/><\/strong><\/p>\n\t\t\t<h3>Groupe cible<\/h3>\t\t\t\n\t\t\t\t<p>Le cours s'adresse aux dipl\u00f4m\u00e9(e)s des formations de coaching qui souhaitent se mettre (partiellement) \u00e0 leur compte ou professionnaliser leur activit\u00e9 existante.<\/p>\n\t\t\t<h3>Objectifs du cours<\/h3>\t\t\t\n\t\t\t\t<p>Apr\u00e8s avoir termin\u00e9, tu disposeras d'un profil clair, d'une offre coh\u00e9rente et d'un plan de mise en \u0153uvre r\u00e9aliste. Tu gagneras en s\u00e9curit\u00e9, en structure et en orientation pour te lancer dans une activit\u00e9 ind\u00e9pendante durable en tant que coach.<\/p>\n<ul>\n<li data-start=\"1097\" data-end=\"1159\">Positionner clairement son offre de coaching<\/li>\n<li data-start=\"1213\" data-end=\"1286\">Conna\u00eetre les bases de la tarification, des finances, du droit et du marketing<\/li>\n<li data-start=\"1289\" data-end=\"1333\">Attirer des clients<\/li>\n<li data-start=\"1336\" data-end=\"1395\">Renforcer la r\u00e9silience et l'autogestion en tant qu'entrepreneur(e)<\/li>\n<\/ul>\n\t\t\t<h3>Proc\u00e9dure<\/h3>\t\t\t\n\t\t\t\t<p>Le cours se d\u00e9roule en plusieurs \u00e9tapes et, comme toujours chez Coachingplus, il est con\u00e7u de mani\u00e8re interactive.\u00a0<br \/>Le site <strong>les deux premiers jours<\/strong> tu travailles sur ton projet concret et tu passes \u00e0 la pratique avec un plan de mise en \u0153uvre. <br \/>La <strong>troisi\u00e8me jour<\/strong> est une r\u00e9union de suivi apr\u00e8s environ six mois, au cours de laquelle les participants font part de leurs exp\u00e9riences et b\u00e9n\u00e9ficient du feed-back du formateur et du groupe. Ton plan de mise en \u0153uvre est ensuite aff\u00fbt\u00e9 et harmonis\u00e9.\u00a0<\/p>\n\t\t\t<h3>Contenu<\/h3>\t\t\t\n\t\t\t\tLes th\u00e8mes suivants t'accompagnent pas \u00e0 pas dans le d\u00e9veloppement de ton activit\u00e9 de coaching :\n<ul data-start=\"1565\" data-end=\"1982\">\n<li data-start=\"1565\" data-end=\"1643\">Clarification de soi &amp; r\u00f4le de coach<\/li>\n<li data-start=\"1565\" data-end=\"1643\">Positionnement<\/li>\n<li data-start=\"1565\" data-end=\"1643\">Parcours du coach\u00e9<\/li>\n<li data-start=\"1565\" data-end=\"1643\">Les bases du business<\/li>\n<li data-start=\"1565\" data-end=\"1643\">Marketing et acquisition de clients<\/li>\n<li data-start=\"1565\" data-end=\"1643\">Durabilit\u00e9 et d\u00e9veloppement\u00a0<\/li>\n<li data-start=\"1565\" data-end=\"1643\">Mise en \u0153uvre et transfert<\/li>\n<\/ul>\n\t\t\t<h3>Le plus important en bref<\/h3>\t\t\t\n\t\t\t\t<ul>\n<li>Cr\u00e9er son propre business de coaching<\/li>\n<li>Approche pas \u00e0 pas<\/li>\n<li>Des plans de mise en \u0153uvre concrets en main<\/li>\n<li>Le d\u00e9veloppement durable en ligne de mire<\/li>\n<li>R\u00e9unions de suivi dans le cadre de l'approche<\/li>\n<\/ul>\n\t\t\t\t\t\t\t<h4>S\u00e9minaire de plusieurs jours (3 jours)<\/h4>\n\t\t\t\t\t\t\t\t\t<h2>\n\t\t\t\t\tCHF 1'200\t\t\t\t\t\t\t\t\t\t<\/h2>\n\t\t\t\t\t\t\t\t<ul>\n\t\t\t\t\t\t\t\t\t\t\t\t\t\t\t\t\t\t<li>\n\t\t\t\t\t\t\t\t\t\t\t\t\t\t\t\t\tHoraires des cours de 8h30 \u00e0 16h45\t\t\t\t\t\n\t\t\t\t\t\t<\/li>\n\t\t\t\t<\/ul>\n\t\t\t<a href=\"https:\/\/coachingplus.ch\/fr\/sinscrire\/?kat=Seminare\" title=\"Cliquez ici\" target=\"_self\"   role=\"button\" aria-label=\"Dates et inscription\">\n\t\t\t\t\t\t\tDates et inscription\n\t\t<\/a>\n\t\t\t\t<img decoding=\"async\" src=\"https:\/\/coachingplus.ch\/wp-content\/uploads\/2025\/10\/2025-03-31-coachingplus_portraet-41_3-scaled.jpg\" alt=\"Jens von Gruenigen\" itemprop=\"image\" height=\"2400\" width=\"2309\" title=\"Portrait de Jens 3\" onerror=\"this.style.display='none'\" loading=\"lazy\" \/>\n\t\t<h3>Jens von Gr\u00fcnigen<\/h3><p>Jens von Gr\u00fcnigen s'occupe de la cr\u00e9ation et du d\u00e9veloppement d'entreprises depuis le d\u00e9but de sa carri\u00e8re professionnelle. Apr\u00e8s ses \u00e9tudes en gestion d'entreprise, il a cr\u00e9\u00e9 une filiale en Chine pour une PME. En tant que directeur r\u00e9gional, il a ensuite \u00e9t\u00e9 responsable de l'int\u00e9gration d'une entreprise acquise dans un groupe d'entreprises existant. Chez Coachingplus, il a continu\u00e9 \u00e0 d\u00e9velopper les secteurs de la location et du coworking. Aujourd'hui, Jens accompagne avec <em data-start=\"750\" data-end=\"786\">Von Gr\u00fcnigen Coaching &amp; Consulting<\/em> les jeunes entrepreneurs en tant que coach et sparring-partner sur leur chemin vers l'ind\u00e9pendance.<\/p>\n<p>Sa m\u00e9thode de travail analytique et structur\u00e9e permet une mise en \u0153uvre professionnelle, opportune et cibl\u00e9e. En m\u00eame temps, il est tr\u00e8s attach\u00e9 \u00e0 une relation personnelle et encourageante.<\/p>\n<p>&nbsp;<\/p>\n<p>&nbsp;<\/p>\n\t\t<h3>Professionnelle<\/h3>\t\t\t\n\t\t\t\t<p>Coachingplus forme depuis plus de 20 ans des \u00e9tudiants enthousiastes, et convainc ainsi par son exp\u00e9rience et son professionnalisme.<\/p>\n\t\t<h3>Orient\u00e9e vers la pratique<\/h3>\t\t\t\n\t\t\t\t<p>Nos cours sont con\u00e7us de mani\u00e8re \u00e0 ce que vous puissiez mettre directement en pratique ce que vous avez appris. C'est la meilleure fa\u00e7on de retenir l'enseignement transmis!<\/p>\n\t\t<h3>Peu co\u00fbteuse<\/h3>\t\t\t\n\t\t\t\t<p>\u00a0Nous offrons un bon rapport qualit\u00e9-prix pour nos cours. Des subventions \u00e9ventuelles sont disponibles. Pour en savoir plus, consultez la FAQ.<\/p>","protected":false},"excerpt":{"rendered":"<p>Selbstst\u00e4ndig als Coach &#8211; Von der Ausbildung zur erfolgreichen Praxis Mehrtagesseminar &#8211; mit Jens von Gr\u00fcnigen Inhalt Seminar Anmelden Leitung Selbstst\u00e4ndig als Coach &#8211; Von der Ausbildung zur erfolgreichen Praxis Du hast deine Coaching-Ausbildung abgeschlossen und m\u00f6chtest nun den Schritt in die (Teil-)Selbstst\u00e4ndigkeit wagen?Mit diesem Kurs erm\u00f6glichst du deinen \u00dcbergang von der Ausbildung in die [&hellip;]<\/p>\n","protected":false},"author":680,"featured_media":17319,"parent":0,"menu_order":0,"comment_status":"closed","ping_status":"closed","template":"","meta":{"_seopress_robots_primary_cat":"","_seopress_titles_title":"Selbstst\u00e4ndig als Coach mit Jens von Gr\u00fcnigen","_seopress_titles_desc":"Der Kurs erm\u00f6glicht den Aufbau der eigenen Coaching-Praxis. Du lernst dein Profil zu sch\u00e4rfen, Angebot zu entwickeln und dein Business aufzubauen.","_seopress_robots_index":"","site-sidebar-layout":"no-sidebar","site-content-layout":"page-builder","ast-site-content-layout":"full-width-container","site-content-style":"unboxed","site-sidebar-style":"unboxed","ast-global-header-display":"","ast-banner-title-visibility":"","ast-main-header-display":"","ast-hfb-above-header-display":"","ast-hfb-below-header-display":"","ast-hfb-mobile-header-display":"","site-post-title":"disabled","ast-breadcrumbs-content":"","ast-featured-img":"disabled","footer-sml-layout":"","ast-disable-related-posts":"","theme-transparent-header-meta":"default","adv-header-id-meta":"","stick-header-meta":"","header-above-stick-meta":"","header-main-stick-meta":"","header-below-stick-meta":"","astra-migrate-meta-layouts":"set","ast-page-background-enabled":"default","ast-page-background-meta":{"desktop":{"background-color":"","background-image":"","background-repeat":"repeat","background-position":"center center","background-size":"auto","background-attachment":"scroll","background-type":"","background-media":"","overlay-type":"","overlay-color":"","overlay-opacity":"","overlay-gradient":""},"tablet":{"background-color":"","background-image":"","background-repeat":"repeat","background-position":"center center","background-size":"auto","background-attachment":"scroll","background-type":"","background-media":"","overlay-type":"","overlay-color":"","overlay-opacity":"","overlay-gradient":""},"mobile":{"background-color":"","background-image":"","background-repeat":"repeat","background-position":"center center","background-size":"auto","background-attachment":"scroll","background-type":"","background-media":"","overlay-type":"","overlay-color":"","overlay-opacity":"","overlay-gradient":""}},"ast-content-background-meta":{"desktop":{"background-color":"var(--ast-global-color-5)","background-image":"","background-repeat":"repeat","background-position":"center center","background-size":"auto","background-attachment":"scroll","background-type":"","background-media":"","overlay-type":"","overlay-color":"","overlay-opacity":"","overlay-gradient":""},"tablet":{"background-color":"var(--ast-global-color-5)","background-image":"","background-repeat":"repeat","background-position":"center center","background-size":"auto","background-attachment":"scroll","background-type":"","background-media":"","overlay-type":"","overlay-color":"","overlay-opacity":"","overlay-gradient":""},"mobile":{"background-color":"var(--ast-global-color-5)","background-image":"","background-repeat":"repeat","background-position":"center center","background-size":"auto","background-attachment":"scroll","background-type":"","background-media":"","overlay-type":"","overlay-color":"","overlay-opacity":"","overlay-gradient":""}},"iawp_total_views":589,"footnotes":""},"class_list":["post-17316","page","type-page","status-publish","has-post-thumbnail","hentry"],"_links":{"self":[{"href":"https:\/\/coachingplus.ch\/fr\/wp-json\/wp\/v2\/pages\/17316","targetHints":{"allow":["GET"]}}],"collection":[{"href":"https:\/\/coachingplus.ch\/fr\/wp-json\/wp\/v2\/pages"}],"about":[{"href":"https:\/\/coachingplus.ch\/fr\/wp-json\/wp\/v2\/types\/page"}],"author":[{"embeddable":true,"href":"https:\/\/coachingplus.ch\/fr\/wp-json\/wp\/v2\/users\/680"}],"replies":[{"embeddable":true,"href":"https:\/\/coachingplus.ch\/fr\/wp-json\/wp\/v2\/comments?post=17316"}],"version-history":[{"count":6,"href":"https:\/\/coachingplus.ch\/fr\/wp-json\/wp\/v2\/pages\/17316\/revisions"}],"predecessor-version":[{"id":17348,"href":"https:\/\/coachingplus.ch\/fr\/wp-json\/wp\/v2\/pages\/17316\/revisions\/17348"}],"wp:featuredmedia":[{"embeddable":true,"href":"https:\/\/coachingplus.ch\/fr\/wp-json\/wp\/v2\/media\/17319"}],"wp:attachment":[{"href":"https:\/\/coachingplus.ch\/fr\/wp-json\/wp\/v2\/media?parent=17316"}],"curies":[{"name":"wp","href":"https:\/\/api.w.org\/{rel}","templated":true}]}}