{"id":17045,"date":"2025-05-14T11:07:29","date_gmt":"2025-05-14T09:07:29","guid":{"rendered":"https:\/\/coachingplus.ch\/?page_id=17045"},"modified":"2025-09-30T16:58:00","modified_gmt":"2025-09-30T14:58:00","slug":"competence-en-matiere-de-presentation","status":"publish","type":"page","link":"https:\/\/coachingplus.ch\/fr\/auftrittskompetenz\/","title":{"rendered":"Comp\u00e9tence en mati\u00e8re de pr\u00e9sentation"},"content":{"rendered":"<h1>\n\t\t\t\tComp\u00e9tence en mati\u00e8re de pr\u00e9sentation\n\t\t\t<\/h1>\n\t<h4>\n\t\t\t\tFormation pratique avec un journaliste TV et un animateur - S\u00e9minaire d'une journ\u00e9e\n\t\t\t<\/h4>\n\t\t\t<nav  aria-label=\"Fil d&#039;Ariane\"><ol class=\"breadcrumb\"><li class=\"breadcrumb-item active\" aria-current=\"page\"><span>Accueil<\/span><\/li><\/ol><\/nav>\t\n\t<ul>\n\t\t\t<li>\n\t\t\t\t<a href=\"#Pr\u00e4sentation\" target=\"_self\"  data-hover=\"Inhalt Seminar\">Contenu du s\u00e9minaire<\/a>\n\t\t<\/li>\n\t\t\t\t\t<li>\n\t\t\t\t<a href=\"https:\/\/coachingplus.ch\/fr\/sinscrire\/\" target=\"_self\"  data-hover=\"Anmelden\">S'inscrire<\/a>\n\t\t<\/li>\n\t\t\t\t\t<li>\n\t\t\t\t<a href=\"#Dozent\" target=\"_self\"  data-hover=\"Leitung\">Direction<\/a>\n\t\t<\/li>\n\t\t\t\t<\/ul>\n\t\t\t\t<h2><strong>Comp\u00e9tence en mati\u00e8re de pr\u00e9sentation en public - S\u00e9minaire d'une journ\u00e9e<\/strong><\/h2>\n<p><strong><br \/>Parce que \"euh...\" n'est pas une entr\u00e9e en mati\u00e8re pour ton histoire de succ\u00e8s. Un entra\u00eenement \u00e0 la prise de parole en public pour tous ceux qui veulent dire plus que n'importe quoi. Apprends d'un professionnel de la t\u00e9l\u00e9vision \u00e0 am\u00e9liorer ton apparence. Que tu sois d\u00e9butant ou avanc\u00e9, parler de mani\u00e8re authentique devant des personnes peut s'apprendre. C'est en s'exer\u00e7ant que l'on devient ma\u00eetre.<br \/><\/strong><\/p>\n\t\t\t<h3>Objectif de ce s\u00e9minaire - Ce cours s'adresse \u00e0 toi si...<\/h3>\t\t\t\n\t\t\t\t<ul>\n<li>tu ne veux pas simplement esp\u00e9rer que ta prestation sera \"en quelque sorte correcte\".<\/li>\n<li>tes id\u00e9es ne doivent pas seulement \u00eatre entendues, mais aussi comprises par ton \u00e9quipe ou sur sc\u00e8ne<\/li>\n<li>tu veux apprendre \u00e0 \u00eatre authentique et confiant, m\u00eame avec le trac<\/li>\n<\/ul>\n<p><strong>Groupe cible<br \/><\/strong>Dans ce cours d'une journ\u00e9e pour cadres, coachs et orateurs, tu apprendras des techniques \u00e9prouv\u00e9es pour structurer tes messages en quelques minutes et les pr\u00e9senter de mani\u00e8re attrayante.\u00a0<\/p>\n<p><strong>Applications<\/strong><br \/>Du d\u00e9but entra\u00eenant \u00e0 la fin m\u00e9morable, nous nous exer\u00e7ons ensemble \u00e0 pr\u00e9senter tes id\u00e9es sur sc\u00e8ne de mani\u00e8re authentique, cr\u00e9dible et souveraine. Tu recevras des outils qui te permettront de devenir \u00e0 tout moment le \"Head of Attention Management\", des filtres pour les faits flous et la certitude de ce que tu fais vraiment de tes mains.<\/p>\n<p>Parce qu'une prestation parfaite ne se fait pas seulement sur le papier, nous filmons tes prestations. Tu re\u00e7ois un feed-back direct et des propositions concr\u00e8tes d'am\u00e9lioration. Et surtout, de nombreuses id\u00e9es cr\u00e9atives pour qu'\u00e0 l'avenir, tu ne fasses pas que pr\u00e9senter, mais que tu enthousiasmes aussi.<\/p>\n\t\t\t<h3>Le plus important en bref<\/h3>\t\t\t\n\t\t\t\t<ul>\n<li>Pr\u00e9senter de mani\u00e8re authentique, cr\u00e9dible et souveraine<\/li>\n<li>Structuration judicieuse d'un expos\u00e9 du d\u00e9but \u00e0 la fin<\/li>\n<li>\u00catre film\u00e9 et recevoir un feedback direct avec des propositions d'am\u00e9lioration concr\u00e8tes<\/li>\n<li>Seulement 10 places disponibles<\/li>\n<\/ul>\n\t\t\t\t\t\t\t<h4>Comp\u00e9tence de pr\u00e9sentation en public (max. 10 participants)<\/h4>\n\t\t\t\t\t\t\t\t\t<h2>\n\t\t\t\t\t650 CHF pour 1 jour\n\t\t\t\t\t\t\t\t\t\t\t<\/h2>\n\t\t\t\t\t\t\t\t<ul>\n\t\t\t\t\t\t\t\t\t\t\t\t\t\t\t\t\t\t<li>\n\t\t\t\t\t\t\t\t\t\t\t\t\t\t\t\t\tS\u00e9minaire d'une journ\u00e9e de 8h30 \u00e0 16h45\t\t\t\t\t\n\t\t\t\t\t\t<\/li>\n\t\t\t\t<\/ul>\n\t\t\t<a href=\"https:\/\/coachingplus.ch\/fr\/sinscrire\/?kat=Seminare\" title=\"Cliquez ici\" target=\"_self\"   role=\"button\" aria-label=\"Dates et inscription\">\n\t\t\t\t\t\t\tDates et inscription\n\t\t<\/a>\n\t\t\t\t<img decoding=\"async\" src=\"https:\/\/coachingplus.ch\/wp-content\/uploads\/2025\/05\/lukas-nicnk.jpg\" alt=\"lukas nicnk\" itemprop=\"image\" height=\"1365\" width=\"2048\" title=\"Lukas Nicnk\" onerror=\"this.style.display='none'\"  \/>\n\t\t<h3>Lukas Ninck<\/h3><p>Depuis plus de 10 ans, Lukas soutient les leaders, les conf\u00e9renciers et les entrepreneurs lors des apparitions les plus importantes de leur carri\u00e8re.<\/p>\n<p>Journaliste et pr\u00e9sentateur TV depuis de nombreuses ann\u00e9es, il est passionn\u00e9 par les histoires fortes, les messages clairs et les grandes \u00e9motions. Son exp\u00e9rience acquise au cours de centaines de formations \u00e0 la prise de parole en public et d'animations t\u00e9l\u00e9vis\u00e9es, combin\u00e9e \u00e0 un sens aigu des relations humaines, donne lieu \u00e0 100% de formations pratiques \u00e0 la prise de parole en public pour les orateurs et oratrices exigeants.<\/p>\n<p>&nbsp;<\/p>\n<p>&nbsp;<\/p>\n\t\t<h3>Professionnelle<\/h3>\t\t\t\n\t\t\t\t<p>Coachingplus forme depuis plus de 20 ans des \u00e9tudiants enthousiastes, et convainc ainsi par son exp\u00e9rience et son professionnalisme.<\/p>\n\t\t<h3>Orient\u00e9e vers la pratique<\/h3>\t\t\t\n\t\t\t\t<p>Nos cours sont con\u00e7us de mani\u00e8re \u00e0 ce que vous puissiez mettre directement en pratique ce que vous avez appris. C'est la meilleure fa\u00e7on de retenir l'enseignement transmis!<\/p>\n\t\t<h3>Peu co\u00fbteuse<\/h3>\t\t\t\n\t\t\t\t<p>\u00a0Nous offrons un bon rapport qualit\u00e9-prix pour nos cours. Des subventions \u00e9ventuelles sont disponibles. Pour en savoir plus, consultez la FAQ.<\/p>","protected":false},"excerpt":{"rendered":"<p>Auftrittskompetenz Praktisches Training mit TV-Journalist und Moderator &#8211; Tagesseminar Inhalt Seminar Anmelden Leitung Auftrittskompetenz &#8211; Tagesseminar Weil \u00ab\u00e4hm&#8230;\u00bb kein Einstieg in deine Erfolgsgeschichte ist. Ein Auftrittstraining f\u00fcr alle, die mehr sagen wollen als nur irgendwas. Lerne von einem TV-Profi, dein Auftreten zu verbessern. Egal ob Anf\u00e4nger oder Fortgeschrittener, authentisch vor Menschen zu sprechen, kann erlernt [&hellip;]<\/p>\n","protected":false},"author":20,"featured_media":17047,"parent":0,"menu_order":0,"comment_status":"closed","ping_status":"closed","template":"","meta":{"_seopress_robots_primary_cat":"","_seopress_titles_title":"Auftrittskompetenz","_seopress_titles_desc":"Authentisch, glaubw\u00fcrdig und souver\u00e4n pr\u00e4sentieren. Angeleitet vom bekannten TV-Journalist und Moderator Lukas Ninck","_seopress_robots_index":"","site-sidebar-layout":"no-sidebar","site-content-layout":"page-builder","ast-site-content-layout":"full-width-container","site-content-style":"unboxed","site-sidebar-style":"unboxed","ast-global-header-display":"","ast-banner-title-visibility":"","ast-main-header-display":"","ast-hfb-above-header-display":"","ast-hfb-below-header-display":"","ast-hfb-mobile-header-display":"","site-post-title":"disabled","ast-breadcrumbs-content":"","ast-featured-img":"disabled","footer-sml-layout":"","ast-disable-related-posts":"","theme-transparent-header-meta":"default","adv-header-id-meta":"","stick-header-meta":"","header-above-stick-meta":"","header-main-stick-meta":"","header-below-stick-meta":"","astra-migrate-meta-layouts":"set","ast-page-background-enabled":"default","ast-page-background-meta":{"desktop":{"background-color":"","background-image":"","background-repeat":"repeat","background-position":"center center","background-size":"auto","background-attachment":"scroll","background-type":"","background-media":"","overlay-type":"","overlay-color":"","overlay-opacity":"","overlay-gradient":""},"tablet":{"background-color":"","background-image":"","background-repeat":"repeat","background-position":"center center","background-size":"auto","background-attachment":"scroll","background-type":"","background-media":"","overlay-type":"","overlay-color":"","overlay-opacity":"","overlay-gradient":""},"mobile":{"background-color":"","background-image":"","background-repeat":"repeat","background-position":"center center","background-size":"auto","background-attachment":"scroll","background-type":"","background-media":"","overlay-type":"","overlay-color":"","overlay-opacity":"","overlay-gradient":""}},"ast-content-background-meta":{"desktop":{"background-color":"var(--ast-global-color-5)","background-image":"","background-repeat":"repeat","background-position":"center center","background-size":"auto","background-attachment":"scroll","background-type":"","background-media":"","overlay-type":"","overlay-color":"","overlay-opacity":"","overlay-gradient":""},"tablet":{"background-color":"var(--ast-global-color-5)","background-image":"","background-repeat":"repeat","background-position":"center center","background-size":"auto","background-attachment":"scroll","background-type":"","background-media":"","overlay-type":"","overlay-color":"","overlay-opacity":"","overlay-gradient":""},"mobile":{"background-color":"var(--ast-global-color-5)","background-image":"","background-repeat":"repeat","background-position":"center center","background-size":"auto","background-attachment":"scroll","background-type":"","background-media":"","overlay-type":"","overlay-color":"","overlay-opacity":"","overlay-gradient":""}},"iawp_total_views":681,"footnotes":""},"class_list":["post-17045","page","type-page","status-publish","has-post-thumbnail","hentry"],"_links":{"self":[{"href":"https:\/\/coachingplus.ch\/fr\/wp-json\/wp\/v2\/pages\/17045","targetHints":{"allow":["GET"]}}],"collection":[{"href":"https:\/\/coachingplus.ch\/fr\/wp-json\/wp\/v2\/pages"}],"about":[{"href":"https:\/\/coachingplus.ch\/fr\/wp-json\/wp\/v2\/types\/page"}],"author":[{"embeddable":true,"href":"https:\/\/coachingplus.ch\/fr\/wp-json\/wp\/v2\/users\/20"}],"replies":[{"embeddable":true,"href":"https:\/\/coachingplus.ch\/fr\/wp-json\/wp\/v2\/comments?post=17045"}],"version-history":[{"count":7,"href":"https:\/\/coachingplus.ch\/fr\/wp-json\/wp\/v2\/pages\/17045\/revisions"}],"predecessor-version":[{"id":17058,"href":"https:\/\/coachingplus.ch\/fr\/wp-json\/wp\/v2\/pages\/17045\/revisions\/17058"}],"wp:featuredmedia":[{"embeddable":true,"href":"https:\/\/coachingplus.ch\/fr\/wp-json\/wp\/v2\/media\/17047"}],"wp:attachment":[{"href":"https:\/\/coachingplus.ch\/fr\/wp-json\/wp\/v2\/media?parent=17045"}],"curies":[{"name":"wp","href":"https:\/\/api.w.org\/{rel}","templated":true}]}}