{"id":16638,"date":"2024-04-23T15:29:30","date_gmt":"2024-04-23T13:29:30","guid":{"rendered":"https:\/\/coachingplus.ch\/?page_id=16638"},"modified":"2026-02-03T12:21:13","modified_gmt":"2026-02-03T11:21:13","slug":"decisions-du-seminaire","status":"publish","type":"page","link":"https:\/\/coachingplus.ch\/fr\/4typen-modell\/","title":{"rendered":"4Mod\u00e8le de type"},"content":{"rendered":"\n\n\t<ul>\n\t\t\t<li>\n\t\t\t\t<a href=\"#Modell\" target=\"_self\"  data-hover=\"Das Modell\">Das Modell<\/a>\n\t\t<\/li>\n\t\t\t\t\t<li>\n\t\t\t\t<a href=\"#Test\" target=\"_self\"  data-hover=\"Der Test\">Der Test<\/a>\n\t\t<\/li>\n\t\t\t\t\t<li>\n\t\t\t\t<a href=\"#Buch\" target=\"_self\"  data-hover=\"Das Buch\">Das Buch<\/a>\n\t\t<\/li>\n\t\t\t\t\t<li>\n\t\t\t\t<a href=\"#Ausbildung\" target=\"_self\"  data-hover=\"Die Ausbildung\">Die Ausbildung<\/a>\n\t\t<\/li>\n\t\t\t\t<\/ul>\n\t\t\t\t<img decoding=\"async\" src=\"https:\/\/coachingplus.ch\/wp-content\/uploads\/2025\/07\/4t_logo-01_gross.png\" alt=\"4t logo 01 gross\" itemprop=\"image\" height=\"883\" width=\"2400\" title=\"4T_logo-01_gross\" onerror=\"this.style.display='none'\"  \/>\n\t\t\t\t<h1><strong><b>Das Vier-Typen Modell<br \/><\/b><\/strong><\/h1>\n\t\t\t\t<h3>nach Riemann-Thomann<\/h3>\n<p><strong>Ich, du und andere Komplikationen. Wenn wir mit anderen Menschen zusammenleben oder gemeinsam arbeiten, wird es nicht selten kompliziert. Generell kann das Funktionieren in Gemeinschaften mitunter durch Missverst\u00e4ndnisse erschwert und von Konflikten begleitet sein. Mensch sein bedeutet, verschieden zu sein. In unserer Denk- und Verhaltensweise, in unseren Werten und Zielen. Sich selbst zu verstehen, ist die eine Seite, die schon kompliziert genug ist, die andere ist es, den anderen zu verstehen.<\/strong><\/p>\n<p>Ob in unserem eigenen Leben, in der Ehe, in der Erziehung unserer Kinder, in der F\u00fchrung eines Teams oder der Begleitung von Menschen in Ver\u00e4nderungs- oder Konfliktsituationen &#8211; wir durften viele Erfahrungen sammeln und unsere Menschenkenntnisse vertiefen. Dabei treiben uns diese Fragen an:<\/p>\n<p><strong>Wie geht Entwicklung positiv? Wer bin ich? Wer bist du? Wie gelingt das Miteinander?<\/strong><\/p>\n<p>F\u00fcr die Betrachtung der eigenen Pers\u00f6nlichkeit, des Verhaltens in einem Team oder innerhalb der Partnerschaft bedienen wir uns der Erkenntnis der Typenlehre und beschreiben in dem vorliegenden Buch, das von uns entwickelte 4-Typen-Pers\u00f6nlichkeitsmodell, welches auf dem Riemann-Thomann-Kreuz basiert.<\/p>\n\t\t\t<a href=\"#\" target=\"_blank\" rel=\"noopener\">\n\t\t\t\t\t\tBuch bestellen\n\t\t\t\t\t<\/a>\n\t\t\t<h3>Buch kostenpflichtig bestellen<\/h3>\n\t\t\t<div class=\"frm_forms  with_frm_style frm_style_formidable-style\" id=\"frm_form_9_container\" data-token=\"76bce474aa3a3c9dc397198dd17492e4\">\n<form enctype=\"multipart\/form-data\" method=\"post\" class=\"frm-show-form  frm_js_validate  frm_ajax_submit  frm_pro_form \" id=\"form_buchbestellung\" data-token=\"76bce474aa3a3c9dc397198dd17492e4\">\n<div class=\"frm_form_fields \">\n<fieldset>\n<legend class=\"frm_screen_reader\">Buch Bestellung<\/legend>\r\n\r\n<div class=\"frm_description\"><p>Titel: Ich du und andere Komplikationen<br \/>\nUntertitel: Sich selbst und andere verstehen<br \/>\nISBN: 978-3-033-10556-0<br \/>\nAutoren: Jens von Gr\u00fcnigen, Marcel Hager<br \/>\nPreis: 28.50 Sfr. exkl. Versand (3.50Sfr, ab 2Stk. 8.00Sfr)<br \/>\nVoraussichtliche Ver\u00f6ffentlichung: September 2024<\/p>\n<\/div><div class=\"frm_fields_container\">\n<input type=\"hidden\" name=\"frm_action\" value=\"create\" \/>\n<input type=\"hidden\" name=\"form_id\" value=\"9\" \/>\n<input type=\"hidden\" name=\"frm_hide_fields_9\" id=\"frm_hide_fields_9\" value=\"\" \/>\n<input type=\"hidden\" name=\"form_key\" value=\"buchbestellung\" \/>\n<input type=\"hidden\" name=\"item_meta[0]\" value=\"\" \/>\n<input type=\"hidden\" id=\"frm_submit_entry_9\" name=\"frm_submit_entry_9\" value=\"2e27c01a1b\" \/><input type=\"hidden\" name=\"_wp_http_referer\" value=\"\/fr\/wp-json\/wp\/v2\/pages\/16638\" \/><div id=\"frm_field_249_container\" class=\"frm_form_field form-field  frm_required_field frm_top_container\">\r\n    <label for=\"field_dlpi\" id=\"field_dlpi_label\" class=\"frm_primary_label\">Anzahl B\u00fccher:\r\n        <span class=\"frm_required\" aria-hidden=\"true\">*<\/span>\r\n    <\/label>\r\n    <input type=\"number\" id=\"field_dlpi\" name=\"item_meta[249]\" value=\"\" data-reqmsg=\"Dieses Feld darf nicht leer sein.\" aria-required=\"true\" data-invmsg=\"Zahl ist ung\u00fcltig\" aria-invalid=\"false\"   min=\"0\" max=\"9999999\" step=\"any\" \/>\r\n    \r\n    \r\n<\/div>\n<div id=\"frm_field_240_container\" class=\"frm_form_field form-field  frm_required_field frm_top_container horizontal_radio\">\r\n    <div  id=\"field_dh18l_label\" class=\"frm_primary_label\">Anrede\r\n        <span class=\"frm_required\" aria-hidden=\"true\">*<\/span>\r\n    <\/div>\r\n    <div class=\"frm_opt_container\" aria-labelledby=\"field_dh18l_label\" role=\"radiogroup\" aria-required=\"true\">\t\t<div class=\"frm_radio\" id=\"frm_radio_240-0\">\t\t\t<label  for=\"field_dh18l-0\">\n\t\t\t\t\t<input type=\"radio\" name=\"item_meta[240]\" id=\"field_dh18l-0\" value=\"Frau\"\n\t\t data-reqmsg=\"Dieses Feld darf nicht leer sein.\" data-invmsg=\"Anrede est non valide\"   \/> Frau<\/label><\/div>\n\t\t<div class=\"frm_radio\" id=\"frm_radio_240-1\">\t\t\t<label  for=\"field_dh18l-1\">\n\t\t\t\t\t<input type=\"radio\" name=\"item_meta[240]\" id=\"field_dh18l-1\" value=\"Herr\"\n\t\t data-reqmsg=\"Dieses Feld darf nicht leer sein.\" data-invmsg=\"Anrede est non valide\"   \/> Herr<\/label><\/div>\n<\/div>\r\n    \r\n    \r\n<\/div>\n<div id=\"frm_field_241_container\" class=\"frm_form_field form-field  frm_required_field frm_top_container frm6 frm_first\">\r\n    <label for=\"field_ac00b\" id=\"field_ac00b_label\" class=\"frm_primary_label\">Vorname\r\n        <span class=\"frm_required\" aria-hidden=\"true\">*<\/span>\r\n    <\/label>\r\n    <input  type=\"text\" id=\"field_ac00b\" name=\"item_meta[241]\" value=\"\"  data-reqmsg=\"Dieses Feld darf nicht leer sein.\" aria-required=\"true\" data-invmsg=\"Text ist ung\u00fcltig\" aria-invalid=\"false\"   \/>\r\n    \r\n    \r\n<\/div>\n<div id=\"frm_field_242_container\" class=\"frm_form_field form-field  frm_required_field frm_top_container frm6\">\r\n    <label for=\"field_73h9c\" id=\"field_73h9c_label\" class=\"frm_primary_label\">Nachname\r\n        <span class=\"frm_required\" aria-hidden=\"true\">*<\/span>\r\n    <\/label>\r\n    <input  type=\"text\" id=\"field_73h9c\" name=\"item_meta[242]\" value=\"\"  data-reqmsg=\"Dieses Feld darf nicht leer sein.\" aria-required=\"true\" data-invmsg=\"Text ist ung\u00fcltig\" aria-invalid=\"false\"   \/>\r\n    \r\n    \r\n<\/div>\n<div id=\"frm_field_243_container\" class=\"frm_form_field form-field  frm_required_field frm_top_container\">\r\n    <label for=\"field_qdrqb\" id=\"field_qdrqb_label\" class=\"frm_primary_label\">E-Mail\r\n        <span class=\"frm_required\" aria-hidden=\"true\">*<\/span>\r\n    <\/label>\r\n    <input type=\"email\" id=\"field_qdrqb\" name=\"item_meta[243]\" value=\"\"  data-reqmsg=\"Dieses Feld darf nicht leer sein.\" aria-required=\"true\" data-invmsg=\"E-Mail ist ung\u00fcltig\" aria-invalid=\"false\"  \/>\r\n    \r\n    \r\n<\/div>\n<div id=\"frm_field_244_container\" class=\"frm_form_field form-field  frm_required_field frm_top_container frm12 frm_first\">\r\n    <label for=\"field_q54s3\" id=\"field_q54s3_label\" class=\"frm_primary_label\">Strasse\r\n        <span class=\"frm_required\" aria-hidden=\"true\">*<\/span>\r\n    <\/label>\r\n    <input  type=\"text\" id=\"field_q54s3\" name=\"item_meta[244]\" value=\"\"  data-reqmsg=\"Dieses Feld darf nicht leer sein.\" aria-required=\"true\" data-invmsg=\"Text ist ung\u00fcltig\" aria-invalid=\"false\"   \/>\r\n    \r\n    \r\n<\/div>\n<div id=\"frm_field_245_container\" class=\"frm_form_field form-field  frm_required_field frm_top_container frm6 frm_first\">\r\n    <label for=\"field_fp2mz\" id=\"field_fp2mz_label\" class=\"frm_primary_label\">PLZ\r\n        <span class=\"frm_required\" aria-hidden=\"true\">*<\/span>\r\n    <\/label>\r\n    <input  type=\"text\" id=\"field_fp2mz\" name=\"item_meta[245]\" value=\"\"  data-reqmsg=\"Dieses Feld darf nicht leer sein.\" aria-required=\"true\" data-invmsg=\"Text ist ung\u00fcltig\" aria-invalid=\"false\"   \/>\r\n    \r\n    \r\n<\/div>\n<div id=\"frm_field_247_container\" class=\"frm_form_field form-field  frm_required_field frm_top_container frm6\">\r\n    <label for=\"field_6hoet\" id=\"field_6hoet_label\" class=\"frm_primary_label\">Ort\r\n        <span class=\"frm_required\" aria-hidden=\"true\">*<\/span>\r\n    <\/label>\r\n    <input  type=\"text\" id=\"field_6hoet\" name=\"item_meta[247]\" value=\"\"  data-reqmsg=\"Dieses Feld darf nicht leer sein.\" aria-required=\"true\" data-invmsg=\"Text ist ung\u00fcltig\" aria-invalid=\"false\"   \/>\r\n    \r\n    \r\n<\/div>\n<div id=\"frm_field_246_container\" class=\"frm_form_field form-field  frm_required_field frm_top_container\">\r\n    <label for=\"field_5fjbk\" id=\"field_5fjbk_label\" class=\"frm_primary_label\">Land\r\n        <span class=\"frm_required\" aria-hidden=\"true\">*<\/span>\r\n    <\/label>\r\n    \t\t<select name=\"item_meta[246]\" id=\"field_5fjbk\"  data-frmval=\"Schweiz\" data-reqmsg=\"Dieses Feld darf nicht leer sein.\" aria-required=\"true\" data-invmsg=\"Land est non valide\" aria-invalid=\"false\"  >\n\t\t<option  value=\"Schweiz\" selected='selected'>Schweiz<\/option><option  value=\"Deutschland\">Deutschland<\/option><option  value=\"\u00d6sterreich\">\u00d6sterreich<\/option>\t<\/select>\n\t\r\n    \r\n    \r\n<\/div>\n<div id=\"frm_field_280_container\" class=\"frm_form_field form-field  frm_top_container\">\n    <label for=\"field_obo2z\" id=\"field_obo2z_label\" class=\"frm_primary_label\">Bemerkungen\n        <span class=\"frm_required\" aria-hidden=\"true\"><\/span>\n    <\/label>\n    <textarea name=\"item_meta[280]\" id=\"field_obo2z\" rows=\"5\"  data-invmsg=\"Absatz ist ung\u00fcltig\" aria-invalid=\"false\"  ><\/textarea>\n    \n    \n<\/div>\n<div id=\"frm_field_281_container\" class=\"frm_form_field form-field  frm_none_container\">\n    <label for=\"h-captcha-response\" id=\"field_vxctf_label\" class=\"frm_primary_label\">reCAPTCHA\n        <span class=\"frm_required\" aria-hidden=\"true\"><\/span>\n    <\/label>\n    <div  id=\"field_vxctf\" class=\"h-captcha\" data-sitekey=\"0f5a0ec4-1b24-4230-9438-141ce48e9d10\" data-size=\"normal\" data-theme=\"light\"><\/div>\n    \n    \n<\/div>\n\t<input type=\"hidden\" name=\"item_key\" value=\"\" \/>\n\t\t\t<div id=\"frm_field_367_container\">\n\t\t\t<label for=\"field_nlx57\" >\n\t\t\t\tSi vous \u00eates un humain, ne remplissez pas ce champ.\t\t\t<\/label>\n\t\t\t<input  id=\"field_nlx57\" type=\"text\" class=\"frm_form_field form-field frm_verify\" name=\"item_meta[367]\" value=\"\"  \/>\n\t\t<\/div>\n\t\t<input name=\"frm_state\" type=\"hidden\" value=\"Qdx+VtmwwpmB4ZiKGthTrT3FDqnh8\/g2Xd2KDOH2U3AB2qcSTJJImV7Bn+naB5kt\" \/><div class=\"frm_submit\">\r\n\r\n<button class=\"frm_button_submit frm_final_submit\" type=\"submit\"   formnovalidate=\"formnovalidate\">Bestellung abschicken<\/button>\r\n\r\n\r\n<\/div><\/div>\n<\/fieldset>\n<\/div>\n\n<\/form>\n<\/div>\n\n\t\t<h5>Modal Popup &#8211; ID <\/h5>\n\t\tClick here to edit the &quot;Modal Popup&quot; settings. This text will not be visible on frontend.\t\n\t<a href=\"https:\/\/www.4typen.ch\/\" target=\"_blank\" rel=\"noopener\" aria-label=\"Go to https:\/\/www.4typen.ch\/\"><\/a>\n\t\t\t\t<img decoding=\"async\" src=\"https:\/\/coachingplus.ch\/wp-content\/uploads\/2024\/04\/4tm-quadrant.png\" alt=\"4tm quadrant\" title=\"4TM-quadrant\" itemprop=\"image\"\/>\n<h2>\u00a0<\/h2>\n<h2><strong>Der Pers\u00f6nlichkeitstest<br \/><\/strong><\/h2>\n<p><strong>Das 4-Typen Modell<\/strong> <br \/>nach Riemann-Thomann<\/p>\n\t\t\t\t<h2><strong>Der Test<\/strong><\/h2>\n<p><strong>Unser 4-Typen-Modell als Weiterentwicklung des Riemann-Thomann-Kreuzes \u00fcberzeugt mit seiner Einfachheit, ohne oberfl\u00e4chlich zu bleiben. Als zweidimensionales Modell mit vier, sich im Zweierpaar gegen\u00fcberstehenden Grundstrebungen bietet es die notwendige Tiefe f\u00fcr die menschlichen Unterschiede und Eigenarten und bleibt dabei alltagstauglich und relevant einsetzbar. <\/strong><\/p>\n<p>Es zeigt nicht nur die verschiedenen Verhaltensweisen und Beziehungsgestaltungen, sondern beschreibt die innerlich zugrunde liegenden Gef\u00fchle, Bed\u00fcrfnisse und \u00c4ngste.<\/p>\n<p><strong>Anhand von 48 Fragen eine individuelle Auswertung mit Grafik generieren.<\/strong><\/p>\n\t\t\t<a href=\"https:\/\/www.4typen.ch\/\" target=\"_blank\" rel=\"noopener\">\n\t\t\t\t\t\tPers\u00f6nlichkeitstest\n\t\t\t\t\t<\/a>\n\t\t\t\t<img decoding=\"async\" src=\"https:\/\/coachingplus.ch\/wp-content\/uploads\/2024\/04\/buch-cover.png\" alt=\"buch cover\" title=\"BUCH-COVER\" itemprop=\"image\"\/>\n<h2><strong>Das Buch<br \/><\/strong><\/h2>\n<p><strong>Ich du und andere Komplikationen<\/strong><br \/>Sich selbst und andere verstehen<\/p>\n\t\t\t\t<h2><strong>Das Buch<\/strong><\/h2>\n<p><strong>Jeder von uns hat auf Grund seiner Gene, seiner Umwelt und Pr\u00e4gungen, Erlebnissen und Erfahrungen und den daraus gezogenen Schl\u00fcssen und Verhaltensweisen, eine eigene Pers\u00f6nlichkeit und Charakter. Dazu geh\u00f6ren individuelle M\u00f6glichkeiten und St\u00e4rken, sowie Einseitigkeiten und Grenzen.<\/strong><\/p>\n<p>Pers\u00f6nlichkeitsentwicklung bedeutet in unserem Charakter, also unserer Denk- und Verhaltensweise zu Reifen. Wir haben Pers\u00f6nlichkeitsz\u00fcge, die eher statisch sind, da angeboren und kaum ver\u00e4nderbar &#8211; andere k\u00f6nnen wir selbst formen und ausbauen, da erlernt.<\/p>\n<p><strong>Titel: Ich du und andere Komplikationen<br \/>Untertitel: S<\/strong><strong>ich selbst und andere verstehen<\/strong><br \/><strong>Autoren: Jens von Gr\u00fcnigen, Marcel Hager<br \/>ISBN: 978-3-033-10556-0<br \/>Preis: 28.50 Sfr. exkl. Versand 3.50 Sfr.<\/strong><\/p>\n<p>Ver\u00f6ffentlichung: September 2024<\/p>\n\t\t\t<a href=\"#\" target=\"_blank\" rel=\"noopener\">\n\t\t\t\t\t\tBuch bestellen\n\t\t\t\t\t<\/a>\n\t\t\t\t<h2><strong>Die Ausbildung<br \/><\/strong><\/h2>\n\u00a0\n<p><strong>Das 4-Typen Modell dient, w\u00e4hrend dem 10-t\u00e4gigen Studienganges f\u00fcr angewandtes Coaching, der Grundlage und Erweiterung von Menschenkenntniss. Als alltagtaugliches Modell tr\u00e4gt es zu gr\u00f6sserem Verst\u00e4ndnis in den systemischen Interaktionen bei, wie Konlikt-, Stress- und Reizmuster, sowie den verschiedenen Kommunikationsarten.<\/strong><\/p>\n<p>Der 10-t\u00e4gige Studiengang f\u00fcr angewandtes Coaching erweitert nicht nur die Gespr\u00e4chstechnik und Methodenkompetenz, sondern hilft, sich selbst, sowie den anderen besser zu verstehen.<\/p>\n\t\t\t<a href=\"https:\/\/coachingplus.ch\/coaching-ausbildung\/10-taegiger-coaching-studiengang\/\" target=\"_self\">\n\t\t\t\t\t\tCoaching Ausbildung\n\t\t\t\t\t<\/a>\n<h2>\n\t\tWas ist dein inneres Ziel?\n\t<\/h2>\n\t<strong><em>Jede Typologie l\u00e4sst sich mit einer Landkarte vergleichen, die das Ziel hat, den \u00dcberblick zu erleichtern &#8211; keine von ihnen ist umfassend &#8211; und das Studium der Landkarte ersetzt niemals die Erfahrung des Reisens.<\/em><br \/>\n<\/strong>nach Richard Rohr\n\t\t\t<a href=\"https:\/\/www.4typen.ch\/\" target=\"_blank\" rel=\"noopener\">\n\t\t\t\t\t\tPers\u00f6nlichkeitstest\n\t\t\t\t\t<\/a>\n\t\t<h3>Professionell.<\/h3>\t\t\t\n\t\t\t\t<p>Coachingplus bildet seit \u00fcber 20 Jahren begeisterte Lernende aus und \u00fcberzeugt so mit Erfahrung und Professionalit\u00e4t.<\/p>\n\t\t<h3>Praxisorientiert.<\/h3>\t\t\t\n\t\t\t\t<p>Unsere Kurse sind so aufgebaut, dass Sie das Gelernte direkt in die Praxis umsetzen k\u00f6nnen. So bleibt es am Besten im Ged\u00e4chtnis!<\/p>\n\t\t<h3>Preiswert.<\/h3>\t\t\t\n\t\t\t\t<p>\u00a0Wir bieten Ihnen ein Faires Preis &#8211; Leistungs-Verh\u00e4ltnis f\u00fcr unsere Kurse. M\u00f6gliche Subventionen sind erh\u00e4ltlich. Mehr dazu bei den FAQ&#8217;s.<\/p>\n\n","protected":false},"excerpt":{"rendered":"<p>Das Modell Der Test Das Buch Die Ausbildung Das Vier-Typen Modell nach Riemann-Thomann Ich, du und andere Komplikationen. Wenn wir mit anderen Menschen zusammenleben oder gemeinsam arbeiten, wird es nicht selten kompliziert. Generell kann das Funktionieren in Gemeinschaften mitunter durch Missverst\u00e4ndnisse erschwert und von Konflikten begleitet sein. Mensch sein bedeutet, verschieden zu sein. In unserer [&hellip;]<\/p>\n","protected":false},"author":501,"featured_media":16639,"parent":0,"menu_order":0,"comment_status":"closed","ping_status":"closed","template":"","meta":{"_seopress_robots_primary_cat":"","_seopress_titles_title":"4-Typen-Modell nach Riemann-Thomann","_seopress_titles_desc":"Das Zusammenleben, das Arbeiten im Team, ja generell das Funktionieren als Gemeinschaft, wird anhand des 4-Typen-Modell verst\u00e4ndlich skizziert.","_seopress_robots_index":"","site-sidebar-layout":"no-sidebar","site-content-layout":"page-builder","ast-site-content-layout":"full-width-container","site-content-style":"unboxed","site-sidebar-style":"unboxed","ast-global-header-display":"","ast-banner-title-visibility":"","ast-main-header-display":"","ast-hfb-above-header-display":"","ast-hfb-below-header-display":"","ast-hfb-mobile-header-display":"","site-post-title":"disabled","ast-breadcrumbs-content":"","ast-featured-img":"disabled","footer-sml-layout":"","ast-disable-related-posts":"","theme-transparent-header-meta":"default","adv-header-id-meta":"","stick-header-meta":"","header-above-stick-meta":"","header-main-stick-meta":"","header-below-stick-meta":"","astra-migrate-meta-layouts":"set","ast-page-background-enabled":"default","ast-page-background-meta":{"desktop":{"background-color":"","background-image":"","background-repeat":"repeat","background-position":"center center","background-size":"auto","background-attachment":"scroll","background-type":"","background-media":"","overlay-type":"","overlay-color":"","overlay-opacity":"","overlay-gradient":""},"tablet":{"background-color":"","background-image":"","background-repeat":"repeat","background-position":"center center","background-size":"auto","background-attachment":"scroll","background-type":"","background-media":"","overlay-type":"","overlay-color":"","overlay-opacity":"","overlay-gradient":""},"mobile":{"background-color":"","background-image":"","background-repeat":"repeat","background-position":"center center","background-size":"auto","background-attachment":"scroll","background-type":"","background-media":"","overlay-type":"","overlay-color":"","overlay-opacity":"","overlay-gradient":""}},"ast-content-background-meta":{"desktop":{"background-color":"var(--ast-global-color-5)","background-image":"","background-repeat":"repeat","background-position":"center center","background-size":"auto","background-attachment":"scroll","background-type":"","background-media":"","overlay-type":"","overlay-color":"","overlay-opacity":"","overlay-gradient":""},"tablet":{"background-color":"var(--ast-global-color-5)","background-image":"","background-repeat":"repeat","background-position":"center center","background-size":"auto","background-attachment":"scroll","background-type":"","background-media":"","overlay-type":"","overlay-color":"","overlay-opacity":"","overlay-gradient":""},"mobile":{"background-color":"var(--ast-global-color-5)","background-image":"","background-repeat":"repeat","background-position":"center center","background-size":"auto","background-attachment":"scroll","background-type":"","background-media":"","overlay-type":"","overlay-color":"","overlay-opacity":"","overlay-gradient":""}},"iawp_total_views":6429,"footnotes":""},"class_list":["post-16638","page","type-page","status-publish","has-post-thumbnail","hentry"],"_links":{"self":[{"href":"https:\/\/coachingplus.ch\/fr\/wp-json\/wp\/v2\/pages\/16638","targetHints":{"allow":["GET"]}}],"collection":[{"href":"https:\/\/coachingplus.ch\/fr\/wp-json\/wp\/v2\/pages"}],"about":[{"href":"https:\/\/coachingplus.ch\/fr\/wp-json\/wp\/v2\/types\/page"}],"author":[{"embeddable":true,"href":"https:\/\/coachingplus.ch\/fr\/wp-json\/wp\/v2\/users\/501"}],"replies":[{"embeddable":true,"href":"https:\/\/coachingplus.ch\/fr\/wp-json\/wp\/v2\/comments?post=16638"}],"version-history":[{"count":24,"href":"https:\/\/coachingplus.ch\/fr\/wp-json\/wp\/v2\/pages\/16638\/revisions"}],"predecessor-version":[{"id":17138,"href":"https:\/\/coachingplus.ch\/fr\/wp-json\/wp\/v2\/pages\/16638\/revisions\/17138"}],"wp:featuredmedia":[{"embeddable":true,"href":"https:\/\/coachingplus.ch\/fr\/wp-json\/wp\/v2\/media\/16639"}],"wp:attachment":[{"href":"https:\/\/coachingplus.ch\/fr\/wp-json\/wp\/v2\/media?parent=16638"}],"curies":[{"name":"wp","href":"https:\/\/api.w.org\/{rel}","templated":true}]}}