{"id":16068,"date":"2023-04-11T14:04:40","date_gmt":"2023-04-11T12:04:40","guid":{"rendered":"https:\/\/coachingplus.ch\/?page_id=16068"},"modified":"2025-01-16T11:00:42","modified_gmt":"2025-01-16T10:00:42","slug":"modele-de-seminaireriemann-thomann-2","status":"publish","type":"page","link":"https:\/\/coachingplus.ch\/fr\/seminar-humor-im-coaching\/","title":{"rendered":"L'humour dans le coaching"},"content":{"rendered":"<h1>\n\t\t\t\tL'humour dans le coaching\n\t\t\t<\/h1>\n\t<h4>\n\t\t\t\tS\u00e9minaire d'une journ\u00e9e\n\t\t\t<\/h4>\n\t\t\t<nav  aria-label=\"Fil d&#039;Ariane\"><ol class=\"breadcrumb\"><li class=\"breadcrumb-item active\" aria-current=\"page\"><span>Accueil<\/span><\/li><\/ol><\/nav>\t\n\t<ul>\n\t\t\t<li>\n\t\t\t\t<a href=\"#Pr\u00e4sentation\" target=\"_self\"  data-hover=\"Inhalt Seminar\">Contenu du s\u00e9minaire<\/a>\n\t\t<\/li>\n\t\t\t\t\t<li>\n\t\t\t\t<a href=\"https:\/\/coachingplus.ch\/fr\/sinscrire\/\" target=\"_self\"  data-hover=\"Anmelden\">S'inscrire<\/a>\n\t\t<\/li>\n\t\t\t\t\t<li>\n\t\t\t\t<a href=\"#Dozent\" target=\"_self\"  data-hover=\"Dozent\">Charg\u00e9 de cours<\/a>\n\t\t<\/li>\n\t\t\t\t<\/ul>\n\t\t\t\t<h2><strong>L'humour dans le coaching - S\u00e9minaire d'une journ\u00e9e<\/strong><\/h2>\n<p><strong>L'humour a le potentiel de sortir du pilote automatique cognitif et de voir les choses sous un jour nouveau. Des confusions joyeuses permettent de d\u00e9tendre l'atmosph\u00e8re et d'envisager la situation sous un angle nouveau. C'est justement pendant les processus de changement que l'humour peut repr\u00e9senter une ressource pr\u00e9cieuse dans le coaching. Le s\u00e9minaire d'une journ\u00e9e se base sur les r\u00e9sultats actuels de la recherche en psychologie positive et sur l'entra\u00eenement \u00e0 l'humour bien \u00e9tabli de Paul McGhee.<\/strong><\/p>\n\t\t\t\t<p><strong>Objectif de ce s\u00e9minaire :<br \/><\/strong>Le s\u00e9minaire aide \u00e0 mieux comprendre l'humour et \u00e0 l'utiliser activement comme ressource dans le coaching.<\/p>\n<p><strong>Application <br \/><\/strong>La journ\u00e9e se d\u00e9roulera dans un format interactif. Il y aura de la place pour des discussions et des exercices pratiques afin d'appliquer directement les connaissances acquises.<\/p>\n<p><strong>Cibles<br \/><\/strong>Le s\u00e9minaire d'une journ\u00e9e \"L'humour dans le coaching\" s'adresse \u00e0 tous ceux qui s'int\u00e9ressent au coaching et au conseil ou qui travaillent d\u00e9j\u00e0 comme coach.<\/p>\n\t\t\t<h3>Contenu du s\u00e9minaire<\/h3>\t\t\t\n\t\t\t\t<ul>\n<li>Introduction \u00e0 la psychologie positive et \u00e0 la recherche sur l'humour<\/li>\n<li>La base de l'humour<\/li>\n<li>Styles d'humour : comment s'exprime l'humour.<\/li>\n<li>Introduction et application des ruptures de plan positives<\/li>\n<li>Utiliser les ruptures de plans positives dans le coaching<\/li>\n<li>\u00a0<\/li>\n<\/ul>\n\t\t\t\t\t\t\t<h4>S\u00e9minaire d'une journ\u00e9e - L'humour dans le coaching<\/h4>\n\t\t\t\t\t\t\t\t\t<h2>\n\t\t\t\t\t400 FRANCS SUISSES\t\t\t\t\t\t\t\t\t\t<\/h2>\n\t\t\t\t\t\t\t\t<ul>\n\t\t\t\t\t\t\t\t\t\t\t\t\t\t\t\t\t\t<li>\n\t\t\t\t\t\t\t\t\t\t\t\t\t\t\t\t\tHoraire de 8h30 \u00e0 16h45\t\t\t\t\t\n\t\t\t\t\t\t<\/li>\n\t\t\t\t<\/ul>\n\t\t\t<a href=\"https:\/\/coachingplus.ch\/fr\/sinscrire\/?kat=Seminare\" title=\"Cliquez ici\" target=\"_self\"   role=\"button\" aria-label=\"Dates et inscription\">\n\t\t\t\t\t\t\tDates et inscription\n\t\t<\/a>\n\t\t\t\t<img decoding=\"async\" src=\"https:\/\/coachingplus.ch\/wp-content\/uploads\/2023\/04\/bensch-sager-best-scaled-e1681216270311.jpg\" alt=\"bensch sager\" itemprop=\"image\" height=\"832\" width=\"934\" title=\"Bensch Sager\" onerror=\"this.style.display='none'\"  \/>\n\t\t<h3>Bensch Sager<\/h3>\n<p>Bensch est peut-\u00eatre le troisi\u00e8me meilleur formateur en humour de Suisse. Il est formateur certifi\u00e9 ZRM\u00ae et psychologue de l'innovation. Il a une vaste exp\u00e9rience dans les settings individuels et de groupe et est copropri\u00e9taire de <a href=\"http:\/\/www.teamhumor.ch\">Humour d'\u00e9quipe<\/a> et <a href=\"http:\/\/www.mutanfall.org\/\">Coup de courage<\/a>.<\/p>\n<p>&nbsp;<\/p>\n\t\t<h3>Professionnelle<\/h3>\t\t\t\n\t\t\t\t<p>Coachingplus forme depuis plus de 20 ans des \u00e9tudiants enthousiastes, et convainc ainsi par son exp\u00e9rience et son professionnalisme.<\/p>\n\t\t<h3>Orient\u00e9e vers la pratique<\/h3>\t\t\t\n\t\t\t\t<p>Nos cours sont con\u00e7us de mani\u00e8re \u00e0 ce que vous puissiez mettre directement en pratique ce que vous avez appris. C'est la meilleure fa\u00e7on de retenir l'enseignement transmis!<\/p>\n\t\t<h3>Peu co\u00fbteuse<\/h3>\t\t\t\n\t\t\t\t<p>\u00a0Nous offrons un bon rapport qualit\u00e9-prix pour nos cours. Des subventions \u00e9ventuelles sont disponibles. Pour en savoir plus, consultez la FAQ.<\/p>","protected":false},"excerpt":{"rendered":"<p>Humor im Coaching Tagesseminar Inhalt Seminar Anmelden Dozent Humor im Coaching &#8211; Tagesseminar Humor birgt das Potenzial, aus dem kognitiven Autopiloten auszusteigen und Dinge in einem neuen Licht zu sehen. Durch heitere Verwirrungen kann die Atmosph\u00e4re gelockert und die Situation neu betrachtet werden. Gerade w\u00e4hrend Ver\u00e4nderungsprozessen kann Humor im Coaching eine wertvolle Ressource darstellen. Das [&hellip;]<\/p>\n","protected":false},"author":20,"featured_media":0,"parent":0,"menu_order":0,"comment_status":"closed","ping_status":"closed","template":"","meta":{"_seopress_robots_primary_cat":"","_seopress_titles_title":"Humor im Coaching - Tagesseminar  ","_seopress_titles_desc":"Humor birgt das Potenzial, aus dem kognitiven Autopiloten auszusteigen und Dinge in einem neuen Licht zu sehen. Durch heitere Verwirrungen kann die Atmosph\u00e4re gelockert und die Situation neu betrachtet werden. Gerade w\u00e4hrend Ver\u00e4nderungsprozessen kann Humor im Coaching eine wertvolle Ressource darstellen.","_seopress_robots_index":"","site-sidebar-layout":"no-sidebar","site-content-layout":"page-builder","ast-site-content-layout":"full-width-container","site-content-style":"unboxed","site-sidebar-style":"unboxed","ast-global-header-display":"","ast-banner-title-visibility":"","ast-main-header-display":"","ast-hfb-above-header-display":"","ast-hfb-below-header-display":"","ast-hfb-mobile-header-display":"","site-post-title":"disabled","ast-breadcrumbs-content":"","ast-featured-img":"disabled","footer-sml-layout":"","ast-disable-related-posts":"","theme-transparent-header-meta":"default","adv-header-id-meta":"","stick-header-meta":"","header-above-stick-meta":"","header-main-stick-meta":"","header-below-stick-meta":"","astra-migrate-meta-layouts":"set","ast-page-background-enabled":"default","ast-page-background-meta":{"desktop":{"background-color":"","background-image":"","background-repeat":"repeat","background-position":"center center","background-size":"auto","background-attachment":"scroll","background-type":"","background-media":"","overlay-type":"","overlay-color":"","overlay-opacity":"","overlay-gradient":""},"tablet":{"background-color":"","background-image":"","background-repeat":"repeat","background-position":"center center","background-size":"auto","background-attachment":"scroll","background-type":"","background-media":"","overlay-type":"","overlay-color":"","overlay-opacity":"","overlay-gradient":""},"mobile":{"background-color":"","background-image":"","background-repeat":"repeat","background-position":"center center","background-size":"auto","background-attachment":"scroll","background-type":"","background-media":"","overlay-type":"","overlay-color":"","overlay-opacity":"","overlay-gradient":""}},"ast-content-background-meta":{"desktop":{"background-color":"var(--ast-global-color-5)","background-image":"","background-repeat":"repeat","background-position":"center center","background-size":"auto","background-attachment":"scroll","background-type":"","background-media":"","overlay-type":"","overlay-color":"","overlay-opacity":"","overlay-gradient":""},"tablet":{"background-color":"var(--ast-global-color-5)","background-image":"","background-repeat":"repeat","background-position":"center center","background-size":"auto","background-attachment":"scroll","background-type":"","background-media":"","overlay-type":"","overlay-color":"","overlay-opacity":"","overlay-gradient":""},"mobile":{"background-color":"var(--ast-global-color-5)","background-image":"","background-repeat":"repeat","background-position":"center center","background-size":"auto","background-attachment":"scroll","background-type":"","background-media":"","overlay-type":"","overlay-color":"","overlay-opacity":"","overlay-gradient":""}},"iawp_total_views":724,"footnotes":""},"class_list":["post-16068","page","type-page","status-publish","hentry"],"_links":{"self":[{"href":"https:\/\/coachingplus.ch\/fr\/wp-json\/wp\/v2\/pages\/16068","targetHints":{"allow":["GET"]}}],"collection":[{"href":"https:\/\/coachingplus.ch\/fr\/wp-json\/wp\/v2\/pages"}],"about":[{"href":"https:\/\/coachingplus.ch\/fr\/wp-json\/wp\/v2\/types\/page"}],"author":[{"embeddable":true,"href":"https:\/\/coachingplus.ch\/fr\/wp-json\/wp\/v2\/users\/20"}],"replies":[{"embeddable":true,"href":"https:\/\/coachingplus.ch\/fr\/wp-json\/wp\/v2\/comments?post=16068"}],"version-history":[{"count":16,"href":"https:\/\/coachingplus.ch\/fr\/wp-json\/wp\/v2\/pages\/16068\/revisions"}],"predecessor-version":[{"id":16902,"href":"https:\/\/coachingplus.ch\/fr\/wp-json\/wp\/v2\/pages\/16068\/revisions\/16902"}],"wp:attachment":[{"href":"https:\/\/coachingplus.ch\/fr\/wp-json\/wp\/v2\/media?parent=16068"}],"curies":[{"name":"wp","href":"https:\/\/api.w.org\/{rel}","templated":true}]}}