{"id":15849,"date":"2023-01-13T14:46:38","date_gmt":"2023-01-13T13:46:38","guid":{"rendered":"https:\/\/coachingplus.ch\/?page_id=15849"},"modified":"2025-12-09T17:50:13","modified_gmt":"2025-12-09T16:50:13","slug":"enneagramme-de-base","status":"publish","type":"page","link":"https:\/\/coachingplus.ch\/fr\/erlebnis-naturcoach\/","title":{"rendered":"Coach nature et aventure"},"content":{"rendered":"<h1>\n\t\t\t\tCoach nature et aventure certifi\u00e9 CP\n\t\t\t<\/h1>\n\t<h4>\n\t\t\t\tFormation de coach certifi\u00e9 nature et aventure CP\n\t\t\t<\/h4>\n\t\t\t<nav  aria-label=\"Fil d&#039;Ariane\"><ol class=\"breadcrumb\"><li class=\"breadcrumb-item active\" aria-current=\"page\"><span>Accueil<\/span><\/li><\/ol><\/nav>\t\n\t<ul>\n\t\t\t<li>\n\t\t\t<a href=\"#Pr\u00e4sentation\" target=\"_self\"  data-hover=\"Inhalt Seminar\" aria-label=\"Contenu du s\u00e9minaire\">Contenu du s\u00e9minaire<\/a>\n\t\t<\/li>\n\t\t\t\t\t<li>\n\t\t\t<a href=\"https:\/\/coachingplus.ch\/fr\/sinscrire\/\" target=\"_self\"  data-hover=\"Anmelden\" aria-label=\"S&#039;inscrire\">S'inscrire<\/a>\n\t\t<\/li>\n\t\t\t\t\t<li>\n\t\t\t<a href=\"#Dozent\" target=\"_self\"  data-hover=\"Dozenten\" aria-label=\"Professeurs\">Professeurs<\/a>\n\t\t<\/li>\n\t\t\t\t<\/ul>\n\t\t\t\t<h2><strong>Coach nature et aventure certifi\u00e9 CP<\/strong><\/h2>\n<p><strong><br \/>Le coaching nature et exp\u00e9rience permet des processus d'exp\u00e9rience globaux \u00e0 l'ext\u00e9rieur, dans la nature. En effet, la nature nous montre des miroirs inattendus et nous donne des impulsions directes pour trouver des solutions. Si le corps s'y d\u00e9place, l'esprit et l'\u00e2me se d\u00e9placent aussi plus facilement. C'est un grand avantage pour les bons processus de coaching.<\/strong><\/p>\n<p>La nature, en tant que miroir et espace de r\u00e9sonance, nous plonge toujours dans un \u00e9tonnement contemplatif et facilite le chemin vers de nouvelles compr\u00e9hensions. La diversit\u00e9 des changements de perspective possibles, comme par exemple la vue depuis le sommet d'une montagne vers la vall\u00e9e, le regard dans le terrier d'un renard ou la promenade dans le brouillard, favorise la recherche de solutions cr\u00e9atives et fra\u00eeches.<\/p>\n<p>De nombreuses observations faites en plein air peuvent parfaitement \u00eatre transpos\u00e9es \u00e0 des th\u00e8mes, des d\u00e9fis et des questions d'ordre professionnel ou priv\u00e9. La r\u00e9flexion sur l'exp\u00e9rience v\u00e9cue et les m\u00e9taphores de la nature offrent ainsi une base pour un transfert durable dans la vie quotidienne.<\/p>\n\t\t\t<h3>Objectif, utilit\u00e9 et b\u00e9n\u00e9fice de la formation<\/h3>\t\t\t\n\t\t\t\t<p>Les approches de coaching peuvent \u00eatre aussi diff\u00e9rentes que les personnes. Le coaching nature et exp\u00e9rience est une m\u00e9thode intuitive et cr\u00e9ative qui permet d'\u00e9largir le coaching \u00e0 l'espace naturel. Il permet d'absorber des impulsions nouvelles avec les clients et de d\u00e9couvrir de nouvelles perspectives et de multiples options d'action dans l'espace de r\u00e9sonance qu'est la nature.\u00a0<\/p>\n<p>Le coach re\u00e7oit de nombreux outils pratiques qu'il peut utiliser dans la nature avec des individus ou des groupes.<\/p>\n<p><strong>Les faits les plus importants en bref :<\/strong><\/p>\n<ul>\n<li>Exp\u00e9rience, apprentissage et application directe d'outils de coaching exp\u00e9rientiel et naturel<\/li>\n<li>Transmission de m\u00e9thodes sp\u00e9cifiques pour le coaching d'\u00e9quipe et individuel<\/li>\n<li>La globalit\u00e9 de cette approche de coaching et sa plus-value sont v\u00e9cues et comprises \u00e0 grande \u00e9chelle.<\/li>\n<li>Temps personnel pour la r\u00e9flexion et l'introspection dans la nature\u00a0<\/li>\n<\/ul>\n<p><strong>Plus de d\u00e9tails :<\/strong><\/p>\n<ul>\n<li>Le cours comprend 3 blocs de formation de 2 jours chacun (y compris l'h\u00e9bergement et les repas).<\/li>\n<li>Toutes les unit\u00e9s de cours ont lieu, si possible, \u00e0 l'ext\u00e9rieur.<\/li>\n<li>Le lieu d'ex\u00e9cution est Hedingen ZH<\/li>\n<li>Nuit en chambre \u00e0 plusieurs lits<\/li>\n<li>Les repas sont pr\u00e9par\u00e9s en commun sur le feu ouvert<\/li>\n<li>Taille du groupe min. 10 \u00e0 max. 20 personnes<\/li>\n<\/ul>\n<p><strong>Formation compl\u00e8te Cert. Coach nature et d\u00e9couverte CP<\/strong><\/p>\n<ul>\n<li><strong>Module de base<\/strong>:\u00a0<a href=\"https:\/\/coachingplus.ch\/fr\/formation-de-coaching\/cursus-de-10-jours-de-coaching\/\" target=\"_blank\" rel=\"noopener\">Dipl\u00f4me de 10 jours d'\u00e9tudes de coaching appliqu\u00e9 ou de formation ad\u00e9quate en conseil<\/a><\/li>\n<li><strong>Modules de perfectionnement<\/strong>:\u00a0<a href=\"https:\/\/coachingplus.ch\/fr\/formation-de-coaching\/modules-de-formation-pour-le-coaching-applique\/\" target=\"_blank\" rel=\"noopener\">Participation aux modules de perfectionnement Comp\u00e9tences d'accompagnement des processus et Coaching d'\u00e9quipe (2 jours chacun)<\/a><\/li>\n<li><strong>Module d'approfondissement<\/strong>Formation de 6 jours de coaching nature et aventure<\/li>\n<li><strong>Paquet de certificats<\/strong>: <a href=\"https:\/\/coachingplus.ch\/fr\/paquet-de-certificats\/\" target=\"_blank\" rel=\"noopener\">R\u00e9servation et mise en \u0153uvre du package de certificats<\/a><\/li>\n<li><strong>Total : 20 jours de formation avec 172 le\u00e7ons<\/strong><\/li>\n<li><strong>Co\u00fbt total<\/strong>: 8 850 CHF<\/li>\n<\/ul>\n\t\t\t<h3>Bloc 1 (2 jours)<\/h3>\t\t\t\n\t\t\t\t<p><strong>Bases &amp; processus d'\u00e9quipe<\/strong><\/p>\n<ul>\n<li>Les bases de la p\u00e9dagogie par l'exp\u00e9rience et son histoire<\/li>\n<li>Pr\u00e9sentation de diff\u00e9rents mod\u00e8les d'apprentissage et d'impact en plein air<\/li>\n<li>Accompagnement dans l'environnement d'apprentissage de la nature<\/li>\n<li>La p\u00e9dagogie par l'exp\u00e9rience dans les processus d'\u00e9quipe<\/li>\n<\/ul>\n\t\t\t<h3>Bloc 2 (2 jours)<\/h3>\t\t\t\n\t\t\t\t<p><strong>Processus pour le coaching individuel<\/strong><\/p>\n<ul>\n<li>Effet de la nature comme espace de coaching<\/li>\n<li>La pleine conscience et le contact avec l'espace vital<\/li>\n<li>Accompagnement de processus avec l'aide de la nature<\/li>\n<li>Apprendre des outils et s'entra\u00eener aux comp\u00e9tences en plein air<\/li>\n<\/ul>\n\t\t\t<h3>Bloc 3 (2 jours)<\/h3>\t\t\t\n\t\t\t\t<p><strong>Approfondissement et transfert<br \/><\/strong><\/p>\n<ul>\n<li>Apprentissage par la pratique<\/li>\n<li>S'approprier les processus de coaching individuel et d'\u00e9quipe dans la nature<\/li>\n<li>Permettre des exp\u00e9riences et leur transfert dans la vie quotidienne<\/li>\n<li>S'entra\u00eener aux outils et vivre des moments en solo<\/li>\n<\/ul>\n\t<a href=\"https:\/\/coachingplus.ch\/fr\/paquet-de-certificats\/\" target=\"_self\"  aria-label=\"Go to https:\/\/coachingplus.ch\/zertifikatspaket\/\"><\/a>\n\t\t\t<h5>Paquet de certificats<\/h5><h3>Vers le certificat de coach nature et d\u00e9couverte CP<\/h3>\t\t\t\n<p>Le package de certificats compl\u00e8te nos formations de coach syst\u00e9mique, de coach nature &amp; exp\u00e9rience et de coach mental par des \u00e9l\u00e9ments pratiques qui renforcent votre d\u00e9veloppement personnel, vos comp\u00e9tences m\u00e9thodologiques et votre attitude professionnelle. Plus d'informations : <a href=\"https:\/\/coachingplus.ch\/fr\/paquet-de-certificats\/\">LINK<\/a><\/p>\n\t\t\t\t\t\t\t<h4>Formation de 6 jours pour devenir coach nature et d\u00e9couverte<\/h4>\n\t\t\t\t\t\t\t\t\t<h2>\n\t\t\t\t\tCHF 2'400, h\u00e9bergement et repas inclus\n\t\t\t\t\t\t\t\t\t\t\t<\/h2>\n\t\t\t\t\t\t\t\t<ul>\n\t\t\t\t\t\t\t\t\t\t\t\t\t\t\t\t\t\t<li>\n\t\t\t\t\t\t\t\t\t\t\t\t\t\t\t\t\t3 x 2 jours de 10h00 \u00e0 16h00 le lendemain (avec nuit\u00e9e)\t\t\t\t\t\n\t\t\t\t\t\t<\/li>\n\t\t\t\t<\/ul>\n\t\t\t<a href=\"https:\/\/coachingplus.ch\/fr\/sinscrire\/?kat=Natur-%20und%20Erlebniscoach\" title=\"Cliquez ici\" target=\"_self\"   role=\"button\" aria-label=\"Dates et inscription\">\n\t\t\t\t\t\t\tDates et inscription\n\t\t<\/a>\n\t<h2>\n\t\t\t\tVos experts pour la formation de coach nature et aventure\n\t\t\t<\/h2>\n\t\t\t\t<img decoding=\"async\" src=\"https:\/\/coachingplus.ch\/wp-content\/uploads\/2023\/01\/portrait-sfl-4-von-24-scaled.jpg\" alt=\"portrait sfl 4 de 24\" itemprop=\"image\" height=\"1708\" width=\"2400\" title=\"portrait sfl 4 de 24\" onerror=\"this.style.display='none'\" loading=\"lazy\" \/>\n\t\t\t\t<img decoding=\"async\" src=\"https:\/\/coachingplus.ch\/wp-content\/uploads\/2023\/06\/portrait-sfl-17-von-24-scaled.jpg\" alt=\"portrait sfl (17 de 24)\" itemprop=\"image\" height=\"1708\" width=\"2400\" title=\"Portrait SFL (17 de 24)\" onerror=\"this.style.display='none'\" loading=\"lazy\" \/>\n\t\t<h3>Bernadette Badertscher<\/h3><em>travaille depuis 2016 chez Hager Coaching + Training GmbH en tant que p\u00e9dagogue de l'aventure et guide ind\u00e9pendante. Parall\u00e8lement, elle travaille comme p\u00e9dagogue de l'environnement et de l'aventure \u00e0 l'\u00e9cole primaire et accompagne des personnes en coaching nature ou dans sa confortable cabane dans les arbres. <\/em><br \/>\n<em>Elle est mari\u00e9e et a trois enfants adolescents et jeunes adultes. Elle s'int\u00e9resse \u00e0 tout ce qui vit. Elle est passionn\u00e9e par les sorties en plein air, seules ou en groupe.<\/em>\n<p><em>\u00a0<\/em><\/p>\n<p>&nbsp;<\/p>\n\t\t<h3>Marcel Hager<\/h3>\n<p><em>Marcel Hager est conf\u00e9rencier et auteur de livres. Il est copropri\u00e9taire et co-directeur de Coachingplus GmbH. Depuis 2012, il soutient avec <a href=\"http:\/\/www.survive2life.ch\">Hager Coaching et Training GmbH,<\/a> les individus dans leur d\u00e9veloppement personnel et professionnel et renforce les \u00e9quipes par le biais de s\u00e9minaires et de team building. Gr\u00e2ce au coaching par l'exp\u00e9rience dans la nature, il accompagne litt\u00e9ralement ses clients vers un sommet ou \u00e0 travers un territoire inconnu. D\u00e9fier et encourager les gens, croire en eux et \u00e9veiller leur potentiel, voil\u00e0 ce qui le motive.<\/em><\/p>\n<h2  id=\"\u00dcbersicht\">\n\t\t\tAper\u00e7u de la formation Coachingplus\t<\/h2>\n\t<a href=\"https:\/\/coachingplus.ch\/fr\/formation-de-coaching\/cursus-de-10-jours-de-coaching\/\" target=\"_self\"  aria-label=\"Go to https:\/\/coachingplus.ch\/coaching-ausbildung\/10-taegiger-coaching-studiengang\/\"><\/a>\n\t\t\t<h3>Cours de 10 jours sur le coaching appliqu\u00e9<\/h3>\t\t\t\n\t\t\t\t<p>Module de base - Obtention du certificat<\/p>\n<h3>\n\t\t\tModules de perfectionnement\t<\/h3>\n\t<a href=\"https:\/\/coachingplus.ch\/fr\/formation-de-coaching\/formation-diplomante-pour-le-coaching-applique\/#prozess\" target=\"_self\"  aria-label=\"Go to https:\/\/coachingplus.ch\/coaching-ausbildung\/diplomausbildung-fuer-angewandtes-coaching\/#prozess\"><\/a>\n\t\t\t<h3>Comp\u00e9tences d'accompagnement du processus<\/h3>\t\t\t\n\t\t\t\t<p>2 jours<\/p>\n\t<a href=\"https:\/\/coachingplus.ch\/fr\/formation-de-coaching\/formation-diplomante-pour-le-coaching-applique\/#teamcoaching\" target=\"_self\"  aria-label=\"Go to https:\/\/coachingplus.ch\/coaching-ausbildung\/diplomausbildung-fuer-angewandtes-coaching\/#teamcoaching\"><\/a>\n\t\t\t<h3>Coaching d'\u00e9quipe<\/h3>\t\t\t\n\t\t\t\t<p>2 jours<\/p>\n\t<a href=\"https:\/\/coachingplus.ch\/fr\/formation-de-coaching\/formation-diplomante-pour-le-coaching-applique\/#selbstmgmt\" target=\"_self\"  aria-label=\"Go to https:\/\/coachingplus.ch\/coaching-ausbildung\/diplomausbildung-fuer-angewandtes-coaching\/#selbstmgmt\"><\/a>\n\t\t\t<h3>Coaching de carri\u00e8re<\/h3>\t\t\t\n\t\t\t\t<p>2 jours<\/p>\n\t<a href=\"https:\/\/coachingplus.ch\/fr\/formation-de-coaching\/formation-diplomante-pour-le-coaching-applique\/#laufbahn\" target=\"_self\"  aria-label=\"Go to https:\/\/coachingplus.ch\/coaching-ausbildung\/diplomausbildung-fuer-angewandtes-coaching\/#laufbahn\"><\/a>\n\t\t\t<h3>Le mod\u00e8le des 4 types dans le coaching syst\u00e9mique<\/h3>\t\t\t\n\t\t\t\t<p>2 jours<\/p>\n\t<a href=\"https:\/\/coachingplus.ch\/fr\/formation-de-coaching\/modules-de-formation-pour-le-coaching-applique-2\/\" target=\"_self\"  aria-label=\"Go to https:\/\/coachingplus.ch\/coaching-ausbildung\/systemischer-coach\/\"><\/a>\n\t\t\t<h3>Coach syst\u00e9mique certifi\u00e9 CP<\/h3>\t\t\t\n\t\t\t\t<p>Paquet de certificats\u00a0<br \/>Coach syst\u00e9mique CP<\/p>\n<h3>\n\t\t\tModules de perfectionnement\t<\/h3>\n\t<a href=\"https:\/\/coachingplus.ch\/fr\/formation-de-coaching\/formation-diplomante-pour-le-coaching-applique\/#prozess\" target=\"_self\"  aria-label=\"Go to https:\/\/coachingplus.ch\/coaching-ausbildung\/diplomausbildung-fuer-angewandtes-coaching\/#prozess\"><\/a>\n\t\t\t<h3>Comp\u00e9tences d'accompagnement du processus<\/h3>\t\t\t\n\t\t\t\t<p>2 jours<\/p>\n\t<a href=\"https:\/\/coachingplus.ch\/fr\/formation-de-coaching\/formation-diplomante-pour-le-coaching-applique\/#teamcoaching\" target=\"_self\"  aria-label=\"Go to https:\/\/coachingplus.ch\/coaching-ausbildung\/diplomausbildung-fuer-angewandtes-coaching\/#teamcoaching\"><\/a>\n\t\t\t<h3>Coaching d'\u00e9quipe<\/h3>\t\t\t\n\t\t\t\t<p>2 jours<\/p>\n\t<a href=\"https:\/\/coachingplus.ch\/fr\/enneagramme-de-base\/\" target=\"_self\"  aria-label=\"Go to https:\/\/coachingplus.ch\/erlebnis-naturcoach\/\"><\/a>\n\t\t\t<h3>Coach nature et aventure<\/h3>\t\t\t\n\t\t\t\t<p>3 x 2 jours<\/p>\n\t<a href=\"https:\/\/coachingplus.ch\/fr\/enneagramme-de-base\/\" target=\"_self\"  aria-label=\"Go to https:\/\/coachingplus.ch\/erlebnis-naturcoach\/\"><\/a>\n\t\t\t<h3>Coach nature et aventure certifi\u00e9 CP<\/h3>\t\t\t\n\t\t\t\t<p>Paquet de certificats\u00a0<br \/>Coach nature et aventure CP<\/p>\n<h3>\n\t\t\tModules de perfectionnement\t<\/h3>\n\t<a href=\"https:\/\/coachingplus.ch\/fr\/formation-de-coaching\/formation-diplomante-pour-le-coaching-applique\/#prozess\" target=\"_self\"  aria-label=\"Go to https:\/\/coachingplus.ch\/coaching-ausbildung\/diplomausbildung-fuer-angewandtes-coaching\/#prozess\"><\/a>\n\t\t\t<h3>Comp\u00e9tences d'accompagnement du processus<\/h3>\t\t\t\n\t\t\t\t<p>2 jours<\/p>\n\t<a href=\"https:\/\/coachingplus.ch\/fr\/formation-de-coaching\/formation-diplomante-pour-le-coaching-applique\/#teamcoaching\" target=\"_self\"  aria-label=\"Go to https:\/\/coachingplus.ch\/coaching-ausbildung\/diplomausbildung-fuer-angewandtes-coaching\/#teamcoaching\"><\/a>\n\t\t\t<h3>Coaching de carri\u00e8re<\/h3>\t\t\t\n\t\t\t\t<p>2 jours<\/p>\n\t<a href=\"https:\/\/coachingplus.ch\/fr\/modele-de-seminaireriemann-thomann\/\" target=\"_self\"  aria-label=\"Go to https:\/\/coachingplus.ch\/mental-coach\/\"><\/a>\n\t\t\t<h3>Coach mental<\/h3>\t\t\t\n\t\t\t\t<p>6 jours<\/p>\n\t<a href=\"https:\/\/coachingplus.ch\/fr\/modele-de-seminaireriemann-thomann\/\" target=\"_self\"  aria-label=\"Go to https:\/\/coachingplus.ch\/mental-coach\/\"><\/a>\n\t\t\t<h3>Coach mental certifi\u00e9 CP<\/h3>\t\t\t\n\t\t\t\t<p>Paquet de certificats<br \/>Coach mental CP<\/p>\n<h3>\n\t\t\tModule de dipl\u00f4me\t<\/h3>\n\t<a href=\"https:\/\/coachingplus.ch\/fr\/formation-de-coaching\/supervision-de-groupe\/\" target=\"_self\"  aria-label=\"Go to https:\/\/coachingplus.ch\/coaching-ausbildung\/gruppensupervision\/\"><\/a>\n\t\t\t<h3>Sessions de r\u00e9flexion<\/h3>\t\t\t\n\t\t\t\t<p>9 demi-journ\u00e9es<br \/>pendant min. 6 mois<\/p>\n<h3>\n\t\t\tEn option\t<\/h3>\n\t<a href=\"https:\/\/coachingplus.ch\/fr\/formation-de-coaching\/module-complementaire-travail-thematique\/\" target=\"_self\"  aria-label=\"Go to https:\/\/coachingplus.ch\/coaching-ausbildung\/zusatzmodul-thematische-arbeit\/\"><\/a>\n\t\t\t<h3>Travail th\u00e9matique <\/h3>\t\t\t\n\t\t\t\t<p>1\/2 journ\u00e9e<\/p>\n\t<a href=\"https:\/\/coachingplus.ch\/fr\/formation-de-coaching\/simulation-dexamen\/\" target=\"_self\"  aria-label=\"Go to https:\/\/coachingplus.ch\/coaching-ausbildung\/pruefungssimulation\/\"><\/a>\n\t\t\t<h3>Simulation d'examen<\/h3>\t\t\t\n\t\t\t\t<p>1\/2 journ\u00e9e<\/p>\n\t<a href=\"https:\/\/coachingplus.ch\/fr\/formation-de-coaching\/simulation-dexamen\/\" target=\"_self\"  aria-label=\"Go to https:\/\/coachingplus.ch\/coaching-ausbildung\/pruefungssimulation\/\"><\/a>\n\t\t\t<h3>Entretiens de formation<\/h3>\t\t\t\n\t\t\t\t<p>1\/2 journ\u00e9e<\/p>\n\t<a href=\"https:\/\/coachingplus.ch\/fr\/formation-de-coaching\/mentor-fa-dipl-coach-sca-dentreprise\/\" target=\"_self\"  aria-label=\"Go to https:\/\/coachingplus.ch\/coaching-ausbildung\/betrieblicher-mentor-fa-dipl-coach-sca\/\"><\/a>\n\t\t\t<h3>Mentor(e) d'entreprise avec brevet f\u00e9d\u00e9ral<\/h3>\t\t\t\n\t\t\t\t<p>Examen du brevet et dipl\u00f4me de coach SCA<\/p>\n\t<a href=\"https:\/\/coachingplus.ch\/fr\/seminaire-enneagramme\/\" target=\"_self\"  aria-label=\"Go to https:\/\/coachingplus.ch\/seminar-enneagramm\"><\/a>\n\t\t\t<h3>Enn\u00e9agramme<\/h3>\t\t\t\n\t\t\t\t<p>Formation<\/p>\n<h3>\n\t\t\tModule de base\t<\/h3>\n\t<a href=\"https:\/\/coachingplus.ch\/fr\/enneagramme-de-base-2\/\" target=\"_self\"  aria-label=\"Go to https:\/\/coachingplus.ch\/grundkurs-enneagramm\/\"><\/a>\n\t\t\t<h3>Cours de base sur l'enn\u00e9agramme<\/h3>\t\t\t\n\t\t\t\t<p>6 jours<\/p>\n\t<a href=\"https:\/\/coachingplus.ch\/fr\/formation-de-coaching\/cursus-de-10-jours-de-coaching\/\" target=\"_self\"  aria-label=\"Go to https:\/\/coachingplus.ch\/coaching-ausbildung\/10-taegiger-coaching-studiengang\/\"><\/a>\n\t\t\t<h3>Cours de 10 jours sur le coaching appliqu\u00e9<\/h3>\t\t\t\n\t\t\t\t<p>ou formation ad\u00e9quate en coaching \/ conseil<\/p>\n<h3>\n\t\t\tModules de perfectionnement\t<\/h3>\n\t<a href=\"https:\/\/coachingplus.ch\/fr\/enneagramme-des-modules-de-formation\/\" target=\"_self\"  aria-label=\"Go to https:\/\/coachingplus.ch\/aufbaumodule-enneagramm\/\"><\/a>\n\t\t\t<h3>Diriger de mani\u00e8re authentique avec l'enn\u00e9agramme <\/h3>\t\t\t\n\t\t\t\t<p>2 jours<\/p>\n\t<a href=\"https:\/\/coachingplus.ch\/fr\/enneagramme-des-modules-de-formation\/\" target=\"_self\"  aria-label=\"Go to https:\/\/coachingplus.ch\/aufbaumodule-enneagramm\/\"><\/a>\n\t\t\t<h3>D\u00e9veloppement d'\u00e9quipe avec l'enn\u00e9agramme<\/h3>\t\t\t\n\t\t\t\t<p>2 jours<\/p>\n\t<a href=\"https:\/\/coachingplus.ch\/fr\/enneagramme-des-modules-de-formation\/\" target=\"_self\"  aria-label=\"Go to https:\/\/coachingplus.ch\/aufbaumodule-enneagramm\/\"><\/a>\n\t\t\t<h3>Coaching avec l'enn\u00e9agramme <\/h3>\t\t\t\n\t\t\t\t<p>2 jours<\/p>\n\t<a href=\"https:\/\/coachingplus.ch\/fr\/enneagramme-des-modules-de-formation\/\" target=\"_self\"  aria-label=\"Go to https:\/\/coachingplus.ch\/aufbaumodule-enneagramm\/\"><\/a>\n\t\t\t<h3>Formateur\/trice en enn\u00e9agramme<\/h3>\t\t\t\n\t\t\t\t<p>Examen Dipl\u00f4m\u00e9(e)<br \/>Formateur(trice) en Enn\u00e9agramme CP<\/p>\n\t\t\t<img decoding=\"async\" loading=\"false\" src=\"https:\/\/coachingplus.ch\/wp-content\/uploads\/2023\/09\/hp002.jpg\" alt=\"hp002\" \/>\t\t\t\n\t\t\t<img decoding=\"async\" loading=\"false\" src=\"https:\/\/coachingplus.ch\/wp-content\/uploads\/2023\/09\/hp001.jpg\" alt=\"hp001\" \/>\t\t\t\n\t\t\t<img decoding=\"async\" loading=\"false\" src=\"https:\/\/coachingplus.ch\/wp-content\/uploads\/2023\/09\/hp003.jpg\" alt=\"hp003\" \/>\t\t\t\n\t\t\t<img decoding=\"async\" loading=\"false\" src=\"https:\/\/coachingplus.ch\/wp-content\/uploads\/2023\/09\/hp004.jpg\" alt=\"hp004\" \/>\t\t\t\n\t\t\t\t<a href=\"#\" aria-label=\"previous\" role=\"button\">\n<\/a>\n\t\t\t\t<a href=\"#\" aria-label=\"suivant\" role=\"button\">\n<\/a>\n\t\t<iframe loading=\"lazy\" hcb-fetch-image-from=\"https:\/\/youtu.be\/7fGhTXY4jBo\" title=\"Cours de coaching nature et aventure certifi\u00e9\" width=\"500\" height=\"281\" src=\"https:\/\/www.youtube.com\/embed\/7fGhTXY4jBo?feature=oembed\" frameborder=\"0\" allow=\"accelerometer; autoplay; clipboard-write; encrypted-media; gyroscope; picture-in-picture; web-share\" referrerpolicy=\"strict-origin-when-cross-origin\" allowfullscreen><\/iframe>\t\n\t\t\t\t<a href=\"https:\/\/www.survive2life.ch\/island-trekking.html\"  target=\"_blank\" rel=\"noopener\"  itemprop=\"url\">\n\t\t\t\t<img decoding=\"async\" src=\"https:\/\/coachingplus.ch\/wp-content\/plugins\/bb-plugin\/img\/pixel.png\" alt=\"Enn\u00e9agramme\" itemprop=\"image\" onerror=\"this.style.display='none'\" loading=\"lazy\" \/>\n\t\t\t\t<\/a>\n\t\t<h3>Professionnelle<\/h3>\t\t\t\n\t\t\t\t<p>Coachingplus forme depuis plus de 20 ans des \u00e9tudiants enthousiastes, et convainc ainsi par son exp\u00e9rience et son professionnalisme.<\/p>\n\t\t<h3>Orient\u00e9e vers la pratique<\/h3>\t\t\t\n\t\t\t\t<p>Nos cours sont con\u00e7us de mani\u00e8re \u00e0 ce que vous puissiez mettre directement en pratique ce que vous avez appris. C'est la meilleure fa\u00e7on de retenir l'enseignement transmis!<\/p>\n\t\t<h3>Peu co\u00fbteuse<\/h3>\t\t\t\n\t\t\t\t<p>\u00a0Nous vous proposons un rapport qualit\u00e9-prix \u00e9quitable pour nos cours.<\/p>","protected":false},"excerpt":{"rendered":"<p>Zertifizierter Natur- und Erlebniscoach CP Ausbildung zum Zertifizierten Natur- und Erlebniscoach CP Inhalt Seminar Anmelden Dozenten Zertifizierter Natur- und Erlebniscoach CP Natur- und Erlebniscoaching erm\u00f6glicht ganzheitliche Erfahrungsprozesse draussen in der Natur. Denn die Natur zeigt uns unerwartete Spiegel und vermittelt direkte L\u00f6sungsimpulse. Bewegt sich der K\u00f6rper darin, bewegen sich auch Geist und Seele einfacher. Ein [&hellip;]<\/p>\n","protected":false},"author":20,"featured_media":0,"parent":0,"menu_order":0,"comment_status":"closed","ping_status":"closed","template":"","meta":{"_seopress_robots_primary_cat":"","_seopress_titles_title":"Natur- und Erlebniscoach","_seopress_titles_desc":"Der Lehrgang Natur- und Erlebniscoach gibt Ihnen Werkzeuge in die Hand, um in und mit der Natur eine effektive Form des Coachings mit Einzelpersonen oder Gruppen anzuwenden. \r\n","_seopress_robots_index":"","site-sidebar-layout":"no-sidebar","site-content-layout":"page-builder","ast-site-content-layout":"default","site-content-style":"default","site-sidebar-style":"default","ast-global-header-display":"","ast-banner-title-visibility":"","ast-main-header-display":"","ast-hfb-above-header-display":"","ast-hfb-below-header-display":"","ast-hfb-mobile-header-display":"","site-post-title":"disabled","ast-breadcrumbs-content":"","ast-featured-img":"disabled","footer-sml-layout":"","ast-disable-related-posts":"","theme-transparent-header-meta":"default","adv-header-id-meta":"","stick-header-meta":"","header-above-stick-meta":"","header-main-stick-meta":"","header-below-stick-meta":"","astra-migrate-meta-layouts":"default","ast-page-background-enabled":"default","ast-page-background-meta":{"desktop":{"background-color":"","background-image":"","background-repeat":"repeat","background-position":"center center","background-size":"auto","background-attachment":"scroll","background-type":"","background-media":"","overlay-type":"","overlay-color":"","overlay-opacity":"","overlay-gradient":""},"tablet":{"background-color":"","background-image":"","background-repeat":"repeat","background-position":"center center","background-size":"auto","background-attachment":"scroll","background-type":"","background-media":"","overlay-type":"","overlay-color":"","overlay-opacity":"","overlay-gradient":""},"mobile":{"background-color":"","background-image":"","background-repeat":"repeat","background-position":"center center","background-size":"auto","background-attachment":"scroll","background-type":"","background-media":"","overlay-type":"","overlay-color":"","overlay-opacity":"","overlay-gradient":""}},"ast-content-background-meta":{"desktop":{"background-color":"var(--ast-global-color-5)","background-image":"","background-repeat":"repeat","background-position":"center center","background-size":"auto","background-attachment":"scroll","background-type":"","background-media":"","overlay-type":"","overlay-color":"","overlay-opacity":"","overlay-gradient":""},"tablet":{"background-color":"var(--ast-global-color-5)","background-image":"","background-repeat":"repeat","background-position":"center center","background-size":"auto","background-attachment":"scroll","background-type":"","background-media":"","overlay-type":"","overlay-color":"","overlay-opacity":"","overlay-gradient":""},"mobile":{"background-color":"var(--ast-global-color-5)","background-image":"","background-repeat":"repeat","background-position":"center center","background-size":"auto","background-attachment":"scroll","background-type":"","background-media":"","overlay-type":"","overlay-color":"","overlay-opacity":"","overlay-gradient":""}},"iawp_total_views":9977,"footnotes":""},"class_list":["post-15849","page","type-page","status-publish","hentry"],"_links":{"self":[{"href":"https:\/\/coachingplus.ch\/fr\/wp-json\/wp\/v2\/pages\/15849","targetHints":{"allow":["GET"]}}],"collection":[{"href":"https:\/\/coachingplus.ch\/fr\/wp-json\/wp\/v2\/pages"}],"about":[{"href":"https:\/\/coachingplus.ch\/fr\/wp-json\/wp\/v2\/types\/page"}],"author":[{"embeddable":true,"href":"https:\/\/coachingplus.ch\/fr\/wp-json\/wp\/v2\/users\/20"}],"replies":[{"embeddable":true,"href":"https:\/\/coachingplus.ch\/fr\/wp-json\/wp\/v2\/comments?post=15849"}],"version-history":[{"count":11,"href":"https:\/\/coachingplus.ch\/fr\/wp-json\/wp\/v2\/pages\/15849\/revisions"}],"predecessor-version":[{"id":17435,"href":"https:\/\/coachingplus.ch\/fr\/wp-json\/wp\/v2\/pages\/15849\/revisions\/17435"}],"wp:attachment":[{"href":"https:\/\/coachingplus.ch\/fr\/wp-json\/wp\/v2\/media?parent=15849"}],"curies":[{"name":"wp","href":"https:\/\/api.w.org\/{rel}","templated":true}]}}