{"id":15478,"date":"2022-08-19T14:01:19","date_gmt":"2022-08-19T12:01:19","guid":{"rendered":"https:\/\/coachingplus.ch\/?page_id=15478"},"modified":"2025-11-25T09:17:41","modified_gmt":"2025-11-25T08:17:41","slug":"visualiser-dans-le-coaching","status":"publish","type":"page","link":"https:\/\/coachingplus.ch\/fr\/visualisieren-im-coaching\/","title":{"rendered":"La visualisation dans le coaching"},"content":{"rendered":"<h1>\n\t\t\t\tLa visualisation dans le coaching \n\t\t\t<\/h1>\n\t<h4>\n\t\t\t\tConseiller et accompagner avec des esquisses et des sketchnotes\n\t\t\t<\/h4>\n\t\t\t<nav  aria-label=\"Fil d&#039;Ariane\"><ol class=\"breadcrumb\"><li class=\"breadcrumb-item active\" aria-current=\"page\"><span>Accueil<\/span><\/li><\/ol><\/nav>\t\n\t<ul>\n\t\t\t<li>\n\t\t\t<a href=\"#Entscheidung\" target=\"_self\"  data-hover=\"Inhalt Seminar\" aria-label=\"Contenu du s\u00e9minaire\">Contenu du s\u00e9minaire<\/a>\n\t\t<\/li>\n\t\t\t\t\t<li>\n\t\t\t<a href=\"https:\/\/coachingplus.ch\/fr\/sinscrire\/\" target=\"_self\"  data-hover=\"Anmelden\" aria-label=\"S&#039;inscrire\">S'inscrire<\/a>\n\t\t<\/li>\n\t\t\t\t\t<li>\n\t\t\t<a href=\"#Dozent\" target=\"_self\"  data-hover=\"Leitung\" aria-label=\"Direction\">Direction<\/a>\n\t\t<\/li>\n\t\t\t\t<\/ul>\n\t\t\t<h2>La visualisation dans le coaching<\/h2>\t\t\t\n\t\t\t\t<p><strong>Dans ce cours, vous apprendrez \u00e0 utiliser des techniques de visualisation simples pour soutenir efficacement vos coachings, consultations et entretiens. Vous apprendrez comment rendre visibles les pens\u00e9es, les sentiments et les processus - que ce soit sur du papier A3\/A4 ou sur un flipchart.<\/strong><\/p>\n\t\t\t\t<p>Nous gribouillons ensemble des personnes, des personnages et des \u201emonstres \u00e9motionnels\u201c afin de repr\u00e9senter clairement des \u00e9motions et des \u00e9tats. Vous apprendrez \u00e9galement \u00e0 utiliser des \u00e9l\u00e9ments de sketchnote et des mod\u00e8les simples de mani\u00e8re cibl\u00e9e dans le cadre du coaching - par exemple pour le travail sur les objectifs, les bilans ou les r\u00e9flexions.<\/p>\n<p>Le cours est ax\u00e9 sur la pratique et propose de nombreux exemples, supports et conseils afin que vous puissiez appliquer imm\u00e9diatement ce que vous avez appris dans votre coaching.<\/p>\n\t\t\t<h3>Objectif de ce s\u00e9minaire :<\/h3>\t\t\t\n\t\t\t\t<ul type=\"disc\">\n<li>Vous connaissez diff\u00e9rentes formes de visualisation et de mat\u00e9riel pour le coaching et le conseil.<\/li>\n<li>Vous pouvez dessiner des figures simples, des \u00e9motions et des symboles - m\u00eame sans talent pour le dessin.<\/li>\n<li>Vous savez comment cr\u00e9er plus de clart\u00e9 avec un cadre, une couleur et une structure.<\/li>\n<li>Vous pouvez adapter vos propres mod\u00e8les \u00e0 vos th\u00e8mes de coaching.<\/li>\n<li>Vous cr\u00e9ez pendant le cours vos propres visualisations que vous pouvez utiliser directement.<\/li>\n<li>Vous d\u00e9couvrez comment la visualisation permet d'approfondir les processus de coaching -\u00a0<strong>Attention, risque de d\u00e9pendance !<\/strong><\/li>\n<\/ul>\n\t\t\t<h3>Conditions pr\u00e9alables<\/h3>\t\t\t\n\t\t\t\t<p><strong>AUCUNE<\/strong> des conditions (cr\u00e9atives) particuli\u00e8res. Le cours s'adresse aux coachs, aux conseillers, aux enseignants, aux responsables de cours et \u00e0 tous ceux qui souhaitent utiliser la visualisation de mani\u00e8re cibl\u00e9e dans les entretiens et les consultations.\u00a0<\/p>\n\t\t\t<h3>Inclus dans le prix du cours<\/h3>\t\t\t\n<ul>\n<li>Acc\u00e8s \u00e0 la biblioth\u00e8que d'id\u00e9es avec des mod\u00e8les pr\u00e9par\u00e9s \u00e0 reproduire ou \u00e0 imprimer<\/li>\n<li>Liens, conseils et astuces pratiques<\/li>\n<li>Kit de d\u00e9marrage avec mat\u00e9riel de visualisation<\/li>\n<li>Possibilit\u00e9 d'acheter du mat\u00e9riel apr\u00e8s le cours<\/li>\n<li>Des id\u00e9es concr\u00e8tes d\u00e9j\u00e0 pr\u00e9par\u00e9es pour vos propres coachings.<\/li>\n<\/ul>\n<p><strong>R\u00e9alis\u00e9 par les professionnels de la cr\u00e9ation de schoenerschulen.ch<\/strong><\/p>\n\u00a0\n\t\t\t\t\t\t\t<h4>La visualisation dans le coaching<\/h4>\n\t\t\t\t\t\t\t\t\t<h2>\n\t\t\t\t\t400 CHF \/ s\u00e9minaire d'une journ\u00e9e\n\t\t\t\t\t\t\t\t\t\t\t<\/h2>\n\t\t\t\t\t\t\t\t<ul>\n\t\t\t\t\t\t\t\t\t\t\t\t\t\t\t\t\t\t<li>\n\t\t\t\t\t\t\t\t\t\t\t\t\t\t\t\t\tde 8h30 \u00e0 16h45\t\t\t\t\t\n\t\t\t\t\t\t<\/li>\n\t\t\t\t<\/ul>\n\t\t\t<a href=\"https:\/\/coachingplus.ch\/fr\/sinscrire\/?kat=Seminare\" title=\"Cliquez ici\" target=\"_self\"   role=\"button\" aria-label=\"Dates et inscription\">\n\t\t\t\t\t\t\tDates et inscription\n\t\t<\/a>\n\t\t\t\t<img decoding=\"async\" src=\"https:\/\/coachingplus.ch\/wp-content\/uploads\/2022\/08\/DSC-3102.jpg\" alt=\"dsc 3102\" itemprop=\"image\" height=\"667\" width=\"1000\" title=\"DSC 3102\" onerror=\"this.style.display='none'\" loading=\"lazy\" \/>\n\t<h3><strong>Gabi Schwiter<br \/>\n<\/strong><\/h3>\n<p>Orient\u00e9 vers la pratique, innovant, comp\u00e9tent et avec beaucoup de c\u0153ur et d'humour, c'est Gabi Schwiter de <a href=\"http:\/\/schoenerschulen.ch\">schoenerschulen.ch<\/a>!<\/p>\n<p>Elle est convaincue que toute personne peut visualiser apr\u00e8s avoir suivi un cours sur les chevalets de conf\u00e9rence ! M\u00eame les personnes qui pensent qu'elles ne savent pas dessiner. Ou ceux qui disent ne pas \u00eatre cr\u00e9atifs.<\/p>\n<p><strong>\u00a0<\/strong><\/p>\n\t\t\t<img decoding=\"async\" loading=\"false\" src=\"https:\/\/coachingplus.ch\/wp-content\/uploads\/2023\/03\/banner-flipchart01.jpg\" alt=\"banni\u00e8re flipchart01\" \/>\t\t\t\n\t\t\t<img decoding=\"async\" loading=\"false\" src=\"https:\/\/coachingplus.ch\/wp-content\/uploads\/2023\/03\/banner-flipchart02.jpg\" alt=\"banni\u00e8re flipchart02\" \/>\t\t\t\n\t\t\t<img decoding=\"async\" loading=\"false\" src=\"https:\/\/coachingplus.ch\/wp-content\/uploads\/2023\/03\/banner-flipchart03.jpg\" alt=\"banni\u00e8re flipchart03\" \/>\t\t\t\n\t\t<h3>Professionnelle<\/h3>\t\t\t\n\t\t\t\t<p>Coachingplus forme depuis plus de 20 ans des \u00e9tudiants enthousiastes, et convainc ainsi par son exp\u00e9rience et son professionnalisme.<\/p>\n\t\t<h3>Orient\u00e9e vers la pratique<\/h3>\t\t\t\n\t\t\t\t<p>Nos cours sont con\u00e7us de mani\u00e8re \u00e0 ce que vous puissiez mettre directement en pratique ce que vous avez appris. C'est la meilleure fa\u00e7on de retenir l'enseignement transmis!<\/p>\n\t\t<h3>Peu co\u00fbteuse<\/h3>\t\t\t\n\t\t\t\t<p>\u00a0Nous offrons un bon rapport qualit\u00e9-prix pour nos cours. Des subventions \u00e9ventuelles sont disponibles. Pour en savoir plus, consultez la FAQ.<\/p>","protected":false},"excerpt":{"rendered":"<p>Visualisieren im Coaching Mit Skizzen und Sketchnotes beraten und begleiten Inhalt Seminar Anmelden Leitung Visualisieren im Coaching In diesem Kurs lernen Sie, wie Sie mit einfachen Visualisierungstechniken Ihre Coachings, Beratungen und Gespr\u00e4che wirkungsvoll unterst\u00fctzen. Sie erfahren, wie Sie Gedanken, Gef\u00fchle und Prozesse sichtbar machen &#8211; sei es auf A3\/A4 Papier oder auf Flipchart. Wir kritzeln [&hellip;]<\/p>\n","protected":false},"author":20,"featured_media":17396,"parent":0,"menu_order":0,"comment_status":"closed","ping_status":"closed","template":"","meta":{"_seopress_robots_primary_cat":"","_seopress_titles_title":"Visualisieren im Coaching","_seopress_titles_desc":"Sie brauchen kein Talent. Was Sie brauchen, ist eine gute Anleitung bei der Erlernung der richtigen Technik. Visualisierungen wirkungsvoll einsetzen.","_seopress_robots_index":"","site-sidebar-layout":"no-sidebar","site-content-layout":"page-builder","ast-site-content-layout":"full-width-container","site-content-style":"unboxed","site-sidebar-style":"unboxed","ast-global-header-display":"","ast-banner-title-visibility":"","ast-main-header-display":"","ast-hfb-above-header-display":"","ast-hfb-below-header-display":"","ast-hfb-mobile-header-display":"","site-post-title":"disabled","ast-breadcrumbs-content":"","ast-featured-img":"disabled","footer-sml-layout":"","ast-disable-related-posts":"","theme-transparent-header-meta":"default","adv-header-id-meta":"","stick-header-meta":"","header-above-stick-meta":"","header-main-stick-meta":"","header-below-stick-meta":"","astra-migrate-meta-layouts":"set","ast-page-background-enabled":"default","ast-page-background-meta":{"desktop":{"background-color":"","background-image":"","background-repeat":"repeat","background-position":"center center","background-size":"auto","background-attachment":"scroll","background-type":"","background-media":"","overlay-type":"","overlay-color":"","overlay-opacity":"","overlay-gradient":""},"tablet":{"background-color":"","background-image":"","background-repeat":"repeat","background-position":"center center","background-size":"auto","background-attachment":"scroll","background-type":"","background-media":"","overlay-type":"","overlay-color":"","overlay-opacity":"","overlay-gradient":""},"mobile":{"background-color":"","background-image":"","background-repeat":"repeat","background-position":"center center","background-size":"auto","background-attachment":"scroll","background-type":"","background-media":"","overlay-type":"","overlay-color":"","overlay-opacity":"","overlay-gradient":""}},"ast-content-background-meta":{"desktop":{"background-color":"var(--ast-global-color-5)","background-image":"","background-repeat":"repeat","background-position":"center center","background-size":"auto","background-attachment":"scroll","background-type":"","background-media":"","overlay-type":"","overlay-color":"","overlay-opacity":"","overlay-gradient":""},"tablet":{"background-color":"var(--ast-global-color-5)","background-image":"","background-repeat":"repeat","background-position":"center center","background-size":"auto","background-attachment":"scroll","background-type":"","background-media":"","overlay-type":"","overlay-color":"","overlay-opacity":"","overlay-gradient":""},"mobile":{"background-color":"var(--ast-global-color-5)","background-image":"","background-repeat":"repeat","background-position":"center center","background-size":"auto","background-attachment":"scroll","background-type":"","background-media":"","overlay-type":"","overlay-color":"","overlay-opacity":"","overlay-gradient":""}},"iawp_total_views":1065,"footnotes":""},"class_list":["post-15478","page","type-page","status-publish","has-post-thumbnail","hentry"],"_links":{"self":[{"href":"https:\/\/coachingplus.ch\/fr\/wp-json\/wp\/v2\/pages\/15478","targetHints":{"allow":["GET"]}}],"collection":[{"href":"https:\/\/coachingplus.ch\/fr\/wp-json\/wp\/v2\/pages"}],"about":[{"href":"https:\/\/coachingplus.ch\/fr\/wp-json\/wp\/v2\/types\/page"}],"author":[{"embeddable":true,"href":"https:\/\/coachingplus.ch\/fr\/wp-json\/wp\/v2\/users\/20"}],"replies":[{"embeddable":true,"href":"https:\/\/coachingplus.ch\/fr\/wp-json\/wp\/v2\/comments?post=15478"}],"version-history":[{"count":21,"href":"https:\/\/coachingplus.ch\/fr\/wp-json\/wp\/v2\/pages\/15478\/revisions"}],"predecessor-version":[{"id":17402,"href":"https:\/\/coachingplus.ch\/fr\/wp-json\/wp\/v2\/pages\/15478\/revisions\/17402"}],"wp:featuredmedia":[{"embeddable":true,"href":"https:\/\/coachingplus.ch\/fr\/wp-json\/wp\/v2\/media\/17396"}],"wp:attachment":[{"href":"https:\/\/coachingplus.ch\/fr\/wp-json\/wp\/v2\/media?parent=15478"}],"curies":[{"name":"wp","href":"https:\/\/api.w.org\/{rel}","templated":true}]}}