{"id":15205,"date":"2022-06-02T10:51:07","date_gmt":"2022-06-02T08:51:07","guid":{"rendered":"https:\/\/coachingplus.ch\/?page_id=15205"},"modified":"2025-02-11T09:54:23","modified_gmt":"2025-02-11T08:54:23","slug":"enneagramme-des-modules-de-formation","status":"publish","type":"page","link":"https:\/\/coachingplus.ch\/fr\/aufbaumodule-enneagramm\/","title":{"rendered":"Modules de perfectionnement de l'enn\u00e9agramme"},"content":{"rendered":"<h1>\n\t\t\t\tModules de perfectionnement du formateur en enn\u00e9agramme\n\t\t\t<\/h1>\n\t<h4>\n\t\t\t\tFormation dipl\u00f4mante en enn\u00e9agramme\n\t\t\t<\/h4>\n\t\t\t<nav  aria-label=\"Fil d&#039;Ariane\"><ol class=\"breadcrumb\"><li class=\"breadcrumb-item active\" aria-current=\"page\"><span>Accueil<\/span><\/li><\/ol><\/nav>\t\n\t<ul>\n\t\t\t<li>\n\t\t\t\t<a href=\"#Aufbaumodule\" target=\"_self\"  data-hover=\"Inhalte Aufbaumodule\">Contenu des modules de perfectionnement<\/a>\n\t\t<\/li>\n\t\t\t\t\t<li>\n\t\t\t\t<a href=\"https:\/\/coachingplus.ch\/fr\/sinscrire\/\" target=\"_self\"  data-hover=\"Anmelden\">S'inscrire<\/a>\n\t\t<\/li>\n\t\t\t\t\t<li>\n\t\t\t\t<a href=\"#Dozent\" target=\"_self\"  data-hover=\"Dozent\">Charg\u00e9 de cours<\/a>\n\t\t<\/li>\n\t\t\t\t\t<li>\n\t\t\t\t<a href=\"#Pr\u00fcfung\" target=\"_self\"  data-hover=\"Diplompr\u00fcfung\">Examen de dipl\u00f4me<\/a>\n\t\t<\/li>\n\t\t\t\t<\/ul>\n\t\t\t<h2>Modules de perfectionnement de formateur(trice) dipl\u00f4m\u00e9(e) en enn\u00e9agramme<\/h2>\t\t\t\n\t\t\t\t<p>Le cours de perfectionnement se concentre sur l'activation m\u00e9thodique et la formation continue en tant que cadre, p\u00e9dagogue et conseiller\/coach. Cela se fait en <strong>trois cours de 2 jours<\/strong> <strong>Modules de perfectionnement<\/strong>. Les trois modules peuvent \u00e9galement \u00eatre suivis s\u00e9par\u00e9ment. Ils font partie int\u00e9grante de la<strong> Formation de formateur(trice) dipl\u00f4m\u00e9(e) en enn\u00e9agramme.<\/strong><\/p>\n<p>Les connaissances \u00e9largies de l'enn\u00e9agramme permettent d'accompagner et de soutenir de mani\u00e8re professionnelle des personnes individuelles, des couples, des groupes plus importants ou des \u00e9quipes enti\u00e8res. Il permet \u00e9galement de d\u00e9velopper ses propres comp\u00e9tences de direction et sociales au sein des \u00e9quipes.<\/p>\n\t\t\t<h3>Objectif, utilit\u00e9 et b\u00e9n\u00e9fice de la formation<\/h3>\t\t\t\n\t\t\t\t<p>La dynamique de l'enn\u00e9agramme permet d'analyser, de prendre conscience, de soutenir et de d\u00e9velopper les processus syst\u00e9miques entre les personnes.<\/p>\n<ul>\n<li>Les entretiens permettent d'identifier les tendances de l'interlocuteur et d'aborder la motivation sous-jacente.<\/li>\n<li>Les groupes permettent de percevoir et de mettre en \u00e9vidence les dynamiques relationnelles syst\u00e9miques.<\/li>\n<li>Dans les groupes, la tol\u00e9rance envers d'autres modes de vie et la compr\u00e9hension de ceux-ci peuvent \u00eatre encourag\u00e9es.<\/li>\n<li>Les cadres forment leur conscience de leur propre personnalit\u00e9 et leur croissance vers une personnalit\u00e9 authentique.<\/li>\n<\/ul>\n<h3>Cibles<\/h3>\n<ul>\n<li>Personnes exer\u00e7ant des professions sociales ou p\u00e9dagogiques qui souhaitent d\u00e9velopper leurs comp\u00e9tences sociales et promouvoir leurs propres comp\u00e9tences de perception.<\/li>\n<li>Les responsables d'\u00e9quipe qui souhaitent d\u00e9velopper leur \u00e9quipe et am\u00e9liorer la gestion des conflits.<\/li>\n<li>Les cadres qui souhaitent diriger de mani\u00e8re authentique et plus consciente.<\/li>\n<li>Personnes exer\u00e7ant une profession de conseil et souhaitant utiliser l'enn\u00e9agramme comme outil m\u00e9thodologique.<\/li>\n<\/ul>\n<h3>Application<\/h3>\n<p>Nous utilisons l'enn\u00e9agramme comme mod\u00e8le psychologique de la personnalit\u00e9 et le combinons avec la psychologie individuelle moderne.<\/p>\n\t\t\t\t\t\t\t<h4>Modules de perfectionnement <br \/>  formation dipl\u00f4mante en enn\u00e9agramme<\/h4>\n\t\t\t\t\t\t\t\t\t<h2>\n\t\t\t\t\t800 CHF \/ module de perfectionnement\n\t\t\t\t\t\t\t\t\t\t\t<\/h2>\n\t\t\t\t\t\t\t\t<ul>\n\t\t\t\t\t\t\t\t\t\t\t\t\t\t\t\t\t\t<li>\n\t\t\t\t\t\t\t\t\t\t\t\t\t\t\t\t\tHoraire de 09.00 \u00e0 17.00 heures\t\t\t\t\t\n\t\t\t\t\t\t<\/li>\n\t\t\t\t<\/ul>\n\t\t\t<a href=\"https:\/\/coachingplus.ch\/fr\/sinscrire\/?kat=Enneagramm\" title=\"Cliquez ici\" target=\"_self\"   role=\"button\" aria-label=\"Dates et inscription\">\n\t\t\t\t\t\t\tDates et inscription\n\t\t<\/a>\n\t\t\t<h3>Module 1<\/h3>\t\t\t\n\t\t\t\t<p><strong>\"Diriger de mani\u00e8re authentique avec l'enn\u00e9agramme\"<\/strong><\/p>\n<ul>\n<li>Diriger avec authenticit\u00e9<\/li>\n<li>Type d'\u00e9chelle de chaque \u00e9chantillon<\/li>\n<li>Interaction syst\u00e9mique des mod\u00e8les : communication et conflits<\/li>\n<li>Potentiel de croissance sp\u00e9cifique au mod\u00e8le et application pratique<\/li>\n<li>Application pratique dans son propre environnement de direction<\/li>\n<\/ul>\n\t\t\t<h3>Module 2<\/h3>\t\t\t\n\t\t\t\t<p><strong>\"D\u00e9veloppement d'\u00e9quipe avec l'enn\u00e9agramme\"<\/strong><\/p>\n<ul>\n<li>Cr\u00e9ation de relations actives<\/li>\n<li>R\u00f4les d'\u00e9quipe typiques et ax\u00e9s sur les forces des neuf mod\u00e8les<\/li>\n<li>Les styles de communication des neuf mod\u00e8les<\/li>\n<li>Tendances d'interaction entre les centres<\/li>\n<li>Tendances d'interaction entre les mod\u00e8les<\/li>\n<li>Formation \u00e0 la perception de la dynamique syst\u00e9mique et application pratique<\/li>\n<li>Application pratique des outils de d\u00e9veloppement d'\u00e9quipe<\/li>\n<\/ul>\n\t\t\t<h3>Module 3<\/h3>\t\t\t\n\t\t\t\t<p><strong>\"Le coaching avec l'enn\u00e9agramme\"<\/strong><\/p>\n<ul>\n<li>Utilisation de l'enn\u00e9agramme comme mod\u00e8le psychologique important dans la pratique du conseil<\/li>\n<li>Lien avec les outils IP<\/li>\n<li>Promotion du d\u00e9veloppement sp\u00e9cifique au mod\u00e8le et application pratique<\/li>\n<li>De l'obligation de mod\u00e8le au pouvoir de mod\u00e8le<\/li>\n<li>Similitudes de motifs<\/li>\n<li>L'entretien sur l'enn\u00e9agramme<\/li>\n<li>Application pratique d'outils m\u00e9thodologiques<\/li>\n<\/ul>\n\t\t\t<h3>Conditions pr\u00e9alables :<\/h3>\t\t\t\n\t\t\t\t<p>Les modules de perfectionnement et la formation <strong>formateur\/trice dipl\u00f4m\u00e9(e) en enn\u00e9agramme <\/strong>sont ouverts exclusivement aux personnes <br \/><strong>qui ont suivi le \"cursus de coaching appliqu\u00e9\" de 10 jours ou une formation ad\u00e9quate de coaching\/conseil <\/strong>ont \u00e9t\u00e9 dipl\u00f4m\u00e9s.<\/p>\n\t<h2>\n\t\t\t\tDipl\u00f4me de formateur(trice) en enn\u00e9agramme\n\t\t\t<\/h2>\n\t<ul>\n\t\t<li>Le dipl\u00f4me de <strong>Formateur(trice) dipl\u00f4m\u00e9(e) en enn\u00e9agramme CP\u00a0<\/strong>se fait par un examen de dipl\u00f4me ax\u00e9 sur la pratique. Les conditions suivantes doivent \u00eatre remplies et r\u00e9ussies :<ul><li>Cours de base sur l'enn\u00e9agramme, attestation de coach ou de conseiller, modules de perfectionnement de l'enn\u00e9agramme 1-3<\/li><li>R\u00e9flexion sur son propre mod\u00e8le et son propre potentiel de d\u00e9veloppement<\/li><li>Documentation de cas de trois clients avec \u00e9chantillon provenant de chacun des trois centres<\/li><li>Une interview document\u00e9e sur l'enn\u00e9agramme<\/li><li>Participation \u00e0 3 supervisions en lien avec l'enn\u00e9agramme, en individuel ou en groupe.<\/li><li>Entretien oral d'examen<\/li><li>L'examen co\u00fbte 1000 francs suisses.<\/li><\/ul><p><strong>L'examen est pass\u00e9 par deux experts. Le r\u00e9sultat de l'examen est ensuite discut\u00e9 et, en cas de r\u00e9ussite, le dipl\u00f4me est remis.<\/strong><\/p><\/li>\t<\/ul>\n\t<h2>\n\t\t\t\tVotre experte pour la formation \u00e0 l'enn\u00e9agramme\n\t\t\t<\/h2>\n\t\t\t\t<img decoding=\"async\" src=\"https:\/\/coachingplus.ch\/wp-content\/uploads\/2022\/05\/Rahel-Bild-e1653489490192.jpg\" alt=\"image de rahel\" itemprop=\"image\" height=\"358\" width=\"331\" title=\"Rahel Image\" onerror=\"this.style.display='none'\"  \/>\n\t\t<h3>Rahel Kellenberger-Schmid<\/h3><p><em>est mari\u00e9e, m\u00e8re de deux enfants et vit \u00e0 Winterthur. Son exp\u00e9rience professionnelle pratique \u00e0 diff\u00e9rents postes de direction lui a permis d'acqu\u00e9rir une vision diversifi\u00e9e des interactions et des syst\u00e8mes humains. En tant que conseill\u00e8re syst\u00e9mique en psychologie individuelle et conseill\u00e8re psychosociale avec dipl\u00f4me f\u00e9d\u00e9ral ES, elle a d\u00e9velopp\u00e9 une affinit\u00e9 particuli\u00e8re pour les th\u00e8mes de la direction et du leadership. Depuis plus de 25 ans, elle utilise l'enn\u00e9agramme comme mod\u00e8le de personnalit\u00e9 pour diriger, conseiller et coacher des personnes et des \u00e9quipes dans son propre cabinet. <a href=\"http:\/\/www.kellenberger-beratung.ch\">www.kellenberger-beratung.ch<\/a> \u00e0.<\/em><\/p>\n<h2>\n\t\tAper\u00e7u de la formation Coachingplus\n\t<\/h2>\n\t<a href=\"https:\/\/coachingplus.ch\/fr\/formation-de-coaching\/cursus-de-10-jours-de-coaching\/\" target=\"_self\"  aria-label=\"Go to https:\/\/coachingplus.ch\/coaching-ausbildung\/10-taegiger-coaching-studiengang\/\"><\/a>\n\t\t\t<h3>Cours de 10 jours sur le coaching appliqu\u00e9<\/h3>\t\t\t\n\t\t\t\t<p>Module de base - Obtention du certificat<\/p>\n<h3>\n\t\tModules de perfectionnement\n\t<\/h3>\n\t<a href=\"https:\/\/coachingplus.ch\/fr\/formation-de-coaching\/formation-diplomante-pour-le-coaching-applique\/#prozess\" target=\"_self\"  aria-label=\"Go to https:\/\/coachingplus.ch\/coaching-ausbildung\/diplomausbildung-fuer-angewandtes-coaching\/#prozess\"><\/a>\n\t\t\t<h3>Comp\u00e9tences d'accompagnement du processus<\/h3>\t\t\t\n\t\t\t\t<p>2 jours<\/p>\n\t<a href=\"https:\/\/coachingplus.ch\/fr\/formation-de-coaching\/formation-diplomante-pour-le-coaching-applique\/#teamcoaching\" target=\"_self\"  aria-label=\"Go to https:\/\/coachingplus.ch\/coaching-ausbildung\/diplomausbildung-fuer-angewandtes-coaching\/#teamcoaching\"><\/a>\n\t\t\t<h3>Coaching d'\u00e9quipe<\/h3>\t\t\t\n\t\t\t\t<p>2 jours<\/p>\n\t<a href=\"https:\/\/coachingplus.ch\/fr\/formation-de-coaching\/formation-diplomante-pour-le-coaching-applique\/#selbstmgmt\" target=\"_self\"  aria-label=\"Go to https:\/\/coachingplus.ch\/coaching-ausbildung\/diplomausbildung-fuer-angewandtes-coaching\/#selbstmgmt\"><\/a>\n\t\t\t<h3>Coaching de carri\u00e8re<\/h3>\t\t\t\n\t\t\t\t<p>2 jours<\/p>\n\t<a href=\"https:\/\/coachingplus.ch\/fr\/formation-de-coaching\/formation-diplomante-pour-le-coaching-applique\/#laufbahn\" target=\"_self\"  aria-label=\"Go to https:\/\/coachingplus.ch\/coaching-ausbildung\/diplomausbildung-fuer-angewandtes-coaching\/#laufbahn\"><\/a>\n\t\t\t<h3>Le mod\u00e8le des 4 types dans le coaching syst\u00e9mique<\/h3>\t\t\t\n\t\t\t\t<p>2 jours<\/p>\n\t<a href=\"https:\/\/coachingplus.ch\/fr\/formation-de-coaching\/modules-de-formation-pour-le-coaching-applique-2\/\" target=\"_self\"  aria-label=\"Go to https:\/\/coachingplus.ch\/coaching-ausbildung\/systemischer-coach\/\"><\/a>\n\t\t\t<h3>Coach syst\u00e9mique<\/h3>\t\t\t\n\t\t\t\t<p>Certifi\u00e9\u00a0<br \/>Coach syst\u00e9mique CP<\/p>\n<h3>\n\t\tModules de perfectionnement\n\t<\/h3>\n\t<a href=\"https:\/\/coachingplus.ch\/fr\/formation-de-coaching\/formation-diplomante-pour-le-coaching-applique\/#prozess\" target=\"_self\"  aria-label=\"Go to https:\/\/coachingplus.ch\/coaching-ausbildung\/diplomausbildung-fuer-angewandtes-coaching\/#prozess\"><\/a>\n\t\t\t<h3>Comp\u00e9tences d'accompagnement du processus<\/h3>\t\t\t\n\t\t\t\t<p>2 jours<\/p>\n\t<a href=\"https:\/\/coachingplus.ch\/fr\/formation-de-coaching\/formation-diplomante-pour-le-coaching-applique\/#teamcoaching\" target=\"_self\"  aria-label=\"Go to https:\/\/coachingplus.ch\/coaching-ausbildung\/diplomausbildung-fuer-angewandtes-coaching\/#teamcoaching\"><\/a>\n\t\t\t<h3>Coaching d'\u00e9quipe<\/h3>\t\t\t\n\t\t\t\t<p>2 jours<\/p>\n\t<a href=\"https:\/\/coachingplus.ch\/fr\/enneagramme-de-base\/\" target=\"_self\"  aria-label=\"Go to https:\/\/coachingplus.ch\/erlebnis-naturcoach\/\"><\/a>\n\t\t\t<h3>Coach nature et aventure<\/h3>\t\t\t\n\t\t\t\t<p>3 x 2 jours<\/p>\n\t<a href=\"https:\/\/coachingplus.ch\/fr\/enneagramme-de-base\/\" target=\"_self\"  aria-label=\"Go to https:\/\/coachingplus.ch\/erlebnis-naturcoach\/\"><\/a>\n\t\t\t<h3>Coach nature et aventure<\/h3>\t\t\t\n\t\t\t\t<p>Certifi\u00e9 <br \/>Coach nature et aventure CP<\/p>\n<h3>\n\t\tModules de perfectionnement\n\t<\/h3>\n\t<a href=\"https:\/\/coachingplus.ch\/fr\/formation-de-coaching\/formation-diplomante-pour-le-coaching-applique\/#prozess\" target=\"_self\"  aria-label=\"Go to https:\/\/coachingplus.ch\/coaching-ausbildung\/diplomausbildung-fuer-angewandtes-coaching\/#prozess\"><\/a>\n\t\t\t<h3>Comp\u00e9tences d'accompagnement du processus<\/h3>\t\t\t\n\t\t\t\t<p>2 jours<\/p>\n\t<a href=\"https:\/\/coachingplus.ch\/fr\/formation-de-coaching\/formation-diplomante-pour-le-coaching-applique\/#teamcoaching\" target=\"_self\"  aria-label=\"Go to https:\/\/coachingplus.ch\/coaching-ausbildung\/diplomausbildung-fuer-angewandtes-coaching\/#teamcoaching\"><\/a>\n\t\t\t<h3>Coaching de carri\u00e8re<\/h3>\t\t\t\n\t\t\t\t<p>2 jours<\/p>\n\t<a href=\"https:\/\/coachingplus.ch\/fr\/modele-de-seminaireriemann-thomann\/\" target=\"_self\"  aria-label=\"Go to https:\/\/coachingplus.ch\/mental-coach\/\"><\/a>\n\t\t\t<h3>Coach mental<\/h3>\t\t\t\n\t\t\t\t<p>4 jours<\/p>\n\t<a href=\"https:\/\/coachingplus.ch\/fr\/modele-de-seminaireriemann-thomann\/\" target=\"_self\"  aria-label=\"Go to https:\/\/coachingplus.ch\/mental-coach\/\"><\/a>\n\t\t\t<h3>Coach mental<\/h3>\t\t\t\n\t\t\t\t<p>Certifi\u00e9<br \/>Coach mental CP<\/p>\n<h3>\n\t\tModule de dipl\u00f4me\n\t<\/h3>\n\t<a href=\"https:\/\/coachingplus.ch\/fr\/formation-de-coaching\/supervision-de-groupe\/\" target=\"_self\"  aria-label=\"Go to https:\/\/coachingplus.ch\/coaching-ausbildung\/gruppensupervision\/\"><\/a>\n\t\t\t<h3>Sessions de r\u00e9flexion<\/h3>\t\t\t\n\t\t\t\t<p>9 demi-journ\u00e9es<br \/>pendant min. 6 mois<\/p>\n<h3>\n\t\tEn option\n\t<\/h3>\n\t<a href=\"https:\/\/coachingplus.ch\/fr\/formation-de-coaching\/module-complementaire-travail-thematique\/\" target=\"_self\"  aria-label=\"Go to https:\/\/coachingplus.ch\/coaching-ausbildung\/zusatzmodul-thematische-arbeit\/\"><\/a>\n\t\t\t<h3>Travail th\u00e9matique <\/h3>\t\t\t\n\t\t\t\t<p>1\/2 journ\u00e9e<\/p>\n\t<a href=\"https:\/\/coachingplus.ch\/fr\/formation-de-coaching\/simulation-dexamen\/\" target=\"_self\"  aria-label=\"Go to https:\/\/coachingplus.ch\/coaching-ausbildung\/pruefungssimulation\/\"><\/a>\n\t\t\t<h3>Simulation d'examen<\/h3>\t\t\t\n\t\t\t\t<p>1\/2 journ\u00e9e<\/p>\n\t<a href=\"https:\/\/coachingplus.ch\/fr\/formation-de-coaching\/simulation-dexamen\/\" target=\"_self\"  aria-label=\"Go to https:\/\/coachingplus.ch\/coaching-ausbildung\/pruefungssimulation\/\"><\/a>\n\t\t\t<h3>Entretiens de formation<\/h3>\t\t\t\n\t\t\t\t<p>1\/2 journ\u00e9e<\/p>\n\t<a href=\"https:\/\/coachingplus.ch\/fr\/formation-de-coaching\/mentor-fa-dipl-coach-sca-dentreprise\/\" target=\"_self\"  aria-label=\"Go to https:\/\/coachingplus.ch\/coaching-ausbildung\/betrieblicher-mentor-fa-dipl-coach-sca\/\"><\/a>\n\t\t\t<h3>Mentor(e) d'entreprise avec brevet f\u00e9d\u00e9ral<\/h3>\t\t\t\n\t\t\t\t<p>coach dipl\u00f4m\u00e9 SCA<\/p>\n\t<a href=\"https:\/\/coachingplus.ch\/fr\/seminaire-enneagramme\/\" target=\"_self\"  aria-label=\"Go to https:\/\/coachingplus.ch\/seminar-enneagramm\"><\/a>\n\t\t\t<h3>Enn\u00e9agramme<\/h3>\t\t\t\n\t\t\t\t<p>Formation<\/p>\n<h3>\n\t\tModule de base\n\t<\/h3>\n\t<a href=\"https:\/\/coachingplus.ch\/fr\/enneagramme-de-base-2\/\" target=\"_self\"  aria-label=\"Go to https:\/\/coachingplus.ch\/grundkurs-enneagramm\/\"><\/a>\n\t\t\t<h3>Cours de base sur l'enn\u00e9agramme<\/h3>\t\t\t\n\t\t\t\t<p>6 jours<\/p>\n\t<a href=\"https:\/\/coachingplus.ch\/fr\/formation-de-coaching\/cursus-de-10-jours-de-coaching\/\" target=\"_self\"  aria-label=\"Go to https:\/\/coachingplus.ch\/coaching-ausbildung\/10-taegiger-coaching-studiengang\/\"><\/a>\n\t\t\t<h3>Cours de 10 jours sur le coaching appliqu\u00e9<\/h3>\t\t\t\n\t\t\t\t<p>ou formation ad\u00e9quate en coaching \/ conseil<\/p>\n<h3>\n\t\tModules de perfectionnement\n\t<\/h3>\n\t<a href=\"https:\/\/coachingplus.ch\/fr\/enneagramme-des-modules-de-formation\/\" target=\"_self\"  aria-label=\"Go to https:\/\/coachingplus.ch\/aufbaumodule-enneagramm\/\"><\/a>\n\t\t\t<h3>Diriger de mani\u00e8re authentique avec l'enn\u00e9agramme <\/h3>\t\t\t\n\t\t\t\t<p>2 jours<\/p>\n\t<a href=\"https:\/\/coachingplus.ch\/fr\/enneagramme-des-modules-de-formation\/\" target=\"_self\"  aria-label=\"Go to https:\/\/coachingplus.ch\/aufbaumodule-enneagramm\/\"><\/a>\n\t\t\t<h3>D\u00e9veloppement d'\u00e9quipe avec l'enn\u00e9agramme<\/h3>\t\t\t\n\t\t\t\t<p>2 jours<\/p>\n\t<a href=\"https:\/\/coachingplus.ch\/fr\/enneagramme-des-modules-de-formation\/\" target=\"_self\"  aria-label=\"Go to https:\/\/coachingplus.ch\/aufbaumodule-enneagramm\/\"><\/a>\n\t\t\t<h3>Coaching avec l'enn\u00e9agramme <\/h3>\t\t\t\n\t\t\t\t<p>2 jours<\/p>\n\t<a href=\"https:\/\/coachingplus.ch\/fr\/enneagramme-des-modules-de-formation\/\" target=\"_self\"  aria-label=\"Go to https:\/\/coachingplus.ch\/aufbaumodule-enneagramm\/\"><\/a>\n\t\t\t<h3>Formateur\/trice en enn\u00e9agramme<\/h3>\t\t\t\n\t\t\t\t<p>Dipl\u00f4m\u00e9<br \/>Formateur(trice) en Enn\u00e9agramme CP<\/p>\n\t\t<h3>Professionnelle<\/h3>\t\t\t\n\t\t\t\t<p>Coachingplus forme depuis plus de 20 ans des \u00e9tudiants enthousiastes, et convainc ainsi par son exp\u00e9rience et son professionnalisme.<\/p>\n\t\t<h3>Orient\u00e9e vers la pratique<\/h3>\t\t\t\n\t\t\t\t<p>Nos cours sont con\u00e7us de mani\u00e8re \u00e0 ce que vous puissiez mettre directement en pratique ce que vous avez appris. C'est la meilleure fa\u00e7on de retenir l'enseignement transmis!<\/p>\n\t\t<h3>Peu co\u00fbteuse<\/h3>\t\t\t\n\t\t\t\t<p>\u00a0Nous vous proposons un rapport qualit\u00e9-prix \u00e9quitable pour nos cours. <\/p>","protected":false},"excerpt":{"rendered":"<p>Aufbaumodule Enneagramm Trainer\/in Diplomausbildung Enneagramm Inhalte Aufbaumodule Anmelden Dozent Diplompr\u00fcfung Aufbaumodule diplomierte\/r Enneagramm Trainer\/in Im Aufbaukurs steht die methodische Aktivierung und Weiterbildung als F\u00fchrungskraft, P\u00e4dagoge und Berater\/Coach im Fokus. Dies erfolgt in drei 2-t\u00e4gigen Aufbaumodulen. Die drei Module k\u00f6nnen auch einzeln besucht werden. Sie sind integrierter Teil der Ausbildung diplomierte\/r Enneagramm-Trainer\/in. Aus den erweiterten Erkenntnissen [&hellip;]<\/p>\n","protected":false},"author":20,"featured_media":0,"parent":0,"menu_order":0,"comment_status":"closed","ping_status":"closed","template":"","meta":{"_seopress_robots_primary_cat":"","_seopress_titles_title":"Aufbaumodule Enneagramm","_seopress_titles_desc":"Anhand des Enneagramm, eigenes Verhalten besser verstehen, reflektieren und sein Leben besser gestalten.","_seopress_robots_index":"","site-sidebar-layout":"no-sidebar","site-content-layout":"page-builder","ast-site-content-layout":"full-width-container","site-content-style":"unboxed","site-sidebar-style":"unboxed","ast-global-header-display":"","ast-banner-title-visibility":"","ast-main-header-display":"","ast-hfb-above-header-display":"","ast-hfb-below-header-display":"","ast-hfb-mobile-header-display":"","site-post-title":"disabled","ast-breadcrumbs-content":"","ast-featured-img":"disabled","footer-sml-layout":"","ast-disable-related-posts":"","theme-transparent-header-meta":"default","adv-header-id-meta":"","stick-header-meta":"","header-above-stick-meta":"","header-main-stick-meta":"","header-below-stick-meta":"","astra-migrate-meta-layouts":"set","ast-page-background-enabled":"default","ast-page-background-meta":{"desktop":{"background-color":"","background-image":"","background-repeat":"repeat","background-position":"center center","background-size":"auto","background-attachment":"scroll","background-type":"","background-media":"","overlay-type":"","overlay-color":"","overlay-opacity":"","overlay-gradient":""},"tablet":{"background-color":"","background-image":"","background-repeat":"repeat","background-position":"center center","background-size":"auto","background-attachment":"scroll","background-type":"","background-media":"","overlay-type":"","overlay-color":"","overlay-opacity":"","overlay-gradient":""},"mobile":{"background-color":"","background-image":"","background-repeat":"repeat","background-position":"center center","background-size":"auto","background-attachment":"scroll","background-type":"","background-media":"","overlay-type":"","overlay-color":"","overlay-opacity":"","overlay-gradient":""}},"ast-content-background-meta":{"desktop":{"background-color":"var(--ast-global-color-5)","background-image":"","background-repeat":"repeat","background-position":"center center","background-size":"auto","background-attachment":"scroll","background-type":"","background-media":"","overlay-type":"","overlay-color":"","overlay-opacity":"","overlay-gradient":""},"tablet":{"background-color":"var(--ast-global-color-5)","background-image":"","background-repeat":"repeat","background-position":"center center","background-size":"auto","background-attachment":"scroll","background-type":"","background-media":"","overlay-type":"","overlay-color":"","overlay-opacity":"","overlay-gradient":""},"mobile":{"background-color":"var(--ast-global-color-5)","background-image":"","background-repeat":"repeat","background-position":"center center","background-size":"auto","background-attachment":"scroll","background-type":"","background-media":"","overlay-type":"","overlay-color":"","overlay-opacity":"","overlay-gradient":""}},"iawp_total_views":947,"footnotes":""},"class_list":["post-15205","page","type-page","status-publish","hentry"],"_links":{"self":[{"href":"https:\/\/coachingplus.ch\/fr\/wp-json\/wp\/v2\/pages\/15205","targetHints":{"allow":["GET"]}}],"collection":[{"href":"https:\/\/coachingplus.ch\/fr\/wp-json\/wp\/v2\/pages"}],"about":[{"href":"https:\/\/coachingplus.ch\/fr\/wp-json\/wp\/v2\/types\/page"}],"author":[{"embeddable":true,"href":"https:\/\/coachingplus.ch\/fr\/wp-json\/wp\/v2\/users\/20"}],"replies":[{"embeddable":true,"href":"https:\/\/coachingplus.ch\/fr\/wp-json\/wp\/v2\/comments?post=15205"}],"version-history":[{"count":35,"href":"https:\/\/coachingplus.ch\/fr\/wp-json\/wp\/v2\/pages\/15205\/revisions"}],"predecessor-version":[{"id":16949,"href":"https:\/\/coachingplus.ch\/fr\/wp-json\/wp\/v2\/pages\/15205\/revisions\/16949"}],"wp:attachment":[{"href":"https:\/\/coachingplus.ch\/fr\/wp-json\/wp\/v2\/media?parent=15205"}],"curies":[{"name":"wp","href":"https:\/\/api.w.org\/{rel}","templated":true}]}}