{"id":15170,"date":"2022-05-25T17:37:00","date_gmt":"2022-05-25T15:37:00","guid":{"rendered":"https:\/\/coachingplus.ch\/?page_id=15170"},"modified":"2025-08-20T14:38:19","modified_gmt":"2025-08-20T12:38:19","slug":"enneagramme-de-base-2","status":"publish","type":"page","link":"https:\/\/coachingplus.ch\/fr\/grundkurs-enneagramm\/","title":{"rendered":"Cours de base sur l'enn\u00e9agramme"},"content":{"rendered":"<h1>\n\t\t\t\tCours de base sur l'enn\u00e9agramme\n\t\t\t<\/h1>\n\t<h4>\n\t\t\t\tFormation de base de 6 jours \u00e0 l'enn\u00e9agramme\n\t\t\t<\/h4>\n\t\t\t<nav  aria-label=\"Fil d&#039;Ariane\"><ol class=\"breadcrumb\"><li class=\"breadcrumb-item active\" aria-current=\"page\"><span>Accueil<\/span><\/li><\/ol><\/nav>\t\n\t<ul>\n\t\t\t<li>\n\t\t\t\t<a href=\"#Pr\u00e4sentation\" target=\"_self\"  data-hover=\"Inhalt Seminar\">Contenu du s\u00e9minaire<\/a>\n\t\t<\/li>\n\t\t\t\t\t<li>\n\t\t\t\t<a href=\"https:\/\/coachingplus.ch\/fr\/sinscrire\/\" target=\"_self\"  data-hover=\"Anmelden\">S'inscrire<\/a>\n\t\t<\/li>\n\t\t\t\t\t<li>\n\t\t\t\t<a href=\"#Dozent\" target=\"_self\"  data-hover=\"Dozent\">Charg\u00e9 de cours<\/a>\n\t\t<\/li>\n\t\t\t\t<\/ul>\n\t\t\t<h2>Cours de base de 6 jours sur l'enn\u00e9agramme<\/h2>\t\t\t\n\t\t\t\t<p>Cette formation a lieu le <strong>six jours distincts<\/strong> se d\u00e9roule sur une p\u00e9riode de 6 semaines. Il conduit en premier lieu \u00e0 un d\u00e9veloppement personnel approfondi et \u00e0 l'\u00e9tablissement de relations gr\u00e2ce \u00e0 l'enn\u00e9agramme : <strong>Les talents et les risques de chaque mod\u00e8le sont mis en \u00e9vidence, sans jugement de valeur.<\/strong>, <strong>ainsi que de d\u00e9couvrir les potentiels de d\u00e9veloppement sp\u00e9cifiques au mod\u00e8le<\/strong>.<br \/>L'interaction des types de personnalit\u00e9 permet de reconna\u00eetre les mod\u00e8les de relations typiques et, le cas \u00e9ch\u00e9ant, de les r\u00e9organiser. La dynamique de l'enn\u00e9agramme \u00e9largit la connaissance des sch\u00e9mas relationnels et favorise consid\u00e9rablement la comp\u00e9tence sociale personnelle.<\/p>\n\t\t\t<h3>Objectif, utilit\u00e9 et b\u00e9n\u00e9fice de la formation<\/h3>\t\t\t\n\t\t\t\t<p>La formation conduit \u00e0 une connaissance approfondie de soi et favorise l'organisation consciente de la vie et des relations. En lien avec la psychologie individuelle, il en r\u00e9sulte un \u00e9largissement pratique et cibl\u00e9 des aptitudes personnelles.<\/p>\n<p>La formation avec l'enn\u00e9agramme s'adresse \u00e0 toutes les personnes qui souhaitent r\u00e9fl\u00e9chir \u00e0 leur situation de vie, qui sont confront\u00e9es \u00e0 des d\u00e9fis ou qui veulent se d\u00e9velopper.<\/p>\n<p>L'enn\u00e9agramme permet d'\u00e9viter de nombreux d\u00e9tours dans le d\u00e9veloppement de la personnalit\u00e9. L'utilisation personnelle de l'enn\u00e9agramme permet d'augmenter l'efficacit\u00e9 personnelle. Il en r\u00e9sulte \u00e9galement une tol\u00e9rance croissante et une compr\u00e9hension \u00e9largie des autres modes de vie.<\/p>\n<h3>Application<\/h3>\n<p>Nous utilisons l'enn\u00e9agramme comme mod\u00e8le psychologique de la personnalit\u00e9 et le combinons avec la psychologie individuelle moderne.<\/p>\n\t\t\t<h3>Contenu du cours de base<\/h3>\t\t\t\n\t\t\t\t<ul>\n<li>Introduction et vue d'ensemble du travail de l'enn\u00e9agramme, ainsi que de la dynamique de l'enn\u00e9agramme<\/li>\n<li>Origine des mod\u00e8les de personnalit\u00e9 chez l'homme<\/li>\n<li>Les trois centres et leurs besoins existentiels<\/li>\n<li>Connaissance approfondie des neuf styles de personnalit\u00e9 :<br \/>Forces, faiblesses, valeurs, motivation, finalit\u00e9 des mod\u00e8les<\/li>\n<li>Interaction syst\u00e9mique des motifs (ailes, lignes)<\/li>\n<li>Potentiel de d\u00e9veloppement sp\u00e9cifique au mod\u00e8le et application pratique<\/li>\n<\/ul>\n\t\t\t\t\t\t\t<h4>Cours de base de 6 jours sur l'enn\u00e9agramme<\/h4>\n\t\t\t\t\t\t\t\t\t<h2>\n\t\t\t\t\tCHF 1'320.- \/ cours de base\n\t\t\t\t\t\t\t\t\t\t\t<\/h2>\n\t\t\t\t\t\t\t\t<ul>\n\t\t\t\t\t\t\t\t\t\t\t\t\t\t\t\t\t\t<li>\n\t\t\t\t\t\t\t\t\t\t\t\t\t\t\t\t\t6 jours distincts de 08h30 \u00e0 16h45\t\t\t\t\t\n\t\t\t\t\t\t<\/li>\n\t\t\t\t<\/ul>\n\t\t\t<a href=\"https:\/\/coachingplus.ch\/fr\/sinscrire\/?kat=Enneagramm\" title=\"Cliquez ici\" target=\"_self\"   role=\"button\" aria-label=\"Dates et inscription\">\n\t\t\t\t\t\t\tDates et inscription\n\t\t<\/a>\n\t<h2>\n\t\t\t\tVotre experte pour la formation \u00e0 l'enn\u00e9agramme\n\t\t\t<\/h2>\n\t\t\t\t<img decoding=\"async\" src=\"https:\/\/coachingplus.ch\/wp-content\/uploads\/2022\/05\/Rahel-Bild-e1653489490192.jpg\" alt=\"image de rahel\" itemprop=\"image\" height=\"358\" width=\"331\" title=\"Rahel Image\" onerror=\"this.style.display='none'\"  \/>\n\t\t<h3>Rahel Kellenberger-Schmid<\/h3><p><em>est mari\u00e9e, m\u00e8re de deux enfants et vit \u00e0 Winterthur. Son exp\u00e9rience professionnelle pratique \u00e0 diff\u00e9rents postes de direction lui a permis d'acqu\u00e9rir une vision diversifi\u00e9e des interactions et des syst\u00e8mes humains. En tant que conseill\u00e8re syst\u00e9mique en psychologie individuelle et conseill\u00e8re psychosociale avec dipl\u00f4me f\u00e9d\u00e9ral ES, elle a d\u00e9velopp\u00e9 une affinit\u00e9 particuli\u00e8re pour les th\u00e8mes de la direction et du leadership. Depuis plus de 25 ans, elle utilise l'enn\u00e9agramme comme mod\u00e8le de personnalit\u00e9 pour diriger, conseiller et coacher des personnes et des \u00e9quipes dans son propre cabinet. <a href=\"http:\/\/www.kellenberger-beratung.ch\">www.kellenberger-beratung.ch<\/a> \u00e0.<\/em><\/p>\n<h2>\n\t\tAper\u00e7u de la formation Coachingplus\n\t<\/h2>\n\t<a href=\"https:\/\/coachingplus.ch\/fr\/formation-de-coaching\/cursus-de-10-jours-de-coaching\/\" target=\"_self\"  aria-label=\"Go to https:\/\/coachingplus.ch\/coaching-ausbildung\/10-taegiger-coaching-studiengang\/\"><\/a>\n\t\t\t<h3>Cours de 10 jours sur le coaching appliqu\u00e9<\/h3>\t\t\t\n\t\t\t\t<p>Module de base - Obtention du certificat<\/p>\n<h3>\n\t\tModules de perfectionnement\n\t<\/h3>\n\t<a href=\"https:\/\/coachingplus.ch\/fr\/formation-de-coaching\/formation-diplomante-pour-le-coaching-applique\/#prozess\" target=\"_self\"  aria-label=\"Go to https:\/\/coachingplus.ch\/coaching-ausbildung\/diplomausbildung-fuer-angewandtes-coaching\/#prozess\"><\/a>\n\t\t\t<h3>Comp\u00e9tences d'accompagnement du processus<\/h3>\t\t\t\n\t\t\t\t<p>2 jours<\/p>\n\t<a href=\"https:\/\/coachingplus.ch\/fr\/formation-de-coaching\/formation-diplomante-pour-le-coaching-applique\/#teamcoaching\" target=\"_self\"  aria-label=\"Go to https:\/\/coachingplus.ch\/coaching-ausbildung\/diplomausbildung-fuer-angewandtes-coaching\/#teamcoaching\"><\/a>\n\t\t\t<h3>Coaching d'\u00e9quipe<\/h3>\t\t\t\n\t\t\t\t<p>2 jours<\/p>\n\t<a href=\"https:\/\/coachingplus.ch\/fr\/formation-de-coaching\/formation-diplomante-pour-le-coaching-applique\/#selbstmgmt\" target=\"_self\"  aria-label=\"Go to https:\/\/coachingplus.ch\/coaching-ausbildung\/diplomausbildung-fuer-angewandtes-coaching\/#selbstmgmt\"><\/a>\n\t\t\t<h3>Coaching de carri\u00e8re<\/h3>\t\t\t\n\t\t\t\t<p>2 jours<\/p>\n\t<a href=\"https:\/\/coachingplus.ch\/fr\/formation-de-coaching\/formation-diplomante-pour-le-coaching-applique\/#laufbahn\" target=\"_self\"  aria-label=\"Go to https:\/\/coachingplus.ch\/coaching-ausbildung\/diplomausbildung-fuer-angewandtes-coaching\/#laufbahn\"><\/a>\n\t\t\t<h3>Le mod\u00e8le des 4 types dans le coaching syst\u00e9mique<\/h3>\t\t\t\n\t\t\t\t<p>2 jours<\/p>\n\t<a href=\"https:\/\/coachingplus.ch\/fr\/formation-de-coaching\/modules-de-formation-pour-le-coaching-applique-2\/\" target=\"_self\"  aria-label=\"Go to https:\/\/coachingplus.ch\/coaching-ausbildung\/systemischer-coach\/\"><\/a>\n\t\t\t<h3>Coach syst\u00e9mique<\/h3>\t\t\t\n\t\t\t\t<p>Certifi\u00e9\u00a0<br \/>Coach syst\u00e9mique CP<\/p>\n<h3>\n\t\tModules de perfectionnement\n\t<\/h3>\n\t<a href=\"https:\/\/coachingplus.ch\/fr\/formation-de-coaching\/formation-diplomante-pour-le-coaching-applique\/#prozess\" target=\"_self\"  aria-label=\"Go to https:\/\/coachingplus.ch\/coaching-ausbildung\/diplomausbildung-fuer-angewandtes-coaching\/#prozess\"><\/a>\n\t\t\t<h3>Comp\u00e9tences d'accompagnement du processus<\/h3>\t\t\t\n\t\t\t\t<p>2 jours<\/p>\n\t<a href=\"https:\/\/coachingplus.ch\/fr\/formation-de-coaching\/formation-diplomante-pour-le-coaching-applique\/#teamcoaching\" target=\"_self\"  aria-label=\"Go to https:\/\/coachingplus.ch\/coaching-ausbildung\/diplomausbildung-fuer-angewandtes-coaching\/#teamcoaching\"><\/a>\n\t\t\t<h3>Coaching d'\u00e9quipe<\/h3>\t\t\t\n\t\t\t\t<p>2 jours<\/p>\n\t<a href=\"https:\/\/coachingplus.ch\/fr\/enneagramme-de-base\/\" target=\"_self\"  aria-label=\"Go to https:\/\/coachingplus.ch\/erlebnis-naturcoach\/\"><\/a>\n\t\t\t<h3>Coach nature et aventure<\/h3>\t\t\t\n\t\t\t\t<p>3 x 2 jours<\/p>\n\t<a href=\"https:\/\/coachingplus.ch\/fr\/enneagramme-de-base\/\" target=\"_self\"  aria-label=\"Go to https:\/\/coachingplus.ch\/erlebnis-naturcoach\/\"><\/a>\n\t\t\t<h3>Coach nature et aventure<\/h3>\t\t\t\n\t\t\t\t<p>Certifi\u00e9 <br \/>Coach nature et aventure CP<\/p>\n<h3>\n\t\tModules de perfectionnement\n\t<\/h3>\n\t<a href=\"https:\/\/coachingplus.ch\/fr\/formation-de-coaching\/formation-diplomante-pour-le-coaching-applique\/#prozess\" target=\"_self\"  aria-label=\"Go to https:\/\/coachingplus.ch\/coaching-ausbildung\/diplomausbildung-fuer-angewandtes-coaching\/#prozess\"><\/a>\n\t\t\t<h3>Comp\u00e9tences d'accompagnement du processus<\/h3>\t\t\t\n\t\t\t\t<p>2 jours<\/p>\n\t<a href=\"https:\/\/coachingplus.ch\/fr\/formation-de-coaching\/formation-diplomante-pour-le-coaching-applique\/#teamcoaching\" target=\"_self\"  aria-label=\"Go to https:\/\/coachingplus.ch\/coaching-ausbildung\/diplomausbildung-fuer-angewandtes-coaching\/#teamcoaching\"><\/a>\n\t\t\t<h3>Coaching de carri\u00e8re<\/h3>\t\t\t\n\t\t\t\t<p>2 jours<\/p>\n\t<a href=\"https:\/\/coachingplus.ch\/fr\/modele-de-seminaireriemann-thomann\/\" target=\"_self\"  aria-label=\"Go to https:\/\/coachingplus.ch\/mental-coach\/\"><\/a>\n\t\t\t<h3>Coach mental<\/h3>\t\t\t\n\t\t\t\t<p>4 jours<\/p>\n\t<a href=\"https:\/\/coachingplus.ch\/fr\/modele-de-seminaireriemann-thomann\/\" target=\"_self\"  aria-label=\"Go to https:\/\/coachingplus.ch\/mental-coach\/\"><\/a>\n\t\t\t<h3>Coach mental<\/h3>\t\t\t\n\t\t\t\t<p>Certifi\u00e9<br \/>Coach mental CP<\/p>\n<h3>\n\t\tModule de dipl\u00f4me\n\t<\/h3>\n\t<a href=\"https:\/\/coachingplus.ch\/fr\/formation-de-coaching\/supervision-de-groupe\/\" target=\"_self\"  aria-label=\"Go to https:\/\/coachingplus.ch\/coaching-ausbildung\/gruppensupervision\/\"><\/a>\n\t\t\t<h3>Sessions de r\u00e9flexion<\/h3>\t\t\t\n\t\t\t\t<p>9 demi-journ\u00e9es<br \/>pendant min. 6 mois<\/p>\n<h3>\n\t\tEn option\n\t<\/h3>\n\t<a href=\"https:\/\/coachingplus.ch\/fr\/formation-de-coaching\/module-complementaire-travail-thematique\/\" target=\"_self\"  aria-label=\"Go to https:\/\/coachingplus.ch\/coaching-ausbildung\/zusatzmodul-thematische-arbeit\/\"><\/a>\n\t\t\t<h3>Travail th\u00e9matique <\/h3>\t\t\t\n\t\t\t\t<p>1\/2 journ\u00e9e<\/p>\n\t<a href=\"https:\/\/coachingplus.ch\/fr\/formation-de-coaching\/simulation-dexamen\/\" target=\"_self\"  aria-label=\"Go to https:\/\/coachingplus.ch\/coaching-ausbildung\/pruefungssimulation\/\"><\/a>\n\t\t\t<h3>Simulation d'examen<\/h3>\t\t\t\n\t\t\t\t<p>1\/2 journ\u00e9e<\/p>\n\t<a href=\"https:\/\/coachingplus.ch\/fr\/formation-de-coaching\/simulation-dexamen\/\" target=\"_self\"  aria-label=\"Go to https:\/\/coachingplus.ch\/coaching-ausbildung\/pruefungssimulation\/\"><\/a>\n\t\t\t<h3>Entretiens de formation<\/h3>\t\t\t\n\t\t\t\t<p>1\/2 journ\u00e9e<\/p>\n\t<a href=\"https:\/\/coachingplus.ch\/fr\/formation-de-coaching\/mentor-fa-dipl-coach-sca-dentreprise\/\" target=\"_self\"  aria-label=\"Go to https:\/\/coachingplus.ch\/coaching-ausbildung\/betrieblicher-mentor-fa-dipl-coach-sca\/\"><\/a>\n\t\t\t<h3>Mentor(e) d'entreprise avec brevet f\u00e9d\u00e9ral<\/h3>\t\t\t\n\t\t\t\t<p>coach dipl\u00f4m\u00e9 SCA<\/p>\n\t<a href=\"https:\/\/coachingplus.ch\/fr\/seminaire-enneagramme\/\" target=\"_self\"  aria-label=\"Go to https:\/\/coachingplus.ch\/seminar-enneagramm\"><\/a>\n\t\t\t<h3>Enn\u00e9agramme<\/h3>\t\t\t\n\t\t\t\t<p>Formation<\/p>\n<h3>\n\t\tModule de base\n\t<\/h3>\n\t<a href=\"https:\/\/coachingplus.ch\/fr\/enneagramme-de-base-2\/\" target=\"_self\"  aria-label=\"Go to https:\/\/coachingplus.ch\/grundkurs-enneagramm\/\"><\/a>\n\t\t\t<h3>Cours de base sur l'enn\u00e9agramme<\/h3>\t\t\t\n\t\t\t\t<p>6 jours<\/p>\n\t<a href=\"https:\/\/coachingplus.ch\/fr\/formation-de-coaching\/cursus-de-10-jours-de-coaching\/\" target=\"_self\"  aria-label=\"Go to https:\/\/coachingplus.ch\/coaching-ausbildung\/10-taegiger-coaching-studiengang\/\"><\/a>\n\t\t\t<h3>Cours de 10 jours sur le coaching appliqu\u00e9<\/h3>\t\t\t\n\t\t\t\t<p>ou formation ad\u00e9quate en coaching \/ conseil<\/p>\n<h3>\n\t\tModules de perfectionnement\n\t<\/h3>\n\t<a href=\"https:\/\/coachingplus.ch\/fr\/enneagramme-des-modules-de-formation\/\" target=\"_self\"  aria-label=\"Go to https:\/\/coachingplus.ch\/aufbaumodule-enneagramm\/\"><\/a>\n\t\t\t<h3>Diriger de mani\u00e8re authentique avec l'enn\u00e9agramme <\/h3>\t\t\t\n\t\t\t\t<p>2 jours<\/p>\n\t<a href=\"https:\/\/coachingplus.ch\/fr\/enneagramme-des-modules-de-formation\/\" target=\"_self\"  aria-label=\"Go to https:\/\/coachingplus.ch\/aufbaumodule-enneagramm\/\"><\/a>\n\t\t\t<h3>D\u00e9veloppement d'\u00e9quipe avec l'enn\u00e9agramme<\/h3>\t\t\t\n\t\t\t\t<p>2 jours<\/p>\n\t<a href=\"https:\/\/coachingplus.ch\/fr\/enneagramme-des-modules-de-formation\/\" target=\"_self\"  aria-label=\"Go to https:\/\/coachingplus.ch\/aufbaumodule-enneagramm\/\"><\/a>\n\t\t\t<h3>Coaching avec l'enn\u00e9agramme <\/h3>\t\t\t\n\t\t\t\t<p>2 jours<\/p>\n\t<a href=\"https:\/\/coachingplus.ch\/fr\/enneagramme-des-modules-de-formation\/\" target=\"_self\"  aria-label=\"Go to https:\/\/coachingplus.ch\/aufbaumodule-enneagramm\/\"><\/a>\n\t\t\t<h3>Formateur\/trice en enn\u00e9agramme<\/h3>\t\t\t\n\t\t\t\t<p>Dipl\u00f4m\u00e9<br \/>Formateur(trice) en Enn\u00e9agramme CP<\/p>\n\t\t<h3>Professionnelle<\/h3>\t\t\t\n\t\t\t\t<p>Coachingplus forme depuis plus de 20 ans des \u00e9tudiants enthousiastes, et convainc ainsi par son exp\u00e9rience et son professionnalisme.<\/p>\n\t\t<h3>Orient\u00e9e vers la pratique<\/h3>\t\t\t\n\t\t\t\t<p>Nos cours sont con\u00e7us de mani\u00e8re \u00e0 ce que vous puissiez mettre directement en pratique ce que vous avez appris. C'est la meilleure fa\u00e7on de retenir l'enseignement transmis!<\/p>\n\t\t<h3>Peu co\u00fbteuse<\/h3>\t\t\t\n\t\t\t\t<p>\u00a0Nous vous proposons un rapport qualit\u00e9-prix \u00e9quitable pour nos cours.<\/p>\n\t<iframe loading=\"lazy\" width=\"1280\" height=\"720\" src=\"https:\/\/www.youtube.com\/embed\/rP5tg3RRCWw\" title=\"Formation de formateur\/trice dipl\u00f4m\u00e9(e) en enn\u00e9agramme\" frameborder=\"0\" allow=\"accelerometer; autoplay; clipboard-write; encrypted-media; gyroscope; picture-in-picture; web-share\" allowfullscreen><\/iframe>","protected":false},"excerpt":{"rendered":"<p>Grundkurs Enneagramm 6-t\u00e4gige Grundausbildung im Enneagramm Inhalt Seminar Anmelden Dozent 6-t\u00e4giger Grundkurs Enneagramm Dieser Lehrgang findet an sechs einzelnen Tagen w\u00e4hrend einem Zeitraum von 6 Wochen statt. Er f\u00fchrt prim\u00e4r in die vertiefte Pers\u00f6nlichkeitsentwicklung und Beziehungsgestaltung durch das Enneagramm: Es werden die Begabungen als auch Gef\u00e4hrdungen von jedem Muster wertneutral aufgezeigt, sowie die musterspezifischen Entwicklungspotentiale [&hellip;]<\/p>\n","protected":false},"author":20,"featured_media":16335,"parent":0,"menu_order":0,"comment_status":"closed","ping_status":"closed","template":"","meta":{"_seopress_robots_primary_cat":"","_seopress_titles_title":"Grundkurs Enneagramm","_seopress_titles_desc":"Anhand des Enneagramm, eigenes Verhalten besser verstehen, reflektieren und sein Leben aktiv gestalten.\r\nDer Enneagramm Grundkurs -Weiterbidung.","_seopress_robots_index":"","site-sidebar-layout":"no-sidebar","site-content-layout":"page-builder","ast-site-content-layout":"full-width-container","site-content-style":"unboxed","site-sidebar-style":"unboxed","ast-global-header-display":"","ast-banner-title-visibility":"","ast-main-header-display":"","ast-hfb-above-header-display":"","ast-hfb-below-header-display":"","ast-hfb-mobile-header-display":"","site-post-title":"disabled","ast-breadcrumbs-content":"","ast-featured-img":"disabled","footer-sml-layout":"","ast-disable-related-posts":"","theme-transparent-header-meta":"default","adv-header-id-meta":"","stick-header-meta":"","header-above-stick-meta":"","header-main-stick-meta":"","header-below-stick-meta":"","astra-migrate-meta-layouts":"set","ast-page-background-enabled":"default","ast-page-background-meta":{"desktop":{"background-color":"","background-image":"","background-repeat":"repeat","background-position":"center center","background-size":"auto","background-attachment":"scroll","background-type":"","background-media":"","overlay-type":"","overlay-color":"","overlay-opacity":"","overlay-gradient":""},"tablet":{"background-color":"","background-image":"","background-repeat":"repeat","background-position":"center center","background-size":"auto","background-attachment":"scroll","background-type":"","background-media":"","overlay-type":"","overlay-color":"","overlay-opacity":"","overlay-gradient":""},"mobile":{"background-color":"","background-image":"","background-repeat":"repeat","background-position":"center center","background-size":"auto","background-attachment":"scroll","background-type":"","background-media":"","overlay-type":"","overlay-color":"","overlay-opacity":"","overlay-gradient":""}},"ast-content-background-meta":{"desktop":{"background-color":"var(--ast-global-color-5)","background-image":"","background-repeat":"repeat","background-position":"center center","background-size":"auto","background-attachment":"scroll","background-type":"","background-media":"","overlay-type":"","overlay-color":"","overlay-opacity":"","overlay-gradient":""},"tablet":{"background-color":"var(--ast-global-color-5)","background-image":"","background-repeat":"repeat","background-position":"center center","background-size":"auto","background-attachment":"scroll","background-type":"","background-media":"","overlay-type":"","overlay-color":"","overlay-opacity":"","overlay-gradient":""},"mobile":{"background-color":"var(--ast-global-color-5)","background-image":"","background-repeat":"repeat","background-position":"center center","background-size":"auto","background-attachment":"scroll","background-type":"","background-media":"","overlay-type":"","overlay-color":"","overlay-opacity":"","overlay-gradient":""}},"iawp_total_views":10478,"footnotes":""},"class_list":["post-15170","page","type-page","status-publish","has-post-thumbnail","hentry"],"_links":{"self":[{"href":"https:\/\/coachingplus.ch\/fr\/wp-json\/wp\/v2\/pages\/15170","targetHints":{"allow":["GET"]}}],"collection":[{"href":"https:\/\/coachingplus.ch\/fr\/wp-json\/wp\/v2\/pages"}],"about":[{"href":"https:\/\/coachingplus.ch\/fr\/wp-json\/wp\/v2\/types\/page"}],"author":[{"embeddable":true,"href":"https:\/\/coachingplus.ch\/fr\/wp-json\/wp\/v2\/users\/20"}],"replies":[{"embeddable":true,"href":"https:\/\/coachingplus.ch\/fr\/wp-json\/wp\/v2\/comments?post=15170"}],"version-history":[{"count":30,"href":"https:\/\/coachingplus.ch\/fr\/wp-json\/wp\/v2\/pages\/15170\/revisions"}],"predecessor-version":[{"id":17157,"href":"https:\/\/coachingplus.ch\/fr\/wp-json\/wp\/v2\/pages\/15170\/revisions\/17157"}],"wp:featuredmedia":[{"embeddable":true,"href":"https:\/\/coachingplus.ch\/fr\/wp-json\/wp\/v2\/media\/16335"}],"wp:attachment":[{"href":"https:\/\/coachingplus.ch\/fr\/wp-json\/wp\/v2\/media?parent=15170"}],"curies":[{"name":"wp","href":"https:\/\/api.w.org\/{rel}","templated":true}]}}