{"id":15159,"date":"2022-05-25T16:56:00","date_gmt":"2022-05-25T14:56:00","guid":{"rendered":"https:\/\/coachingplus.ch\/?page_id=15159"},"modified":"2025-08-20T13:56:00","modified_gmt":"2025-08-20T11:56:00","slug":"jour-dintroduction-enagramme","status":"publish","type":"page","link":"https:\/\/coachingplus.ch\/fr\/einfuehrungstag-enneagramm\/","title":{"rendered":"Journ\u00e9e d'introduction \u00e0 l'enn\u00e9agramme"},"content":{"rendered":"<h1>\n\t\t\t\tS\u00e9minaire d'une journ\u00e9e sur l'enn\u00e9agramme\n\t\t\t<\/h1>\n\t<h4>\n\t\t\t\tS\u00e9minaire d'une journ\u00e9e pour introduire l'enn\u00e9agramme\n\t\t\t<\/h4>\n\t\t\t<nav  aria-label=\"Fil d&#039;Ariane\"><ol class=\"breadcrumb\"><li class=\"breadcrumb-item active\" aria-current=\"page\"><span>Accueil<\/span><\/li><\/ol><\/nav>\t\n\t<ul>\n\t\t\t<li>\n\t\t\t\t<a href=\"#Entscheidung\" target=\"_self\"  data-hover=\"Inhalt Seminar\">Contenu du s\u00e9minaire<\/a>\n\t\t<\/li>\n\t\t\t\t\t<li>\n\t\t\t\t<a href=\"https:\/\/coachingplus.ch\/fr\/sinscrire\/\" target=\"_self\"  data-hover=\"Anmelden\">S'inscrire<\/a>\n\t\t<\/li>\n\t\t\t\t\t<li>\n\t\t\t\t<a href=\"#Dozent\" target=\"_self\"  data-hover=\"Dozent\">Charg\u00e9 de cours<\/a>\n\t\t<\/li>\n\t\t\t\t<\/ul>\n\t\t\t<h2>S\u00e9minaire d'une journ\u00e9e sur l'enn\u00e9agramme<\/h2>\t\t\t\n\t\t\t\t<p>L'enn\u00e9agramme fait partie de l'un des syst\u00e8mes les plus profonds et les plus complexes pour diff\u00e9rencier la personnalit\u00e9 humaine, tout en \u00e9tant rapidement saisissable.<br \/>Dans ce <strong>S\u00e9minaire d'une journ\u00e9e<\/strong> nous d\u00e9couvrirons et apprendrons \u00e0 mieux conna\u00eetre le potentiel de l'enn\u00e9agramme. Il y aura des <strong>neuf mod\u00e8les de personnalit\u00e9<\/strong> et la disposition des mod\u00e8les dans le cercle les uns par rapport aux autres. Il est important pour le processus d'\u00e9panouissement personnel de se trouver soi-m\u00eame dans son propre mod\u00e8le. Des aides sont propos\u00e9es \u00e0 cet effet. Pour <strong>promouvoir la tol\u00e9rance et la compr\u00e9hension des autres modes de vie<\/strong>La perception de tous les autres mod\u00e8les est \u00e9galement entra\u00een\u00e9e.<\/p>\n\t\t\t<h3>Objectif de ce s\u00e9minaire<\/h3>\t\t\t\n\t\t\t\t<p>L'enn\u00e9agramme permet d'\u00e9viter de nombreux d\u00e9tours dans le d\u00e9veloppement de la personnalit\u00e9, de mieux comprendre sa propre personnalit\u00e9 et de reconna\u00eetre ses particularit\u00e9s. L'enn\u00e9agramme est \u00e9galement un outil utile pour ouvrir les yeux (et le c\u0153ur) \u00e0 des modes de pens\u00e9e et d'action diff\u00e9rents.<\/p>\n<h3>Cibles<\/h3>\n<ul>\n<li>Les personnes int\u00e9ress\u00e9es qui souhaitent mieux conna\u00eetre l'enn\u00e9agramme ou qui cherchent pour elles-m\u00eames une psychologie du quotidien pour favoriser la comp\u00e9tence personnelle.<\/li>\n<li>Les personnes qui connaissent d\u00e9j\u00e0 l'enn\u00e9agramme, mais qui ne se sont pas encore trouv\u00e9es elles-m\u00eames dans l'un des mod\u00e8les.<\/li>\n<\/ul>\n<h3>Application<\/h3>\n<p>Nous utilisons l'enn\u00e9agramme comme mod\u00e8le de personnalit\u00e9 purement psychologique et nous nous d\u00e9marquons des interpr\u00e9tations symboliques et spirituelles. Nous combinons l'enn\u00e9agramme avec la psychologie individuelle moderne d'Alfred Adler. Il s'agit d'une psychologie globale encourageant la communaut\u00e9, orient\u00e9e vers un but pr\u00e9cis et porteuse de sens, qui conduit l'individu vers une saine responsabilit\u00e9 personnelle.<\/p>\n\t\t\t<h3>Contenu du s\u00e9minaire<\/h3>\t\t\t\n\t\t\t\t<ul>\n<li>L'origine de l'enn\u00e9agramme<\/li>\n<li>Introduction des trois centres<\/li>\n<li>Introduction des neuf mod\u00e8les et de leurs facettes de base<\/li>\n<li>Exercices pratiques qui aident \u00e0 trouver son propre mod\u00e8le*.<\/li>\n<li>Disposition des motifs dans le cercle<\/li>\n<\/ul>\n<p>*) L'exp\u00e9rience montre que le temps n\u00e9cessaire pour trouver son propre mod\u00e8le varie entre 10 minutes et deux ans.<\/p>\n\t\t\t\t\t\t\t<h4>S\u00e9minaire d'une journ\u00e9e sur l'enn\u00e9agramme<\/h4>\n\t\t\t\t\t\t\t\t\t<h2>\n\t\t\t\t\t220 CHF \/ s\u00e9minaire d'une journ\u00e9e\n\t\t\t\t\t\t\t\t\t\t\t<\/h2>\n\t\t\t\t\t\t\t\t<ul>\n\t\t\t\t\t\t\t\t\t\t\t\t\t\t\t\t\t\t<li>\n\t\t\t\t\t\t\t\t\t\t\t\t\t\t\t\t\tLes cours ont lieu de 8h30 \u00e0 16h45.\t\t\t\t\t\n\t\t\t\t\t\t<\/li>\n\t\t\t\t<\/ul>\n\t\t\t<a href=\"https:\/\/coachingplus.ch\/fr\/sinscrire\/?kat=Enneagramm\" title=\"Cliquez ici\" target=\"_self\"   role=\"button\" aria-label=\"Dates et inscription\">\n\t\t\t\t\t\t\tDates et inscription\n\t\t<\/a>\n\t<h2>\n\t\t\t\tVos experts pour la formation \u00e0 l'enn\u00e9agramme\n\t\t\t<\/h2>\n\t\t\t\t<img decoding=\"async\" src=\"https:\/\/coachingplus.ch\/wp-content\/uploads\/2022\/05\/Rahel-Bild-e1653489490192.jpg\" alt=\"image de rahel\" itemprop=\"image\" height=\"358\" width=\"331\" title=\"Rahel Image\" onerror=\"this.style.display='none'\"  \/>\n\t\t<h3>Rahel Kellenberger-Schmid<\/h3><em>Rahel Kellenberger travaille en tant que conseill\u00e8re syst\u00e9mique sp\u00e9cialis\u00e9e en psychologie individuelle et conseill\u00e8re psychosociale avec dipl\u00f4me f\u00e9d\u00e9ral ES dans son propre cabinet (<a href=\"http:\/\/www.kellenberger-beratung.ch\">www.kellenberger-beratung.ch<\/a>).<br \/>\nSon exp\u00e9rience professionnelle \u00e0 diff\u00e9rents postes de direction lui a permis d'acqu\u00e9rir une vision diversifi\u00e9e des interactions et des syst\u00e8mes humains. Elle a ainsi d\u00e9velopp\u00e9 une affinit\u00e9 particuli\u00e8re pour les th\u00e8mes du leadership et de la direction. Depuis plus de 25 ans, elle utilise l'enn\u00e9agramme comme mod\u00e8le de personnalit\u00e9 pour diriger, conseiller et coacher des personnes et des \u00e9quipes.<\/em>\n<h2>\n\t\tAper\u00e7u de la formation Coachingplus\n\t<\/h2>\n\t<a href=\"https:\/\/coachingplus.ch\/fr\/formation-de-coaching\/cursus-de-10-jours-de-coaching\/\" target=\"_self\"  aria-label=\"Go to https:\/\/coachingplus.ch\/coaching-ausbildung\/10-taegiger-coaching-studiengang\/\"><\/a>\n\t\t\t<h3>Cours de 10 jours sur le coaching appliqu\u00e9<\/h3>\t\t\t\n\t\t\t\t<p>Module de base - Obtention du certificat<\/p>\n<h3>\n\t\tModules de perfectionnement\n\t<\/h3>\n\t<a href=\"https:\/\/coachingplus.ch\/fr\/formation-de-coaching\/formation-diplomante-pour-le-coaching-applique\/#prozess\" target=\"_self\"  aria-label=\"Go to https:\/\/coachingplus.ch\/coaching-ausbildung\/diplomausbildung-fuer-angewandtes-coaching\/#prozess\"><\/a>\n\t\t\t<h3>Comp\u00e9tences d'accompagnement du processus<\/h3>\t\t\t\n\t\t\t\t<p>2 jours<\/p>\n\t<a href=\"https:\/\/coachingplus.ch\/fr\/formation-de-coaching\/formation-diplomante-pour-le-coaching-applique\/#teamcoaching\" target=\"_self\"  aria-label=\"Go to https:\/\/coachingplus.ch\/coaching-ausbildung\/diplomausbildung-fuer-angewandtes-coaching\/#teamcoaching\"><\/a>\n\t\t\t<h3>Coaching d'\u00e9quipe<\/h3>\t\t\t\n\t\t\t\t<p>2 jours<\/p>\n\t<a href=\"https:\/\/coachingplus.ch\/fr\/formation-de-coaching\/formation-diplomante-pour-le-coaching-applique\/#selbstmgmt\" target=\"_self\"  aria-label=\"Go to https:\/\/coachingplus.ch\/coaching-ausbildung\/diplomausbildung-fuer-angewandtes-coaching\/#selbstmgmt\"><\/a>\n\t\t\t<h3>Coaching de carri\u00e8re<\/h3>\t\t\t\n\t\t\t\t<p>2 jours<\/p>\n\t<a href=\"https:\/\/coachingplus.ch\/fr\/formation-de-coaching\/formation-diplomante-pour-le-coaching-applique\/#laufbahn\" target=\"_self\"  aria-label=\"Go to https:\/\/coachingplus.ch\/coaching-ausbildung\/diplomausbildung-fuer-angewandtes-coaching\/#laufbahn\"><\/a>\n\t\t\t<h3>Le mod\u00e8le des 4 types dans le coaching syst\u00e9mique<\/h3>\t\t\t\n\t\t\t\t<p>2 jours<\/p>\n\t<a href=\"https:\/\/coachingplus.ch\/fr\/formation-de-coaching\/modules-de-formation-pour-le-coaching-applique-2\/\" target=\"_self\"  aria-label=\"Go to https:\/\/coachingplus.ch\/coaching-ausbildung\/systemischer-coach\/\"><\/a>\n\t\t\t<h3>Coach syst\u00e9mique<\/h3>\t\t\t\n\t\t\t\t<p>Certifi\u00e9\u00a0<br \/>Coach syst\u00e9mique CP<\/p>\n<h3>\n\t\tModules de perfectionnement\n\t<\/h3>\n\t<a href=\"https:\/\/coachingplus.ch\/fr\/formation-de-coaching\/formation-diplomante-pour-le-coaching-applique\/#prozess\" target=\"_self\"  aria-label=\"Go to https:\/\/coachingplus.ch\/coaching-ausbildung\/diplomausbildung-fuer-angewandtes-coaching\/#prozess\"><\/a>\n\t\t\t<h3>Comp\u00e9tences d'accompagnement du processus<\/h3>\t\t\t\n\t\t\t\t<p>2 jours<\/p>\n\t<a href=\"https:\/\/coachingplus.ch\/fr\/formation-de-coaching\/formation-diplomante-pour-le-coaching-applique\/#teamcoaching\" target=\"_self\"  aria-label=\"Go to https:\/\/coachingplus.ch\/coaching-ausbildung\/diplomausbildung-fuer-angewandtes-coaching\/#teamcoaching\"><\/a>\n\t\t\t<h3>Coaching d'\u00e9quipe<\/h3>\t\t\t\n\t\t\t\t<p>2 jours<\/p>\n\t<a href=\"https:\/\/coachingplus.ch\/fr\/enneagramme-de-base\/\" target=\"_self\"  aria-label=\"Go to https:\/\/coachingplus.ch\/erlebnis-naturcoach\/\"><\/a>\n\t\t\t<h3>Coach nature et aventure<\/h3>\t\t\t\n\t\t\t\t<p>3 x 2 jours<\/p>\n\t<a href=\"https:\/\/coachingplus.ch\/fr\/enneagramme-de-base\/\" target=\"_self\"  aria-label=\"Go to https:\/\/coachingplus.ch\/erlebnis-naturcoach\/\"><\/a>\n\t\t\t<h3>Coach nature et aventure<\/h3>\t\t\t\n\t\t\t\t<p>Certifi\u00e9 <br \/>Coach nature et aventure CP<\/p>\n<h3>\n\t\tModules de perfectionnement\n\t<\/h3>\n\t<a href=\"https:\/\/coachingplus.ch\/fr\/formation-de-coaching\/formation-diplomante-pour-le-coaching-applique\/#prozess\" target=\"_self\"  aria-label=\"Go to https:\/\/coachingplus.ch\/coaching-ausbildung\/diplomausbildung-fuer-angewandtes-coaching\/#prozess\"><\/a>\n\t\t\t<h3>Comp\u00e9tences d'accompagnement du processus<\/h3>\t\t\t\n\t\t\t\t<p>2 jours<\/p>\n\t<a href=\"https:\/\/coachingplus.ch\/fr\/formation-de-coaching\/formation-diplomante-pour-le-coaching-applique\/#teamcoaching\" target=\"_self\"  aria-label=\"Go to https:\/\/coachingplus.ch\/coaching-ausbildung\/diplomausbildung-fuer-angewandtes-coaching\/#teamcoaching\"><\/a>\n\t\t\t<h3>Coaching de carri\u00e8re<\/h3>\t\t\t\n\t\t\t\t<p>2 jours<\/p>\n\t<a href=\"https:\/\/coachingplus.ch\/fr\/modele-de-seminaireriemann-thomann\/\" target=\"_self\"  aria-label=\"Go to https:\/\/coachingplus.ch\/mental-coach\/\"><\/a>\n\t\t\t<h3>Coach mental<\/h3>\t\t\t\n\t\t\t\t<p>4 jours<\/p>\n\t<a href=\"https:\/\/coachingplus.ch\/fr\/modele-de-seminaireriemann-thomann\/\" target=\"_self\"  aria-label=\"Go to https:\/\/coachingplus.ch\/mental-coach\/\"><\/a>\n\t\t\t<h3>Coach mental<\/h3>\t\t\t\n\t\t\t\t<p>Certifi\u00e9<br \/>Coach mental CP<\/p>\n<h3>\n\t\tModule de dipl\u00f4me\n\t<\/h3>\n\t<a href=\"https:\/\/coachingplus.ch\/fr\/formation-de-coaching\/supervision-de-groupe\/\" target=\"_self\"  aria-label=\"Go to https:\/\/coachingplus.ch\/coaching-ausbildung\/gruppensupervision\/\"><\/a>\n\t\t\t<h3>Sessions de r\u00e9flexion<\/h3>\t\t\t\n\t\t\t\t<p>9 demi-journ\u00e9es<br \/>pendant min. 6 mois<\/p>\n<h3>\n\t\tEn option\n\t<\/h3>\n\t<a href=\"https:\/\/coachingplus.ch\/fr\/formation-de-coaching\/module-complementaire-travail-thematique\/\" target=\"_self\"  aria-label=\"Go to https:\/\/coachingplus.ch\/coaching-ausbildung\/zusatzmodul-thematische-arbeit\/\"><\/a>\n\t\t\t<h3>Travail th\u00e9matique <\/h3>\t\t\t\n\t\t\t\t<p>1\/2 journ\u00e9e<\/p>\n\t<a href=\"https:\/\/coachingplus.ch\/fr\/formation-de-coaching\/simulation-dexamen\/\" target=\"_self\"  aria-label=\"Go to https:\/\/coachingplus.ch\/coaching-ausbildung\/pruefungssimulation\/\"><\/a>\n\t\t\t<h3>Simulation d'examen<\/h3>\t\t\t\n\t\t\t\t<p>1\/2 journ\u00e9e<\/p>\n\t<a href=\"https:\/\/coachingplus.ch\/fr\/formation-de-coaching\/simulation-dexamen\/\" target=\"_self\"  aria-label=\"Go to https:\/\/coachingplus.ch\/coaching-ausbildung\/pruefungssimulation\/\"><\/a>\n\t\t\t<h3>Entretiens de formation<\/h3>\t\t\t\n\t\t\t\t<p>1\/2 journ\u00e9e<\/p>\n\t<a href=\"https:\/\/coachingplus.ch\/fr\/formation-de-coaching\/mentor-fa-dipl-coach-sca-dentreprise\/\" target=\"_self\"  aria-label=\"Go to https:\/\/coachingplus.ch\/coaching-ausbildung\/betrieblicher-mentor-fa-dipl-coach-sca\/\"><\/a>\n\t\t\t<h3>Mentor(e) d'entreprise avec brevet f\u00e9d\u00e9ral<\/h3>\t\t\t\n\t\t\t\t<p>coach dipl\u00f4m\u00e9 SCA<\/p>\n\t<a href=\"https:\/\/coachingplus.ch\/fr\/seminaire-enneagramme\/\" target=\"_self\"  aria-label=\"Go to https:\/\/coachingplus.ch\/seminar-enneagramm\"><\/a>\n\t\t\t<h3>Enn\u00e9agramme<\/h3>\t\t\t\n\t\t\t\t<p>Formation<\/p>\n<h3>\n\t\tModule de base\n\t<\/h3>\n\t<a href=\"https:\/\/coachingplus.ch\/fr\/enneagramme-de-base-2\/\" target=\"_self\"  aria-label=\"Go to https:\/\/coachingplus.ch\/grundkurs-enneagramm\/\"><\/a>\n\t\t\t<h3>Cours de base sur l'enn\u00e9agramme<\/h3>\t\t\t\n\t\t\t\t<p>6 jours<\/p>\n\t<a href=\"https:\/\/coachingplus.ch\/fr\/formation-de-coaching\/cursus-de-10-jours-de-coaching\/\" target=\"_self\"  aria-label=\"Go to https:\/\/coachingplus.ch\/coaching-ausbildung\/10-taegiger-coaching-studiengang\/\"><\/a>\n\t\t\t<h3>Cours de 10 jours sur le coaching appliqu\u00e9<\/h3>\t\t\t\n\t\t\t\t<p>ou formation ad\u00e9quate en coaching \/ conseil<\/p>\n<h3>\n\t\tModules de perfectionnement\n\t<\/h3>\n\t<a href=\"https:\/\/coachingplus.ch\/fr\/enneagramme-des-modules-de-formation\/\" target=\"_self\"  aria-label=\"Go to https:\/\/coachingplus.ch\/aufbaumodule-enneagramm\/\"><\/a>\n\t\t\t<h3>Diriger de mani\u00e8re authentique avec l'enn\u00e9agramme <\/h3>\t\t\t\n\t\t\t\t<p>2 jours<\/p>\n\t<a href=\"https:\/\/coachingplus.ch\/fr\/enneagramme-des-modules-de-formation\/\" target=\"_self\"  aria-label=\"Go to https:\/\/coachingplus.ch\/aufbaumodule-enneagramm\/\"><\/a>\n\t\t\t<h3>D\u00e9veloppement d'\u00e9quipe avec l'enn\u00e9agramme<\/h3>\t\t\t\n\t\t\t\t<p>2 jours<\/p>\n\t<a href=\"https:\/\/coachingplus.ch\/fr\/enneagramme-des-modules-de-formation\/\" target=\"_self\"  aria-label=\"Go to https:\/\/coachingplus.ch\/aufbaumodule-enneagramm\/\"><\/a>\n\t\t\t<h3>Coaching avec l'enn\u00e9agramme <\/h3>\t\t\t\n\t\t\t\t<p>2 jours<\/p>\n\t<a href=\"https:\/\/coachingplus.ch\/fr\/enneagramme-des-modules-de-formation\/\" target=\"_self\"  aria-label=\"Go to https:\/\/coachingplus.ch\/aufbaumodule-enneagramm\/\"><\/a>\n\t\t\t<h3>Formateur\/trice en enn\u00e9agramme<\/h3>\t\t\t\n\t\t\t\t<p>Dipl\u00f4m\u00e9<br \/>Formateur(trice) en Enn\u00e9agramme CP<\/p>\n\t\t<h3>Professionnelle<\/h3>\t\t\t\n\t\t\t\t<p>Coachingplus forme depuis plus de 20 ans des \u00e9tudiants enthousiastes, et convainc ainsi par son exp\u00e9rience et son professionnalisme.<\/p>\n\t\t<h3>Orient\u00e9e vers la pratique<\/h3>\t\t\t\n\t\t\t\t<p>Nos cours sont con\u00e7us de mani\u00e8re \u00e0 ce que vous puissiez mettre directement en pratique ce que vous avez appris. C'est la meilleure fa\u00e7on de retenir l'enseignement transmis!<\/p>\n\t\t<h3>Peu co\u00fbteuse<\/h3>\t\t\t\n\t\t\t\t<p>\u00a0Nous vous proposons un rapport qualit\u00e9-prix \u00e9quitable pour nos cours. <\/p>","protected":false},"excerpt":{"rendered":"<p>Tagesseminar Enneagramm Tagesseminar zur Einf\u00fchrung des Enneagramms Inhalt Seminar Anmelden Dozent Tagesseminar Enneagramm Das Enneagramm geh\u00f6rt zu einem der tiefgr\u00fcndigsten und komplexesten Systeme, um die menschliche Pers\u00f6nlichkeit zu differenzieren und ist trotzdem schnell fassbar.In diesem Tagesseminar werden wir das Potential des Enneagramms entdecken und n\u00e4her kennen lernen. Es werden die neun Pers\u00f6nlichkeitsmuster eingef\u00fchrt und die [&hellip;]<\/p>\n","protected":false},"author":20,"featured_media":0,"parent":0,"menu_order":0,"comment_status":"closed","ping_status":"closed","template":"","meta":{"_seopress_robots_primary_cat":"","_seopress_titles_title":"Einf\u00fchrungstag Enneagramm","_seopress_titles_desc":"Die neun Gesichter der Seele","_seopress_robots_index":"","site-sidebar-layout":"no-sidebar","site-content-layout":"page-builder","ast-site-content-layout":"full-width-container","site-content-style":"unboxed","site-sidebar-style":"unboxed","ast-global-header-display":"","ast-banner-title-visibility":"","ast-main-header-display":"","ast-hfb-above-header-display":"","ast-hfb-below-header-display":"","ast-hfb-mobile-header-display":"","site-post-title":"disabled","ast-breadcrumbs-content":"","ast-featured-img":"disabled","footer-sml-layout":"","ast-disable-related-posts":"","theme-transparent-header-meta":"default","adv-header-id-meta":"","stick-header-meta":"","header-above-stick-meta":"","header-main-stick-meta":"","header-below-stick-meta":"","astra-migrate-meta-layouts":"set","ast-page-background-enabled":"default","ast-page-background-meta":{"desktop":{"background-color":"","background-image":"","background-repeat":"repeat","background-position":"center center","background-size":"auto","background-attachment":"scroll","background-type":"","background-media":"","overlay-type":"","overlay-color":"","overlay-opacity":"","overlay-gradient":""},"tablet":{"background-color":"","background-image":"","background-repeat":"repeat","background-position":"center center","background-size":"auto","background-attachment":"scroll","background-type":"","background-media":"","overlay-type":"","overlay-color":"","overlay-opacity":"","overlay-gradient":""},"mobile":{"background-color":"","background-image":"","background-repeat":"repeat","background-position":"center center","background-size":"auto","background-attachment":"scroll","background-type":"","background-media":"","overlay-type":"","overlay-color":"","overlay-opacity":"","overlay-gradient":""}},"ast-content-background-meta":{"desktop":{"background-color":"var(--ast-global-color-5)","background-image":"","background-repeat":"repeat","background-position":"center center","background-size":"auto","background-attachment":"scroll","background-type":"","background-media":"","overlay-type":"","overlay-color":"","overlay-opacity":"","overlay-gradient":""},"tablet":{"background-color":"var(--ast-global-color-5)","background-image":"","background-repeat":"repeat","background-position":"center center","background-size":"auto","background-attachment":"scroll","background-type":"","background-media":"","overlay-type":"","overlay-color":"","overlay-opacity":"","overlay-gradient":""},"mobile":{"background-color":"var(--ast-global-color-5)","background-image":"","background-repeat":"repeat","background-position":"center center","background-size":"auto","background-attachment":"scroll","background-type":"","background-media":"","overlay-type":"","overlay-color":"","overlay-opacity":"","overlay-gradient":""}},"iawp_total_views":9876,"footnotes":""},"class_list":["post-15159","page","type-page","status-publish","hentry"],"_links":{"self":[{"href":"https:\/\/coachingplus.ch\/fr\/wp-json\/wp\/v2\/pages\/15159","targetHints":{"allow":["GET"]}}],"collection":[{"href":"https:\/\/coachingplus.ch\/fr\/wp-json\/wp\/v2\/pages"}],"about":[{"href":"https:\/\/coachingplus.ch\/fr\/wp-json\/wp\/v2\/types\/page"}],"author":[{"embeddable":true,"href":"https:\/\/coachingplus.ch\/fr\/wp-json\/wp\/v2\/users\/20"}],"replies":[{"embeddable":true,"href":"https:\/\/coachingplus.ch\/fr\/wp-json\/wp\/v2\/comments?post=15159"}],"version-history":[{"count":38,"href":"https:\/\/coachingplus.ch\/fr\/wp-json\/wp\/v2\/pages\/15159\/revisions"}],"predecessor-version":[{"id":17154,"href":"https:\/\/coachingplus.ch\/fr\/wp-json\/wp\/v2\/pages\/15159\/revisions\/17154"}],"wp:attachment":[{"href":"https:\/\/coachingplus.ch\/fr\/wp-json\/wp\/v2\/media?parent=15159"}],"curies":[{"name":"wp","href":"https:\/\/api.w.org\/{rel}","templated":true}]}}