{"id":15143,"date":"2022-05-25T15:47:00","date_gmt":"2022-05-25T13:47:00","guid":{"rendered":"https:\/\/coachingplus.ch\/?page_id=15143"},"modified":"2025-11-11T16:52:07","modified_gmt":"2025-11-11T15:52:07","slug":"formation-a-lenneagramme","status":"publish","type":"page","link":"https:\/\/coachingplus.ch\/fr\/enneagramm-ausbildung\/","title":{"rendered":"Formateur\/trice dipl\u00f4m\u00e9(e) en enn\u00e9agramme"},"content":{"rendered":"<h1>\n\t\t\t\tFormation \u00e0 l'enn\u00e9agramme\n\t\t\t<\/h1>\n\t<h4>\n\t\t\t\tLa premi\u00e8re formation dipl\u00f4m\u00e9e de formateur\/formatrice en enn\u00e9agramme en Suisse\n\t\t\t<\/h4>\n\t\t\t<nav  aria-label=\"Fil d&#039;Ariane\"><ol class=\"breadcrumb\"><li class=\"breadcrumb-item active\" aria-current=\"page\"><span>Accueil<\/span><\/li><\/ol><\/nav>\t\n\t<ul>\n\t\t\t<li>\n\t\t\t<a href=\"#Inhalt\" target=\"_self\"  data-hover=\"Kursinhalte\" aria-label=\"Contenu du cours\">Contenu du cours<\/a>\n\t\t<\/li>\n\t\t\t\t\t<li>\n\t\t\t<a href=\"#\u00dcbersicht\" target=\"_self\"  data-hover=\"\u00dcbersicht Ausbildung\" aria-label=\"Aper\u00e7u de la formation\">Aper\u00e7u de la formation<\/a>\n\t\t<\/li>\n\t\t\t\t\t<li>\n\t\t\t<a href=\"#Experten\" target=\"_self\"  data-hover=\"Dozenten\" aria-label=\"Professeurs\">Professeurs<\/a>\n\t\t<\/li>\n\t\t\t\t<\/ul>\n\t<h2>\n\t\t\t\tFormation de formateur\/trice dipl\u00f4m\u00e9(e) en enn\u00e9agramme\n\t\t\t<\/h2>\n\t\t\t<p>Coachingplus propose d\u00e9sormais une solide <strong>Formation au mod\u00e8le de personnalit\u00e9 de l'enn\u00e9agramme<\/strong>, ainsi que les <strong>premi\u00e8re certification de formateur en enn\u00e9agramme dipl\u00f4m\u00e9 en Suisse<\/strong> L'enn\u00e9agramme est un mod\u00e8le de connaissance et de d\u00e9veloppement psychologiques. Il d\u00e9crit <strong>neuf mod\u00e8les de personnalit\u00e9 et leur nature sp\u00e9cifique<\/strong>Le but est d'entrer en relation avec soi-m\u00eame, avec les autres et avec le monde.<\/p>\t\n\t\t\t<h3>Objectif, utilit\u00e9 et b\u00e9n\u00e9fice de la formation<\/h3>\t\t\t\n<p>La formation conduit \u00e0 une connaissance approfondie de soi et favorise ainsi l'organisation consciente de la vie et des relations. En lien avec la psychologie individuelle, il en r\u00e9sulte un \u00e9largissement pratique et cibl\u00e9 des aptitudes personnelles et professionnelles.<\/p>\n<p>Cette formation permet d'\u00e9viter de nombreux d\u00e9tours dans le d\u00e9veloppement de la personnalit\u00e9 et de l'\u00e9quipe, car les points forts de l'enn\u00e9agramme sont l'augmentation de l'efficacit\u00e9 personnelle et l'accroissement de la tol\u00e9rance pour les autres modes de vie. De plus, l'enn\u00e9agramme est l'un des syst\u00e8mes les plus profonds pour la diff\u00e9renciation de la personnalit\u00e9, tout en \u00e9tant rapide et facile \u00e0 appr\u00e9hender.<\/p>\n<p>La force d'expression pr\u00e9cise de l'enn\u00e9agramme rec\u00e8le un grand potentiel. Celui-ci s'ouvre surtout aux personnes qui connaissent non seulement leur propre mod\u00e8le, mais aussi les huit autres.<\/p>\n\t\t\t<h3>Contexte de l'enn\u00e9agramme<\/h3>\t\t\t\n\t\t\t\t<p>L'enn\u00e9agramme est un mod\u00e8le de connaissance et de d\u00e9veloppement psychologiques qui explique de mani\u00e8re tr\u00e8s pratique comment nous pensons\/sentir\/agir, sans limiter la dynamique complexe d'une personnalit\u00e9. L'enn\u00e9agramme a \u00e9t\u00e9 d\u00e9velopp\u00e9 au fil des si\u00e8cles et a fait l'objet de recherches et de descriptions scientifiques, notamment en 1976 par le psychiatre Claudio Naranjo.<\/p>\n<p>Comme aucun autre mod\u00e8le, il favorise la connaissance de soi et sert ainsi au d\u00e9veloppement de la personnalit\u00e9 et \u00e0 l'augmentation des comp\u00e9tences sociales. Nous nous d\u00e9marquons des interpr\u00e9tations spirituelles et symboliques du mod\u00e8le et utilisons l'enn\u00e9agramme comme mod\u00e8le de personnalit\u00e9 purement psychologique, en le combinant avec la psychologie individuelle moderne.<\/p>\n\t\t\t<a href=\"https:\/\/coachingplus.ch\/fr\/sinscrire\/?kat=Enneagramm\" target=\"_self\">\n\t\t\t\t\t\t\tS'inscrire maintenant\n\t\t\t\t\t<\/a>\n\t\t<h3>La premi\u00e8re formation<\/h3>\t\t\t\n\t\t\t\t<p>La premi\u00e8re certification de formateur en enn\u00e9agramme dipl\u00f4m\u00e9 de Suisse . Suivez une formation de formateur\/trice dipl\u00f4m\u00e9(e) en enn\u00e9agramme.<\/p>\n\t\t<h3>Proche de Zurich<\/h3>\t\t\t\n\t\t\t\t<p>Le site moderne d'Affoltern a.A. est parfaitement desservi par les transports publics et l'autoroute.<\/p>\n\t\t<h3>\u00c9galement en ligne<\/h3>\t\t\t\n\t\t\t\t<p>Tous nos cours ont d\u00e9sormais lieu en ligne dans notre salle de classe virtuelle. Connectez-vous maintenant confortablement depuis chez vous.<\/p>\n\t\t<h3>en groupe restreint<\/h3>\t\t\t\n\t\t\t\t<p>Seuls des contenus s\u00e9lectionn\u00e9s sont enseign\u00e9s de mani\u00e8re pratique en petits groupes et de mani\u00e8re personnalis\u00e9e.<\/p>\n\t<h2>\n\t\t\t\tLa formation \u00e0 l'enn\u00e9agramme en modules\n\t\t\t<\/h2>\n\t\t\t<h3>S\u00e9minaire d'introduction \u00e0 l'enn\u00e9agramme<\/h3>\t\t\t\n\t\t\t\t<p>Pour avoir un premier aper\u00e7u et d\u00e9couvrir le potentiel de l'enn\u00e9agramme pour soi-m\u00eame, le <a href=\"https:\/\/coachingplus.ch\/fr\/seminaire-enneagramme\/\"><strong>S\u00e9minaire d'introduction<\/strong><\/a> id\u00e9al. Les neuf mod\u00e8les de personnalit\u00e9 de l'enn\u00e9agramme sont pr\u00e9sent\u00e9s, des moyens de reconna\u00eetre son propre mod\u00e8le sont expliqu\u00e9s et la perception de tous les mod\u00e8les est entra\u00een\u00e9e.\u00a0<\/p>\n\t\t\t<a href=\"https:\/\/coachingplus.ch\/fr\/seminaire-enneagramme\/\" target=\"_self\">\n\t\t\t\t\t\t\tS\u00e9minaire d'introduction\n\t\t\t\t\t<\/a>\n\t\t\t<h3>Cours de base de 6 jours sur l'enn\u00e9agramme<\/h3>\t\t\t\n\t\t\t\t<p>Dans le cadre du <a href=\"https:\/\/coachingplus.ch\/fr\/enneagramme-de-base-2\/\"><strong>cours de base de 6 jours <\/strong><\/a>est centr\u00e9 sur le d\u00e9veloppement approfondi de la personnalit\u00e9 et la cr\u00e9ation active de relations gr\u00e2ce \u00e0 l'enn\u00e9agramme.<br \/>Les talents et les dangers de chaque mod\u00e8le sont mis en \u00e9vidence sans jugement de valeur, et les potentiels de d\u00e9veloppement sp\u00e9cifiques aux mod\u00e8les sont d\u00e9couverts. L'interaction des mod\u00e8les de personnalit\u00e9 permet ensuite de reconna\u00eetre des situations relationnelles typiques et de les r\u00e9organiser. La dynamique de l'enn\u00e9agramme \u00e9largit la connaissance des mod\u00e8les relationnels et favorise ainsi consid\u00e9rablement la comp\u00e9tence sociale personnelle.<\/p>\n\t\t\t<a href=\"https:\/\/coachingplus.ch\/fr\/enneagramme-de-base-2\/\" target=\"_self\">\n\t\t\t\t\t\t\tCours de base\n\t\t\t\t\t<\/a>\n\t\t\t<h3>Modules de perfectionnement du formateur dipl\u00f4m\u00e9(e) en enn\u00e9agramme<\/h3>\t\t\t\n\t\t\t\t<p>Pour les participants au cursus de coaching appliqu\u00e9 de 10 jours ainsi que pour les conseillers ou les cadres ayant suivi une formation ad\u00e9quate, la <strong>formation compl\u00e9mentaire de formateur\/trice dipl\u00f4m\u00e9(e) en enn\u00e9agramme<\/strong> est propos\u00e9.<br \/>L'accent est moins mis sur le d\u00e9veloppement personnel que sur la formation et le perfectionnement m\u00e9thodiques en tant que cadre, conseiller et coach. Cela se fait en <strong>trois cours de 2 jours<\/strong> <strong>Modules de perfectionnement<\/strong>.<br \/>Ces connaissances \u00e9largies de l'enn\u00e9agramme permettent d'accompagner et de soutenir de mani\u00e8re professionnelle des individus, des groupes ou des \u00e9quipes enti\u00e8res. Le site <strong>Dipl\u00f4me de formateur(trice) en enn\u00e9agramme<\/strong> se fait par un examen pratique.<\/p>\n\t\t\t<a href=\"https:\/\/coachingplus.ch\/fr\/enneagramme-des-modules-de-formation\/\" target=\"_self\">\n\t\t\t\t\t\t\tModules de perfectionnement\n\t\t\t\t\t<\/a>\n\t\t\t<h3>Qui sont les cibles ?<\/h3>\t\t\t\n\t\t\t\t<ul>\n<li>les personnes qui recherchent une psychologie de la vie quotidienne pour d\u00e9velopper leurs comp\u00e9tences personnelles<\/li>\n<li>les personnes exer\u00e7ant des professions sociales ou p\u00e9dagogiques qui souhaitent d\u00e9velopper leurs comp\u00e9tences sociales et promouvoir leurs propres comp\u00e9tences de perception<\/li>\n<li>les responsables d'\u00e9quipe qui souhaitent d\u00e9velopper leur \u00e9quipe et mieux g\u00e9rer les conflits<\/li>\n<li>les cadres qui souhaitent diriger de mani\u00e8re authentique et plus consciente<\/li>\n<li>les coachs, les conseillers et les superviseurs qui souhaitent utiliser cet outil comme d\u00e9crit ci-dessus.<\/li>\n<\/ul>\n\t\t\t<h3>Pourquoi utiliser l'enn\u00e9agramme dans le coaching et le conseil ?<\/h3>\t\t\t\n\t\t\t\t<p>Dans la pratique de l'accompagnement, l'enn\u00e9agramme est un mod\u00e8le psychologique important. Sa dynamique permet d'analyser les processus syst\u00e9miques entre les personnes, d'en prendre conscience et de les d\u00e9velopper.<\/p>\n<ul>\n<li>Les entretiens individuels permettent d'identifier les tendances des clients et de travailler sur la motivation sous-jacente.<\/li>\n<li>Dans la consultation de couple ou dans la supervision d'\u00e9quipes, les mod\u00e8les de personnalit\u00e9 peuvent \u00eatre d\u00e9termin\u00e9s et la dynamique relationnelle syst\u00e9mique peut \u00eatre mise en \u00e9vidence.<\/li>\n<li>Les formations de grands groupes permettent de promouvoir la tol\u00e9rance envers d'autres modes de vie et la compr\u00e9hension de ceux-ci.<\/li>\n<\/ul>\n<h2  id=\"\u00dcbersicht\">\n\t\t\tAper\u00e7u de la formation Coachingplus\t<\/h2>\n\t<a href=\"https:\/\/coachingplus.ch\/fr\/formation-de-coaching\/cursus-de-10-jours-de-coaching\/\" target=\"_self\"  aria-label=\"Go to https:\/\/coachingplus.ch\/coaching-ausbildung\/10-taegiger-coaching-studiengang\/\"><\/a>\n\t\t\t<h3>Cours de 10 jours sur le coaching appliqu\u00e9<\/h3>\t\t\t\n\t\t\t\t<p>Module de base - Obtention du certificat<\/p>\n<h3>\n\t\t\tModules de perfectionnement\t<\/h3>\n\t<a href=\"https:\/\/coachingplus.ch\/fr\/formation-de-coaching\/formation-diplomante-pour-le-coaching-applique\/#prozess\" target=\"_self\"  aria-label=\"Go to https:\/\/coachingplus.ch\/coaching-ausbildung\/diplomausbildung-fuer-angewandtes-coaching\/#prozess\"><\/a>\n\t\t\t<h3>Comp\u00e9tences d'accompagnement du processus<\/h3>\t\t\t\n\t\t\t\t<p>2 jours<\/p>\n\t<a href=\"https:\/\/coachingplus.ch\/fr\/formation-de-coaching\/formation-diplomante-pour-le-coaching-applique\/#teamcoaching\" target=\"_self\"  aria-label=\"Go to https:\/\/coachingplus.ch\/coaching-ausbildung\/diplomausbildung-fuer-angewandtes-coaching\/#teamcoaching\"><\/a>\n\t\t\t<h3>Coaching d'\u00e9quipe<\/h3>\t\t\t\n\t\t\t\t<p>2 jours<\/p>\n\t<a href=\"https:\/\/coachingplus.ch\/fr\/formation-de-coaching\/formation-diplomante-pour-le-coaching-applique\/#selbstmgmt\" target=\"_self\"  aria-label=\"Go to https:\/\/coachingplus.ch\/coaching-ausbildung\/diplomausbildung-fuer-angewandtes-coaching\/#selbstmgmt\"><\/a>\n\t\t\t<h3>Coaching de carri\u00e8re<\/h3>\t\t\t\n\t\t\t\t<p>2 jours<\/p>\n\t<a href=\"https:\/\/coachingplus.ch\/fr\/formation-de-coaching\/formation-diplomante-pour-le-coaching-applique\/#laufbahn\" target=\"_self\"  aria-label=\"Go to https:\/\/coachingplus.ch\/coaching-ausbildung\/diplomausbildung-fuer-angewandtes-coaching\/#laufbahn\"><\/a>\n\t\t\t<h3>Le mod\u00e8le des 4 types dans le coaching syst\u00e9mique<\/h3>\t\t\t\n\t\t\t\t<p>2 jours<\/p>\n\t<a href=\"https:\/\/coachingplus.ch\/fr\/formation-de-coaching\/modules-de-formation-pour-le-coaching-applique-2\/\" target=\"_self\"  aria-label=\"Go to https:\/\/coachingplus.ch\/coaching-ausbildung\/systemischer-coach\/\"><\/a>\n\t\t\t<h3>Coach syst\u00e9mique certifi\u00e9 CP<\/h3>\t\t\t\n\t\t\t\t<p>Paquet de certificats\u00a0<br \/>Coach syst\u00e9mique CP<\/p>\n<h3>\n\t\t\tModules de perfectionnement\t<\/h3>\n\t<a href=\"https:\/\/coachingplus.ch\/fr\/formation-de-coaching\/formation-diplomante-pour-le-coaching-applique\/#prozess\" target=\"_self\"  aria-label=\"Go to https:\/\/coachingplus.ch\/coaching-ausbildung\/diplomausbildung-fuer-angewandtes-coaching\/#prozess\"><\/a>\n\t\t\t<h3>Comp\u00e9tences d'accompagnement du processus<\/h3>\t\t\t\n\t\t\t\t<p>2 jours<\/p>\n\t<a href=\"https:\/\/coachingplus.ch\/fr\/formation-de-coaching\/formation-diplomante-pour-le-coaching-applique\/#teamcoaching\" target=\"_self\"  aria-label=\"Go to https:\/\/coachingplus.ch\/coaching-ausbildung\/diplomausbildung-fuer-angewandtes-coaching\/#teamcoaching\"><\/a>\n\t\t\t<h3>Coaching d'\u00e9quipe<\/h3>\t\t\t\n\t\t\t\t<p>2 jours<\/p>\n\t<a href=\"https:\/\/coachingplus.ch\/fr\/enneagramme-de-base\/\" target=\"_self\"  aria-label=\"Go to https:\/\/coachingplus.ch\/erlebnis-naturcoach\/\"><\/a>\n\t\t\t<h3>Coach nature et aventure<\/h3>\t\t\t\n\t\t\t\t<p>3 x 2 jours<\/p>\n\t<a href=\"https:\/\/coachingplus.ch\/fr\/enneagramme-de-base\/\" target=\"_self\"  aria-label=\"Go to https:\/\/coachingplus.ch\/erlebnis-naturcoach\/\"><\/a>\n\t\t\t<h3>Coach nature et aventure certifi\u00e9 CP<\/h3>\t\t\t\n\t\t\t\t<p>Paquet de certificats\u00a0<br \/>Coach nature et aventure CP<\/p>\n<h3>\n\t\t\tModules de perfectionnement\t<\/h3>\n\t<a href=\"https:\/\/coachingplus.ch\/fr\/formation-de-coaching\/formation-diplomante-pour-le-coaching-applique\/#prozess\" target=\"_self\"  aria-label=\"Go to https:\/\/coachingplus.ch\/coaching-ausbildung\/diplomausbildung-fuer-angewandtes-coaching\/#prozess\"><\/a>\n\t\t\t<h3>Comp\u00e9tences d'accompagnement du processus<\/h3>\t\t\t\n\t\t\t\t<p>2 jours<\/p>\n\t<a href=\"https:\/\/coachingplus.ch\/fr\/formation-de-coaching\/formation-diplomante-pour-le-coaching-applique\/#teamcoaching\" target=\"_self\"  aria-label=\"Go to https:\/\/coachingplus.ch\/coaching-ausbildung\/diplomausbildung-fuer-angewandtes-coaching\/#teamcoaching\"><\/a>\n\t\t\t<h3>Coaching de carri\u00e8re<\/h3>\t\t\t\n\t\t\t\t<p>2 jours<\/p>\n\t<a href=\"https:\/\/coachingplus.ch\/fr\/modele-de-seminaireriemann-thomann\/\" target=\"_self\"  aria-label=\"Go to https:\/\/coachingplus.ch\/mental-coach\/\"><\/a>\n\t\t\t<h3>Coach mental<\/h3>\t\t\t\n\t\t\t\t<p>6 jours<\/p>\n\t<a href=\"https:\/\/coachingplus.ch\/fr\/modele-de-seminaireriemann-thomann\/\" target=\"_self\"  aria-label=\"Go to https:\/\/coachingplus.ch\/mental-coach\/\"><\/a>\n\t\t\t<h3>Coach mental certifi\u00e9 CP<\/h3>\t\t\t\n\t\t\t\t<p>Paquet de certificats<br \/>Coach mental CP<\/p>\n<h3>\n\t\t\tModule de dipl\u00f4me\t<\/h3>\n\t<a href=\"https:\/\/coachingplus.ch\/fr\/formation-de-coaching\/supervision-de-groupe\/\" target=\"_self\"  aria-label=\"Go to https:\/\/coachingplus.ch\/coaching-ausbildung\/gruppensupervision\/\"><\/a>\n\t\t\t<h3>Sessions de r\u00e9flexion<\/h3>\t\t\t\n\t\t\t\t<p>9 demi-journ\u00e9es<br \/>pendant min. 6 mois<\/p>\n<h3>\n\t\t\tEn option\t<\/h3>\n\t<a href=\"https:\/\/coachingplus.ch\/fr\/formation-de-coaching\/module-complementaire-travail-thematique\/\" target=\"_self\"  aria-label=\"Go to https:\/\/coachingplus.ch\/coaching-ausbildung\/zusatzmodul-thematische-arbeit\/\"><\/a>\n\t\t\t<h3>Travail th\u00e9matique <\/h3>\t\t\t\n\t\t\t\t<p>1\/2 journ\u00e9e<\/p>\n\t<a href=\"https:\/\/coachingplus.ch\/fr\/formation-de-coaching\/simulation-dexamen\/\" target=\"_self\"  aria-label=\"Go to https:\/\/coachingplus.ch\/coaching-ausbildung\/pruefungssimulation\/\"><\/a>\n\t\t\t<h3>Simulation d'examen<\/h3>\t\t\t\n\t\t\t\t<p>1\/2 journ\u00e9e<\/p>\n\t<a href=\"https:\/\/coachingplus.ch\/fr\/formation-de-coaching\/simulation-dexamen\/\" target=\"_self\"  aria-label=\"Go to https:\/\/coachingplus.ch\/coaching-ausbildung\/pruefungssimulation\/\"><\/a>\n\t\t\t<h3>Entretiens de formation<\/h3>\t\t\t\n\t\t\t\t<p>1\/2 journ\u00e9e<\/p>\n\t<a href=\"https:\/\/coachingplus.ch\/fr\/formation-de-coaching\/mentor-fa-dipl-coach-sca-dentreprise\/\" target=\"_self\"  aria-label=\"Go to https:\/\/coachingplus.ch\/coaching-ausbildung\/betrieblicher-mentor-fa-dipl-coach-sca\/\"><\/a>\n\t\t\t<h3>Mentor(e) d'entreprise avec brevet f\u00e9d\u00e9ral<\/h3>\t\t\t\n\t\t\t\t<p>Examen du brevet et dipl\u00f4me de coach SCA<\/p>\n\t<a href=\"https:\/\/coachingplus.ch\/fr\/seminaire-enneagramme\/\" target=\"_self\"  aria-label=\"Go to https:\/\/coachingplus.ch\/seminar-enneagramm\"><\/a>\n\t\t\t<h3>Enn\u00e9agramme<\/h3>\t\t\t\n\t\t\t\t<p>Formation<\/p>\n<h3>\n\t\t\tModule de base\t<\/h3>\n\t<a href=\"https:\/\/coachingplus.ch\/fr\/enneagramme-de-base-2\/\" target=\"_self\"  aria-label=\"Go to https:\/\/coachingplus.ch\/grundkurs-enneagramm\/\"><\/a>\n\t\t\t<h3>Cours de base sur l'enn\u00e9agramme<\/h3>\t\t\t\n\t\t\t\t<p>6 jours<\/p>\n\t<a href=\"https:\/\/coachingplus.ch\/fr\/formation-de-coaching\/cursus-de-10-jours-de-coaching\/\" target=\"_self\"  aria-label=\"Go to https:\/\/coachingplus.ch\/coaching-ausbildung\/10-taegiger-coaching-studiengang\/\"><\/a>\n\t\t\t<h3>Cours de 10 jours sur le coaching appliqu\u00e9<\/h3>\t\t\t\n\t\t\t\t<p>ou formation ad\u00e9quate en coaching \/ conseil<\/p>\n<h3>\n\t\t\tModules de perfectionnement\t<\/h3>\n\t<a href=\"https:\/\/coachingplus.ch\/fr\/enneagramme-des-modules-de-formation\/\" target=\"_self\"  aria-label=\"Go to https:\/\/coachingplus.ch\/aufbaumodule-enneagramm\/\"><\/a>\n\t\t\t<h3>Diriger de mani\u00e8re authentique avec l'enn\u00e9agramme <\/h3>\t\t\t\n\t\t\t\t<p>2 jours<\/p>\n\t<a href=\"https:\/\/coachingplus.ch\/fr\/enneagramme-des-modules-de-formation\/\" target=\"_self\"  aria-label=\"Go to https:\/\/coachingplus.ch\/aufbaumodule-enneagramm\/\"><\/a>\n\t\t\t<h3>D\u00e9veloppement d'\u00e9quipe avec l'enn\u00e9agramme<\/h3>\t\t\t\n\t\t\t\t<p>2 jours<\/p>\n\t<a href=\"https:\/\/coachingplus.ch\/fr\/enneagramme-des-modules-de-formation\/\" target=\"_self\"  aria-label=\"Go to https:\/\/coachingplus.ch\/aufbaumodule-enneagramm\/\"><\/a>\n\t\t\t<h3>Coaching avec l'enn\u00e9agramme <\/h3>\t\t\t\n\t\t\t\t<p>2 jours<\/p>\n\t<a href=\"https:\/\/coachingplus.ch\/fr\/enneagramme-des-modules-de-formation\/\" target=\"_self\"  aria-label=\"Go to https:\/\/coachingplus.ch\/aufbaumodule-enneagramm\/\"><\/a>\n\t\t\t<h3>Formateur\/trice en enn\u00e9agramme<\/h3>\t\t\t\n\t\t\t\t<p>Examen Dipl\u00f4m\u00e9(e)<br \/>Formateur(trice) en Enn\u00e9agramme CP<\/p>\n\t<h2>\n\t\t\t\tVotre experte pour la formation \u00e0 l'enn\u00e9agramme\n\t\t\t<\/h2>\n\t\t\t\t<img decoding=\"async\" src=\"https:\/\/coachingplus.ch\/wp-content\/uploads\/2022\/05\/Rahel-Bild-e1653489490192.jpg\" alt=\"image de rahel\" itemprop=\"image\" height=\"358\" width=\"331\" title=\"Rahel Image\" onerror=\"this.style.display='none'\" loading=\"lazy\" \/>\n\t\t<h3>Rahel Kellenberger-Schmid<\/h3><em>Rahel Kellenberger travaille en tant que conseill\u00e8re syst\u00e9mique sp\u00e9cialis\u00e9e en psychologie individuelle et conseill\u00e8re psychosociale avec dipl\u00f4me f\u00e9d\u00e9ral ES dans son propre cabinet (<a href=\"http:\/\/www.kellenberger-beratung.ch\">www.kellenberger-beratung.ch<\/a>).<\/em><br \/>\n<em> Son exp\u00e9rience professionnelle \u00e0 diff\u00e9rents postes de direction lui a permis d'acqu\u00e9rir une vision diversifi\u00e9e des interactions et des syst\u00e8mes humains. Elle a ainsi d\u00e9velopp\u00e9 une affinit\u00e9 particuli\u00e8re pour les th\u00e8mes du leadership et de la direction. Depuis plus de 25 ans, elle utilise l'enn\u00e9agramme comme mod\u00e8le de personnalit\u00e9 pour diriger, conseiller et coacher des personnes et des \u00e9quipes.<\/em>\n\t\t<iframe loading=\"lazy\" hcb-fetch-image-from=\"https:\/\/www.youtube.com\/watch?v=vA9TdXWXsbE\" title=\"T\u00e9moignage sur l&#039;enn\u00e9agramme\" width=\"500\" height=\"281\" src=\"https:\/\/www.youtube.com\/embed\/vA9TdXWXsbE?feature=oembed\" frameborder=\"0\" allow=\"accelerometer; autoplay; clipboard-write; encrypted-media; gyroscope; picture-in-picture; web-share\" referrerpolicy=\"strict-origin-when-cross-origin\" allowfullscreen><\/iframe>\t\n\t\t<h3>Professionnelle<\/h3>\t\t\t\n\t\t\t\t<p>Coachingplus forme depuis plus de 20 ans des \u00e9tudiants enthousiastes, et convainc ainsi par son exp\u00e9rience et son professionnalisme.<\/p>\n\t\t<h3>Orient\u00e9e vers la pratique<\/h3>\t\t\t\n\t\t\t\t<p>Nos cours sont con\u00e7us de mani\u00e8re \u00e0 ce que vous puissiez mettre directement en pratique ce que vous avez appris. C'est la meilleure fa\u00e7on de retenir l'enseignement transmis!<\/p>\n\t\t<h3>Peu co\u00fbteuse<\/h3>\t\t\t\n\t\t\t\t<p>\u00a0Nous vous proposons un rapport qualit\u00e9-prix \u00e9quitable pour nos cours. <\/p>","protected":false},"excerpt":{"rendered":"<p>Enneagramm Ausbildung Die erste diplomierte Enneagramm Trainer\/in Ausbildung der Schweiz Kursinhalte \u00dcbersicht Ausbildung Dozenten Diplomierte Enneagramm Trainer\/in Ausbildung Coachingplus bietet neu eine fundierte Ausbildung zum Pers\u00f6nlichkeitsmodell des Enneagramm, sowie die erste diplomierte Enneagramm-Trainer-Zertifizierung der Schweiz an.Das Enneagramm ist ein psychologisches Erkenntnis- und Entwicklungsmodell. Es beschreibt neun Pers\u00f6nlichkeitsmuster und ihre spezifische Art, mit sich selbst, mit [&hellip;]<\/p>\n","protected":false},"author":20,"featured_media":0,"parent":0,"menu_order":0,"comment_status":"closed","ping_status":"closed","template":"","meta":{"_seopress_robots_primary_cat":"","_seopress_titles_title":"Ausbildung Diplomierte Enneagramm Trainer\/in","_seopress_titles_desc":"Die erste Enneagramm Ausbildung in der Schweiz. Werden Sie Enneagramm Trainer\/in mit Diplom.","_seopress_robots_index":"","site-sidebar-layout":"no-sidebar","site-content-layout":"page-builder","ast-site-content-layout":"default","site-content-style":"default","site-sidebar-style":"default","ast-global-header-display":"","ast-banner-title-visibility":"","ast-main-header-display":"","ast-hfb-above-header-display":"","ast-hfb-below-header-display":"","ast-hfb-mobile-header-display":"","site-post-title":"disabled","ast-breadcrumbs-content":"","ast-featured-img":"disabled","footer-sml-layout":"","ast-disable-related-posts":"","theme-transparent-header-meta":"default","adv-header-id-meta":"","stick-header-meta":"","header-above-stick-meta":"","header-main-stick-meta":"","header-below-stick-meta":"","astra-migrate-meta-layouts":"default","ast-page-background-enabled":"default","ast-page-background-meta":{"desktop":{"background-color":"","background-image":"","background-repeat":"repeat","background-position":"center center","background-size":"auto","background-attachment":"scroll","background-type":"","background-media":"","overlay-type":"","overlay-color":"","overlay-opacity":"","overlay-gradient":""},"tablet":{"background-color":"","background-image":"","background-repeat":"repeat","background-position":"center center","background-size":"auto","background-attachment":"scroll","background-type":"","background-media":"","overlay-type":"","overlay-color":"","overlay-opacity":"","overlay-gradient":""},"mobile":{"background-color":"","background-image":"","background-repeat":"repeat","background-position":"center center","background-size":"auto","background-attachment":"scroll","background-type":"","background-media":"","overlay-type":"","overlay-color":"","overlay-opacity":"","overlay-gradient":""}},"ast-content-background-meta":{"desktop":{"background-color":"var(--ast-global-color-5)","background-image":"","background-repeat":"repeat","background-position":"center center","background-size":"auto","background-attachment":"scroll","background-type":"","background-media":"","overlay-type":"","overlay-color":"","overlay-opacity":"","overlay-gradient":""},"tablet":{"background-color":"var(--ast-global-color-5)","background-image":"","background-repeat":"repeat","background-position":"center center","background-size":"auto","background-attachment":"scroll","background-type":"","background-media":"","overlay-type":"","overlay-color":"","overlay-opacity":"","overlay-gradient":""},"mobile":{"background-color":"var(--ast-global-color-5)","background-image":"","background-repeat":"repeat","background-position":"center center","background-size":"auto","background-attachment":"scroll","background-type":"","background-media":"","overlay-type":"","overlay-color":"","overlay-opacity":"","overlay-gradient":""}},"iawp_total_views":6096,"footnotes":""},"class_list":["post-15143","page","type-page","status-publish","hentry"],"_links":{"self":[{"href":"https:\/\/coachingplus.ch\/fr\/wp-json\/wp\/v2\/pages\/15143","targetHints":{"allow":["GET"]}}],"collection":[{"href":"https:\/\/coachingplus.ch\/fr\/wp-json\/wp\/v2\/pages"}],"about":[{"href":"https:\/\/coachingplus.ch\/fr\/wp-json\/wp\/v2\/types\/page"}],"author":[{"embeddable":true,"href":"https:\/\/coachingplus.ch\/fr\/wp-json\/wp\/v2\/users\/20"}],"replies":[{"embeddable":true,"href":"https:\/\/coachingplus.ch\/fr\/wp-json\/wp\/v2\/comments?post=15143"}],"version-history":[{"count":63,"href":"https:\/\/coachingplus.ch\/fr\/wp-json\/wp\/v2\/pages\/15143\/revisions"}],"predecessor-version":[{"id":17368,"href":"https:\/\/coachingplus.ch\/fr\/wp-json\/wp\/v2\/pages\/15143\/revisions\/17368"}],"wp:attachment":[{"href":"https:\/\/coachingplus.ch\/fr\/wp-json\/wp\/v2\/media?parent=15143"}],"curies":[{"name":"wp","href":"https:\/\/api.w.org\/{rel}","templated":true}]}}