{"id":15006,"date":"2022-04-14T15:55:57","date_gmt":"2022-04-14T13:55:57","guid":{"rendered":"https:\/\/coachingplus.ch\/?page_id=15006"},"modified":"2023-05-08T13:45:12","modified_gmt":"2023-05-08T11:45:12","slug":"modele-de-seminaireriemann-thomann-3","status":"publish","type":"page","link":"https:\/\/coachingplus.ch\/fr\/seminar-riemann-thomann-modell\/","title":{"rendered":"4 types Mod\u00e8le"},"content":{"rendered":"<h1>\n\t\t\t\tS\u00e9minaire d'une journ\u00e9e sur le mod\u00e8le Riemann-Thomann\n\t\t\t<\/h1>\n\t<h4>\n\t\t\t\tQuel est ton but int\u00e9rieur ?\n\t\t\t<\/h4>\n\t\t\t<nav  aria-label=\"Fil d&#039;Ariane\"><ol class=\"breadcrumb\"><li class=\"breadcrumb-item active\" aria-current=\"page\"><span>Accueil<\/span><\/li><\/ol><\/nav>\t\n\t<ul>\n\t\t\t<li>\n\t\t\t\t<a href=\"#Pr\u00e4sentation\" target=\"_self\" data-hover=\"Inhalt Seminar\" rel=\"noopener\">Contenu du s\u00e9minaire<\/a>\n\t\t<\/li>\n\t\t\t\t\t<li>\n\t\t\t\t<a href=\"https:\/\/coachingplus.ch\/fr\/sinscrire\/\" target=\"_self\" data-hover=\"Anmelden\" rel=\"noopener\">S'inscrire<\/a>\n\t\t<\/li>\n\t\t\t\t\t<li>\n\t\t\t\t<a href=\"#Dozent\" target=\"_self\" data-hover=\"Leitung\" rel=\"noopener\">Direction<\/a>\n\t\t<\/li>\n\t\t\t\t<\/ul>\n\t\t\t\t<h2><strong>Mod\u00e8le Riemann-Thomann - S\u00e9minaire d'un jour<\/strong><\/h2>\n<p><strong>Chaque personne est unique et incomparable. Sa personnalit\u00e9 se refl\u00e8te dans sa fa\u00e7on de penser, de ressentir, de parler, de r\u00e9agir, de prendre des d\u00e9cisions et de vivre. Mais cette individualit\u00e9 et cette singularit\u00e9 signifient aussi que les autres sont diff\u00e9rents. Certaines personnes sont particuli\u00e8rement orient\u00e9es vers la proximit\u00e9, d'autres recherchent la distance. Certains aiment le changement permanent et la transformation, tandis que d'autres pr\u00e9f\u00e8rent la stabilit\u00e9.<\/strong><\/p>\n\t\t\t\t<p><strong>Objectif de ce s\u00e9minaire :<br \/>Comprendre et appliquer le mod\u00e8le de Riemann-Thomann.<\/strong><\/p>\n<p><strong>Comprendre et fa\u00e7onner son propre comportement <br \/><\/strong>Pour mieux comprendre les diff\u00e9rences individuelles et leurs cons\u00e9quences sur la communication, l'organisation des relations et de la vie, le mod\u00e8le Riemann-Thomann nous aide. Il distingue quatre aspirations fondamentales :<\/p>\n<ul>\n<li>Proche de<\/li>\n<li>Distance<\/li>\n<li>Dur\u00e9e<\/li>\n<li>Changement<\/li>\n<\/ul>\n<p>Chaque individu manifeste toutes ces aspirations, mais \u00e0 des degr\u00e9s divers. En fonction du besoin fondamental ou de la combinaison de ces besoins, il est possible de tirer des conclusions sur les objectifs, la motivation et le comportement d'une personne.<\/p>\n<p><strong>Test de personnalit\u00e9 : Comprendre les aspirations fondamentales, les utiliser avec profit<\/strong><br \/>Avec ce mod\u00e8le, Coachingplus a cr\u00e9\u00e9 un test de personnalit\u00e9 qui permet de saisir et d'\u00e9valuer la hi\u00e9rarchisation des aspirations fondamentales.<br \/>Nous proposons aux coachs et aux personnes int\u00e9ress\u00e9es ce s\u00e9minaire d'une journ\u00e9e sur le mod\u00e8le Riemann-Thomann. Nous y montrerons comment comprendre le mod\u00e8le et ses aspirations fondamentales et comment nous pouvons l'utiliser de mani\u00e8re profitable pour le conseil.<\/p>\n\t\t\t<h3>Le plus important en bref<\/h3>\t\t\t\n\t\t\t\t<ol>\n<li>Comprendre les diff\u00e9rences entre les quatre orientations fondamentales et leurs cons\u00e9quences sur la communication et l'organisation des relations et de la vie.<\/li>\n<li>En comprenant sa propre hi\u00e9rarchisation des aspirations fondamentales, reconna\u00eetre les progr\u00e8s et les possibilit\u00e9s de d\u00e9veloppement.<\/li>\n<li>Mener des entretiens encourageants et orient\u00e9s vers des solutions \u00e0 l'aide du test de personnalit\u00e9 4Typen.ch.<\/li>\n<\/ol>\n\t\t\t\t\t\t\t<h4>Mod\u00e8le de Riemann-Thomann<\/h4>\n\t\t\t\t\t\t\t\t\t<h2>\n\t\t\t\t\t400 CHF \/ s\u00e9minaire d'une journ\u00e9e\n\t\t\t\t\t\t\t\t\t\t\t<\/h2>\n\t\t\t\t\t\t\t\t<ul>\n\t\t\t\t\t\t\t\t\t\t\t\t\t\t\t\t\t\t<li>\n\t\t\t\t\t\t\t\t\t\t\t\t\t\t\t\t\tHoraire de 13h00 \u00e0 20h00\t\t\t\t\t\n\t\t\t\t\t\t<\/li>\n\t\t\t\t<\/ul>\n\t\t\t<a href=\"https:\/\/coachingplus.ch\/fr\/sinscrire\/\" target=\"_self\" role=\"button\" aria-label=\"Dates et inscription\" rel=\"noopener\">\n\t\t\t\t\t\t\tDates et inscription\n\t\t<\/a>\n\t\t\t\t<img decoding=\"async\" src=\"https:\/\/coachingplus.ch\/wp-content\/uploads\/2020\/11\/Marcel-Hager_Portrait_web-1.jpeg\" alt=\"Portrait de Marcel Hager\" itemprop=\"image\" height=\"709\" width=\"900\" title=\"Marcel-Hager_Portrait_web\" onerror=\"this.style.display='none'\"  \/>\n\t\t<h3>Marcel Hager<\/h3>\t\t\n\t\t\t<p>Marcel Hager est conf\u00e9rencier et auteur de livres. Il est associ\u00e9 et co-directeur de Coachingplus GmbH. Depuis 2012, il soutient avec <a href=\"http:\/\/www.survive2life.ch\">Hager Coaching et Training GmbH,<\/a> les individus dans leur d\u00e9veloppement personnel et professionnel et renforce les \u00e9quipes par le biais de s\u00e9minaires et de team building. Gr\u00e2ce au coaching par l'exp\u00e9rience dans la nature, il accompagne litt\u00e9ralement ses clients vers un sommet ou \u00e0 travers un territoire inconnu. D\u00e9fier et encourager les gens, croire en eux et \u00e9veiller leur potentiel, voil\u00e0 ce qui le motive.<\/p>\n<p>&nbsp;<\/p>\n<h2>\n\t\tQuel est ton but int\u00e9rieur ?\n\t<\/h2>\n\t<strong><em>Chaque typologie peut \u00eatre compar\u00e9e \u00e0 une carte g\u00e9ographique dont le but est de faciliter la vue d'ensemble - aucune d'entre elles n'est exhaustive - et l'\u00e9tude de la carte ne remplace jamais l'exp\u00e9rience du voyage.<\/em><br \/>\n<\/strong>d'apr\u00e8s Richard Rohr\n\t\t\t<a href=\"https:\/\/www.4typen.ch\/fr\/\" target=\"_blank\" role=\"button\" rel=\"noopener\">\n\t\t\t\t\t\tTest de personnalit\u00e9\n\t\t\t\t\t<\/a>\n\t\t<h3>Professionnelle<\/h3>\t\t\t\n\t\t\t\t<p>Coachingplus forme depuis plus de 20 ans des \u00e9tudiants enthousiastes, et convainc ainsi par son exp\u00e9rience et son professionnalisme.<\/p>\n\t\t<h3>Orient\u00e9e vers la pratique<\/h3>\t\t\t\n\t\t\t\t<p>Nos cours sont con\u00e7us de mani\u00e8re \u00e0 ce que vous puissiez mettre directement en pratique ce que vous avez appris. C'est la meilleure fa\u00e7on de retenir l'enseignement transmis!<\/p>\n\t\t<h3>Peu co\u00fbteuse<\/h3>\t\t\t\n\t\t\t\t<p>\u00a0Nous offrons un bon rapport qualit\u00e9-prix pour nos cours. Des subventions \u00e9ventuelles sont disponibles. Pour en savoir plus, consultez la FAQ.<\/p>","protected":false},"excerpt":{"rendered":"<p>Tagesseminar Riemann-Thomann Modell Was ist dein inneres Ziel? Inhalt Seminar Anmelden Leitung Riemann-Thomann Modell &#8211; Tagesseminar Jeder Mensch ist einzigartig und unverwechselbar. Die eigene Pers\u00f6nlichkeit spiegelt sich darin, wie jemand denkt, f\u00fchlt, redet, reagiert, entscheidet, wie jemand lebt. Diese Individualit\u00e4t und Einzigartigkeit, bedeutet aber auch dass die anderen andersartig sind. Manche Menschen sind besonders N\u00e4he [&hellip;]<\/p>\n","protected":false},"author":20,"featured_media":0,"parent":0,"menu_order":0,"comment_status":"closed","ping_status":"closed","template":"","meta":{"_seopress_robots_primary_cat":"","_seopress_titles_title":"Pers\u00f6nlichkeitstest Riemann-Thormann Modell - Tagesseminar  ","_seopress_titles_desc":"Anhand des 4Typen-Modells (Riemann-Tomann-Modell), eigenes Verhalten besser verstehen, reflektieren und sein Leben besser gestalten.","_seopress_robots_index":"","site-sidebar-layout":"no-sidebar","site-content-layout":"page-builder","ast-site-content-layout":"default","site-content-style":"default","site-sidebar-style":"default","ast-global-header-display":"","ast-banner-title-visibility":"","ast-main-header-display":"","ast-hfb-above-header-display":"","ast-hfb-below-header-display":"","ast-hfb-mobile-header-display":"","site-post-title":"disabled","ast-breadcrumbs-content":"","ast-featured-img":"disabled","footer-sml-layout":"","ast-disable-related-posts":"","theme-transparent-header-meta":"default","adv-header-id-meta":"","stick-header-meta":"","header-above-stick-meta":"","header-main-stick-meta":"","header-below-stick-meta":"","astra-migrate-meta-layouts":"default","ast-page-background-enabled":"default","ast-page-background-meta":{"desktop":{"background-color":"","background-image":"","background-repeat":"repeat","background-position":"center center","background-size":"auto","background-attachment":"scroll","background-type":"","background-media":"","overlay-type":"","overlay-color":"","overlay-opacity":"","overlay-gradient":""},"tablet":{"background-color":"","background-image":"","background-repeat":"repeat","background-position":"center center","background-size":"auto","background-attachment":"scroll","background-type":"","background-media":"","overlay-type":"","overlay-color":"","overlay-opacity":"","overlay-gradient":""},"mobile":{"background-color":"","background-image":"","background-repeat":"repeat","background-position":"center center","background-size":"auto","background-attachment":"scroll","background-type":"","background-media":"","overlay-type":"","overlay-color":"","overlay-opacity":"","overlay-gradient":""}},"ast-content-background-meta":{"desktop":{"background-color":"var(--ast-global-color-5)","background-image":"","background-repeat":"repeat","background-position":"center center","background-size":"auto","background-attachment":"scroll","background-type":"","background-media":"","overlay-type":"","overlay-color":"","overlay-opacity":"","overlay-gradient":""},"tablet":{"background-color":"var(--ast-global-color-5)","background-image":"","background-repeat":"repeat","background-position":"center center","background-size":"auto","background-attachment":"scroll","background-type":"","background-media":"","overlay-type":"","overlay-color":"","overlay-opacity":"","overlay-gradient":""},"mobile":{"background-color":"var(--ast-global-color-5)","background-image":"","background-repeat":"repeat","background-position":"center center","background-size":"auto","background-attachment":"scroll","background-type":"","background-media":"","overlay-type":"","overlay-color":"","overlay-opacity":"","overlay-gradient":""}},"iawp_total_views":239,"footnotes":""},"class_list":["post-15006","page","type-page","status-publish","hentry"],"_links":{"self":[{"href":"https:\/\/coachingplus.ch\/fr\/wp-json\/wp\/v2\/pages\/15006","targetHints":{"allow":["GET"]}}],"collection":[{"href":"https:\/\/coachingplus.ch\/fr\/wp-json\/wp\/v2\/pages"}],"about":[{"href":"https:\/\/coachingplus.ch\/fr\/wp-json\/wp\/v2\/types\/page"}],"author":[{"embeddable":true,"href":"https:\/\/coachingplus.ch\/fr\/wp-json\/wp\/v2\/users\/20"}],"replies":[{"embeddable":true,"href":"https:\/\/coachingplus.ch\/fr\/wp-json\/wp\/v2\/comments?post=15006"}],"version-history":[{"count":11,"href":"https:\/\/coachingplus.ch\/fr\/wp-json\/wp\/v2\/pages\/15006\/revisions"}],"predecessor-version":[{"id":16171,"href":"https:\/\/coachingplus.ch\/fr\/wp-json\/wp\/v2\/pages\/15006\/revisions\/16171"}],"wp:attachment":[{"href":"https:\/\/coachingplus.ch\/fr\/wp-json\/wp\/v2\/media?parent=15006"}],"curies":[{"name":"wp","href":"https:\/\/api.w.org\/{rel}","templated":true}]}}