{"id":14976,"date":"2025-01-16T09:36:37","date_gmt":"2025-01-16T08:36:37","guid":{"rendered":"https:\/\/coachingplus.ch\/?page_id=14976"},"modified":"2025-07-08T18:12:05","modified_gmt":"2025-07-08T16:12:05","slug":"le-ki-dans-le-coaching","status":"publish","type":"page","link":"https:\/\/coachingplus.ch\/fr\/ki-im-coaching\/","title":{"rendered":"L'IA dans le coaching"},"content":{"rendered":"<h1>\n\t\t\t\tL'IA dans le coaching\n\t\t\t<\/h1>\n\t<h4>\n\t\t\t\tIdentifier les opportunit\u00e9s, comprendre les risques - S\u00e9minaire d'une journ\u00e9e\n\t\t\t<\/h4>\n\t\t\t<nav  aria-label=\"Fil d&#039;Ariane\"><ol class=\"breadcrumb\"><li class=\"breadcrumb-item active\" aria-current=\"page\"><span>Accueil<\/span><\/li><\/ol><\/nav>\t\n\t<ul>\n\t\t\t<li>\n\t\t\t\t<a href=\"#Pr\u00e4sentation\" target=\"_self\"  data-hover=\"Inhalt Seminar\">Contenu du s\u00e9minaire<\/a>\n\t\t<\/li>\n\t\t\t\t\t<li>\n\t\t\t\t<a href=\"https:\/\/coachingplus.ch\/fr\/sinscrire\/\" target=\"_self\"  data-hover=\"Anmelden\">S'inscrire<\/a>\n\t\t<\/li>\n\t\t\t\t\t<li>\n\t\t\t\t<a href=\"#Dozent\" target=\"_self\"  data-hover=\"Leitung\">Direction<\/a>\n\t\t<\/li>\n\t\t\t\t<\/ul>\n\t\t\t\t<h2><strong>L'IA dans le coaching : identifier les opportunit\u00e9s, comprendre les risques - S\u00e9minaire d'une journ\u00e9e<\/strong><\/h2>\n<p><strong><br \/>\u00a0Apprends comment l'IA peut enrichir ton travail - sans ignorer les risques<br \/><\/strong><\/p>\n\t\t\t<h3>Objectif de ce s\u00e9minaire<\/h3>\t\t\t\n\t\t\t\t<p><strong>D\u00e9couvre les possibilit\u00e9s d'utiliser l'IA g\u00e9n\u00e9rative de mani\u00e8re r\u00e9fl\u00e9chie et critique dans le coaching et le leadership.<\/strong><\/p>\n<p><strong>Groupe cible<\/strong><br \/>Ce s\u00e9minaire s'adresse aux coachs ind\u00e9pendants, aux professionnels des RH form\u00e9s au coaching et aux cadres qui souhaitent utiliser l'IA de mani\u00e8re consciente et durable. M\u00eame sans connaissances pr\u00e9alables !<\/p>\n<p><strong>Applications<\/strong><br \/>Tu travailles dans des exercices individuels et en groupe, tu discutes de sc\u00e9narios pratiques, tu utilises ChatGPT et tu r\u00e9alises une analyse SWOT. Des pr\u00e9sentations et des d\u00e9monstrations compl\u00e8tent la journ\u00e9e.<\/p>\n\t<iframe loading=\"lazy\" hcb-fetch-image-from=\"https:\/\/youtube.com\/shorts\/kJog7KKfv00?feature=share\" title=\"L&#039;IA dans le coaching\" width=\"500\" height=\"281\" src=\"https:\/\/www.youtube.com\/embed\/kJog7KKfv00?feature=oembed\" frameborder=\"0\" allow=\"accelerometer; autoplay; clipboard-write; encrypted-media; gyroscope; picture-in-picture; web-share\" referrerpolicy=\"strict-origin-when-cross-origin\" allowfullscreen><\/iframe>\n\t\t\t<h3>Le plus important en bref<\/h3>\t\t\t\n\t\t\t\t<p><strong>Contenu du s\u00e9minaire<\/strong><\/p>\n- Utilisation de l'IA g\u00e9n\u00e9rative et de ChatGPT\n- Exercices de formation : Utiliser efficacement l'IA dans le coaching ?\n- Analyse SWOT sur l'IA et le coaching\n- Discussion critique : \u00e9thique et protection des donn\u00e9es\n- Tendances de l'IA et perspectives\n<p><strong><br \/>Exigences techniques<\/strong><\/p>\n- Ordinateur portable ou tablette\n- Compte ChatGPT gratuit\n- Application ChatGPT sur smartphone ou tablette\n- Casque (recommand\u00e9)\n\t\t\t\t\t\t\t<h4>Pr\u00e9sentation et communication<\/h4>\n\t\t\t\t\t\t\t\t\t<h2>\n\t\t\t\t\t400 CHF pour 1 jour\n\t\t\t\t\t\t\t\t\t\t\t<\/h2>\n\t\t\t\t\t\t\t\t<ul>\n\t\t\t\t\t\t\t\t\t\t\t\t\t\t\t\t\t\t<li>\n\t\t\t\t\t\t\t\t\t\t\t\t\t\t\t\t\tS\u00e9minaire d'une journ\u00e9e de 8h30 \u00e0 16h45\t\t\t\t\t\n\t\t\t\t\t\t<\/li>\n\t\t\t\t<\/ul>\n\t\t\t<a href=\"https:\/\/coachingplus.ch\/fr\/sinscrire\/?kat=Seminare\" title=\"Cliquez ici\" target=\"_self\"   role=\"button\" aria-label=\"Dates et inscription\">\n\t\t\t\t\t\t\tDates et inscription\n\t\t<\/a>\n<h2>\n\t\tFeedback des participants\n\t<\/h2>\n\t\t\t\t<img decoding=\"async\" src=\"https:\/\/coachingplus.ch\/wp-content\/uploads\/bb-plugin\/cache\/0859bdf3-fab9-45fd-934a-f68156d14522-circle.png\" alt=\"T\u00e9moignage de Claudia\" title=\"T\u00e9moignage de Claudia\" itemprop=\"image\"\/>\n\t\t\t\t<p>\"Un <strong>un aper\u00e7u passionnant du monde de l'IA<\/strong> avec toutes les possibilit\u00e9s \u00e9tonnantes qui s'ouvrent \u00e0 vous en quelques clics et avec des requ\u00eates formul\u00e9es de mani\u00e8re cibl\u00e9e. J'ai pu emporter pour moi de nombreux conseils pr\u00e9cieux qui simplifient massivement mon quotidien professionnel en tant que coach, conseill\u00e8re et formatrice\".<\/p>\n<p>Claudia Ledermann, coach &amp; d\u00e9veloppeuse d'organisation<\/p>\n\t\t\t\t<img decoding=\"async\" src=\"https:\/\/coachingplus.ch\/wp-content\/uploads\/bb-plugin\/cache\/unbenannt-94-scaled-circle.jpeg\" alt=\"Andy Grocholl Commentaires\" title=\"Andy Grocholl Commentaires\" itemprop=\"image\"\/>\n\t\t\t\t<p>\"L'atelier m'a donn\u00e9 un aper\u00e7u passionnant des diff\u00e9rentes IA, de leur fonctionnement, de leurs opportunit\u00e9s et de leurs limites. L'atmosph\u00e8re ouverte et valorisante a permis de nombreuses discussions et m'a montr\u00e9 que <strong>l'IA dans le coaching est, pour moi, plus un soutien qu'une concurrence<\/strong>. Roger Haenggi a transmis le sujet de mani\u00e8re si comp\u00e9tente et si captivante que cela m'a donn\u00e9 envie de m'y int\u00e9resser de plus pr\u00e8s\".<\/p>\n<p>Andreas Grocholl - Sp\u00e9cialiste en technique op\u00e9ratoire<\/p>\n\t\t\t\t<img decoding=\"async\" src=\"https:\/\/coachingplus.ch\/wp-content\/uploads\/2025\/01\/img_1925-scaled.jpg\" alt=\"Le ki dans le coaching\" itemprop=\"image\" height=\"1708\" width=\"2400\" title=\"IMG_1925\" onerror=\"this.style.display='none'\"  \/>\n\t\t<h3>Roger Haenggi<\/h3><p>Coach, informaticien &amp; expert en IA<\/p>\n<p><a href=\"https:\/\/www.linkedin.com\/in\/rogerhaenggi\/\">Roger Haenggi<\/a> allie une expertise technologique \u00e0 une longue exp\u00e9rience dans la promotion individuelle des personnes. En tant qu'ancien expert international chez IBM pour l'utilisation de l'intelligence artificielle (IA) dans les ressources humaines, il dispose d'une solide exp\u00e9rience pratique dans l'utilisation de l'IA. Il est aujourd'hui responsable de cours de Future Skills et d'IA et formateur en mati\u00e8re de candidature pour les cadres. Dans son cours chez Coachingplus, il aide les coachs ind\u00e9pendants, les sp\u00e9cialistes RH et les cadres \u00e0 prendre des d\u00e9cisions \u00e9clair\u00e9es sur la question de savoir si et comment l'IA g\u00e9n\u00e9rative peut \u00eatre utilis\u00e9e de mani\u00e8re judicieuse dans leur quotidien professionnel.<\/p>\n<p>&nbsp;<\/p>\n\t\t<h3>Professionnelle<\/h3>\t\t\t\n\t\t\t\t<p>Coachingplus forme depuis plus de 20 ans des \u00e9tudiants enthousiastes, et convainc ainsi par son exp\u00e9rience et son professionnalisme.<\/p>\n\t\t<h3>Orient\u00e9e vers la pratique<\/h3>\t\t\t\n\t\t\t\t<p>Nos cours sont con\u00e7us de mani\u00e8re \u00e0 ce que vous puissiez mettre directement en pratique ce que vous avez appris. C'est la meilleure fa\u00e7on de retenir l'enseignement transmis!<\/p>\n\t\t<h3>Peu co\u00fbteuse<\/h3>\t\t\t\n\t\t\t\t<p>\u00a0Nous offrons un bon rapport qualit\u00e9-prix pour nos cours. Des subventions \u00e9ventuelles sont disponibles. Pour en savoir plus, consultez la FAQ.<\/p>","protected":false},"excerpt":{"rendered":"<p>KI im Coaching Chancen erkennen, Risiken verstehen &#8211; Tagesseminar Inhalt Seminar Anmelden Leitung KI im Coaching: Chancen erkennen, Risiken verstehen &#8211; Tagesseminar \u00a0Lerne wie KI Deine Arbeit bereichern kann &#8211; ohne Risiken zu ignorieren Ziel dieses Seminars Entdecke die M\u00f6glichkeiten, generative KI reflektiert und kritisch im Coaching und F\u00fchrung einzusetzen. ZielgruppeDieses Seminar richtet sich an [&hellip;]<\/p>\n","protected":false},"author":20,"featured_media":16896,"parent":0,"menu_order":0,"comment_status":"closed","ping_status":"closed","template":"","meta":{"_seopress_robots_primary_cat":"","_seopress_titles_title":"KI im Coaching: Chancen erkennen, Risiken verstehen","_seopress_titles_desc":"Entdecke die M\u00f6glichkeiten, generative KI reflektiert und kritisch im Coaching und F\u00fchrung einzusetzen.","_seopress_robots_index":"","site-sidebar-layout":"no-sidebar","site-content-layout":"page-builder","ast-site-content-layout":"full-width-container","site-content-style":"unboxed","site-sidebar-style":"unboxed","ast-global-header-display":"","ast-banner-title-visibility":"","ast-main-header-display":"","ast-hfb-above-header-display":"","ast-hfb-below-header-display":"","ast-hfb-mobile-header-display":"","site-post-title":"disabled","ast-breadcrumbs-content":"","ast-featured-img":"disabled","footer-sml-layout":"","ast-disable-related-posts":"","theme-transparent-header-meta":"default","adv-header-id-meta":"","stick-header-meta":"","header-above-stick-meta":"","header-main-stick-meta":"","header-below-stick-meta":"","astra-migrate-meta-layouts":"set","ast-page-background-enabled":"default","ast-page-background-meta":{"desktop":{"background-color":"","background-image":"","background-repeat":"repeat","background-position":"center center","background-size":"auto","background-attachment":"scroll","background-type":"","background-media":"","overlay-type":"","overlay-color":"","overlay-opacity":"","overlay-gradient":""},"tablet":{"background-color":"","background-image":"","background-repeat":"repeat","background-position":"center center","background-size":"auto","background-attachment":"scroll","background-type":"","background-media":"","overlay-type":"","overlay-color":"","overlay-opacity":"","overlay-gradient":""},"mobile":{"background-color":"","background-image":"","background-repeat":"repeat","background-position":"center center","background-size":"auto","background-attachment":"scroll","background-type":"","background-media":"","overlay-type":"","overlay-color":"","overlay-opacity":"","overlay-gradient":""}},"ast-content-background-meta":{"desktop":{"background-color":"var(--ast-global-color-5)","background-image":"","background-repeat":"repeat","background-position":"center center","background-size":"auto","background-attachment":"scroll","background-type":"","background-media":"","overlay-type":"","overlay-color":"","overlay-opacity":"","overlay-gradient":""},"tablet":{"background-color":"var(--ast-global-color-5)","background-image":"","background-repeat":"repeat","background-position":"center center","background-size":"auto","background-attachment":"scroll","background-type":"","background-media":"","overlay-type":"","overlay-color":"","overlay-opacity":"","overlay-gradient":""},"mobile":{"background-color":"var(--ast-global-color-5)","background-image":"","background-repeat":"repeat","background-position":"center center","background-size":"auto","background-attachment":"scroll","background-type":"","background-media":"","overlay-type":"","overlay-color":"","overlay-opacity":"","overlay-gradient":""}},"iawp_total_views":1254,"footnotes":""},"class_list":["post-14976","page","type-page","status-publish","has-post-thumbnail","hentry"],"_links":{"self":[{"href":"https:\/\/coachingplus.ch\/fr\/wp-json\/wp\/v2\/pages\/14976","targetHints":{"allow":["GET"]}}],"collection":[{"href":"https:\/\/coachingplus.ch\/fr\/wp-json\/wp\/v2\/pages"}],"about":[{"href":"https:\/\/coachingplus.ch\/fr\/wp-json\/wp\/v2\/types\/page"}],"author":[{"embeddable":true,"href":"https:\/\/coachingplus.ch\/fr\/wp-json\/wp\/v2\/users\/20"}],"replies":[{"embeddable":true,"href":"https:\/\/coachingplus.ch\/fr\/wp-json\/wp\/v2\/comments?post=14976"}],"version-history":[{"count":30,"href":"https:\/\/coachingplus.ch\/fr\/wp-json\/wp\/v2\/pages\/14976\/revisions"}],"predecessor-version":[{"id":17091,"href":"https:\/\/coachingplus.ch\/fr\/wp-json\/wp\/v2\/pages\/14976\/revisions\/17091"}],"wp:featuredmedia":[{"embeddable":true,"href":"https:\/\/coachingplus.ch\/fr\/wp-json\/wp\/v2\/media\/16896"}],"wp:attachment":[{"href":"https:\/\/coachingplus.ch\/fr\/wp-json\/wp\/v2\/media?parent=14976"}],"curies":[{"name":"wp","href":"https:\/\/api.w.org\/{rel}","templated":true}]}}