{"id":14954,"date":"2022-04-12T15:37:43","date_gmt":"2022-04-12T13:37:43","guid":{"rendered":"https:\/\/coachingplus.ch\/?page_id=14954"},"modified":"2025-11-25T13:10:54","modified_gmt":"2025-11-25T12:10:54","slug":"seminaires","status":"publish","type":"page","link":"https:\/\/coachingplus.ch\/fr\/seminare\/","title":{"rendered":"S\u00e9minaires"},"content":{"rendered":"<h1>\n\t\t\t\tS\u00e9minaires et formations\n\t\t\t<\/h1>\n\t<h4>\n\t\t\t\tConnaissances &amp; comp\u00e9tences pour votre succ\u00e8s !\n\t\t\t<\/h4>\n\t\t\t<nav  aria-label=\"Fil d&#039;Ariane\"><ol class=\"breadcrumb\"><li class=\"breadcrumb-item active\" aria-current=\"page\"><span>Accueil<\/span><\/li><\/ol><\/nav>\t\n\t<h2>\n\t\t\t\tAper\u00e7u des s\u00e9minaires\n\t\t\t<\/h2>\n\t<p>Pour r\u00e9ussir sur le march\u00e9 du travail en tant qu'employ\u00e9 ou cadre, il est aujourd'hui indispensable d'apprendre tout au long de sa vie. Outre la formation professionnelle de base et l'exp\u00e9rience personnelle, les formations continues et les s\u00e9minaires sont un moyen efficace d'approfondir son expertise, d'acqu\u00e9rir de nouvelles connaissances et de s'adapter au mieux aux d\u00e9fis en constante \u00e9volution.<\/p>\n\t<a href=\"https:\/\/coachingplus.ch\/fr\/seminaire-presentation-communication\/\" target=\"_self\"  aria-label=\"Go to https:\/\/coachingplus.ch\/seminar-prasentation-kommunikation\/\"><\/a>\n\t\t\t<h5>S\u00e9minaire d'un jour<\/h5><h3>L'IA dans le coaching - chances et risques<\/h3>\t\t\n\t\t\t\t<img decoding=\"async\" src=\"https:\/\/coachingplus.ch\/wp-content\/uploads\/bb-plugin\/cache\/img_1925-scaled-circle.jpg\" alt=\"Le ki dans le coaching\" title=\"IMG_1925\" itemprop=\"image\"\/>\n\t\t\t\t<p>avec Roger Haenggi<\/p>\n\t<a href=\"https:\/\/coachingplus.ch\/fr\/jour-dintroduction-enagramme\/\" target=\"_self\"  aria-label=\"Go to https:\/\/coachingplus.ch\/einfuehrungstag-enneagramm\/\"><\/a>\n\t\t\t<h5>S\u00e9minaire d'un jour<\/h5><h3>Introduction \u00e0 l'enn\u00e9agramme<\/h3>\t\t\n\t\t\t\t<img decoding=\"async\" src=\"https:\/\/coachingplus.ch\/wp-content\/uploads\/bb-plugin\/cache\/Rahel-Bild-e1653489490192-circle.jpg\" alt=\"image de rahel\" title=\"Rahel Image\" itemprop=\"image\"\/>\n\t\t\t\t<p>avec Rahel Kellenberger<\/p>\n\t<a href=\"https:\/\/coachingplus.ch\/fr\/modele-de-seminaireriemann-thomann-2\/\" target=\"_self\"  aria-label=\"Go to https:\/\/coachingplus.ch\/seminar-humor-im-coaching\/\"><\/a>\n\t\t\t<h5>S\u00e9minaire d'un jour<\/h5><h3>L'humour dans le coaching - Formation \u00e0 l'humour<\/h3>\t\t\n\t\t\t\t<img decoding=\"async\" src=\"https:\/\/coachingplus.ch\/wp-content\/uploads\/bb-plugin\/cache\/bensch-sager-best-scaled-e1681216270311-circle.jpg\" alt=\"bensch sager\" title=\"Bensch Sager\" itemprop=\"image\"\/>\n\t\t\t\t<p>avec Bensch Sager<\/p>\n\t<a href=\"https:\/\/coachingplus.ch\/fr\/competence-en-matiere-de-presentation\/\" target=\"_self\"  aria-label=\"Go to https:\/\/coachingplus.ch\/auftrittskompetenz\/\"><\/a>\n\t\t\t<h5>S\u00e9minaire d'un jour<\/h5><h3>S\u00e9minaire d'une journ\u00e9e sur la comp\u00e9tence \u00e0 se pr\u00e9senter en public<\/h3>\t\t\n\t\t\t\t<img decoding=\"async\" src=\"https:\/\/coachingplus.ch\/wp-content\/uploads\/bb-plugin\/cache\/lukas-nicnk-circle.jpg\" alt=\"lukas nicnk\" title=\"Lukas Nicnk\" itemprop=\"image\"\/>\n\t\t\t\t<p>avec Lukas Ninck<\/p>\n\t<a href=\"https:\/\/coachingplus.ch\/fr\/coach-independant\/\" target=\"_self\"  aria-label=\"Go to https:\/\/coachingplus.ch\/selbststaendig-als-coach\/\"><\/a>\n\t\t\t<h5>S\u00e9minaire de 3 jours<\/h5><h3>Ind\u00e9pendance en tant que coach - vers une pratique r\u00e9ussie<\/h3>\t\t\n\t\t\t\t<img decoding=\"async\" src=\"https:\/\/coachingplus.ch\/wp-content\/uploads\/bb-plugin\/cache\/2025-03-31-coachingplus_portraet-41_3-scaled-circle.jpg\" alt=\"Jens von Gruenigen\" title=\"Portrait de Jens 3\" itemprop=\"image\"\/>\n\t\t\t\t<p>avec Jens von Gr\u00fcnigen<\/p>\n\t<a href=\"https:\/\/coachingplus.ch\/fr\/le-courage-de-decider\/\" target=\"_self\"  aria-label=\"Aller \u00e0 https:\/\/coachingplus.ch\/mut-zur-entscheidung\/\"><\/a>\n\t\t\t<h5>S\u00e9minaire de 2 jours<\/h5><h3>Le courage de prendre des d\u00e9cisions \u2013 m\u00e9thodes de coaching<\/h3>\t\t\n\t\t\t\t<img decoding=\"async\" src=\"https:\/\/coachingplus.ch\/wp-content\/uploads\/bb-plugin\/cache\/bild-002-e1764067727455-circle.jpeg\" alt=\"Ruth Stoffel Kauflin\" title=\"Ruth Stoffel Kauflin\" itemprop=\"image\"\/>\n\t\t\t\t<p>avec Ruth Stoffel Kauflin<\/p>\n\t<a href=\"https:\/\/coachingplus.ch\/fr\/decisions-du-seminaire-3\/\" target=\"_self\"  aria-label=\"Go to https:\/\/coachingplus.ch\/seminar-flipchart\/\"><\/a>\n\t\t\t<h5>S\u00e9minaire d'un jour<\/h5><h3>La visualisation dans le coaching<\/h3>\t\t\n\t\t\t\t<img decoding=\"async\" src=\"https:\/\/coachingplus.ch\/wp-content\/uploads\/bb-plugin\/cache\/DSC-3102-circle.jpg\" alt=\"dsc 3102\" title=\"DSC 3102\" itemprop=\"image\"\/>\n\t\t\t\t<p>avec schoenerschulen.ch<\/p>\n\t<a href=\"https:\/\/coachingplus.ch\/fr\/renforcer-la-sante-mentale\/\" target=\"_self\"  aria-label=\"Go to https:\/\/coachingplus.ch\/mentale-gesundheit-staerken\/\"><\/a>\n\t\t\t<h5>S\u00e9minaire d'un jour<\/h5><h3>Renforcer la sant\u00e9 mentale <\/h3>\t\t\n\t\t\t\t<img decoding=\"async\" src=\"https:\/\/coachingplus.ch\/wp-content\/uploads\/bb-plugin\/cache\/dominik_riederer_klein-circle.png\" alt=\"dominik riederer petit\" title=\"Dominik_Riederer_petit\" itemprop=\"image\"\/>\n\t\t\t\t<p>avec Dominik Riederer<\/p>\n\t<a href=\"https:\/\/coachingplus.ch\/fr\/decisions-du-seminaire-2\/\" target=\"_self\"  aria-label=\"Go to https:\/\/coachingplus.ch\/inspiration-night\/\"><\/a>\n\t\t\t<h5>18 septembre 2025<\/h5><h3>Nuit de l'inspiration<\/h3>\t\t\n\t\t\t\t<img decoding=\"async\" src=\"https:\/\/coachingplus.ch\/wp-content\/uploads\/2025\/02\/inspiration_night_banner_2025.jpg\" alt=\"inspiration night banner 2025\" title=\"inspiration_night_banni\u00e8re_2025\" itemprop=\"image\"\/>\n\t\t\t\t<p>avec Flurina Rigling, Fabian Kraxner et d'autres keynotespeakers<\/p>\n\t<h2>\n\t\t\t\tUne formation \u00e0 valeur ajout\u00e9e\n\t\t\t<\/h2>\n\t\t<h3>Professionnelle<\/h3>\t\t\t\n\t\t\t\t<p>Coachingplus forme depuis plus de 20 ans des \u00e9tudiants enthousiastes, et convainc ainsi par son exp\u00e9rience et son professionnalisme.<\/p>\n\t\t<h3>Emplacement<\/h3>\t\t\t\n\t\t\t\t<p>Le site d'Affoltern am Albis est moderne et tr\u00e8s bien desservi par l'autoroute et les transports publics.<\/p>\n\t\t<h3>2'500 + candidats aux examens.<\/h3>\t\t\t\n\t\t\t\t<p>Plus de 2500 dipl\u00f4m\u00e9s ont d\u00e9j\u00e0 b\u00e9n\u00e9fici\u00e9 de notre longue exp\u00e9rience.<\/p>\n\t\t<h3>Orient\u00e9e vers la pratique<\/h3>\t\t\t\n\t\t\t\t<p>Nos cours sont con\u00e7us de mani\u00e8re \u00e0 ce que vous puissiez mettre directement en pratique ce que vous avez appris. C'est la meilleure fa\u00e7on de retenir l'enseignement transmis!<\/p>\n\t\t<h3>En groupe restreint<\/h3>\t\t\t\n\t\t\t\t<p>Coachingplus se distingue en outre par la petite taille de ses groupes. Avec un maximum de 25 participants, nous restons personnalis\u00e9s.<\/p>\n\t\t<h3>Peu co\u00fbteuse<\/h3>\t\t\t\n\t\t\t\t<p>\u00a0Nous offrons un bon rapport qualit\u00e9-prix pour nos cours. Des subventions \u00e9ventuelles sont disponibles. Pour en savoir plus, consultez la FAQ.<\/p>\n\t\t<img decoding=\"async\" src=\"https:\/\/coachingplus.ch\/wp-content\/uploads\/2020\/08\/coachingplus.svg\" alt=\"logo coachingplus\" itemprop=\"image\"\/>","protected":false},"excerpt":{"rendered":"<p>Seminare und Weiterbildungen Wissen &amp; Kompetenz f\u00fcr Ihren Erfolg! \u00dcbersicht Seminare Um als Mitarbeiter\/in oder F\u00fchrungskraft auf dem Arbeitsmarkt erfolgreich t\u00e4tig sein zu k\u00f6nnen, ist heutzutage lebenslanges Lernen unerl\u00e4sslich. Neben der Grundberufsausbildung sowie der eigenen Erfahrung sind Weiterbildungen und Seminare ein effizientes Mittel, um die eigene Expertise zu vertiefen, neue Kenntnisse zu erwerben und sich [&hellip;]<\/p>\n","protected":false},"author":20,"featured_media":0,"parent":0,"menu_order":0,"comment_status":"closed","ping_status":"closed","template":"","meta":{"_seopress_robots_primary_cat":"","_seopress_titles_title":"Seminare &amp; Weiterbildungen: Wissen &amp; Kompetenz f\u00fcr Ihren Erfolg!","_seopress_titles_desc":"Das aktuelle Seminarprogramm mit Tages- oder 2-Tagesseminaren auf einen Blick. Mit Weiterbildung erfolgreicher sein und berufliche Zukunft gestalten k\u00f6nnen.","_seopress_robots_index":"","site-sidebar-layout":"no-sidebar","site-content-layout":"page-builder","ast-site-content-layout":"default","site-content-style":"default","site-sidebar-style":"default","ast-global-header-display":"","ast-banner-title-visibility":"","ast-main-header-display":"","ast-hfb-above-header-display":"","ast-hfb-below-header-display":"","ast-hfb-mobile-header-display":"","site-post-title":"disabled","ast-breadcrumbs-content":"","ast-featured-img":"disabled","footer-sml-layout":"","ast-disable-related-posts":"","theme-transparent-header-meta":"default","adv-header-id-meta":"","stick-header-meta":"","header-above-stick-meta":"","header-main-stick-meta":"","header-below-stick-meta":"","astra-migrate-meta-layouts":"default","ast-page-background-enabled":"default","ast-page-background-meta":{"desktop":{"background-color":"","background-image":"","background-repeat":"repeat","background-position":"center center","background-size":"auto","background-attachment":"scroll","background-type":"","background-media":"","overlay-type":"","overlay-color":"","overlay-opacity":"","overlay-gradient":""},"tablet":{"background-color":"","background-image":"","background-repeat":"repeat","background-position":"center center","background-size":"auto","background-attachment":"scroll","background-type":"","background-media":"","overlay-type":"","overlay-color":"","overlay-opacity":"","overlay-gradient":""},"mobile":{"background-color":"","background-image":"","background-repeat":"repeat","background-position":"center center","background-size":"auto","background-attachment":"scroll","background-type":"","background-media":"","overlay-type":"","overlay-color":"","overlay-opacity":"","overlay-gradient":""}},"ast-content-background-meta":{"desktop":{"background-color":"var(--ast-global-color-5)","background-image":"","background-repeat":"repeat","background-position":"center center","background-size":"auto","background-attachment":"scroll","background-type":"","background-media":"","overlay-type":"","overlay-color":"","overlay-opacity":"","overlay-gradient":""},"tablet":{"background-color":"var(--ast-global-color-5)","background-image":"","background-repeat":"repeat","background-position":"center center","background-size":"auto","background-attachment":"scroll","background-type":"","background-media":"","overlay-type":"","overlay-color":"","overlay-opacity":"","overlay-gradient":""},"mobile":{"background-color":"var(--ast-global-color-5)","background-image":"","background-repeat":"repeat","background-position":"center center","background-size":"auto","background-attachment":"scroll","background-type":"","background-media":"","overlay-type":"","overlay-color":"","overlay-opacity":"","overlay-gradient":""}},"iawp_total_views":2048,"footnotes":""},"class_list":["post-14954","page","type-page","status-publish","hentry"],"_links":{"self":[{"href":"https:\/\/coachingplus.ch\/fr\/wp-json\/wp\/v2\/pages\/14954","targetHints":{"allow":["GET"]}}],"collection":[{"href":"https:\/\/coachingplus.ch\/fr\/wp-json\/wp\/v2\/pages"}],"about":[{"href":"https:\/\/coachingplus.ch\/fr\/wp-json\/wp\/v2\/types\/page"}],"author":[{"embeddable":true,"href":"https:\/\/coachingplus.ch\/fr\/wp-json\/wp\/v2\/users\/20"}],"replies":[{"embeddable":true,"href":"https:\/\/coachingplus.ch\/fr\/wp-json\/wp\/v2\/comments?post=14954"}],"version-history":[{"count":48,"href":"https:\/\/coachingplus.ch\/fr\/wp-json\/wp\/v2\/pages\/14954\/revisions"}],"predecessor-version":[{"id":17419,"href":"https:\/\/coachingplus.ch\/fr\/wp-json\/wp\/v2\/pages\/14954\/revisions\/17419"}],"wp:attachment":[{"href":"https:\/\/coachingplus.ch\/fr\/wp-json\/wp\/v2\/media?parent=14954"}],"curies":[{"name":"wp","href":"https:\/\/api.w.org\/{rel}","templated":true}]}}