{"id":14951,"date":"2022-04-12T15:32:05","date_gmt":"2022-04-12T13:32:05","guid":{"rendered":"https:\/\/coachingplus.ch\/?page_id=14951"},"modified":"2026-03-25T07:59:23","modified_gmt":"2026-03-25T06:59:23","slug":"decisions-du-seminaire-2","status":"publish","type":"page","link":"https:\/\/coachingplus.ch\/fr\/inspiration-night\/","title":{"rendered":"Nuit de l'inspiration"},"content":{"rendered":"<ul>\n\t\t\t<li>\n\t\t\t<a href=\"#Speakers\" target=\"_self\"  data-hover=\"Speaker\" aria-label=\"Orateur\">Orateur<\/a>\n\t\t<\/li>\n\t\t\t\t\t<li>\n\t\t\t<a href=\"#Programm\" target=\"_self\"  data-hover=\"Programm\" aria-label=\"Programme\">Programme<\/a>\n\t\t<\/li>\n\t\t\t\t\t<li>\n\t\t\t<a href=\"#Anmelden\" target=\"_self\"  data-hover=\"Anmelden\" aria-label=\"S&#039;inscrire\">S'inscrire<\/a>\n\t\t<\/li>\n\t\t\t\t<\/ul>\n\t\t\t\t<img decoding=\"async\" src=\"https:\/\/coachingplus.ch\/wp-content\/plugins\/bb-plugin\/img\/pixel.png\" alt=\"S\u00e9minaire sur le leadership\" itemprop=\"image\" onerror=\"this.style.display='none'\" loading=\"lazy\" \/>\n\t\t\t\t<h1><strong><b>Nuit de l'inspiration<br \/><\/b><\/strong><\/h1>\n\t\t\t\t<h2>Jeudi 18 septembre 2025<\/h2>\n<strong>La deuxi\u00e8me Inspiration Night de Coachingplus \u00e9tait consacr\u00e9e au th\u00e8me actuel de la \"sant\u00e9 mentale\". Ci-joint quelques impressions d'un \u00e9v\u00e9nement magnifique.\u00a0<\/strong>\n\u00a0\n\t\t\t\t<h3><strong>Cinq orateurs ont racont\u00e9 leur vie et partag\u00e9 leurs exp\u00e9riences.<br \/>Sois inspir\u00e9 et encourag\u00e9 !<\/strong><\/h3>\n<p>\u00a0<\/p>\n<h3><strong>Y a-t-il une Nuit de l'inspiration 2026 ? <br \/>Suis-nous dans la newsletter (tout en bas) ou sur les m\u00e9dias sociaux pour rester au courant.\u00a0<\/strong><\/h3>\n\t\t\t\t<img decoding=\"async\" src=\"https:\/\/coachingplus.ch\/wp-content\/uploads\/2025\/02\/inspiration-night-ticket-2025-v3.png\" alt=\"inspiration night ticket 2025 v3\" itemprop=\"image\" height=\"1126\" width=\"2400\" title=\"Billet Inspiration-Night-2025-V3\" onerror=\"this.style.display='none'\" loading=\"lazy\" \/>\n\t\t<h3>Professionnelle<\/h3>\t\t\t\n\t\t\t\t<p>Coachingplus forme depuis plus de 20 ans des \u00e9tudiants enthousiastes, et convainc ainsi par son exp\u00e9rience et son professionnalisme.<\/p>\n\t\t<h3>Orient\u00e9e vers la pratique<\/h3>\t\t\t\n\t\t\t\t<p>Nos cours sont con\u00e7us de mani\u00e8re \u00e0 ce que vous puissiez mettre directement en pratique ce que vous avez appris. C'est la meilleure fa\u00e7on de retenir l'enseignement transmis!<\/p>\n\t\t<h3>Peu co\u00fbteuse<\/h3>\t\t\t\n\t\t\t\t<p>\u00a0Nous offrons un bon rapport qualit\u00e9-prix pour nos cours. Des subventions \u00e9ventuelles sont disponibles. Pour en savoir plus, consultez la FAQ.<\/p>","protected":false},"excerpt":{"rendered":"<p>Speaker Programm Anmelden Inspiration Night Donnerstag 18. September 2025 Die zweite Inspiration Night von Coachingplus widmete sich dem aktuellen Thema \u201eMentale Gesundheit&#8220;. Anbei einige Impressionen von einer wunderbaren Veranstaltung.\u00a0 \u00a0 F\u00fcnf Speaker erz\u00e4hlten aus ihrem Leben und teilen ihre Erfahrungen.Werde inspiriert und ermutigt! \u00a0 Gibt es eine Inspiration Night 2026? Folge uns im Newsletter (ganz [&hellip;]<\/p>\n","protected":false},"author":20,"featured_media":16933,"parent":0,"menu_order":0,"comment_status":"closed","ping_status":"closed","template":"","meta":{"_seopress_robots_primary_cat":"","_seopress_titles_title":"Inspiration Night 2025","_seopress_titles_desc":"Mentale Gesundheit. Spannende Pers\u00f6nlichkeiten erz\u00e4hlen aus ihrem Leben und teilen ihr Fachwissen.","_seopress_robots_index":"","site-sidebar-layout":"no-sidebar","site-content-layout":"page-builder","ast-site-content-layout":"full-width-container","site-content-style":"unboxed","site-sidebar-style":"unboxed","ast-global-header-display":"","ast-banner-title-visibility":"","ast-main-header-display":"","ast-hfb-above-header-display":"","ast-hfb-below-header-display":"","ast-hfb-mobile-header-display":"","site-post-title":"disabled","ast-breadcrumbs-content":"","ast-featured-img":"disabled","footer-sml-layout":"","ast-disable-related-posts":"","theme-transparent-header-meta":"default","adv-header-id-meta":"","stick-header-meta":"","header-above-stick-meta":"","header-main-stick-meta":"","header-below-stick-meta":"","astra-migrate-meta-layouts":"set","ast-page-background-enabled":"default","ast-page-background-meta":{"desktop":{"background-color":"","background-image":"","background-repeat":"repeat","background-position":"center center","background-size":"auto","background-attachment":"scroll","background-type":"","background-media":"","overlay-type":"","overlay-color":"","overlay-opacity":"","overlay-gradient":""},"tablet":{"background-color":"","background-image":"","background-repeat":"repeat","background-position":"center center","background-size":"auto","background-attachment":"scroll","background-type":"","background-media":"","overlay-type":"","overlay-color":"","overlay-opacity":"","overlay-gradient":""},"mobile":{"background-color":"","background-image":"","background-repeat":"repeat","background-position":"center center","background-size":"auto","background-attachment":"scroll","background-type":"","background-media":"","overlay-type":"","overlay-color":"","overlay-opacity":"","overlay-gradient":""}},"ast-content-background-meta":{"desktop":{"background-color":"var(--ast-global-color-5)","background-image":"","background-repeat":"repeat","background-position":"center center","background-size":"auto","background-attachment":"scroll","background-type":"","background-media":"","overlay-type":"","overlay-color":"","overlay-opacity":"","overlay-gradient":""},"tablet":{"background-color":"var(--ast-global-color-5)","background-image":"","background-repeat":"repeat","background-position":"center center","background-size":"auto","background-attachment":"scroll","background-type":"","background-media":"","overlay-type":"","overlay-color":"","overlay-opacity":"","overlay-gradient":""},"mobile":{"background-color":"var(--ast-global-color-5)","background-image":"","background-repeat":"repeat","background-position":"center center","background-size":"auto","background-attachment":"scroll","background-type":"","background-media":"","overlay-type":"","overlay-color":"","overlay-opacity":"","overlay-gradient":""}},"iawp_total_views":3218,"footnotes":""},"class_list":["post-14951","page","type-page","status-publish","has-post-thumbnail","hentry"],"_links":{"self":[{"href":"https:\/\/coachingplus.ch\/fr\/wp-json\/wp\/v2\/pages\/14951","targetHints":{"allow":["GET"]}}],"collection":[{"href":"https:\/\/coachingplus.ch\/fr\/wp-json\/wp\/v2\/pages"}],"about":[{"href":"https:\/\/coachingplus.ch\/fr\/wp-json\/wp\/v2\/types\/page"}],"author":[{"embeddable":true,"href":"https:\/\/coachingplus.ch\/fr\/wp-json\/wp\/v2\/users\/20"}],"replies":[{"embeddable":true,"href":"https:\/\/coachingplus.ch\/fr\/wp-json\/wp\/v2\/comments?post=14951"}],"version-history":[{"count":97,"href":"https:\/\/coachingplus.ch\/fr\/wp-json\/wp\/v2\/pages\/14951\/revisions"}],"predecessor-version":[{"id":17283,"href":"https:\/\/coachingplus.ch\/fr\/wp-json\/wp\/v2\/pages\/14951\/revisions\/17283"}],"wp:featuredmedia":[{"embeddable":true,"href":"https:\/\/coachingplus.ch\/fr\/wp-json\/wp\/v2\/media\/16933"}],"wp:attachment":[{"href":"https:\/\/coachingplus.ch\/fr\/wp-json\/wp\/v2\/media?parent=14951"}],"curies":[{"name":"wp","href":"https:\/\/api.w.org\/{rel}","templated":true}]}}