{"id":13672,"date":"2021-02-05T14:38:29","date_gmt":"2021-02-05T13:38:29","guid":{"rendered":"https:\/\/coachingplus.ch\/?page_id=13672"},"modified":"2024-09-10T13:49:25","modified_gmt":"2024-09-10T11:49:25","slug":"simulation-dexamen","status":"publish","type":"page","link":"https:\/\/coachingplus.ch\/fr\/coaching-ausbildung\/pruefungssimulation\/","title":{"rendered":"Simulation d'examen"},"content":{"rendered":"<h1>\n\t\t\t\tSimulation d'examen\n\t\t\t<\/h1>\n\t<h4>\n\t\t\t\tSe pr\u00e9senter \u00e0 l'examen en toute s\u00e9curit\u00e9 gr\u00e2ce au module compl\u00e9mentaire\n\t\t\t<\/h4>\n\t\t\t<nav  aria-label=\"Fil d&#039;Ariane\"><ol class=\"breadcrumb\"><li class=\"breadcrumb-item active\" aria-current=\"page\"><span>Accueil<\/span><\/li><\/ol><\/nav>\t\n\t<ul>\n\t\t\t<li>\n\t\t\t\t<a href=\"#inhaltstudiengang\" target=\"_self\" data-hover=\"Inhalt Pr\u00fcfungssimulation\" rel=\"noopener\">Contenu de la simulation d'examen<\/a>\n\t\t<\/li>\n\t\t\t\t<\/ul>\n\t<h2>\n\t\t\t\tSimulation d'examen\n\t\t\t<\/h2>\n\t\t\t<h3>Objectif<\/h3>\t\t\t\n\t\t\t\t<p>Chez Coachingplus, nous ne proposons pas seulement des cours de pr\u00e9paration efficaces, mais aussi une simulation d'examen r\u00e9aliste pour l'examen de mentor d'entreprise dipl\u00f4m\u00e9(e). <br \/>Cette situation d'examen comparable offre la possibilit\u00e9 de tester les acquis dans une r\u00e9alisation et de se familiariser avec le d\u00e9roulement de l'examen et ses exigences.<\/p>\n<p>La participation \u00e0 l'examen de simulation aide \u00e0 mieux s'\u00e9valuer et \u00e0 apprendre \u00e0 g\u00e9rer la pression du temps et le stress en situation d'examen.<\/p>\n\t<ul>\n\t\t<li><h4>D\u00e9roulement<\/h4><p>Il y a au maximum 6 dipl\u00f4m\u00e9(e)s \u00e0 la simulation d'examen. Chaque candidat(e) est pr\u00e9par\u00e9(e) pour tous les domaines. Les travaux \u00e9crits (TA, concept d'accompagnement, preuves d'accompagnement) doivent \u00eatre envoy\u00e9s deux semaines avant la simulation d'examen \u00e0 info@coachingplus.ch. La simulation d'examen a lieu \u00e0 partir de 3 participants.<\/p><\/li>\t<\/ul>\n\t\t\t\t\t\t\t<h4>Simulation d'examen<\/h4>\n\t\t\t\t\t\t\t\t\t<h2>\n\t\t\t\t\tCHF 450.- Module complet \n\t\t\t\t\t\t\t\t\t\t\t<\/h2>\n\t\t\t\t\t\t\t\t\n\t\t\t<a href=\"https:\/\/coachingplus.ch\/fr\/sinscrire\/?kat=Betrieblicher%20Mentor%20FA\" target=\"_self\" role=\"button\" aria-label=\"Dates et inscription\" rel=\"noopener\">\n\t\t\t\t\t\t\tDates et inscription\n\t\t<\/a>\n<h2>\n\t\tAper\u00e7u de la formation Coachingplus\n\t<\/h2>\n\t<a href=\"https:\/\/coachingplus.ch\/fr\/formation-de-coaching\/cursus-de-10-jours-de-coaching\/\" target=\"_self\" aria-label=\"Go to https:\/\/coachingplus.ch\/coaching-ausbildung\/10-taegiger-coaching-studiengang\/\" rel=\"noopener\"><\/a>\n\t\t\t<h3>Cours de 10 jours sur le coaching appliqu\u00e9<\/h3>\t\t\t\n\t\t\t\t<p>Module de base - Obtention du certificat<\/p>\n<h3>\n\t\tModules de perfectionnement\n\t<\/h3>\n\t<a href=\"https:\/\/coachingplus.ch\/fr\/formation-de-coaching\/formation-diplomante-pour-le-coaching-applique\/#prozess\" target=\"_self\" aria-label=\"Go to https:\/\/coachingplus.ch\/coaching-ausbildung\/diplomausbildung-fuer-angewandtes-coaching\/#prozess\" rel=\"noopener\"><\/a>\n\t\t\t<h3>Comp\u00e9tences d'accompagnement du processus<\/h3>\t\t\t\n\t\t\t\t<p>2 jours<\/p>\n\t<a href=\"https:\/\/coachingplus.ch\/fr\/formation-de-coaching\/formation-diplomante-pour-le-coaching-applique\/#teamcoaching\" target=\"_self\" aria-label=\"Go to https:\/\/coachingplus.ch\/coaching-ausbildung\/diplomausbildung-fuer-angewandtes-coaching\/#teamcoaching\" rel=\"noopener\"><\/a>\n\t\t\t<h3>Coaching d'\u00e9quipe<\/h3>\t\t\t\n\t\t\t\t<p>2 jours<\/p>\n\t<a href=\"https:\/\/coachingplus.ch\/fr\/formation-de-coaching\/formation-diplomante-pour-le-coaching-applique\/#selbstmgmt\" target=\"_self\" aria-label=\"Go to https:\/\/coachingplus.ch\/coaching-ausbildung\/diplomausbildung-fuer-angewandtes-coaching\/#selbstmgmt\" rel=\"noopener\"><\/a>\n\t\t\t<h3>Coaching de carri\u00e8re<\/h3>\t\t\t\n\t\t\t\t<p>2 jours<\/p>\n\t<a href=\"https:\/\/coachingplus.ch\/fr\/formation-de-coaching\/formation-diplomante-pour-le-coaching-applique\/#laufbahn\" target=\"_self\" aria-label=\"Go to https:\/\/coachingplus.ch\/coaching-ausbildung\/diplomausbildung-fuer-angewandtes-coaching\/#laufbahn\" rel=\"noopener\"><\/a>\n\t\t\t<h3>Gestion et marketing de soi <br \/> \u00e0 partir de 2025 <br \/>Le mod\u00e8le des 4 types dans le coaching syst\u00e9mique<\/h3>\t\t\t\n\t\t\t\t<p>2 jours<\/p>\n\t<a href=\"https:\/\/coachingplus.ch\/fr\/formation-de-coaching\/modules-de-formation-pour-le-coaching-applique-2\/\" target=\"_self\" aria-label=\"Go to https:\/\/coachingplus.ch\/coaching-ausbildung\/systemischer-coach\/\" rel=\"noopener\"><\/a>\n\t\t\t<h3>Coach syst\u00e9mique<\/h3>\t\t\t\n\t\t\t\t<p>Certifi\u00e9\u00a0<br \/>Coach syst\u00e9mique CP<\/p>\n<h3>\n\t\tModules de perfectionnement\n\t<\/h3>\n\t<a href=\"https:\/\/coachingplus.ch\/fr\/formation-de-coaching\/formation-diplomante-pour-le-coaching-applique\/#prozess\" target=\"_self\" aria-label=\"Go to https:\/\/coachingplus.ch\/coaching-ausbildung\/diplomausbildung-fuer-angewandtes-coaching\/#prozess\" rel=\"noopener\"><\/a>\n\t\t\t<h3>Comp\u00e9tences d'accompagnement du processus<\/h3>\t\t\t\n\t\t\t\t<p>2 jours<\/p>\n\t<a href=\"https:\/\/coachingplus.ch\/fr\/formation-de-coaching\/formation-diplomante-pour-le-coaching-applique\/#teamcoaching\" target=\"_self\" aria-label=\"Go to https:\/\/coachingplus.ch\/coaching-ausbildung\/diplomausbildung-fuer-angewandtes-coaching\/#teamcoaching\" rel=\"noopener\"><\/a>\n\t\t\t<h3>Coaching d'\u00e9quipe<\/h3>\t\t\t\n\t\t\t\t<p>2 jours<\/p>\n\t<a href=\"https:\/\/coachingplus.ch\/fr\/enneagramme-de-base\/\" target=\"_self\" aria-label=\"Go to https:\/\/coachingplus.ch\/erlebnis-naturcoach\/\" rel=\"noopener\"><\/a>\n\t\t\t<h3>Coach nature et aventure<\/h3>\t\t\t\n\t\t\t\t<p>3 x 2 jours<\/p>\n\t<a href=\"https:\/\/coachingplus.ch\/fr\/enneagramme-de-base\/\" target=\"_self\" aria-label=\"Go to https:\/\/coachingplus.ch\/erlebnis-naturcoach\/\" rel=\"noopener\"><\/a>\n\t\t\t<h3>Coach nature et aventure<\/h3>\t\t\t\n\t\t\t\t<p>Certifi\u00e9 <br \/>Coach nature et aventure CP<\/p>\n<h3>\n\t\tModules de perfectionnement\n\t<\/h3>\n\t<a href=\"https:\/\/coachingplus.ch\/fr\/formation-de-coaching\/formation-diplomante-pour-le-coaching-applique\/#prozess\" target=\"_self\" aria-label=\"Go to https:\/\/coachingplus.ch\/coaching-ausbildung\/diplomausbildung-fuer-angewandtes-coaching\/#prozess\" rel=\"noopener\"><\/a>\n\t\t\t<h3>Comp\u00e9tences d'accompagnement du processus<\/h3>\t\t\t\n\t\t\t\t<p>2 jours<\/p>\n\t<a href=\"https:\/\/coachingplus.ch\/fr\/formation-de-coaching\/formation-diplomante-pour-le-coaching-applique\/#teamcoaching\" target=\"_self\" aria-label=\"Go to https:\/\/coachingplus.ch\/coaching-ausbildung\/diplomausbildung-fuer-angewandtes-coaching\/#teamcoaching\" rel=\"noopener\"><\/a>\n\t\t\t<h3>Coaching de carri\u00e8re<\/h3>\t\t\t\n\t\t\t\t<p>2 jours<\/p>\n\t<a href=\"https:\/\/coachingplus.ch\/fr\/modele-de-seminaireriemann-thomann\/\" target=\"_self\" aria-label=\"Go to https:\/\/coachingplus.ch\/mental-coach\/\" rel=\"noopener\"><\/a>\n\t\t\t<h3>Coach mental<\/h3>\t\t\t\n\t\t\t\t<p>4 jours<\/p>\n\t<a href=\"https:\/\/coachingplus.ch\/fr\/modele-de-seminaireriemann-thomann\/\" target=\"_self\" aria-label=\"Go to https:\/\/coachingplus.ch\/mental-coach\/\" rel=\"noopener\"><\/a>\n\t\t\t<h3>Coach mental<\/h3>\t\t\t\n\t\t\t\t<p>Certifi\u00e9<br \/>Coach mental CP<\/p>\n<h3>\n\t\tModule de dipl\u00f4me\n\t<\/h3>\n\t<a href=\"https:\/\/coachingplus.ch\/fr\/formation-de-coaching\/supervision-de-groupe\/\" target=\"_self\" aria-label=\"Go to https:\/\/coachingplus.ch\/coaching-ausbildung\/gruppensupervision\/\" rel=\"noopener\"><\/a>\n\t\t\t<h3>Sessions de r\u00e9flexion<\/h3>\t\t\t\n\t\t\t\t<p>9 demi-journ\u00e9es<br \/>pendant min. 6 mois<\/p>\n<h3>\n\t\tEn option\n\t<\/h3>\n\t<a href=\"https:\/\/coachingplus.ch\/fr\/formation-de-coaching\/module-complementaire-travail-thematique\/\" target=\"_self\" aria-label=\"Go to https:\/\/coachingplus.ch\/coaching-ausbildung\/zusatzmodul-thematische-arbeit\/\" rel=\"noopener\"><\/a>\n\t\t\t<h3>Travail th\u00e9matique <\/h3>\t\t\t\n\t\t\t\t<p>1\/2 journ\u00e9e<\/p>\n\t<a href=\"https:\/\/coachingplus.ch\/fr\/formation-de-coaching\/simulation-dexamen\/\" target=\"_self\" aria-label=\"Go to https:\/\/coachingplus.ch\/coaching-ausbildung\/pruefungssimulation\/\" rel=\"noopener\"><\/a>\n\t\t\t<h3>Simulation d'examen<\/h3>\t\t\t\n\t\t\t\t<p>1\/2 journ\u00e9e<\/p>\n\t<a href=\"https:\/\/coachingplus.ch\/fr\/formation-de-coaching\/simulation-dexamen\/\" target=\"_self\" aria-label=\"Go to https:\/\/coachingplus.ch\/coaching-ausbildung\/pruefungssimulation\/\" rel=\"noopener\"><\/a>\n\t\t\t<h3>Entretiens de formation<\/h3>\t\t\t\n\t\t\t\t<p>1\/2 journ\u00e9e<\/p>\n\t<a href=\"https:\/\/coachingplus.ch\/fr\/formation-de-coaching\/mentor-fa-dipl-coach-sca-dentreprise\/\" target=\"_self\" aria-label=\"Go to https:\/\/coachingplus.ch\/coaching-ausbildung\/betrieblicher-mentor-fa-dipl-coach-sca\/\" rel=\"noopener\"><\/a>\n\t\t\t<h3>Mentor(e) d'entreprise avec brevet f\u00e9d\u00e9ral<\/h3>\t\t\t\n\t\t\t\t<p>coach dipl\u00f4m\u00e9 SCA<\/p>\n\t<a href=\"https:\/\/coachingplus.ch\/fr\/seminaire-enneagramme\/\" target=\"_self\" aria-label=\"Go to https:\/\/coachingplus.ch\/seminar-enneagramm\" rel=\"noopener\"><\/a>\n\t\t\t<h3>Enn\u00e9agramme<\/h3>\t\t\t\n\t\t\t\t<p>Formation<\/p>\n<h3>\n\t\tModule de base\n\t<\/h3>\n\t<a href=\"https:\/\/coachingplus.ch\/fr\/enneagramme-de-base-2\/\" target=\"_self\" aria-label=\"Go to https:\/\/coachingplus.ch\/grundkurs-enneagramm\/\" rel=\"noopener\"><\/a>\n\t\t\t<h3>Cours de base sur l'enn\u00e9agramme<\/h3>\t\t\t\n\t\t\t\t<p>4 jours<\/p>\n\t<a href=\"https:\/\/coachingplus.ch\/fr\/formation-de-coaching\/cursus-de-10-jours-de-coaching\/\" target=\"_self\" aria-label=\"Go to https:\/\/coachingplus.ch\/coaching-ausbildung\/10-taegiger-coaching-studiengang\/\" rel=\"noopener\"><\/a>\n\t\t\t<h3>Cours de 10 jours sur le coaching appliqu\u00e9<\/h3>\t\t\t\n\t\t\t\t<p>ou formation ad\u00e9quate en coaching \/ conseil<\/p>\n<h3>\n\t\tModules de perfectionnement\n\t<\/h3>\n\t<a href=\"https:\/\/coachingplus.ch\/fr\/enneagramme-des-modules-de-formation\/\" target=\"_self\" aria-label=\"Go to https:\/\/coachingplus.ch\/aufbaumodule-enneagramm\/\" rel=\"noopener\"><\/a>\n\t\t\t<h3>Diriger de mani\u00e8re authentique avec l'enn\u00e9agramme <\/h3>\t\t\t\n\t\t\t\t<p>2 jours<\/p>\n\t<a href=\"https:\/\/coachingplus.ch\/fr\/enneagramme-des-modules-de-formation\/\" target=\"_self\" aria-label=\"Go to https:\/\/coachingplus.ch\/aufbaumodule-enneagramm\/\" rel=\"noopener\"><\/a>\n\t\t\t<h3>D\u00e9veloppement d'\u00e9quipe avec l'enn\u00e9agramme<\/h3>\t\t\t\n\t\t\t\t<p>2 jours<\/p>\n\t<a href=\"https:\/\/coachingplus.ch\/fr\/enneagramme-des-modules-de-formation\/\" target=\"_self\" aria-label=\"Go to https:\/\/coachingplus.ch\/aufbaumodule-enneagramm\/\" rel=\"noopener\"><\/a>\n\t\t\t<h3>Coaching avec l'enn\u00e9agramme <\/h3>\t\t\t\n\t\t\t\t<p>2 jours<\/p>\n\t<a href=\"https:\/\/coachingplus.ch\/fr\/enneagramme-des-modules-de-formation\/\" target=\"_self\" aria-label=\"Go to https:\/\/coachingplus.ch\/aufbaumodule-enneagramm\/\" rel=\"noopener\"><\/a>\n\t\t\t<h3>Formateur\/trice en enn\u00e9agramme<\/h3>\t\t\t\n\t\t\t\t<p>Dipl\u00f4m\u00e9<br \/>Formateur(trice) en Enn\u00e9agramme CP<\/p>","protected":false},"excerpt":{"rendered":"<p>Pr\u00fcfungssimulation Mit dem Zusatzmodul sicher an die Pr\u00fcfung antretten Inhalt Pr\u00fcfungssimulation Pr\u00fcfungssimulation Zielsetzung Wir von Coachingplus bieten nicht nur effektive Vorbereitungskurse, sondern auch eine realistische Pr\u00fcfungssimulationen f\u00fcr die Pr\u00fcfung eidg. dipl. betriebliche\/r Mentor\/in an. Diese vergleichbare Pr\u00fcfungssituation bietet die M\u00f6glichkeit das Erlernte in einer Realisation zu testen, sowie mit dem Ablauf der Pr\u00fcfung und deren [&hellip;]<\/p>\n","protected":false},"author":20,"featured_media":11391,"parent":1280,"menu_order":0,"comment_status":"closed","ping_status":"closed","template":"","meta":{"_seopress_robots_primary_cat":"","_seopress_titles_title":"Pr\u00fcfungssimulation I coachingplus ","_seopress_titles_desc":"F\u00fcr die Thematische Arbeit bieten wir ein zus\u00e4tzliches Modul an und zeigen wie sie eigenst\u00e4ndig eine schriftliche, thematische Praxis-Arbeit erstellen.","_seopress_robots_index":"","site-sidebar-layout":"no-sidebar","site-content-layout":"page-builder","ast-site-content-layout":"default","site-content-style":"default","site-sidebar-style":"default","ast-global-header-display":"","ast-banner-title-visibility":"","ast-main-header-display":"","ast-hfb-above-header-display":"","ast-hfb-below-header-display":"","ast-hfb-mobile-header-display":"","site-post-title":"disabled","ast-breadcrumbs-content":"","ast-featured-img":"disabled","footer-sml-layout":"","ast-disable-related-posts":"","theme-transparent-header-meta":"default","adv-header-id-meta":"","stick-header-meta":"","header-above-stick-meta":"","header-main-stick-meta":"","header-below-stick-meta":"","astra-migrate-meta-layouts":"default","ast-page-background-enabled":"default","ast-page-background-meta":{"desktop":{"background-color":"","background-image":"","background-repeat":"repeat","background-position":"center center","background-size":"auto","background-attachment":"scroll","background-type":"","background-media":"","overlay-type":"","overlay-color":"","overlay-opacity":"","overlay-gradient":""},"tablet":{"background-color":"","background-image":"","background-repeat":"repeat","background-position":"center center","background-size":"auto","background-attachment":"scroll","background-type":"","background-media":"","overlay-type":"","overlay-color":"","overlay-opacity":"","overlay-gradient":""},"mobile":{"background-color":"","background-image":"","background-repeat":"repeat","background-position":"center center","background-size":"auto","background-attachment":"scroll","background-type":"","background-media":"","overlay-type":"","overlay-color":"","overlay-opacity":"","overlay-gradient":""}},"ast-content-background-meta":{"desktop":{"background-color":"var(--ast-global-color-5)","background-image":"","background-repeat":"repeat","background-position":"center center","background-size":"auto","background-attachment":"scroll","background-type":"","background-media":"","overlay-type":"","overlay-color":"","overlay-opacity":"","overlay-gradient":""},"tablet":{"background-color":"var(--ast-global-color-5)","background-image":"","background-repeat":"repeat","background-position":"center center","background-size":"auto","background-attachment":"scroll","background-type":"","background-media":"","overlay-type":"","overlay-color":"","overlay-opacity":"","overlay-gradient":""},"mobile":{"background-color":"var(--ast-global-color-5)","background-image":"","background-repeat":"repeat","background-position":"center center","background-size":"auto","background-attachment":"scroll","background-type":"","background-media":"","overlay-type":"","overlay-color":"","overlay-opacity":"","overlay-gradient":""}},"iawp_total_views":341,"footnotes":""},"class_list":["post-13672","page","type-page","status-publish","has-post-thumbnail","hentry"],"_links":{"self":[{"href":"https:\/\/coachingplus.ch\/fr\/wp-json\/wp\/v2\/pages\/13672","targetHints":{"allow":["GET"]}}],"collection":[{"href":"https:\/\/coachingplus.ch\/fr\/wp-json\/wp\/v2\/pages"}],"about":[{"href":"https:\/\/coachingplus.ch\/fr\/wp-json\/wp\/v2\/types\/page"}],"author":[{"embeddable":true,"href":"https:\/\/coachingplus.ch\/fr\/wp-json\/wp\/v2\/users\/20"}],"replies":[{"embeddable":true,"href":"https:\/\/coachingplus.ch\/fr\/wp-json\/wp\/v2\/comments?post=13672"}],"version-history":[{"count":7,"href":"https:\/\/coachingplus.ch\/fr\/wp-json\/wp\/v2\/pages\/13672\/revisions"}],"predecessor-version":[{"id":16800,"href":"https:\/\/coachingplus.ch\/fr\/wp-json\/wp\/v2\/pages\/13672\/revisions\/16800"}],"up":[{"embeddable":true,"href":"https:\/\/coachingplus.ch\/fr\/wp-json\/wp\/v2\/pages\/1280"}],"wp:featuredmedia":[{"embeddable":true,"href":"https:\/\/coachingplus.ch\/fr\/wp-json\/wp\/v2\/media\/11391"}],"wp:attachment":[{"href":"https:\/\/coachingplus.ch\/fr\/wp-json\/wp\/v2\/media?parent=13672"}],"curies":[{"name":"wp","href":"https:\/\/api.w.org\/{rel}","templated":true}]}}