{"id":13238,"date":"2020-12-08T09:21:06","date_gmt":"2020-12-08T08:21:06","guid":{"rendered":"https:\/\/coachingplus.ch\/?page_id=13238"},"modified":"2024-09-10T13:45:57","modified_gmt":"2024-09-10T11:45:57","slug":"module-complementaire-travail-thematique","status":"publish","type":"page","link":"https:\/\/coachingplus.ch\/fr\/coaching-ausbildung\/zusatzmodul-thematische-arbeit\/","title":{"rendered":"Module compl\u00e9mentaire Travail th\u00e9matique"},"content":{"rendered":"<h1>\n\t\t\t\tTravail th\u00e9matique\n\t\t\t<\/h1>\n\t<h4>\n\t\t\t\tCr\u00e9er des travaux th\u00e9matiques cibl\u00e9s avec le module compl\u00e9mentaire\n\t\t\t<\/h4>\n\t\t\t<nav  aria-label=\"Fil d&#039;Ariane\"><ol class=\"breadcrumb\"><li class=\"breadcrumb-item active\" aria-current=\"page\"><span>Accueil<\/span><\/li><\/ol><\/nav>\t\n\t<ul>\n\t\t\t<li>\n\t\t\t\t<a href=\"#vorteile\" target=\"_self\" data-hover=\"Vorteile\" rel=\"noopener\">Vos avantages<\/a>\n\t\t<\/li>\n\t\t\t\t\t<li>\n\t\t\t\t<a href=\"#inhaltstudiengang\" target=\"_self\" data-hover=\"Inhalt Studiengang\" rel=\"noopener\">Contenu du programme<\/a>\n\t\t<\/li>\n\t\t\t\t\t<li>\n\t\t\t\t<a href=\"#teilnehmer\" target=\"_self\" data-hover=\"Referenzen\" rel=\"noopener\">R\u00e9f\u00e9rences<\/a>\n\t\t<\/li>\n\t\t\t\t\t<li>\n\t\t\t\t<a href=\"#leitung\" target=\"_self\" data-hover=\"Dozent\" rel=\"noopener\">Charg\u00e9 de cours<\/a>\n\t\t<\/li>\n\t\t\t\t<\/ul>\n\t<h2>\n\t\t\t\tLe module compl\u00e9mentaire Travail th\u00e9matique\n\t\t\t<\/h2>\n\t\t\t<p>Pour obtenir le dipl\u00f4me f\u00e9d\u00e9ral de mentor d'entreprise FA reconnu dans toute la Suisse, il faut - sur la base d'une formation de coaching - suivre des s\u00e9ances de r\u00e9flexion aupr\u00e8s d'un accompagnateur reconnu et r\u00e9diger un concept d'accompagnement \u00e9crit, des preuves d'accompagnement, comme un travail th\u00e9matique. Ces travaux sont pr\u00e9sent\u00e9s avant l'examen oral qui est organis\u00e9 deux fois par an par l'association. Pour le travail th\u00e9matique, nous proposons ce module suppl\u00e9mentaire.<\/p>\t\n\t<h2>\n\t\t\t\tLe travail th\u00e9matique \n\t\t\t<\/h2>\n\t\t\t<h3>Objectif<\/h3>\t\t\t\n\t\t\t\t<p>La r\u00e9daction autonome d'un travail pratique \u00e9crit et th\u00e9matique, d'environ 25 \u00e0 30 pages, est un d\u00e9fi et une chance unique.  Avec le th\u00e8me que vous aurez choisi vous-m\u00eame, vous pourrez par exemple faire le lien entre votre orientation professionnelle actuelle et le coaching. Ou vous pouvez approfondir un domaine et poser vos jalons professionnels pour l'avenir, poser les bases de votre future activit\u00e9 de conseil.<\/p>\n\t\t\t\t<p>3 le\u00e7ons en pl\u00e9ni\u00e8re<\/p>\n\t<ul>\n\t\t<li><h4>Trouver un th\u00e8me &amp; r\u00e9pondre aux exigences<\/h4><p>Vous recevrez des informations pr\u00e9cieuses sur la mani\u00e8re de trouver un th\u00e8me appropri\u00e9 et de le d\u00e9limiter afin d'aboutir \u00e0 une v\u00e9ritable probl\u00e9matique. Vos id\u00e9es seront discut\u00e9es et des exemples de travaux th\u00e9matiques r\u00e9ussis seront examin\u00e9s. En outre, on vous montrera comment int\u00e9grer suffisamment de litt\u00e9rature sp\u00e9cialis\u00e9e, comment structurer votre travail conform\u00e9ment aux directives, comment r\u00e9ussir le transfert pratique exig\u00e9, comment se distinguent l'introduction et le Management Summary, et comment r\u00e9fl\u00e9chir correctement au travail dans la partie finale.<\/p><\/li>\t<\/ul>\n\t\t\t\t<p>2 cours particuliers <\/p>\n\t<ul>\n\t\t<li><h4>Suivi individuel<\/h4><p>Cette offre nous permet de r\u00e9pondre \u00e0 vos questions individuelles. Nous pouvons prendre en compte toutes vos pr\u00e9occupations : que vous ayez d\u00e9j\u00e0 r\u00e9dig\u00e9 plusieurs travaux de dipl\u00f4me ou que vous r\u00e9digiez un travail pour la premi\u00e8re fois. Nous vous soutenons tout au long du processus, vous donnons un feedback et des conseils sur la planification, la r\u00e9daction, les exigences et les crit\u00e8res d'\u00e9valuation dans le guide du mentor en entreprise.<\/p><\/li>\t<\/ul>\n\t\t\t\t\t\t\t<h4>Module compl\u00e9mentaire Travail th\u00e9matique <\/h4>\n\t\t\t\t\t\t\t\t\t<h2>\n\t\t\t\t\tCHF 650.- Module complet \n\t\t\t\t\t\t\t\t\t\t\t<\/h2>\n\t\t\t\t\t\t\t\t\n\t\t\t<a href=\"https:\/\/coachingplus.ch\/fr\/sinscrire\/?kat=Betrieblicher%20Mentor%20FA\" target=\"_self\" role=\"button\" aria-label=\"Dates et inscription\" rel=\"noopener\">\n\t\t\t\t\t\t\tDates et inscription\n\t\t<\/a>\n\t\t\t\t<img decoding=\"async\" src=\"https:\/\/coachingplus.ch\/wp-content\/uploads\/2020\/10\/Gabriele-Schwieder-u\u0308beruns.png\" alt=\"Gabriele Schwieder\" itemprop=\"image\" height=\"800\" width=\"800\" title=\"Gabriele Schwieder \u00e0 propos de nous\" onerror=\"this.style.display='none'\"  \/>\n\t\t<h3>Dr. Gabriele Schwieder<\/h3><p><em>\"Propri\u00e9taire de Schwieder GmbH Career Coaching &amp; HR Consulting, cette docteure en sciences linguistiques et culturelles intervient r\u00e9guli\u00e8rement en tant qu'enseignante dans la formation des adultes. Au cours des 25 derni\u00e8res ann\u00e9es, elle a accompagn\u00e9 de nombreux travaux \u00e9crits, des travaux pratiques th\u00e9matiques ainsi que des m\u00e9moires de bachelor et de master. Depuis 5 ans, Gabriele accompagne avec beaucoup de plaisir chez Coachingplus les travaux th\u00e9matiques pour l'examen professionnel de mentor d'entreprise f\u00e9d\u00e9ral FA\".<\/em><\/p>\n<h2>\n\t\tAper\u00e7u de la formation Coachingplus\n\t<\/h2>\n\t<a href=\"https:\/\/coachingplus.ch\/fr\/formation-de-coaching\/cursus-de-10-jours-de-coaching\/\" target=\"_self\" aria-label=\"Go to https:\/\/coachingplus.ch\/coaching-ausbildung\/10-taegiger-coaching-studiengang\/\" rel=\"noopener\"><\/a>\n\t\t\t<h3>Cours de 10 jours sur le coaching appliqu\u00e9<\/h3>\t\t\t\n\t\t\t\t<p>Module de base - Obtention du certificat<\/p>\n<h3>\n\t\tModules de perfectionnement\n\t<\/h3>\n\t<a href=\"https:\/\/coachingplus.ch\/fr\/formation-de-coaching\/formation-diplomante-pour-le-coaching-applique\/#prozess\" target=\"_self\" aria-label=\"Go to https:\/\/coachingplus.ch\/coaching-ausbildung\/diplomausbildung-fuer-angewandtes-coaching\/#prozess\" rel=\"noopener\"><\/a>\n\t\t\t<h3>Comp\u00e9tences d'accompagnement du processus<\/h3>\t\t\t\n\t\t\t\t<p>2 jours<\/p>\n\t<a href=\"https:\/\/coachingplus.ch\/fr\/formation-de-coaching\/formation-diplomante-pour-le-coaching-applique\/#teamcoaching\" target=\"_self\" aria-label=\"Go to https:\/\/coachingplus.ch\/coaching-ausbildung\/diplomausbildung-fuer-angewandtes-coaching\/#teamcoaching\" rel=\"noopener\"><\/a>\n\t\t\t<h3>Coaching d'\u00e9quipe<\/h3>\t\t\t\n\t\t\t\t<p>2 jours<\/p>\n\t<a href=\"https:\/\/coachingplus.ch\/fr\/formation-de-coaching\/formation-diplomante-pour-le-coaching-applique\/#selbstmgmt\" target=\"_self\" aria-label=\"Go to https:\/\/coachingplus.ch\/coaching-ausbildung\/diplomausbildung-fuer-angewandtes-coaching\/#selbstmgmt\" rel=\"noopener\"><\/a>\n\t\t\t<h3>Coaching de carri\u00e8re<\/h3>\t\t\t\n\t\t\t\t<p>2 jours<\/p>\n\t<a href=\"https:\/\/coachingplus.ch\/fr\/formation-de-coaching\/formation-diplomante-pour-le-coaching-applique\/#laufbahn\" target=\"_self\" aria-label=\"Go to https:\/\/coachingplus.ch\/coaching-ausbildung\/diplomausbildung-fuer-angewandtes-coaching\/#laufbahn\" rel=\"noopener\"><\/a>\n\t\t\t<h3>Gestion et marketing de soi <br \/> \u00e0 partir de 2025 <br \/>Le mod\u00e8le des 4 types dans le coaching syst\u00e9mique<\/h3>\t\t\t\n\t\t\t\t<p>2 jours<\/p>\n\t<a href=\"https:\/\/coachingplus.ch\/fr\/formation-de-coaching\/modules-de-formation-pour-le-coaching-applique-2\/\" target=\"_self\" aria-label=\"Go to https:\/\/coachingplus.ch\/coaching-ausbildung\/systemischer-coach\/\" rel=\"noopener\"><\/a>\n\t\t\t<h3>Coach syst\u00e9mique<\/h3>\t\t\t\n\t\t\t\t<p>Certifi\u00e9\u00a0<br \/>Coach syst\u00e9mique CP<\/p>\n<h3>\n\t\tModules de perfectionnement\n\t<\/h3>\n\t<a href=\"https:\/\/coachingplus.ch\/fr\/formation-de-coaching\/formation-diplomante-pour-le-coaching-applique\/#prozess\" target=\"_self\" aria-label=\"Go to https:\/\/coachingplus.ch\/coaching-ausbildung\/diplomausbildung-fuer-angewandtes-coaching\/#prozess\" rel=\"noopener\"><\/a>\n\t\t\t<h3>Comp\u00e9tences d'accompagnement du processus<\/h3>\t\t\t\n\t\t\t\t<p>2 jours<\/p>\n\t<a href=\"https:\/\/coachingplus.ch\/fr\/formation-de-coaching\/formation-diplomante-pour-le-coaching-applique\/#teamcoaching\" target=\"_self\" aria-label=\"Go to https:\/\/coachingplus.ch\/coaching-ausbildung\/diplomausbildung-fuer-angewandtes-coaching\/#teamcoaching\" rel=\"noopener\"><\/a>\n\t\t\t<h3>Coaching d'\u00e9quipe<\/h3>\t\t\t\n\t\t\t\t<p>2 jours<\/p>\n\t<a href=\"https:\/\/coachingplus.ch\/fr\/enneagramme-de-base\/\" target=\"_self\" aria-label=\"Go to https:\/\/coachingplus.ch\/erlebnis-naturcoach\/\" rel=\"noopener\"><\/a>\n\t\t\t<h3>Coach nature et aventure<\/h3>\t\t\t\n\t\t\t\t<p>3 x 2 jours<\/p>\n\t<a href=\"https:\/\/coachingplus.ch\/fr\/enneagramme-de-base\/\" target=\"_self\" aria-label=\"Go to https:\/\/coachingplus.ch\/erlebnis-naturcoach\/\" rel=\"noopener\"><\/a>\n\t\t\t<h3>Coach nature et aventure<\/h3>\t\t\t\n\t\t\t\t<p>Certifi\u00e9 <br \/>Coach nature et aventure CP<\/p>\n<h3>\n\t\tModules de perfectionnement\n\t<\/h3>\n\t<a href=\"https:\/\/coachingplus.ch\/fr\/formation-de-coaching\/formation-diplomante-pour-le-coaching-applique\/#prozess\" target=\"_self\" aria-label=\"Go to https:\/\/coachingplus.ch\/coaching-ausbildung\/diplomausbildung-fuer-angewandtes-coaching\/#prozess\" rel=\"noopener\"><\/a>\n\t\t\t<h3>Comp\u00e9tences d'accompagnement du processus<\/h3>\t\t\t\n\t\t\t\t<p>2 jours<\/p>\n\t<a href=\"https:\/\/coachingplus.ch\/fr\/formation-de-coaching\/formation-diplomante-pour-le-coaching-applique\/#teamcoaching\" target=\"_self\" aria-label=\"Go to https:\/\/coachingplus.ch\/coaching-ausbildung\/diplomausbildung-fuer-angewandtes-coaching\/#teamcoaching\" rel=\"noopener\"><\/a>\n\t\t\t<h3>Coaching de carri\u00e8re<\/h3>\t\t\t\n\t\t\t\t<p>2 jours<\/p>\n\t<a href=\"https:\/\/coachingplus.ch\/fr\/modele-de-seminaireriemann-thomann\/\" target=\"_self\" aria-label=\"Go to https:\/\/coachingplus.ch\/mental-coach\/\" rel=\"noopener\"><\/a>\n\t\t\t<h3>Coach mental<\/h3>\t\t\t\n\t\t\t\t<p>4 jours<\/p>\n\t<a href=\"https:\/\/coachingplus.ch\/fr\/modele-de-seminaireriemann-thomann\/\" target=\"_self\" aria-label=\"Go to https:\/\/coachingplus.ch\/mental-coach\/\" rel=\"noopener\"><\/a>\n\t\t\t<h3>Coach mental<\/h3>\t\t\t\n\t\t\t\t<p>Certifi\u00e9<br \/>Coach mental CP<\/p>\n<h3>\n\t\tModule de dipl\u00f4me\n\t<\/h3>\n\t<a href=\"https:\/\/coachingplus.ch\/fr\/formation-de-coaching\/supervision-de-groupe\/\" target=\"_self\" aria-label=\"Go to https:\/\/coachingplus.ch\/coaching-ausbildung\/gruppensupervision\/\" rel=\"noopener\"><\/a>\n\t\t\t<h3>Sessions de r\u00e9flexion<\/h3>\t\t\t\n\t\t\t\t<p>9 demi-journ\u00e9es<br \/>pendant min. 6 mois<\/p>\n<h3>\n\t\tEn option\n\t<\/h3>\n\t<a href=\"https:\/\/coachingplus.ch\/fr\/formation-de-coaching\/module-complementaire-travail-thematique\/\" target=\"_self\" aria-label=\"Go to https:\/\/coachingplus.ch\/coaching-ausbildung\/zusatzmodul-thematische-arbeit\/\" rel=\"noopener\"><\/a>\n\t\t\t<h3>Travail th\u00e9matique <\/h3>\t\t\t\n\t\t\t\t<p>1\/2 journ\u00e9e<\/p>\n\t<a href=\"https:\/\/coachingplus.ch\/fr\/formation-de-coaching\/simulation-dexamen\/\" target=\"_self\" aria-label=\"Go to https:\/\/coachingplus.ch\/coaching-ausbildung\/pruefungssimulation\/\" rel=\"noopener\"><\/a>\n\t\t\t<h3>Simulation d'examen<\/h3>\t\t\t\n\t\t\t\t<p>1\/2 journ\u00e9e<\/p>\n\t<a href=\"https:\/\/coachingplus.ch\/fr\/formation-de-coaching\/simulation-dexamen\/\" target=\"_self\" aria-label=\"Go to https:\/\/coachingplus.ch\/coaching-ausbildung\/pruefungssimulation\/\" rel=\"noopener\"><\/a>\n\t\t\t<h3>Entretiens de formation<\/h3>\t\t\t\n\t\t\t\t<p>1\/2 journ\u00e9e<\/p>\n\t<a href=\"https:\/\/coachingplus.ch\/fr\/formation-de-coaching\/mentor-fa-dipl-coach-sca-dentreprise\/\" target=\"_self\" aria-label=\"Go to https:\/\/coachingplus.ch\/coaching-ausbildung\/betrieblicher-mentor-fa-dipl-coach-sca\/\" rel=\"noopener\"><\/a>\n\t\t\t<h3>Mentor(e) d'entreprise avec brevet f\u00e9d\u00e9ral<\/h3>\t\t\t\n\t\t\t\t<p>coach dipl\u00f4m\u00e9 SCA<\/p>\n\t<a href=\"https:\/\/coachingplus.ch\/fr\/seminaire-enneagramme\/\" target=\"_self\" aria-label=\"Go to https:\/\/coachingplus.ch\/seminar-enneagramm\" rel=\"noopener\"><\/a>\n\t\t\t<h3>Enn\u00e9agramme<\/h3>\t\t\t\n\t\t\t\t<p>Formation<\/p>\n<h3>\n\t\tModule de base\n\t<\/h3>\n\t<a href=\"https:\/\/coachingplus.ch\/fr\/enneagramme-de-base-2\/\" target=\"_self\" aria-label=\"Go to https:\/\/coachingplus.ch\/grundkurs-enneagramm\/\" rel=\"noopener\"><\/a>\n\t\t\t<h3>Cours de base sur l'enn\u00e9agramme<\/h3>\t\t\t\n\t\t\t\t<p>4 jours<\/p>\n\t<a href=\"https:\/\/coachingplus.ch\/fr\/formation-de-coaching\/cursus-de-10-jours-de-coaching\/\" target=\"_self\" aria-label=\"Go to https:\/\/coachingplus.ch\/coaching-ausbildung\/10-taegiger-coaching-studiengang\/\" rel=\"noopener\"><\/a>\n\t\t\t<h3>Cours de 10 jours sur le coaching appliqu\u00e9<\/h3>\t\t\t\n\t\t\t\t<p>ou formation ad\u00e9quate en coaching \/ conseil<\/p>\n<h3>\n\t\tModules de perfectionnement\n\t<\/h3>\n\t<a href=\"https:\/\/coachingplus.ch\/fr\/enneagramme-des-modules-de-formation\/\" target=\"_self\" aria-label=\"Go to https:\/\/coachingplus.ch\/aufbaumodule-enneagramm\/\" rel=\"noopener\"><\/a>\n\t\t\t<h3>Diriger de mani\u00e8re authentique avec l'enn\u00e9agramme <\/h3>\t\t\t\n\t\t\t\t<p>2 jours<\/p>\n\t<a href=\"https:\/\/coachingplus.ch\/fr\/enneagramme-des-modules-de-formation\/\" target=\"_self\" aria-label=\"Go to https:\/\/coachingplus.ch\/aufbaumodule-enneagramm\/\" rel=\"noopener\"><\/a>\n\t\t\t<h3>D\u00e9veloppement d'\u00e9quipe avec l'enn\u00e9agramme<\/h3>\t\t\t\n\t\t\t\t<p>2 jours<\/p>\n\t<a href=\"https:\/\/coachingplus.ch\/fr\/enneagramme-des-modules-de-formation\/\" target=\"_self\" aria-label=\"Go to https:\/\/coachingplus.ch\/aufbaumodule-enneagramm\/\" rel=\"noopener\"><\/a>\n\t\t\t<h3>Coaching avec l'enn\u00e9agramme <\/h3>\t\t\t\n\t\t\t\t<p>2 jours<\/p>\n\t<a href=\"https:\/\/coachingplus.ch\/fr\/enneagramme-des-modules-de-formation\/\" target=\"_self\" aria-label=\"Go to https:\/\/coachingplus.ch\/aufbaumodule-enneagramm\/\" rel=\"noopener\"><\/a>\n\t\t\t<h3>Formateur\/trice en enn\u00e9agramme<\/h3>\t\t\t\n\t\t\t\t<p>Dipl\u00f4m\u00e9<br \/>Formateur(trice) en Enn\u00e9agramme CP<\/p>","protected":false},"excerpt":{"rendered":"<p>Thematische Arbeit Mit dem Zusatzmodul zielsicher thematische Arbeiten erstellen Vorteile Inhalt Studiengang Referenzen Dozent Das Zusatzmodul Thematische Arbeit Voraussetzung f\u00fcr den schweizweit anerkannten Abschluss eidg. Betrieblicher Mentor\/in FA sind &#8211; aufbauend auf einer Coaching-Ausbildung &#8211; Reflexionssitzungen bei einer anerkannten Begleitperson sowie ein schriftliches Begleitkonzept, Begleitnachweise, wie eine Thematische Arbeit. Diese Arbeiten werden vor der m\u00fcndlichen [&hellip;]<\/p>\n","protected":false},"author":1,"featured_media":11391,"parent":1280,"menu_order":0,"comment_status":"closed","ping_status":"closed","template":"","meta":{"_seopress_robots_primary_cat":"","_seopress_titles_title":"Zusatzmodul Thematische Arbeit I coachingplus ","_seopress_titles_desc":"F\u00fcr die Thematische Arbeit bieten wir ein zus\u00e4tzliches Modul an und zeigen wie sie eigenst\u00e4ndig eine schriftliche, thematische Praxis-Arbeit erstellen.","_seopress_robots_index":"","site-sidebar-layout":"no-sidebar","site-content-layout":"page-builder","ast-site-content-layout":"default","site-content-style":"default","site-sidebar-style":"default","ast-global-header-display":"","ast-banner-title-visibility":"","ast-main-header-display":"","ast-hfb-above-header-display":"","ast-hfb-below-header-display":"","ast-hfb-mobile-header-display":"","site-post-title":"disabled","ast-breadcrumbs-content":"","ast-featured-img":"disabled","footer-sml-layout":"","ast-disable-related-posts":"","theme-transparent-header-meta":"default","adv-header-id-meta":"","stick-header-meta":"","header-above-stick-meta":"","header-main-stick-meta":"","header-below-stick-meta":"","astra-migrate-meta-layouts":"default","ast-page-background-enabled":"default","ast-page-background-meta":{"desktop":{"background-color":"","background-image":"","background-repeat":"repeat","background-position":"center center","background-size":"auto","background-attachment":"scroll","background-type":"","background-media":"","overlay-type":"","overlay-color":"","overlay-opacity":"","overlay-gradient":""},"tablet":{"background-color":"","background-image":"","background-repeat":"repeat","background-position":"center center","background-size":"auto","background-attachment":"scroll","background-type":"","background-media":"","overlay-type":"","overlay-color":"","overlay-opacity":"","overlay-gradient":""},"mobile":{"background-color":"","background-image":"","background-repeat":"repeat","background-position":"center center","background-size":"auto","background-attachment":"scroll","background-type":"","background-media":"","overlay-type":"","overlay-color":"","overlay-opacity":"","overlay-gradient":""}},"ast-content-background-meta":{"desktop":{"background-color":"var(--ast-global-color-5)","background-image":"","background-repeat":"repeat","background-position":"center center","background-size":"auto","background-attachment":"scroll","background-type":"","background-media":"","overlay-type":"","overlay-color":"","overlay-opacity":"","overlay-gradient":""},"tablet":{"background-color":"var(--ast-global-color-5)","background-image":"","background-repeat":"repeat","background-position":"center center","background-size":"auto","background-attachment":"scroll","background-type":"","background-media":"","overlay-type":"","overlay-color":"","overlay-opacity":"","overlay-gradient":""},"mobile":{"background-color":"var(--ast-global-color-5)","background-image":"","background-repeat":"repeat","background-position":"center center","background-size":"auto","background-attachment":"scroll","background-type":"","background-media":"","overlay-type":"","overlay-color":"","overlay-opacity":"","overlay-gradient":""}},"iawp_total_views":448,"footnotes":""},"class_list":["post-13238","page","type-page","status-publish","has-post-thumbnail","hentry"],"_links":{"self":[{"href":"https:\/\/coachingplus.ch\/fr\/wp-json\/wp\/v2\/pages\/13238","targetHints":{"allow":["GET"]}}],"collection":[{"href":"https:\/\/coachingplus.ch\/fr\/wp-json\/wp\/v2\/pages"}],"about":[{"href":"https:\/\/coachingplus.ch\/fr\/wp-json\/wp\/v2\/types\/page"}],"author":[{"embeddable":true,"href":"https:\/\/coachingplus.ch\/fr\/wp-json\/wp\/v2\/users\/1"}],"replies":[{"embeddable":true,"href":"https:\/\/coachingplus.ch\/fr\/wp-json\/wp\/v2\/comments?post=13238"}],"version-history":[{"count":6,"href":"https:\/\/coachingplus.ch\/fr\/wp-json\/wp\/v2\/pages\/13238\/revisions"}],"predecessor-version":[{"id":16797,"href":"https:\/\/coachingplus.ch\/fr\/wp-json\/wp\/v2\/pages\/13238\/revisions\/16797"}],"up":[{"embeddable":true,"href":"https:\/\/coachingplus.ch\/fr\/wp-json\/wp\/v2\/pages\/1280"}],"wp:featuredmedia":[{"embeddable":true,"href":"https:\/\/coachingplus.ch\/fr\/wp-json\/wp\/v2\/media\/11391"}],"wp:attachment":[{"href":"https:\/\/coachingplus.ch\/fr\/wp-json\/wp\/v2\/media?parent=13238"}],"curies":[{"name":"wp","href":"https:\/\/api.w.org\/{rel}","templated":true}]}}