{"id":12874,"date":"2020-11-29T22:31:39","date_gmt":"2020-11-29T21:31:39","guid":{"rendered":"https:\/\/coachingplus.ch\/?page_id=12874"},"modified":"2022-02-28T14:23:27","modified_gmt":"2022-02-28T13:23:27","slug":"references-sport","status":"publish","type":"page","link":"https:\/\/coachingplus.ch\/fr\/referenzen-sport\/","title":{"rendered":"R\u00e9f\u00e9rences Sport"},"content":{"rendered":"<h1>R\u00e9f\u00e9rences Sport<\/h1>\nLe succ\u00e8s ne vient que de celui qui fait quelque chose en attendant le succ\u00e8s.<br>\nThomas Alva Edison\n<p>L'aper\u00e7u de la m\u00e9thode de travail de Marcel Koller et Joachim L\u00f6w et le cursus en psychologie individuelle chez Coachingplus m'ont permis de progresser.<\/p>\n<p><strong>Urs Meier, <\/strong>Entra\u00eeneur de football, FC Rapperswil-Jona<\/p>\n<p>&nbsp;<\/p>\n<p>Des outils pratiques \u00e0 mettre en pratique. Des bases simples, compr\u00e9hensibles et logiques.<\/p>\n<p><strong>Andreas Schwaller, <\/strong>Entrepreneur, andreas schwaller ag, Zurich, Les skips Andreas Schwaller, troisi\u00e8me aux Jeux olympiques de 2002 et ancien champion d'Europe, aujourd'hui chef du sport de comp\u00e9tition, Swisscurling Association<\/p>\n<p>&nbsp;<\/p>\n<p>La m\u00e9thodologie transmise est bien applicable dans la pratique. Les coachs mettent les choses au point.<\/p>\n<p><strong>Raeto Raffainer, <\/strong>ancien joueur professionnel de hockey sur glace, est directeur de la F\u00e9d\u00e9ration suisse de hockey sur glace depuis 2015<\/p>\n<p>&nbsp;<\/p>\n<p>Me fait avancer dans la vie et, je l'esp\u00e8re, dans ma carri\u00e8re professionnelle.<\/p>\n<p><strong>Friedemann Leblois-Umrath, <\/strong>Skipper\/moniteur d'\u00e9cole de voile, Zoug<\/p>\n<p>&nbsp;<\/p>\n<p>Le cours m'a apport\u00e9 un soutien tr\u00e8s positif dans ma r\u00e9flexion personnelle. Il m'offre des outils tr\u00e8s pr\u00e9cieux pour tous les domaines o\u00f9 les gens vivent et travaillent ensemble.<\/p>\n<p><strong>Silvio Rapelli, <\/strong>tr\u00e8s brillant combattant de karat\u00e9 \/ porteur du 4e Dan SKV, Greppen<\/p>\n<p>&nbsp;<\/p>\n<p>J'ai appris beaucoup de choses sur les autres et sur moi-m\u00eame. J'ai surtout repris conscience de la n\u00e9cessit\u00e9 de consid\u00e9rer les autres et de me consid\u00e9rer moi-m\u00eame sous un autre angle. C'est une motivation int\u00e9ressante pour appliquer de nouvelles m\u00e9thodes au quotidien, que ce soit dans le domaine scolaire, dans la formation des adultes ou m\u00eame dans la vie priv\u00e9e.<\/p>\n<p><strong>Carolina Ranft, <\/strong>Professeur de gymnastique et de sport avec dipl\u00f4me f\u00e9d\u00e9ral<\/p>\n<p>&nbsp;<\/p>\n<p>De nouvelles portes se sont ouvertes en ce qui concerne mon travail.<\/p>\n<p><strong>Bernhard Frautschi, <\/strong>Formateur, D\u00e9partement f\u00e9d\u00e9ral de la d\u00e9fense, de la protection de la population et des sports DDPS, Thoune<\/p>\n<p>&nbsp;<\/p>\n<p>A permis de mieux comprendre mes comportements et ceux de mon environnement priv\u00e9 et professionnel. J'ai pu apprendre des m\u00e9thodes pour reconna\u00eetre les ressources chez les autres et les activer de mani\u00e8re cibl\u00e9e.<\/p>\n<p><strong>Michael Freudiger, <\/strong>Physioth\u00e9rapeute HES, cabinet de sport et d'ergonomie, Zollikofen<\/p>\n<p>&nbsp;<\/p>\n<p>\"Mieux percevoir les gens et expliquer leur comportement\".<\/p>\n<p><strong>Denise Fischler, <\/strong>Scientifique du sport, B\u00e2le<\/p>\n<h2>\n\t\tAper\u00e7u de la formation Coachingplus\n\t<\/h2>\n\t<a href=\"https:\/\/coachingplus.ch\/fr\/formation-de-coaching\/cursus-de-10-jours-de-coaching\/\" target=\"_self\" rel=\"noopener\"><\/a> \n\t\t\t<h3>Cours de 10 jours sur le coaching appliqu\u00e9<\/h3>\t\t\t\n\t\t\t\t<p>Dipl\u00f4me Certificat<\/p>\n<h3>\n\t\tSessions de r\u00e9flexion\n\t<\/h3>\n<h4>\n\t\tConstruire\n\t<\/h4>\n\t<a href=\"https:\/\/coachingplus.ch\/fr\/formation-de-coaching\/supervision-de-groupe\/\" target=\"_self\" rel=\"noopener\"><\/a> \n\t\t\t<h3>Sessions de r\u00e9flexion<\/h3>\t\t\t\n\t\t\t\t<p>9 demi-journ\u00e9es<br>pendant min. 6 mois<\/p>\n<h3>\n\t\tModules de perfectionnement\n\t<\/h3>\n<h4>\n\t\tlibrement s\u00e9lectionnable\n\t<\/h4>\n\t<a href=\"https:\/\/coachingplus.ch\/fr\/formation-de-coaching\/formation-diplomante-pour-le-coaching-applique\/#prozess\" target=\"_self\" rel=\"noopener\"><\/a> \n\t\t\t<h3>Comp\u00e9tences d'accompagnement du processus<\/h3>\t\t\t\n\t\t\t\t<p>2 jours<\/p>\n\t<a href=\"https:\/\/coachingplus.ch\/fr\/formation-de-coaching\/formation-diplomante-pour-le-coaching-applique\/#selbstmgmt\" target=\"_self\" rel=\"noopener\"><\/a> \n\t\t\t<h3>Auto-management Auto-marketing<\/h3>\t\t\t\n\t\t\t\t<p>2 jours<\/p>\n\t<a href=\"https:\/\/coachingplus.ch\/fr\/formation-de-coaching\/formation-diplomante-pour-le-coaching-applique\/#teamcoaching\" target=\"_self\" rel=\"noopener\"><\/a> \n\t\t\t<h3>Coaching d'\u00e9quipe<\/h3>\t\t\t\n\t\t\t\t<p>2 jours<\/p>\n\t<a href=\"https:\/\/coachingplus.ch\/fr\/formation-de-coaching\/formation-diplomante-pour-le-coaching-applique\/#laufbahn\" target=\"_self\" rel=\"noopener\"><\/a> \n\t\t\t<h3>Coaching de carri\u00e8re<\/h3>\t\t\t\n\t\t\t\t<p>2 jours<\/p>\n<h3>\n\t\tGPI<sup>\u00ae<\/sup> Coach\n\t<\/h3>\n<h4>\n\t\tModules I+II\n\t<\/h4>\n\t<a href=\"https:\/\/coachingplus.ch\/fr\/formation-de-coaching\/coach-certifie-gpi\/#modul1\" target=\"_self\" rel=\"noopener\"><\/a> \n\t\t\t<h3>GPI<sup>\u00ae<\/sup> Coach I<\/h3>\t\t\t\n\t\t\t\t<p>2 jours<\/p>\n\t<a href=\"https:\/\/coachingplus.ch\/fr\/formation-de-coaching\/coach-certifie-gpi\/#modul2\" target=\"_self\" rel=\"noopener\"><\/a> \n\t\t\t<h3>GPI<sup>\u00ae<\/sup> Coach II<\/h3>\t\t\t\n\t\t\t\t<p>2 jours<\/p>\n\t<a href=\"https:\/\/coachingplus.ch\/fr\/formation-de-coaching\/coach-certifie-gpi-team\/\" target=\"_self\" rel=\"noopener\"><\/a> \n\t\t\t<h3>Dipl\u00f4m\u00e9 <br>GPI<sup>\u00ae<\/sup> Coach de l'\u00e9quipe<\/h3>\t\t\t\n\t\t\t\t<p>audit interne<\/p>\n\t<a href=\"https:\/\/coachingplus.ch\/fr\/formation-de-coaching\/mentor-fa-dipl-coach-sca-dentreprise\/\" target=\"_self\" rel=\"noopener\"><\/a> \n\t\t\t<h3>Mentor* d'entreprise avec brevet f\u00e9d\u00e9ral<\/h3>\t\t\t\n\t\t\t\t<p>coach dipl\u00f4m\u00e9 SCA<\/p>\n\t\t\t\t<img decoding=\"async\" src=\"https:\/\/coachingplus.ch\/wp-content\/uploads\/2020\/08\/favicon.png\" alt=\"favicon\" itemprop=\"image\" height=\"512\" width=\"512\" title=\"favicon\" onerror=\"this.style.display='none'\">\n<h3>\n\t\tLorsqu'il s'agit de formation au coaching en Suisse, Coachingplus est en t\u00eate de liste. Nous sommes le centre de formation le plus fr\u00e9quent\u00e9. Vous souhaitez en savoir plus ?\n\t<\/h3>\n\t<a href=\"https:\/\/coachingplus.ch\/fr\/newsletter\/\" target=\"_self\" rel=\"noopener\"><\/a> \n\t\t<h4>A lire<\/h4>\t\t\t\n\t\t\t\t<p>Nous nous ferons un plaisir de vous informer sur les th\u00e8mes li\u00e9s au coaching et au leadership par le biais de notre newsletter.<\/p>\n\t<a href=\"\/fr\/contact\/\" target=\"_self\" rel=\"noopener\"><\/a> \n\t\t<h4>Entretien personnel<\/h4>\t\t\t\n\t\t\t\t\n\t<a href=\"https:\/\/coachingplus.ch\/fr\/sinscrire\/\" target=\"_self\" rel=\"noopener\"><\/a> \n\t\t<h4>Convaincu ?!<\/h4>\t\t\t\n<p>Nous vous avons convaincu ? <br>Vous pouvez vous inscrire directement ici.<\/p>","protected":false},"excerpt":{"rendered":"<p>Referenzen Sport Erfolg hat nur, wer etwas tut, w\u00e4hrend er auf den Erfolg wartet. Thomas Alva Edison Die Einblicke in die Arbeitsweise von Marcel Koller und Joachim L\u00f6w und der Studiengang in Individualpsychologie bei Coachingplus haben mich weitergebracht. Urs Meier, Fussballtrainer, FC Rapperswil-Jona &nbsp; Praxisbezogene Tools zum Anwenden. Einfache, verst\u00e4ndliche und logische Grundlagen. Andreas Schwaller, [&hellip;]<\/p>\n","protected":false},"author":1,"featured_media":0,"parent":0,"menu_order":0,"comment_status":"closed","ping_status":"closed","template":"","meta":{"_seopress_robots_primary_cat":"","_seopress_titles_title":"Referenzen Sport I Coachingplus","_seopress_titles_desc":"Der Studiengang f\u00fcr angewandtes Coaching bietet eine ideale Mischung aus Theorie, \u00dcbungen und Selbstreflexion f\u00fcr das Sportcoaching.","_seopress_robots_index":"","site-sidebar-layout":"default","site-content-layout":"default","ast-site-content-layout":"default","site-content-style":"default","site-sidebar-style":"default","ast-global-header-display":"","ast-banner-title-visibility":"","ast-main-header-display":"","ast-hfb-above-header-display":"","ast-hfb-below-header-display":"","ast-hfb-mobile-header-display":"","site-post-title":"disabled","ast-breadcrumbs-content":"","ast-featured-img":"","footer-sml-layout":"","ast-disable-related-posts":"","theme-transparent-header-meta":"default","adv-header-id-meta":null,"stick-header-meta":null,"header-above-stick-meta":null,"header-main-stick-meta":null,"header-below-stick-meta":null,"astra-migrate-meta-layouts":"default","ast-page-background-enabled":"default","ast-page-background-meta":{"desktop":{"background-color":"","background-image":"","background-repeat":"repeat","background-position":"center center","background-size":"auto","background-attachment":"scroll","background-type":"","background-media":"","overlay-type":"","overlay-color":"","overlay-opacity":"","overlay-gradient":""},"tablet":{"background-color":"","background-image":"","background-repeat":"repeat","background-position":"center center","background-size":"auto","background-attachment":"scroll","background-type":"","background-media":"","overlay-type":"","overlay-color":"","overlay-opacity":"","overlay-gradient":""},"mobile":{"background-color":"","background-image":"","background-repeat":"repeat","background-position":"center center","background-size":"auto","background-attachment":"scroll","background-type":"","background-media":"","overlay-type":"","overlay-color":"","overlay-opacity":"","overlay-gradient":""}},"ast-content-background-meta":{"desktop":{"background-color":"var(--ast-global-color-5)","background-image":"","background-repeat":"repeat","background-position":"center center","background-size":"auto","background-attachment":"scroll","background-type":"","background-media":"","overlay-type":"","overlay-color":"","overlay-opacity":"","overlay-gradient":""},"tablet":{"background-color":"var(--ast-global-color-5)","background-image":"","background-repeat":"repeat","background-position":"center center","background-size":"auto","background-attachment":"scroll","background-type":"","background-media":"","overlay-type":"","overlay-color":"","overlay-opacity":"","overlay-gradient":""},"mobile":{"background-color":"var(--ast-global-color-5)","background-image":"","background-repeat":"repeat","background-position":"center center","background-size":"auto","background-attachment":"scroll","background-type":"","background-media":"","overlay-type":"","overlay-color":"","overlay-opacity":"","overlay-gradient":""}},"iawp_total_views":5,"footnotes":""},"class_list":["post-12874","page","type-page","status-publish","hentry"],"_links":{"self":[{"href":"https:\/\/coachingplus.ch\/fr\/wp-json\/wp\/v2\/pages\/12874","targetHints":{"allow":["GET"]}}],"collection":[{"href":"https:\/\/coachingplus.ch\/fr\/wp-json\/wp\/v2\/pages"}],"about":[{"href":"https:\/\/coachingplus.ch\/fr\/wp-json\/wp\/v2\/types\/page"}],"author":[{"embeddable":true,"href":"https:\/\/coachingplus.ch\/fr\/wp-json\/wp\/v2\/users\/1"}],"replies":[{"embeddable":true,"href":"https:\/\/coachingplus.ch\/fr\/wp-json\/wp\/v2\/comments?post=12874"}],"version-history":[{"count":0,"href":"https:\/\/coachingplus.ch\/fr\/wp-json\/wp\/v2\/pages\/12874\/revisions"}],"wp:attachment":[{"href":"https:\/\/coachingplus.ch\/fr\/wp-json\/wp\/v2\/media?parent=12874"}],"curies":[{"name":"wp","href":"https:\/\/api.w.org\/{rel}","templated":true}]}}