{"id":12860,"date":"2020-11-29T22:31:37","date_gmt":"2020-11-29T21:31:37","guid":{"rendered":"https:\/\/coachingplus.ch\/?page_id=12860"},"modified":"2022-03-18T17:42:11","modified_gmt":"2022-03-18T16:42:11","slug":"marketing-personnel","status":"publish","type":"page","link":"https:\/\/coachingplus.ch\/fr\/selbstmarketing\/","title":{"rendered":"Marketing de soi"},"content":{"rendered":"<h1>R\u00e9f\u00e9rences marketing personnel<\/h1>\nCelui qui cesse d'apprendre est vieux. Il peut avoir vingt ou quatre-vingts ans.<br \/>\n(Henry Ford).\n<p>Par des approches de psychologie individuelle, sa propre ligne de vie. Un produit et un positionnement clairs sont la base de ce que vous faites. N'attendez pas des autres qu'ils promeuvent votre carri\u00e8re - prenez les choses en main. Un positionnement clair promeut la marque \"moi\". Pour r\u00e9ussir aujourd'hui, il faut ma\u00eetriser les r\u00e8gles du marketing de soi.<\/p>\n- La situation de d\u00e9part : que repr\u00e9sentez-vous ?<br \/>\n- Formuler des objectifs : Que voulez-vous atteindre ? Quel est votre objectif ?<br \/>\n- Votre strat\u00e9gie marketing individuelle\n<p><a href=\"https:\/\/coachingplus.ch\/fr\/eidg-coaching-final-entreprise-mentor-fa\/\">Plus d'infos sur le cours de dipl\u00f4me<\/a><\/p>\n<p>Analyse de clarification sur sa propre authenticit\u00e9 et son USP pour son offre de coaching.<\/p>\n<p><strong>Claudia Godenzi, <\/strong>Formatrice, TALLY WEIJL Trading AG - Talent Management, B\u00e2le<\/p>\n<p>&nbsp;<\/p>\n<p>Le contenu du s\u00e9minaire, ainsi que les \u00e9changes avec les participants au s\u00e9minaire, sont tr\u00e8s utiles.<\/p>\n<p><strong>Murat Aktas, <\/strong>Coach, Unia, Berne<\/p>\n<p>&nbsp;<\/p>\n<p>Mieux je me connais, mieux je connais mes points forts et mes points faibles, mieux je peux me positionner et positionner mon offre. J'ai re\u00e7u (comme toujours) de nombreux apports passionnants, utiles et forts comme des ours, qui m'accompagneront encore apr\u00e8s la fin de mon cours. Merci beaucoup !<\/p>\n<p><strong>Sue Jud, <\/strong>animatrice socioculturelle, Winterthur<\/p>\n<p>&nbsp;<\/p>\n<p>Apr\u00e8s 11 ans d'activit\u00e9 ind\u00e9pendante, j'ai pu obtenir de nombreux th\u00e8mes d'approfondissement utiles pour moi. Le cours vaut chaque franc.<\/p>\n<p><strong>Pierre Amiet, <\/strong>Propri\u00e9taire, Immoproject GmbH, Zurich<\/p>\n<p>&nbsp;<\/p>\n<p>Se pencher sur ses propres forces et comp\u00e9tences. Toujours garder \u00e0 l'esprit la valeur ajout\u00e9e \/ l'utilit\u00e9 du client.<\/p>\n<p><strong>Monika Kettenmann Buensoz, <\/strong>Dipl\u00f4me f\u00e9d\u00e9ral de responsable du personnel, Allianz Suisse, Wallisellen<\/p>\n<p>&nbsp;<\/p>\n<p>Ce n'est qu'en me positionnant correctement que je peux convaincre. Gr\u00e2ce aux techniques que j'ai apprises, j'ai pu optimiser mon marketing personnel.<\/p>\n<p><strong>Esther Tanner, <\/strong>Responsable de l'\u00e9quipe du Backoffice de vente Migros, Jowa AG, Volketswil<\/p>\n<p>&nbsp;<\/p>\n<p>Des moyens efficaces pour faire comprendre l'importance du marketing de soi.<\/p>\n<p><strong>Simon Esteban, <\/strong>Infirmier psychiatrique, Spitex Zurich-Limmat, Zurich<\/p>\n<p>&nbsp;<\/p>\n<p>J'ai appris comment mieux utiliser mes grandes connaissances professionnelles dans les entretiens. De nombreux conseils pratiques m'aident \u00e0 atteindre cet objectif.<\/p>\n<p><strong>Rita R\u00f6mer<\/strong><\/p>\n<p>&nbsp;<\/p>\n<p>Les contenus transmis sont pratiques et applicables.<\/p>\n<p><strong>Patrick Bucheli, <\/strong>Enseignant, KBZ Zoug, Zoug<\/p>\n<p>&nbsp;<\/p>\n<p>Obtenir de bons conseils pour mettre en valeur ses propres points forts.<\/p>\n<p><strong>Silvia Nater, <\/strong>Toni Broder + Partner GmbH, Schaffhouse<\/p>\n<p>&nbsp;<\/p>\n<p>\"Marque-moi\" comment est-ce que j'agis sur les autres ? Comment faire parler de mes points forts ?<\/p>\n<p><strong>Adrienne Winter<\/strong><\/p>\n<p>&nbsp;<\/p>\n<p>C'\u00e9tait tr\u00e8s encourageant et instructif d'apprendre \u00e0 mieux me vendre.<\/p>\n<p><strong>Bernhard Renner<\/strong>, W\u00e4ngi TG<\/p>\n<p>&nbsp;<\/p>\n<p>J'ai re\u00e7u de nombreuses impulsions profitables pour le marketing personnel. Les \u00e9changes au sein du groupe m'ont \u00e9galement donn\u00e9 de nombreuses impulsions qui m'ont permis d'avancer.<\/p>\n<p><strong>Laura Messina, <\/strong>Account Manager, Sanitas, Zurich<\/p>\n<p>&nbsp;<\/p>\n<p>J'ai appris ce dont j'avais besoin pour mettre mes comp\u00e9tences en coaching \u00e0 la port\u00e9e de tous.<\/p>\n<p><strong>Oliver Fehr, <\/strong>Glattpark, Zurich<\/p>\n<p>&nbsp;<\/p>\n<p>Des impulsions utiles pour faire un pas en avant avec le marketing de soi.<\/p>\n<p><strong>Didier Voegelin, <\/strong>Chef de projet, pilum gmbh, Lupsingen<\/p>\n<p>&nbsp;<\/p>\n<p>Le marketing de soi comme course de fond m'a remotiv\u00e9. Merci !<\/p>\n<p><strong>Cornelia Schmid, <\/strong>Coach, S\u00e9minaires et Coaching, DE Gechingen<\/p>\n<p>&nbsp;<\/p>\n<p>J'ai acquis une meilleure compr\u00e9hension de l'auto-marketing. Je peux coordonner mes connaissances et mes actions de mani\u00e8re \u00e0 ce qu'elles aient un effet durable.<\/p>\n<p><strong>Imee Berdos, <\/strong>Esth\u00e9ticienne\/visagiste<\/p>\n<p>&nbsp;<\/p>\n<p>Le th\u00e8me de l'auto-marketing montre ce qu'il faut faire pour r\u00e9ussir sa pr\u00e9sentation.<\/p>\n<p><strong>Daniel Pl\u00fcss, <\/strong>Formateur FA, Signal AG, Saint-Gall<\/p>\n<p>&nbsp;<\/p>\n<p>Un aper\u00e7u passionnant de la longue exp\u00e9rience d'Urs, de nombreux inputs r\u00e9alisables re\u00e7us.<\/p>\n<p><strong>Jacqueline Burkhard, <\/strong>psychophysiologue dipl\u00f4m\u00e9e, eignungs-check.ch, Baden<\/p>\n<p>&nbsp;<\/p>\n<p>Cette journ\u00e9e m'a confort\u00e9 dans ma d\u00e9marche et m'a donn\u00e9 le courage d'aller plus loin.<\/p>\n<p><strong>Stefan von K\u00e4nel, <\/strong>Unterssen<\/p>\n<p>&nbsp;<\/p>\n<p>Le marketing de soi \u00e9tait pour moi un sujet plut\u00f4t p\u00e9nible. Maintenant, j'y ai trouv\u00e9 du plaisir. C'est une chance de me pr\u00e9senter. J'ai quelque chose \u00e0 offrir.<\/p>\n<p><strong>B. Z, <\/strong>P\u00e9dagogue social, Zurich<\/p>\n<p>&nbsp;<\/p>\n<p>Re\u00e7u de nombreux conseils utiles et imm\u00e9diatement applicables. Les fiches de travail sont tr\u00e8s informatives.<\/p>\n<p><strong>Antonio Stravino<\/strong><\/p>\n<p>&nbsp;<\/p>\n<p>Bon guide pour l'autonomie. \u00c9changes et r\u00e9flexions pr\u00e9cieux.<\/p>\n<p><strong>Kathrin Blaser, <\/strong>Coach, Carpe Talentum, Sch\u00f6nenberg<\/p>\n<p>&nbsp;<\/p>\n<p>Superbe journ\u00e9e de cours. Je vous remercie. Le cours \"Marketing personnel\" m'a permis de progresser.<\/p>\n<p><strong>Monika Lenz, <\/strong>Responsable Admin, Coire<\/p>\n<p>&nbsp;<\/p>\n<p>Encore une fois, des conseils tr\u00e8s pratiques, des inputs et des impulsions pour se pencher sur son ICH-AG. Merci beaucoup.<\/p>\n<p><strong>Martina Miciecki<\/strong><\/p>\n<p>&nbsp;<\/p>\n<p>Encourage le marketing de soi. La sc\u00e8ne n'est pas seulement o.k., c'est une base de d\u00e9part.<\/p>\n<p><strong>Veronica Baumann, <\/strong>coaching-b, Bolligen<\/p>\n<p>&nbsp;<\/p>\n<p>J'ai \u00e9labor\u00e9 une strat\u00e9gie d'action pour mon marketing personnel. Celle-ci m'aide \u00e0 proc\u00e9der de mani\u00e8re structur\u00e9e et planifi\u00e9e dans le temps.<\/p>\n<p><strong>Brigitte Hirter<\/strong>, webus GmbH, Rottenschwil<\/p>\n<p>&nbsp;<\/p>\n<p>Motivation \u00e0 pers\u00e9v\u00e9rer dans le d\u00e9veloppement de mon activit\u00e9 ind\u00e9pendante. Beaucoup de connaissances pr\u00e9cieuses. J'ai rencontr\u00e9 des gens formidables !<\/p>\n<p><strong>Tanja Wyser, <\/strong>Buchs AG<\/p>\n<p>&nbsp;<\/p>\n<p>Des outils et des \u00e9tapes concrets, transmis par l'exp\u00e9rience, pour un marketing personnel r\u00e9ussi. De pr\u00e9cieux apports !<\/p>\n<p><strong>Jonas Bottas, <\/strong>COO \/ informaticien m\u00e9dical, Fluence AG, Soleure<\/p>\n<h2>\n\t\tAper\u00e7u de la formation Coachingplus\n\t<\/h2>\n\t<a href=\"https:\/\/coachingplus.ch\/fr\/formation-de-coaching\/cursus-de-10-jours-de-coaching\/\" target=\"_self\" aria-label=\"Go to https:\/\/coachingplus.ch\/coaching-ausbildung\/10-taegiger-coaching-studiengang\/\" rel=\"noopener\"><\/a>\n\t\t\t<h3>Cours de 10 jours sur le coaching appliqu\u00e9<\/h3>\t\t\t\n\t\t\t\t<p>Dipl\u00f4me Certificat<\/p>\n<h3>\n\t\tSessions de r\u00e9flexion\n\t<\/h3>\n\t<a href=\"https:\/\/coachingplus.ch\/fr\/formation-de-coaching\/supervision-de-groupe\/\" target=\"_self\" aria-label=\"Go to https:\/\/coachingplus.ch\/coaching-ausbildung\/gruppensupervision\/\" rel=\"noopener\"><\/a>\n\t\t\t<h3>Sessions de r\u00e9flexion<\/h3>\t\t\t\n\t\t\t\t<p>9 demi-journ\u00e9es<br \/>pendant min. 6 mois<\/p>\n<h3>\n\t\tModules de perfectionnement\n\t<\/h3>\n\t<a href=\"https:\/\/coachingplus.ch\/fr\/formation-de-coaching\/formation-diplomante-pour-le-coaching-applique\/#prozess\" target=\"_self\" aria-label=\"Go to https:\/\/coachingplus.ch\/coaching-ausbildung\/diplomausbildung-fuer-angewandtes-coaching\/#prozess\" rel=\"noopener\"><\/a>\n\t\t\t<h3>Comp\u00e9tences d'accompagnement du processus<\/h3>\t\t\t\n\t\t\t\t<p>2 jours<\/p>\n\t<a href=\"https:\/\/coachingplus.ch\/fr\/formation-de-coaching\/formation-diplomante-pour-le-coaching-applique\/#selbstmgmt\" target=\"_self\" aria-label=\"Go to https:\/\/coachingplus.ch\/coaching-ausbildung\/diplomausbildung-fuer-angewandtes-coaching\/#selbstmgmt\" rel=\"noopener\"><\/a>\n\t\t\t<h3>Auto-management Auto-marketing<\/h3>\t\t\t\n\t\t\t\t<p>2 jours<\/p>\n\t<a href=\"https:\/\/coachingplus.ch\/fr\/formation-de-coaching\/formation-diplomante-pour-le-coaching-applique\/#teamcoaching\" target=\"_self\" aria-label=\"Go to https:\/\/coachingplus.ch\/coaching-ausbildung\/diplomausbildung-fuer-angewandtes-coaching\/#teamcoaching\" rel=\"noopener\"><\/a>\n\t\t\t<h3>Coaching d'\u00e9quipe<\/h3>\t\t\t\n\t\t\t\t<p>2 jours<\/p>\n\t<a href=\"https:\/\/coachingplus.ch\/fr\/formation-de-coaching\/formation-diplomante-pour-le-coaching-applique\/#laufbahn\" target=\"_self\" aria-label=\"Go to https:\/\/coachingplus.ch\/coaching-ausbildung\/diplomausbildung-fuer-angewandtes-coaching\/#laufbahn\" rel=\"noopener\"><\/a>\n\t\t\t<h3>Coaching de carri\u00e8re<\/h3>\t\t\t\n\t\t\t\t<p>2 jours<\/p>\n<h3>\n\t\tModules compl\u00e9mentaires\n\t<\/h3>\n\t<a href=\"https:\/\/coachingplus.ch\/fr\/formation-de-coaching\/module-complementaire-travail-thematique\/\" target=\"_self\" aria-label=\"Go to https:\/\/coachingplus.ch\/coaching-ausbildung\/zusatzmodul-thematische-arbeit\/\" rel=\"noopener\"><\/a>\n\t\t\t<h3>Travail th\u00e9matique<\/h3>\t\t\t\n\t\t\t\t<p>1\/2 jours<\/p>\n\t<a href=\"https:\/\/coachingplus.ch\/fr\/formation-de-coaching\/simulation-dexamen\/\" target=\"_self\" aria-label=\"Go to https:\/\/coachingplus.ch\/coaching-ausbildung\/pruefungssimulation\/\" rel=\"noopener\"><\/a>\n\t\t\t<h3>Simulation d'examen<\/h3>\t\t\t\n\t\t\t\t<p>1\/2 jours<\/p>\n\t<a href=\"https:\/\/coachingplus.ch\/fr\/formation-de-coaching\/mentor-fa-dipl-coach-sca-dentreprise\/\" target=\"_self\" aria-label=\"Go to https:\/\/coachingplus.ch\/coaching-ausbildung\/betrieblicher-mentor-fa-dipl-coach-sca\/\" rel=\"noopener\"><\/a>\n\t\t\t<h3>Mentor* d'entreprise avec brevet f\u00e9d\u00e9ral<\/h3>\t\t\t\n\t\t\t\t<p>coach dipl\u00f4m\u00e9 SCA<\/p>\n\t\t\t\t<img decoding=\"async\" src=\"https:\/\/coachingplus.ch\/wp-content\/uploads\/2020\/08\/favicon.png\" alt=\"et logo\" itemprop=\"image\" height=\"512\" width=\"512\" title=\"favicon\" onerror=\"this.style.display='none'\"  \/>\n<h3>\n\t\tLorsqu'il s'agit de formation au coaching en Suisse, Coachingplus est en t\u00eate de liste. Nous sommes le centre de formation le plus fr\u00e9quent\u00e9. Vous souhaitez en savoir plus ?\n\t<\/h3>\n\t<a href=\"https:\/\/coachingplus.ch\/fr\/newsletter\/\" target=\"_self\" aria-label=\"Go to https:\/\/coachingplus.ch\/newsletter\/\" rel=\"noopener\"><\/a>\n\t\t<h4>A lire<\/h4>\t\t\t\n\t\t\t\t<p>Nous nous ferons un plaisir de vous informer sur les th\u00e8mes li\u00e9s au coaching et au leadership par le biais de notre newsletter.<\/p>\n\t<a href=\"\/fr\/contact\/\" target=\"_self\" aria-label=\"Go to \/contact\/\" rel=\"noopener\"><\/a>\n\t\t<h4>Entretien personnel<\/h4>\t\t\t\n\t\t\t\t<p>Nous r\u00e9pondrons volontiers \u00e0 vos questions par e-mail, t\u00e9l\u00e9phone ou lors d'un entretien personnel. <a href=\"https:\/\/coachingplus.ch\/fr\/contact\/\">Discutez de vos questions !<\/a><\/p>\n\t<a href=\"https:\/\/coachingplus.ch\/fr\/sinscrire\/\" target=\"_self\" aria-label=\"Go to https:\/\/coachingplus.ch\/anmelden\/\" rel=\"noopener\"><\/a>\n\t\t<h4>Convaincu ?!<\/h4>\t\t\t\n<p>Nous vous avons convaincu ? <br \/>Vous pouvez vous inscrire directement ici.<\/p>","protected":false},"excerpt":{"rendered":"<p>Referenzen Selbstmarketing Wer aufh\u00f6rt zu lernen, ist alt. Er mag zwanzig oder achtzig sein. (Henry Ford). Durch individualpsychologische Ans\u00e4tze die eigenen Lebenslinie. Ein eindeutiges Produkt und eine klare Positionierung ist die Basis f\u00fcr das, was Sie tun. Erwarten Sie nicht von anderen, dass sie Ihre Karriere f\u00f6rdern &#8211; nehmen Sie das selbst in die Hand. [&hellip;]<\/p>\n","protected":false},"author":1,"featured_media":0,"parent":0,"menu_order":0,"comment_status":"closed","ping_status":"closed","template":"","meta":{"_seopress_robots_primary_cat":"","_seopress_titles_title":"Referenzen Selbstmarketing Seminar: Die Marke \u00abIch\u00bb entdecken, f\u00f6rdern","_seopress_titles_desc":"Wer heute erfolgreich sein will, muss die Regeln des Selbstmarketings beherrschen. Referenzen des Seminars Selbstmarketing. Wie Teilnehmer es erlebt haben.","_seopress_robots_index":"","site-sidebar-layout":"default","site-content-layout":"","ast-site-content-layout":"default","site-content-style":"default","site-sidebar-style":"default","ast-global-header-display":"","ast-banner-title-visibility":"","ast-main-header-display":"","ast-hfb-above-header-display":"","ast-hfb-below-header-display":"","ast-hfb-mobile-header-display":"","site-post-title":"disabled","ast-breadcrumbs-content":"","ast-featured-img":"","footer-sml-layout":"","ast-disable-related-posts":"","theme-transparent-header-meta":"","adv-header-id-meta":null,"stick-header-meta":null,"header-above-stick-meta":null,"header-main-stick-meta":null,"header-below-stick-meta":null,"astra-migrate-meta-layouts":"default","ast-page-background-enabled":"default","ast-page-background-meta":{"desktop":{"background-color":"","background-image":"","background-repeat":"repeat","background-position":"center center","background-size":"auto","background-attachment":"scroll","background-type":"","background-media":"","overlay-type":"","overlay-color":"","overlay-opacity":"","overlay-gradient":""},"tablet":{"background-color":"","background-image":"","background-repeat":"repeat","background-position":"center center","background-size":"auto","background-attachment":"scroll","background-type":"","background-media":"","overlay-type":"","overlay-color":"","overlay-opacity":"","overlay-gradient":""},"mobile":{"background-color":"","background-image":"","background-repeat":"repeat","background-position":"center center","background-size":"auto","background-attachment":"scroll","background-type":"","background-media":"","overlay-type":"","overlay-color":"","overlay-opacity":"","overlay-gradient":""}},"ast-content-background-meta":{"desktop":{"background-color":"var(--ast-global-color-5)","background-image":"","background-repeat":"repeat","background-position":"center center","background-size":"auto","background-attachment":"scroll","background-type":"","background-media":"","overlay-type":"","overlay-color":"","overlay-opacity":"","overlay-gradient":""},"tablet":{"background-color":"var(--ast-global-color-5)","background-image":"","background-repeat":"repeat","background-position":"center center","background-size":"auto","background-attachment":"scroll","background-type":"","background-media":"","overlay-type":"","overlay-color":"","overlay-opacity":"","overlay-gradient":""},"mobile":{"background-color":"var(--ast-global-color-5)","background-image":"","background-repeat":"repeat","background-position":"center center","background-size":"auto","background-attachment":"scroll","background-type":"","background-media":"","overlay-type":"","overlay-color":"","overlay-opacity":"","overlay-gradient":""}},"iawp_total_views":62,"footnotes":""},"class_list":["post-12860","page","type-page","status-publish","hentry"],"_links":{"self":[{"href":"https:\/\/coachingplus.ch\/fr\/wp-json\/wp\/v2\/pages\/12860","targetHints":{"allow":["GET"]}}],"collection":[{"href":"https:\/\/coachingplus.ch\/fr\/wp-json\/wp\/v2\/pages"}],"about":[{"href":"https:\/\/coachingplus.ch\/fr\/wp-json\/wp\/v2\/types\/page"}],"author":[{"embeddable":true,"href":"https:\/\/coachingplus.ch\/fr\/wp-json\/wp\/v2\/users\/1"}],"replies":[{"embeddable":true,"href":"https:\/\/coachingplus.ch\/fr\/wp-json\/wp\/v2\/comments?post=12860"}],"version-history":[{"count":0,"href":"https:\/\/coachingplus.ch\/fr\/wp-json\/wp\/v2\/pages\/12860\/revisions"}],"wp:attachment":[{"href":"https:\/\/coachingplus.ch\/fr\/wp-json\/wp\/v2\/media?parent=12860"}],"curies":[{"name":"wp","href":"https:\/\/api.w.org\/{rel}","templated":true}]}}