{"id":12852,"date":"2020-11-29T22:31:37","date_gmt":"2020-11-29T21:31:37","guid":{"rendered":"https:\/\/coachingplus.ch\/?page_id=12852"},"modified":"2022-04-26T10:01:25","modified_gmt":"2022-04-26T08:01:25","slug":"references-formation-diplomante","status":"publish","type":"page","link":"https:\/\/coachingplus.ch\/fr\/referenzen-diplomausbildung\/","title":{"rendered":"R\u00e9f\u00e9rences formation dipl\u00f4mante"},"content":{"rendered":"<h1>R\u00e9f\u00e9rences formation dipl\u00f4mante<\/h1>\nCelui qui cesse d'apprendre est vieux. Il peut avoir vingt ou quatre-vingts ans.<br>\n(Henry Ford).\n<p>Extraits R\u00e9f\u00e9rences Formation dipl\u00f4mante<\/p>\n<p>\"De chaque entretien, je retire quelque chose que je peux mettre en pratique au quotidien\",<\/p>\n<p>\"re\u00e7u de nombreuses impulsions pr\u00e9cieuses pour moi-m\u00eame et mon travail de coach\".<\/p>\n<p>\" J'ai eu l'occasion de faire un changement de perspective \" etc.<\/p>\n<p>Apr\u00e8s le <a href=\"https:\/\/coachingplus.ch\/fr\/cursus-de-10-jours-de-coaching\/\">Cette formation de 10 jours sur le coaching appliqu\u00e9<\/a> peut suivre la formation dipl\u00f4mante modulaire et obtenir le titre de \"<a href=\"https:\/\/coachingplus.ch\/fr\/eidg-coaching-final-entreprise-mentor-fa\/\">Coach dipl\u00f4m\u00e9 SCA\" ou \"Mentor d'entreprise f\u00e9d\u00e9ral FA<\/a> peuvent \u00eatre acquises. Les r\u00e9f\u00e9rences ci-dessous se rapportent uniquement \u00e0 la formation dipl\u00f4mante.<\/p>\n<p>&nbsp;<\/p>\n<p>Gr\u00e2ce \u00e0 ce s\u00e9minaire, je dispose d'outils pr\u00e9cieux pour apporter une aide cibl\u00e9e.<\/p>\n<p><strong>Heike Henfling, <\/strong>Vice-pr\u00e9sident RH EMEA, Hewlett Packard, Gen\u00e8ve<\/p>\n<p>&nbsp;<\/p>\n<p>J'ai eu l'occasion d'effectuer un changement de perspective, ce que je consid\u00e8re comme pr\u00e9cieux pour mon propre travail de coaching.<\/p>\n<p><strong>Michael Zimmermann, <\/strong>Formateur d'adultes \/ animateur de cours \/ coach, OTP AG B\u00e2le et Fokus Arbeit Umfeld (FAU), Zurich<\/p>\n<p>&nbsp;<\/p>\n<p>Il est tr\u00e8s utile de vivre des entretiens de coaching en direct et d'apprendre. Je retire de chaque entretien quelque chose que je peux mettre en pratique au quotidien.<\/p>\n<p><strong>Sonja Berger, <\/strong>Coach en nutrition, ParaMediForm, Berthoud<\/p>\n<p>&nbsp;<\/p>\n<p>Mon \"sac \u00e0 dos\" est rempli d'une quantit\u00e9 \u00e9norme d'outils quotidiens. Je peux en utiliser beaucoup dans mon quotidien professionnel.<\/p>\n<p><strong>Barbara Brandes, <\/strong>Responsable de la formation, Santis Training AG, Zurich<\/p>\n<p>&nbsp;<\/p>\n<p>J'ai pu d\u00e9couvrir de nombreux outils passionnants que je peux mettre en \u0153uvre concr\u00e8tement dans ma mission professionnelle et mes entretiens de coaching.<\/p>\n<p><strong>Thomas K\u00fcmmerli, <\/strong>Coach dipl\u00f4m\u00e9 SCA, Oftringen<\/p>\n<p>&nbsp;<\/p>\n<p>En deux jours seulement, on obtient de nombreuses id\u00e9es et de nombreux outils pour aider les individus \u00e0 planifier leur d\u00e9veloppement et leur carri\u00e8re. Ces impulsions et outils sont directement utilisables dans la pratique. Les \u00e9changes au sein du groupe ont \u00e9t\u00e9 tr\u00e8s inspirants.<\/p>\n<p><strong>Manja Rau, <\/strong>HR Talent Management &amp; Leadership Development Expert, Deutsche Bank (Suisse) SA, Gen\u00e8ve<\/p>\n<p>&nbsp;<\/p>\n<p>Les travaux de groupe avec les participants, ont \u00e9t\u00e9 enrichissants.<\/p>\n<p><strong>Ren\u00e9 Marques, <\/strong>Chef d'\u00e9quipe Training &amp; Learning, Swisscom (Suisse) SA, Olten<\/p>\n<p>&nbsp;<\/p>\n<p>J'ai pu \u00e9laborer des bases solides, j'ai re\u00e7u de nombreuses impulsions pr\u00e9cieuses pour moi-m\u00eame et pour mon travail de coach et j'ai re\u00e7u de nombreux outils qui me rendent de bons services dans la pratique.<\/p>\n<p><strong>Thomas Moldovanyi, <\/strong>Coach dipl\u00f4m\u00e9 SCA \/ \u00e9conomiste d'entreprise ES, Winterthur<\/p>\n<p>&nbsp;<\/p>\nLes connaissances peuvent \u00eatre directement int\u00e9gr\u00e9es dans l'environnement de travail quotidien.<br>\n\u00eatre.\n<p><strong>Alex Brunner, <\/strong>Informaticien de gestion dipl\u00f4m\u00e9, ALL Consulting AG, Saint-Gall<\/p>\n<h2>Les meilleures pratiques : Le coaching v\u00e9cu et exp\u00e9riment\u00e9<\/h2>\n<p>Suivre une formation initiale ou continue est une chose. Mettre en pratique les connaissances acquises en est une autre. Nous avons pos\u00e9 la question.<\/p>\n\n<h3><a title=\"Lien vers : Formation initiale et continue et ce que l&#039;on peut en faire par la suite\" href=\"https:\/\/coachingplus.ch\/fr\/meilleures-practices-formation-mentor-entreprise-application\/\">Formation initiale et continue et ce que l'on peut en faire par la suite<\/a><\/h3>\n\n<h3><a title=\"Lien vers : Quelle est la signification du pr\u00e9nom Mentor ?\" href=\"https:\/\/coachingplus.ch\/fr\/signification-de-best-practices-mentor\/\">Quelle est la signification du pr\u00e9nom Mentor ?<\/a><\/h3>\n\n<h3><a title=\"Lien vers : Best Practices Formation de mentor en entreprise : Daniel Stocker\" href=\"https:\/\/coachingplus.ch\/fr\/best-practices-mentor-formation-daniel-stocker\/\">Best Practices Mentor d'entreprise Formation : Daniel Stocker<\/a><\/h3>\n\n<h3><a title=\"Lien vers : Best Practices Coaching Formation : Emanuel Ranieli\" href=\"https:\/\/coachingplus.ch\/fr\/best-practices-la-formation-de-coaching-au-coachingplus-emanuel-ranieli\/\">Best Practices Coaching Formation : Emanuel Ranieli<\/a><\/h3>\n\n<h3><a title=\"Lien vers : Orientation professionnelle : trouver un emploi de mentor en entreprise\" href=\"https:\/\/coachingplus.ch\/fr\/conseil-emploi-que-mentor-entreprise\/\">Orientation professionnelle : Trouver un emploi de mentor en entreprise<\/a><\/h3>\n<h2>\n\t\tAper\u00e7u de la formation Coachingplus\n\t<\/h2>\n\t<a href=\"https:\/\/coachingplus.ch\/fr\/formation-de-coaching\/cursus-de-10-jours-de-coaching\/\" target=\"_self\" rel=\"noopener\"><\/a> \n\t\t\t<h3>Cours de 10 jours sur le coaching appliqu\u00e9<\/h3>\t\t\t\n\t\t\t\t<p>Dipl\u00f4me Certificat<\/p>\n<h3>\n\t\tSupervision\n\t<\/h3>\n<h4>\n\t\tS\u00e9ances d'accompagnement\n\t<\/h4>\n\t<a href=\"https:\/\/coachingplus.ch\/fr\/formation-de-coaching\/supervision-de-groupe\/\" target=\"_self\" rel=\"noopener\"><\/a> \n\t\t\t<h3>Supervision \/ s\u00e9ances d'accompagnement<\/h3>\t\t\t\n\t\t\t\t<p>9 demi-journ\u00e9es<br>pendant min. 6 mois<\/p>\n<h3>\n\t\tModules de perfectionnement\n\t<\/h3>\n<h4>\n\t\tlibrement s\u00e9lectionnable\n\t<\/h4>\n\t<a href=\"https:\/\/coachingplus.ch\/fr\/formation-de-coaching\/formation-diplomante-pour-le-coaching-applique\/#prozess\" target=\"_self\" rel=\"noopener\"><\/a> \n\t\t\t<h3>Comp\u00e9tences d'accompagnement du processus<\/h3>\t\t\t\n\t\t\t\t<p>2 jours<\/p>\n\t<a href=\"https:\/\/coachingplus.ch\/fr\/formation-de-coaching\/formation-diplomante-pour-le-coaching-applique\/#selbstmgmt\" target=\"_self\" rel=\"noopener\"><\/a> \n\t\t\t<h3>Auto-management Auto-marketing<\/h3>\t\t\t\n\t\t\t\t<p>2 jours<\/p>\n\t<a href=\"https:\/\/coachingplus.ch\/fr\/formation-de-coaching\/formation-diplomante-pour-le-coaching-applique\/#teamcoaching\" target=\"_self\" rel=\"noopener\"><\/a> \n\t\t\t<h3>Coaching d'\u00e9quipe<\/h3>\t\t\t\n\t\t\t\t<p>2 jours<\/p>\n\t<a href=\"https:\/\/coachingplus.ch\/fr\/formation-de-coaching\/formation-diplomante-pour-le-coaching-applique\/#laufbahn\" target=\"_self\" rel=\"noopener\"><\/a> \n\t\t\t<h3>Coaching de carri\u00e8re<\/h3>\t\t\t\n\t\t\t\t<p>2 jours<\/p>\n<h3>\n\t\tGPI<sup>\u00ae<\/sup> Coach\n\t<\/h3>\n<h4>\n\t\tModules I+II\n\t<\/h4>\n\t<a href=\"https:\/\/coachingplus.ch\/fr\/formation-de-coaching\/coach-certifie-gpi\/#modul1\" target=\"_self\" rel=\"noopener\"><\/a> \n\t\t\t<h3>GPI<sup>\u00ae<\/sup> Coach I<\/h3>\t\t\t\n\t\t\t\t<p>2 jours<\/p>\n\t<a href=\"https:\/\/coachingplus.ch\/fr\/formation-de-coaching\/coach-certifie-gpi\/#modul2\" target=\"_self\" rel=\"noopener\"><\/a> \n\t\t\t<h3>GPI<sup>\u00ae<\/sup> Coach II<\/h3>\t\t\t\n\t\t\t\t<p>2 jours<\/p>\n\t<a href=\"https:\/\/coachingplus.ch\/fr\/formation-de-coaching\/coach-certifie-gpi-team\/\" target=\"_self\" rel=\"noopener\"><\/a> \n\t\t\t<h3>Dipl\u00f4m\u00e9 <br>GPI<sup>\u00ae<\/sup> Coach de l'\u00e9quipe<\/h3>\t\t\t\n\t\t\t\t<p>audit interne<\/p>\n\t<a href=\"https:\/\/coachingplus.ch\/fr\/formation-de-coaching\/mentor-fa-dipl-coach-sca-dentreprise\/\" target=\"_self\" rel=\"noopener\"><\/a> \n\t\t\t<h3>Mentor* d'entreprise avec brevet f\u00e9d\u00e9ral<\/h3>\t\t\t\n\t\t\t\t<p>coach dipl\u00f4m\u00e9 SCA<\/p>\n\t\t\t\t<img decoding=\"async\" src=\"https:\/\/coachingplus.ch\/wp-content\/uploads\/2020\/08\/favicon.png\" alt=\"favicon\" itemprop=\"image\" height=\"512\" width=\"512\" title=\"favicon\" onerror=\"this.style.display='none'\">\n<h3>\n\t\tLorsqu'il s'agit de formation au coaching en Suisse, Coachingplus est en t\u00eate de liste. Nous sommes le centre de formation le plus fr\u00e9quent\u00e9. Vous souhaitez en savoir plus ?\n\t<\/h3>\n\t<a href=\"https:\/\/coachingplus.ch\/fr\/newsletter\/\" target=\"_self\" rel=\"noopener\"><\/a> \n\t\t<h4>A lire<\/h4>\t\t\t\n\t\t\t\t<p>Nous nous ferons un plaisir de vous informer sur les th\u00e8mes li\u00e9s au coaching et au leadership par le biais de notre newsletter.<\/p>\n\t<a href=\"\/fr\/contact\/\" target=\"_self\" rel=\"noopener\"><\/a> \n\t\t<h4>Entretien personnel<\/h4>\t\t\t\n\t\t\t\t\n\t<a href=\"https:\/\/coachingplus.ch\/fr\/sinscrire\/\" target=\"_self\" rel=\"noopener\"><\/a> \n\t\t<h4>Convaincu ?!<\/h4>\t\t\t\n<p>Nous vous avons convaincu ? <br>Vous pouvez vous inscrire directement ici.<\/p>","protected":false},"excerpt":{"rendered":"<p>Referenzen Diplomausbildung Wer aufh\u00f6rt zu lernen, ist alt. Er mag zwanzig oder achtzig sein. (Henry Ford). Ausz\u00fcge Referenzen Diplomausbildung \u201eAus jedem Gespr\u00e4ch nehme ich etwas mit, was ich im Alltag umsetzen kann.&#8220;, \u201eviele wertvolle Impulse f\u00fcr mich selber und meine Arbeit als Coach erhalten\u201e \u201eIch hatte die Gelegenheit einen Perspektivenwechsel vorzunehmen \u201e etc. Nach dem [&hellip;]<\/p>\n","protected":false},"author":1,"featured_media":0,"parent":0,"menu_order":0,"comment_status":"closed","ping_status":"closed","template":"","meta":{"_seopress_robots_primary_cat":"","_seopress_titles_title":"Referenzen Coachingplus - Diplomausbildung f\u00fcr angewandtes Coaching","_seopress_titles_desc":"Referenzen der Coachingausbildung von Coachingplus aus Branchen wie Bildung, Informatik, Marketing und Verkauf, Personalwesen u.v.a.","_seopress_robots_index":"","site-sidebar-layout":"default","site-content-layout":"","ast-site-content-layout":"default","site-content-style":"default","site-sidebar-style":"default","ast-global-header-display":"","ast-banner-title-visibility":"","ast-main-header-display":"","ast-hfb-above-header-display":"","ast-hfb-below-header-display":"","ast-hfb-mobile-header-display":"","site-post-title":"disabled","ast-breadcrumbs-content":"","ast-featured-img":"","footer-sml-layout":"","ast-disable-related-posts":"","theme-transparent-header-meta":"","adv-header-id-meta":null,"stick-header-meta":null,"header-above-stick-meta":null,"header-main-stick-meta":null,"header-below-stick-meta":null,"astra-migrate-meta-layouts":"default","ast-page-background-enabled":"default","ast-page-background-meta":{"desktop":{"background-color":"","background-image":"","background-repeat":"repeat","background-position":"center center","background-size":"auto","background-attachment":"scroll","background-type":"","background-media":"","overlay-type":"","overlay-color":"","overlay-opacity":"","overlay-gradient":""},"tablet":{"background-color":"","background-image":"","background-repeat":"repeat","background-position":"center center","background-size":"auto","background-attachment":"scroll","background-type":"","background-media":"","overlay-type":"","overlay-color":"","overlay-opacity":"","overlay-gradient":""},"mobile":{"background-color":"","background-image":"","background-repeat":"repeat","background-position":"center center","background-size":"auto","background-attachment":"scroll","background-type":"","background-media":"","overlay-type":"","overlay-color":"","overlay-opacity":"","overlay-gradient":""}},"ast-content-background-meta":{"desktop":{"background-color":"var(--ast-global-color-5)","background-image":"","background-repeat":"repeat","background-position":"center center","background-size":"auto","background-attachment":"scroll","background-type":"","background-media":"","overlay-type":"","overlay-color":"","overlay-opacity":"","overlay-gradient":""},"tablet":{"background-color":"var(--ast-global-color-5)","background-image":"","background-repeat":"repeat","background-position":"center center","background-size":"auto","background-attachment":"scroll","background-type":"","background-media":"","overlay-type":"","overlay-color":"","overlay-opacity":"","overlay-gradient":""},"mobile":{"background-color":"var(--ast-global-color-5)","background-image":"","background-repeat":"repeat","background-position":"center center","background-size":"auto","background-attachment":"scroll","background-type":"","background-media":"","overlay-type":"","overlay-color":"","overlay-opacity":"","overlay-gradient":""}},"iawp_total_views":35,"footnotes":""},"class_list":["post-12852","page","type-page","status-publish","hentry"],"_links":{"self":[{"href":"https:\/\/coachingplus.ch\/fr\/wp-json\/wp\/v2\/pages\/12852","targetHints":{"allow":["GET"]}}],"collection":[{"href":"https:\/\/coachingplus.ch\/fr\/wp-json\/wp\/v2\/pages"}],"about":[{"href":"https:\/\/coachingplus.ch\/fr\/wp-json\/wp\/v2\/types\/page"}],"author":[{"embeddable":true,"href":"https:\/\/coachingplus.ch\/fr\/wp-json\/wp\/v2\/users\/1"}],"replies":[{"embeddable":true,"href":"https:\/\/coachingplus.ch\/fr\/wp-json\/wp\/v2\/comments?post=12852"}],"version-history":[{"count":1,"href":"https:\/\/coachingplus.ch\/fr\/wp-json\/wp\/v2\/pages\/12852\/revisions"}],"predecessor-version":[{"id":15086,"href":"https:\/\/coachingplus.ch\/fr\/wp-json\/wp\/v2\/pages\/12852\/revisions\/15086"}],"wp:attachment":[{"href":"https:\/\/coachingplus.ch\/fr\/wp-json\/wp\/v2\/media?parent=12852"}],"curies":[{"name":"wp","href":"https:\/\/api.w.org\/{rel}","templated":true}]}}