{"id":12851,"date":"2020-11-29T22:31:37","date_gmt":"2020-11-29T21:31:37","guid":{"rendered":"https:\/\/coachingplus.ch\/?page_id=12851"},"modified":"2021-08-10T14:54:23","modified_gmt":"2021-08-10T12:54:23","slug":"references-diverses","status":"publish","type":"page","link":"https:\/\/coachingplus.ch\/fr\/referenzen-diverse\/","title":{"rendered":"R\u00e9f\u00e9rences diverses"},"content":{"rendered":"<h1>R\u00e9f\u00e9rences diverses<\/h1>\nLa cl\u00e9 du succ\u00e8s, ce ne sont pas les informations. Ce sont les personnes.<br \/>\n(Lee Iacocca)\n<p>Le coaching vise \u00e0 encourager les gens. Lors d'entretiens de conseil, les personnes en qu\u00eate de conseils d\u00e9couvrent de nouvelles perspectives et possibilit\u00e9s pour leur vie. Le coaching signifie \u00e9galement pouvoir mieux reconna\u00eetre et classer ses propres actions et pens\u00e9es ainsi que celles des autres. Le cursus de coaching appliqu\u00e9 aide \u00e0 identifier les points forts, \u00e0 vivre plus sereinement et \u00e0 bien se comporter avec soi-m\u00eame et les autres. Il encourage, met en \u00e9vidence les m\u00e9canismes interpersonnels et aide ainsi \u00e0 pouvoir r\u00e9agir correctement dans des situations de conflit.<\/p>\n<p>J'ai re\u00e7u et utilis\u00e9 de nombreux outils utiles, j'ai pu constater leurs effets et je me sens encourag\u00e9e et habilit\u00e9e \u00e0 mener des entretiens de coaching. J'ai d\u00e9j\u00e0 suivi de nombreuses formations et je n'ai jamais pu en retirer autant ! Merci beaucoup.<\/p>\n<p><strong>Anita Furrer, <\/strong>Dietikon<\/p>\n<p>&nbsp;<\/p>\n<p>La participation \u00e0 ce cours a renforc\u00e9 ma confiance en moi. Ce que j'ai appris est facile \u00e0 mettre en pratique et me renforce, ainsi que mes \"proches\" !<\/p>\n<p><strong>D. Ciccone, <\/strong>Assistante de projet, Embrach<\/p>\n<p>&nbsp;<\/p>\n<p>C'est l'une des meilleures d\u00e9cisions que j'ai prises dans ma vie. Ce programme d'\u00e9tudes a \u00e9t\u00e9 tr\u00e8s sp\u00e9cial pour moi (ch\u00e9rie). Il m'a ouvert des portes que je n'avais pas vues auparavant. La s\u00e9r\u00e9nit\u00e9 et l'\u00e9galit\u00e9 sont devenues partie int\u00e9grante de ma vie.<\/p>\n\n<p>&nbsp;<\/p>\n<p>Le contenu est tr\u00e8s proche de la r\u00e9alit\u00e9 et peut \u00eatre mis en pratique d\u00e8s le lendemain. L'ambiance \u00e9tait super !<\/p>\n<p><strong>Stefanie Urech, <\/strong>Aarau<\/p>\n<p>&nbsp;<\/p>\n<p>Les sujets \u00e9taient tir\u00e9s de la vie quotidienne. J'ai eu de nombreuses r\u00e9v\u00e9lations. Je le recommande vivement.<\/p>\n<p><strong>Gery Zaugg, <\/strong>Vendeur d'articles de sport \/ formateur, Berger Schuhe und Sport, Konolfingen<\/p>\n<p>&nbsp;<\/p>\n<p>Mes \"antennes\" pour une meilleure connaissance et compr\u00e9hension des personnes ont \u00e9t\u00e9 aiguis\u00e9es. Les comp\u00e9tences de coaching acquises sont orient\u00e9es vers la pratique et imm\u00e9diatement applicables. Elles ont \u00e9t\u00e9 transmises de mani\u00e8re claire.<\/p>\n<p><strong>Corinne Zimmer, <\/strong>Professeur de yoga \/ responsable de projet, DE-Efringen-Kirchen<\/p>\n<p>&nbsp;<\/p>\n<p>Je peux appliquer dans n'importe quel contexte le fait de savoir aider les gens \u00e0 trouver des r\u00e9ponses gr\u00e2ce \u00e0 de bonnes questions utiles. Les outils me sont d'une grande aide, et pas seulement lors des \"entretiens de coaching officiels\".<\/p>\n<p><strong>Lisette Carabin, <\/strong>Responsable de secteur, Aarau<\/p>\n<p>&nbsp;<\/p>\n<p>Coachingplus additionne les forces des personnes. Le r\u00e9sultat est l'\u00e9quivalence. La solution est tr\u00e8s simple. Elle se trouve dans l'autre. Et donc toujours en moi-m\u00eame.<\/p>\n<p><strong>Susan M\u00fcller, <\/strong>Libraire et directrice d'aleph &amp; tau AG, Sch\u00f6ftland<\/p>\n<p>&nbsp;<\/p>\n<p>J'ai pris conscience que chaque personne a sa propre vitesse et qu'il faut pour cela 100% d'engagement. J'aborde mon interlocuteur avec cette prise de conscience.<\/p>\n<p><strong>Tanja Laubacher, <\/strong>Pf\u00e4ffikon ZH<\/p>\n<p>&nbsp;<\/p>\n<p>J'ai re\u00e7u beaucoup d'impulsions pour mes activit\u00e9s.<\/p>\n<p><strong>Peter Ruprecht, <\/strong>Ind\u00e9pendant, Glattbrugg<\/p>\n<p>&nbsp;<\/p>\n<p>J'ai soigneusement \u00e9valu\u00e9 cette formation au pr\u00e9alable et je n'ai pas \u00e9t\u00e9 d\u00e9\u00e7ue. Les recommandations \u00e9taient positives et correspondent d\u00e9sormais \u00e0 mon exp\u00e9rience. J'ai re\u00e7u des impulsions et des encouragements pr\u00e9cieux pour ma (r\u00e9)orientation professionnelle.<\/p>\n<p><strong>R\u00e9gine Finschi, <\/strong>m\u00e8re de famille, Kilchberg<\/p>\n<p>&nbsp;<\/p>\n<p>J'ai re\u00e7u de pr\u00e9cieux outils et informations pour mieux accompagner les adolescents dans mon travail d'animatrice.<\/p>\n<p><strong>Jda Kaspar, <\/strong>Prise en charge d'enfants plac\u00e9s, Grabs<\/p>\n<p>&nbsp;<\/p>\n<p>En tant que retrait\u00e9, j'ai trouv\u00e9 l'environnement des participants, parfois beaucoup plus jeunes, totalement motivant et enrichissant. J'ai constat\u00e9 une fois de plus : L'exp\u00e9rience de la vie est une valeur essentielle, mais un cours comme celui-ci, de par sa proximit\u00e9 avec la pratique, apporte une grande valeur ajout\u00e9e, m\u00eame aux \"seniors\", gr\u00e2ce \u00e0 de nombreuses impulsions pr\u00e9cieuses et \u00e0 une multitude de contenus. J'ai appris \u00e0 me conna\u00eetre encore mieux et \u00e0 percevoir plus consciemment le potentiel existant chez l'\u00eatre humain et \u00e0 l'encourager dans cette voie.<\/p>\n<p><strong>Peter Rambold, <\/strong>Retrait\u00e9, Wetzikon<\/p>\n<p>&nbsp;<\/p>\n<p>J'ai rempli mon sac \u00e0 dos de nombreux nouveaux outils int\u00e9ressants. Que j'utiliserai volontiers dans ma vie de tous les jours (priv\u00e9e\/professionnelle).<\/p>\n<p><strong>Beatrice Ineichen, <\/strong>Directeur des achats, Synthes Mezzovico GmbH, Mezzovico<\/p>\n<p>&nbsp;<\/p>\n<p>En plus d'un apprentissage ludique et vivant, le cursus \u00e9tait port\u00e9 par l'estime mutuelle, la confiance et l'humour. Il en est r\u00e9sult\u00e9 un merveilleux sentiment de communaut\u00e9. Merci beaucoup.<\/p>\n<p><strong>Heidi von Allmen, <\/strong>Artiste, Atelier Paint.Point, G\u00fcmligen<\/p>\n<p>&nbsp;<\/p>\n<p>Le programme d'\u00e9tudes a \u00e9t\u00e9 un atout. J'ai re\u00e7u beaucoup d'outils et d'inputs.<\/p>\n<p><strong>Silvia Wegm\u00fcller, <\/strong>Responsable d'exploitation en intendance HBL ES, H\u00f4pital universitaire de Zurich, Zurich<\/p>\n<p>&nbsp;<\/p>\n<p>Conna\u00eetre les bonnes questions au lieu de donner des conseils (non souhait\u00e9s).<\/p>\n<p><strong>Caroline L\u00fcthi, <\/strong>Mentor au centre de formation professionnelle, Schottikon<\/p>\n<p>&nbsp;<\/p>\n<p>J'ai pu mener avec succ\u00e8s un entretien d'\u00e9valuation difficile. Les m\u00e9thodes enseign\u00e9es fonctionnent !<\/p>\n<p><strong>Ursula Nyfeler, <\/strong>Responsable de l'intendance, Bachenb\u00fclach<\/p>\n<p>&nbsp;<\/p>\n<p>Gr\u00e2ce \u00e0 ce cours, j'ai appris \u00e0 mieux conna\u00eetre ma personnalit\u00e9, ce qui a beaucoup renforc\u00e9 ma confiance en moi.<\/p>\n<p><strong>Ruth Ryser, <\/strong>Boulanger-p\u00e2tissier, Landiswil<\/p>\n<p>&nbsp;<\/p>\n<p>J'en ai tir\u00e9 un b\u00e9n\u00e9fice personnel ! Je suis devenue plus courageuse, plus s\u00fbre de moi, je peux mieux accepter et comprendre ma personnalit\u00e9.<\/p>\n<p><strong>Magi Schmid, <\/strong>Femme au foyer \/ MPA, Steinhausen<\/p>\n<p>&nbsp;<\/p>\n<p>J'ai appris \u00e0 mieux me conna\u00eetre et \u00e0 mieux me comprendre, ainsi que mes coll\u00e8gues et collaborateurs. Je comprends pourquoi il peut y avoir diff\u00e9rentes r\u00e9actions \u00e0 certaines actions.<\/p>\n<p><strong>Christin Weinschenk, <\/strong>Responsable de secteur, Vebego AG, Dietikon<\/p>\n<p>&nbsp;<\/p>\n<p>Le cursus de coaching appliqu\u00e9 m'aide dans ma vie priv\u00e9e et professionnelle. Utile pour mieux comprendre les gens et les faire progresser.<\/p>\n<p><strong>Nicole Kronenberg, <\/strong>Hypnoth\u00e9rapeute, Zoug<\/p>\n<p>&nbsp;<\/p>\n<p>C'est moi qui en profite le plus personnellement.<\/p>\n<p><strong>Yasemin Menzi, <\/strong>Glaris<\/p>\n<p>&nbsp;<\/p>\n<p>Constructif - encourageant - stimulant - instructif - qui fait avancer !<\/p>\n<p><strong>Rachel Walther-Gut, <\/strong>m\u00e8re de famille, R\u00fceggisberg<\/p>\n<p>&nbsp;<\/p>\n\n\n<p>&nbsp;<\/p>\n<p>J'ai pu renforcer \u00e9norm\u00e9ment mon estime de soi. Merci Urs pour cette exp\u00e9rience.<\/p>\n<p><strong>Daniela Reck de Buhr, <\/strong>Zurich<\/p>\n<p>&nbsp;<\/p>\n<p>Encourager, valoriser, construire. Obtenir des outils imm\u00e9diatement applicables et efficaces.<\/p>\n<p><strong>Isabel Stauffer, <\/strong>Attiswil<\/p>\n<p>&nbsp;<\/p>\n<p>Le cours m'a \u00e9norm\u00e9ment fait progresser et m'a permis de mettre \u00e0 jour des comp\u00e9tences \"enfouies\". J'ai appris \u00e9norm\u00e9ment de choses avec humour et plaisir. Je le recommande vivement \u00e0 tous ceux qui veulent se confronter \u00e0 eux-m\u00eames et aux autres.<\/p>\n\n<p>&nbsp;<\/p>\n<p>Obtenir une bonne compr\u00e9hension pour accompagner et coacher les gens.<\/p>\n<p><strong>Johannes Rupp, <\/strong>Agriculteur, Gr\u00fcsch<\/p>\n<p>&nbsp;<\/p>\n<p>Une bonne r\u00e9flexion sur soi-m\u00eame (autor\u00e9flexion). De bonnes connaissances pr\u00e9cieuses qui peuvent \u00eatre appliqu\u00e9es de mani\u00e8re pratique.<\/p>\n<p><strong>Jacqueline Hausamann, <\/strong>designer \/ entrepreneur, Profilex AG, Zurich<\/p>\n<p>&nbsp;<\/p>\n<p>Un grand pas en avant ! Le \"cours avec Urs\" a valu chaque franc.<\/p>\n<p><strong>Thomas Muhr, <\/strong>B\u00e2le<\/p>\n<p>&nbsp;<\/p>\n<p>Obtenir le courage d'aborder consciemment de nouvelles \u00e9tapes<\/p>\n<p><strong>Stefan von K\u00e4nel, <\/strong>Unterseen<\/p>\n<p>&nbsp;<\/p>\n<p>J'ai approfondi ma r\u00e9flexion sur moi-m\u00eame et sur mon prochain. Je me r\u00e9jouis d'appliquer les connaissances et les comp\u00e9tences acquises.<\/p>\n<p><strong>Manuela M\u00fchlemann,<\/strong> Berne<\/p>\n<p>&nbsp;<\/p>\n<p>Je constate que je suis plus d\u00e9tendue et plus bienveillante envers les autres mailles, mais aussi envers moi-m\u00eame, au quotidien. Des exp\u00e9riences AHA se produisent r\u00e9guli\u00e8rement.<\/p>\n\n<p>&nbsp;<\/p>\n<p>Le haut niveau d'autor\u00e9flexion d\u00e9clench\u00e9 par la formation m'a fait beaucoup progresser. Le programme d'\u00e9tudes - de la vie - pour la vie !<\/p>\n\n<p>&nbsp;<\/p>\n<p>J'ai re\u00e7u beaucoup de bons outils et j'ai appris beaucoup de choses sur moi-m\u00eame.<\/p>\n\n<p>&nbsp;<\/p>\n<p>C'est un grand plaisir de voir les effets positifs du cours et les r\u00e9sultats obtenus apr\u00e8s quelques semaines.<\/p>\n\n<p>&nbsp;<\/p>\n<p>Je comprends mieux les personnes qui m'entourent. Je peux appliquer beaucoup de choses dans mon activit\u00e9 de conseiller, ce qui est un avantage pour mes clients.<\/p>\n<p><strong>Yvonne Meile, <\/strong>M\u00e8re de famille \/ Conseill\u00e8re Davis<\/p>\n<p>&nbsp;<\/p>\n<p>J'ai r\u00e9ussi \u00e0 r\u00e9fl\u00e9chir sur moi-m\u00eame et je me r\u00e9jouis \u00e9norm\u00e9ment de pouvoir agir en tant qu'\"encourageur\".<\/p>\n<p><strong>Sabine Kleiner, <\/strong>Maisons foresti\u00e8res<\/p>\n<p>&nbsp;<\/p>\n<p>Ces dix jours m'ont permis d'apprendre beaucoup de choses sur moi-m\u00eame et sur mon entourage. La compr\u00e9hension des diff\u00e9rents types est d\u00e9sormais acquise. Un must pour tous ceux qui ont affaire \u00e0 des gens !<\/p>\n<p><strong>Oscar Diaz, <\/strong>Lengnau<\/p>\n<p>&nbsp;<\/p>\n<p>Tr\u00e8s bien applicable pour mon d\u00e9veloppement professionnel. Grand avantage pour les employ\u00e9s et les employeurs. Elargit l'horizon personnel et donne de nouvelles id\u00e9es.<\/p>\n<p><strong>Donato Dorrizi, <\/strong>Kloten<\/p>\n<p>&nbsp;<\/p>\n<p>Toute personne travaillant avec des gens profite de ce cours. Il clarifie et montre des mod\u00e8les et aide \u00e0 mieux faire face aux situations.<\/p>\n<p><strong>Stefanie, <\/strong>Optam\u00e9triste, Zurich<\/p>\n<p>&nbsp;<\/p>\n<p>La compr\u00e9hension du fait que chaque individu a ses propres sch\u00e9mas de pens\u00e9e, je n'en avais pas conscience de cette mani\u00e8re. Maintenant, oui.<\/p>\n<p><strong>Melina Mujic, <\/strong>Saint-Gall<\/p>\n<p>&nbsp;<\/p>\n<p>Le cours offre un espace-temps permettant de se pencher intensivement sur sa personnalit\u00e9, son style de vie ou ses objectifs et de d\u00e9passer ses limites en dialoguant avec les autres. Car celui qui se conna\u00eet coache diff\u00e9remment.<\/p>\n\n<p>&nbsp;<\/p>\n<p>Le contenu du cours a \u00e9t\u00e9 transmis de mani\u00e8re tr\u00e8s vari\u00e9e et attrayante. Les outils propos\u00e9s sont tr\u00e8s utiles et sophistiqu\u00e9s et viennent couronner un cours d\u00e9j\u00e0 recommand\u00e9 par ailleurs.<\/p>\n<p><strong>Sami Eldaour, <\/strong>Weinfelden<\/p>\n<p>&nbsp;<\/p>\n<p>Le cursus m'a donn\u00e9 de pr\u00e9cieuses indications pour reconna\u00eetre mes points forts et les utiliser de mani\u00e8re cibl\u00e9e. L'autor\u00e9flexion a jou\u00e9 un r\u00f4le d\u00e9cisif pour moi. La formation m'a rendu plus fort et m'a aid\u00e9 \u00e0 franchir de nouvelles \u00e9tapes (courageuses).<\/p>\n<p><strong>Thierry Oppliger, <\/strong>Pieterlen<\/p>\n<p>&nbsp;<\/p>\n<p>J'ai non seulement acquis beaucoup de connaissances, mais j'ai aussi fait de pr\u00e9cieuses exp\u00e9riences pratiques. En outre, j'ai re\u00e7u beaucoup d'encouragements.<\/p>\n\n<p>&nbsp;<\/p>\n<p>Les outils de coaching sont ax\u00e9s sur la pratique et imm\u00e9diatement utilisables. Le cours est bien dos\u00e9 et id\u00e9al en termes de longueur et de contenu.<\/p>\n<p><strong>Thomas Schneider, <\/strong>Kloten<\/p>\n<p>&nbsp;<\/p>\n<p>R\u00e9flexion et v\u00e9rification de nouveaux mod\u00e8les pour mon travail.<\/p>\n\n<p>&nbsp;<\/p>\n<p>Le programme d'\u00e9tudes m'a apport\u00e9 une plus-value personnelle. Beaucoup de bons outils et des gens formidables.<\/p>\n\n<p>&nbsp;<\/p>\n<p>J'ai eu beaucoup d'exp\u00e9riences AHA : Connaissance de moi-m\u00eame. Je suis motiv\u00e9 pour coacher mon entourage avec le d\u00e9sir de leur permettre de vivre ces exp\u00e9riences AHA. J'ai progress\u00e9 personnellement.<\/p>\n\n<p>&nbsp;<\/p>\n<p>J'ai appris beaucoup de choses sur moi-m\u00eame et sur les autres. J'avance dans la vie avec plus de s\u00e9r\u00e9nit\u00e9 et je sais que si on le veut, on peut presque tout faire. L'avantage personnel que j'en retire est que je sais o\u00f9 je me situe dans la vie.<\/p>\n\n<p>&nbsp;<\/p>\n<p>Encouragement, \u00e9quivalence, ressources, entretien relationnel. Ces bases th\u00e9oriques nous ont \u00e9t\u00e9 pr\u00e9sent\u00e9es de mani\u00e8re pratique. Cela m'a inspir\u00e9e.<\/p>\n\n<p>&nbsp;<\/p>\n<p>L'authenticit\u00e9, l'estime, l'encouragement et le d\u00e9veloppement sont v\u00e9cus dans cette formation et ne sont pas seulement enseign\u00e9s de mani\u00e8re th\u00e9orique. C'\u00e9tait tr\u00e8s enrichissant, passionnant et \u00e0 recommander \u00e0 tous ceux qui veulent faire un pas en avant.<\/p>\n<p><strong>Patrizia Calabrese, <\/strong>Bienne<\/p>\n<p>&nbsp;<\/p>\n<p>Le cours m'a permis d'acqu\u00e9rir des connaissances de base. Il m'a donn\u00e9 les outils n\u00e9cessaires pour travailler en tant que coach. Il m'a expliqu\u00e9 la structure d'un processus de coaching.<\/p>\n<p><strong>Sandra Recio, <\/strong>Historienne de l'art et galeriste, Studio Sandra Recio, Zurich<\/p>\n<p>&nbsp;<\/p>\n<p>Ma confiance en moi a \u00e9t\u00e9 renforc\u00e9e et j'ai re\u00e7u beaucoup d'outils. J'ai fait le plein d'\u00e9nergie.<\/p>\n<p><strong>L. Allg\u00e4uer, <\/strong>Weggis<\/p>\n<p>&nbsp;<\/p>\n<p>D\u00e8s le premier jour d'\u00e9tude, j'ai pu mettre en pratique ce que j'avais appris. En dix jours seulement, tu as chang\u00e9 et tu laisses aussi des traces dans ton entourage. Liselotte Breyer,<\/p>\n<p><strong>Auteur , <\/strong>Berne<\/p>\n<p>&nbsp;<\/p>\n<p>Le cours m'a beaucoup plu. Urs a su transmettre le contenu de mani\u00e8re int\u00e9ressante. Je peux int\u00e9grer de nombreux points directement dans mon travail.<\/p>\n<p><strong>Philipp Smolarz, <\/strong>Jonschwil<\/p>\n<p>&nbsp;<\/p>\n<p>J'ai beaucoup appris sur moi-m\u00eame et je comprends mieux mon entourage. Ceci avec un clin d'\u0153il.<\/p>\n<p><strong>Bruno Siegenthaler, <\/strong>Winterthur<\/p>\n<p>&nbsp;<\/p>\n<p>Un cursus totalement passionnant pour tous ceux qui sont pr\u00eats \u00e0 se confronter \u00e0 eux-m\u00eames et \u00e0 soutenir leur entourage sur leur chemin.<\/p>\n<p><strong>Sibylle Michel, <\/strong>Zurich<\/p>\n<p>&nbsp;<\/p>\n<p>J'ai pris conscience de l'int\u00e9r\u00eat d'apprendre \u00e0 mieux me conna\u00eetre et \u00e0 mieux conna\u00eetre mes interlocuteurs. Je suis impatiente de pouvoir mettre en pratique ce que j'ai appris.<\/p>\n<p><strong>Eva Bichsel, <\/strong>Uetendorf<\/p>\n<p>&nbsp;<\/p>\n<p>J'ai appris des bases solides en psychologie individuelle et en coaching appliqu\u00e9. Je retiendrai en particulier l'attitude encourageante et positive avec laquelle je travaille en tant que coach.<\/p>\n<p><strong>Urban Z\u00f6llig, <\/strong>Saint-Gall<\/p>\n<p>&nbsp;<\/p>\n<p>Apprendre des outils de coaching imm\u00e9diatement utilisables et les appliquer en groupe. Un cursus qui offre quelque chose \u00e0 toute personne int\u00e9ress\u00e9e.<\/p>\n<p><strong>Peter B\u00fcrgin, <\/strong>Schaffhouse<\/p>\n<p>&nbsp;<\/p>\n<p>M\u00e9lange vari\u00e9 de th\u00e9orie et de pratique. Attitude optimiste et vision positive de l'\u00eatre humain.<\/p>\n<p><strong>Jackie Rufener, <\/strong>D\u00fcbendorf<\/p>\n<p>&nbsp;<\/p>\n<p>J'ai appris \u00e0 mieux me conna\u00eetre et \u00e0 mieux conna\u00eetre mes comp\u00e9tences. De grandes connaissances ont \u00e9t\u00e9 transmises de mani\u00e8re professionnelle. Peut-\u00eatre bient\u00f4t : Timeout \u00e0 la ferme.<\/p>\n<p><strong>Doris Pfister, <\/strong>Freienstein<\/p>\n<p>&nbsp;<\/p>\n<p>Je peux utiliser ce que j'ai appris dans le cadre de mes \u00e9tudes dans ma vie priv\u00e9e et professionnelle.<\/p>\n<p><strong>Sonja Schl\u00e4pfer, <\/strong>Expert en chef, Nassen<\/p>\n<p>&nbsp;<\/p>\n<p>Merci de tout c\u0153ur pour ce grand b\u00e9n\u00e9fice dans ma vie.<\/p>\n\n<p>&nbsp;<\/p>\n<p>C'est plus que du coaching. Les th\u00e8mes abord\u00e9s et les connaissances acquises sont un atout pour toute la vie.<\/p>\n<p><strong>Ravi Prakash, <\/strong>Bachenb\u00fclach<\/p>\n<h2>\n\t\tAper\u00e7u de la formation Coachingplus\n\t<\/h2>\n\t<a href=\"https:\/\/coachingplus.ch\/fr\/formation-de-coaching\/cursus-de-10-jours-de-coaching\/\" target=\"_self\" rel=\"noopener\"><\/a> \n\t\t\t<h3>Cours de 10 jours sur le coaching appliqu\u00e9<\/h3>\t\t\t\n\t\t\t\t<p>Dipl\u00f4me Certificat<\/p>\n<h3>\n\t\tSessions de r\u00e9flexion\n\t<\/h3>\n<h4>\n\t\tConstruire\n\t<\/h4>\n\t<a href=\"https:\/\/coachingplus.ch\/fr\/formation-de-coaching\/supervision-de-groupe\/\" target=\"_self\" rel=\"noopener\"><\/a> \n\t\t\t<h3>Sessions de r\u00e9flexion<\/h3>\t\t\t\n\t\t\t\t<p>9 demi-journ\u00e9es<br \/>pendant min. 6 mois<\/p>\n<h3>\n\t\tModules de perfectionnement\n\t<\/h3>\n<h4>\n\t\tlibrement s\u00e9lectionnable\n\t<\/h4>\n\t<a href=\"https:\/\/coachingplus.ch\/fr\/formation-de-coaching\/formation-diplomante-pour-le-coaching-applique\/#prozess\" target=\"_self\" rel=\"noopener\"><\/a> \n\t\t\t<h3>Comp\u00e9tences d'accompagnement du processus<\/h3>\t\t\t\n\t\t\t\t<p>2 jours<\/p>\n\t<a href=\"https:\/\/coachingplus.ch\/fr\/formation-de-coaching\/formation-diplomante-pour-le-coaching-applique\/#selbstmgmt\" target=\"_self\" rel=\"noopener\"><\/a> \n\t\t\t<h3>Auto-management Auto-marketing<\/h3>\t\t\t\n\t\t\t\t<p>2 jours<\/p>\n\t<a href=\"https:\/\/coachingplus.ch\/fr\/formation-de-coaching\/formation-diplomante-pour-le-coaching-applique\/#teamcoaching\" target=\"_self\" rel=\"noopener\"><\/a> \n\t\t\t<h3>Coaching d'\u00e9quipe<\/h3>\t\t\t\n\t\t\t\t<p>2 jours<\/p>\n\t<a href=\"https:\/\/coachingplus.ch\/fr\/formation-de-coaching\/formation-diplomante-pour-le-coaching-applique\/#laufbahn\" target=\"_self\" rel=\"noopener\"><\/a> \n\t\t\t<h3>Coaching de carri\u00e8re<\/h3>\t\t\t\n\t\t\t\t<p>2 jours<\/p>\n<h3>\n\t\tGPI<sup>\u00ae<\/sup> Coach\n\t<\/h3>\n<h4>\n\t\tModules I+II\n\t<\/h4>\n\t<a href=\"https:\/\/coachingplus.ch\/fr\/formation-de-coaching\/coach-certifie-gpi\/#modul1\" target=\"_self\" rel=\"noopener\"><\/a> \n\t\t\t<h3>GPI<sup>\u00ae<\/sup> Coach I<\/h3>\t\t\t\n\t\t\t\t<p>2 jours<\/p>\n\t<a href=\"https:\/\/coachingplus.ch\/fr\/formation-de-coaching\/coach-certifie-gpi\/#modul2\" target=\"_self\" rel=\"noopener\"><\/a> \n\t\t\t<h3>GPI<sup>\u00ae<\/sup> Coach II<\/h3>\t\t\t\n\t\t\t\t<p>2 jours<\/p>\n\t<a href=\"https:\/\/coachingplus.ch\/fr\/formation-de-coaching\/coach-certifie-gpi-team\/\" target=\"_self\" rel=\"noopener\"><\/a> \n\t\t\t<h3>Dipl\u00f4m\u00e9 <br \/>GPI<sup>\u00ae<\/sup> Coach de l'\u00e9quipe<\/h3>\t\t\t\n\t\t\t\t<p>audit interne<\/p>\n\t<a href=\"https:\/\/coachingplus.ch\/fr\/formation-de-coaching\/mentor-fa-dipl-coach-sca-dentreprise\/\" target=\"_self\" rel=\"noopener\"><\/a> \n\t\t\t<h3>Mentor* d'entreprise avec brevet f\u00e9d\u00e9ral<\/h3>\t\t\t\n\t\t\t\t<p>coach dipl\u00f4m\u00e9 SCA<\/p>\n\t\t\t\t<img decoding=\"async\" src=\"https:\/\/coachingplus.ch\/wp-content\/uploads\/2020\/08\/favicon.png\" alt=\"favicon\" itemprop=\"image\" height=\"512\" width=\"512\" title=\"favicon\" onerror=\"this.style.display='none'\"  \/>\n<h3>\n\t\tLorsqu'il s'agit de formation au coaching en Suisse, Coachingplus est en t\u00eate de liste. Nous sommes le centre de formation le plus fr\u00e9quent\u00e9. Vous souhaitez en savoir plus ?\n\t<\/h3>\n\t<a href=\"https:\/\/coachingplus.ch\/fr\/newsletter\/\" target=\"_self\" rel=\"noopener\"><\/a> \n\t\t<h4>A lire<\/h4>\t\t\t\n\t\t\t\t<p>Nous nous ferons un plaisir de vous informer sur les th\u00e8mes li\u00e9s au coaching et au leadership par le biais de notre newsletter.<\/p>\n\t<a href=\"\/fr\/contact\/\" target=\"_self\" rel=\"noopener\"><\/a> \n\t\t<h4>Entretien personnel<\/h4>\t\t\t\n\t\t\t\t\n\t<a href=\"https:\/\/coachingplus.ch\/fr\/sinscrire\/\" target=\"_self\" rel=\"noopener\"><\/a> \n\t\t<h4>Convaincu ?!<\/h4>\t\t\t\n<p>Nous vous avons convaincu ? <br \/>Vous pouvez vous inscrire directement ici.<\/p>","protected":false},"excerpt":{"rendered":"<p>Referenzen Diverse Der Schl\u00fcssel zum Erfolg sind nicht Informationen. Das sind Menschen. (Lee Iacocca) Coaching will Menschen f\u00f6rdern. In Beratungsgespr\u00e4chen erkennen Ratsuchende neue Perspektiven und M\u00f6glichkeiten f\u00fcr ihr Leben. Coaching bedeutet auch, eigenes und fremdes Handeln und Denken besser\u00a0 erkennen und einordnen zu k\u00f6nnen. Der Studiengang f\u00fcr angewandtes Coaching hilft,\u00a0 St\u00e4rken zu erkennen, mehr Gelassenheit [&hellip;]<\/p>\n","protected":false},"author":1,"featured_media":0,"parent":0,"menu_order":0,"comment_status":"closed","ping_status":"closed","template":"","meta":{"_seopress_robots_primary_cat":"","_seopress_titles_title":"Referenzen diverse: Schrittweise Erweiterung der Selbstwahrnehmung","_seopress_titles_desc":"Coaching will Menschen f\u00f6rdern. Der Studiengang f\u00fcr angewandtes Coaching hilft, die eigenen St\u00e4rken zu erkennen, mehr Gelassenheit zu leben u.v.m.","_seopress_robots_index":"","site-sidebar-layout":"default","site-content-layout":"","ast-site-content-layout":"default","site-content-style":"default","site-sidebar-style":"default","ast-global-header-display":"","ast-banner-title-visibility":"","ast-main-header-display":"","ast-hfb-above-header-display":"","ast-hfb-below-header-display":"","ast-hfb-mobile-header-display":"","site-post-title":"disabled","ast-breadcrumbs-content":"","ast-featured-img":"","footer-sml-layout":"","ast-disable-related-posts":"","theme-transparent-header-meta":"","adv-header-id-meta":null,"stick-header-meta":null,"header-above-stick-meta":null,"header-main-stick-meta":null,"header-below-stick-meta":null,"astra-migrate-meta-layouts":"default","ast-page-background-enabled":"default","ast-page-background-meta":{"desktop":{"background-color":"","background-image":"","background-repeat":"repeat","background-position":"center center","background-size":"auto","background-attachment":"scroll","background-type":"","background-media":"","overlay-type":"","overlay-color":"","overlay-opacity":"","overlay-gradient":""},"tablet":{"background-color":"","background-image":"","background-repeat":"repeat","background-position":"center center","background-size":"auto","background-attachment":"scroll","background-type":"","background-media":"","overlay-type":"","overlay-color":"","overlay-opacity":"","overlay-gradient":""},"mobile":{"background-color":"","background-image":"","background-repeat":"repeat","background-position":"center center","background-size":"auto","background-attachment":"scroll","background-type":"","background-media":"","overlay-type":"","overlay-color":"","overlay-opacity":"","overlay-gradient":""}},"ast-content-background-meta":{"desktop":{"background-color":"var(--ast-global-color-5)","background-image":"","background-repeat":"repeat","background-position":"center center","background-size":"auto","background-attachment":"scroll","background-type":"","background-media":"","overlay-type":"","overlay-color":"","overlay-opacity":"","overlay-gradient":""},"tablet":{"background-color":"var(--ast-global-color-5)","background-image":"","background-repeat":"repeat","background-position":"center center","background-size":"auto","background-attachment":"scroll","background-type":"","background-media":"","overlay-type":"","overlay-color":"","overlay-opacity":"","overlay-gradient":""},"mobile":{"background-color":"var(--ast-global-color-5)","background-image":"","background-repeat":"repeat","background-position":"center center","background-size":"auto","background-attachment":"scroll","background-type":"","background-media":"","overlay-type":"","overlay-color":"","overlay-opacity":"","overlay-gradient":""}},"iawp_total_views":201,"footnotes":""},"class_list":["post-12851","page","type-page","status-publish","hentry"],"_links":{"self":[{"href":"https:\/\/coachingplus.ch\/fr\/wp-json\/wp\/v2\/pages\/12851","targetHints":{"allow":["GET"]}}],"collection":[{"href":"https:\/\/coachingplus.ch\/fr\/wp-json\/wp\/v2\/pages"}],"about":[{"href":"https:\/\/coachingplus.ch\/fr\/wp-json\/wp\/v2\/types\/page"}],"author":[{"embeddable":true,"href":"https:\/\/coachingplus.ch\/fr\/wp-json\/wp\/v2\/users\/1"}],"replies":[{"embeddable":true,"href":"https:\/\/coachingplus.ch\/fr\/wp-json\/wp\/v2\/comments?post=12851"}],"version-history":[{"count":0,"href":"https:\/\/coachingplus.ch\/fr\/wp-json\/wp\/v2\/pages\/12851\/revisions"}],"wp:attachment":[{"href":"https:\/\/coachingplus.ch\/fr\/wp-json\/wp\/v2\/media?parent=12851"}],"curies":[{"name":"wp","href":"https:\/\/api.w.org\/{rel}","templated":true}]}}