{"id":12850,"date":"2020-11-29T22:31:37","date_gmt":"2020-11-29T21:31:37","guid":{"rendered":"https:\/\/coachingplus.ch\/?page_id=12850"},"modified":"2021-08-10T14:52:54","modified_gmt":"2021-08-10T12:52:54","slug":"references-automobile","status":"publish","type":"page","link":"https:\/\/coachingplus.ch\/fr\/referenzen-auto-gewerbe\/","title":{"rendered":"R\u00e9f\u00e9rences pour le secteur automobile"},"content":{"rendered":"<h1>R\u00e9f\u00e9rences pour le secteur automobile<\/h1>\n<h2>Ressentir les besoins gr\u00e2ce au coaching.<\/h2>\n<p>Le secteur automobile est tr\u00e8s concurrentiel. La pens\u00e9e \u00e9cologique des acheteurs a chang\u00e9 et les exigences ont g\u00e9n\u00e9ralement augment\u00e9. Les personnes actives dans la vente de voitures doivent faire preuve de calme et \u00eatre capables de sentir les besoins des clients. Un v\u00e9ritable d\u00e9fi ! Le cursus de 10 jours de coaching appliqu\u00e9 d\u00e9veloppe les comp\u00e9tences sociales et l'empathie qui permet de gagner en confiance, ce qui est important dans la vente automobile. La confiance est indispensable dans la vente. Cette formation n'est pas seulement utile dans la vie professionnelle, elle apporte \u00e9galement une aide pr\u00e9cieuse dans les exigences priv\u00e9es.<\/p>\n<p>Mieux comprendre le comportement des autres et \u00e9laborer ensemble des pistes possibles.<\/p>\n<p><strong>Roberto Pesare, <\/strong>Directeur, Emil Frey SA, Auto-Centro Noranco-Lugano, Lugano<\/p>\n<p>&nbsp;<\/p>\n<p>Promesse tenue, profondeur de la mati\u00e8re excellente, tr\u00e8s compr\u00e9hensible.<\/p>\n<p><strong>Daniel Arber, <\/strong>Chef du Group Service et membre de la direction d'AMAG<\/p>\n<p>&nbsp;<\/p>\n<p>J'ai pu apprendre \u00e0 mieux me conna\u00eetre de mani\u00e8re tr\u00e8s int\u00e9ressante. L'application apporte un changement imm\u00e9diat dans la vie priv\u00e9e et professionnelle. Je le recommande vivement !<\/p>\n<p><strong>Johann Freiburghaus, <\/strong>Chef d'\u00e9quipe vente voitures neuves Garage Gautschi AG, Langenthal<\/p>\n<p>&nbsp;<\/p>\n<p>Je sors de ce cursus avec une tr\u00e8s grande connaissance de soi, que je peux appliquer dans toutes les situations de la vie et qui m'apporte beaucoup, ainsi qu'\u00e0 mon entourage. De plus, je sais maintenant comment les gens fonctionnent, ce qui facilite grandement la vie quotidienne.<\/p>\n<p><strong>Tobias B\u00fchler, <\/strong>M\u00e9canicien automobile, Knauth, Frauenfeld<\/p>\n<p>&nbsp;<\/p>\n<p>Cela confirme ma philosophie sur la mani\u00e8re d'aborder les gens et maintenant je peux le formuler plus clairement. En outre, je dispose des outils n\u00e9cessaires. Le b\u00e9n\u00e9fice est \u00e9norme !<\/p>\n<p><strong>Jos\u00e9 Denia, <\/strong>T\u00f4lier en carrosserie, Carrosserie jos\u00e9 denia, Killwangen<\/p>\n<p>&nbsp;<\/p>\n<p>L'organisation claire des cours, une documentation parfaite et les coachs avec leurs \u00e9normes connaissances ont d\u00e9pass\u00e9 les attentes du cours.<\/p>\n<p><strong>Olivier Paroz, <\/strong>evotech Fahrzeugtechnik GmbH Ober-Ohringen<\/p>\n<p>&nbsp;<\/p>\n<p>Connaissance de soi, meilleur contact avec les clients. Avoir confiance en soi.<\/p>\n<p><strong>Martin Knauth, <\/strong>Automobile Knauth, Frauenfeld<\/p>\n<p>&nbsp;<\/p>\n<p>Gr\u00e2ce \u00e0 la documentation et \u00e0 la formation d\u00e9taill\u00e9es et compr\u00e9hensibles, j'ai pu en profiter dans mon quotidien professionnel d\u00e8s la 1\u00e8re le\u00e7on.<\/p>\n<p><strong>Pierre Villiger, <\/strong>Responsable de la marque VW, AMAG Emmenbr\u00fccke, Emmenbr\u00fccke<\/p>\n<p>&nbsp;<\/p>\n<p>Pour moi, le plus important est la connaissance de soi. En outre, j'utilise d\u00e9j\u00e0 r\u00e9guli\u00e8rement les outils et je peux ouvrir de nouvelles voies pour moi.<\/p>\n<p><strong>Andreas Bauer, <\/strong>Bauer Mobil AG, D\u00e4ttwil<\/p>\n<p>&nbsp;<\/p>\n<p>Les journ\u00e9es de s\u00e9minaire m'ont permis de mieux comprendre la \"fen\u00eatre de Johari\". L'auto-\u00e9valuation et l'\u00e9valuation par les autres peuvent diverger.<\/p>\n<p><strong>Benny Sotelo, <\/strong>Moniteur de conduite \/ Responsable de la formation<\/p>\n<h2>\n\t\tAper\u00e7u de la formation Coachingplus\n\t<\/h2>\n\t<a href=\"https:\/\/coachingplus.ch\/fr\/formation-de-coaching\/cursus-de-10-jours-de-coaching\/\" target=\"_self\" rel=\"noopener\"><\/a> \n\t\t\t<h3>Cours de 10 jours sur le coaching appliqu\u00e9<\/h3>\t\t\t\n\t\t\t\t<p>Dipl\u00f4me Certificat<\/p>\n<h3>\n\t\tSessions de r\u00e9flexion\n\t<\/h3>\n<h4>\n\t\tConstruire\n\t<\/h4>\n\t<a href=\"https:\/\/coachingplus.ch\/fr\/formation-de-coaching\/supervision-de-groupe\/\" target=\"_self\" rel=\"noopener\"><\/a> \n\t\t\t<h3>Sessions de r\u00e9flexion<\/h3>\t\t\t\n\t\t\t\t<p>9 demi-journ\u00e9es<br \/>pendant min. 6 mois<\/p>\n<h3>\n\t\tModules de perfectionnement\n\t<\/h3>\n<h4>\n\t\tlibrement s\u00e9lectionnable\n\t<\/h4>\n\t<a href=\"https:\/\/coachingplus.ch\/fr\/formation-de-coaching\/formation-diplomante-pour-le-coaching-applique\/#prozess\" target=\"_self\" rel=\"noopener\"><\/a> \n\t\t\t<h3>Comp\u00e9tences d'accompagnement du processus<\/h3>\t\t\t\n\t\t\t\t<p>2 jours<\/p>\n\t<a href=\"https:\/\/coachingplus.ch\/fr\/formation-de-coaching\/formation-diplomante-pour-le-coaching-applique\/#selbstmgmt\" target=\"_self\" rel=\"noopener\"><\/a> \n\t\t\t<h3>Auto-management Auto-marketing<\/h3>\t\t\t\n\t\t\t\t<p>2 jours<\/p>\n\t<a href=\"https:\/\/coachingplus.ch\/fr\/formation-de-coaching\/formation-diplomante-pour-le-coaching-applique\/#teamcoaching\" target=\"_self\" rel=\"noopener\"><\/a> \n\t\t\t<h3>Coaching d'\u00e9quipe<\/h3>\t\t\t\n\t\t\t\t<p>2 jours<\/p>\n\t<a href=\"https:\/\/coachingplus.ch\/fr\/formation-de-coaching\/formation-diplomante-pour-le-coaching-applique\/#laufbahn\" target=\"_self\" rel=\"noopener\"><\/a> \n\t\t\t<h3>Coaching de carri\u00e8re<\/h3>\t\t\t\n\t\t\t\t<p>2 jours<\/p>\n<h3>\n\t\tGPI<sup>\u00ae<\/sup> Coach\n\t<\/h3>\n<h4>\n\t\tModules I+II\n\t<\/h4>\n\t<a href=\"https:\/\/coachingplus.ch\/fr\/formation-de-coaching\/coach-certifie-gpi\/#modul1\" target=\"_self\" rel=\"noopener\"><\/a> \n\t\t\t<h3>GPI<sup>\u00ae<\/sup> Coach I<\/h3>\t\t\t\n\t\t\t\t<p>2 jours<\/p>\n\t<a href=\"https:\/\/coachingplus.ch\/fr\/formation-de-coaching\/coach-certifie-gpi\/#modul2\" target=\"_self\" rel=\"noopener\"><\/a> \n\t\t\t<h3>GPI<sup>\u00ae<\/sup> Coach II<\/h3>\t\t\t\n\t\t\t\t<p>2 jours<\/p>\n\t<a href=\"https:\/\/coachingplus.ch\/fr\/formation-de-coaching\/coach-certifie-gpi-team\/\" target=\"_self\" rel=\"noopener\"><\/a> \n\t\t\t<h3>Dipl\u00f4m\u00e9 <br \/>GPI<sup>\u00ae<\/sup> Coach de l'\u00e9quipe<\/h3>\t\t\t\n\t\t\t\t<p>audit interne<\/p>\n\t<a href=\"https:\/\/coachingplus.ch\/fr\/formation-de-coaching\/mentor-fa-dipl-coach-sca-dentreprise\/\" target=\"_self\" rel=\"noopener\"><\/a> \n\t\t\t<h3>Mentor* d'entreprise avec brevet f\u00e9d\u00e9ral<\/h3>\t\t\t\n\t\t\t\t<p>coach dipl\u00f4m\u00e9 SCA<\/p>\n\t\t\t\t<img decoding=\"async\" src=\"https:\/\/coachingplus.ch\/wp-content\/uploads\/2020\/08\/favicon.png\" alt=\"favicon\" itemprop=\"image\" height=\"512\" width=\"512\" title=\"favicon\" onerror=\"this.style.display='none'\"  \/>\n<h3>\n\t\tLorsqu'il s'agit de formation au coaching en Suisse, Coachingplus est en t\u00eate de liste. Nous sommes le centre de formation le plus fr\u00e9quent\u00e9. Vous souhaitez en savoir plus ?\n\t<\/h3>\n\t<a href=\"https:\/\/coachingplus.ch\/fr\/newsletter\/\" target=\"_self\" rel=\"noopener\"><\/a> \n\t\t<h4>A lire<\/h4>\t\t\t\n\t\t\t\t<p>Nous nous ferons un plaisir de vous informer sur les th\u00e8mes li\u00e9s au coaching et au leadership par le biais de notre newsletter.<\/p>\n\t<a href=\"\/fr\/contact\/\" target=\"_self\" rel=\"noopener\"><\/a> \n\t\t<h4>Entretien personnel<\/h4>\t\t\t\n\t\t\t\t\n\t<a href=\"https:\/\/coachingplus.ch\/fr\/sinscrire\/\" target=\"_self\" rel=\"noopener\"><\/a> \n\t\t<h4>Convaincu ?!<\/h4>\t\t\t\n<p>Nous vous avons convaincu ? <br \/>Vous pouvez vous inscrire directement ici.<\/p>","protected":false},"excerpt":{"rendered":"<p>Referenzen Auto-Gewerbe Mit Coaching Bed\u00fcrfnisse sp\u00fcren. Das Auto Gewerbe ist hart umk\u00e4mpft. Das umweltbewusste Denken der K\u00e4ufer hat sich ver\u00e4ndert, die Anspr\u00fcche sind allgemein gestiegen. Wer im Autoverkauf t\u00e4tig ist, muss Ruhe ausstrahlen und die Kundenbed\u00fcrfnisse sp\u00fcren k\u00f6nnen. Eine Herausforderung! Der 10-t\u00e4gige Studiengang f\u00fcr angewandtes Coaching f\u00f6rdert die soziale Kompetenz und die im Autoverkauf wichtige [&hellip;]<\/p>\n","protected":false},"author":1,"featured_media":0,"parent":0,"menu_order":0,"comment_status":"closed","ping_status":"closed","template":"","meta":{"_seopress_robots_primary_cat":"","_seopress_titles_title":"Referenzen Studiengang Teilnehmer aus dem Auto-Gewerbe","_seopress_titles_desc":"Der Studiengang f\u00fcr angewandtes Coaching bietet eine ideale Mischung aus Theorie, \u00dcbungen und Selbstreflexion. Hier unsere Referenzen aus dem Auto-Gewerbe.","_seopress_robots_index":"","site-sidebar-layout":"default","site-content-layout":"","ast-site-content-layout":"default","site-content-style":"default","site-sidebar-style":"default","ast-global-header-display":"","ast-banner-title-visibility":"","ast-main-header-display":"","ast-hfb-above-header-display":"","ast-hfb-below-header-display":"","ast-hfb-mobile-header-display":"","site-post-title":"disabled","ast-breadcrumbs-content":"","ast-featured-img":"","footer-sml-layout":"","ast-disable-related-posts":"","theme-transparent-header-meta":"","adv-header-id-meta":null,"stick-header-meta":null,"header-above-stick-meta":null,"header-main-stick-meta":null,"header-below-stick-meta":null,"astra-migrate-meta-layouts":"default","ast-page-background-enabled":"default","ast-page-background-meta":{"desktop":{"background-color":"","background-image":"","background-repeat":"repeat","background-position":"center center","background-size":"auto","background-attachment":"scroll","background-type":"","background-media":"","overlay-type":"","overlay-color":"","overlay-opacity":"","overlay-gradient":""},"tablet":{"background-color":"","background-image":"","background-repeat":"repeat","background-position":"center center","background-size":"auto","background-attachment":"scroll","background-type":"","background-media":"","overlay-type":"","overlay-color":"","overlay-opacity":"","overlay-gradient":""},"mobile":{"background-color":"","background-image":"","background-repeat":"repeat","background-position":"center center","background-size":"auto","background-attachment":"scroll","background-type":"","background-media":"","overlay-type":"","overlay-color":"","overlay-opacity":"","overlay-gradient":""}},"ast-content-background-meta":{"desktop":{"background-color":"var(--ast-global-color-5)","background-image":"","background-repeat":"repeat","background-position":"center center","background-size":"auto","background-attachment":"scroll","background-type":"","background-media":"","overlay-type":"","overlay-color":"","overlay-opacity":"","overlay-gradient":""},"tablet":{"background-color":"var(--ast-global-color-5)","background-image":"","background-repeat":"repeat","background-position":"center center","background-size":"auto","background-attachment":"scroll","background-type":"","background-media":"","overlay-type":"","overlay-color":"","overlay-opacity":"","overlay-gradient":""},"mobile":{"background-color":"var(--ast-global-color-5)","background-image":"","background-repeat":"repeat","background-position":"center center","background-size":"auto","background-attachment":"scroll","background-type":"","background-media":"","overlay-type":"","overlay-color":"","overlay-opacity":"","overlay-gradient":""}},"iawp_total_views":10,"footnotes":""},"class_list":["post-12850","page","type-page","status-publish","hentry"],"_links":{"self":[{"href":"https:\/\/coachingplus.ch\/fr\/wp-json\/wp\/v2\/pages\/12850","targetHints":{"allow":["GET"]}}],"collection":[{"href":"https:\/\/coachingplus.ch\/fr\/wp-json\/wp\/v2\/pages"}],"about":[{"href":"https:\/\/coachingplus.ch\/fr\/wp-json\/wp\/v2\/types\/page"}],"author":[{"embeddable":true,"href":"https:\/\/coachingplus.ch\/fr\/wp-json\/wp\/v2\/users\/1"}],"replies":[{"embeddable":true,"href":"https:\/\/coachingplus.ch\/fr\/wp-json\/wp\/v2\/comments?post=12850"}],"version-history":[{"count":0,"href":"https:\/\/coachingplus.ch\/fr\/wp-json\/wp\/v2\/pages\/12850\/revisions"}],"wp:attachment":[{"href":"https:\/\/coachingplus.ch\/fr\/wp-json\/wp\/v2\/media?parent=12850"}],"curies":[{"name":"wp","href":"https:\/\/api.w.org\/{rel}","templated":true}]}}