{"id":12849,"date":"2020-11-29T22:31:37","date_gmt":"2020-11-29T21:31:37","guid":{"rendered":"https:\/\/coachingplus.ch\/?page_id=12849"},"modified":"2021-08-10T14:51:21","modified_gmt":"2021-08-10T12:51:21","slug":"references-administration-services-publics","status":"publish","type":"page","link":"https:\/\/coachingplus.ch\/fr\/referenzen-verwaltung-oeffentliche-dienste\/","title":{"rendered":"R\u00e9f\u00e9rences Administration \/ Services publics"},"content":{"rendered":"<h1>R\u00e9f\u00e9rences Administration \/ Services publics<\/h1>\nLa cl\u00e9 du succ\u00e8s, ce ne sont pas les informations. Ce sont les personnes.<br \/>\n(Lee Iacocca)\n<p>Les personnes sont uniques et vari\u00e9es, et certaines d'entre elles ne sont pas tout \u00e0 fait compr\u00e9hensibles. Que ce soit dans le service public ou dans la vie professionnelle de tous les jours, la qualit\u00e9 finale d'une rencontre est d\u00e9termin\u00e9e par la premi\u00e8re impression. Pour cela, il faut conna\u00eetre sa propre perception et apprendre \u00e0 \u00e9valuer celle de son interlocuteur. Le cursus de coaching appliqu\u00e9 permet d'augmenter les comp\u00e9tences sociales et l'empathie. On devient plus sensible \u00e0 l'autre et on comprend mieux pourquoi quelqu'un agit de telle ou telle mani\u00e8re.<\/p>\n<p>&nbsp;<\/p>\n<p>Le cours pr\u00e9sente un bon \u00e9quilibre entre de brefs apports th\u00e9oriques et de nombreux exercices pratiques faciles \u00e0 mettre en \u0153uvre. Tr\u00e8s bonne utilit\u00e9 gr\u00e2ce \u00e0 la mise \u00e0 disposition de mat\u00e9riel \/ d'outils. Donc vraiment du coaching \"plus\" !<\/p>\n<p><strong>Gunhild Hinkelmann, <\/strong>Charg\u00e9e de cours en communication, Haute \u00e9cole sp\u00e9cialis\u00e9e du Nord-Ouest de la Suisse, Haute \u00e9cole d'\u00e9conomie, Brugg Windisch<\/p>\n<p>&nbsp;<\/p>\nLes journ\u00e9es de s\u00e9minaire m'ont permis de porter un regard nouveau et plus large sur moi-m\u00eame et sur mon activit\u00e9, et ce de mani\u00e8re passionnante et vari\u00e9e. L'orientation du cours sur l'\u00e9galit\u00e9 absolue des personnes distingue ce s\u00e9minaire des autres !<br \/>\n<strong><br \/>\n<\/strong>\n<p><strong>Anna K\u00fcnzler, <\/strong>Avocate, responsable suppl\u00e9ante, Office f\u00e9d\u00e9ral du personnel, Berne<\/p>\n<p>&nbsp;<\/p>\n<p>J'ai pu \u00e9largir mon horizon personnel, ce qui repr\u00e9sente un gain dans tous les domaines de la vie.<\/p>\n<p><strong>Mirja Cattin, <\/strong>Sp\u00e9cialiste de l'ex\u00e9cution, canton de Soleure, Office d'ex\u00e9cution des peines, Soleure<\/p>\n<p>&nbsp;<\/p>\n<p>J'ai appris \u00e0 mieux conna\u00eetre et (appr\u00e9cier) mes mod\u00e8les de comportement et ceux de mon entourage.<\/p>\n<p><strong>Adrian Betschart, <\/strong>Directeur des finances \/ de l'informatique, administration communale, Feusisberg<\/p>\n<p>&nbsp;<\/p>\nLe programme d'\u00e9tudes est pour moi une \"\u00eele aux tr\u00e9sors\" qui m'ouvre diff\u00e9rentes portes et directions de pens\u00e9e auparavant ferm\u00e9es. Je peux utiliser ce que j'ai appris dans ma vie professionnelle et priv\u00e9e. Merci.<br \/>\n<strong><br \/>\n<\/strong>\n<p><strong>Marcel Mentele, <\/strong>Chef de produit IT, BAC DDPS, Administration f\u00e9d\u00e9rale, Berne<\/p>\n<p>&nbsp;<\/p>\n<p>J'ai appris \u00e0 mieux me conna\u00eetre. C'\u00e9tait une \"\u00e9cole de vie\". Je sais mieux g\u00e9rer mon caract\u00e8re, mes objectifs et mes besoins. Beaucoup de choses sont devenues logiques par rapport \u00e0 moi-m\u00eame.<\/p>\n<p><strong>Nicole R\u00fcttimann, <\/strong>Conseill\u00e8re en r\u00e9adaptation AI, SVA Zurich, Zurich<\/p>\n<p>&nbsp;<\/p>\n<p>Des outils de coaching pr\u00e9cieux expliqu\u00e9s de mani\u00e8re simple et compr\u00e9hensible. Imm\u00e9diatement applicables. D'une part, un outil utile pour obtenir des changements efficaces en posant les bonnes questions.<\/p>\n<p><strong>Clementin Casaulta, <\/strong>Policier\/directeur d'\u00e9cole, police cantonale des Grisons, Coire<\/p>\n<p>&nbsp;<\/p>\n<p>Cela m'a beaucoup aid\u00e9 \u00e0 approfondir mes connaissances et les faits que j'ai appris sont super utiles.<\/p>\n<p><strong>Mich\u00e8le Matter, <\/strong>Responsable du personnel, police cantonale d'Argovie, Aarau<\/p>\n<p>&nbsp;<\/p>\n<p>Je peux diriger mes collaborateurs de mani\u00e8re plus cibl\u00e9e.<\/p>\n<p><strong>Josef Wechsler, <\/strong>Transports publics de Lucerne SA, Lucerne<\/p>\n<p>&nbsp;<\/p>\n<p>Avec les outils de coaching, j'ai re\u00e7u un bon outil utilisable.<\/p>\n<p><strong>Katja Dubiel, <\/strong>Employ\u00e9e administrative, DE-Steinen<\/p>\n<p>&nbsp;<\/p>\n<p>J'ai beaucoup appris sur moi-m\u00eame et sur le comportement des autres.<\/p>\n<p><strong>J\u00f6rg Sch\u00f6nberg,<\/strong>Ing\u00e9nieur commercial, CFF SA, Berne<\/p>\n<p>&nbsp;<\/p>\nConnu l'\u00e9quivalence sociale comme principe fondamental du coaching<strong><br \/>\n<\/strong>\n<p><strong>Klaus Scheffler, <\/strong>Ing\u00e9nieur g\u00e9om\u00e8tre FH, Siblingen<\/p>\n<p>&nbsp;<\/p>\n<p>J'ai re\u00e7u des outils tr\u00e8s utiles pour mon travail et j'en ai rempli mon sac \u00e0 dos. Ce que j'ai appris sur ma perception de moi-m\u00eame est particuli\u00e8rement pr\u00e9cieux.<\/p>\n<p><strong>Margrit Verdugo, <\/strong>Office AI, Argovie<\/p>\n<p>&nbsp;<\/p>\n\n<p><strong>Christian Mannale, <\/strong>Assistant social \/ tuteur officiel, ville d'Arbon, Arbon<\/p>\n<p>&nbsp;<\/p>\n<p>De nouvelles portes se sont ouvertes en ce qui concerne mon travail.<\/p>\n<p><strong>Bernhard Frautschi, <\/strong>Formateur, D\u00e9partement f\u00e9d\u00e9ral de la d\u00e9fense, de la protection de la population et des sports DDPS, Thoune<\/p>\n<p>&nbsp;<\/p>\n<p>J'ai pu confirmer avec succ\u00e8s des connaissances que j'avais acquises r\u00e9cemment sur moi-m\u00eame et sur les relations avec les autres, et j'ai appris beaucoup de nouvelles choses. C'est super motivant !<\/p>\n<p><strong>Grit Hildebrand, <\/strong>Agent d'enqu\u00eate des douanes, Cologne<\/p>\n<p>&nbsp;<\/p>\n<p>L'\u00e9tablissement d'une culture du questionnement habile par le coach donne \u00e0 l'autre la possibilit\u00e9 de travailler de mani\u00e8re autonome \u00e0 la solution. Le \"questionnement cibl\u00e9\" est un enseignement essentiel de cette formation tr\u00e8s int\u00e9ressante.<\/p>\n<p><strong>Peter Merz, <\/strong>La Poste Suisse, Zurich<\/p>\n<p>&nbsp;<\/p>\n<p>Le cursus a surtout favoris\u00e9 mon autor\u00e9flexion et m'a montr\u00e9 mes mod\u00e8les d'action et de comportement. Outre les avantages personnels, il s'agit d'une base importante pour une activit\u00e9 de coaching r\u00e9ussie.<\/p>\n<p><strong>Viktor Hagen, <\/strong>HR Manager, Administration municipale de Zurich, Zurich<\/p>\n<p>&nbsp;<\/p>\n<p>Gr\u00e2ce \u00e0 ce cursus, j'ai appris pour la premi\u00e8re fois \u00e0 me conna\u00eetre, \u00e0 conna\u00eetre mon mod\u00e8le de comportement, mon orientation fondamentale et mes objectifs. La technique de questionnement et la conduite d'entretiens m'aident dans ma vie priv\u00e9e et professionnelle.<\/p>\n<p><strong>Stefan Meile, <\/strong>Technico-commercial \/ formateur FA, bpa - Bureau de pr\u00e9vention des accidents, Oberegg<\/p>\n<p>&nbsp;<\/p>\n<p>Ce cours a \u00e9t\u00e9 tr\u00e8s enrichissant pour ma vie. Il m'a ouvert des portes, a renforc\u00e9 ma confiance en moi et a approfondi ma compr\u00e9hension des autres et de la vie en commun. Je suis enthousiaste et je poursuis mon chemin de vie personnel en \u00e9tant renforc\u00e9e !<\/p>\n<p><strong>Regina Johner, <\/strong>Secr\u00e9taire communale, commune municipale de Meiringen, Meiringen<\/p>\n<p>&nbsp;<\/p>\n<p>Le cours encourage \u00e0 mieux comprendre les personnes avec leurs diff\u00e9rentes pr\u00e9occupations et objectifs et donc \u00e0 mieux les coacher.<\/p>\n<p><strong>Markus Allmann, <\/strong>Employ\u00e9 de commerce, SVA St-Gall<\/p>\n<p>&nbsp;<\/p>\n<p>C'est la formation la plus pr\u00e9cieuse que j'ai suivie jusqu'\u00e0 pr\u00e9sent. Ce que j'ai appris m'est d'une grande utilit\u00e9, tant sur le plan professionnel que priv\u00e9, c'est-\u00e0-dire de mani\u00e8re globale ! C'est imm\u00e9diatement applicable \u00e0 l'\u00e9chelle 1:1.<\/p>\n<p><strong>Markus Nobs, <\/strong>Chef d\u00e9l\u00e9gu\u00e9 \u00e0 la s\u00e9curit\u00e9, bpa - Bureau de pr\u00e9vention des accidents, Berne<\/p>\n<p>&nbsp;<\/p>\n<p>Le cours m'a montr\u00e9 l'importance de la perception de soi et des autres, surtout dans les situations de conflit. A l'avenir, je g\u00e9rerai les situations difficiles de mani\u00e8re plus consciente.<\/p>\n<p><strong>Brigitte Speck, <\/strong>Employ\u00e9e administrative \/ Conseill\u00e8re en bourses d'\u00e9tudes, Centre d'information professionnelle d'Urdorf<\/p>\n<p>&nbsp;<\/p>\n<p>La perception de soi a \u00e9t\u00e9 nettement renforc\u00e9e et les b\u00e9n\u00e9fices pour mon travail quotidien, surtout dans le domaine du leadership, sont tr\u00e8s \u00e9lev\u00e9s.<\/p>\n<p><strong>Peter Hartmann, <\/strong>Administrateur des finances Administration communale de Bubikon<\/p>\n<p>&nbsp;<\/p>\n<p>Ces th\u00e8mes ont \u00e9largi ma perception et m'ont rendu plus empathique envers mon interlocuteur. Aujourd'hui, je comprends mieux pourquoi quelqu'un agit de telle ou telle mani\u00e8re.<\/p>\n<p><strong>Paul Latzer, <\/strong>Juge de paix, ville d'Uster<\/p>\n<p>&nbsp;<\/p>\n<p>D\u00e9velopper des comp\u00e9tences en mati\u00e8re de conduite d'entretiens, que je peux appliquer dans mon quotidien professionnel.<\/p>\n<p><strong>Sibylle Keller, <\/strong>Responsable de programme, Universit\u00e9 de Saint-Gall<\/p>\n<p>&nbsp;<\/p>\n<p>Une approche personnelle, pratique et m\u00e9thodique de l'activit\u00e9 de coach.<\/p>\n<p><strong>Christian Mannale, <\/strong>Assistant social \/ tuteur officiel, ville d'Arbon, Arbon<\/p>\n<p>&nbsp;<\/p>\n<p>Il en est ressorti de nombreuses connaissances sur les relations de cause \u00e0 effet du commerce humain. Dommage qu'on ne l'entende pas d\u00e9j\u00e0 pendant la scolarit\u00e9 obligatoire.<\/p>\n<p><strong>Roland Britt, <\/strong>Secr\u00e9taire communal, Cham<\/p>\n<p>&nbsp;<\/p>\n<p>Reconnu la valeur de l'autor\u00e9flexion et appris \u00e0 conna\u00eetre mes points forts.<\/p>\n<p><strong>Florian Schindler, <\/strong>Agent d'exploitation, Commune de K\u00f6niz, K\u00f6niz<\/p>\n<p>&nbsp;<\/p>\n<p>La perception de soi a \u00e9t\u00e9 nettement renforc\u00e9e et les b\u00e9n\u00e9fices pour mon travail quotidien, surtout dans le domaine du leadership, sont tr\u00e8s \u00e9lev\u00e9s.<\/p>\n<p><strong>Peter Hartmann, <\/strong>Administrateur des finances Administration communale de Bubikon<\/p>\n<p>&nbsp;<\/p>\n<p>J'ai re\u00e7u des r\u00e9ponses claires et concr\u00e8tes \u00e0 de nombreuses questions.<\/p>\n<p><strong>Alfred Sch\u00e4rer, <\/strong>Tuteur officiel, arrondissement de Coire \/ Amtsvormundschaft, Coire<\/p>\n<p>&nbsp;<\/p>\n<p>Les comp\u00e9tences op\u00e9rationnelles et m\u00e9thodologiques ont pu \u00eatre \u00e9largies, renouvel\u00e9es et am\u00e9lior\u00e9es.<\/p>\n<p><strong>Catherina Barone<\/strong>, responsable des services sociaux, administration communale, Eschlikon<\/p>\n<p>&nbsp;<\/p>\n<p>Le programme d'\u00e9tudes est tr\u00e8s instructif et profitable pour les fonctions de direction. Comprendre les gens et arriver ensemble au but.<\/p>\n<p><strong>Erika Geissb\u00fchler, <\/strong>Fiduciaire immobili\u00e8re \/ gestionnaire de construction, Office des immeubles et des constructions du canton de Berne, Berne<\/p>\n<p>&nbsp;<\/p>\n<p>Organiser consciemment la conduite de l'entretien. Savoir s'engager dans un entretien avec calme.<\/p>\n<p><strong>Stefan Hellbach, <\/strong>Responsable technique pour l'acquisition de l'\u00e9quipement et du mat\u00e9riel des sapeurs-pompiers, Assurance immobili\u00e8re de Soleure, d\u00e9partement des sapeurs-pompiers, Soleure<\/p>\n<p>&nbsp;<\/p>\n<p>Le programme d'\u00e9tudes me fait progresser personnellement. Je peux appliquer et mettre en \u0153uvre imm\u00e9diatement ce que j'ai appris (d\u00e9j\u00e0 pendant le cursus). Je n'ai jamais v\u00e9cu une formation aussi inspirante avec une gestion du temps aussi excellente.<\/p>\n<p><strong>Daniela Burkhalter, <\/strong>Responsable de l'\u00e9quipe des pensions alimentaires, S\u00e4niswil<\/p>\n<p>&nbsp;<\/p>\n<p>C'\u00e9tait tr\u00e8s compr\u00e9hensible, avec beaucoup d'exercices qui m'ont permis d'exp\u00e9rimenter moi-m\u00eame les outils de coaching, ce qui me permet de mettre en pratique ce que j'ai appris.<\/p>\n<p><strong>Iris Walter, <\/strong>Charg\u00e9e de cours \/ Directrice r\u00e9gionale, Ligue pulmonaire de Zurich et B\u00e2le<\/p>\n<p>&nbsp;<\/p>\n<p>Les contenus sont bien compr\u00e9hensibles et imm\u00e9diatement applicables. J'ai pu int\u00e9grer beaucoup de choses dans mon quotidien \/ mes conversations. Le cursus m'a durablement marqu\u00e9.<\/p>\n<p><strong>Andreas Hediger, <\/strong>Chef d'\u00e9quipe, Caisse de compensation, Berne<\/p>\n<p>&nbsp;<\/p>\n<p>Avoir fait progresser le d\u00e9veloppement personnel et \u00eatre ainsi devenu un atout pour l'entreprise. Pouvoir faire \u00e9voluer et promouvoir les personnes<\/p>\n<p><strong>Andr\u00e9 Zbinden, <\/strong>Directeur de la formation et du perfectionnement, Basler Vekehrs Betriebe, B\u00e2le<\/p>\n<p>&nbsp;<\/p>\n<p>La connaissance de la psychologie individuelle aide \u00e9norm\u00e9ment \u00e0 \u00e9valuer les personnes. Les outils appris donnent un tr\u00e8s bon bagage pour les entretiens de coaching.<\/p>\n<p><strong>Stephan Marty, <\/strong>CEO \/ ing\u00e9nieur, ewl energie wasser luzern, Lucerne<\/p>\n<p>&nbsp;<\/p>\n<p>En quelques jours, j'en ai plus appris sur moi-m\u00eame qu'au cours des 35 derni\u00e8res ann\u00e9es. J'ai pos\u00e9 une premi\u00e8re pierre pour mon d\u00e9veloppement futur et je me r\u00e9jouis de faire de nouvelles d\u00e9couvertes.<\/p>\n<p><strong>Marina Faim, <\/strong>Responsable de l'administration, curatelle professionnelle Viamala, Thusis<\/p>\n<p>&nbsp;<\/p>\n<p>En reconnaissant mes ressources, je peux d\u00e9cider moi-m\u00eame comment je vais me comporter ou quelle sera ma r\u00e9action. Je suis pass\u00e9 du statut de passager \u00e0 celui de capitaine.<\/p>\n<p><strong>Daniel Bauder, <\/strong>Policier, police cantonale de Saint-Gall<\/p>\n<p>&nbsp;<\/p>\n<p>Le programme d'\u00e9tudes avec Urs m'a permis de progresser dans de nombreux domaines. Tant mes relations avec les collaborateurs que la r\u00e9flexion sur moi-m\u00eame ont d\u00e9finitivement enrichi ma vie. Le support de cours est un excellent ouvrage de r\u00e9f\u00e9rence.<\/p>\n<p><strong>Peter Escher, <\/strong>Directeur, BURGERGUT THUN, Steffisburg<\/p>\n<h2>\n\t\tAper\u00e7u de la formation Coachingplus\n\t<\/h2>\n\t<a href=\"https:\/\/coachingplus.ch\/fr\/formation-de-coaching\/cursus-de-10-jours-de-coaching\/\" target=\"_self\" rel=\"noopener\"><\/a> \n\t\t\t<h3>Cours de 10 jours sur le coaching appliqu\u00e9<\/h3>\t\t\t\n\t\t\t\t<p>Dipl\u00f4me Certificat<\/p>\n<h3>\n\t\tSessions de r\u00e9flexion\n\t<\/h3>\n<h4>\n\t\tConstruire\n\t<\/h4>\n\t<a href=\"https:\/\/coachingplus.ch\/fr\/formation-de-coaching\/supervision-de-groupe\/\" target=\"_self\" rel=\"noopener\"><\/a> \n\t\t\t<h3>Sessions de r\u00e9flexion<\/h3>\t\t\t\n\t\t\t\t<p>9 demi-journ\u00e9es<br \/>pendant min. 6 mois<\/p>\n<h3>\n\t\tModules de perfectionnement\n\t<\/h3>\n<h4>\n\t\tlibrement s\u00e9lectionnable\n\t<\/h4>\n\t<a href=\"https:\/\/coachingplus.ch\/fr\/formation-de-coaching\/formation-diplomante-pour-le-coaching-applique\/#prozess\" target=\"_self\" rel=\"noopener\"><\/a> \n\t\t\t<h3>Comp\u00e9tences d'accompagnement du processus<\/h3>\t\t\t\n\t\t\t\t<p>2 jours<\/p>\n\t<a href=\"https:\/\/coachingplus.ch\/fr\/formation-de-coaching\/formation-diplomante-pour-le-coaching-applique\/#selbstmgmt\" target=\"_self\" rel=\"noopener\"><\/a> \n\t\t\t<h3>Auto-management Auto-marketing<\/h3>\t\t\t\n\t\t\t\t<p>2 jours<\/p>\n\t<a href=\"https:\/\/coachingplus.ch\/fr\/formation-de-coaching\/formation-diplomante-pour-le-coaching-applique\/#teamcoaching\" target=\"_self\" rel=\"noopener\"><\/a> \n\t\t\t<h3>Coaching d'\u00e9quipe<\/h3>\t\t\t\n\t\t\t\t<p>2 jours<\/p>\n\t<a href=\"https:\/\/coachingplus.ch\/fr\/formation-de-coaching\/formation-diplomante-pour-le-coaching-applique\/#laufbahn\" target=\"_self\" rel=\"noopener\"><\/a> \n\t\t\t<h3>Coaching de carri\u00e8re<\/h3>\t\t\t\n\t\t\t\t<p>2 jours<\/p>\n<h3>\n\t\tGPI<sup>\u00ae<\/sup> Coach\n\t<\/h3>\n<h4>\n\t\tModules I+II\n\t<\/h4>\n\t<a href=\"https:\/\/coachingplus.ch\/fr\/formation-de-coaching\/coach-certifie-gpi\/#modul1\" target=\"_self\" rel=\"noopener\"><\/a> \n\t\t\t<h3>GPI<sup>\u00ae<\/sup> Coach I<\/h3>\t\t\t\n\t\t\t\t<p>2 jours<\/p>\n\t<a href=\"https:\/\/coachingplus.ch\/fr\/formation-de-coaching\/coach-certifie-gpi\/#modul2\" target=\"_self\" rel=\"noopener\"><\/a> \n\t\t\t<h3>GPI<sup>\u00ae<\/sup> Coach II<\/h3>\t\t\t\n\t\t\t\t<p>2 jours<\/p>\n\t<a href=\"https:\/\/coachingplus.ch\/fr\/formation-de-coaching\/coach-certifie-gpi-team\/\" target=\"_self\" rel=\"noopener\"><\/a> \n\t\t\t<h3>Dipl\u00f4m\u00e9 <br \/>GPI<sup>\u00ae<\/sup> Coach de l'\u00e9quipe<\/h3>\t\t\t\n\t\t\t\t<p>audit interne<\/p>\n\t<a href=\"https:\/\/coachingplus.ch\/fr\/formation-de-coaching\/mentor-fa-dipl-coach-sca-dentreprise\/\" target=\"_self\" rel=\"noopener\"><\/a> \n\t\t\t<h3>Mentor* d'entreprise avec brevet f\u00e9d\u00e9ral<\/h3>\t\t\t\n\t\t\t\t<p>coach dipl\u00f4m\u00e9 SCA<\/p>\n\t\t\t\t<img decoding=\"async\" src=\"https:\/\/coachingplus.ch\/wp-content\/uploads\/2020\/08\/favicon.png\" alt=\"favicon\" itemprop=\"image\" height=\"512\" width=\"512\" title=\"favicon\" onerror=\"this.style.display='none'\"  \/>\n<h3>\n\t\tLorsqu'il s'agit de formation au coaching en Suisse, Coachingplus est en t\u00eate de liste. Nous sommes le centre de formation le plus fr\u00e9quent\u00e9. Vous souhaitez en savoir plus ?\n\t<\/h3>\n\t<a href=\"https:\/\/coachingplus.ch\/fr\/newsletter\/\" target=\"_self\" rel=\"noopener\"><\/a> \n\t\t<h4>A lire<\/h4>\t\t\t\n\t\t\t\t<p>Nous nous ferons un plaisir de vous informer sur les th\u00e8mes li\u00e9s au coaching et au leadership par le biais de notre newsletter.<\/p>\n\t<a href=\"\/fr\/contact\/\" target=\"_self\" rel=\"noopener\"><\/a> \n\t\t<h4>Entretien personnel<\/h4>\t\t\t\n\t\t\t\t\n\t<a href=\"https:\/\/coachingplus.ch\/fr\/sinscrire\/\" target=\"_self\" rel=\"noopener\"><\/a> \n\t\t<h4>Convaincu ?!<\/h4>\t\t\t\n<p>Nous vous avons convaincu ? <br \/>Vous pouvez vous inscrire directement ici.<\/p>","protected":false},"excerpt":{"rendered":"<p>Referenzen Verwaltung \/ \u00f6ffentliche Dienste Der Schl\u00fcssel zum Erfolg sind nicht Informationen. Das sind Menschen. (Lee Iacocca) Menschen sind einzigartig und vielf\u00e4ltig, und manches ist nicht ganz nachvollziehbar. Ob im \u00f6ffentlichen Dienst oder im allt\u00e4glichen Berufsleben, wie die Qualit\u00e4t einer Begegnung letztendlich ist, wird durch den ersten Eindruck bestimmt. Daf\u00fcr muss man seine eigene Wahrnehmung [&hellip;]<\/p>\n","protected":false},"author":1,"featured_media":0,"parent":0,"menu_order":0,"comment_status":"closed","ping_status":"closed","template":"","meta":{"_seopress_robots_primary_cat":"","_seopress_titles_title":"Referenzen Verwaltung, \u00f6ffentliche Dienste: Eigenwahrnehmung steigern","_seopress_titles_desc":"Mit dem Studiengang f\u00fcr angewandtes Coaching wird die Sozialkompetenz und Empathie gesteigert. Man versteht besser, warum jemand so denkt und handelt.","_seopress_robots_index":"","site-sidebar-layout":"default","site-content-layout":"","ast-site-content-layout":"default","site-content-style":"default","site-sidebar-style":"default","ast-global-header-display":"","ast-banner-title-visibility":"","ast-main-header-display":"","ast-hfb-above-header-display":"","ast-hfb-below-header-display":"","ast-hfb-mobile-header-display":"","site-post-title":"disabled","ast-breadcrumbs-content":"","ast-featured-img":"","footer-sml-layout":"","ast-disable-related-posts":"","theme-transparent-header-meta":"","adv-header-id-meta":null,"stick-header-meta":null,"header-above-stick-meta":null,"header-main-stick-meta":null,"header-below-stick-meta":null,"astra-migrate-meta-layouts":"default","ast-page-background-enabled":"default","ast-page-background-meta":{"desktop":{"background-color":"","background-image":"","background-repeat":"repeat","background-position":"center center","background-size":"auto","background-attachment":"scroll","background-type":"","background-media":"","overlay-type":"","overlay-color":"","overlay-opacity":"","overlay-gradient":""},"tablet":{"background-color":"","background-image":"","background-repeat":"repeat","background-position":"center center","background-size":"auto","background-attachment":"scroll","background-type":"","background-media":"","overlay-type":"","overlay-color":"","overlay-opacity":"","overlay-gradient":""},"mobile":{"background-color":"","background-image":"","background-repeat":"repeat","background-position":"center center","background-size":"auto","background-attachment":"scroll","background-type":"","background-media":"","overlay-type":"","overlay-color":"","overlay-opacity":"","overlay-gradient":""}},"ast-content-background-meta":{"desktop":{"background-color":"var(--ast-global-color-5)","background-image":"","background-repeat":"repeat","background-position":"center center","background-size":"auto","background-attachment":"scroll","background-type":"","background-media":"","overlay-type":"","overlay-color":"","overlay-opacity":"","overlay-gradient":""},"tablet":{"background-color":"var(--ast-global-color-5)","background-image":"","background-repeat":"repeat","background-position":"center center","background-size":"auto","background-attachment":"scroll","background-type":"","background-media":"","overlay-type":"","overlay-color":"","overlay-opacity":"","overlay-gradient":""},"mobile":{"background-color":"var(--ast-global-color-5)","background-image":"","background-repeat":"repeat","background-position":"center center","background-size":"auto","background-attachment":"scroll","background-type":"","background-media":"","overlay-type":"","overlay-color":"","overlay-opacity":"","overlay-gradient":""}},"iawp_total_views":114,"footnotes":""},"class_list":["post-12849","page","type-page","status-publish","hentry"],"_links":{"self":[{"href":"https:\/\/coachingplus.ch\/fr\/wp-json\/wp\/v2\/pages\/12849","targetHints":{"allow":["GET"]}}],"collection":[{"href":"https:\/\/coachingplus.ch\/fr\/wp-json\/wp\/v2\/pages"}],"about":[{"href":"https:\/\/coachingplus.ch\/fr\/wp-json\/wp\/v2\/types\/page"}],"author":[{"embeddable":true,"href":"https:\/\/coachingplus.ch\/fr\/wp-json\/wp\/v2\/users\/1"}],"replies":[{"embeddable":true,"href":"https:\/\/coachingplus.ch\/fr\/wp-json\/wp\/v2\/comments?post=12849"}],"version-history":[{"count":0,"href":"https:\/\/coachingplus.ch\/fr\/wp-json\/wp\/v2\/pages\/12849\/revisions"}],"wp:attachment":[{"href":"https:\/\/coachingplus.ch\/fr\/wp-json\/wp\/v2\/media?parent=12849"}],"curies":[{"name":"wp","href":"https:\/\/api.w.org\/{rel}","templated":true}]}}