{"id":12848,"date":"2020-11-29T22:31:35","date_gmt":"2020-11-29T21:31:35","guid":{"rendered":"https:\/\/coachingplus.ch\/?page_id=12848"},"modified":"2021-08-10T15:08:54","modified_gmt":"2021-08-10T13:08:54","slug":"references-entreprise-conseil-consulting","status":"publish","type":"page","link":"https:\/\/coachingplus.ch\/fr\/referenzen-unternehmungsberatung-consulting\/","title":{"rendered":"R\u00e9f\u00e9rences conseil d'entreprise \/ consulting"},"content":{"rendered":"<h1>R\u00e9f\u00e9rences conseil d'entreprise \/ consulting<\/h1>\nLa cl\u00e9 du succ\u00e8s, ce ne sont pas les informations. Ce sont les personnes.<br \/>\n(Lee Iacocca)\n<p>En tant qu'entrepreneur, on a toujours des sentiments n\u00e9gatifs, on a souvent l'impression de marcher sur des \u0153ufs et on ne sait jamais vraiment si certaines d\u00e9cisions \u00e9taient correctes. Se red\u00e9couvrir soi-m\u00eame et les autres, trouver et vivre la s\u00e9r\u00e9nit\u00e9, rendre transparents les objectifs int\u00e9rieurs et le comportement, voil\u00e0 ce que permet le cursus de coaching appliqu\u00e9.  Les participants apprennent \u00e0 accro\u00eetre leur autor\u00e9flexion, \u00e0 red\u00e9couvrir leurs propres forces et \u00e0 se comporter de mani\u00e8re constructive avec eux-m\u00eames, leurs clients et leurs collaborateurs.<\/p>\n<p>La conception pratique et surtout compr\u00e9hensible du cursus me permet une application concr\u00e8te dans mon quotidien priv\u00e9 et professionnel.<\/p>\n<p><strong>Steven Skinner, <\/strong>Entrepreneur, Skinner Consulting, Oberembrach<\/p>\n<p>&nbsp;<\/p>\n<p>Le cursus m'a permis d'acqu\u00e9rir une multitude de m\u00e9thodes et d'outils pratiques que je peux directement utiliser dans mon quotidien (professionnel).<\/p>\n<p><strong>Marc-Andr\u00e9 Pradervand, <\/strong>Dr. oec. publ. \/ Consultant senior, N\u00fcrensdorf<\/p>\n<p>&nbsp;<\/p>\n<p>Promotion claire de la conscience atteinte, et ce pour mes qualit\u00e9s, mais aussi pour le fait que chaque personne est diff\u00e9rente et surtout peut \u00eatre diff\u00e9rente.<\/p>\n<p><strong>Felix Bolliger, <\/strong>Conseiller d'entreprise, J\u00fcrg Willi &amp; Partner AG, Aarau \/ Binningen<\/p>\n<p>&nbsp;<\/p>\n<p>Le cursus m'a ouvert de nouveaux horizons pour mon propre conseil. Des outils issus du coaching qui peuvent \u00e9galement \u00eatre utilis\u00e9s dans le conseil en marketing et en vente.<\/p>\n<p><strong>J\u00fcrg Weibel, <\/strong>Conseiller d'entreprise, MARKETHINK, Saint-Gall<\/p>\n<p>&nbsp;<\/p>\n<p>Une vision durable des th\u00e8mes importants pour un \u00eatre humain qui fonctionne sainement. Percevoir des points dans sa propre nature et vouloir les d\u00e9velopper en profondeur.<\/p>\n<p><strong>Marco Coccitti, <\/strong>Scotsch Consulting \/ Coaching, Gibswil-Ried<\/p>\n<p>&nbsp;<\/p>\n<p>La comp\u00e9tence en mati\u00e8re de coaching a \u00e9t\u00e9 sensiblement et efficacement augment\u00e9e. En tant qu'ex-conseiller cantonal, je vais mettre \u00e0 profit la th\u00e9matique \"comprendre et encourager les gens\" dans la poursuite de mes activit\u00e9s politiques.<\/p>\n<p><strong>Hansruedi Hartmann, <\/strong>Directeur, hartmann ag services, Gossau<\/p>\n<p>&nbsp;<\/p>\n<p>Pratique - concret - cr\u00e9dible. Elargissement de l'horizon - va au-del\u00e0 de la transmission du contenu des mati\u00e8res.<\/p>\n<p><strong>Marius Fuchs, <\/strong>Dr. oec. HSG, expert-comptable dipl\u00f4m\u00e9\/ directeur associ\u00e9, Dr. Marius Fuchs Consulting, Zoug<\/p>\n<p>&nbsp;<\/p>\n<p>Le coach r\u00e9ussit \u00e0 transmettre un grand savoir et une riche exp\u00e9rience de mani\u00e8re vari\u00e9e et int\u00e9ressante. Un excellent investissement dans sa propre formation continue.<\/p>\n<p><strong>Martin C. Kaufmann, <\/strong>OP Consulta AG, Muri pr\u00e8s de Berne<\/p>\n<p>&nbsp;<\/p>\n<p>Le cours propose de nombreux outils r\u00e9alisables. J'ai \u00e9t\u00e9 \u00e9tonn\u00e9e de voir \u00e0 quel point les objectifs et les r\u00e9sultats peuvent \u00eatre atteints en peu de temps. Ce qui m'a le plus impressionn\u00e9, c'est la simplicit\u00e9 des questions. Les outils permettent de clarifier rapidement les choses et de trouver des solutions.<\/p>\n<p><strong>Ursula Schullerus, <\/strong>Consultant senior, SHL AG, Zurich<\/p>\n<p>&nbsp;<\/p>\n<p>Le coaching est devenu vivant. Il a pris forme et est devenu r\u00e9alisable. Concr\u00e8tement, cela signifie que : 1. les contenus \u00e9labor\u00e9s ont pu et peuvent \u00eatre mis en pratique. 2) Les connaissances acquises sur ma propre personnalit\u00e9, sur ma fa\u00e7on de penser, de ressentir et d'agir ont d\u00e9clench\u00e9 chez moi un processus de d\u00e9veloppement qui a re\u00e7u de nouvelles impulsions \u00e0 chaque module. 3. de nombreux \u00e9l\u00e9ments th\u00e9oriques, bien trait\u00e9s, permettent de poursuivre le travail sur le th\u00e8me et de d\u00e9velopper ainsi les comp\u00e9tences de coaching et la propre personnalit\u00e9.<\/p>\n<p><strong>Anna Unterbirker, <\/strong>P\u00e9dagogue en \u00e9conomie, ind\u00e9pendante, D-Stuttgart<\/p>\n<p>&nbsp;<\/p>\n<p>Le cours permet de commencer imm\u00e9diatement \u00e0 utiliser des entretiens de coaching. Les diff\u00e9rents exercices \/ outils de coaching du cours sont d\u00e9j\u00e0 des mises en pratique de situations r\u00e9elles des participants.<\/p>\n<p><strong>Conrad Jost, <\/strong>consultant ind\u00e9pendant, Rothrist<\/p>\n<p>&nbsp;<\/p>\n<p>J'en ai beaucoup profit\u00e9 pour mon quotidien professionnel, mes relations priv\u00e9es et professionnelles ainsi que pour mon parcours futur. Gr\u00e2ce \u00e0 ses comp\u00e9tences et \u00e0 sa grande expertise, le coach m'a fait d\u00e9couvrir de nouvelles perspectives et de nouveaux objectifs.<\/p>\n<p><strong>Esther Trottmann, <\/strong>Conseil et support NPO, Wettingen<\/p>\n<p>&nbsp;<\/p>\n<p>J'ai r\u00e9alis\u00e9 que ce sont toujours mes propres \u00e9l\u00e9ments qui m\u00e8nent \u00e0 des situations\/jouent dans des situations, et je peux d\u00e9sormais les utiliser de mani\u00e8re plus consciente. Cela m'aide \u00e0 mieux \u00e9valuer mes clients et mes partenaires.<\/p>\n<p><strong>Dreszig Michael, <\/strong>Conseiller d'entreprise, Dreszig Management Consulting, Waldkirch<\/p>\n<p>&nbsp;<\/p>\n<p>Ce cursus m'a surtout enthousiasm\u00e9 parce qu'il est tr\u00e8s orient\u00e9 vers la pratique et que je peux appliquer imm\u00e9diatement ce que j'ai appris. Il n'y a pas eu de surcharge th\u00e9orique inutile.<\/p>\n<p><strong>Claudia Gruber, <\/strong>\u00c9conomiste d'entreprise, B\u00e2le<\/p>\n<p>&nbsp;<\/p>\n<p>Des \u00e9l\u00e9ments essentiels pour la gestion des personnes ont \u00e9t\u00e9 transmis de mani\u00e8re compr\u00e9hensible et pratique.<\/p>\n<p><strong>H. Scheurenbrand, <\/strong>Berlin<\/p>\n<p>&nbsp;<\/p>\n<p>Grande orientation pratique, direction de cours encourageante, documentation exemplaire.<\/p>\n<p><strong>Kuno Spirig, <\/strong>lic. en \u00e9conomie HSG \/ lic. phil. I, W\u00e4denswil<\/p>\n<p>&nbsp;<\/p>\n<p>J'ai \u00e9largi mes comp\u00e9tences en tant que formateur en \u00e9tant capable d'agir de mani\u00e8re plus \u00e9clair\u00e9e lors d'entretiens personnels avec les participants aux s\u00e9minaires.<\/p>\n<p><strong>Martin Fischer, <\/strong>Entra\u00eeneur, D-Aichwald<\/p>\n<p>&nbsp;<\/p>\n<p>Pour moi, ce cours a co\u00efncid\u00e9 avec une phase de r\u00e9orientation professionnelle. Gr\u00e2ce aux contenus transmis et imm\u00e9diatement applicables, ainsi qu'aux feedbacks que j'ai re\u00e7us, j'ai maintenant le courage de r\u00e9aliser mon r\u00eave professionnel de coach \/ formatrice.<\/p>\n<p><strong>Christine Graner, <\/strong>Dipl\u00f4m\u00e9e en gestion d'entreprise (BA), D-Nordheim<\/p>\n<p>&nbsp;<\/p>\n<p>Tr\u00e8s vari\u00e9, passionnant et captivant. Beaucoup de pratique et de connaissances sp\u00e9cialis\u00e9es. Je peux mieux utiliser mes comp\u00e9tences de direction.<\/p>\n<p><strong>Kathrin Balimann, <\/strong>\u00c9conomiste, Opfikon<\/p>\n<p>&nbsp;<\/p>\n<p>J'ai men\u00e9 une r\u00e9flexion approfondie sur moi-m\u00eame et je suis devenue plus consciente de mes nombreux points forts.<\/p>\n<p><strong>Anita Friemelt, <\/strong>Business Consultant, Regensdorf<\/p>\n<h2>\n\t\tAper\u00e7u de la formation Coachingplus\n\t<\/h2>\n\t<a href=\"https:\/\/coachingplus.ch\/fr\/formation-de-coaching\/cursus-de-10-jours-de-coaching\/\" target=\"_self\" rel=\"noopener\"><\/a> \n\t\t\t<h3>Cours de 10 jours sur le coaching appliqu\u00e9<\/h3>\t\t\t\n\t\t\t\t<p>Dipl\u00f4me Certificat<\/p>\n<h3>\n\t\tSessions de r\u00e9flexion\n\t<\/h3>\n<h4>\n\t\tConstruire\n\t<\/h4>\n\t<a href=\"https:\/\/coachingplus.ch\/fr\/formation-de-coaching\/supervision-de-groupe\/\" target=\"_self\" rel=\"noopener\"><\/a> \n\t\t\t<h3>Sessions de r\u00e9flexion<\/h3>\t\t\t\n\t\t\t\t<p>9 demi-journ\u00e9es<br \/>pendant min. 6 mois<\/p>\n<h3>\n\t\tModules de perfectionnement\n\t<\/h3>\n<h4>\n\t\tlibrement s\u00e9lectionnable\n\t<\/h4>\n\t<a href=\"https:\/\/coachingplus.ch\/fr\/formation-de-coaching\/formation-diplomante-pour-le-coaching-applique\/#prozess\" target=\"_self\" rel=\"noopener\"><\/a> \n\t\t\t<h3>Comp\u00e9tences d'accompagnement du processus<\/h3>\t\t\t\n\t\t\t\t<p>2 jours<\/p>\n\t<a href=\"https:\/\/coachingplus.ch\/fr\/formation-de-coaching\/formation-diplomante-pour-le-coaching-applique\/#selbstmgmt\" target=\"_self\" rel=\"noopener\"><\/a> \n\t\t\t<h3>Auto-management Auto-marketing<\/h3>\t\t\t\n\t\t\t\t<p>2 jours<\/p>\n\t<a href=\"https:\/\/coachingplus.ch\/fr\/formation-de-coaching\/formation-diplomante-pour-le-coaching-applique\/#teamcoaching\" target=\"_self\" rel=\"noopener\"><\/a> \n\t\t\t<h3>Coaching d'\u00e9quipe<\/h3>\t\t\t\n\t\t\t\t<p>2 jours<\/p>\n\t<a href=\"https:\/\/coachingplus.ch\/fr\/formation-de-coaching\/formation-diplomante-pour-le-coaching-applique\/#laufbahn\" target=\"_self\" rel=\"noopener\"><\/a> \n\t\t\t<h3>Coaching de carri\u00e8re<\/h3>\t\t\t\n\t\t\t\t<p>2 jours<\/p>\n<h3>\n\t\tGPI<sup>\u00ae<\/sup> Coach\n\t<\/h3>\n<h4>\n\t\tModules I+II\n\t<\/h4>\n\t<a href=\"https:\/\/coachingplus.ch\/fr\/formation-de-coaching\/coach-certifie-gpi\/#modul1\" target=\"_self\" rel=\"noopener\"><\/a> \n\t\t\t<h3>GPI<sup>\u00ae<\/sup> Coach I<\/h3>\t\t\t\n\t\t\t\t<p>2 jours<\/p>\n\t<a href=\"https:\/\/coachingplus.ch\/fr\/formation-de-coaching\/coach-certifie-gpi\/#modul2\" target=\"_self\" rel=\"noopener\"><\/a> \n\t\t\t<h3>GPI<sup>\u00ae<\/sup> Coach II<\/h3>\t\t\t\n\t\t\t\t<p>2 jours<\/p>\n\t<a href=\"https:\/\/coachingplus.ch\/fr\/formation-de-coaching\/coach-certifie-gpi-team\/\" target=\"_self\" rel=\"noopener\"><\/a> \n\t\t\t<h3>Dipl\u00f4m\u00e9 <br \/>GPI<sup>\u00ae<\/sup> Coach de l'\u00e9quipe<\/h3>\t\t\t\n\t\t\t\t<p>audit interne<\/p>\n\t<a href=\"https:\/\/coachingplus.ch\/fr\/formation-de-coaching\/mentor-fa-dipl-coach-sca-dentreprise\/\" target=\"_self\" rel=\"noopener\"><\/a> \n\t\t\t<h3>Mentor* d'entreprise avec brevet f\u00e9d\u00e9ral<\/h3>\t\t\t\n\t\t\t\t<p>coach dipl\u00f4m\u00e9 SCA<\/p>\n\t\t\t\t<img decoding=\"async\" src=\"https:\/\/coachingplus.ch\/wp-content\/uploads\/2020\/08\/favicon.png\" alt=\"favicon\" itemprop=\"image\" height=\"512\" width=\"512\" title=\"favicon\" onerror=\"this.style.display='none'\"  \/>\n<h3>\n\t\tLorsqu'il s'agit de formation au coaching en Suisse, Coachingplus est en t\u00eate de liste. Nous sommes le centre de formation le plus fr\u00e9quent\u00e9. Vous souhaitez en savoir plus ?\n\t<\/h3>\n\t<a href=\"https:\/\/coachingplus.ch\/fr\/newsletter\/\" target=\"_self\" rel=\"noopener\"><\/a> \n\t\t<h4>A lire<\/h4>\t\t\t\n\t\t\t\t<p>Nous nous ferons un plaisir de vous informer sur les th\u00e8mes li\u00e9s au coaching et au leadership par le biais de notre newsletter.<\/p>\n\t<a href=\"\/fr\/contact\/\" target=\"_self\" rel=\"noopener\"><\/a> \n\t\t<h4>Entretien personnel<\/h4>\t\t\t\n\t\t\t\t\n\t<a href=\"https:\/\/coachingplus.ch\/fr\/sinscrire\/\" target=\"_self\" rel=\"noopener\"><\/a> \n\t\t<h4>Convaincu ?!<\/h4>\t\t\t\n<p>Nous vous avons convaincu ? <br \/>Vous pouvez vous inscrire directement ici.<\/p>","protected":false},"excerpt":{"rendered":"<p>Referenzen Unternehmungsberatung \/ Consulting Der Schl\u00fcssel zum Erfolg sind nicht Informationen. Das sind Menschen. (Lee Iacocca) Als\u00a0 Unternehmer hat man immer wieder negative Gef\u00fchle, f\u00fchlt sich oft wie auf d\u00fcnnem Eis und weiss nie so richtig, ob gewisse Entscheidungen korrekt waren. Sich und andere neu entdecken, Gelassenheit finden und leben, innere Ziele und Verhalten transparent [&hellip;]<\/p>\n","protected":false},"author":1,"featured_media":0,"parent":0,"menu_order":0,"comment_status":"closed","ping_status":"closed","template":"","meta":{"_seopress_robots_primary_cat":"","_seopress_titles_title":"Referenzen Unternehmensberatung, Consulting - eigene St\u00e4rken erkennen","_seopress_titles_desc":"Als selbstst\u00e4ndiger Unternehmer hat man immer wieder negative Gef\u00fchle. Sich und andere neu entdecken, Gelassenheit finden und leben.","_seopress_robots_index":"","site-sidebar-layout":"default","site-content-layout":"","ast-site-content-layout":"default","site-content-style":"default","site-sidebar-style":"default","ast-global-header-display":"","ast-banner-title-visibility":"","ast-main-header-display":"","ast-hfb-above-header-display":"","ast-hfb-below-header-display":"","ast-hfb-mobile-header-display":"","site-post-title":"disabled","ast-breadcrumbs-content":"","ast-featured-img":"","footer-sml-layout":"","ast-disable-related-posts":"","theme-transparent-header-meta":"","adv-header-id-meta":null,"stick-header-meta":null,"header-above-stick-meta":null,"header-main-stick-meta":null,"header-below-stick-meta":null,"astra-migrate-meta-layouts":"default","ast-page-background-enabled":"default","ast-page-background-meta":{"desktop":{"background-color":"","background-image":"","background-repeat":"repeat","background-position":"center center","background-size":"auto","background-attachment":"scroll","background-type":"","background-media":"","overlay-type":"","overlay-color":"","overlay-opacity":"","overlay-gradient":""},"tablet":{"background-color":"","background-image":"","background-repeat":"repeat","background-position":"center center","background-size":"auto","background-attachment":"scroll","background-type":"","background-media":"","overlay-type":"","overlay-color":"","overlay-opacity":"","overlay-gradient":""},"mobile":{"background-color":"","background-image":"","background-repeat":"repeat","background-position":"center center","background-size":"auto","background-attachment":"scroll","background-type":"","background-media":"","overlay-type":"","overlay-color":"","overlay-opacity":"","overlay-gradient":""}},"ast-content-background-meta":{"desktop":{"background-color":"var(--ast-global-color-5)","background-image":"","background-repeat":"repeat","background-position":"center center","background-size":"auto","background-attachment":"scroll","background-type":"","background-media":"","overlay-type":"","overlay-color":"","overlay-opacity":"","overlay-gradient":""},"tablet":{"background-color":"var(--ast-global-color-5)","background-image":"","background-repeat":"repeat","background-position":"center center","background-size":"auto","background-attachment":"scroll","background-type":"","background-media":"","overlay-type":"","overlay-color":"","overlay-opacity":"","overlay-gradient":""},"mobile":{"background-color":"var(--ast-global-color-5)","background-image":"","background-repeat":"repeat","background-position":"center center","background-size":"auto","background-attachment":"scroll","background-type":"","background-media":"","overlay-type":"","overlay-color":"","overlay-opacity":"","overlay-gradient":""}},"iawp_total_views":73,"footnotes":""},"class_list":["post-12848","page","type-page","status-publish","hentry"],"_links":{"self":[{"href":"https:\/\/coachingplus.ch\/fr\/wp-json\/wp\/v2\/pages\/12848","targetHints":{"allow":["GET"]}}],"collection":[{"href":"https:\/\/coachingplus.ch\/fr\/wp-json\/wp\/v2\/pages"}],"about":[{"href":"https:\/\/coachingplus.ch\/fr\/wp-json\/wp\/v2\/types\/page"}],"author":[{"embeddable":true,"href":"https:\/\/coachingplus.ch\/fr\/wp-json\/wp\/v2\/users\/1"}],"replies":[{"embeddable":true,"href":"https:\/\/coachingplus.ch\/fr\/wp-json\/wp\/v2\/comments?post=12848"}],"version-history":[{"count":0,"href":"https:\/\/coachingplus.ch\/fr\/wp-json\/wp\/v2\/pages\/12848\/revisions"}],"wp:attachment":[{"href":"https:\/\/coachingplus.ch\/fr\/wp-json\/wp\/v2\/media?parent=12848"}],"curies":[{"name":"wp","href":"https:\/\/api.w.org\/{rel}","templated":true}]}}