{"id":12847,"date":"2020-11-29T22:31:35","date_gmt":"2020-11-29T21:31:35","guid":{"rendered":"https:\/\/coachingplus.ch\/?page_id=12847"},"modified":"2020-11-30T11:59:32","modified_gmt":"2020-11-30T10:59:32","slug":"references-fiduciaire-droit-fiscal","status":"publish","type":"page","link":"https:\/\/coachingplus.ch\/fr\/referenzen-treuhand-recht-steuern\/","title":{"rendered":"R\u00e9f\u00e9rences Fiduciaire \/ Droit \/ Fiscalit\u00e9"},"content":{"rendered":"<h1>R\u00e9f\u00e9rences Fiduciaire \/ Droit \/ Fiscalit\u00e9<\/h1>\nLa cl\u00e9 du succ\u00e8s, ce ne sont pas les informations. Ce sont les personnes.<br \/>\n(Lee Iacocca)\n<p>L'\u00eatre humain a plusieurs visages. Celui qui est naturel, celui qui est marqu\u00e9 par l'image et aussi celui qui est d\u00e9termin\u00e9 par l'argent. Dans le domaine juridique, fiduciaire et fiscal, il est indispensable de savoir rester calme face \u00e0 des questions d'argent souvent charg\u00e9es d'\u00e9motions. En mati\u00e8re fiscale, il faut savoir r\u00e9clamer ce qui est \"\u00e0 l'empereur\", et bien plus encore. De telles situations doivent pouvoir \u00eatre g\u00e9r\u00e9es consciemment. Dans le cursus de coaching appliqu\u00e9, les participants apprennent \u00e0 augmenter leur r\u00e9flexion personnelle, \u00e0 g\u00e9rer les clients et \u00e0 vivre plus sereinement. Un bon compl\u00e9ment aux pr\u00e9cieuses connaissances professionnelles.<\/p>\n<p>Ce cursus m'a montr\u00e9 de nombreuses possibilit\u00e9s de me percevoir et de percevoir mon interlocuteur de mani\u00e8re plus cibl\u00e9e, plus structur\u00e9e et sans jugement de valeur. J'ai \u00e9galement pris conscience de la cr\u00e9ativit\u00e9, de la diversit\u00e9 et du pouvoir de la communication.<\/p>\n<p><strong>Nicole Buzzi di Marco, <\/strong>juriste \/ coach \/ m\u00e9diatrice, Rehateam Solothurn, Soleure<\/p>\n<p>&nbsp;<\/p>\n<p>La pens\u00e9e de la psychologie individuelle sous une forme applicable et praticable - adapt\u00e9e aux besoins de notre \u00e9poque. Avec un rapport qualit\u00e9-prix raisonnable.<\/p>\n<p><strong>Elli von Planta<\/strong>Juriste, UBS SA, Bottmingen<\/p>\n<p>&nbsp;<\/p>\n<p>Meilleure compr\u00e9hension de la fa\u00e7on dont les gens (y compris moi-m\u00eame) \"fonctionnent\". Obtenir des lignes directrices centrales pour un coaching utile.<\/p>\n<p><strong>Marcel Gross, <\/strong>Entrepreneur \/ avocat, Tea InterimPlus AG \/ Decurtins &amp; Gerber cabinet d'avocats et d'experts fiscaux<\/p>\n<p>&nbsp;<\/p>\n<p>Le s\u00e9minaire facilitera et am\u00e9liorera mes relations avec mes clients. C'est un compl\u00e9ment utile et de qualit\u00e9 \u00e0 mes connaissances juridiques.<\/p>\n<p><strong>Stephan Bernard, <\/strong>Avocat, Zurich<\/p>\n<p>&nbsp;<\/p>\n<p>J'ai appris quelque chose pour la vie.<\/p>\n<p><strong>Walter Blos, <\/strong>Conseiller fiscal, D-Neumarkt<\/p>\n<p>&nbsp;<\/p>\n<p>J'ai appris \u00e0 mieux me comprendre et \u00e0 mieux comprendre mon environnement. L'\u00e9change d'exp\u00e9riences a \u00e9t\u00e9 tr\u00e8s pr\u00e9cieux.<\/p>\n<p><strong>Gilbert Greif, <\/strong>Expert-comptable dipl\u00f4m\u00e9, B + A Treuhand AG, Cham<\/p>\n<p>&nbsp;<\/p>\n<p>Transmission efficace, compl\u00e8te et encourageante de nombreuses notions psychologiques de base en peu de temps. Extr\u00eamement enrichissant \u00e0 tous points de vue !<\/p>\n<p><strong>Jacqueline Schwarz, <\/strong>Juriste, Office du registre du commerce du canton de Zurich, Zurich<\/p>\n<p>&nbsp;<\/p>\n<p>Dans ce cursus, une grande place est accord\u00e9e \u00e0 l'autor\u00e9flexion. La croissance personnelle peut donc avoir lieu et une r\u00e9orientation int\u00e9rieure est possible.<\/p>\n<p><strong>Filomena Montanaro, <\/strong>Juriste, Zurich<\/p>\n<h2>\n\t\tAper\u00e7u de la formation Coachingplus\n\t<\/h2>\n\t<a href=\"https:\/\/coachingplus.ch\/fr\/formation-de-coaching\/cursus-de-10-jours-de-coaching\/\" target=\"_self\" rel=\"noopener\"><\/a> \n\t\t\t<h3>Cours de 10 jours sur le coaching appliqu\u00e9<\/h3>\t\t\t\n\t\t\t\t<p>Dipl\u00f4me Certificat<\/p>\n<h3>\n\t\tSupervision\n\t<\/h3>\n<h4>\n\t\tS\u00e9ances d'accompagnement\n\t<\/h4>\n\t<a href=\"https:\/\/coachingplus.ch\/fr\/formation-de-coaching\/supervision-de-groupe\/\" target=\"_self\" rel=\"noopener\"><\/a> \n\t\t\t<h3>Supervision \/ s\u00e9ances d'accompagnement<\/h3>\t\t\t\n\t\t\t\t<p>9 demi-journ\u00e9es<br \/>pendant min. 6 mois<\/p>\n<h3>\n\t\tModules de perfectionnement\n\t<\/h3>\n<h4>\n\t\tlibrement s\u00e9lectionnable\n\t<\/h4>\n\t<a href=\"https:\/\/coachingplus.ch\/fr\/formation-de-coaching\/formation-diplomante-pour-le-coaching-applique\/#prozess\" target=\"_self\" rel=\"noopener\"><\/a> \n\t\t\t<h3>Comp\u00e9tences d'accompagnement du processus<\/h3>\t\t\t\n\t\t\t\t<p>2 jours<\/p>\n\t<a href=\"https:\/\/coachingplus.ch\/fr\/formation-de-coaching\/formation-diplomante-pour-le-coaching-applique\/#selbstmgmt\" target=\"_self\" rel=\"noopener\"><\/a> \n\t\t\t<h3>Auto-management Auto-marketing<\/h3>\t\t\t\n\t\t\t\t<p>2 jours<\/p>\n\t<a href=\"https:\/\/coachingplus.ch\/fr\/formation-de-coaching\/formation-diplomante-pour-le-coaching-applique\/#teamcoaching\" target=\"_self\" rel=\"noopener\"><\/a> \n\t\t\t<h3>Coaching d'\u00e9quipe<\/h3>\t\t\t\n\t\t\t\t<p>2 jours<\/p>\n\t<a href=\"https:\/\/coachingplus.ch\/fr\/formation-de-coaching\/formation-diplomante-pour-le-coaching-applique\/#laufbahn\" target=\"_self\" rel=\"noopener\"><\/a> \n\t\t\t<h3>Coaching de carri\u00e8re<\/h3>\t\t\t\n\t\t\t\t<p>2 jours<\/p>\n<h3>\n\t\tGPI<sup>\u00ae<\/sup> Coach\n\t<\/h3>\n<h4>\n\t\tModules I+II\n\t<\/h4>\n\t<a href=\"https:\/\/coachingplus.ch\/fr\/formation-de-coaching\/coach-certifie-gpi\/#modul1\" target=\"_self\" rel=\"noopener\"><\/a> \n\t\t\t<h3>GPI<sup>\u00ae<\/sup> Coach I<\/h3>\t\t\t\n\t\t\t\t<p>2 jours<\/p>\n\t<a href=\"https:\/\/coachingplus.ch\/fr\/formation-de-coaching\/coach-certifie-gpi\/#modul2\" target=\"_self\" rel=\"noopener\"><\/a> \n\t\t\t<h3>GPI<sup>\u00ae<\/sup> Coach II<\/h3>\t\t\t\n\t\t\t\t<p>2 jours<\/p>\n\t<a href=\"https:\/\/coachingplus.ch\/fr\/formation-de-coaching\/coach-certifie-gpi-team\/\" target=\"_self\" rel=\"noopener\"><\/a> \n\t\t\t<h3>Dipl\u00f4m\u00e9 <br \/>GPI<sup>\u00ae<\/sup> Coach de l'\u00e9quipe<\/h3>\t\t\t\n\t\t\t\t<p>audit interne<\/p>\n\t<a href=\"https:\/\/coachingplus.ch\/fr\/formation-de-coaching\/mentor-fa-dipl-coach-sca-dentreprise\/\" target=\"_self\" rel=\"noopener\"><\/a> \n\t\t\t<h3>Mentor* d'entreprise avec brevet f\u00e9d\u00e9ral<\/h3>\t\t\t\n\t\t\t\t<p>coach dipl\u00f4m\u00e9 SCA<\/p>\n\t\t\t\t<img decoding=\"async\" src=\"https:\/\/coachingplus.ch\/wp-content\/uploads\/2020\/08\/favicon.png\" alt=\"favicon\" itemprop=\"image\" height=\"512\" width=\"512\" title=\"favicon\" onerror=\"this.style.display='none'\"  \/>\n<h3>\n\t\tLorsqu'il s'agit de formation au coaching en Suisse, Coachingplus est en t\u00eate de liste. Nous sommes le centre de formation le plus fr\u00e9quent\u00e9. Vous souhaitez en savoir plus ?\n\t<\/h3>\n\t<a href=\"https:\/\/coachingplus.ch\/fr\/newsletter\/\" target=\"_self\" rel=\"noopener\"><\/a> \n\t\t<h4>A lire<\/h4>\t\t\t\n\t\t\t\t<p>Nous nous ferons un plaisir de vous informer sur les th\u00e8mes li\u00e9s au coaching et au leadership par le biais de notre newsletter.<\/p>\n\t<a href=\"\/fr\/contact\/\" target=\"_self\" rel=\"noopener\"><\/a> \n\t\t<h4>Entretien personnel<\/h4>\t\t\t\n\t\t\t\t\n\t<a href=\"https:\/\/coachingplus.ch\/fr\/sinscrire\/\" target=\"_self\" rel=\"noopener\"><\/a> \n\t\t<h4>Convaincu ?!<\/h4>\t\t\t\n<p>Nous vous avons convaincu ? <br \/>Vous pouvez vous inscrire directement ici.<\/p>","protected":false},"excerpt":{"rendered":"<p>Referenzen Treuhand \/ Recht \/ Steuern Der Schl\u00fcssel zum Erfolg sind nicht Informationen. Das sind Menschen. (Lee Iacocca) Der Mensch hat viele Gesichter. Das nat\u00fcrliche, das Image gepr\u00e4gte und auch dasjenige, das vom Geld bestimmt wird. Im Bereich Recht, Treuhand und Steuern, ist es unerl\u00e4sslich, bei oft emotional behafteten Geldfragen ruhig bleiben zu k\u00f6nnen. In [&hellip;]<\/p>\n","protected":false},"author":1,"featured_media":0,"parent":0,"menu_order":0,"comment_status":"closed","ping_status":"closed","template":"","meta":{"_seopress_robots_primary_cat":"","_seopress_titles_title":"Referenzen Treuhand, Recht, Steuern - Umgang mit Klienten erleichtern","_seopress_titles_desc":"Im Studiengang f\u00fcr angewandtes Coaching lernen Teilnehmer, ihre Selbstreflexion zu steigern, mit Klienten umzugehen und mehr Gelassenheit zu leben.","_seopress_robots_index":"","site-sidebar-layout":"default","site-content-layout":"","ast-site-content-layout":"default","site-content-style":"default","site-sidebar-style":"default","ast-global-header-display":"","ast-banner-title-visibility":"","ast-main-header-display":"","ast-hfb-above-header-display":"","ast-hfb-below-header-display":"","ast-hfb-mobile-header-display":"","site-post-title":"disabled","ast-breadcrumbs-content":"","ast-featured-img":"","footer-sml-layout":"","ast-disable-related-posts":"","theme-transparent-header-meta":"","adv-header-id-meta":null,"stick-header-meta":null,"header-above-stick-meta":null,"header-main-stick-meta":null,"header-below-stick-meta":null,"astra-migrate-meta-layouts":"default","ast-page-background-enabled":"default","ast-page-background-meta":{"desktop":{"background-color":"","background-image":"","background-repeat":"repeat","background-position":"center center","background-size":"auto","background-attachment":"scroll","background-type":"","background-media":"","overlay-type":"","overlay-color":"","overlay-opacity":"","overlay-gradient":""},"tablet":{"background-color":"","background-image":"","background-repeat":"repeat","background-position":"center center","background-size":"auto","background-attachment":"scroll","background-type":"","background-media":"","overlay-type":"","overlay-color":"","overlay-opacity":"","overlay-gradient":""},"mobile":{"background-color":"","background-image":"","background-repeat":"repeat","background-position":"center center","background-size":"auto","background-attachment":"scroll","background-type":"","background-media":"","overlay-type":"","overlay-color":"","overlay-opacity":"","overlay-gradient":""}},"ast-content-background-meta":{"desktop":{"background-color":"var(--ast-global-color-5)","background-image":"","background-repeat":"repeat","background-position":"center center","background-size":"auto","background-attachment":"scroll","background-type":"","background-media":"","overlay-type":"","overlay-color":"","overlay-opacity":"","overlay-gradient":""},"tablet":{"background-color":"var(--ast-global-color-5)","background-image":"","background-repeat":"repeat","background-position":"center center","background-size":"auto","background-attachment":"scroll","background-type":"","background-media":"","overlay-type":"","overlay-color":"","overlay-opacity":"","overlay-gradient":""},"mobile":{"background-color":"var(--ast-global-color-5)","background-image":"","background-repeat":"repeat","background-position":"center center","background-size":"auto","background-attachment":"scroll","background-type":"","background-media":"","overlay-type":"","overlay-color":"","overlay-opacity":"","overlay-gradient":""}},"iawp_total_views":11,"footnotes":""},"class_list":["post-12847","page","type-page","status-publish","hentry"],"_links":{"self":[{"href":"https:\/\/coachingplus.ch\/fr\/wp-json\/wp\/v2\/pages\/12847","targetHints":{"allow":["GET"]}}],"collection":[{"href":"https:\/\/coachingplus.ch\/fr\/wp-json\/wp\/v2\/pages"}],"about":[{"href":"https:\/\/coachingplus.ch\/fr\/wp-json\/wp\/v2\/types\/page"}],"author":[{"embeddable":true,"href":"https:\/\/coachingplus.ch\/fr\/wp-json\/wp\/v2\/users\/1"}],"replies":[{"embeddable":true,"href":"https:\/\/coachingplus.ch\/fr\/wp-json\/wp\/v2\/comments?post=12847"}],"version-history":[{"count":0,"href":"https:\/\/coachingplus.ch\/fr\/wp-json\/wp\/v2\/pages\/12847\/revisions"}],"wp:attachment":[{"href":"https:\/\/coachingplus.ch\/fr\/wp-json\/wp\/v2\/media?parent=12847"}],"curies":[{"name":"wp","href":"https:\/\/api.w.org\/{rel}","templated":true}]}}