{"id":12844,"date":"2020-11-29T22:31:35","date_gmt":"2020-11-29T21:31:35","guid":{"rendered":"https:\/\/coachingplus.ch\/?page_id=12844"},"modified":"2022-03-18T18:08:32","modified_gmt":"2022-03-18T17:08:32","slug":"references-techniques-artisanales-et-industrielles-professions","status":"publish","type":"page","link":"https:\/\/coachingplus.ch\/fr\/referenzen-technische-gewerbliche-und-industrielle-berufe\/","title":{"rendered":"R\u00e9f\u00e9rences professions techniques, commerciales et industrielles"},"content":{"rendered":"<h1>R\u00e9f\u00e9rences professions techniques, commerciales et industrielles<\/h1>\nLa cl\u00e9 du succ\u00e8s, ce ne sont pas les informations. Ce sont les personnes.<br \/>\n(Lee Iacocca)\n<p>Dans un m\u00e9tier technique, artisanal ou industriel, on n'est pas seulement confront\u00e9 \u00e0 des questions techniques, mais aussi \u00e0 des personnes tr\u00e8s diff\u00e9rentes. Dans ce contexte, il est important de savoir que les autres ont le droit d'\u00eatre diff\u00e9rents, et moi, justement, je suis moi. Le cursus de coaching appliqu\u00e9 offre de nombreuses connaissances de base et des outils Internet qui peuvent \u00eatre mis en \u0153uvre d\u00e8s le premier jour. Il aide \u00e0 rester calme dans les relations interpersonnelles et permet de comprendre pourquoi les autres sont comme ils sont. Et m\u00eame apr\u00e8s 30 ans, il offre de nouvelles perspectives dans les fonctions de direction.<\/p>\n<p>Apr\u00e8s ces journ\u00e9es de cours, il m'est beaucoup plus facile de comprendre les autres. Je me comprends aussi mieux moi-m\u00eame.<\/p>\n<p><strong>Othmar Zimmermann<\/strong><\/p>\n<p>Directeur de production, agtatec AG, Fehraltdorf<\/p>\n<p>&nbsp;<\/p>\n<p>Obtenir des m\u00e9thodes et des outils pour encourager les individus et les \u00e9quipes \u00e0 travailler ensemble.<\/p>\n<p><strong>Daniel Reber<\/strong><\/p>\n<p>Ing\u00e9nieur \u00e9lectricien dipl\u00f4m\u00e9 EPF, Mettler-Toledo AG, N\u00e4nikon<\/p>\n<p>&nbsp;<\/p>\nUn cours pr\u00e9cieux pour mieux me comprendre et mieux comprendre les autres. Effet maximal co\u00fbt\/b\u00e9n\u00e9fice !<strong><br \/>\n<\/strong>\n<p><strong>Peter Rudin<\/strong><\/p>\n<p>Ing\u00e9nieur civil, Profix AG, Liestal<\/p>\n<p>&nbsp;<\/p>\n<p>Le programme d'\u00e9tudes me donne plus d'assurance et de courage dans mes relations avec les autres.<\/p>\n<p><strong>Fritz Fl\u00f6rchinger<\/strong><\/p>\n<p>Sp\u00e9cialiste en s\u00e9curit\u00e9, Securitas AG, Zollikofen<\/p>\n<p>&nbsp;<\/p>\n<p>Entra\u00eenement \u00e0 la conduite d'entretiens. Obtenir de nombreux outils pratiques.<\/p>\n<p><strong>Hermann L\u00fcscher<\/strong><\/p>\n<p>Ing\u00e9nieur HES \/ enseignant sp\u00e9cialis\u00e9, Winterthur<\/p>\n<p>&nbsp;<\/p>\n<p>Gr\u00e2ce au cours, j'ai appris \u00e0 mieux me conna\u00eetre et \u00e0 mieux m'\u00e9valuer. En outre, j'ai appris \u00e0 percevoir plus concr\u00e8tement les personnes qui m'entourent dans mon environnement professionnel et priv\u00e9, ce qui m'a permis de mieux les comprendre dans diverses situations de la vie quotidienne et d'agir en cons\u00e9quence.<\/p>\n<p><strong>Michael Sutter<\/strong><\/p>\n<p>Constructeur\/technicien ES, g\/m\/s technique, Baden<\/p>\n<p>&nbsp;<\/p>\n<p>Gr\u00e2ce \u00e0 ce cours, j'ai acquis une bien plus grande compr\u00e9hension des gens et surtout de ma propre personnalit\u00e9. Ma perception est plus aiguis\u00e9e et, gr\u00e2ce \u00e0 une r\u00e9flexion constante, je reconnais le fil conducteur de ma vie. Les \u00e9changes avec les autres participants au cours ont \u00e9t\u00e9 stimulants et inspirants.<\/p>\n<p><strong>Heidi Sprecher<\/strong><\/p>\n<p>Acheteuse strat\u00e9gique, Hilti Corporation, FL-Schaan<\/p>\n<p>&nbsp;<\/p>\n<p>Je peux d\u00e9samorcer l'apparition de conflits \u00e0 un stade pr\u00e9coce, car j'ai une meilleure compr\u00e9hension de ce qui motive l'individu et de la mani\u00e8re dont je peux l'atteindre dans son langage.<\/p>\n<p><strong>Claudia Dimachkie<\/strong><\/p>\n<p>Gestionnaire, Pf\u00e4ffikon<\/p>\n<p>&nbsp;<\/p>\n<p>Formation pr\u00e9cieuse pour travailler avec les gens.<\/p>\n<p><strong>Martin Baur<\/strong><\/p>\n<p>Responsable Electricit\u00e9, AXA - Winterthur, Winterthur<\/p>\n<p>&nbsp;<\/p>\n<p>Je sais maintenant pourquoi je me comporte ainsi dans certaines situations et je peux ainsi influencer mon propre comportement\/mod\u00e8le de mani\u00e8re \"profitable\".<\/p>\n<p><strong>Urs Gr\u00e4nacher <\/strong><\/p>\n<p>&nbsp;<\/p>\n<p>Comme les rapports sont simples et comme les gens \"fonctionnent\".<\/p>\n<p><strong>Roland Heierli<\/strong><\/p>\n<p>M\u00fcller, Zwicky AG, montagne<\/p>\n<p>&nbsp;<\/p>\n<p>Diriger, guider, accompagner et motiver plus facilement les collaborateurs.<\/p>\n<p><strong>Peter R\u00fcegg<\/strong><\/p>\n<p>Directeur, W. R\u00fcegg AG, Oberhasli<\/p>\n<p>&nbsp;<\/p>\n<p>Un cursus pour le c\u0153ur, l'\u00e2me et l'esprit. Des blocs th\u00e9oriques courts et de nombreuses possibilit\u00e9s d'application.<\/p>\n<p><strong>Christian Surbeck<\/strong><\/p>\n<p>Directeur \/ Ing\u00e9nieur commercial, RAMSEYER AG, Flamatt<\/p>\n<p>&nbsp;<\/p>\n<p>L'approfondissement de ma personnalit\u00e9 m'a permis de prendre davantage conscience de mes forces et de mes comp\u00e9tences.<\/p>\n<p><strong>Jasmine Birkle<\/strong><\/p>\n<p>Z\u00fchlke Engineering AG, Zurich<\/p>\n<p>&nbsp;<\/p>\n<p>Cette formation m'aide \u00e0 mieux percevoir et comprendre les autres et moi-m\u00eame. C'est un outil puissant !<\/p>\n<p><strong>F\u00e9lix Moser<\/strong><\/p>\n<p>Masch. ETH, Neftenbach<\/p>\n<p>&nbsp;<\/p>\n<p>J'ai re\u00e7u de nombreuses impulsions pour mieux \u00e9valuer les autres et pour mieux me comporter avec moi-m\u00eame. J'ai d\u00e9couvert de nombreux outils formidables pour mener des entretiens.<\/p>\n<p><strong>Erich Forster<\/strong><\/p>\n<p>Ing\u00e9nieur \u00e9lectricien, bureau d'ing\u00e9nieurs \u00e9lectriciens Forster AG, Kloten<\/p>\n<p>&nbsp;<\/p>\n<p>Meilleure connaissance de soi, courage de r\u00e9fl\u00e9chir sur soi-m\u00eame, observation de nombreuses situations pratiques. J'ai eu des conversations int\u00e9ressantes avec des personnes formidables - une exp\u00e9rience pr\u00e9cieuse, je suivrais \u00e0 nouveau ce cours \u00e0 tout moment !<\/p>\n<p><strong>Sandra Turro<\/strong><\/p>\n<p>Chef de projet, Edwards Lifesciences AG, Horw<\/p>\n<p>&nbsp;<\/p>\n<p>Depuis toujours, j'ai des gens autour de moi. Gr\u00e2ce \u00e0 ce cursus, je sais de mani\u00e8re approfondie comment nous fonctionnons, eux et moi, et aussi en \u00e9quipe. Je peux d\u00e9sormais engager et encourager les gens de mani\u00e8re cibl\u00e9e en fonction de leur \"tic\". Je dispose en outre de nombreux outils pour mettre cela en \u0153uvre.<\/p>\n<p><strong>Stefan Bodmer<\/strong><\/p>\n<p>Technicien \/ responsable qualit\u00e9, Unimec Fabrikations AG, Wetzikon<\/p>\n<p>&nbsp;<\/p>\n<p>Obtenir des conseils utiles pour la gestion des conflits.<\/p>\n<p><strong>J\u00fcrg Niederbrucker<\/strong><\/p>\n<p>Chef de projet, Geberit Produktions AG, Jona<\/p>\n<p>&nbsp;<\/p>\n<p>M\u00eame apr\u00e8s 30 ans d'exp\u00e9rience en tant que cadre, le cursus m'a montr\u00e9 de nombreuses nouvelles perspectives. Je suis \u00e0 nouveau motiv\u00e9 pour aborder de nombreuses choses et pour acqu\u00e9rir de l'exp\u00e9rience dans les entretiens de coaching !<\/p>\n<p><strong>J\u00fcrg Hopfeng\u00e4rtner<\/strong><\/p>\n<p>Directeur de la production, Heimgartner Fahnen AG, Wil<\/p>\n<p>&nbsp;<\/p>\n<p>Aujourd'hui, je r\u00e9alise que j'ai choisi la bonne formation. C'\u00e9tait un groupe extraordinaire. Les participants ont renforc\u00e9 les connaissances. Je sens beaucoup de puissance en moi et je remercie tout le monde pour leur participation ouverte et leur empathie.<\/p>\n<p><strong>Mario Voser<\/strong><\/p>\n<p>Directeur adjoint du Customer Call Center \/ 'Superviseur dipl\u00f4m\u00e9 du Call Center CallNet, Schindler Ascenseurs SA, Ebikon<\/p>\n<p>&nbsp;<\/p>\n<p>J'ai beaucoup appris sur moi-m\u00eame.<\/p>\n<p><strong>Pierre Vogrin<\/strong><\/p>\n<p>Six Sigma Black Belt, Siebnen<\/p>\n<p>&nbsp;<\/p>\nJusqu'\u00e0 pr\u00e9sent, je n'ai jamais v\u00e9cu un cours aussi proche de la pratique et qui englobe en m\u00eame temps toute ma vie et mon environnement. J'en suis sorti renforc\u00e9 sur le plan personnel et j'envisage mon avenir avec beaucoup de s\u00e9r\u00e9nit\u00e9 et de confiance.<br \/>\n<strong><br \/>\n<\/strong>\n<p><strong>Urs M\u00fcller<\/strong><\/p>\n<p>Ing\u00e9nieur, IWB Industrielle Werke Basel, B\u00e2le<\/p>\n<p>&nbsp;<\/p>\nEn apprenant \u00e0 conna\u00eetre les outils de coaching les plus divers et en approfondissant ma compr\u00e9hension du fonctionnement de moi-m\u00eame et des autres, je suis en mesure d'apporter mon aide dans diverses questions.<br \/>\n<strong><br \/>\n<\/strong>\n<p><strong>Felix Hunziker<\/strong><\/p>\n<p>Sp\u00e9cialiste de la gestion de l'exploitation CFF, Chemins de fer f\u00e9d\u00e9raux suisses CFF, Zurich<\/p>\n<p>&nbsp;<\/p>\nGr\u00e2ce \u00e0 ce cursus, j'ai beaucoup appris sur moi-m\u00eame, mais aussi sur les autres.<strong><br \/>\n<\/strong>\n<p><strong>Thorsten Hnida, <\/strong><\/p>\n<p>Directeur des achats \/ de la logistique, Gyso AG, Kloten<\/p>\n<p>&nbsp;<\/p>\n<p>Saisir le th\u00e8me de l'interaction et de la gestion des personnes avec une philosophie de base positive et d\u00e9velopper son sac \u00e0 dos.<\/p>\n<p><strong>Joachim G\u00f6rg<\/strong><\/p>\n<p>Workstream Leader Int\u00e9gration, LafargeHolcim, Zurich<\/p>\n<p>&nbsp;<\/p>\n<p>Le grand b\u00e9n\u00e9fice est ma nouvelle acceptation de moi-m\u00eame. Je connais maintenant de nouvelles fa\u00e7ons et possibilit\u00e9s de g\u00e9rer mes zones de tension.<\/p>\n<p><strong>R\u00fcdiger Str\u00f6hlein<\/strong><\/p>\n<p>Monteur \u00e9lectricien, EGLI AG, B\u00fctschwil<\/p>\n<p>&nbsp;<\/p>\n<p>Am\u00e9lioration de la comp\u00e9tence d'action et de la comp\u00e9tence personnelle. Obtenir de la clart\u00e9 sur ses propres motivations.<\/p>\n<p><strong>Reto Montani<\/strong><\/p>\n<p>MSc ETH Ing\u00e9nieur en m\u00e9canique \/ MBA, Langenthal<\/p>\n<p>&nbsp;<\/p>\n<p>Le cours m'a fait r\u00e9fl\u00e9chir intens\u00e9ment et m'a permis d'avancer un peu plus dans mon d\u00e9veloppement personnel.<\/p>\n<p><strong>Horst Spielmann<\/strong><\/p>\n<p>DSM Nutritional Products AG, Sisseln<\/p>\n<p>&nbsp;<\/p>\n<p>La prise de conscience des diff\u00e9rents caract\u00e8res, associ\u00e9e aux mesures favorisant la coop\u00e9ration, fera de ce cours une valeur ajout\u00e9e pour moi et mes clients. Urs anime le cours de mani\u00e8re d\u00e9contract\u00e9e, d\u00e9tendue et tr\u00e8s professionnelle.<\/p>\n<p><strong>Martin R\u00fcegger<\/strong><\/p>\n<p>Responsable de la s\u00e9curit\u00e9 alimentaire, SWISS TS, Wallisellen<\/p>\n<p>&nbsp;<\/p>\n<p>Dans ce cursus, j'ai appris \u00e0 mieux me conna\u00eetre. Cr\u00e9er la possibilit\u00e9 d'\u00eatre d'\u00e9gal \u00e0 \u00e9gal avec l'autre en posant des questions cibl\u00e9es et ouvertes.<\/p>\n<p><strong>Marco Ehrat<\/strong><\/p>\n<p>Chef de projet, Ernst Hausamann &amp; Co AG, Zurich<\/p>\n<p>&nbsp;<\/p>\n<p>Augmentation de l'autor\u00e9flexion. Renforcement de l'ouverture aux autres. \u00c9largissement de l'horizon.<\/p>\n<p><strong>Roland Soltermann<\/strong><\/p>\n<p>Ing\u00e9nieur en m\u00e9canique, Winterthur<\/p>\n<p>&nbsp;<\/p>\n<p>La confrontation avec ma structure de personnalit\u00e9 et celle des autres, ainsi que les diff\u00e9rents outils pratiqu\u00e9s, m'aident dans mes relations avec les gens, tant dans le domaine priv\u00e9 que professionnel.<\/p>\n<p><strong>Markus Weyermann<\/strong><\/p>\n<p>Ing\u00e9nieur ETS, Bolligen<\/p>\n<p>Je recommande ce cursus \u00e0 tout le monde. Les techniques et les outils appris sont applicables au quotidien. Super exp\u00e9rience, apporte de nouvelles impulsions et rend heureux.<\/p>\n<p>&nbsp;<\/p>\n<p><strong>Dusan Pantelic<\/strong><\/p>\n<p>Directeur logistique, agtatec AG, Fehraltdorf<\/p>\n<p>&nbsp;<\/p>\n<p>Merci beaucoup de nous faire profiter de tes connaissances et de ta grande exp\u00e9rience. Ta formation est in\u00e9galable en termes d'actualit\u00e9 et d'orientation pratique.<\/p>\n<p><strong>Adrian Spycher<\/strong><\/p>\n<p>Chef de projet, Berne<\/p>\n<p>&nbsp;<\/p>\n<p>Ce qui \u00e9tait important pour moi, c'\u00e9tait l'exp\u00e9rience pratique approfondie et r\u00e9p\u00e9t\u00e9e, la d\u00e9limitation du coaching et les conditions marginales.<\/p>\n<p><strong>Dieter Surbeck<\/strong><\/p>\n<p>EI. Ing\u00e9nieur \/ Ing\u00e9nieur logiciel \/ NDS BWL, Steffisburg<\/p>\n<p>&nbsp;<\/p>\n<p>Je peux mieux reconna\u00eetre l'autre et faire preuve de compr\u00e9hension.<\/p>\n<p><strong>Benjamin Willhelm<\/strong><\/p>\n<p>Ing\u00e9nieur m\u00e9canicien, CFF SA<\/p>\n<p>&nbsp;<\/p>\n<p>Croissance personnelle dans le contact avec les gens. Utilit\u00e9 dans le dialogue quotidien avec nos artisans, nettoyeurs jusqu'au membre de la direction. Encourage notre culture d'\u00e9quipe.<\/p>\n<p><strong>St\u00e9phane Karch<\/strong><\/p>\n<p>Directeur de la pr\u00e9vention sant\u00e9 et s\u00e9curit\u00e9 au travail, Bouygues Energies &amp; Services Suisse SA, Zurich<\/p>\n<h2>\n\t\tAper\u00e7u de la formation Coachingplus\n\t<\/h2>\n\t<a href=\"https:\/\/coachingplus.ch\/fr\/formation-de-coaching\/cursus-de-10-jours-de-coaching\/\" target=\"_self\" aria-label=\"Go to https:\/\/coachingplus.ch\/coaching-ausbildung\/10-taegiger-coaching-studiengang\/\" rel=\"noopener\"><\/a>\n\t\t\t<h3>Cours de 10 jours sur le coaching appliqu\u00e9<\/h3>\t\t\t\n\t\t\t\t<p>Dipl\u00f4me Certificat<\/p>\n<h3>\n\t\tSessions de r\u00e9flexion\n\t<\/h3>\n\t<a href=\"https:\/\/coachingplus.ch\/fr\/formation-de-coaching\/supervision-de-groupe\/\" target=\"_self\" aria-label=\"Go to https:\/\/coachingplus.ch\/coaching-ausbildung\/gruppensupervision\/\" rel=\"noopener\"><\/a>\n\t\t\t<h3>Sessions de r\u00e9flexion<\/h3>\t\t\t\n\t\t\t\t<p>9 demi-journ\u00e9es<br \/>pendant min. 6 mois<\/p>\n<h3>\n\t\tModules de perfectionnement\n\t<\/h3>\n\t<a href=\"https:\/\/coachingplus.ch\/fr\/formation-de-coaching\/formation-diplomante-pour-le-coaching-applique\/#prozess\" target=\"_self\" aria-label=\"Go to https:\/\/coachingplus.ch\/coaching-ausbildung\/diplomausbildung-fuer-angewandtes-coaching\/#prozess\" rel=\"noopener\"><\/a>\n\t\t\t<h3>Comp\u00e9tences d'accompagnement du processus<\/h3>\t\t\t\n\t\t\t\t<p>2 jours<\/p>\n\t<a href=\"https:\/\/coachingplus.ch\/fr\/formation-de-coaching\/formation-diplomante-pour-le-coaching-applique\/#selbstmgmt\" target=\"_self\" aria-label=\"Go to https:\/\/coachingplus.ch\/coaching-ausbildung\/diplomausbildung-fuer-angewandtes-coaching\/#selbstmgmt\" rel=\"noopener\"><\/a>\n\t\t\t<h3>Auto-management Auto-marketing<\/h3>\t\t\t\n\t\t\t\t<p>2 jours<\/p>\n\t<a href=\"https:\/\/coachingplus.ch\/fr\/formation-de-coaching\/formation-diplomante-pour-le-coaching-applique\/#teamcoaching\" target=\"_self\" aria-label=\"Go to https:\/\/coachingplus.ch\/coaching-ausbildung\/diplomausbildung-fuer-angewandtes-coaching\/#teamcoaching\" rel=\"noopener\"><\/a>\n\t\t\t<h3>Coaching d'\u00e9quipe<\/h3>\t\t\t\n\t\t\t\t<p>2 jours<\/p>\n\t<a href=\"https:\/\/coachingplus.ch\/fr\/formation-de-coaching\/formation-diplomante-pour-le-coaching-applique\/#laufbahn\" target=\"_self\" aria-label=\"Go to https:\/\/coachingplus.ch\/coaching-ausbildung\/diplomausbildung-fuer-angewandtes-coaching\/#laufbahn\" rel=\"noopener\"><\/a>\n\t\t\t<h3>Coaching de carri\u00e8re<\/h3>\t\t\t\n\t\t\t\t<p>2 jours<\/p>\n<h3>\n\t\tModules compl\u00e9mentaires\n\t<\/h3>\n\t<a href=\"https:\/\/coachingplus.ch\/fr\/formation-de-coaching\/module-complementaire-travail-thematique\/\" target=\"_self\" aria-label=\"Go to https:\/\/coachingplus.ch\/coaching-ausbildung\/zusatzmodul-thematische-arbeit\/\" rel=\"noopener\"><\/a>\n\t\t\t<h3>Travail th\u00e9matique<\/h3>\t\t\t\n\t\t\t\t<p>1\/2 jours<\/p>\n\t<a href=\"https:\/\/coachingplus.ch\/fr\/formation-de-coaching\/simulation-dexamen\/\" target=\"_self\" aria-label=\"Go to https:\/\/coachingplus.ch\/coaching-ausbildung\/pruefungssimulation\/\" rel=\"noopener\"><\/a>\n\t\t\t<h3>Simulation d'examen<\/h3>\t\t\t\n\t\t\t\t<p>1\/2 jours<\/p>\n\t<a href=\"https:\/\/coachingplus.ch\/fr\/formation-de-coaching\/mentor-fa-dipl-coach-sca-dentreprise\/\" target=\"_self\" aria-label=\"Go to https:\/\/coachingplus.ch\/coaching-ausbildung\/betrieblicher-mentor-fa-dipl-coach-sca\/\" rel=\"noopener\"><\/a>\n\t\t\t<h3>Mentor* d'entreprise avec brevet f\u00e9d\u00e9ral<\/h3>\t\t\t\n\t\t\t\t<p>coach dipl\u00f4m\u00e9 SCA<\/p>\n\t\t\t\t<img decoding=\"async\" src=\"https:\/\/coachingplus.ch\/wp-content\/uploads\/2020\/08\/favicon.png\" alt=\"et logo\" itemprop=\"image\" height=\"512\" width=\"512\" title=\"favicon\" onerror=\"this.style.display='none'\"  \/>\n<h3>\n\t\tLorsqu'il s'agit de formation au coaching en Suisse, Coachingplus est en t\u00eate de liste. Nous sommes le centre de formation le plus fr\u00e9quent\u00e9. Vous souhaitez en savoir plus ?\n\t<\/h3>\n\t<a href=\"https:\/\/coachingplus.ch\/fr\/newsletter\/\" target=\"_self\" aria-label=\"Go to https:\/\/coachingplus.ch\/newsletter\/\" rel=\"noopener\"><\/a>\n\t\t<h4>A lire<\/h4>\t\t\t\n\t\t\t\t<p>Nous nous ferons un plaisir de vous informer sur les th\u00e8mes li\u00e9s au coaching et au leadership par le biais de notre newsletter.<\/p>\n\t<a href=\"\/fr\/contact\/\" target=\"_self\" aria-label=\"Go to \/contact\/\" rel=\"noopener\"><\/a>\n\t\t<h4>Entretien personnel<\/h4>\t\t\t\n\t\t\t\t<p>Nous r\u00e9pondrons volontiers \u00e0 vos questions par e-mail, t\u00e9l\u00e9phone ou lors d'un entretien personnel. <a href=\"https:\/\/coachingplus.ch\/fr\/contact\/\">Discutez de vos questions !<\/a><\/p>\n\t<a href=\"https:\/\/coachingplus.ch\/fr\/sinscrire\/\" target=\"_self\" aria-label=\"Go to https:\/\/coachingplus.ch\/anmelden\/\" rel=\"noopener\"><\/a>\n\t\t<h4>Convaincu ?!<\/h4>\t\t\t\n<p>Nous vous avons convaincu ? <br \/>Vous pouvez vous inscrire directement ici.<\/p>","protected":false},"excerpt":{"rendered":"<p>Referenzen technische, gewerbliche und industrielle Berufe Der Schl\u00fcssel zum Erfolg sind nicht Informationen. Das sind Menschen. (Lee Iacocca) In einem technischen, gewerblichen\u00a0 oder industriellen Beruf wird man nicht nur mit technischen Fragen konfrontiert, sondern auch mit den unterschiedlichsten Menschen. Dabei ist es wichtig zu wissen, dass andere anders sein d\u00fcrfen, und ich eben ich. Der [&hellip;]<\/p>\n","protected":false},"author":1,"featured_media":0,"parent":0,"menu_order":0,"comment_status":"closed","ping_status":"closed","template":"","meta":{"_seopress_robots_primary_cat":"","_seopress_titles_title":"Referenzen Coaching-Studiengang gewerbliche und industrielle Berufe","_seopress_titles_desc":"Der Studiengang f\u00fcr angewandtes Coaching hilft z. B. im zwischenmenschlichen Bereich gelassen zu bleiben. Referenzen, so haben die Teilnehmer es erlebt.","_seopress_robots_index":"","site-sidebar-layout":"default","site-content-layout":"","ast-site-content-layout":"default","site-content-style":"default","site-sidebar-style":"default","ast-global-header-display":"","ast-banner-title-visibility":"","ast-main-header-display":"","ast-hfb-above-header-display":"","ast-hfb-below-header-display":"","ast-hfb-mobile-header-display":"","site-post-title":"disabled","ast-breadcrumbs-content":"","ast-featured-img":"","footer-sml-layout":"","ast-disable-related-posts":"","theme-transparent-header-meta":"","adv-header-id-meta":null,"stick-header-meta":null,"header-above-stick-meta":null,"header-main-stick-meta":null,"header-below-stick-meta":null,"astra-migrate-meta-layouts":"default","ast-page-background-enabled":"default","ast-page-background-meta":{"desktop":{"background-color":"","background-image":"","background-repeat":"repeat","background-position":"center center","background-size":"auto","background-attachment":"scroll","background-type":"","background-media":"","overlay-type":"","overlay-color":"","overlay-opacity":"","overlay-gradient":""},"tablet":{"background-color":"","background-image":"","background-repeat":"repeat","background-position":"center center","background-size":"auto","background-attachment":"scroll","background-type":"","background-media":"","overlay-type":"","overlay-color":"","overlay-opacity":"","overlay-gradient":""},"mobile":{"background-color":"","background-image":"","background-repeat":"repeat","background-position":"center center","background-size":"auto","background-attachment":"scroll","background-type":"","background-media":"","overlay-type":"","overlay-color":"","overlay-opacity":"","overlay-gradient":""}},"ast-content-background-meta":{"desktop":{"background-color":"var(--ast-global-color-5)","background-image":"","background-repeat":"repeat","background-position":"center center","background-size":"auto","background-attachment":"scroll","background-type":"","background-media":"","overlay-type":"","overlay-color":"","overlay-opacity":"","overlay-gradient":""},"tablet":{"background-color":"var(--ast-global-color-5)","background-image":"","background-repeat":"repeat","background-position":"center center","background-size":"auto","background-attachment":"scroll","background-type":"","background-media":"","overlay-type":"","overlay-color":"","overlay-opacity":"","overlay-gradient":""},"mobile":{"background-color":"var(--ast-global-color-5)","background-image":"","background-repeat":"repeat","background-position":"center center","background-size":"auto","background-attachment":"scroll","background-type":"","background-media":"","overlay-type":"","overlay-color":"","overlay-opacity":"","overlay-gradient":""}},"iawp_total_views":86,"footnotes":""},"class_list":["post-12844","page","type-page","status-publish","hentry"],"_links":{"self":[{"href":"https:\/\/coachingplus.ch\/fr\/wp-json\/wp\/v2\/pages\/12844","targetHints":{"allow":["GET"]}}],"collection":[{"href":"https:\/\/coachingplus.ch\/fr\/wp-json\/wp\/v2\/pages"}],"about":[{"href":"https:\/\/coachingplus.ch\/fr\/wp-json\/wp\/v2\/types\/page"}],"author":[{"embeddable":true,"href":"https:\/\/coachingplus.ch\/fr\/wp-json\/wp\/v2\/users\/1"}],"replies":[{"embeddable":true,"href":"https:\/\/coachingplus.ch\/fr\/wp-json\/wp\/v2\/comments?post=12844"}],"version-history":[{"count":1,"href":"https:\/\/coachingplus.ch\/fr\/wp-json\/wp\/v2\/pages\/12844\/revisions"}],"predecessor-version":[{"id":14873,"href":"https:\/\/coachingplus.ch\/fr\/wp-json\/wp\/v2\/pages\/12844\/revisions\/14873"}],"wp:attachment":[{"href":"https:\/\/coachingplus.ch\/fr\/wp-json\/wp\/v2\/media?parent=12844"}],"curies":[{"name":"wp","href":"https:\/\/api.w.org\/{rel}","templated":true}]}}