{"id":12842,"date":"2020-11-29T22:31:35","date_gmt":"2020-11-29T21:31:35","guid":{"rendered":"https:\/\/coachingplus.ch\/?page_id=12842"},"modified":"2022-03-18T18:09:01","modified_gmt":"2022-03-18T17:09:01","slug":"references-conseil-rav","status":"publish","type":"page","link":"https:\/\/coachingplus.ch\/fr\/referenzen-rav-beratung\/","title":{"rendered":"R\u00e9f\u00e9rences conseil ORP"},"content":{"rendered":"<h1>R\u00e9f\u00e9rences conseil ORP<\/h1>\nLa cl\u00e9 du succ\u00e8s, ce ne sont pas les informations. Ce sont les personnes.<br \/>\n(Lee Iacocca)\n<p>Le m\u00e9tier de conseiller implique de nombreux contacts avec les gens. Des gens qui cherchent des conseils, des gens qui sont dans le besoin et qui ont besoin d'une aide comp\u00e9tente. Ils ont besoin d'un conseiller qui les comprend et les encourage. Le cursus de coaching appliqu\u00e9 offre un m\u00e9lange id\u00e9al de th\u00e9orie, d'exercices et d'autor\u00e9flexion. Les participants peuvent approfondir leurs comp\u00e9tences personnelles, sociales et de conseil en seulement 10 jours. Les connaissances acquises permettent de mieux comprendre les personnes de son propre entourage et de mieux appr\u00e9hender ses propres modes d'action ainsi que ceux des autres. Un m\u00e9lange id\u00e9al de th\u00e9orie et de pratique !<\/p>\n<p>J'ai beaucoup appr\u00e9ci\u00e9 l'ensemble du cours. Surtout le lien avec la pratique. Le cours est un enrichissement pour mon quotidien de coach.<\/p>\n<p><strong>Christiane Schneider<\/strong><\/p>\n<p>\u00c9conomiste et coach dipl\u00f4m\u00e9e (FHNW), Center Manager, InnoPark Schweiz AG, Olten<\/p>\n<p>&nbsp;<\/p>\n<p>R\u00e9flexion intense sur soi-m\u00eame, d'o\u00f9 sont n\u00e9es de nombreuses nouvelles approches et opinions sur ma fa\u00e7on de penser et d'agir. Beaucoup d'inspiration pour de nouvelles id\u00e9es et de nouvelles voies.<\/p>\n<p><strong>Michael Kuoni<\/strong><\/p>\n<p>Conseiller ORP, ORP Frauenfeld, Frauenfeld<\/p>\n<p>&nbsp;<\/p>\n<p>Le cursus m'a permis de d\u00e9couvrir de nombreux outils qui m'aident \u00e0 mieux comprendre mes clients et \u00e0 les accompagner vers la recherche de solutions.<\/p>\n<p><strong>Carin Wettstein<\/strong><\/p>\n<p>Formatrice \/ coach en nutrition, AOZ (Asyl Organisation Z\u00fcrich), Zurich<\/p>\n<p>&nbsp;<\/p>\n<p>Gr\u00e2ce \u00e0 un m\u00e9lange id\u00e9al de th\u00e9orie, d'exercices et d'autor\u00e9flexion, j'ai pu approfondir mes comp\u00e9tences personnelles, sociales et de conseil et les \u00e9largir au-del\u00e0 de mes attentes en \"seulement\" 10 jours.<\/p>\n<p><strong>Ruth Stricker<\/strong><\/p>\n<p>Collaboratrice administrative \/ coach de candidature, Berner Stellennetz, Berne<\/p>\n<p>&nbsp;<\/p>\n<p>La structure temporelle permettait d'appliquer imm\u00e9diatement ce que l'on entendait et de pouvoir ainsi d\u00e9j\u00e0 faire part de ses premi\u00e8res exp\u00e9riences pour la session suivante. Un m\u00e9lange id\u00e9al de th\u00e9orie et de pratique gr\u00e2ce \u00e0 l'application continue !<\/p>\n<p><strong>Peter Altherr<\/strong><\/p>\n<p>Chef de service, PvB maximumm, Roggwil<\/p>\n<p>&nbsp;<\/p>\n<p>Je peux int\u00e9grer la plupart des outils dans le processus de coaching et mes collaboratrices appr\u00e9cient beaucoup ces impulsions.<\/p>\n<p><strong>Evelyne Rahm<\/strong><\/p>\n<p>Assistante sociale, Fondation Pegasus, Aarau<\/p>\n<p>&nbsp;<\/p>\n<p>Le cours donne le courage d'utiliser le coaching soi-m\u00eame.<\/p>\n<p><strong>Luzius Bucher<\/strong><\/p>\n<p>Directeur, Bourse de l'emploi de Binningen<\/p>\n<p>&nbsp;<\/p>\n<p>Je connais maintenant mes comp\u00e9tences personnelles, je peux les utiliser dans le coaching gr\u00e2ce au cours, aborder et r\u00e9soudre les conflits de mani\u00e8re plus efficace et plus cibl\u00e9e.<\/p>\n<p><strong>Marcel Nyffeler<\/strong><\/p>\n<p>Directeur de d\u00e9partement, PvB maxi.mumm Ville de Langenthal, Roggwil<\/p>\n<p>&nbsp;<\/p>\n<p>Les outils de coaching sont imm\u00e9diatement utilisables et peuvent \u00eatre mis en pratique d\u00e8s le premier jour.<\/p>\n<p><strong>Elmar Heinen<\/strong><\/p>\n<p>Formateur d'adultes dans le domaine du ch\u00f4mage, OPRA - Programme pour le march\u00e9 du travail, Brigue<\/p>\n<p>&nbsp;<\/p>\n<p>Gr\u00e2ce \u00e0 ces connaissances, je peux mieux comprendre les personnes qui m'entourent et comprendre leur mani\u00e8re d'agir.<\/p>\n<p><strong>Othmar Abegglen<\/strong><\/p>\n<p>Conseiller en personnel ORP, Kreuzlingen<\/p>\n<p>&nbsp;<\/p>\n<p>En tant que chef d'\u00e9quipe de l'AIZ (centre d'int\u00e9gration professionnelle) de l'AWA de B\u00e2le-Ville, je coache des demandeurs d'emploi. Je peux utiliser avec profit la \"bo\u00eete \u00e0 outils\" qui m'a \u00e9t\u00e9 remise.<\/p>\n<p><strong>Andr\u00e9 H\u00e4gler<\/strong><\/p>\n<p>Chef d'\u00e9quipe AIZ \/ Service social AWA, B\u00e2le<\/p>\n<p>&nbsp;<\/p>\n<p>J'ai pris conscience de mes capacit\u00e9s et de mon potentiel et je les ai \u00e9largis, ce qui m'a permis de progresser consid\u00e9rablement dans mon d\u00e9veloppement personnel et professionnel.<\/p>\n<p><strong>Agatha Stefanie Kremser<\/strong><\/p>\n<p>P\u00e9dagogue sociale dipl\u00f4m\u00e9e (FH), D - Bad S\u00e4ckingen<\/p>\n<p>&nbsp;<\/p>\n<p>Le cursus me permet de mener des entretiens et de donner des conseils de mani\u00e8re beaucoup plus diff\u00e9renci\u00e9e. L'attitude fondamentale d'\u00e9quivalence et d'encouragement y est centrale et prometteuse.<\/p>\n<p><strong>Dieter Strebel<\/strong><\/p>\n<p>Conseiller en ressources humaines, KIGA Graub\u00fcnden \/ Amt f\u00fcr Industrie, Gewerbe und Arbeit, Coire<\/p>\n<p>&nbsp;<\/p>\n<p>Dix jours extr\u00eamement pr\u00e9cieux qui m'ont permis de progresser de mani\u00e8re d\u00e9cisive dans mon activit\u00e9 professionnelle de coach.<\/p>\n<p><strong>Hans Ludin<\/strong><\/p>\n<p>Coach de projet, FAU - Association Travail et Environnement, Saint-Gall<\/p>\n<p>&nbsp;<\/p>\n<p>Applicable imm\u00e9diatement avec un succ\u00e8s direct.<\/p>\n<p><strong>Margret Herzog<\/strong><\/p>\n<p>Responsable de cours \/ coach bilan de comp\u00e9tences et cours de candidature ORP, Ecole-club Migros, Lichtensteig<\/p>\n<p>&nbsp;<\/p>\n<p>Le plus grand b\u00e9n\u00e9fice pour moi est la prise de conscience de l'importance d'une r\u00e9flexion continue sur ses propres actions.<\/p>\n<p><strong>Christoph H\u00e4sler<\/strong><\/p>\n<p>P\u00e9dagogue social<\/p>\n<p>&nbsp;<\/p>\n<p>Peut utiliser le test en ligne dans le cadre du coaching. Comprend mieux les gens dans leur orientation fondamentale et leurs objectifs.<\/p>\n<p><strong>Brigitte H\u00e4feli<\/strong><\/p>\n<p>Responsable de cours\/coach pour demandeurs d'emploi, PvB maxi.mumm, Roggwil<\/p>\n<p>&nbsp;<\/p>\n<p>Connu des m\u00e9thodes \/ instruments utiles<\/p>\n<p><strong>Rosemarie Lutz<\/strong><\/p>\n<p>Formatrice d'adultes \/ journaliste, Beras Trading AG. Entreprise de pratique de l'Ecole-club Migros Suisse orientale, St-Gall<\/p>\n<p>&nbsp;<\/p>\n<p>J'ai beaucoup appris sur moi-m\u00eame dans une atmosph\u00e8re tr\u00e8s constructive et bienveillante.<\/p>\n<p><strong>N. Kehlstadt<\/strong><\/p>\n<p>Conseill\u00e8re \/ coach, Kiebitz, B\u00e2le<\/p>\n<p>&nbsp;<\/p>\n<p>Obtenir des outils utiles pour le coaching.<\/p>\n<p><strong>Heini Br\u00e4ndli<\/strong><\/p>\n<p>Directeur, Atelier 23, Dietikon<\/p>\n<p>&nbsp;<\/p>\n<p>Mon objectif personnel \u00e9tait d'apprendre des outils pour aider mes clients \u00e0 progresser sur leur chemin personnel. En outre, j'ai beaucoup appris sur moi-m\u00eame, sur ma fa\u00e7on de penser - de ressentir - d'agir.<\/p>\n<p><strong>Alice<\/strong><\/p>\n<p>Formatrice \/ animatrice, Santis Training AG, Lenzburg<\/p>\n<p>&nbsp;<\/p>\n<p>Je me sens bien \u00e9quip\u00e9e, r\u00e9fl\u00e9chie et encourag\u00e9e.<\/p>\n<p><strong>J\u00fcrgen Wehmann<\/strong><\/p>\n<p>Sp\u00e9cialiste conseil + int\u00e9gration, Fondation Wendepunkt, Muhen<\/p>\n<p>&nbsp;<\/p>\n<p>Une meilleure gestion des entretiens s'est d\u00e9j\u00e0 manifest\u00e9e apr\u00e8s quatre jours de module.<\/p>\n<p><strong>Pius Ballat<\/strong><\/p>\n<p>Responsable de cours bilan de comp\u00e9tences, Job-Kompass, Schindellegi<\/p>\n<p>&nbsp;<\/p>\n<p>Dans le cursus, j'ai \"appris\" en peu de temps \u00e0 me faire progresser et \u00e0 faire progresser les autres avec des outils simples.<\/p>\n<p><strong>Bettina Kunz<\/strong><\/p>\n<p>Responsable de cours en coaching de candidature<\/p>\n<p>&nbsp;<\/p>\n<p>J'ai appris \u00e0 mieux me conna\u00eetre (forces, mod\u00e8les, finalit\u00e9s). J'ai re\u00e7u de nombreux outils applicables et j'ai appris \u00e0 les utiliser.<\/p>\n<p><strong>Toni Fankhauser<\/strong><\/p>\n<p>Job Coach, Wendepunkt, Rothrist<\/p>\n<p>&nbsp;<\/p>\n<p>Je conseille\/coache des personnes depuis longtemps. A l'avenir, je n'aurai plus besoin de travailler de mani\u00e8re aussi orient\u00e9e vers les conseils.<\/p>\n<p><strong>Marlies Wickart<\/strong><\/p>\n<p>Conseill\u00e8re en candidature \/ responsable professionnelle, association also !, Uster<\/p>\n<p>&nbsp;<\/p>\n<p>Les accompagnements v\u00e9cus ont pu \u00eatre \u00e9valu\u00e9s a posteriori. C'est tr\u00e8s instructif !<\/p>\n<p><strong>Christoph Stoll<\/strong><\/p>\n<p>consultant ind\u00e9pendant, Ittigen<\/p>\n<p>&nbsp;<\/p>\n<p>Les exemples pratiques d'Urs rendent les cours plus concrets. J'ai beaucoup appris sur moi-m\u00eame et sur mon environnement au cours de ces dix jours. Je peux d\u00e9j\u00e0 appliquer et mettre en \u0153uvre beaucoup de choses 1 \u00e0 1. J'ai encore plus de plaisir \u00e0 travailler avec mes participants.<\/p>\n<p><strong>Tanja Sohar<\/strong><\/p>\n<p>Bears Trading, Saint-Gall \/ Entreprise de pratique de l'Ecole-club Migros Suisse orientale, Saint-Gall<\/p>\n<p>&nbsp;<\/p>\n<p>J'ai appris davantage sur moi-m\u00eame et je peux d\u00e9sormais accompagner et coacher les autres avec plus d'assurance.<\/p>\n<p><strong>Mara Caminati<\/strong><\/p>\n<p>Jobcoach, Fondation Arbeitskette, Zurich<\/p>\n<p>&nbsp;<\/p>\n<p>Je vois maintenant certaines situations et circonstances d'un autre point de vue. J'ai \u00e9t\u00e9 encourag\u00e9 \u00e0 continuer \u00e0 travailler sur les t\u00e2ches de la vie.<\/p>\n<p><strong>Daniel Gratzl<\/strong><\/p>\n<p>Conseiller en insertion, Fondation IPT, Zurich<\/p>\n<p>&nbsp;<\/p>\n<p>Les 10 jours de formation en coaching appliqu\u00e9 ont d\u00e9pass\u00e9 mes attentes. Outre les nombreux outils pratiques, j'ai pu apprendre \u00e0 mieux me conna\u00eetre et \u00e0 r\u00e9fl\u00e9chir sur moi-m\u00eame. L'attitude calme et comp\u00e9tente du coach m'a permis de suivre intensivement le cursus et de l'appliquer \u00e0 mes clients.<\/p>\n<p><strong>Judith Rudin<\/strong><\/p>\n<p>Sp\u00e9cialiste \/ coach en int\u00e9gration professionnelle, B\u00e2le-Campagne<\/p>\n<p>&nbsp;<\/p>\n<p>Le cours \u00e9tait tr\u00e8s inspirant et instructif. Je peux directement mettre en pratique ce que j'ai appris dans mon travail. Outre les nombreux apports th\u00e9oriques, les connaissances acquises ont pu \u00eatre mises en pratique imm\u00e9diatement.<\/p>\n<p><strong>Ueli Rothen<\/strong><\/p>\n<p>Newplacement, Berne<\/p>\n<p>&nbsp;<\/p>\n<p>Je peux d\u00e9sormais structurer mon travail de coaching de mani\u00e8re plus efficace. Avec beaucoup de nouvelles id\u00e9es, d'outils et de connaissances pour mon quotidien professionnel.<\/p>\n<p><strong>Roland Schuler<\/strong><\/p>\n<p>Job Coach, Fondation Br\u00e4ndi, AWB Kriens, Kriens<\/p>\n<p>&nbsp;<\/p>\n<p>Le cours propose une multitude d'outils qui peuvent \u00eatre utilis\u00e9s directement et de mani\u00e8re cibl\u00e9e<\/p>\n<p><strong>Stefan Dold<\/strong><\/p>\n<p>P\u00e9dagogue<\/p>\n<p>&nbsp;<\/p>\n<p>En 10 jours, j'ai pu am\u00e9liorer ma capacit\u00e9 de communication et obtenir des outils pr\u00e9cieux. Gr\u00e2ce aux connaissances en psychologie individuelle, je me comprends mieux moi-m\u00eame et je comprends mieux les actions\/comportements de mon entourage. Ma vie est devenue plus facile !<\/p>\n<p><strong>Julia Sager<\/strong><\/p>\n<p>H\u00f4teli\u00e8re \/ Jobcoach, Fondation Arbeitskette, Zurich<\/p>\n<p>&nbsp;<\/p>\n<p>Les 10 jours sont clairs et bien structur\u00e9s. Tr\u00e8s nombreuses nouvelles connaissances acquises, que je peux tr\u00e8s bien utiliser dans mon travail de job coach.<\/p>\n<p><strong>Frank Bucher<\/strong><\/p>\n<p>Job Coach, Fondation Wendepunkt, Muhen<\/p>\n<p>&nbsp;<\/p>\n<p>Un cours compact avec un contenu riche, une bonne rh\u00e9torique et un savoir-faire m\u00e9thodologique et didactique.<\/p>\n<p><strong>Jolanda Betschart<\/strong><\/p>\n<p>Jobcoach, transitwerk gmbh<\/p>\n<h2>\n\t\tAper\u00e7u de la formation Coachingplus\n\t<\/h2>\n\t<a href=\"https:\/\/coachingplus.ch\/fr\/formation-de-coaching\/cursus-de-10-jours-de-coaching\/\" target=\"_self\" aria-label=\"Go to https:\/\/coachingplus.ch\/coaching-ausbildung\/10-taegiger-coaching-studiengang\/\" rel=\"noopener\"><\/a>\n\t\t\t<h3>Cours de 10 jours sur le coaching appliqu\u00e9<\/h3>\t\t\t\n\t\t\t\t<p>Dipl\u00f4me Certificat<\/p>\n<h3>\n\t\tSessions de r\u00e9flexion\n\t<\/h3>\n\t<a href=\"https:\/\/coachingplus.ch\/fr\/formation-de-coaching\/supervision-de-groupe\/\" target=\"_self\" aria-label=\"Go to https:\/\/coachingplus.ch\/coaching-ausbildung\/gruppensupervision\/\" rel=\"noopener\"><\/a>\n\t\t\t<h3>Sessions de r\u00e9flexion<\/h3>\t\t\t\n\t\t\t\t<p>9 demi-journ\u00e9es<br \/>pendant min. 6 mois<\/p>\n<h3>\n\t\tModules de perfectionnement\n\t<\/h3>\n\t<a href=\"https:\/\/coachingplus.ch\/fr\/formation-de-coaching\/formation-diplomante-pour-le-coaching-applique\/#prozess\" target=\"_self\" aria-label=\"Go to https:\/\/coachingplus.ch\/coaching-ausbildung\/diplomausbildung-fuer-angewandtes-coaching\/#prozess\" rel=\"noopener\"><\/a>\n\t\t\t<h3>Comp\u00e9tences d'accompagnement du processus<\/h3>\t\t\t\n\t\t\t\t<p>2 jours<\/p>\n\t<a href=\"https:\/\/coachingplus.ch\/fr\/formation-de-coaching\/formation-diplomante-pour-le-coaching-applique\/#selbstmgmt\" target=\"_self\" aria-label=\"Go to https:\/\/coachingplus.ch\/coaching-ausbildung\/diplomausbildung-fuer-angewandtes-coaching\/#selbstmgmt\" rel=\"noopener\"><\/a>\n\t\t\t<h3>Auto-management Auto-marketing<\/h3>\t\t\t\n\t\t\t\t<p>2 jours<\/p>\n\t<a href=\"https:\/\/coachingplus.ch\/fr\/formation-de-coaching\/formation-diplomante-pour-le-coaching-applique\/#teamcoaching\" target=\"_self\" aria-label=\"Go to https:\/\/coachingplus.ch\/coaching-ausbildung\/diplomausbildung-fuer-angewandtes-coaching\/#teamcoaching\" rel=\"noopener\"><\/a>\n\t\t\t<h3>Coaching d'\u00e9quipe<\/h3>\t\t\t\n\t\t\t\t<p>2 jours<\/p>\n\t<a href=\"https:\/\/coachingplus.ch\/fr\/formation-de-coaching\/formation-diplomante-pour-le-coaching-applique\/#laufbahn\" target=\"_self\" aria-label=\"Go to https:\/\/coachingplus.ch\/coaching-ausbildung\/diplomausbildung-fuer-angewandtes-coaching\/#laufbahn\" rel=\"noopener\"><\/a>\n\t\t\t<h3>Coaching de carri\u00e8re<\/h3>\t\t\t\n\t\t\t\t<p>2 jours<\/p>\n<h3>\n\t\tModules compl\u00e9mentaires\n\t<\/h3>\n\t<a href=\"https:\/\/coachingplus.ch\/fr\/formation-de-coaching\/module-complementaire-travail-thematique\/\" target=\"_self\" aria-label=\"Go to https:\/\/coachingplus.ch\/coaching-ausbildung\/zusatzmodul-thematische-arbeit\/\" rel=\"noopener\"><\/a>\n\t\t\t<h3>Travail th\u00e9matique<\/h3>\t\t\t\n\t\t\t\t<p>1\/2 jours<\/p>\n\t<a href=\"https:\/\/coachingplus.ch\/fr\/formation-de-coaching\/simulation-dexamen\/\" target=\"_self\" aria-label=\"Go to https:\/\/coachingplus.ch\/coaching-ausbildung\/pruefungssimulation\/\" rel=\"noopener\"><\/a>\n\t\t\t<h3>Simulation d'examen<\/h3>\t\t\t\n\t\t\t\t<p>1\/2 jours<\/p>\n\t<a href=\"https:\/\/coachingplus.ch\/fr\/formation-de-coaching\/mentor-fa-dipl-coach-sca-dentreprise\/\" target=\"_self\" aria-label=\"Go to https:\/\/coachingplus.ch\/coaching-ausbildung\/betrieblicher-mentor-fa-dipl-coach-sca\/\" rel=\"noopener\"><\/a>\n\t\t\t<h3>Mentor* d'entreprise avec brevet f\u00e9d\u00e9ral<\/h3>\t\t\t\n\t\t\t\t<p>coach dipl\u00f4m\u00e9 SCA<\/p>\n\t\t\t\t<img decoding=\"async\" src=\"https:\/\/coachingplus.ch\/wp-content\/uploads\/2020\/08\/favicon.png\" alt=\"et logo\" itemprop=\"image\" height=\"512\" width=\"512\" title=\"favicon\" onerror=\"this.style.display='none'\"  \/>\n<h3>\n\t\tLorsqu'il s'agit de formation au coaching en Suisse, Coachingplus est en t\u00eate de liste. Nous sommes le centre de formation le plus fr\u00e9quent\u00e9. Vous souhaitez en savoir plus ?\n\t<\/h3>\n\t<a href=\"https:\/\/coachingplus.ch\/fr\/newsletter\/\" target=\"_self\" aria-label=\"Go to https:\/\/coachingplus.ch\/newsletter\/\" rel=\"noopener\"><\/a>\n\t\t<h4>A lire<\/h4>\t\t\t\n\t\t\t\t<p>Nous nous ferons un plaisir de vous informer sur les th\u00e8mes li\u00e9s au coaching et au leadership par le biais de notre newsletter.<\/p>\n\t<a href=\"\/fr\/contact\/\" target=\"_self\" aria-label=\"Go to \/contact\/\" rel=\"noopener\"><\/a>\n\t\t<h4>Entretien personnel<\/h4>\t\t\t\n\t\t\t\t<p>Nous r\u00e9pondrons volontiers \u00e0 vos questions par e-mail, t\u00e9l\u00e9phone ou lors d'un entretien personnel. <a href=\"https:\/\/coachingplus.ch\/fr\/contact\/\">Discutez de vos questions !<\/a><\/p>\n\t<a href=\"https:\/\/coachingplus.ch\/fr\/sinscrire\/\" target=\"_self\" aria-label=\"Go to https:\/\/coachingplus.ch\/anmelden\/\" rel=\"noopener\"><\/a>\n\t\t<h4>Convaincu ?!<\/h4>\t\t\t\n<p>Nous vous avons convaincu ? <br \/>Vous pouvez vous inscrire directement ici.<\/p>","protected":false},"excerpt":{"rendered":"<p>Referenzen RAV-Beratung Der Schl\u00fcssel zum Erfolg sind nicht Informationen. Das sind Menschen. (Lee Iacocca) Der Beraterberuf beinhaltet viele Kontakte zu Menschen. Menschen, die Beratung suchen, Menschen, die in Not und auf eine kompetente Hilfe angewiesen sind. Sie brauchen einen Berater, der sie versteht und f\u00f6rdert. Der Studiengang f\u00fcr angewandtes Coaching bietet eine ideale Mischung aus [&hellip;]<\/p>\n","protected":false},"author":1,"featured_media":0,"parent":0,"menu_order":0,"comment_status":"closed","ping_status":"closed","template":"","meta":{"_seopress_robots_primary_cat":"","_seopress_titles_title":"Referenzen Coaching-Studiengang: RAV, Beratung, sofort anwendbar","_seopress_titles_desc":"Der Beraterberuf beinhaltet viele Kontakte, z. B. beim RAV. Der Coaching-Studiengang bietet eine ideale Mischung aus Theorie, \u00dcbungen und Selbstreflexion.","_seopress_robots_index":"","site-sidebar-layout":"default","site-content-layout":"","ast-site-content-layout":"default","site-content-style":"default","site-sidebar-style":"default","ast-global-header-display":"","ast-banner-title-visibility":"","ast-main-header-display":"","ast-hfb-above-header-display":"","ast-hfb-below-header-display":"","ast-hfb-mobile-header-display":"","site-post-title":"disabled","ast-breadcrumbs-content":"","ast-featured-img":"","footer-sml-layout":"","ast-disable-related-posts":"","theme-transparent-header-meta":"","adv-header-id-meta":null,"stick-header-meta":null,"header-above-stick-meta":null,"header-main-stick-meta":null,"header-below-stick-meta":null,"astra-migrate-meta-layouts":"default","ast-page-background-enabled":"default","ast-page-background-meta":{"desktop":{"background-color":"","background-image":"","background-repeat":"repeat","background-position":"center center","background-size":"auto","background-attachment":"scroll","background-type":"","background-media":"","overlay-type":"","overlay-color":"","overlay-opacity":"","overlay-gradient":""},"tablet":{"background-color":"","background-image":"","background-repeat":"repeat","background-position":"center center","background-size":"auto","background-attachment":"scroll","background-type":"","background-media":"","overlay-type":"","overlay-color":"","overlay-opacity":"","overlay-gradient":""},"mobile":{"background-color":"","background-image":"","background-repeat":"repeat","background-position":"center center","background-size":"auto","background-attachment":"scroll","background-type":"","background-media":"","overlay-type":"","overlay-color":"","overlay-opacity":"","overlay-gradient":""}},"ast-content-background-meta":{"desktop":{"background-color":"var(--ast-global-color-5)","background-image":"","background-repeat":"repeat","background-position":"center center","background-size":"auto","background-attachment":"scroll","background-type":"","background-media":"","overlay-type":"","overlay-color":"","overlay-opacity":"","overlay-gradient":""},"tablet":{"background-color":"var(--ast-global-color-5)","background-image":"","background-repeat":"repeat","background-position":"center center","background-size":"auto","background-attachment":"scroll","background-type":"","background-media":"","overlay-type":"","overlay-color":"","overlay-opacity":"","overlay-gradient":""},"mobile":{"background-color":"var(--ast-global-color-5)","background-image":"","background-repeat":"repeat","background-position":"center center","background-size":"auto","background-attachment":"scroll","background-type":"","background-media":"","overlay-type":"","overlay-color":"","overlay-opacity":"","overlay-gradient":""}},"iawp_total_views":291,"footnotes":""},"class_list":["post-12842","page","type-page","status-publish","hentry"],"_links":{"self":[{"href":"https:\/\/coachingplus.ch\/fr\/wp-json\/wp\/v2\/pages\/12842","targetHints":{"allow":["GET"]}}],"collection":[{"href":"https:\/\/coachingplus.ch\/fr\/wp-json\/wp\/v2\/pages"}],"about":[{"href":"https:\/\/coachingplus.ch\/fr\/wp-json\/wp\/v2\/types\/page"}],"author":[{"embeddable":true,"href":"https:\/\/coachingplus.ch\/fr\/wp-json\/wp\/v2\/users\/1"}],"replies":[{"embeddable":true,"href":"https:\/\/coachingplus.ch\/fr\/wp-json\/wp\/v2\/comments?post=12842"}],"version-history":[{"count":1,"href":"https:\/\/coachingplus.ch\/fr\/wp-json\/wp\/v2\/pages\/12842\/revisions"}],"predecessor-version":[{"id":14874,"href":"https:\/\/coachingplus.ch\/fr\/wp-json\/wp\/v2\/pages\/12842\/revisions\/14874"}],"wp:attachment":[{"href":"https:\/\/coachingplus.ch\/fr\/wp-json\/wp\/v2\/media?parent=12842"}],"curies":[{"name":"wp","href":"https:\/\/api.w.org\/{rel}","templated":true}]}}