{"id":12841,"date":"2020-11-29T22:31:35","date_gmt":"2020-11-29T21:31:35","guid":{"rendered":"https:\/\/coachingplus.ch\/?page_id=12841"},"modified":"2022-03-18T18:11:34","modified_gmt":"2022-03-18T17:11:34","slug":"references-conseiller-psychologique","status":"publish","type":"page","link":"https:\/\/coachingplus.ch\/fr\/referenzen-psychologische-berater\/","title":{"rendered":"R\u00e9f\u00e9rences conseil psychosocial"},"content":{"rendered":"<h1>R\u00e9f\u00e9rences des conseillers psychologiques<\/h1>\nLa cl\u00e9 du succ\u00e8s, ce ne sont pas les informations. Ce sont les personnes.<br \/>\n(Lee Iacocca)\n<p>Les psychologues et les conseillers d'orientation professionnelle sont appel\u00e9s \u00e0 identifier les liens entre les questions de leurs clients, qu'elles soient d'ordre professionnel ou priv\u00e9. Il faut une certaine assurance pour pouvoir \u00e9valuer les diff\u00e9rentes situations des clients et mettre en avant de nouvelles perspectives. Le cursus de coaching appliqu\u00e9 aide \u00e0 mieux comprendre les autres, \u00e0 promouvoir une image positive de l'\u00eatre humain, \u00e0 voir les autres sous un nouvel angle et \u00e0 mieux se refl\u00e9ter soi-m\u00eame. Un cursus qui vaut la peine d'\u00eatre suivi et qui a des effets constructifs !<\/p>\n<p>Je cherchais d'autres outils pour mon activit\u00e9 de conseil en PI ! J'ai re\u00e7u un choix \u00e9norme d'outils, bien plus que ce \u00e0 quoi je m'attendais. De plus, je suis heureux de constater que tous sont bas\u00e9s sur des points forts. Merci !<\/p>\n<p><strong>Judith K\u00f6nig, <\/strong>Enseignante sp\u00e9cialis\u00e9e \/ conseill\u00e8re Ip, Kollbrunn<\/p>\n<p>&nbsp;<\/p>\n<p>Atmosph\u00e8re valorisante, \u00e9galitaire et encourageante. Donne du courage et du plaisir \u00e0 approfondir ce que l'on conna\u00eet et \u00e0 d\u00e9couvrir de nouvelles choses.<\/p>\n<p><strong>Rachel Wagner-Bernasconi, <\/strong>Conseill\u00e8re psychosociale SGfB, Pf\u00e4ffikon<\/p>\n<p>&nbsp;<\/p>\n<p>L'image positive de l'\u00eatre humain de la psychologie individuelle et l'attitude encourageante se retrouvent tout au long du cursus et sont v\u00e9cues activement. J'ai appris de nouvelles choses sur moi-m\u00eame, j'ai pu approfondir certaines choses et je pourrai bien int\u00e9grer dans mon travail professionnel les connaissances et les nombreux outils pr\u00e9cieux qui m'ont \u00e9t\u00e9 transmis de mani\u00e8re passionnante. Je suis tr\u00e8s contente d'avoir suivi ce cours, cela en valait vraiment la peine.<\/p>\n<p><strong>Doris Herzog-Spinnler, <\/strong>Conseill\u00e8re dipl\u00f4m\u00e9e en psychologie individuelle SGIPA, diaspekt GmbH, B\u00e2le<\/p>\n<p>&nbsp;<\/p>\n<p>J'ai re\u00e7u le courage d'enfin coacher moi-m\u00eame. J'ai re\u00e7u des outils tr\u00e8s utiles. Un pur encouragement !<\/p>\n<p><strong>Christina M\u00e4der, <\/strong>Conseill\u00e8re en psychologie individuelle \/ infirmi\u00e8re, Spital Region Oberargau, Langenthal<\/p>\n<p>&nbsp;<\/p>\n<p>Les r\u00e9actions des participants au s\u00e9minaire sont tr\u00e8s pr\u00e9cieuses pour une \"solitaire au travail\". J'ai \u00e9t\u00e9 confirm\u00e9e dans beaucoup d'entre eux, j'ai d\u00e9couvert de nouvelles m\u00e9thodes de cours, j'ai \u00e9t\u00e9 renforc\u00e9e dans certains \"points faibles\".<\/p>\n<p><strong>Susanne D\u00fcblin, <\/strong>Conseill\u00e8re dipl\u00f4m\u00e9e en psychologie individuelle, Zurich<\/p>\n<p>&nbsp;<\/p>\n<p>J'ai appris \u00e0 conna\u00eetre des outils utiles que je peux utiliser imm\u00e9diatement dans mon activit\u00e9 de conseil.<\/p>\n<p><strong>Esther Nogler, <\/strong>Coaching et conseil, Wettswil a.A.<\/p>\n<p>&nbsp;<\/p>\n<p>Une fili\u00e8re gratifiante avec des effets secondaires !<\/p>\n<p><strong>H\u00e9l\u00e8ne Karrer-Davaz, <\/strong>homeManagement GmbH, Wallisellen<\/p>\n<p>&nbsp;<\/p>\n<p>J'ai approfondi mes comp\u00e9tences professionnelles et d\u00e9couvert de nouveaux outils de coaching et de conseil.<\/p>\n<p><strong>Corinne Huber, <\/strong>Enseignante, p\u00e9dagogue curative, conseil ADS\/ADHS, B\u00e2le<\/p>\n<p>&nbsp;<\/p>\n<p>J'ai acquis la vision d'une approche plus globale de l'\u00eatre humain.<\/p>\n<p><strong>Jacqueline Stamm, <\/strong>Conseill\u00e8re psychologique FSB \/ directrice de garderie, Rafz<\/p>\n<p>&nbsp;<\/p>\n<p>Je peux imm\u00e9diatement utiliser tout ce que j'ai appris dans cette formation continue de mani\u00e8re profitable dans mes domaines professionnels. En outre, j'ai \u00e9galement re\u00e7u des suggestions utiles pour moi personnellement.<\/p>\n<p><strong>Franziska Krause, <\/strong>Conseill\u00e8re psychologique \/ m\u00e9diatrice, Riehen<\/p>\n<p>&nbsp;<\/p>\n<p>J'avais d\u00e9j\u00e0 suivi plusieurs formations continues. Ce cours de coaching est \u00e0 bien des \u00e9gards un excellent compl\u00e9ment et un approfondissement, mais aussi un \"terrain inconnu\" - pour moi personnellement et pour mon travail de th\u00e9rapeute. En ce sens, mes attentes ont \u00e9t\u00e9 d\u00e9pass\u00e9es. Je trouve tr\u00e8s positifs les nombreuses bonnes fiches de travail et les outils de coaching que j'utilise.<\/p>\n<p><strong>Claire Tr\u00e4chslin, <\/strong>Th\u00e9rapeute, Intermedia, Riehen<\/p>\n<p>&nbsp;<\/p>\n<p>Suis fascin\u00e9 par les possibilit\u00e9s qui s'ouvrent \u00e0 moi - personnellement et aussi dans mon activit\u00e9 de conseiller : m\u00e9lange de l'entretien psychologique avec le coaching tr\u00e8s orient\u00e9 vers les solutions.<\/p>\n<p><strong>Julie Emmenegger, <\/strong>Conseill\u00e8re \/ enseignante, NetzTeam Sursee<\/p>\n<p>&nbsp;<\/p>\n<p>La formation se caract\u00e9rise par un lien \u00e9troit avec la pratique. Le contenu de la formation peut \u00eatre facilement mis en \u0153uvre dans le travail quotidien.<\/p>\n<p><strong>Mme Liliana Fancsy, <\/strong>Th\u00e9rapeute \/ animatrice de cours, th\u00e9rapies int\u00e9gratives, Schaffhouse<\/p>\n<p>&nbsp;<\/p>\n<p>La th\u00e9orie et les exercices pratiques \u00e9taient tr\u00e8s bien \u00e9quilibr\u00e9s.<\/p>\n<p><strong>Ulrich Spandau, <\/strong>Coach pour cadres \/ superviseur, cabinet de conseil Spandau, D-B\u00fchl \/ Baden<\/p>\n<p>&nbsp;<\/p>\n<p>Je peux mettre en pratique ce que j'ai appris dans ma vie quotidienne et professionnelle. Les diff\u00e9rents outils me donnent de l'assurance dans leur mise en \u0153uvre lors des entretiens de conseil.<\/p>\n<p><strong>Anita Finger, <\/strong>Accompagnatrice de deuil et de fin de vie, Forum-Deuil-Suisse TFS, Kiesen<\/p>\n<p>&nbsp;<\/p>\n<p>Dans le cadre de mon travail, j'ai acquis\/re\u00e7u des outils et des comp\u00e9tences pr\u00e9cieux qui m'aident \u00e0 mieux \u00e9valuer et soutenir mes clients.<\/p>\n<p><strong>Claudia Edelmann, <\/strong>Coach &amp; conseill\u00e8re, Work Life Coaching, Erlenbach<\/p>\n<p>&nbsp;<\/p>\n<p>Pour mon travail dans le conseil, mais aussi \u00e0 titre personnel, j'ai beaucoup profit\u00e9 de ce cursus de 10 jours. Merci !<\/p>\n<p><strong>Uschi Ammann, <\/strong>Conseill\u00e8re de vie, ERF Medien, Pf\u00e4ffikon<\/p>\n<p>&nbsp;<\/p>\n<p>Le cours se caract\u00e9rise par une tr\u00e8s grande applicabilit\u00e9 dans le quotidien des entreprises, ce que je n'ai encore jamais vu dans une autre formation continue.<\/p>\n<p><strong>Roman Bamert, <\/strong>Conseiller de vie, bamert beratung &amp; coaching gmbh, Boswil<\/p>\n<p>&nbsp;<\/p>\n<p>J'ai appris \u00e0 aider les clients \u00e0 \u00e9laborer leurs propres solutions. J'ai pris conscience de mes propres forces et capacit\u00e9s et je me suis fix\u00e9 des objectifs plus clairs.<\/p>\n<p><strong>Rita Stehle, <\/strong>Conseill\u00e8re en psychologie individuelle, D-Stockach<\/p>\n<p>&nbsp;<\/p>\n<p>Beaucoup de nouveaut\u00e9s et de nouveaux apports. Merci !<\/p>\n<p><strong>Desir\u00e9e Masina, <\/strong>Coach, MY LIFE coaching, Adliswil<\/p>\n<p>&nbsp;<\/p>\n<p>J'ai re\u00e7u beaucoup de mat\u00e9riel et d'outils pour accompagner les clients, les encourager \u00e0 d\u00e9couvrir leurs points forts et \u00e0 les vivre.<\/p>\n<p><strong>Susanne Meier, <\/strong>Conseill\u00e8re en psychologie individuelle dipl\u00f4m\u00e9e, Wallisellen<\/p>\n<p>&nbsp;<\/p>\n<p>Concis, comp\u00e9tent et pragmatique, le cursus donne de tr\u00e8s bons outils.<\/p>\n<p><strong>Francine Smalley, <\/strong>Consultant senior Birkmann, D-M\u00fcllheim<\/p>\n<p>&nbsp;<\/p>\n<p>Tr\u00e8s transposable dans sa propre pratique ! Mieux comprendre son propre comportement et celui des autres. Bonne culture du feedback !<\/p>\n<p><strong>Iris Meier, <\/strong>graphologue, Graphologie-Swiss, Affoltern a. A.<\/p>\n<p>&nbsp;<\/p>\n<p>J'ai d\u00e9couvert mes ressources. Je me suis rapproch\u00e9 de mon objectif, l'ind\u00e9pendance.<\/p>\n<p><strong>Patricia Eichenberger-Pfeuti, <\/strong>Employ\u00e9e de commerce \/ Accompagnatrice de deuil, canton de Berne<\/p>\n<p>&nbsp;<\/p>\n<p>Le programme d'\u00e9tudes est tr\u00e8s proche de la pratique et imm\u00e9diatement applicable. Il est tr\u00e8s orient\u00e9 vers les ressources et les solutions.<\/p>\n<p><strong>Therese Lechner, <\/strong>Conseill\u00e8re SGfB, cabinet au centre, Rorschach<\/p>\n<p>&nbsp;<\/p>\n<p>J'ai particuli\u00e8rement appr\u00e9ci\u00e9 les outils de coaching qui montrent \u00e0 quel point nous sommes de grandes personnalit\u00e9s.<\/p>\n<p><strong>Silvia Zimmermann, <\/strong>Arnegg<\/p>\n<p>&nbsp;<\/p>\n<p>Une formation continue inspirante qui m'aide \u00e0 conseiller les gens et \u00e0 leur faire prendre d'autres chemins.<\/p>\n<p><strong>Andrea Wallenwein, <\/strong>Conseill\u00e8re dipl\u00f4m\u00e9e en psychologie individuelle, DE-Gimbsheim<\/p>\n<p>&nbsp;<\/p>\n<p>Utilise activement les nombreux outils de coaching formidables dans mes consultations.<\/p>\n<p><strong>Gabriela Trippold, <\/strong>Cabinet de conseil de vie, Waltenschwil<\/p>\n<p>&nbsp;<\/p>\n<p>Je peux percevoir de nombreuses situations, tant professionnelles que priv\u00e9es, de mani\u00e8re plus consciente, et parfois trouver une autre approche dans des situations difficiles.<\/p>\n<p><strong>Kathrin Stucki, <\/strong>Directrice de garderie, th\u00e9rapeute par la peinture et l'art<\/p>\n<p>&nbsp;<\/p>\n<p>Se confronter \u00e0 ses propres points forts, les utiliser et les promouvoir de mani\u00e8re utile dans la vie quotidienne et professionnelle.<\/p>\n<p><strong>Kathrin Weibel, <\/strong>Aum\u00f4nier \/ travail avec les adultes, Zurich<\/p>\n<p>&nbsp;<\/p>\n<p>outils de coaching pour soutenir mes clients et les accompagner vers leur objectif.<\/p>\n<p><strong>Jacqueline Burkhard, <\/strong>psychophysiologue dipl\u00f4m\u00e9e, analyses de la personnalit\u00e9 et des aptitudes, Baden<\/p>\n<p>&nbsp;<\/p>\n<p>La formation \u00e9tait tr\u00e8s int\u00e9ressante et vari\u00e9e. J'ai beaucoup r\u00e9fl\u00e9chi sur moi-m\u00eame : sur mes empreintes, mes mod\u00e8les d'action, mais aussi sur l'avenir, sur ce que je veux faire. Barbara Schellenberg<\/p>\n<p><strong>Barbara Schellenberg, <\/strong>Embrach<\/p>\n<h2>\n\t\tAper\u00e7u de la formation Coachingplus\n\t<\/h2>\n\t<a href=\"https:\/\/coachingplus.ch\/fr\/formation-de-coaching\/cursus-de-10-jours-de-coaching\/\" target=\"_self\" aria-label=\"Go to https:\/\/coachingplus.ch\/coaching-ausbildung\/10-taegiger-coaching-studiengang\/\" rel=\"noopener\"><\/a>\n\t\t\t<h3>Cours de 10 jours sur le coaching appliqu\u00e9<\/h3>\t\t\t\n\t\t\t\t<p>Dipl\u00f4me Certificat<\/p>\n<h3>\n\t\tSessions de r\u00e9flexion\n\t<\/h3>\n\t<a href=\"https:\/\/coachingplus.ch\/fr\/formation-de-coaching\/supervision-de-groupe\/\" target=\"_self\" aria-label=\"Go to https:\/\/coachingplus.ch\/coaching-ausbildung\/gruppensupervision\/\" rel=\"noopener\"><\/a>\n\t\t\t<h3>Sessions de r\u00e9flexion<\/h3>\t\t\t\n\t\t\t\t<p>9 demi-journ\u00e9es<br \/>pendant min. 6 mois<\/p>\n<h3>\n\t\tModules de perfectionnement\n\t<\/h3>\n\t<a href=\"https:\/\/coachingplus.ch\/fr\/formation-de-coaching\/formation-diplomante-pour-le-coaching-applique\/#prozess\" target=\"_self\" aria-label=\"Go to https:\/\/coachingplus.ch\/coaching-ausbildung\/diplomausbildung-fuer-angewandtes-coaching\/#prozess\" rel=\"noopener\"><\/a>\n\t\t\t<h3>Comp\u00e9tences d'accompagnement du processus<\/h3>\t\t\t\n\t\t\t\t<p>2 jours<\/p>\n\t<a href=\"https:\/\/coachingplus.ch\/fr\/formation-de-coaching\/formation-diplomante-pour-le-coaching-applique\/#selbstmgmt\" target=\"_self\" aria-label=\"Go to https:\/\/coachingplus.ch\/coaching-ausbildung\/diplomausbildung-fuer-angewandtes-coaching\/#selbstmgmt\" rel=\"noopener\"><\/a>\n\t\t\t<h3>Auto-management Auto-marketing<\/h3>\t\t\t\n\t\t\t\t<p>2 jours<\/p>\n\t<a href=\"https:\/\/coachingplus.ch\/fr\/formation-de-coaching\/formation-diplomante-pour-le-coaching-applique\/#teamcoaching\" target=\"_self\" aria-label=\"Go to https:\/\/coachingplus.ch\/coaching-ausbildung\/diplomausbildung-fuer-angewandtes-coaching\/#teamcoaching\" rel=\"noopener\"><\/a>\n\t\t\t<h3>Coaching d'\u00e9quipe<\/h3>\t\t\t\n\t\t\t\t<p>2 jours<\/p>\n\t<a href=\"https:\/\/coachingplus.ch\/fr\/formation-de-coaching\/formation-diplomante-pour-le-coaching-applique\/#laufbahn\" target=\"_self\" aria-label=\"Go to https:\/\/coachingplus.ch\/coaching-ausbildung\/diplomausbildung-fuer-angewandtes-coaching\/#laufbahn\" rel=\"noopener\"><\/a>\n\t\t\t<h3>Coaching de carri\u00e8re<\/h3>\t\t\t\n\t\t\t\t<p>2 jours<\/p>\n<h3>\n\t\tModules compl\u00e9mentaires\n\t<\/h3>\n\t<a href=\"https:\/\/coachingplus.ch\/fr\/formation-de-coaching\/module-complementaire-travail-thematique\/\" target=\"_self\" aria-label=\"Go to https:\/\/coachingplus.ch\/coaching-ausbildung\/zusatzmodul-thematische-arbeit\/\" rel=\"noopener\"><\/a>\n\t\t\t<h3>Travail th\u00e9matique<\/h3>\t\t\t\n\t\t\t\t<p>1\/2 jours<\/p>\n\t<a href=\"https:\/\/coachingplus.ch\/fr\/formation-de-coaching\/simulation-dexamen\/\" target=\"_self\" aria-label=\"Go to https:\/\/coachingplus.ch\/coaching-ausbildung\/pruefungssimulation\/\" rel=\"noopener\"><\/a>\n\t\t\t<h3>Simulation d'examen<\/h3>\t\t\t\n\t\t\t\t<p>1\/2 jours<\/p>\n\t<a href=\"https:\/\/coachingplus.ch\/fr\/formation-de-coaching\/mentor-fa-dipl-coach-sca-dentreprise\/\" target=\"_self\" aria-label=\"Go to https:\/\/coachingplus.ch\/coaching-ausbildung\/betrieblicher-mentor-fa-dipl-coach-sca\/\" rel=\"noopener\"><\/a>\n\t\t\t<h3>Mentor* d'entreprise avec brevet f\u00e9d\u00e9ral<\/h3>\t\t\t\n\t\t\t\t<p>coach dipl\u00f4m\u00e9 SCA<\/p>\n\t\t\t\t<img decoding=\"async\" src=\"https:\/\/coachingplus.ch\/wp-content\/uploads\/2020\/08\/favicon.png\" alt=\"et logo\" itemprop=\"image\" height=\"512\" width=\"512\" title=\"favicon\" onerror=\"this.style.display='none'\"  \/>\n<h3>\n\t\tLorsqu'il s'agit de formation au coaching en Suisse, Coachingplus est en t\u00eate de liste. Nous sommes le centre de formation le plus fr\u00e9quent\u00e9. Vous souhaitez en savoir plus ?\n\t<\/h3>\n\t<a href=\"https:\/\/coachingplus.ch\/fr\/newsletter\/\" target=\"_self\" aria-label=\"Go to https:\/\/coachingplus.ch\/newsletter\/\" rel=\"noopener\"><\/a>\n\t\t<h4>A lire<\/h4>\t\t\t\n\t\t\t\t<p>Nous nous ferons un plaisir de vous informer sur les th\u00e8mes li\u00e9s au coaching et au leadership par le biais de notre newsletter.<\/p>\n\t<a href=\"\/fr\/contact\/\" target=\"_self\" aria-label=\"Go to \/contact\/\" rel=\"noopener\"><\/a>\n\t\t<h4>Entretien personnel<\/h4>\t\t\t\n\t\t\t\t<p>Nous r\u00e9pondrons volontiers \u00e0 vos questions par e-mail, t\u00e9l\u00e9phone ou lors d'un entretien personnel. <a href=\"https:\/\/coachingplus.ch\/fr\/contact\/\">Discutez de vos questions !<\/a><\/p>\n\t<a href=\"https:\/\/coachingplus.ch\/fr\/sinscrire\/\" target=\"_self\" aria-label=\"Go to https:\/\/coachingplus.ch\/anmelden\/\" rel=\"noopener\"><\/a>\n\t\t<h4>Convaincu ?!<\/h4>\t\t\t\n<p>Nous vous avons convaincu ? <br \/>Vous pouvez vous inscrire directement ici.<\/p>","protected":false},"excerpt":{"rendered":"<p>Referenzen Psychologische Berater Der Schl\u00fcssel zum Erfolg sind nicht Informationen. Das sind Menschen. (Lee Iacocca) Psychologen und Berufsberater sind gefordert, um die Zusammenh\u00e4nge der Fragestellung ihrer Kunden zu erkennen &#8211; sowohl gesch\u00e4ftlich, wie auch privat. Es braucht eine gewisse Sicherheit, um die einzelnen Situationen der Kunden einsch\u00e4tzen und neue Perspektiven in den Vordergrund r\u00fccken zu [&hellip;]<\/p>\n","protected":false},"author":1,"featured_media":0,"parent":0,"menu_order":0,"comment_status":"closed","ping_status":"closed","template":"","meta":{"_seopress_robots_primary_cat":"","_seopress_titles_title":"Referenzen Psychologische Beratung - Menschen noch besser verstehen","_seopress_titles_desc":"Psychologische Berater m\u00fcssen die Zusammenh\u00e4nge der Fragestellung ihrer Kunden erkennen k\u00f6nnen. Der Coaching-Studiengang hilft, Menschen zu verstehen.","_seopress_robots_index":"","site-sidebar-layout":"default","site-content-layout":"","ast-site-content-layout":"default","site-content-style":"default","site-sidebar-style":"default","ast-global-header-display":"","ast-banner-title-visibility":"","ast-main-header-display":"","ast-hfb-above-header-display":"","ast-hfb-below-header-display":"","ast-hfb-mobile-header-display":"","site-post-title":"disabled","ast-breadcrumbs-content":"","ast-featured-img":"","footer-sml-layout":"","ast-disable-related-posts":"","theme-transparent-header-meta":"","adv-header-id-meta":null,"stick-header-meta":null,"header-above-stick-meta":null,"header-main-stick-meta":null,"header-below-stick-meta":null,"astra-migrate-meta-layouts":"default","ast-page-background-enabled":"default","ast-page-background-meta":{"desktop":{"background-color":"","background-image":"","background-repeat":"repeat","background-position":"center center","background-size":"auto","background-attachment":"scroll","background-type":"","background-media":"","overlay-type":"","overlay-color":"","overlay-opacity":"","overlay-gradient":""},"tablet":{"background-color":"","background-image":"","background-repeat":"repeat","background-position":"center center","background-size":"auto","background-attachment":"scroll","background-type":"","background-media":"","overlay-type":"","overlay-color":"","overlay-opacity":"","overlay-gradient":""},"mobile":{"background-color":"","background-image":"","background-repeat":"repeat","background-position":"center center","background-size":"auto","background-attachment":"scroll","background-type":"","background-media":"","overlay-type":"","overlay-color":"","overlay-opacity":"","overlay-gradient":""}},"ast-content-background-meta":{"desktop":{"background-color":"var(--ast-global-color-5)","background-image":"","background-repeat":"repeat","background-position":"center center","background-size":"auto","background-attachment":"scroll","background-type":"","background-media":"","overlay-type":"","overlay-color":"","overlay-opacity":"","overlay-gradient":""},"tablet":{"background-color":"var(--ast-global-color-5)","background-image":"","background-repeat":"repeat","background-position":"center center","background-size":"auto","background-attachment":"scroll","background-type":"","background-media":"","overlay-type":"","overlay-color":"","overlay-opacity":"","overlay-gradient":""},"mobile":{"background-color":"var(--ast-global-color-5)","background-image":"","background-repeat":"repeat","background-position":"center center","background-size":"auto","background-attachment":"scroll","background-type":"","background-media":"","overlay-type":"","overlay-color":"","overlay-opacity":"","overlay-gradient":""}},"iawp_total_views":129,"footnotes":""},"class_list":["post-12841","page","type-page","status-publish","hentry"],"_links":{"self":[{"href":"https:\/\/coachingplus.ch\/fr\/wp-json\/wp\/v2\/pages\/12841","targetHints":{"allow":["GET"]}}],"collection":[{"href":"https:\/\/coachingplus.ch\/fr\/wp-json\/wp\/v2\/pages"}],"about":[{"href":"https:\/\/coachingplus.ch\/fr\/wp-json\/wp\/v2\/types\/page"}],"author":[{"embeddable":true,"href":"https:\/\/coachingplus.ch\/fr\/wp-json\/wp\/v2\/users\/1"}],"replies":[{"embeddable":true,"href":"https:\/\/coachingplus.ch\/fr\/wp-json\/wp\/v2\/comments?post=12841"}],"version-history":[{"count":1,"href":"https:\/\/coachingplus.ch\/fr\/wp-json\/wp\/v2\/pages\/12841\/revisions"}],"predecessor-version":[{"id":14878,"href":"https:\/\/coachingplus.ch\/fr\/wp-json\/wp\/v2\/pages\/12841\/revisions\/14878"}],"wp:attachment":[{"href":"https:\/\/coachingplus.ch\/fr\/wp-json\/wp\/v2\/media?parent=12841"}],"curies":[{"name":"wp","href":"https:\/\/api.w.org\/{rel}","templated":true}]}}