{"id":12840,"date":"2020-11-29T22:31:35","date_gmt":"2020-11-29T21:31:35","guid":{"rendered":"https:\/\/coachingplus.ch\/?page_id=12840"},"modified":"2020-11-30T11:27:16","modified_gmt":"2020-11-30T10:27:16","slug":"references-psychologues-conseillers-professionnels-2","status":"publish","type":"page","link":"https:\/\/coachingplus.ch\/fr\/referenzen-psychologen-berufsberater-2\/","title":{"rendered":"R\u00e9f\u00e9rences psychologues \/ conseillers d'orientation"},"content":{"rendered":"<h1>R\u00e9f\u00e9rences psychologues \/ conseillers d'orientation<\/h1>\nLa cl\u00e9 du succ\u00e8s, ce ne sont pas les informations. Ce sont les personnes.<br \/>\n(Lee Iacocca)\n<p>Les psychologues et les conseillers d'orientation professionnelle sont appel\u00e9s \u00e0 identifier les liens entre les questions de leurs clients, qu'elles soient d'ordre professionnel ou priv\u00e9. Il faut une certaine assurance pour pouvoir \u00e9valuer les diff\u00e9rentes situations des clients et mettre en avant de nouvelles perspectives. Le cursus de coaching appliqu\u00e9 aide \u00e0 mieux comprendre les autres, \u00e0 promouvoir une image positive de l'\u00eatre humain, \u00e0 voir les autres sous un nouvel angle et \u00e0 mieux se refl\u00e9ter soi-m\u00eame. Un cursus gratifiant aux effets constructifs<\/p>\n<p>Observer davantage les points forts, obtenir de nombreuses m\u00e9thodes d'intervention pour le travail avec les adultes.<\/p>\n\n<p>psychoth\u00e9rapeute reconnue par la Conf\u00e9d\u00e9ration, Institut f\u00fcr integrative Psychologie und P\u00e4dagogik, Zurich<\/p>\n<p>S\u00e9minaire tr\u00e8s orient\u00e9 vers la pratique avec de nombreux exercices, une r\u00e9flexion sur ses propres sch\u00e9mas. La formation en psychologie individuelle est un enrichissement pr\u00e9cieux du paysage de la formation en coaching. Le cursus encourage \u00e0 poursuivre ses propres objectifs.<\/p>\n\n<p>Psychologue dipl\u00f4m\u00e9e, DE-Fribourg<\/p>\n<p>Apprentissage condens\u00e9 d'outils de coaching tr\u00e8s efficaces.<\/p>\n\n<p>lic. phil. psychologue du travail et de l'organisation\/conseill\u00e8re sociale, Fachstelle f\u00fcr Arbeit, aide sociale B\u00e2le-Ville<\/p>\n<p>Les th\u00e8mes que nous avons pass\u00e9s en revue et pratiqu\u00e9s m'apportent personnellement, mais aussi dans mon activit\u00e9 professionnelle, encore plus de clart\u00e9 et de s\u00e9curit\u00e9.<\/p>\n\n<p>Conseill\u00e8re professionnelle, Cabinet d'orientation professionnelle et de carri\u00e8re, Berne<\/p>\n<p>Ce s\u00e9minaire a beaucoup enrichi mon propre travail.<\/p>\n\n<p>Psychologue, re-creation, N\u00e4nikon<\/p>\n<p>Approfondissement de ma connaissance de moi-m\u00eame - conseils m\u00e9thodologiques pour le travail avec des groupes - consid\u00e9rer les probl\u00e8mes sous un autre angle et chercher des solutions.<\/p>\n\n<p>psychologue dipl\u00f4m\u00e9e IAP<\/p>\n<p>En me confrontant \u00e0 moi-m\u00eame et \u00e0 d'autres personnes, j'ai gagn\u00e9 beaucoup de choses qui m'accompagneront dans la suite de mon parcours.<\/p>\n\n<p>Psychologue<\/p>\n<p>La structure claire et bien structur\u00e9e du cours m'a permis de me familiariser rapidement et de mani\u00e8re applicable avec le th\u00e8me du coaching. Les nombreux outils sont tr\u00e8s utiles pour mon activit\u00e9 pratique, mais aussi pour moi personnellement.<\/p>\n\n<p>M\u00e9decin \/ th\u00e9rapeute, propre cabinet de consultation, D-Gailingen<\/p>\n<p>L'atmosph\u00e8re tr\u00e8s agr\u00e9able m'a permis d'assimiler et d'int\u00e9grer efficacement pratiquement tous les contenus. Le contenu du cours est pour moi un bon compl\u00e9ment, tant sur le plan personnel que professionnel. J'ai pu \u00e9largir mon point de vue, constater ce qui \u00e9tait possible et d\u00e9finir de nouveaux objectifs.<\/p>\n\n<p>Psychologue, Lachen SZ<\/p>\n<p>J'\u00e9tais au courant de beaucoup de choses - il est \u00e9galement bon d'apprendre que je ne fais pas tout de travers dans mon activit\u00e9 professionnelle.<\/p>\n\n<p>Conseiller d'\u00e9tudes, de carri\u00e8re et d'orientation<\/p>\n<p>Le cours donne un aper\u00e7u clair de la th\u00e9orie et de la pratique du coaching moderne. Les multiples outils sont imm\u00e9diatement utilisables, tant sur le plan professionnel que priv\u00e9. Coachingplus donne un nouvel \u00e9lan \u00e0 la \"spirale positive\" !<\/p>\n\n<p>lic. phil. psychologue, M\u00e4nnedorf<\/p>\n<p>Un cours de premier ordre avec une tr\u00e8s grande utilit\u00e9 pratique. Excellent rapport qualit\u00e9\/prix. Merci beaucoup !<\/p>\n\n<p>Sp\u00e9cialiste en ressources humaines \/ lic. phil. psychologie<\/p>\n<p>J'ai appris beaucoup de nouveaux outils pratiques que je peux int\u00e9grer dans mon travail de m\u00e9diateur. Les exercices avec l'effet AHA l'ont \u00e9galement d\u00e9clench\u00e9 chez moi.<\/p>\n<h2>\n\t\tAper\u00e7u de la formation Coachingplus\n\t<\/h2>\n\t<a href=\"https:\/\/coachingplus.ch\/fr\/formation-de-coaching\/cursus-de-10-jours-de-coaching\/\" target=\"_self\" rel=\"noopener\"><\/a> \n\t\t\t<h3>Cours de 10 jours sur le coaching appliqu\u00e9<\/h3>\t\t\t\n\t\t\t\t<p>Dipl\u00f4me Certificat<\/p>\n<h3>\n\t\tSupervision\n\t<\/h3>\n<h4>\n\t\tS\u00e9ances d'accompagnement\n\t<\/h4>\n\t<a href=\"https:\/\/coachingplus.ch\/fr\/formation-de-coaching\/supervision-de-groupe\/\" target=\"_self\" rel=\"noopener\"><\/a> \n\t\t\t<h3>Supervision \/ s\u00e9ances d'accompagnement<\/h3>\t\t\t\n\t\t\t\t<p>9 demi-journ\u00e9es<br \/>pendant min. 6 mois<\/p>\n<h3>\n\t\tModules de perfectionnement\n\t<\/h3>\n<h4>\n\t\tlibrement s\u00e9lectionnable\n\t<\/h4>\n\t<a href=\"https:\/\/coachingplus.ch\/fr\/formation-de-coaching\/formation-diplomante-pour-le-coaching-applique\/#prozess\" target=\"_self\" rel=\"noopener\"><\/a> \n\t\t\t<h3>Comp\u00e9tences d'accompagnement du processus<\/h3>\t\t\t\n\t\t\t\t<p>2 jours<\/p>\n\t<a href=\"https:\/\/coachingplus.ch\/fr\/formation-de-coaching\/formation-diplomante-pour-le-coaching-applique\/#selbstmgmt\" target=\"_self\" rel=\"noopener\"><\/a> \n\t\t\t<h3>Auto-management Auto-marketing<\/h3>\t\t\t\n\t\t\t\t<p>2 jours<\/p>\n\t<a href=\"https:\/\/coachingplus.ch\/fr\/formation-de-coaching\/formation-diplomante-pour-le-coaching-applique\/#teamcoaching\" target=\"_self\" rel=\"noopener\"><\/a> \n\t\t\t<h3>Coaching d'\u00e9quipe<\/h3>\t\t\t\n\t\t\t\t<p>2 jours<\/p>\n\t<a href=\"https:\/\/coachingplus.ch\/fr\/formation-de-coaching\/formation-diplomante-pour-le-coaching-applique\/#laufbahn\" target=\"_self\" rel=\"noopener\"><\/a> \n\t\t\t<h3>Coaching de carri\u00e8re<\/h3>\t\t\t\n\t\t\t\t<p>2 jours<\/p>\n<h3>\n\t\tGPI<sup>\u00ae<\/sup> Coach\n\t<\/h3>\n<h4>\n\t\tModules I+II\n\t<\/h4>\n\t<a href=\"https:\/\/coachingplus.ch\/fr\/formation-de-coaching\/coach-certifie-gpi\/#modul1\" target=\"_self\" rel=\"noopener\"><\/a> \n\t\t\t<h3>GPI<sup>\u00ae<\/sup> Coach I<\/h3>\t\t\t\n\t\t\t\t<p>2 jours<\/p>\n\t<a href=\"https:\/\/coachingplus.ch\/fr\/formation-de-coaching\/coach-certifie-gpi\/#modul2\" target=\"_self\" rel=\"noopener\"><\/a> \n\t\t\t<h3>GPI<sup>\u00ae<\/sup> Coach II<\/h3>\t\t\t\n\t\t\t\t<p>2 jours<\/p>\n\t<a href=\"https:\/\/coachingplus.ch\/fr\/formation-de-coaching\/coach-certifie-gpi-team\/\" target=\"_self\" rel=\"noopener\"><\/a> \n\t\t\t<h3>Dipl\u00f4m\u00e9 <br \/>GPI<sup>\u00ae<\/sup> Coach de l'\u00e9quipe<\/h3>\t\t\t\n\t\t\t\t<p>audit interne<\/p>\n\t<a href=\"https:\/\/coachingplus.ch\/fr\/formation-de-coaching\/mentor-fa-dipl-coach-sca-dentreprise\/\" target=\"_self\" rel=\"noopener\"><\/a> \n\t\t\t<h3>Mentor* d'entreprise avec brevet f\u00e9d\u00e9ral<\/h3>\t\t\t\n\t\t\t\t<p>coach dipl\u00f4m\u00e9 SCA<\/p>\n\t\t\t\t<img decoding=\"async\" src=\"https:\/\/coachingplus.ch\/wp-content\/uploads\/2020\/08\/favicon.png\" alt=\"favicon\" itemprop=\"image\" height=\"512\" width=\"512\" title=\"favicon\" onerror=\"this.style.display='none'\"  \/>\n<h3>\n\t\tLorsqu'il s'agit de formation au coaching en Suisse, Coachingplus est en t\u00eate de liste. Nous sommes le centre de formation le plus fr\u00e9quent\u00e9. Vous souhaitez en savoir plus ?\n\t<\/h3>\n\t<a href=\"https:\/\/coachingplus.ch\/fr\/newsletter\/\" target=\"_self\" rel=\"noopener\"><\/a> \n\t\t<h4>A lire<\/h4>\t\t\t\n\t\t\t\t<p>Nous nous ferons un plaisir de vous informer sur les th\u00e8mes li\u00e9s au coaching et au leadership par le biais de notre newsletter.<\/p>\n\t<a href=\"\/fr\/contact\/\" target=\"_self\" rel=\"noopener\"><\/a> \n\t\t<h4>Entretien personnel<\/h4>\t\t\t\n\t\t\t\t\n\t<a href=\"https:\/\/coachingplus.ch\/fr\/sinscrire\/\" target=\"_self\" rel=\"noopener\"><\/a> \n\t\t<h4>Convaincu ?!<\/h4>\t\t\t\n<p>Nous vous avons convaincu ? <br \/>Vous pouvez vous inscrire directement ici.<\/p>","protected":false},"excerpt":{"rendered":"<p>Referenzen Psychologen \/ Berufsberater Der Schl\u00fcssel zum Erfolg sind nicht Informationen. Das sind Menschen. (Lee Iacocca) Psychologen und Berufsberater sind gefordert, um die Zusammenh\u00e4nge der Fragestellung ihrer Kunden zu erkennen &#8211; sowohl gesch\u00e4ftlich, wie auch privat. Es braucht eine gewisse Sicherheit, um die einzelnen Situationen der Kunden einsch\u00e4tzen und neue Perspektiven in den Vordergrund r\u00fccken [&hellip;]<\/p>\n","protected":false},"author":1,"featured_media":0,"parent":0,"menu_order":0,"comment_status":"closed","ping_status":"closed","template":"","meta":{"_seopress_robots_primary_cat":"","_seopress_titles_title":"Referenzen Psychologen, Berufsberater: Coaching als positive Lebenshilfe","_seopress_titles_desc":"Psychologen \/ Berufsberater sind gefordert. Der Coaching-Studiengang hilfe Menschen und deren Handel- und Sichtweise besser zu verstehen. Mehr Infos, hier.","_seopress_robots_index":"","site-sidebar-layout":"default","site-content-layout":"","ast-site-content-layout":"default","site-content-style":"default","site-sidebar-style":"default","ast-global-header-display":"","ast-banner-title-visibility":"","ast-main-header-display":"","ast-hfb-above-header-display":"","ast-hfb-below-header-display":"","ast-hfb-mobile-header-display":"","site-post-title":"disabled","ast-breadcrumbs-content":"","ast-featured-img":"","footer-sml-layout":"","ast-disable-related-posts":"","theme-transparent-header-meta":"","adv-header-id-meta":null,"stick-header-meta":null,"header-above-stick-meta":null,"header-main-stick-meta":null,"header-below-stick-meta":null,"astra-migrate-meta-layouts":"default","ast-page-background-enabled":"default","ast-page-background-meta":{"desktop":{"background-color":"","background-image":"","background-repeat":"repeat","background-position":"center center","background-size":"auto","background-attachment":"scroll","background-type":"","background-media":"","overlay-type":"","overlay-color":"","overlay-opacity":"","overlay-gradient":""},"tablet":{"background-color":"","background-image":"","background-repeat":"repeat","background-position":"center center","background-size":"auto","background-attachment":"scroll","background-type":"","background-media":"","overlay-type":"","overlay-color":"","overlay-opacity":"","overlay-gradient":""},"mobile":{"background-color":"","background-image":"","background-repeat":"repeat","background-position":"center center","background-size":"auto","background-attachment":"scroll","background-type":"","background-media":"","overlay-type":"","overlay-color":"","overlay-opacity":"","overlay-gradient":""}},"ast-content-background-meta":{"desktop":{"background-color":"var(--ast-global-color-5)","background-image":"","background-repeat":"repeat","background-position":"center center","background-size":"auto","background-attachment":"scroll","background-type":"","background-media":"","overlay-type":"","overlay-color":"","overlay-opacity":"","overlay-gradient":""},"tablet":{"background-color":"var(--ast-global-color-5)","background-image":"","background-repeat":"repeat","background-position":"center center","background-size":"auto","background-attachment":"scroll","background-type":"","background-media":"","overlay-type":"","overlay-color":"","overlay-opacity":"","overlay-gradient":""},"mobile":{"background-color":"var(--ast-global-color-5)","background-image":"","background-repeat":"repeat","background-position":"center center","background-size":"auto","background-attachment":"scroll","background-type":"","background-media":"","overlay-type":"","overlay-color":"","overlay-opacity":"","overlay-gradient":""}},"iawp_total_views":30,"footnotes":""},"class_list":["post-12840","page","type-page","status-publish","hentry"],"_links":{"self":[{"href":"https:\/\/coachingplus.ch\/fr\/wp-json\/wp\/v2\/pages\/12840","targetHints":{"allow":["GET"]}}],"collection":[{"href":"https:\/\/coachingplus.ch\/fr\/wp-json\/wp\/v2\/pages"}],"about":[{"href":"https:\/\/coachingplus.ch\/fr\/wp-json\/wp\/v2\/types\/page"}],"author":[{"embeddable":true,"href":"https:\/\/coachingplus.ch\/fr\/wp-json\/wp\/v2\/users\/1"}],"replies":[{"embeddable":true,"href":"https:\/\/coachingplus.ch\/fr\/wp-json\/wp\/v2\/comments?post=12840"}],"version-history":[{"count":0,"href":"https:\/\/coachingplus.ch\/fr\/wp-json\/wp\/v2\/pages\/12840\/revisions"}],"wp:attachment":[{"href":"https:\/\/coachingplus.ch\/fr\/wp-json\/wp\/v2\/media?parent=12840"}],"curies":[{"name":"wp","href":"https:\/\/api.w.org\/{rel}","templated":true}]}}