{"id":12839,"date":"2020-11-29T22:31:35","date_gmt":"2020-11-29T21:31:35","guid":{"rendered":"https:\/\/coachingplus.ch\/?page_id=12839"},"modified":"2021-08-10T15:04:14","modified_gmt":"2021-08-10T13:04:14","slug":"references-conseils-en-ressources-humaines","status":"publish","type":"page","link":"https:\/\/coachingplus.ch\/fr\/referenzen-personalberatungen\/","title":{"rendered":"R\u00e9f\u00e9rences des agences de recrutement"},"content":{"rendered":"<h1>R\u00e9f\u00e9rences des agences de recrutement<\/h1>\nLa cl\u00e9 du succ\u00e8s, ce ne sont pas les informations. Ce sont les personnes.<br \/>\n(Lee Iacocca)\n<p>Les conseillers en personnel ont affaire \u00e0 des personnes tr\u00e8s diff\u00e9rentes et \u00e0 leurs ant\u00e9c\u00e9dents. Lors des entretiens avec les collaborateurs, il est extr\u00eamement important de poser des questions orient\u00e9es vers les objectifs et la pratique. Il s'agit de voir les collaborateurs dans leur ensemble et de reconna\u00eetre l'essentiel de leur personnalit\u00e9. Il s'agit de les faire r\u00e9fl\u00e9chir en les coachant afin qu'ils aient une vision claire de leurs objectifs et qu'ils puissent \u00eatre accompagn\u00e9s en cons\u00e9quence. Le cursus de coaching appliqu\u00e9 aide \u00e0 mieux comprendre les autres, \u00e0 les voir sous un nouvel angle et \u00e0 mieux se refl\u00e9ter soi-m\u00eame.<\/p>\n<p>&nbsp;<\/p>\n<p>Si j'ai compris quels outils de coaching peuvent \u00eatre utilis\u00e9s, comment et quand, c'est gr\u00e2ce aux coachs.<\/p>\n<p><strong>J\u00fcrg Stucki, <\/strong>Sales + Project Manager, Manpower AG, Zurich<\/p>\n<p>&nbsp;<\/p>\n<p>La formation m'a permis de progresser en tant que personne. Je peux imm\u00e9diatement utiliser et appliquer ce que j'ai appris dans mon travail.<\/p>\n<p><strong>Raffaele D`Addio, <\/strong>Conseiller en ressources humaines, Provita Personalberatung AG, Brugg<\/p>\n<p>&nbsp;<\/p>\n<p>J'utilise dans mon quotidien professionnel le questionnement orient\u00e9 vers les objectifs et la pratique au sein du conseil en ressources humaines.<\/p>\n<p><strong>Werner Lang, <\/strong>Consultant RH, Human Competence Center AG, B\u00e2le \/ Ebikon \/ Spreitenbach<\/p>\n<p>&nbsp;<\/p>\n<p>J'ai appris \u00e0 r\u00e9fl\u00e9chir en coachant des personnes lors d'entretiens, afin qu'elles aient une vision plus claire de leurs objectifs et qu'elles les poursuivent.<\/p>\n<p><strong>Corinne Gisler, <\/strong>Sp\u00e9cialiste en ressources humaines \/ Conseiller en ressources humaines, NEXUS AG, Zurich<\/p>\n<p>&nbsp;<\/p>\n<p>Dialogue honn\u00eate avec moi-m\u00eame, sensibilisation des autres, facettes importantes de ma personnalit\u00e9 ! Renforcer ma capacit\u00e9, \u00e9tayer ma capacit\u00e9 professionnelle.<\/p>\n<p><strong>Marc P. Neukomm, <\/strong>Consultant en ressources humaines, Victor Management GmbH, Zurich<\/p>\n<p>&nbsp;<\/p>\n<p>Le succ\u00e8s par la comp\u00e9tence, le cursus avec des effets secondaires!* Les pierres th\u00e9oriques de base se m\u00ealent aux r\u00e9flexions personnelles. Une formation de vie durable, \u00e0 recommander absolument. Le mat\u00e9riel de cours est un hit !!! *\"au passage, tu deviens aussi un meilleur coach\".<\/p>\n<p><strong>Heidi Knobloch, <\/strong>Conseill\u00e8re en ressources humaines, Kelly Services (Suisse) SA, Baden<\/p>\n<p>&nbsp;<\/p>\n<p>Pour moi, ce cours a \u00e9t\u00e9 un grand avantage et un compl\u00e9ment au quotidien professionnel du conseil en carri\u00e8re. En outre, j'ai re\u00e7u de nombreuses impulsions personnelles qui me facilitent les relations interpersonnelles. L'essentiel ne se voit pas \u00e0 l'\u0153il nu.<\/p>\n<p><strong>Erika Scheidegger, <\/strong>Sp\u00e9cialiste et conseill\u00e8re en ressources humaines, Liestal<\/p>\n<p>&nbsp;<\/p>\n<p>Les connaissances transmises peuvent d\u00e9j\u00e0 \u00eatre mises en pratique dans le quotidien professionnel pendant les jours de cours. Une exp\u00e9rience formidable !<\/p>\n<p><strong>Marcel Dublanc, <\/strong>Directeur g\u00e9n\u00e9ral, D\u00e9clic Tissus GmbH, Zurich<\/p>\n<p>&nbsp;<\/p>\n<p>Le coach a la capacit\u00e9 d'enthousiasmer ses participants pour ce sujet. Sa mani\u00e8re professionnelle et pratique de transmettre la mati\u00e8re m'a impressionn\u00e9. Il se concentre sur l'essentiel et fait d\u00e9couvrir aux participants diff\u00e9rents outils que l'on peut imm\u00e9diatement mettre en pratique. C'est ainsi que je peux aujourd'hui utiliser ces outils avec succ\u00e8s chez des personnes individuelles ainsi que dans diff\u00e9rentes entreprises.<\/p>\n<p><strong>Werner Werren, <\/strong>\u00c9conomiste d'entreprise \/ sp\u00e9cialiste en ressources humaines dipl\u00f4m\u00e9, voigtundpartner GmbH, Zurich<\/p>\n<p>&nbsp;<\/p>\n<p>Gr\u00e2ce au programme d'\u00e9tudes, certaines choses que je connaissais d\u00e9j\u00e0 ont re\u00e7u un nom et ont \u00e9t\u00e9 formul\u00e9es en d\u00e9tail et imm\u00e9diatement \"exerc\u00e9es\" dans la pratique. Cela m'a beaucoup apport\u00e9 personnellement et m'a montr\u00e9 de nouvelles voies.<\/p>\n<p><strong>Erika Tonassi, <\/strong>HR Consultant Pharma, Stettler Consulting AG, Meilen<\/p>\n<p>&nbsp;<\/p>\n<p>Dans mon travail de recruteur et de coach, j'ai acquis des outils utiles et pratiques pour encourager, accompagner et faire progresser les gens.<\/p>\n<p><strong>Cornelia Schmid, <\/strong>Recruteur \/ Coach, DE-Gechingen<\/p>\n<p>&nbsp;<\/p>\n<p>J'ai aiguis\u00e9 mes perceptions personnelles et j'\u00e9coute encore plus attentivement. Cela me permet d'atteindre mes objectifs avec plus de succ\u00e8s et de travailler ensemble de mani\u00e8re encore plus coh\u00e9rente. Merci beaucoup.<\/p>\n<p><strong>Gabriela Hubmann, <\/strong>Conseill\u00e8re en ressources humaines, REVIVAL Consulting AG, Zurich<\/p>\n<p>&nbsp;<\/p>\n<p>Le gain est d'\u00eatre s\u00fbr de soi dans ses relations avec l'autre, de mieux le comprendre et de pouvoir le g\u00e9rer.<\/p>\n<p><strong>Ren\u00e9 Forrer, <\/strong>Conseiller en ressources humaines, Vogt Tempo AG, Buchs SG<\/p>\n<p>&nbsp;<\/p>\n<p>Cela m'a beaucoup servi, en ce qui concerne ma personne et mes semblables. Je comprends maintenant beaucoup mieux pourquoi je me comporte ou ils r\u00e9agissent de telle ou telle mani\u00e8re.<\/p>\n<p><strong>Mirko Prosdocimi, <\/strong>Consultant senior, PRO Management Consulting, Stallikon<\/p>\n<p>&nbsp;<\/p>\n<p>Une \u00e9coute active et une r\u00e9flexion professionnelle - le programme d'\u00e9tudes m'a permis de progresser !<\/p>\n<p><strong>Michael Bommel, <\/strong>Conseiller en ressources humaines, Affoltern a. A.<\/p>\n<p>&nbsp;<\/p>\n<p>Le fait de pouvoir profiter d'une formation continue et d'apprendre par soi-m\u00eame a rendu ces 10 jours passionnants.<\/p>\n<p><strong>Mathias M\u00fcller, <\/strong>PERSAG SA Service de placement de personnel, Bienne<\/p>\n<p>&nbsp;<\/p>\n<p>L'effet AHA et l'autor\u00e9flexion sont garantis pour tout le monde.<\/p>\n<p><strong>Sara Ochsner, <\/strong>Conseill\u00e8re en personnel \/ sp\u00e9cialiste RH avec brevet f\u00e9d\u00e9ral, Art of Work Personalberatung AG, Baden<\/p>\n<p>&nbsp;<\/p>\n<p>J'ai appris \u00e0 conna\u00eetre de nombreux outils passionnants que je peux utiliser dans mon environnement professionnel et priv\u00e9. La prise de conscience de mes propres points forts me donne de l'assurance pour atteindre mes objectifs de vie. Je recommande volontiers ce cursus ! Cela en vaut la peine.<\/p>\n<p><strong>Roland B\u00fceler, <\/strong>Senior Consultant, Almo Personal AG, Zurich A\u00e9roport<\/p>\n<h2>\n\t\tAper\u00e7u de la formation Coachingplus\n\t<\/h2>\n\t<a href=\"https:\/\/coachingplus.ch\/fr\/formation-de-coaching\/cursus-de-10-jours-de-coaching\/\" target=\"_self\" rel=\"noopener\"><\/a> \n\t\t\t<h3>Cours de 10 jours sur le coaching appliqu\u00e9<\/h3>\t\t\t\n\t\t\t\t<p>Dipl\u00f4me Certificat<\/p>\n<h3>\n\t\tSessions de r\u00e9flexion\n\t<\/h3>\n<h4>\n\t\tConstruire\n\t<\/h4>\n\t<a href=\"https:\/\/coachingplus.ch\/fr\/formation-de-coaching\/supervision-de-groupe\/\" target=\"_self\" rel=\"noopener\"><\/a> \n\t\t\t<h3>Sessions de r\u00e9flexion<\/h3>\t\t\t\n\t\t\t\t<p>9 demi-journ\u00e9es<br \/>pendant min. 6 mois<\/p>\n<h3>\n\t\tModules de perfectionnement\n\t<\/h3>\n<h4>\n\t\tlibrement s\u00e9lectionnable\n\t<\/h4>\n\t<a href=\"https:\/\/coachingplus.ch\/fr\/formation-de-coaching\/formation-diplomante-pour-le-coaching-applique\/#prozess\" target=\"_self\" rel=\"noopener\"><\/a> \n\t\t\t<h3>Comp\u00e9tences d'accompagnement du processus<\/h3>\t\t\t\n\t\t\t\t<p>2 jours<\/p>\n\t<a href=\"https:\/\/coachingplus.ch\/fr\/formation-de-coaching\/formation-diplomante-pour-le-coaching-applique\/#selbstmgmt\" target=\"_self\" rel=\"noopener\"><\/a> \n\t\t\t<h3>Auto-management Auto-marketing<\/h3>\t\t\t\n\t\t\t\t<p>2 jours<\/p>\n\t<a href=\"https:\/\/coachingplus.ch\/fr\/formation-de-coaching\/formation-diplomante-pour-le-coaching-applique\/#teamcoaching\" target=\"_self\" rel=\"noopener\"><\/a> \n\t\t\t<h3>Coaching d'\u00e9quipe<\/h3>\t\t\t\n\t\t\t\t<p>2 jours<\/p>\n\t<a href=\"https:\/\/coachingplus.ch\/fr\/formation-de-coaching\/formation-diplomante-pour-le-coaching-applique\/#laufbahn\" target=\"_self\" rel=\"noopener\"><\/a> \n\t\t\t<h3>Coaching de carri\u00e8re<\/h3>\t\t\t\n\t\t\t\t<p>2 jours<\/p>\n<h3>\n\t\tGPI<sup>\u00ae<\/sup> Coach\n\t<\/h3>\n<h4>\n\t\tModules I+II\n\t<\/h4>\n\t<a href=\"https:\/\/coachingplus.ch\/fr\/formation-de-coaching\/coach-certifie-gpi\/#modul1\" target=\"_self\" rel=\"noopener\"><\/a> \n\t\t\t<h3>GPI<sup>\u00ae<\/sup> Coach I<\/h3>\t\t\t\n\t\t\t\t<p>2 jours<\/p>\n\t<a href=\"https:\/\/coachingplus.ch\/fr\/formation-de-coaching\/coach-certifie-gpi\/#modul2\" target=\"_self\" rel=\"noopener\"><\/a> \n\t\t\t<h3>GPI<sup>\u00ae<\/sup> Coach II<\/h3>\t\t\t\n\t\t\t\t<p>2 jours<\/p>\n\t<a href=\"https:\/\/coachingplus.ch\/fr\/formation-de-coaching\/coach-certifie-gpi-team\/\" target=\"_self\" rel=\"noopener\"><\/a> \n\t\t\t<h3>Dipl\u00f4m\u00e9 <br \/>GPI<sup>\u00ae<\/sup> Coach de l'\u00e9quipe<\/h3>\t\t\t\n\t\t\t\t<p>audit interne<\/p>\n\t<a href=\"https:\/\/coachingplus.ch\/fr\/formation-de-coaching\/mentor-fa-dipl-coach-sca-dentreprise\/\" target=\"_self\" rel=\"noopener\"><\/a> \n\t\t\t<h3>Mentor* d'entreprise avec brevet f\u00e9d\u00e9ral<\/h3>\t\t\t\n\t\t\t\t<p>coach dipl\u00f4m\u00e9 SCA<\/p>\n\t\t\t\t<img decoding=\"async\" src=\"https:\/\/coachingplus.ch\/wp-content\/uploads\/2020\/08\/favicon.png\" alt=\"favicon\" itemprop=\"image\" height=\"512\" width=\"512\" title=\"favicon\" onerror=\"this.style.display='none'\"  \/>\n<h3>\n\t\tLorsqu'il s'agit de formation au coaching en Suisse, Coachingplus est en t\u00eate de liste. Nous sommes le centre de formation le plus fr\u00e9quent\u00e9. Vous souhaitez en savoir plus ?\n\t<\/h3>\n\t<a href=\"https:\/\/coachingplus.ch\/fr\/newsletter\/\" target=\"_self\" rel=\"noopener\"><\/a> \n\t\t<h4>A lire<\/h4>\t\t\t\n\t\t\t\t<p>Nous nous ferons un plaisir de vous informer sur les th\u00e8mes li\u00e9s au coaching et au leadership par le biais de notre newsletter.<\/p>\n\t<a href=\"\/fr\/contact\/\" target=\"_self\" rel=\"noopener\"><\/a> \n\t\t<h4>Entretien personnel<\/h4>\t\t\t\n\t\t\t\t\n\t<a href=\"https:\/\/coachingplus.ch\/fr\/sinscrire\/\" target=\"_self\" rel=\"noopener\"><\/a> \n\t\t<h4>Convaincu ?!<\/h4>\t\t\t\n<p>Nous vous avons convaincu ? <br \/>Vous pouvez vous inscrire directement ici.<\/p>","protected":false},"excerpt":{"rendered":"<p>Referenzen Personalberatungen Der Schl\u00fcssel zum Erfolg sind nicht Informationen. Das sind Menschen. (Lee Iacocca) Personalberater haben mit den unterschiedlichsten Menschen und deren Hintergrund zu tun. In Mitarbeitergespr\u00e4chen ist eine ziel- und praxisorientierte Fragestellung enorm wichtig. Es gilt, Mitarbeiter als Ganzes zu sehen und das Wesentliche der Pers\u00f6nlichkeit zu erkennen. Sie sollen coachend reflektiert werden, damit [&hellip;]<\/p>\n","protected":false},"author":1,"featured_media":0,"parent":0,"menu_order":0,"comment_status":"closed","ping_status":"closed","template":"","meta":{"_seopress_robots_primary_cat":"","_seopress_titles_title":"Ref. Personalberatungen: F\u00f6rderung der Zielorientierten Fragestellung","_seopress_titles_desc":"Personalberater haben mit den unterschiedlichsten Menschen & deren Hintergrund zu tun. Unser Coaching-Studiengang hilft, Menschen besser zu verstehen.","_seopress_robots_index":"","site-sidebar-layout":"default","site-content-layout":"","ast-site-content-layout":"default","site-content-style":"default","site-sidebar-style":"default","ast-global-header-display":"","ast-banner-title-visibility":"","ast-main-header-display":"","ast-hfb-above-header-display":"","ast-hfb-below-header-display":"","ast-hfb-mobile-header-display":"","site-post-title":"disabled","ast-breadcrumbs-content":"","ast-featured-img":"","footer-sml-layout":"","ast-disable-related-posts":"","theme-transparent-header-meta":"","adv-header-id-meta":null,"stick-header-meta":null,"header-above-stick-meta":null,"header-main-stick-meta":null,"header-below-stick-meta":null,"astra-migrate-meta-layouts":"default","ast-page-background-enabled":"default","ast-page-background-meta":{"desktop":{"background-color":"","background-image":"","background-repeat":"repeat","background-position":"center center","background-size":"auto","background-attachment":"scroll","background-type":"","background-media":"","overlay-type":"","overlay-color":"","overlay-opacity":"","overlay-gradient":""},"tablet":{"background-color":"","background-image":"","background-repeat":"repeat","background-position":"center center","background-size":"auto","background-attachment":"scroll","background-type":"","background-media":"","overlay-type":"","overlay-color":"","overlay-opacity":"","overlay-gradient":""},"mobile":{"background-color":"","background-image":"","background-repeat":"repeat","background-position":"center center","background-size":"auto","background-attachment":"scroll","background-type":"","background-media":"","overlay-type":"","overlay-color":"","overlay-opacity":"","overlay-gradient":""}},"ast-content-background-meta":{"desktop":{"background-color":"var(--ast-global-color-5)","background-image":"","background-repeat":"repeat","background-position":"center center","background-size":"auto","background-attachment":"scroll","background-type":"","background-media":"","overlay-type":"","overlay-color":"","overlay-opacity":"","overlay-gradient":""},"tablet":{"background-color":"var(--ast-global-color-5)","background-image":"","background-repeat":"repeat","background-position":"center center","background-size":"auto","background-attachment":"scroll","background-type":"","background-media":"","overlay-type":"","overlay-color":"","overlay-opacity":"","overlay-gradient":""},"mobile":{"background-color":"var(--ast-global-color-5)","background-image":"","background-repeat":"repeat","background-position":"center center","background-size":"auto","background-attachment":"scroll","background-type":"","background-media":"","overlay-type":"","overlay-color":"","overlay-opacity":"","overlay-gradient":""}},"iawp_total_views":31,"footnotes":""},"class_list":["post-12839","page","type-page","status-publish","hentry"],"_links":{"self":[{"href":"https:\/\/coachingplus.ch\/fr\/wp-json\/wp\/v2\/pages\/12839","targetHints":{"allow":["GET"]}}],"collection":[{"href":"https:\/\/coachingplus.ch\/fr\/wp-json\/wp\/v2\/pages"}],"about":[{"href":"https:\/\/coachingplus.ch\/fr\/wp-json\/wp\/v2\/types\/page"}],"author":[{"embeddable":true,"href":"https:\/\/coachingplus.ch\/fr\/wp-json\/wp\/v2\/users\/1"}],"replies":[{"embeddable":true,"href":"https:\/\/coachingplus.ch\/fr\/wp-json\/wp\/v2\/comments?post=12839"}],"version-history":[{"count":0,"href":"https:\/\/coachingplus.ch\/fr\/wp-json\/wp\/v2\/pages\/12839\/revisions"}],"wp:attachment":[{"href":"https:\/\/coachingplus.ch\/fr\/wp-json\/wp\/v2\/media?parent=12839"}],"curies":[{"name":"wp","href":"https:\/\/api.w.org\/{rel}","templated":true}]}}