{"id":12838,"date":"2020-11-29T22:31:35","date_gmt":"2020-11-29T21:31:35","guid":{"rendered":"https:\/\/coachingplus.ch\/?page_id=12838"},"modified":"2022-03-18T18:12:06","modified_gmt":"2022-03-18T17:12:06","slug":"references-formation-pedagogique","status":"publish","type":"page","link":"https:\/\/coachingplus.ch\/fr\/referenzen-paedagogen-bildung\/","title":{"rendered":"R\u00e9f\u00e9rences p\u00e9dagogues \/ \u00e9ducation"},"content":{"rendered":"<h1>R\u00e9f\u00e9rences p\u00e9dagogues \/ \u00e9ducation<\/h1>\nLa cl\u00e9 du succ\u00e8s, ce ne sont pas les informations. Ce sont les personnes.<br \/>\n(Lee Iacocca)\n<p>Les g\u00e9n\u00e9rations changent en raison de nombreux facteurs d'influence li\u00e9s \u00e0 l'environnement professionnel et priv\u00e9. Pour les enseignants et les autres professionnels de l'\u00e9ducation, il est important de pouvoir d\u00e9velopper leurs exp\u00e9riences professionnelles et personnelles, de r\u00e9fl\u00e9chir \u00e0 leurs propres exp\u00e9riences et de d\u00e9velopper leurs capacit\u00e9s et leurs comp\u00e9tences. Le programme de coaching appliqu\u00e9 aide \u00e0 mieux comprendre les autres, \u00e0 les voir sous un nouvel angle et \u00e0 mieux r\u00e9fl\u00e9chir sur soi-m\u00eame. Les outils Internet fournis peuvent \u00eatre mis en \u0153uvre d\u00e8s le premier jour, par exemple pour cr\u00e9er une atmosph\u00e8re d'apprentissage positive adapt\u00e9e aux enfants.<\/p>\n<p>J'ai pu tester moi-m\u00eame de nombreux outils encourageants. Leur effet est convaincant. Urs a v\u00e9cu l'\u00e9quivalence et a veill\u00e9 \u00e0 une atmosph\u00e8re d'apprentissage agr\u00e9able. J'ai beaucoup appris en peu de temps.<\/p>\n<p><strong>Corina Peterelli Fetz<\/strong>F<\/p>\n<p>responsable du d\u00e9veloppement de l'\u00e9cole et de l'enseignement, Stadtschule Chur, Coire<\/p>\n<p>Gr\u00e2ce \u00e0 la r\u00e9flexion intensive sur le contenu du cours et sur moi-m\u00eame, j'ai pris conscience de beaucoup de choses et ma compr\u00e9hension de l'autre a \u00e9norm\u00e9ment augment\u00e9. Il est plus facile d'\u00e9valuer les situations et de trouver des solutions cibl\u00e9es.<\/p>\n<p><strong>Daniel Ritter<\/strong><\/p>\n<p>Directeur d'\u00e9cole, Liechtenstein<\/p>\n<p>J'ai pu emporter un r\u00e9pertoire de m\u00e9thodes et d'outils orient\u00e9s vers l'application pour mon quotidien de dirigeant. Gr\u00e2ce \u00e0 la diversit\u00e9 et \u00e0 l'int\u00e9r\u00eat du groupe de participants, j'ai pu nouer des contacts avec d'autres personnes et \u00e9changer des id\u00e9es.<\/p>\n<p><strong>Dr. Wiltrud Weidinger<\/strong><\/p>\n<p>Responsable des projets internationaux, Haute \u00e9cole p\u00e9dagogique de Zurich, Zurich<\/p>\n<p>Interpell\u00e9e par le livre \"Je suis mon propre coach\" et mise au d\u00e9fi par la vie quotidienne, je me suis inscrite. J'ai beaucoup appris sur moi-m\u00eame et sur mon comportement. Mais aussi comment mieux comprendre, encourager et guider les autres.<\/p>\n<p><strong>Samuel Kern<\/strong><\/p>\n<p>Directeur de l'\u00e9cole de Wettingen, Wettingen<\/p>\n<p>Ce cursus m'a permis de d\u00e9couvrir de nombreux outils de coaching importants. Je me sens donc capable de commencer mon activit\u00e9 de coach pour les jeunes et les adultes.<\/p>\n<p><strong>Peter Otth<\/strong><\/p>\n<p>Enseignant et charg\u00e9 de cours, WKS KV Bildung, Berne<\/p>\n<p>Dans le cadre du cursus de coaching appliqu\u00e9, j'ai appris \u00e0 d\u00e9velopper mes comp\u00e9tences sociales et j'ai acquis les outils pratiques n\u00e9cessaires pour coacher d'autres personnes.<\/p>\n<p><strong>Isabelle M\u00e4der-Sigrist<\/strong><\/p>\n<p>Enseignante primaire \/ m\u00e8re de famille, Pf\u00e4ffikon ZH<\/p>\n<p>La pratique du coaching pendant le cours a aiguis\u00e9 ma perception, ce qui m'est maintenant tr\u00e8s utile pour les entretiens avec les parents, les entretiens au sein de l'\u00e9quipe, les entretiens avec les \u00e9l\u00e8ves eux-m\u00eames.<\/p>\n<p><strong>Florian Keller<\/strong><\/p>\n<p>Enseignant<\/p>\n<p>La connaissance de soi, la sensibilisation et la prise de conscience ont \u00e9t\u00e9 pour moi les trois plus grands b\u00e9n\u00e9fices. Gr\u00e2ce aux outils, le contenu des journ\u00e9es de s\u00e9minaire est pour moi applicable dans la pratique. Merci !<\/p>\n<p><strong>Yvonne Anderes<\/strong><\/p>\n<p>Enseignant, pilote, B\u00e2le<\/p>\n<p>En tant qu'enseignant, j'aurais souhait\u00e9 acqu\u00e9rir ce savoir-faire plus t\u00f4t. J'ai acquis beaucoup de courage et de connaissances pour organiser la deuxi\u00e8me moiti\u00e9 de ma vie professionnelle.<\/p>\n<p><strong>Torsten Evers<\/strong><\/p>\n<p>Enseignant, Embrach<\/p>\n<p>Gr\u00e2ce \u00e0 l'\u00e9galit\u00e9 v\u00e9cue et \u00e0 une cohabitation respectueuse, il est possible de changer positivement l'attitude de toute une organisation. Apr\u00e8s ce cursus, je me sens capable de m'engager pour une \u00e9cole adapt\u00e9e aux enfants et offrant une atmosph\u00e8re d'apprentissage positive.<\/p>\n<p><strong>Brigitte Bernhard<\/strong><\/p>\n<p>Responsable de l'administration scolaire, \u00e9cole secondaire, B\u00fclach<\/p>\n<p>L'alternance de nouvelles connaissances (inputs) et d'actions (exercices en groupe) a fait de ce cours un cours de formation continue id\u00e9al. J'ai pu mettre en pratique les exercices (outils) 1:1 dans ma profession d'enseignante primaire.<\/p>\n<p><strong>Silvia Heuberger<\/strong><\/p>\n<p>Enseignante primaire<\/p>\nJ'ai appris beaucoup de choses sur les autres et sur moi-m\u00eame. J'ai surtout repris conscience de la n\u00e9cessit\u00e9 de regarder les autres et de se regarder soi-m\u00eame sous un autre angle.\nC'est une motivation int\u00e9ressante pour appliquer de nouvelles m\u00e9thodes au quotidien, que ce soit dans le domaine scolaire, dans la formation des adultes ou dans la vie priv\u00e9e.\n<p><strong>Carolina Ranft<\/strong><\/p>\n<p>Professeur de gymnastique et de sport avec dipl\u00f4me f\u00e9d\u00e9ral<\/p>\n<p>Ce cours a \u00e9t\u00e9 le point fort de ces derni\u00e8res ann\u00e9es.<\/p>\n<p><strong>Kurt Werren<\/strong>Enseignant, \u00e9cole priv\u00e9e SalZH, Winterthur<\/p>\n<p>J'ai d\u00e9couvert des outils de coaching efficaces et \u00e9prouv\u00e9s, que l'on peut mettre en \u0153uvre imm\u00e9diatement. Le cours m'a donn\u00e9 de nouvelles perspectives vers lesquelles je me dirige maintenant. Un grand merci !<\/p>\n<p><strong>Peter Wernli<\/strong><\/p>\n<p>Enseignant, Oftringen<\/p>\n<p>Gr\u00e2ce \u00e0 ce cours, j'ai \u00e9norm\u00e9ment d\u00e9velopp\u00e9 mes comp\u00e9tences personnelles et ma capacit\u00e9 d'action. Ce cours m'a permis de progresser sur le plan humain. Ce cours a \u00e9t\u00e9 pour moi la meilleure formation que j'ai prise jusqu'\u00e0 pr\u00e9sent.<\/p>\n<p><strong>Bruno Mattli<\/strong><\/p>\n<p>Professeur de l'enseignement secondaire \/ professeur de th\u00e9orie BWS, \u00e9cole de choix professionnel, Zurich<\/p>\n<p>Ce cours ouvre une toute nouvelle porte pour moi. L'intensit\u00e9 du contenu, l'identification de la th\u00e9matique sont \u00e9normes.<\/p>\n<p><strong>Nadine Wernick<\/strong><\/p>\n<p>\u00c9ducatrice, foyer de jour Unterwart, Muttenz<\/p>\n<p>Cela m'a aid\u00e9 \u00e0 d\u00e9terminer la direction que je voulais prendre sur le plan professionnel.<\/p>\n<p><strong>Christine Grogg-Meyer<\/strong><\/p>\n<p>enseignante, paysanne dipl\u00f4m\u00e9e, B\u00fctzberg<\/p>\n<p>Un v\u00e9ritable enrichissement pour mon travail. Je le recommande vivement.<\/p>\n<p><strong>Mirjam Feller<\/strong><\/p>\n<p>P\u00e9dagogue musicale, Richterswil<\/p>\n<p>Le programme m'a permis de r\u00e9fl\u00e9chir \u00e0 mes exp\u00e9riences et de d\u00e9velopper mes comp\u00e9tences et mes capacit\u00e9s. Seul, en bin\u00f4me et en groupe, j'ai eu l'occasion de tester et d'exp\u00e9rimenter de nombreux outils et points de d\u00e9part diff\u00e9rents.<\/p>\n<p><strong>Stefan Langenegger<\/strong><\/p>\n<p>Enseignant secondaire, directeur adjoint, Zurich<\/p>\n<p>Le programme d'\u00e9tudes m'a permis de prendre conscience de mes propres points forts. J'ai appris \u00e0 conna\u00eetre et \u00e0 utiliser de nombreux outils int\u00e9ressants. C'\u00e9tait amusant et tr\u00e8s utile. J'emporte avec moi de nombreuses exp\u00e9riences pour ma \"bo\u00eete \u00e0 tr\u00e9sors\".<\/p>\n<p><strong>Astrid Br\u00fchlmann<\/strong><\/p>\n<p>Enseignante secondaire, Sch\u00e4nis<\/p>\n<p>J'ai appris \u00e0 mieux me conna\u00eetre, \u00e0 me comprendre et \u00e0 m'appr\u00e9cier. Le programme d'\u00e9tudes m'a renforc\u00e9 et soutenu dans mon travail.<\/p>\n<p><strong>Michael Moser<\/strong><\/p>\n<p>Directeur de l'\u00e9cole<\/p>\n<p>Le cours \u00e9tait intense, passionnant et le formateur tr\u00e8s sympathique et comp\u00e9tent.<\/p>\n<p><strong>Susanne B\u00fcchler<\/strong><\/p>\n<p>Directrice d'\u00e9cole \/ directrice d'\u00e9dition, \u00e9cole de langues Susanne B\u00fcchler, Heerbrugg<\/p>\n<p>J'ai \u00e9norm\u00e9ment profit\u00e9 non seulement sur le plan professionnel, mais aussi et surtout sur le plan du d\u00e9veloppement personnel. Ce cours m'a permis de me remettre en question et d'aller de l'avant avec courage. Renforcer les points forts est une devise g\u00e9niale.<\/p>\n<p><strong>Tabea Wiskin<\/strong><\/p>\n<p>Responsable de garderie \/ formatrice d'apprentis \/ animatrice de jeunesse, D\u00e9partement des \u00e9coles et des sports de la ville de Zurich, Auzelg, Zurich<\/p>\n<p>Le b\u00e9n\u00e9fice que j'ai tir\u00e9 de la participation au cours a \u00e9t\u00e9 tr\u00e8s important. J'ai acquis beaucoup plus d'assurance dans la conduite d'un entretien (surtout l'\u00e9coute active, les types de questions, les techniques de questionnement).<\/p>\n<p><strong>Daniela Rohrbach<\/strong><\/p>\n<p>Enseignante fili\u00e8re soins infirmiers, Haute \u00e9cole sp\u00e9cialis\u00e9e bernoise, Berne<\/p>\n<p>Je peux utiliser pleinement les connaissances acquises dans mon activit\u00e9 et ma posture d'enseignement. De nombreux outils peuvent \u00e9galement \u00eatre int\u00e9gr\u00e9s 1:1 dans le coaching des apprenants.<\/p>\n<p><strong>Markus Rudin<\/strong><\/p>\n<p>Enseignant, Gewerblich-industrielle Berufsfachschule Liestal, Liestal<\/p>\n<p>Dans une atmosph\u00e8re de travail tr\u00e8s stimulante et agr\u00e9able, le programme d'\u00e9tudes d\u00e9veloppe de nombreuses qualifications cl\u00e9s dont un entrepreneur d'une PME a besoin. Ceux qui dirigent des personnes doivent absolument suivre ce cursus.<\/p>\n<p><strong>Roger M\u00fcller<\/strong><\/p>\n<p>chimiste dipl\u00f4m\u00e9 HES, M\u00fcller's Students-Coaching GmbH, Niederglatt<\/p>\n<p>Mon r\u00e9pertoire de t\u00e2ches de vie et d'assistance s'est \u00e9largi. Je suis encourag\u00e9e et confiante.<\/p>\n<p><strong>Ruth Schweizer<\/strong><\/p>\n<p>Le programme d'\u00e9tudes a consid\u00e9rablement \u00e9largi mes comp\u00e9tences personnelles, sociales et professionnelles. Je peux directement int\u00e9grer ce que j'ai appris dans mon travail professionnel, mais aussi dans ma vie priv\u00e9e.<\/p>\n<p><strong>Hanspeter Schoch<\/strong><\/p>\n<p>Directeur de l'\u00e9cole de musique du Toggenburg, Wattwil<\/p>\n<p>Ce cursus m'a permis de d\u00e9couvrir de nombreux outils de coaching importants. Je me sens donc capable de commencer mon activit\u00e9 de coach pour les jeunes et les adultes.<\/p>\n<p><strong>Peter Otth<\/strong><\/p>\n<p>Enseignant et charg\u00e9 de cours, WKS KV Bildung, Berne<\/p>\n<p>Les attentes ont \u00e9t\u00e9 enti\u00e8rement satisfaites. J'ai pu apprendre \u00e0 mieux me conna\u00eetre, j'ai pris conscience des processus et des mod\u00e8les d'action sur moi et sur les autres. Cela m'a permis de gagner en s\u00e9r\u00e9nit\u00e9.<\/p>\n<p><strong>Cercle Christina<\/strong><\/p>\n<p>Directrice de l'\u00e9cole<\/p>\n<p>Un int\u00e9r\u00eat encore plus grand pour \u00eatre en route avec les gens. \u00catre \u00e9veill\u00e9 - \u00eatre attentif.<\/p>\n<p><strong>H\u00e9l\u00e8ne Frey<\/strong><\/p>\n<p>\u00c9conomiste d'entreprise \/ directrice d'\u00e9cole, Biberstein<\/p>\n<p>Mieux comprendre les gens dans ce qu'ils font et dans ce qu'ils sont. Ce qui est encore plus beau<\/p>\n<p>mais combien \"j'ai appris sur moi-m\u00eame\".<\/p>\n<p><strong>Eliane Zbinden-Rychener<\/strong><\/p>\n<p>P\u00e9dagogue curative, \u00e9cole Rossfeld, Berne<\/p>\n<p>Connaissances professionnelles actuelles et confrontation avec soi-m\u00eame.<\/p>\n<p><strong>Martin Knoth<\/strong><\/p>\n<p>Charg\u00e9 de cours \/ Professeur de voile, Zurich<\/p>\n<p>Les outils efficaces enrichissent mon quotidien de conseiller. Je me sens maintenant comp\u00e9tent pour donner des conseils individuels en tant que coach.<\/p>\n<p><strong>Elisabeth Dillmann<\/strong><\/p>\n<p>Enseignante au gymnase \/ formatrice de parents, Bertschikon<\/p>\n<p>En d\u00e9couvrant et en approfondissant la psychologie individuelle, ainsi qu'en m'int\u00e9ressant aux comp\u00e9tences d'accompagnement des processus, j'ai compris dans quelle direction mon mod\u00e8le psychologique pouvait \u00eatre d\u00e9velopp\u00e9 pour mon activit\u00e9 de coach.<\/p>\n<p><strong>Heide Roch-Haufe<\/strong><\/p>\n<p>Enseignant, Kloten<\/p>\n<p>Du doute de soi \u00e0 la r\u00e9flexion sur soi. Je me suis lanc\u00e9e dans l'aventure avec un sentiment d'ins\u00e9curit\u00e9 et j'ai atteint l'arriv\u00e9e (de l'\u00e9tape) avec confiance. Je n'aurais jamais pens\u00e9 qu'un v\u00e9ritable examen critique de soi-m\u00eame pouvait \u00eatre aussi plaisant et joyeux. Un vrai b\u00e9n\u00e9fice.<\/p>\n<p><strong>Stefan Wagner<\/strong><\/p>\n<p>Directeur d'\u00e9cole, Schulen B\u00f6ttstein AG, Kleind\u00f6ttingen<\/p>\n<p>C'\u00e9tait tr\u00e8s amusant de r\u00e9fl\u00e9chir sur soi-m\u00eame avec des personnes diff\u00e9rentes. Le cours permet de mettre en avant ses propres points forts, ce qui est tr\u00e8s motivant.<\/p>\n<p>Les diff\u00e9rentes possibilit\u00e9s d'application ont emp\u00each\u00e9 une approche h\u00e9sitante, des tergiversations et la peur de faire quelque chose de mal. Je n'ai eu qu'\u00e0 faire et \u00e7a a march\u00e9 !<\/p>\n<p><strong>Berna Arnold<\/strong><\/p>\n<p>Enseignante \/ psychologue HES, Zurich<\/p>\n<p>C'\u00e9tait tr\u00e8s amusant de r\u00e9fl\u00e9chir sur soi-m\u00eame avec des personnes diff\u00e9rentes. Le cours permet de mettre en avant ses propres points forts, ce qui est tr\u00e8s motivant.<\/p>\n<p><strong>Ursina Pl\u00fcer<\/strong><\/p>\n<p>Assistance de classe<\/p>\n<p>J'ai d\u00e9couvert l'importance de l'encouragement. J'ai appris beaucoup de choses nouvelles et j'ai fait des d\u00e9couvertes.<\/p>\n<p><strong>Jonelle Stucki<\/strong><\/p>\n<p>Enseignante secondaire<\/p>\n<p>J'\u00e9coute, je regarde et je ressens d\u00e9sormais explicitement. Le cours m'a donn\u00e9 l'assurance de poser des questions pratiques et orient\u00e9es vers des solutions. J'ai \u00e9t\u00e9 encourag\u00e9e \u00e0 poursuivre mon chemin de coach avec passion et motivation et \u00e0 comprendre les gens dans leur globalit\u00e9. Un grand merci !<\/p>\n<p><strong>Kathrin Borer<\/strong><\/p>\n<p>Responsable de projet pour l'encouragement pr\u00e9coce de l'allemand, ville de Schaffhouse \/ Bildungsreferat, Schaffhouse<\/p>\n<p>Le programme d'\u00e9tudes favorise l'autor\u00e9flexion et le d\u00e9veloppement des comp\u00e9tences sociales. Les connaissances acquises peuvent \u00eatre appliqu\u00e9es dans les relations quotidiennes avec d'autres personnes dans le domaine priv\u00e9 et professionnel.<\/p>\n<p><strong>Karin B\u00fcchler<\/strong><\/p>\n<p>Enseignante sp\u00e9cialis\u00e9e, BWS Limmattal, Schlieren<\/p>\n<p>J'ai \u00e9t\u00e9 encourag\u00e9e \u00e0 \u00eatre qui je suis \/ \u00e0 percevoir et \u00e0 reconna\u00eetre mes forces et mes ressources. J'ai \u00e9t\u00e9 encourag\u00e9e \u00e0 coacher \u00e0 ma mani\u00e8re, ... que je vais encore trouver.<\/p>\n<p><strong>Christa Wehmann<\/strong><\/p>\n<p>Animatrice d'ateliers cr\u00e9atifs, p\u00e9dagogue, Teufenthal<\/p>\n<p>J'ai appris \u00e0 mieux me conna\u00eetre et j'ai pris conscience de la mani\u00e8re dont je \"fonctionne\" dans diverses situations.<\/p>\n<p><strong>J. Dolnicek<\/strong><\/p>\n<p>Sp\u00e9cialiste de l'encadrement, Service scolaire de la ville de Zurich (garderie), Zurich<\/p>\n<p>Des exemples pratiques ont \u00e9t\u00e9 int\u00e9gr\u00e9s dans le cours. Les outils enseign\u00e9s ont pu \u00eatre mis en pratique imm\u00e9diatement. Me donne une bonne base pour la suite de mon travail. Tr\u00e8s bonne ambiance, sympathique et d\u00e9contract\u00e9e. On sent ta grande exp\u00e9rience. J'aime beaucoup t'\u00e9couter. Tu partages tes tr\u00e9sors et tes connaissances avec passion.<\/p>\n<p><strong>Silvia M\u00fcller<\/strong><\/p>\n<p>Charg\u00e9e du personnel, CDIP (Conf\u00e9rence suisse des directeurs cantonaux de l'instruction publique), Berne<\/p>\n<p>J'ai re\u00e7u de pr\u00e9cieuses impulsions pour la conduite d'entretiens, que je peux utiliser dans mon quotidien professionnel. Les exercices pratiques en petits groupes ont un effet renfor\u00e7ant et encourageant.<\/p>\n<p><strong>Marcel Tschopp<\/strong><\/p>\n<p>Enseignant d'allemand et d'histoire, centre de formation kv Bl, Liestal<\/p>\n<p>En 10 jours de cours compacts et instructifs, Urs m'a donn\u00e9 les outils n\u00e9cessaires pour mener des entretiens professionnels avec mes collaborateurs.<\/p>\n<p><strong>Dario B\u00fchlmann<\/strong><\/p>\n<p>Enseignant en \u00e9cole professionnelle, GIBS St.<\/p>\n<p>J'ai pu apprendre beaucoup sur moi-m\u00eame et sur la psychologie individuelle. Merci de m'avoir per\u00e7u \u00e0 hauteur des yeux. En si peu de temps, tu m'as beaucoup appris. Merci !<\/p>\n<p><strong>Jasmin Thalmann<\/strong><\/p>\n<p>ASSC<\/p>\n<p>\u00c9largissement de mon portefeuille th\u00e9rapeutique. Une action orient\u00e9e vers les solutions et une gestion constructive des conflits. Un grand et pr\u00e9cieux enrichissement \u00e0 tous points de vue.<\/p>\n<p><strong>Evelyn Jennes<\/strong><\/p>\n<p>Logop\u00e9diste, art-th\u00e9rapeute et th\u00e9rapeute d'apprentissage<\/p>\n<p>&nbsp;<\/p>\n<h2>\n\t\tAper\u00e7u de la formation Coachingplus\n\t<\/h2>\n\t<a href=\"https:\/\/coachingplus.ch\/fr\/formation-de-coaching\/cursus-de-10-jours-de-coaching\/\" target=\"_self\" aria-label=\"Go to https:\/\/coachingplus.ch\/coaching-ausbildung\/10-taegiger-coaching-studiengang\/\" rel=\"noopener\"><\/a>\n\t\t\t<h3>Cours de 10 jours sur le coaching appliqu\u00e9<\/h3>\t\t\t\n\t\t\t\t<p>Dipl\u00f4me Certificat<\/p>\n<h3>\n\t\tSessions de r\u00e9flexion\n\t<\/h3>\n\t<a href=\"https:\/\/coachingplus.ch\/fr\/formation-de-coaching\/supervision-de-groupe\/\" target=\"_self\" aria-label=\"Go to https:\/\/coachingplus.ch\/coaching-ausbildung\/gruppensupervision\/\" rel=\"noopener\"><\/a>\n\t\t\t<h3>Sessions de r\u00e9flexion<\/h3>\t\t\t\n\t\t\t\t<p>9 demi-journ\u00e9es<br \/>pendant min. 6 mois<\/p>\n<h3>\n\t\tModules de perfectionnement\n\t<\/h3>\n\t<a href=\"https:\/\/coachingplus.ch\/fr\/formation-de-coaching\/formation-diplomante-pour-le-coaching-applique\/#prozess\" target=\"_self\" aria-label=\"Go to https:\/\/coachingplus.ch\/coaching-ausbildung\/diplomausbildung-fuer-angewandtes-coaching\/#prozess\" rel=\"noopener\"><\/a>\n\t\t\t<h3>Comp\u00e9tences d'accompagnement du processus<\/h3>\t\t\t\n\t\t\t\t<p>2 jours<\/p>\n\t<a href=\"https:\/\/coachingplus.ch\/fr\/formation-de-coaching\/formation-diplomante-pour-le-coaching-applique\/#selbstmgmt\" target=\"_self\" aria-label=\"Go to https:\/\/coachingplus.ch\/coaching-ausbildung\/diplomausbildung-fuer-angewandtes-coaching\/#selbstmgmt\" rel=\"noopener\"><\/a>\n\t\t\t<h3>Auto-management Auto-marketing<\/h3>\t\t\t\n\t\t\t\t<p>2 jours<\/p>\n\t<a href=\"https:\/\/coachingplus.ch\/fr\/formation-de-coaching\/formation-diplomante-pour-le-coaching-applique\/#teamcoaching\" target=\"_self\" aria-label=\"Go to https:\/\/coachingplus.ch\/coaching-ausbildung\/diplomausbildung-fuer-angewandtes-coaching\/#teamcoaching\" rel=\"noopener\"><\/a>\n\t\t\t<h3>Coaching d'\u00e9quipe<\/h3>\t\t\t\n\t\t\t\t<p>2 jours<\/p>\n\t<a href=\"https:\/\/coachingplus.ch\/fr\/formation-de-coaching\/formation-diplomante-pour-le-coaching-applique\/#laufbahn\" target=\"_self\" aria-label=\"Go to https:\/\/coachingplus.ch\/coaching-ausbildung\/diplomausbildung-fuer-angewandtes-coaching\/#laufbahn\" rel=\"noopener\"><\/a>\n\t\t\t<h3>Coaching de carri\u00e8re<\/h3>\t\t\t\n\t\t\t\t<p>2 jours<\/p>\n<h3>\n\t\tModules compl\u00e9mentaires\n\t<\/h3>\n\t<a href=\"https:\/\/coachingplus.ch\/fr\/formation-de-coaching\/module-complementaire-travail-thematique\/\" target=\"_self\" aria-label=\"Go to https:\/\/coachingplus.ch\/coaching-ausbildung\/zusatzmodul-thematische-arbeit\/\" rel=\"noopener\"><\/a>\n\t\t\t<h3>Travail th\u00e9matique<\/h3>\t\t\t\n\t\t\t\t<p>1\/2 jours<\/p>\n\t<a href=\"https:\/\/coachingplus.ch\/fr\/formation-de-coaching\/simulation-dexamen\/\" target=\"_self\" aria-label=\"Go to https:\/\/coachingplus.ch\/coaching-ausbildung\/pruefungssimulation\/\" rel=\"noopener\"><\/a>\n\t\t\t<h3>Simulation d'examen<\/h3>\t\t\t\n\t\t\t\t<p>1\/2 jours<\/p>\n\t<a href=\"https:\/\/coachingplus.ch\/fr\/formation-de-coaching\/mentor-fa-dipl-coach-sca-dentreprise\/\" target=\"_self\" aria-label=\"Go to https:\/\/coachingplus.ch\/coaching-ausbildung\/betrieblicher-mentor-fa-dipl-coach-sca\/\" rel=\"noopener\"><\/a>\n\t\t\t<h3>Mentor* d'entreprise avec brevet f\u00e9d\u00e9ral<\/h3>\t\t\t\n\t\t\t\t<p>coach dipl\u00f4m\u00e9 SCA<\/p>\n\t\t\t\t<img decoding=\"async\" src=\"https:\/\/coachingplus.ch\/wp-content\/uploads\/2020\/08\/favicon.png\" alt=\"et logo\" itemprop=\"image\" height=\"512\" width=\"512\" title=\"favicon\" onerror=\"this.style.display='none'\"  \/>\n<h3>\n\t\tLorsqu'il s'agit de formation au coaching en Suisse, Coachingplus est en t\u00eate de liste. Nous sommes le centre de formation le plus fr\u00e9quent\u00e9. Vous souhaitez en savoir plus ?\n\t<\/h3>\n\t<a href=\"https:\/\/coachingplus.ch\/fr\/newsletter\/\" target=\"_self\" aria-label=\"Go to https:\/\/coachingplus.ch\/newsletter\/\" rel=\"noopener\"><\/a>\n\t\t<h4>A lire<\/h4>\t\t\t\n\t\t\t\t<p>Nous nous ferons un plaisir de vous informer sur les th\u00e8mes li\u00e9s au coaching et au leadership par le biais de notre newsletter.<\/p>\n\t<a href=\"\/fr\/contact\/\" target=\"_self\" aria-label=\"Go to \/contact\/\" rel=\"noopener\"><\/a>\n\t\t<h4>Entretien personnel<\/h4>\t\t\t\n\t\t\t\t<p>Nous r\u00e9pondrons volontiers \u00e0 vos questions par e-mail, t\u00e9l\u00e9phone ou lors d'un entretien personnel. <a href=\"https:\/\/coachingplus.ch\/fr\/contact\/\">Discutez de vos questions !<\/a><\/p>\n\t<a href=\"https:\/\/coachingplus.ch\/fr\/sinscrire\/\" target=\"_self\" aria-label=\"Go to https:\/\/coachingplus.ch\/anmelden\/\" rel=\"noopener\"><\/a>\n\t\t<h4>Convaincu ?!<\/h4>\t\t\t\n<p>Nous vous avons convaincu ? <br \/>Vous pouvez vous inscrire directement ici.<\/p>","protected":false},"excerpt":{"rendered":"<p>Referenzen P\u00e4dagogen \/ Bildung Der Schl\u00fcssel zum Erfolg sind nicht Informationen. Das sind Menschen. (Lee Iacocca) Generationen ver\u00e4ndern sich aufgrund vieler Einflussfaktoren aus dem beruflichen, wie privaten Umfeld. F\u00fcr Lehrkr\u00e4fte und andere p\u00e4dagogische Berufe ist es wichtig, die Berufs- und Lebenserfahrungen weiterentwickeln zu k\u00f6nnen, eigene Erfahrungen zu reflektieren\u00a0 und F\u00e4higkeiten, sowie Fertigkeiten auszubauen. Der Studiengang [&hellip;]<\/p>\n","protected":false},"author":1,"featured_media":0,"parent":0,"menu_order":0,"comment_status":"closed","ping_status":"closed","template":"","meta":{"_seopress_robots_primary_cat":"","_seopress_titles_title":"Referenzen P\u00e4dagogen \/ Bildung: Berufs- & Lebenserfahrung","_seopress_titles_desc":"Der Studiengang f\u00fcr angewandtes Coaching hilft im Bereich P\u00e4dagoik und Bildung andere Menschen besser zu verstehen, sie in einem neuen Blickwinkel zu sehen.","_seopress_robots_index":"","site-sidebar-layout":"default","site-content-layout":"","ast-site-content-layout":"default","site-content-style":"default","site-sidebar-style":"default","ast-global-header-display":"","ast-banner-title-visibility":"","ast-main-header-display":"","ast-hfb-above-header-display":"","ast-hfb-below-header-display":"","ast-hfb-mobile-header-display":"","site-post-title":"disabled","ast-breadcrumbs-content":"","ast-featured-img":"","footer-sml-layout":"","ast-disable-related-posts":"","theme-transparent-header-meta":"","adv-header-id-meta":null,"stick-header-meta":null,"header-above-stick-meta":null,"header-main-stick-meta":null,"header-below-stick-meta":null,"astra-migrate-meta-layouts":"default","ast-page-background-enabled":"default","ast-page-background-meta":{"desktop":{"background-color":"","background-image":"","background-repeat":"repeat","background-position":"center center","background-size":"auto","background-attachment":"scroll","background-type":"","background-media":"","overlay-type":"","overlay-color":"","overlay-opacity":"","overlay-gradient":""},"tablet":{"background-color":"","background-image":"","background-repeat":"repeat","background-position":"center center","background-size":"auto","background-attachment":"scroll","background-type":"","background-media":"","overlay-type":"","overlay-color":"","overlay-opacity":"","overlay-gradient":""},"mobile":{"background-color":"","background-image":"","background-repeat":"repeat","background-position":"center center","background-size":"auto","background-attachment":"scroll","background-type":"","background-media":"","overlay-type":"","overlay-color":"","overlay-opacity":"","overlay-gradient":""}},"ast-content-background-meta":{"desktop":{"background-color":"var(--ast-global-color-5)","background-image":"","background-repeat":"repeat","background-position":"center center","background-size":"auto","background-attachment":"scroll","background-type":"","background-media":"","overlay-type":"","overlay-color":"","overlay-opacity":"","overlay-gradient":""},"tablet":{"background-color":"var(--ast-global-color-5)","background-image":"","background-repeat":"repeat","background-position":"center center","background-size":"auto","background-attachment":"scroll","background-type":"","background-media":"","overlay-type":"","overlay-color":"","overlay-opacity":"","overlay-gradient":""},"mobile":{"background-color":"var(--ast-global-color-5)","background-image":"","background-repeat":"repeat","background-position":"center center","background-size":"auto","background-attachment":"scroll","background-type":"","background-media":"","overlay-type":"","overlay-color":"","overlay-opacity":"","overlay-gradient":""}},"iawp_total_views":248,"footnotes":""},"class_list":["post-12838","page","type-page","status-publish","hentry"],"_links":{"self":[{"href":"https:\/\/coachingplus.ch\/fr\/wp-json\/wp\/v2\/pages\/12838","targetHints":{"allow":["GET"]}}],"collection":[{"href":"https:\/\/coachingplus.ch\/fr\/wp-json\/wp\/v2\/pages"}],"about":[{"href":"https:\/\/coachingplus.ch\/fr\/wp-json\/wp\/v2\/types\/page"}],"author":[{"embeddable":true,"href":"https:\/\/coachingplus.ch\/fr\/wp-json\/wp\/v2\/users\/1"}],"replies":[{"embeddable":true,"href":"https:\/\/coachingplus.ch\/fr\/wp-json\/wp\/v2\/comments?post=12838"}],"version-history":[{"count":1,"href":"https:\/\/coachingplus.ch\/fr\/wp-json\/wp\/v2\/pages\/12838\/revisions"}],"predecessor-version":[{"id":14879,"href":"https:\/\/coachingplus.ch\/fr\/wp-json\/wp\/v2\/pages\/12838\/revisions\/14879"}],"wp:attachment":[{"href":"https:\/\/coachingplus.ch\/fr\/wp-json\/wp\/v2\/media?parent=12838"}],"curies":[{"name":"wp","href":"https:\/\/api.w.org\/{rel}","templated":true}]}}