{"id":12837,"date":"2020-11-29T22:31:35","date_gmt":"2020-11-29T21:31:35","guid":{"rendered":"https:\/\/coachingplus.ch\/?page_id=12837"},"modified":"2020-11-30T10:53:41","modified_gmt":"2020-11-30T09:53:41","slug":"references-organisations-a-but-non-lucratif-npo","status":"publish","type":"page","link":"https:\/\/coachingplus.ch\/fr\/referenzen-non-profit-organisationen-npo\/","title":{"rendered":"R\u00e9f\u00e9rences des organisations \u00e0 but non lucratif (NPO)"},"content":{"rendered":"<h1>R\u00e9f\u00e9rences des organisations \u00e0 but non lucratif (NPO)<\/h1>\nLa cl\u00e9 du succ\u00e8s, ce ne sont pas les informations. Ce sont les personnes.<br \/>\n(Lee Iacocca)\n<p>En tant qu'organisation \u00e0 but non lucratif, il faut savoir convaincre. On recherche des b\u00e9n\u00e9voles qui ne pensent pas seulement \u00e0 eux et qui sont pr\u00eats \u00e0 donner un peu de leur luxe pour aider des peuples, des familles ou des voisins dans le besoin. On recherche \u00e9galement des personnes qui sont pr\u00eates \u00e0 fournir des prestations de haut niveau pour un salaire modeste, afin que d'autres puissent \u00eatre aid\u00e9s. C'est un grand d\u00e9fi pour les collaborateurs dans le domaine des NPO et cela ne peut \u00eatre atteint que par la motivation. Le cursus de coaching appliqu\u00e9 fournit des inputs utiles qui permettent une gestion des collaborateurs meilleure et plus qualifi\u00e9e. Il \u00e9veille des visions que l'on veut absolument poursuivre.<\/p>\n<p>J'ai beaucoup appris sur ma personnalit\u00e9 au cours de ces dix jours. C'\u00e9tait un cours passionnant, applicable pratiquement imm\u00e9diatement, qui m'a ouvert de nouvelles connaissances.<\/p>\n\n<p>Pr\u00e9sidente du conseil de fondation de la Fondation Limmat, Zurich<\/p>\n<p>J'ai progress\u00e9 dans ma personnalit\u00e9 et j'ai \u00e9t\u00e9 renforc\u00e9e. En m\u00eame temps, j'ai appris \u00e0 conna\u00eetre des outils pratiques et efficaces. Je peux utiliser ce que j'ai appris aussi bien dans ma vie professionnelle que dans ma vie priv\u00e9e.<\/p>\n\n<p>Responsable de programme World Vision Suisse, D\u00fcbendorf<\/p>\n<p>J'ai appris \u00e0 percevoir mon environnement et moi-m\u00eame dans une nouvelle dimension. La conduite d'entretiens et de r\u00e9unions a acquis une nouvelle qualit\u00e9 (et de nouvelles id\u00e9es). J'ai \u00e9galement re\u00e7u des informations utiles qui me permettent de mieux diriger mes collaborateurs et de les qualifier davantage. Un grand merci !<\/p>\n\n<p>Directeur administratif, Fondation Wendepunkt, Oberentfelden<\/p>\n<p>J'ai appris \u00e0 conna\u00eetre de nombreux outils de coaching pr\u00e9cieux, pratiques et faciles \u00e0 utiliser. Le cursus m'a donn\u00e9 de nouvelles impulsions pour ma vie et mon travail.<\/p>\n\n<p>Consultant, Services mondiaux<\/p>\n<p>Ce cours a confirm\u00e9, approfondi et \u00e9largi mon travail de formateur de cadres.<\/p>\n\n<p>Formateur de responsables d'ONG, UoFN, Sofia \/ Bulgarie<\/p>\n<p>Les sujets trait\u00e9s correspondaient parfaitement \u00e0 ma situation actuelle de<\/p>\n<p>le changement. J'ai pu appliquer certains outils directement dans des entretiens et<\/p>\n<p>en faire une exp\u00e9rience positive.<\/p>\n\n<p>Officier de l'Arm\u00e9e du Salut, Fondation suisse de l'Arm\u00e9e du Salut, Berne<\/p>\n<p>Le cours m'a aid\u00e9 \u00e0 identifier et \u00e0 d\u00e9velopper mes points forts. Les exercices pratiques en petit groupe m'ont mis au d\u00e9fi de mani\u00e8re positive et le retour des participants \u00e9tait tr\u00e8s encourageant. Les diff\u00e9rents outils sont pratiques et faciles \u00e0 utiliser. Ce cours a \u00e9veill\u00e9 en moi quelque chose que je veux absolument poursuivre. Mes attentes ont \u00e9t\u00e9 d\u00e9pass\u00e9es.<\/p>\n\n<p>Coordinateur, Europartners, Wetzikon<\/p>\n<p>Gr\u00e2ce aux nombreux exercices pratiques et \u00e0 la m\u00e9thodologie qui m'a s\u00e9duite, j'ai pu gagner en assurance dans le coaching. Les \u00e9changes avec les autres participants ont \u00e9galement \u00e9t\u00e9 tr\u00e8s profitables !<\/p>\n<p><strong>Brigitte Rindlisbacher<\/strong>Formatrice d'adultes dipl\u00f4m\u00e9e ES, Croix-Rouge suisse (CRS), Service Croix-Rouge, Berne<\/p>\n<p>Renforcement et confirmation personnels ! Des outils de coaching orient\u00e9s vers les solutions en main d\u00e8s le premier jour.<\/p>\n\n<p>Sp\u00e9cialiste en gestion, Fondation Wendepunkt, Muhen<\/p>\n<p>J'ai appris \u00e0 conna\u00eetre diff\u00e9rents outils de coaching qui me soutiennent dans la gestion de mes collaborateurs.<\/p>\n\n<p>Directeur VBG, Zurich<\/p>\n<p>Le programme d'\u00e9tudes m'aide \u00e0 r\u00e9fl\u00e9chir \u00e0 ma gestion des collaborateurs et \u00e0 l'am\u00e9liorer.<\/p>\n\n<p>Responsable interculturel, FEG Suisse, Pf\u00e4ffikon<\/p>\n<p>Je me r\u00e9jouis d'aller un peu plus loin qu'avant gr\u00e2ce \u00e0 mes nouvelles connaissances et comp\u00e9tences.<\/p>\n\n<p>Directeur r\u00e9gional, Geschenke der Hoffnung e.V., Berlin<\/p>\n<h2>Aper\u00e7u de nos formations de coaching<\/h2>\n\n<h2>\n\t\tAper\u00e7u de la formation Coachingplus\n\t<\/h2>\n\t<a href=\"https:\/\/coachingplus.ch\/fr\/formation-de-coaching\/cursus-de-10-jours-de-coaching\/\" target=\"_self\" rel=\"noopener\"><\/a> \n\t\t\t<h3>Cours de 10 jours sur le coaching appliqu\u00e9<\/h3>\t\t\t\n\t\t\t\t<p>Dipl\u00f4me Certificat<\/p>\n<h3>\n\t\tSupervision\n\t<\/h3>\n<h4>\n\t\tS\u00e9ances d'accompagnement\n\t<\/h4>\n\t<a href=\"https:\/\/coachingplus.ch\/fr\/formation-de-coaching\/supervision-de-groupe\/\" target=\"_self\" rel=\"noopener\"><\/a> \n\t\t\t<h3>Supervision \/ s\u00e9ances d'accompagnement<\/h3>\t\t\t\n\t\t\t\t<p>9 demi-journ\u00e9es<br \/>pendant min. 6 mois<\/p>\n<h3>\n\t\tModules de perfectionnement\n\t<\/h3>\n<h4>\n\t\tlibrement s\u00e9lectionnable\n\t<\/h4>\n\t<a href=\"https:\/\/coachingplus.ch\/fr\/formation-de-coaching\/formation-diplomante-pour-le-coaching-applique\/#prozess\" target=\"_self\" rel=\"noopener\"><\/a> \n\t\t\t<h3>Comp\u00e9tences d'accompagnement du processus<\/h3>\t\t\t\n\t\t\t\t<p>2 jours<\/p>\n\t<a href=\"https:\/\/coachingplus.ch\/fr\/formation-de-coaching\/formation-diplomante-pour-le-coaching-applique\/#selbstmgmt\" target=\"_self\" rel=\"noopener\"><\/a> \n\t\t\t<h3>Auto-management Auto-marketing<\/h3>\t\t\t\n\t\t\t\t<p>2 jours<\/p>\n\t<a href=\"https:\/\/coachingplus.ch\/fr\/formation-de-coaching\/formation-diplomante-pour-le-coaching-applique\/#teamcoaching\" target=\"_self\" rel=\"noopener\"><\/a> \n\t\t\t<h3>Coaching d'\u00e9quipe<\/h3>\t\t\t\n\t\t\t\t<p>2 jours<\/p>\n\t<a href=\"https:\/\/coachingplus.ch\/fr\/formation-de-coaching\/formation-diplomante-pour-le-coaching-applique\/#laufbahn\" target=\"_self\" rel=\"noopener\"><\/a> \n\t\t\t<h3>Coaching de carri\u00e8re<\/h3>\t\t\t\n\t\t\t\t<p>2 jours<\/p>\n<h3>\n\t\tGPI<sup>\u00ae<\/sup> Coach\n\t<\/h3>\n<h4>\n\t\tModules I+II\n\t<\/h4>\n\t<a href=\"https:\/\/coachingplus.ch\/fr\/formation-de-coaching\/coach-certifie-gpi\/#modul1\" target=\"_self\" rel=\"noopener\"><\/a> \n\t\t\t<h3>GPI<sup>\u00ae<\/sup> Coach I<\/h3>\t\t\t\n\t\t\t\t<p>2 jours<\/p>\n\t<a href=\"https:\/\/coachingplus.ch\/fr\/formation-de-coaching\/coach-certifie-gpi\/#modul2\" target=\"_self\" rel=\"noopener\"><\/a> \n\t\t\t<h3>GPI<sup>\u00ae<\/sup> Coach II<\/h3>\t\t\t\n\t\t\t\t<p>2 jours<\/p>\n\t<a href=\"https:\/\/coachingplus.ch\/fr\/formation-de-coaching\/coach-certifie-gpi-team\/\" target=\"_self\" rel=\"noopener\"><\/a> \n\t\t\t<h3>Dipl\u00f4m\u00e9 <br \/>GPI<sup>\u00ae<\/sup> Coach de l'\u00e9quipe<\/h3>\t\t\t\n\t\t\t\t<p>audit interne<\/p>\n\t<a href=\"https:\/\/coachingplus.ch\/fr\/formation-de-coaching\/mentor-fa-dipl-coach-sca-dentreprise\/\" target=\"_self\" rel=\"noopener\"><\/a> \n\t\t\t<h3>Mentor* d'entreprise avec brevet f\u00e9d\u00e9ral<\/h3>\t\t\t\n\t\t\t\t<p>coach dipl\u00f4m\u00e9 SCA<\/p>\n\t\t\t\t<img decoding=\"async\" src=\"https:\/\/coachingplus.ch\/wp-content\/uploads\/2020\/08\/favicon.png\" alt=\"favicon\" itemprop=\"image\" height=\"512\" width=\"512\" title=\"favicon\" onerror=\"this.style.display='none'\"  \/>\n<h3>\n\t\tLorsqu'il s'agit de formation au coaching en Suisse, Coachingplus est en t\u00eate de liste. Nous sommes le centre de formation le plus fr\u00e9quent\u00e9. Vous souhaitez en savoir plus ?\n\t<\/h3>\n\t<a href=\"https:\/\/coachingplus.ch\/fr\/newsletter\/\" target=\"_self\" rel=\"noopener\"><\/a> \n\t\t<h4>A lire<\/h4>\t\t\t\n\t\t\t\t<p>Nous nous ferons un plaisir de vous informer sur les th\u00e8mes li\u00e9s au coaching et au leadership par le biais de notre newsletter.<\/p>\n\t<a href=\"\/fr\/contact\/\" target=\"_self\" rel=\"noopener\"><\/a> \n\t\t<h4>Entretien personnel<\/h4>\t\t\t\n\t\t\t\t\n\t<a href=\"https:\/\/coachingplus.ch\/fr\/sinscrire\/\" target=\"_self\" rel=\"noopener\"><\/a> \n\t\t<h4>Convaincu ?!<\/h4>\t\t\t\n<p>Nous vous avons convaincu ? <br \/>Vous pouvez vous inscrire directement ici.<\/p>","protected":false},"excerpt":{"rendered":"<p>Referenzen Non-Profit-Organisationen (NPO) Der Schl\u00fcssel zum Erfolg sind nicht Informationen. Das sind Menschen. (Lee Iacocca) Als Non-Profit-Organisation muss man \u00fcberzeugen k\u00f6nnen. Gesucht sind Freiwillige, die nicht nur an sich denken und bereit sind, etwas von ihrem Luxus f\u00fcr Not leidende V\u00f6lker, Familien oder Nachbarn zu geben. Gesucht sind auch Menschen, die bereit sind, zu einem [&hellip;]<\/p>\n","protected":false},"author":1,"featured_media":0,"parent":0,"menu_order":0,"comment_status":"closed","ping_status":"closed","template":"","meta":{"_seopress_robots_primary_cat":"","_seopress_titles_title":"Referenzen NPO - mit hilfreichen Inputs Menschen zur Hilfe motivieren","_seopress_titles_desc":"Der Studiengang f\u00fcr angewandtes Coaching bietet Einblick in einen reichen Erfahrungsschatz & hilfreiche \u00dcbungen, um sich selbst sorgf\u00e4ltig zu hinterfragen.","_seopress_robots_index":"","site-sidebar-layout":"default","site-content-layout":"","ast-site-content-layout":"default","site-content-style":"default","site-sidebar-style":"default","ast-global-header-display":"","ast-banner-title-visibility":"","ast-main-header-display":"","ast-hfb-above-header-display":"","ast-hfb-below-header-display":"","ast-hfb-mobile-header-display":"","site-post-title":"disabled","ast-breadcrumbs-content":"","ast-featured-img":"","footer-sml-layout":"","ast-disable-related-posts":"","theme-transparent-header-meta":"","adv-header-id-meta":null,"stick-header-meta":null,"header-above-stick-meta":null,"header-main-stick-meta":null,"header-below-stick-meta":null,"astra-migrate-meta-layouts":"default","ast-page-background-enabled":"default","ast-page-background-meta":{"desktop":{"background-color":"","background-image":"","background-repeat":"repeat","background-position":"center center","background-size":"auto","background-attachment":"scroll","background-type":"","background-media":"","overlay-type":"","overlay-color":"","overlay-opacity":"","overlay-gradient":""},"tablet":{"background-color":"","background-image":"","background-repeat":"repeat","background-position":"center center","background-size":"auto","background-attachment":"scroll","background-type":"","background-media":"","overlay-type":"","overlay-color":"","overlay-opacity":"","overlay-gradient":""},"mobile":{"background-color":"","background-image":"","background-repeat":"repeat","background-position":"center center","background-size":"auto","background-attachment":"scroll","background-type":"","background-media":"","overlay-type":"","overlay-color":"","overlay-opacity":"","overlay-gradient":""}},"ast-content-background-meta":{"desktop":{"background-color":"var(--ast-global-color-5)","background-image":"","background-repeat":"repeat","background-position":"center center","background-size":"auto","background-attachment":"scroll","background-type":"","background-media":"","overlay-type":"","overlay-color":"","overlay-opacity":"","overlay-gradient":""},"tablet":{"background-color":"var(--ast-global-color-5)","background-image":"","background-repeat":"repeat","background-position":"center center","background-size":"auto","background-attachment":"scroll","background-type":"","background-media":"","overlay-type":"","overlay-color":"","overlay-opacity":"","overlay-gradient":""},"mobile":{"background-color":"var(--ast-global-color-5)","background-image":"","background-repeat":"repeat","background-position":"center center","background-size":"auto","background-attachment":"scroll","background-type":"","background-media":"","overlay-type":"","overlay-color":"","overlay-opacity":"","overlay-gradient":""}},"iawp_total_views":28,"footnotes":""},"class_list":["post-12837","page","type-page","status-publish","hentry"],"_links":{"self":[{"href":"https:\/\/coachingplus.ch\/fr\/wp-json\/wp\/v2\/pages\/12837","targetHints":{"allow":["GET"]}}],"collection":[{"href":"https:\/\/coachingplus.ch\/fr\/wp-json\/wp\/v2\/pages"}],"about":[{"href":"https:\/\/coachingplus.ch\/fr\/wp-json\/wp\/v2\/types\/page"}],"author":[{"embeddable":true,"href":"https:\/\/coachingplus.ch\/fr\/wp-json\/wp\/v2\/users\/1"}],"replies":[{"embeddable":true,"href":"https:\/\/coachingplus.ch\/fr\/wp-json\/wp\/v2\/comments?post=12837"}],"version-history":[{"count":0,"href":"https:\/\/coachingplus.ch\/fr\/wp-json\/wp\/v2\/pages\/12837\/revisions"}],"wp:attachment":[{"href":"https:\/\/coachingplus.ch\/fr\/wp-json\/wp\/v2\/media?parent=12837"}],"curies":[{"name":"wp","href":"https:\/\/api.w.org\/{rel}","templated":true}]}}