{"id":12836,"date":"2020-11-29T22:31:35","date_gmt":"2020-11-29T21:31:35","guid":{"rendered":"https:\/\/coachingplus.ch\/?page_id=12836"},"modified":"2020-11-30T11:24:55","modified_gmt":"2020-11-30T10:24:55","slug":"references-sciences","status":"publish","type":"page","link":"https:\/\/coachingplus.ch\/fr\/referenzen-naturwissenschaften\/","title":{"rendered":"R\u00e9f\u00e9rences sciences naturelles"},"content":{"rendered":"<h1>R\u00e9f\u00e9rences sciences naturelles<\/h1>\nLa cl\u00e9 du succ\u00e8s, ce ne sont pas les informations. Ce sont les personnes.<br \/>\n(Lee Iacocca)\n<p>La chimie interpersonnelle est souvent inconsciente. Dans les \u00e9quipes, il est important de le reconna\u00eetre \u00e0 temps et de pouvoir y r\u00e9agir correctement. Les futures situations conflictuelles doivent \u00eatre abord\u00e9es de mani\u00e8re plus consciente.  Le cursus de coaching appliqu\u00e9 offre des exemples clairs, un aper\u00e7u d'une riche exp\u00e9rience et des exercices utiles pour se remettre soigneusement en question, ainsi que ses propres exp\u00e9riences et comportements.<\/p>\n<p>Le programme d'\u00e9tudes est tr\u00e8s pratique. J'ai beaucoup appris sur moi-m\u00eame et j'ai re\u00e7u de tr\u00e8s nombreuses suggestions pour ma vie priv\u00e9e et professionnelle. Gr\u00e2ce aux exercices, la reconnaissance et la mise en pratique vont de pair et sont reconnaissables dans la pens\u00e9e et l'action.<\/p>\n\n<p>Dr. sc. nat., Zurich<\/p>\n<p>C'\u00e9tait tr\u00e8s encourageant de reconna\u00eetre que mes propres capacit\u00e9s sont suffisantes et que j'ai des points forts qu'il faut renforcer ! J'ai beaucoup appr\u00e9ci\u00e9 l'image positive et valorisante de l'\u00eatre humain. La formation \u00e9tait tr\u00e8s encourageante, c'est efficace \u00e0 long terme !<\/p>\n\n<p>Dr. sc. techn. ETH Chimiste \/ formateur d'adultes, Zurich<\/p>\n<p>Cr\u00e9er un environnement positif pour l'apprenti, afin qu'il d\u00e9couvre son potentiel et puisse s'y \u00e9panouir. Ouvrir de nouvelles voies dans la formation des apprentis.<\/p>\n\n<p>Laborantine en chimie<\/p>\n<p>Le programme d'\u00e9tudes me permet d'\u00e9largir consid\u00e9rablement mes comp\u00e9tences sociales.<\/p>\n\n<p>Sp\u00e9cialiste de l'environnement, Fislisbach<\/p>\n<p>J'ai pris conscience de beaucoup de choses concernant ma personnalit\u00e9 et mes mod\u00e8les d'action. Je peux donc mieux comprendre le comportement des autres. J'aborderai et g\u00e9rerai les futures situations conflictuelles de mani\u00e8re plus consciente.<\/p>\n\n<p>Am\u00e9nageur, Uster<\/p>\n<p>L'acquisition des connaissances pratiques s'est d\u00e9roul\u00e9e dans une atmosph\u00e8re agr\u00e9able. Les premiers contenus ont pu \u00eatre mis en pratique dans le quotidien professionnel d\u00e8s la premi\u00e8re unit\u00e9. Les comp\u00e9tences personnelles ont \u00e9t\u00e9 encourag\u00e9es et \u00e9largies.<\/p>\n\n<p>G\u00e9ographe \u00e9conomique, Oberuzwil<\/p>\n<p>Ce cours m'aide \u00e0 mieux me comprendre et \u00e0 mieux comprendre mes coll\u00e8gues dans certaines situations.<\/p>\n\n<p>Ing\u00e9nieur civil dipl\u00f4m\u00e9<\/p>\n<p>Le cours de coaching allie th\u00e9orie et pratique de mani\u00e8re vari\u00e9e.<\/p>\n\n<p>Statisticien, Berne<\/p>\n<p>En peu de temps, j'ai appris beaucoup de choses efficaces, qui sont bien applicables et qui m'aident \u00e0 progresser dans ma vie professionnelle et priv\u00e9e.<\/p>\n\n<p>Ing\u00e9nieur dipl\u00f4m\u00e9 FH, D-B\u00f6blingen<\/p>\n<p>Les outils transmis renforcent ma capacit\u00e9 d'autor\u00e9flexion.<\/p>\n\n<p>Politologue, Zurich<\/p>\n<p>Je suis particuli\u00e8rement reconnaissant pour la structure claire du cours, les nombreux exemples parlants, l'aper\u00e7u de la richesse des exp\u00e9riences et les exercices utiles. Je me r\u00e9jouis de faire du coaching.<\/p>\n\n<p>Agronome, Otelfingen<\/p>\n<p>J'ai re\u00e7u de nombreux outils que je peux utiliser. Peut aborder les personnes plus ouvertement et mener des entretiens.<\/p>\n\n<p>Ing\u00e9nieur agronome dipl\u00f4m\u00e9 EPF, Berne<\/p>\n<p>Le contenu du cours est imm\u00e9diatement applicable au quotidien gr\u00e2ce aux nombreux outils propos\u00e9s. Le cours a contribu\u00e9 \u00e0 une meilleure connaissance de soi, ce qui m'aide \u00e0 diriger mon \u00e9quipe dans mon travail quotidien.<\/p>\n\n<p>Manager Regulatory Affairs, Institut Straumann AG, B\u00e2le<\/p>\n<p>Le cours m'a donn\u00e9 de pr\u00e9cieuses id\u00e9es pour la conduite d'entretiens en \u00e9quipe. Gr\u00e2ce aux nombreux outils, je peux assouplir les mod\u00e8les \u00e9tablis et les repenser en \u00e9quipe.<\/p>\n\n<p>Ing. sc. nat. EPFZ, biologiste, propri\u00e9taire, Trifolium, Argona \/ Coire<\/p>\n<p>La d\u00e9finition des quatre directions fondamentales me convient. Je peux les reconna\u00eetre en moi et les utiliser (plus) consciemment. Des blocages ont pu \u00eatre \u00e9limin\u00e9s. J'ai pris conscience que je voulais vraiment avoir un r\u00f4le de coach\/mentor et j'ai eu le courage de le faire de mani\u00e8re ind\u00e9pendante. Enfin, de l'air sous les ailes !<\/p>\n<h2>\n\t\tAper\u00e7u de la formation Coachingplus\n\t<\/h2>\n\t<a href=\"https:\/\/coachingplus.ch\/fr\/formation-de-coaching\/cursus-de-10-jours-de-coaching\/\" target=\"_self\" rel=\"noopener\"><\/a> \n\t\t\t<h3>Cours de 10 jours sur le coaching appliqu\u00e9<\/h3>\t\t\t\n\t\t\t\t<p>Dipl\u00f4me Certificat<\/p>\n<h3>\n\t\tSupervision\n\t<\/h3>\n<h4>\n\t\tS\u00e9ances d'accompagnement\n\t<\/h4>\n\t<a href=\"https:\/\/coachingplus.ch\/fr\/formation-de-coaching\/supervision-de-groupe\/\" target=\"_self\" rel=\"noopener\"><\/a> \n\t\t\t<h3>Supervision \/ s\u00e9ances d'accompagnement<\/h3>\t\t\t\n\t\t\t\t<p>9 demi-journ\u00e9es<br \/>pendant min. 6 mois<\/p>\n<h3>\n\t\tModules de perfectionnement\n\t<\/h3>\n<h4>\n\t\tlibrement s\u00e9lectionnable\n\t<\/h4>\n\t<a href=\"https:\/\/coachingplus.ch\/fr\/formation-de-coaching\/formation-diplomante-pour-le-coaching-applique\/#prozess\" target=\"_self\" rel=\"noopener\"><\/a> \n\t\t\t<h3>Comp\u00e9tences d'accompagnement du processus<\/h3>\t\t\t\n\t\t\t\t<p>2 jours<\/p>\n\t<a href=\"https:\/\/coachingplus.ch\/fr\/formation-de-coaching\/formation-diplomante-pour-le-coaching-applique\/#selbstmgmt\" target=\"_self\" rel=\"noopener\"><\/a> \n\t\t\t<h3>Auto-management Auto-marketing<\/h3>\t\t\t\n\t\t\t\t<p>2 jours<\/p>\n\t<a href=\"https:\/\/coachingplus.ch\/fr\/formation-de-coaching\/formation-diplomante-pour-le-coaching-applique\/#teamcoaching\" target=\"_self\" rel=\"noopener\"><\/a> \n\t\t\t<h3>Coaching d'\u00e9quipe<\/h3>\t\t\t\n\t\t\t\t<p>2 jours<\/p>\n\t<a href=\"https:\/\/coachingplus.ch\/fr\/formation-de-coaching\/formation-diplomante-pour-le-coaching-applique\/#laufbahn\" target=\"_self\" rel=\"noopener\"><\/a> \n\t\t\t<h3>Coaching de carri\u00e8re<\/h3>\t\t\t\n\t\t\t\t<p>2 jours<\/p>\n<h3>\n\t\tGPI<sup>\u00ae<\/sup> Coach\n\t<\/h3>\n<h4>\n\t\tModules I+II\n\t<\/h4>\n\t<a href=\"https:\/\/coachingplus.ch\/fr\/formation-de-coaching\/coach-certifie-gpi\/#modul1\" target=\"_self\" rel=\"noopener\"><\/a> \n\t\t\t<h3>GPI<sup>\u00ae<\/sup> Coach I<\/h3>\t\t\t\n\t\t\t\t<p>2 jours<\/p>\n\t<a href=\"https:\/\/coachingplus.ch\/fr\/formation-de-coaching\/coach-certifie-gpi\/#modul2\" target=\"_self\" rel=\"noopener\"><\/a> \n\t\t\t<h3>GPI<sup>\u00ae<\/sup> Coach II<\/h3>\t\t\t\n\t\t\t\t<p>2 jours<\/p>\n\t<a href=\"https:\/\/coachingplus.ch\/fr\/formation-de-coaching\/coach-certifie-gpi-team\/\" target=\"_self\" rel=\"noopener\"><\/a> \n\t\t\t<h3>Dipl\u00f4m\u00e9 <br \/>GPI<sup>\u00ae<\/sup> Coach de l'\u00e9quipe<\/h3>\t\t\t\n\t\t\t\t<p>audit interne<\/p>\n\t<a href=\"https:\/\/coachingplus.ch\/fr\/formation-de-coaching\/mentor-fa-dipl-coach-sca-dentreprise\/\" target=\"_self\" rel=\"noopener\"><\/a> \n\t\t\t<h3>Mentor* d'entreprise avec brevet f\u00e9d\u00e9ral<\/h3>\t\t\t\n\t\t\t\t<p>coach dipl\u00f4m\u00e9 SCA<\/p>\n\t\t\t\t<img decoding=\"async\" src=\"https:\/\/coachingplus.ch\/wp-content\/uploads\/2020\/08\/favicon.png\" alt=\"favicon\" itemprop=\"image\" height=\"512\" width=\"512\" title=\"favicon\" onerror=\"this.style.display='none'\"  \/>\n<h3>\n\t\tLorsqu'il s'agit de formation au coaching en Suisse, Coachingplus est en t\u00eate de liste. Nous sommes le centre de formation le plus fr\u00e9quent\u00e9. Vous souhaitez en savoir plus ?\n\t<\/h3>\n\t<a href=\"https:\/\/coachingplus.ch\/fr\/newsletter\/\" target=\"_self\" rel=\"noopener\"><\/a> \n\t\t<h4>A lire<\/h4>\t\t\t\n\t\t\t\t<p>Nous nous ferons un plaisir de vous informer sur les th\u00e8mes li\u00e9s au coaching et au leadership par le biais de notre newsletter.<\/p>\n\t<a href=\"\/fr\/contact\/\" target=\"_self\" rel=\"noopener\"><\/a> \n\t\t<h4>Entretien personnel<\/h4>\t\t\t\n\t\t\t\t\n\t<a href=\"https:\/\/coachingplus.ch\/fr\/sinscrire\/\" target=\"_self\" rel=\"noopener\"><\/a> \n\t\t<h4>Convaincu ?!<\/h4>\t\t\t\n<p>Nous vous avons convaincu ? <br \/>Vous pouvez vous inscrire directement ici.<\/p>","protected":false},"excerpt":{"rendered":"<p>Referenzen Naturwissenschaften Der Schl\u00fcssel zum Erfolg sind nicht Informationen. Das sind Menschen. (Lee Iacocca) Die zwischenmenschliche Chemie l\u00e4uft oft unbewusst ab. In Teams ist es wichtig, dies rechtzeitig zu erkennen und entsprechend korrekt darauf reagieren zu k\u00f6nnen. K\u00fcnftige Konfliktsituationen sollen bewusster angegangen werden.\u00a0 Der Studiengang f\u00fcr angewandtes Coaching bietet einleuchtende Beispiele, Einblick in einen reichen [&hellip;]<\/p>\n","protected":false},"author":1,"featured_media":0,"parent":0,"menu_order":0,"comment_status":"closed","ping_status":"closed","template":"","meta":{"_seopress_robots_primary_cat":"","_seopress_titles_title":"Referenzen Naturwissenschaft: zwischenmenschliche Chemie angehen","_seopress_titles_desc":"Die zwischenmenschliche Chemie l\u00e4uft oft unbewusst ab. Der Studiengang f\u00fcr angewandtes Coaching bietet einleuchtende Beispiele und vieles mehr.","_seopress_robots_index":"","site-sidebar-layout":"default","site-content-layout":"","ast-site-content-layout":"default","site-content-style":"default","site-sidebar-style":"default","ast-global-header-display":"","ast-banner-title-visibility":"","ast-main-header-display":"","ast-hfb-above-header-display":"","ast-hfb-below-header-display":"","ast-hfb-mobile-header-display":"","site-post-title":"disabled","ast-breadcrumbs-content":"","ast-featured-img":"","footer-sml-layout":"","ast-disable-related-posts":"","theme-transparent-header-meta":"","adv-header-id-meta":null,"stick-header-meta":null,"header-above-stick-meta":null,"header-main-stick-meta":null,"header-below-stick-meta":null,"astra-migrate-meta-layouts":"default","ast-page-background-enabled":"default","ast-page-background-meta":{"desktop":{"background-color":"","background-image":"","background-repeat":"repeat","background-position":"center center","background-size":"auto","background-attachment":"scroll","background-type":"","background-media":"","overlay-type":"","overlay-color":"","overlay-opacity":"","overlay-gradient":""},"tablet":{"background-color":"","background-image":"","background-repeat":"repeat","background-position":"center center","background-size":"auto","background-attachment":"scroll","background-type":"","background-media":"","overlay-type":"","overlay-color":"","overlay-opacity":"","overlay-gradient":""},"mobile":{"background-color":"","background-image":"","background-repeat":"repeat","background-position":"center center","background-size":"auto","background-attachment":"scroll","background-type":"","background-media":"","overlay-type":"","overlay-color":"","overlay-opacity":"","overlay-gradient":""}},"ast-content-background-meta":{"desktop":{"background-color":"var(--ast-global-color-5)","background-image":"","background-repeat":"repeat","background-position":"center center","background-size":"auto","background-attachment":"scroll","background-type":"","background-media":"","overlay-type":"","overlay-color":"","overlay-opacity":"","overlay-gradient":""},"tablet":{"background-color":"var(--ast-global-color-5)","background-image":"","background-repeat":"repeat","background-position":"center center","background-size":"auto","background-attachment":"scroll","background-type":"","background-media":"","overlay-type":"","overlay-color":"","overlay-opacity":"","overlay-gradient":""},"mobile":{"background-color":"var(--ast-global-color-5)","background-image":"","background-repeat":"repeat","background-position":"center center","background-size":"auto","background-attachment":"scroll","background-type":"","background-media":"","overlay-type":"","overlay-color":"","overlay-opacity":"","overlay-gradient":""}},"iawp_total_views":40,"footnotes":""},"class_list":["post-12836","page","type-page","status-publish","hentry"],"_links":{"self":[{"href":"https:\/\/coachingplus.ch\/fr\/wp-json\/wp\/v2\/pages\/12836","targetHints":{"allow":["GET"]}}],"collection":[{"href":"https:\/\/coachingplus.ch\/fr\/wp-json\/wp\/v2\/pages"}],"about":[{"href":"https:\/\/coachingplus.ch\/fr\/wp-json\/wp\/v2\/types\/page"}],"author":[{"embeddable":true,"href":"https:\/\/coachingplus.ch\/fr\/wp-json\/wp\/v2\/users\/1"}],"replies":[{"embeddable":true,"href":"https:\/\/coachingplus.ch\/fr\/wp-json\/wp\/v2\/comments?post=12836"}],"version-history":[{"count":0,"href":"https:\/\/coachingplus.ch\/fr\/wp-json\/wp\/v2\/pages\/12836\/revisions"}],"wp:attachment":[{"href":"https:\/\/coachingplus.ch\/fr\/wp-json\/wp\/v2\/media?parent=12836"}],"curies":[{"name":"wp","href":"https:\/\/api.w.org\/{rel}","templated":true}]}}