{"id":12834,"date":"2020-11-29T22:31:35","date_gmt":"2020-11-29T21:31:35","guid":{"rendered":"https:\/\/coachingplus.ch\/?page_id=12834"},"modified":"2020-11-30T11:22:05","modified_gmt":"2020-11-30T10:22:05","slug":"references-medias","status":"publish","type":"page","link":"https:\/\/coachingplus.ch\/fr\/referenzen-medien\/","title":{"rendered":"R\u00e9f\u00e9rences m\u00e9dias"},"content":{"rendered":"<h1>R\u00e9f\u00e9rences m\u00e9dias<\/h1>\nLa cl\u00e9 du succ\u00e8s, ce ne sont pas les informations. Ce sont les personnes.<br \/>\n(Lee Iacocca)\n<p>Red\u00e9couvrir et promouvoir des valeurs telles que l'esprit d'\u00e9quipe, l'empathie, la tol\u00e9rance, l'encouragement, le respect mutuel et la confiance. Apprendre \u00e0 renforcer sa propre r\u00e9flexion personnelle, savoir classer les gens au lieu de les critiquer n\u00e9gativement, mettre l'accent sur les points forts, s'encourager soi-m\u00eame et ses collaborateurs. Au lieu de laisser l'agitation s'installer, partir vers de nouveaux horizons et cr\u00e9er un \u00e9tat d'esprit positif. Le cursus de coaching appliqu\u00e9 aide \u00e0 mieux se percevoir soi-m\u00eame et son entourage, \u00e0 trouver des bases de d\u00e9cision et \u00e0 travailler ainsi plus efficacement.<\/p>\n<p>Ce cursus m'a montr\u00e9 que des valeurs telles que l'esprit d'\u00e9quipe, l'empathie, la tol\u00e9rance, l'encouragement, le respect mutuel et la confiance n'ont pas disparu du monde et que plus le temps passe, plus elles sont v\u00e9cues.<\/p>\n\n<p>Formateur m\u00e9dias, Scribble Media, Neftenbach<\/p>\n<p>Aper\u00e7u approfondi, approfondissement actualis\u00e9 de ce qui a \u00e9t\u00e9 appris jusqu'\u00e0 pr\u00e9sent, bons outils \u00e0 r\u00e9utiliser. Une documentation d\u00e9taill\u00e9e et de tr\u00e8s bonne qualit\u00e9 ! Le cours m'a montr\u00e9 de mani\u00e8re constructive les forces et les faiblesses de mon propre comportement de direction. Je suis encourag\u00e9e \u00e0 aborder les prochaines \u00e9tapes et suis impatiente de d\u00e9couvrir ce que je vais d\u00e9couvrir. Les documents restent \u00e0 port\u00e9e de main.<\/p>\n\n<p>Designer en communication \/ formatrice d'adultes FSEA, talkmotion plus, Pf\u00e4ffikon<\/p>\n<p>M'a montr\u00e9 comment les autres me per\u00e7oivent. M'a permis de mieux reconna\u00eetre les forces et les faiblesses (chez moi).<\/p>\n\n<p>Sp\u00e9cialiste des m\u00e9dias \/ Coach des m\u00e9dias, Zurich<\/p>\n<p>Je suis sorti de ce s\u00e9minaire motiv\u00e9 et renforc\u00e9. J'ai pu compl\u00e9ter et approfondir mes connaissances. J'ai re\u00e7u de nombreuses bonnes fiches de travail pour mon activit\u00e9 de coaching.<\/p>\n\n<p>Porte-parole \/ m\u00e8re de famille Jingle Jungle AG, Zurich<\/p>\n<p>J'ai d\u00e9couvert quelques points aveugles chez moi. Mes pens\u00e9es et mon comportement dans ma situation ont d\u00e9j\u00e0 chang\u00e9 \u00e0 ma d\u00e9charge.<\/p>\n\n<p>Chef d'\u00e9quipe, ERF Medien, Pf\u00e4ffikon<\/p>\n<p>Un vaste sujet qui m'a \u00e9t\u00e9 transmis de mani\u00e8re tr\u00e8s \"humaine\". Je le recommande \u00e0 tous ceux qui veulent \u00eatre plus d\u00e9tendus et plus heureux dans la vie.<\/p>\n\n<p>Pr\u00e9sentatrice, Radio TOP, Winterthur<\/p>\n<p>Le cours m'a aid\u00e9 \u00e0 mieux cerner ma perception personnelle. Mais aussi \u00e0 mieux \u00e9valuer mes collaborateurs. J'ai re\u00e7u de bonnes approches pour le coaching de mes collaborateurs et pour l'auto-coaching.<\/p>\n\n<p>Chef d'\u00e9quipe r\u00e9ception \/ s\u00e9curit\u00e9, Ringier AG, Zurich<\/p>\n<p>Le programme d'\u00e9tudes, avec les divers outils utiles que j'ai appris \u00e0 cette occasion, n'est pas seulement une formation continue \u00e0 recommander dans le domaine professionnel, mais aussi un enrichissement de sa propre personnalit\u00e9.<\/p>\n\n<p>R\u00e9dactrice, Z\u00fcrcher Unterl\u00e4nder, Dielsdorf<\/p>\n<p>Chez Coachingplus GmbH, j'ai re\u00e7u une formation professionnelle et d\u00e9taill\u00e9e.<\/p>\n\n<p>Sp\u00e9cialiste Cross Media, PrePress &amp; Multimedia AG, Urdorf<\/p>\n<p>Le cursus de coaching appliqu\u00e9 m'a aid\u00e9 \u00e0 faire de petits pas dans la cr\u00e9ation et la vie commune et \u00e0 ne pas seulement parler et r\u00eaver de grands sauts. Conclusion : pratique et utile.<\/p>\n\n<p>Directeur Life Channel\/ Journaliste, Pf\u00e4ffikon ZH<\/p>\nJ'ai trouv\u00e9 enrichissant de travailler avec des personnes sur des sujets qui n'ont rien \u00e0 voir avec mon environnement professionnel. Le s\u00e9minaire m'aide \u00e0 comprendre, \u00e0 appliquer ou \u00e0 modifier des processus apparemment immuables au sein de mon \u00e9quipe.<strong><br \/>\n<\/strong>\n\n<p>Journaliste, SRF Radio et T\u00e9l\u00e9vision suisse<\/p>\n<p>J'ai appris \u00e0 me conna\u00eetre encore mieux, je serai \u00e0 l'avenir plus attentif aux autres et : en moi, le coach s'est compl\u00e8tement r\u00e9veill\u00e9.<\/p>\n\n<p>Directeur d'\u00e9dition, Swissmem, Winterthur<\/p>\n<h2>\n\t\tAper\u00e7u de la formation Coachingplus\n\t<\/h2>\n\t<a href=\"https:\/\/coachingplus.ch\/fr\/formation-de-coaching\/cursus-de-10-jours-de-coaching\/\" target=\"_self\" rel=\"noopener\"><\/a> \n\t\t\t<h3>Cours de 10 jours sur le coaching appliqu\u00e9<\/h3>\t\t\t\n\t\t\t\t<p>Dipl\u00f4me Certificat<\/p>\n<h3>\n\t\tSupervision\n\t<\/h3>\n<h4>\n\t\tS\u00e9ances d'accompagnement\n\t<\/h4>\n\t<a href=\"https:\/\/coachingplus.ch\/fr\/formation-de-coaching\/supervision-de-groupe\/\" target=\"_self\" rel=\"noopener\"><\/a> \n\t\t\t<h3>Supervision \/ s\u00e9ances d'accompagnement<\/h3>\t\t\t\n\t\t\t\t<p>9 demi-journ\u00e9es<br \/>pendant min. 6 mois<\/p>\n<h3>\n\t\tModules de perfectionnement\n\t<\/h3>\n<h4>\n\t\tlibrement s\u00e9lectionnable\n\t<\/h4>\n\t<a href=\"https:\/\/coachingplus.ch\/fr\/formation-de-coaching\/formation-diplomante-pour-le-coaching-applique\/#prozess\" target=\"_self\" rel=\"noopener\"><\/a> \n\t\t\t<h3>Comp\u00e9tences d'accompagnement du processus<\/h3>\t\t\t\n\t\t\t\t<p>2 jours<\/p>\n\t<a href=\"https:\/\/coachingplus.ch\/fr\/formation-de-coaching\/formation-diplomante-pour-le-coaching-applique\/#selbstmgmt\" target=\"_self\" rel=\"noopener\"><\/a> \n\t\t\t<h3>Auto-management Auto-marketing<\/h3>\t\t\t\n\t\t\t\t<p>2 jours<\/p>\n\t<a href=\"https:\/\/coachingplus.ch\/fr\/formation-de-coaching\/formation-diplomante-pour-le-coaching-applique\/#teamcoaching\" target=\"_self\" rel=\"noopener\"><\/a> \n\t\t\t<h3>Coaching d'\u00e9quipe<\/h3>\t\t\t\n\t\t\t\t<p>2 jours<\/p>\n\t<a href=\"https:\/\/coachingplus.ch\/fr\/formation-de-coaching\/formation-diplomante-pour-le-coaching-applique\/#laufbahn\" target=\"_self\" rel=\"noopener\"><\/a> \n\t\t\t<h3>Coaching de carri\u00e8re<\/h3>\t\t\t\n\t\t\t\t<p>2 jours<\/p>\n<h3>\n\t\tGPI<sup>\u00ae<\/sup> Coach\n\t<\/h3>\n<h4>\n\t\tModules I+II\n\t<\/h4>\n\t<a href=\"https:\/\/coachingplus.ch\/fr\/formation-de-coaching\/coach-certifie-gpi\/#modul1\" target=\"_self\" rel=\"noopener\"><\/a> \n\t\t\t<h3>GPI<sup>\u00ae<\/sup> Coach I<\/h3>\t\t\t\n\t\t\t\t<p>2 jours<\/p>\n\t<a href=\"https:\/\/coachingplus.ch\/fr\/formation-de-coaching\/coach-certifie-gpi\/#modul2\" target=\"_self\" rel=\"noopener\"><\/a> \n\t\t\t<h3>GPI<sup>\u00ae<\/sup> Coach II<\/h3>\t\t\t\n\t\t\t\t<p>2 jours<\/p>\n\t<a href=\"https:\/\/coachingplus.ch\/fr\/formation-de-coaching\/coach-certifie-gpi-team\/\" target=\"_self\" rel=\"noopener\"><\/a> \n\t\t\t<h3>Dipl\u00f4m\u00e9 <br \/>GPI<sup>\u00ae<\/sup> Coach de l'\u00e9quipe<\/h3>\t\t\t\n\t\t\t\t<p>audit interne<\/p>\n\t<a href=\"https:\/\/coachingplus.ch\/fr\/formation-de-coaching\/mentor-fa-dipl-coach-sca-dentreprise\/\" target=\"_self\" rel=\"noopener\"><\/a> \n\t\t\t<h3>Mentor* d'entreprise avec brevet f\u00e9d\u00e9ral<\/h3>\t\t\t\n\t\t\t\t<p>coach dipl\u00f4m\u00e9 SCA<\/p>\n\t\t\t\t<img decoding=\"async\" src=\"https:\/\/coachingplus.ch\/wp-content\/uploads\/2020\/08\/favicon.png\" alt=\"favicon\" itemprop=\"image\" height=\"512\" width=\"512\" title=\"favicon\" onerror=\"this.style.display='none'\"  \/>\n<h3>\n\t\tLorsqu'il s'agit de formation au coaching en Suisse, Coachingplus est en t\u00eate de liste. Nous sommes le centre de formation le plus fr\u00e9quent\u00e9. Vous souhaitez en savoir plus ?\n\t<\/h3>\n\t<a href=\"https:\/\/coachingplus.ch\/fr\/newsletter\/\" target=\"_self\" rel=\"noopener\"><\/a> \n\t\t<h4>A lire<\/h4>\t\t\t\n\t\t\t\t<p>Nous nous ferons un plaisir de vous informer sur les th\u00e8mes li\u00e9s au coaching et au leadership par le biais de notre newsletter.<\/p>\n\t<a href=\"\/fr\/contact\/\" target=\"_self\" rel=\"noopener\"><\/a> \n\t\t<h4>Entretien personnel<\/h4>\t\t\t\n\t\t\t\t\n\t<a href=\"https:\/\/coachingplus.ch\/fr\/sinscrire\/\" target=\"_self\" rel=\"noopener\"><\/a> \n\t\t<h4>Convaincu ?!<\/h4>\t\t\t\n<p>Nous vous avons convaincu ? <br \/>Vous pouvez vous inscrire directement ici.<\/p>","protected":false},"excerpt":{"rendered":"<p>Referenzen Medien Der Schl\u00fcssel zum Erfolg sind nicht Informationen. Das sind Menschen. (Lee Iacocca) Werte wie Teamgeist, Empathie, Toleranz, Ermutigung, gegenseitiger Respekt und Vertrauen neu entdecken und f\u00f6rdern. Lernen, die eigene Selbstreflexion zu st\u00e4rken, Menschen einordnen k\u00f6nnen statt negativ zu kritisieren, St\u00e4rken betonen, sich und seine Mitarbeiter f\u00f6rdern. Statt Hektik aufkommen zu lassen zu neuen [&hellip;]<\/p>\n","protected":false},"author":1,"featured_media":0,"parent":0,"menu_order":0,"comment_status":"closed","ping_status":"closed","template":"","meta":{"_seopress_robots_primary_cat":"","_seopress_titles_title":"Referenzen Medien: statt Hektik, eine positive Grundstimmung schaffen","_seopress_titles_desc":"Werte wie Teamgeist, Empathie, Toleranz, Ermutigung, gegenseitiger Respekt & Vertrauen neu entdecken & f\u00f6rdern. Referenzen aus unserem Coaching-Studiengang.","_seopress_robots_index":"","site-sidebar-layout":"default","site-content-layout":"","ast-site-content-layout":"default","site-content-style":"default","site-sidebar-style":"default","ast-global-header-display":"","ast-banner-title-visibility":"","ast-main-header-display":"","ast-hfb-above-header-display":"","ast-hfb-below-header-display":"","ast-hfb-mobile-header-display":"","site-post-title":"disabled","ast-breadcrumbs-content":"","ast-featured-img":"","footer-sml-layout":"","ast-disable-related-posts":"","theme-transparent-header-meta":"","adv-header-id-meta":null,"stick-header-meta":null,"header-above-stick-meta":null,"header-main-stick-meta":null,"header-below-stick-meta":null,"astra-migrate-meta-layouts":"default","ast-page-background-enabled":"default","ast-page-background-meta":{"desktop":{"background-color":"","background-image":"","background-repeat":"repeat","background-position":"center center","background-size":"auto","background-attachment":"scroll","background-type":"","background-media":"","overlay-type":"","overlay-color":"","overlay-opacity":"","overlay-gradient":""},"tablet":{"background-color":"","background-image":"","background-repeat":"repeat","background-position":"center center","background-size":"auto","background-attachment":"scroll","background-type":"","background-media":"","overlay-type":"","overlay-color":"","overlay-opacity":"","overlay-gradient":""},"mobile":{"background-color":"","background-image":"","background-repeat":"repeat","background-position":"center center","background-size":"auto","background-attachment":"scroll","background-type":"","background-media":"","overlay-type":"","overlay-color":"","overlay-opacity":"","overlay-gradient":""}},"ast-content-background-meta":{"desktop":{"background-color":"var(--ast-global-color-5)","background-image":"","background-repeat":"repeat","background-position":"center center","background-size":"auto","background-attachment":"scroll","background-type":"","background-media":"","overlay-type":"","overlay-color":"","overlay-opacity":"","overlay-gradient":""},"tablet":{"background-color":"var(--ast-global-color-5)","background-image":"","background-repeat":"repeat","background-position":"center center","background-size":"auto","background-attachment":"scroll","background-type":"","background-media":"","overlay-type":"","overlay-color":"","overlay-opacity":"","overlay-gradient":""},"mobile":{"background-color":"var(--ast-global-color-5)","background-image":"","background-repeat":"repeat","background-position":"center center","background-size":"auto","background-attachment":"scroll","background-type":"","background-media":"","overlay-type":"","overlay-color":"","overlay-opacity":"","overlay-gradient":""}},"iawp_total_views":12,"footnotes":""},"class_list":["post-12834","page","type-page","status-publish","hentry"],"_links":{"self":[{"href":"https:\/\/coachingplus.ch\/fr\/wp-json\/wp\/v2\/pages\/12834","targetHints":{"allow":["GET"]}}],"collection":[{"href":"https:\/\/coachingplus.ch\/fr\/wp-json\/wp\/v2\/pages"}],"about":[{"href":"https:\/\/coachingplus.ch\/fr\/wp-json\/wp\/v2\/types\/page"}],"author":[{"embeddable":true,"href":"https:\/\/coachingplus.ch\/fr\/wp-json\/wp\/v2\/users\/1"}],"replies":[{"embeddable":true,"href":"https:\/\/coachingplus.ch\/fr\/wp-json\/wp\/v2\/comments?post=12834"}],"version-history":[{"count":0,"href":"https:\/\/coachingplus.ch\/fr\/wp-json\/wp\/v2\/pages\/12834\/revisions"}],"wp:attachment":[{"href":"https:\/\/coachingplus.ch\/fr\/wp-json\/wp\/v2\/media?parent=12834"}],"curies":[{"name":"wp","href":"https:\/\/api.w.org\/{rel}","templated":true}]}}