{"id":12833,"date":"2020-11-29T22:31:35","date_gmt":"2020-11-29T21:31:35","guid":{"rendered":"https:\/\/coachingplus.ch\/?page_id=12833"},"modified":"2020-11-30T11:00:50","modified_gmt":"2020-11-30T10:00:50","slug":"references-marketing-pr-vente","status":"publish","type":"page","link":"https:\/\/coachingplus.ch\/fr\/referenzen-marketing-pr-verkauf\/","title":{"rendered":"R\u00e9f\u00e9rences Marketing - PR - Vente"},"content":{"rendered":"<h1>R\u00e9f\u00e9rences Marketing - PR - Vente<\/h1>\nLa cl\u00e9 du succ\u00e8s, ce ne sont pas les informations. Ce sont les personnes.<br \/>\n(Lee Iacocca)\n<p>Activer les ressources de mani\u00e8re cibl\u00e9e gr\u00e2ce au coaching et obtenir des r\u00e9sultats plus rapidement. Comprendre les clients, aller les chercher et les guider, d'une r\u00e9clamation \u00e0 un entretien de vente. Rester calme dans les situations de crise, savoir motiver les gens individuellement. Transformer des individus en une \u00e9quipe dot\u00e9e d'une dynamique saine. Le cursus de coaching appliqu\u00e9 aide \u00e0 mieux se percevoir soi-m\u00eame et les autres, \u00e0 trouver des bases de d\u00e9cision et \u00e0 travailler ainsi plus efficacement.<\/p>\n<p>La diversit\u00e9 des th\u00e8mes permet d'avoir une bonne vue d'ensemble de ce sujet complexe. De bonnes connaissances approfondies et en tout cas une grande aide.<\/p>\n\n<p>Leader CSR Coaching et Quality Management, Digitec Galaxus, Zurich<\/p>\n<p>En 10 jours de cours, j'ai acquis de tr\u00e8s grandes connaissances. D\u00e8s le d\u00e9but, j'ai pu mettre en pratique ce que j'avais appris au quotidien. L'orientation pratique du cours rend cela possible - les attentes ont \u00e9t\u00e9 enti\u00e8rement satisfaites.<\/p>\n\n<p>Responsable du marketing. 200 pour cent S\u00e0rl, Lucerne<\/p>\n<p>La formation m'a permis de progresser \u00e0 deux \u00e9gards. En seulement 10 jours, j'ai acquis les comp\u00e9tences techniques et les outils n\u00e9cessaires pour exercer le m\u00e9tier de coach. En m\u00eame temps, gr\u00e2ce \u00e0 l'incroyable proximit\u00e9 avec la pratique et aux nombreux outils utilis\u00e9s, j'ai \u00e9galement pu me d\u00e9velopper personnellement. Merci beaucoup, Urs !<\/p>\n\n<p>Chef de d\u00e9partement dans la communication marketing, F\u00e9d\u00e9ration des coop\u00e9ratives Migros, Zurich<\/p>\n<p>Le m\u00e9lange de connaissances condens\u00e9es et d'exercices pratiques m'a enthousiasm\u00e9. D'une part, ce cursus m'a permis de faire de nombreuses d\u00e9couvertes sur moi-m\u00eame et, d'autre part, j'ai pu d\u00e9velopper de mani\u00e8re significative mes comp\u00e9tences sociales et de direction.<\/p>\n\n<p>Marketing &amp; Brand Consultant, March\u00e9 International (M\u00f6wenpick Group) Kempthal<\/p>\n<p>Application imm\u00e9diate du contenu du cours dans la vie priv\u00e9e et professionnelle.<\/p>\n\n<p>Directeur \/ responsable de l'\u00e9dition, groupe d'entreprises Niederberger, Rapperswil<\/p>\n<p>Le lien entre les th\u00e8mes et la pratique permet de garder les expos\u00e9s frais et divertissants.<\/p>\n\n<p>Directeur des ventes, Fritz Landolt AG, N\u00e4fels<\/p>\n<p>Le cours est tr\u00e8s bien structur\u00e9 et ax\u00e9 sur la pratique. Les diff\u00e9rents participants au cours ont \u00e9t\u00e9 un grand enrichissement.<\/p>\n\n<p>Dipl\u00f4me f\u00e9d\u00e9ral, responsable des ventes, Swisscom Fixnet AG, Saint-Gall<\/p>\n<p>Une aide tr\u00e8s pratique pour soi-m\u00eame dans son environnement de travail.<\/p>\n\n<p>Designer graphique, Studio Wyssen, Zurich<\/p>\n<p>C'est pour moi la confirmation que je suis sur la bonne voie. Me permettra d'atteindre ce que je veux dans ma vie priv\u00e9e et professionnelle - et : de mener ma vie.<\/p>\n\n<p>Directeur des ventes, Lausanne<\/p>\n<p>La mani\u00e8re de mener un bon coaching a \u00e9t\u00e9 d\u00e9montr\u00e9e de mani\u00e8re pratique. En commen\u00e7ant par l'indispensable r\u00e9flexion sur soi-m\u00eame, nous avons re\u00e7u des outils qui nous aident \u00e0 comprendre notre interlocuteur. J'ai appris \u00e0 appr\u00e9cier ces outils non seulement dans le coaching, mais aussi dans mon quotidien de dirigeant.<\/p>\n\n<p>Zurich<\/p>\n<p>Le cursus n'offre pas seulement une bo\u00eete \u00e0 outils de coaching bien remplie, il enseigne \u00e9galement l'application pratique de ce qui a \u00e9t\u00e9 appris. En bref : il est proche de la vie, fond\u00e9, orient\u00e9 vers la pratique, imm\u00e9diatement applicable, \u00e9mouvant et amusant !<\/p>\n\n<p>Formateur en vente et en motivation, coach<\/p>\n<p>Ce cursus m'a donn\u00e9 une approche positive de la perception de soi et des autres. Des outils vari\u00e9s de r\u00e9flexion et de feedback ont \u00e9t\u00e9 transmis, que j'applique concr\u00e8tement dans mon quotidien priv\u00e9 et professionnel.<\/p>\n\n<p>Planificatrice marketing, Berne<\/p>\n<p>Le programme d'\u00e9tudes m'aide \u00e0 me percevoir et \u00e0 percevoir les autres de mani\u00e8re plus objective. Je peux prendre de tr\u00e8s nombreuses impulsions et suggestions pour le contact et la collaboration au quotidien (au travail). La documentation compl\u00e8te et le grand nombre d'exercices pratiques me donnent une bonne base pour mes t\u00e2ches de travail en \u00e9quipe et de coaching.<\/p>\n\n<p>Directeur du marketing et de la communication, Agie Sales Ltd, Losone<\/p>\n<p>Une m\u00e9thode efficace qui active les propres forces et capacit\u00e9s pour r\u00e9soudre des probl\u00e8mes et donne des impulsions pour la mise en \u0153uvre.<\/p>\n\n<p>Responsable des ventes \/ formatrice de vente, Zurich<\/p>\n<p>Le cursus de coaching appliqu\u00e9 a beaucoup contribu\u00e9 \u00e0 mon d\u00e9veloppement personnel. Des sujets passionnants sont approfondis de mani\u00e8re agr\u00e9able et tr\u00e8s positive.<\/p>\n\n<p>Conseiller en communication \/ coach, CMS plus ! GmbH, Zurich \/ Berne<\/p>\n<p>Ma meilleure formation continue \u00e0 ce jour. Documents simples, compr\u00e9hensibles et pratiques. Obtenir des connaissances et des outils qui peuvent \u00eatre directement int\u00e9gr\u00e9s dans le quotidien professionnel. Je le recommande vivement.<\/p>\n\n<p>Coach \/ responsable de la formation continue, Cash + Carry Angehrn, Gossau SG<\/p>\n<p>Une connaissance approfondie des gens et la technique du questionnement ouvert sont un super atout pour moi.<\/p>\n\n<p>Vente service ext\u00e9rieur, Hager Tehalit AG, R\u00fcmlang<\/p>\n<p>J'ai pu apprendre \u00e0 mieux me conna\u00eetre de mani\u00e8re tr\u00e8s int\u00e9ressante. L'application apporte un changement imm\u00e9diat dans la vie priv\u00e9e et professionnelle. Je le recommande vivement !<\/p>\n\n<p>Chef d'\u00e9quipe vente voitures neuves, Garage Gautschi AG, Langenthal<\/p>\n<p>J'ai d\u00e9couvert des outils tr\u00e8s utiles qui m'aident \u00e0 me comporter diff\u00e9remment avec moi-m\u00eame et mon entourage, et surtout de mani\u00e8re plus encourageante. Je suis capable de mieux m'\u00e9valuer, d'\u00e9valuer mon environnement et de r\u00e9agir de mani\u00e8re plus coh\u00e9rente, m\u00eame dans des situations difficiles.<\/p>\n\n<p>Planificateur marketing dipl\u00f4m\u00e9, r\u00e4ber marketing &amp; internet GmbH, B\u00e4retswil<\/p>\n<p>Mes comp\u00e9tences sociales ont \u00e9t\u00e9 d\u00e9cupl\u00e9es.<\/p>\n\n<p>Conseiller client\u00e8le, Minatol, Kloten<\/p>\n<p>Gr\u00e2ce \u00e0 ce cours, j'ai beaucoup appris sur le fait d'\"\u00eatre humain\".<\/p>\n\n<p>Conseill\u00e8re en voyages, EuroShuttle, Muri<\/p>\n<p>Je peux apporter plus de s\u00e9r\u00e9nit\u00e9 dans la vie quotidienne. Plus de satisfaction et de calme int\u00e9rieur.<\/p>\n\n<p>Commer\u00e7ante de d\u00e9tail \/ professeur de danse, Kurz Schmuck und Uhren \/ Zurich<\/p>\n<p>J'ai remarqu\u00e9 que je suis plus \u00e0 l'\u00e9coute et que je pose des questions plus pr\u00e9cises.<\/p>\n\n<p>Directrice de la filiale, Landi Wiesendangen, Wiesendangen<\/p>\n<p>Se conna\u00eetre, r\u00e9fl\u00e9chir et se percevoir consciemment. Cr\u00e9er activement des relations et \u00e9largir ses comp\u00e9tences sociales. Ce sont les conditions essentielles pour devenir coach.<\/p>\n\n<p>Responsable communication &amp; marketing, FAU - Fokus Arbeit Umfeld, Zurich<\/p>\n<p>Gain d\u00e8s le premier jour de cours : imm\u00e9diatement applicable dans la vie priv\u00e9e et professionnelle et l'acquisition de la connaissance de soi sur sa propre personne et son propre comportement est \u00e9norme.<\/p>\n\n<p>Directeur Marketing \/ Ventes, Z\u00fcrcher Technik AG, Sissach<\/p>\n<p>Le programme d'\u00e9tudes m'a permis de r\u00e9fl\u00e9chir pr\u00e9cis\u00e9ment \u00e0 mon comportement, \u00e0 mes valeurs et \u00e0 mes fondements. Je suis d\u00e9sormais capable de prendre des d\u00e9cisions\/changements n\u00e9cessaires en me tournant vers l'avenir et \u00e0 l'aide de diff\u00e9rents outils.<\/p>\n\n<p>Libraire, Utzenstorf<\/p>\n<p>Je me sens confirm\u00e9 et je peux d\u00e9velopper ma personnalit\u00e9 en mettant en pratique ce que j'ai appris.<\/p>\n\n<p>Responsable de magasin, Nemmcht &amp; Navi, B\u00e2le<\/p>\n<p>J'ai appris \u00e0 conna\u00eetre mon propre moi, ainsi que la raison de mon comportement. Une formation pour la vie.<\/p>\n\n<p>Vendeur, Securama AG, Wallisellen<\/p>\n<p>Je recommande ce s\u00e9minaire \u00e0 tous ceux qui veulent mieux se conna\u00eetre et mieux conna\u00eetre les autres. Je n'ai encore jamais appris autant de choses sur l'\u00eatre humain. Et le meilleur : c'est imm\u00e9diatement applicable d\u00e8s le premier jour !<\/p>\n\n<p>Administration &amp; Controlling des ventes, Sutterbegg, M\u00fcnchenstein<\/p>\n<p>Les forces, les opportunit\u00e9s et les possibilit\u00e9s \u00e9labor\u00e9es conduisent \u00e0 une nouvelle image ext\u00e9rieure.<\/p>\n\n<p>Direction des ventes<\/p>\n<p>Pour pouvoir coacher des personnes, il faut bien se conna\u00eetre soi-m\u00eame. Ce<\/p>\n<p>L'autor\u00e9flexion a commenc\u00e9 pendant ces 10 jours de cours et elle va encore m'aider.<\/p>\n<p>longtemps.<\/p>\n\n<p>Directeur des ventes<\/p>\n<p>Apprendre avec beaucoup d'enthousiasme le 1\u00d71 du coaching.<\/p>\n\n<p>Directeur du marketing, ASATG, Berne<\/p>\n<p>Mon introspection a pris une autre profondeur.<\/p>\n\n<p>Opticienne, Urech Optik AG, Aarau<\/p>\n<p>Le programme d'\u00e9tudes a montr\u00e9 de nouvelles voies qui peuvent am\u00e9liorer consid\u00e9rablement les relations avec les gens.<\/p>\n\n<p>Conseiller en marketing, Loop &amp; Partner GmbH, Wegenstetten<\/p>\n<p>J'ai appris beaucoup de choses sur moi-m\u00eame. Cela m'aide dans mon travail. Ce n'est qu'en me comprenant et en m'acceptant tel que je suis que je peux comprendre et accepter les autres.<\/p>\n\n<p>Responsable du support de vente CH, JOWA AG, Volketswil<\/p>\n<p>Ce cours va m'aider \u00e0 aller de l'avant. J'ai appris des choses pr\u00e9cieuses, j'ai fait de nombreuses d\u00e9couvertes et j'ai rencontr\u00e9 des gens formidables et ouverts. Merci beaucoup Urs !<\/p>\n\n<p>Traductrice, Zurich<\/p>\n<p>Le cours a renforc\u00e9 mes forces. Conduit \u00e0 une autor\u00e9flexion constructive. Je suis encourag\u00e9.<\/p>\n\n<p>Atelier de communication Winterhalter &amp; CO, Rorschacherberg<\/p>\n<p>J'ai appris beaucoup de choses nouvelles, j'ai trouv\u00e9 le travail avec les autres participants enrichissant et j'ai beaucoup appris sur moi-m\u00eame.<\/p>\n\n<p>Cr\u00e9ateur HES \/ directeur d'\u00e9cole, \u00c9cole d'arts visuels Berne et Bienne, Bienne<\/p>\n<p>Un cursus tr\u00e8s compr\u00e9hensible et vari\u00e9, enrichi par de nombreux exemples d'exp\u00e9riences quotidiennes. De plus, les 10 jours ont \u00e9t\u00e9 marqu\u00e9s par un bon \u00e9quilibre entre cours th\u00e9oriques, r\u00e9flexion personnelle, \u00e9changes en groupe et exercices pratiques. Mon regard sur mon comportement et celui de mon entourage a \u00e9t\u00e9 aiguis\u00e9 et j'ai appris \u00e0 utiliser mes capacit\u00e9s et mes ressources de mani\u00e8re optimale. Tout bien consid\u00e9r\u00e9, je me sens tr\u00e8s encourag\u00e9e \u00e0 franchir de nouvelles \u00e9tapes sur la voie de ma reconversion professionnelle. Merci Urs !<\/p>\n\n<p>Directeur du marketing<\/p>\n<p>Gr\u00e2ce \u00e0 ce cours, j'ai r\u00e9ussi \u00e0 comprendre les d\u00e9cisions des autres et \u00e0 aller chercher mon entourage en posant les bonnes questions. Les discussions de groupe ax\u00e9es sur la pratique ont enrichi ma vision. L'autor\u00e9flexion fait du bien. Merci Urs !<\/p>\n\n<p>Directeur des ventes, Zurich<\/p>\n<p>L'autor\u00e9flexion est tr\u00e8s utile. En tout cas, un gain pour mon avenir \"et pour la vie !\" Polyvalent<\/p>\n\n<p>Conseil en marketing \/ formation au Royaume-Uni, Innema GmbH, Hittnau<\/p>\n<p>J'ai appris \u00e0 conna\u00eetre la profondeur de l'\u00eatre humain et \u00e0 \u00e9largir ma compr\u00e9hension.<\/p>\n\n<p>Conseill\u00e8re mode \/ gestion du personnel, Rive Gauche, Lucerne<\/p>\n<p>J'ai approfondi mes comp\u00e9tences en coaching de mani\u00e8re compacte et concentr\u00e9e.<\/p>\n\n<p>R\u00e9dactrice \/ enseignante, dactylographe, Herrliberg<\/p>\n<p>J'ai appris \u00e9norm\u00e9ment de choses sur moi-m\u00eame ! Les 10 jours ont \u00e9t\u00e9 tr\u00e8s vari\u00e9s et passionnants. On ne s'est jamais ennuy\u00e9.<\/p>\n\n<p>D\u00e8s le premier jour, l'atmosph\u00e8re \u00e9tait tr\u00e8s agr\u00e9able et tous les participants y ont contribu\u00e9. La mani\u00e8re authentique dont Urs nous a fait d\u00e9couvrir le coaching a \u00e9t\u00e9 enthousiasmante.<\/p>\n\n<h2>\n\t\tAper\u00e7u de la formation Coachingplus\n\t<\/h2>\n\t<a href=\"https:\/\/coachingplus.ch\/fr\/formation-de-coaching\/cursus-de-10-jours-de-coaching\/\" target=\"_self\" rel=\"noopener\"><\/a> \n\t\t\t<h3>Cours de 10 jours sur le coaching appliqu\u00e9<\/h3>\t\t\t\n\t\t\t\t<p>Dipl\u00f4me Certificat<\/p>\n<h3>\n\t\tSupervision\n\t<\/h3>\n<h4>\n\t\tS\u00e9ances d'accompagnement\n\t<\/h4>\n\t<a href=\"https:\/\/coachingplus.ch\/fr\/formation-de-coaching\/supervision-de-groupe\/\" target=\"_self\" rel=\"noopener\"><\/a> \n\t\t\t<h3>Supervision \/ s\u00e9ances d'accompagnement<\/h3>\t\t\t\n\t\t\t\t<p>9 demi-journ\u00e9es<br \/>pendant min. 6 mois<\/p>\n<h3>\n\t\tModules de perfectionnement\n\t<\/h3>\n<h4>\n\t\tlibrement s\u00e9lectionnable\n\t<\/h4>\n\t<a href=\"https:\/\/coachingplus.ch\/fr\/formation-de-coaching\/formation-diplomante-pour-le-coaching-applique\/#prozess\" target=\"_self\" rel=\"noopener\"><\/a> \n\t\t\t<h3>Comp\u00e9tences d'accompagnement du processus<\/h3>\t\t\t\n\t\t\t\t<p>2 jours<\/p>\n\t<a href=\"https:\/\/coachingplus.ch\/fr\/formation-de-coaching\/formation-diplomante-pour-le-coaching-applique\/#selbstmgmt\" target=\"_self\" rel=\"noopener\"><\/a> \n\t\t\t<h3>Auto-management Auto-marketing<\/h3>\t\t\t\n\t\t\t\t<p>2 jours<\/p>\n\t<a href=\"https:\/\/coachingplus.ch\/fr\/formation-de-coaching\/formation-diplomante-pour-le-coaching-applique\/#teamcoaching\" target=\"_self\" rel=\"noopener\"><\/a> \n\t\t\t<h3>Coaching d'\u00e9quipe<\/h3>\t\t\t\n\t\t\t\t<p>2 jours<\/p>\n\t<a href=\"https:\/\/coachingplus.ch\/fr\/formation-de-coaching\/formation-diplomante-pour-le-coaching-applique\/#laufbahn\" target=\"_self\" rel=\"noopener\"><\/a> \n\t\t\t<h3>Coaching de carri\u00e8re<\/h3>\t\t\t\n\t\t\t\t<p>2 jours<\/p>\n<h3>\n\t\tGPI<sup>\u00ae<\/sup> Coach\n\t<\/h3>\n<h4>\n\t\tModules I+II\n\t<\/h4>\n\t<a href=\"https:\/\/coachingplus.ch\/fr\/formation-de-coaching\/coach-certifie-gpi\/#modul1\" target=\"_self\" rel=\"noopener\"><\/a> \n\t\t\t<h3>GPI<sup>\u00ae<\/sup> Coach I<\/h3>\t\t\t\n\t\t\t\t<p>2 jours<\/p>\n\t<a href=\"https:\/\/coachingplus.ch\/fr\/formation-de-coaching\/coach-certifie-gpi\/#modul2\" target=\"_self\" rel=\"noopener\"><\/a> \n\t\t\t<h3>GPI<sup>\u00ae<\/sup> Coach II<\/h3>\t\t\t\n\t\t\t\t<p>2 jours<\/p>\n\t<a href=\"https:\/\/coachingplus.ch\/fr\/formation-de-coaching\/coach-certifie-gpi-team\/\" target=\"_self\" rel=\"noopener\"><\/a> \n\t\t\t<h3>Dipl\u00f4m\u00e9 <br \/>GPI<sup>\u00ae<\/sup> Coach de l'\u00e9quipe<\/h3>\t\t\t\n\t\t\t\t<p>audit interne<\/p>\n\t<a href=\"https:\/\/coachingplus.ch\/fr\/formation-de-coaching\/mentor-fa-dipl-coach-sca-dentreprise\/\" target=\"_self\" rel=\"noopener\"><\/a> \n\t\t\t<h3>Mentor* d'entreprise avec brevet f\u00e9d\u00e9ral<\/h3>\t\t\t\n\t\t\t\t<p>coach dipl\u00f4m\u00e9 SCA<\/p>\n\t\t\t\t<img decoding=\"async\" src=\"https:\/\/coachingplus.ch\/wp-content\/uploads\/2020\/08\/favicon.png\" alt=\"favicon\" itemprop=\"image\" height=\"512\" width=\"512\" title=\"favicon\" onerror=\"this.style.display='none'\"  \/>\n<h3>\n\t\tLorsqu'il s'agit de formation au coaching en Suisse, Coachingplus est en t\u00eate de liste. Nous sommes le centre de formation le plus fr\u00e9quent\u00e9. Vous souhaitez en savoir plus ?\n\t<\/h3>\n\t<a href=\"https:\/\/coachingplus.ch\/fr\/newsletter\/\" target=\"_self\" rel=\"noopener\"><\/a> \n\t\t<h4>A lire<\/h4>\t\t\t\n\t\t\t\t<p>Nous nous ferons un plaisir de vous informer sur les th\u00e8mes li\u00e9s au coaching et au leadership par le biais de notre newsletter.<\/p>\n\t<a href=\"\/fr\/contact\/\" target=\"_self\" rel=\"noopener\"><\/a> \n\t\t<h4>Entretien personnel<\/h4>\t\t\t\n\t\t\t\t\n\t<a href=\"https:\/\/coachingplus.ch\/fr\/sinscrire\/\" target=\"_self\" rel=\"noopener\"><\/a> \n\t\t<h4>Convaincu ?!<\/h4>\t\t\t\n<p>Nous vous avons convaincu ? <br \/>Vous pouvez vous inscrire directement ici.<\/p>","protected":false},"excerpt":{"rendered":"<p>Referenzen Marketing &#8211; PR &#8211; Verkauf Der Schl\u00fcssel zum Erfolg sind nicht Informationen. Das sind Menschen. (Lee Iacocca) Mit Coaching Ressourcen gezielt aktivieren und schneller erzielen. Kunden verstehen, abholen und weiterf\u00fchren, von einer Reklamation hin zu einem Verkaufsgespr\u00e4ch. In Krisensituationen gelassen bleiben, Menschen individuell motivieren k\u00f6nnen. Aus Einzelk\u00e4mpfern entsteht ein Team mit einer gesunden Dynamik. [&hellip;]<\/p>\n","protected":false},"author":1,"featured_media":0,"parent":0,"menu_order":0,"comment_status":"closed","ping_status":"closed","template":"","meta":{"_seopress_robots_primary_cat":"","_seopress_titles_title":"Referenzen Marketing - PR - Verkauf, schnelle Erfolgserlebnisse erzielen","_seopress_titles_desc":"Mit Coaching Ressourcen gezielt aktivieren. Der Studiengang f\u00fcr angewandtes Coaching hilft unter anderem, sich und seine Mitmenschen besser wahrzunehmen.","_seopress_robots_index":"","site-sidebar-layout":"default","site-content-layout":"","ast-site-content-layout":"default","site-content-style":"default","site-sidebar-style":"default","ast-global-header-display":"","ast-banner-title-visibility":"","ast-main-header-display":"","ast-hfb-above-header-display":"","ast-hfb-below-header-display":"","ast-hfb-mobile-header-display":"","site-post-title":"disabled","ast-breadcrumbs-content":"","ast-featured-img":"","footer-sml-layout":"","ast-disable-related-posts":"","theme-transparent-header-meta":"","adv-header-id-meta":null,"stick-header-meta":null,"header-above-stick-meta":null,"header-main-stick-meta":null,"header-below-stick-meta":null,"astra-migrate-meta-layouts":"default","ast-page-background-enabled":"default","ast-page-background-meta":{"desktop":{"background-color":"","background-image":"","background-repeat":"repeat","background-position":"center center","background-size":"auto","background-attachment":"scroll","background-type":"","background-media":"","overlay-type":"","overlay-color":"","overlay-opacity":"","overlay-gradient":""},"tablet":{"background-color":"","background-image":"","background-repeat":"repeat","background-position":"center center","background-size":"auto","background-attachment":"scroll","background-type":"","background-media":"","overlay-type":"","overlay-color":"","overlay-opacity":"","overlay-gradient":""},"mobile":{"background-color":"","background-image":"","background-repeat":"repeat","background-position":"center center","background-size":"auto","background-attachment":"scroll","background-type":"","background-media":"","overlay-type":"","overlay-color":"","overlay-opacity":"","overlay-gradient":""}},"ast-content-background-meta":{"desktop":{"background-color":"var(--ast-global-color-5)","background-image":"","background-repeat":"repeat","background-position":"center center","background-size":"auto","background-attachment":"scroll","background-type":"","background-media":"","overlay-type":"","overlay-color":"","overlay-opacity":"","overlay-gradient":""},"tablet":{"background-color":"var(--ast-global-color-5)","background-image":"","background-repeat":"repeat","background-position":"center center","background-size":"auto","background-attachment":"scroll","background-type":"","background-media":"","overlay-type":"","overlay-color":"","overlay-opacity":"","overlay-gradient":""},"mobile":{"background-color":"var(--ast-global-color-5)","background-image":"","background-repeat":"repeat","background-position":"center center","background-size":"auto","background-attachment":"scroll","background-type":"","background-media":"","overlay-type":"","overlay-color":"","overlay-opacity":"","overlay-gradient":""}},"iawp_total_views":83,"footnotes":""},"class_list":["post-12833","page","type-page","status-publish","hentry"],"_links":{"self":[{"href":"https:\/\/coachingplus.ch\/fr\/wp-json\/wp\/v2\/pages\/12833","targetHints":{"allow":["GET"]}}],"collection":[{"href":"https:\/\/coachingplus.ch\/fr\/wp-json\/wp\/v2\/pages"}],"about":[{"href":"https:\/\/coachingplus.ch\/fr\/wp-json\/wp\/v2\/types\/page"}],"author":[{"embeddable":true,"href":"https:\/\/coachingplus.ch\/fr\/wp-json\/wp\/v2\/users\/1"}],"replies":[{"embeddable":true,"href":"https:\/\/coachingplus.ch\/fr\/wp-json\/wp\/v2\/comments?post=12833"}],"version-history":[{"count":0,"href":"https:\/\/coachingplus.ch\/fr\/wp-json\/wp\/v2\/pages\/12833\/revisions"}],"wp:attachment":[{"href":"https:\/\/coachingplus.ch\/fr\/wp-json\/wp\/v2\/media?parent=12833"}],"curies":[{"name":"wp","href":"https:\/\/api.w.org\/{rel}","templated":true}]}}