{"id":12832,"date":"2020-11-29T22:31:35","date_gmt":"2020-11-29T21:31:35","guid":{"rendered":"https:\/\/coachingplus.ch\/?page_id=12832"},"modified":"2021-08-10T15:02:35","modified_gmt":"2021-08-10T13:02:35","slug":"references-bien-etre-du-corps","status":"publish","type":"page","link":"https:\/\/coachingplus.ch\/fr\/referenzen-koerper-wellness\/","title":{"rendered":"R\u00e9f\u00e9rences corps - bien-\u00eatre"},"content":{"rendered":"<h1>R\u00e9f\u00e9rences corps - bien-\u00eatre<\/h1>\nLa cl\u00e9 du succ\u00e8s, ce ne sont pas les informations. Ce sont les personnes.<br \/>\n(Lee Iacocca)\n<p>La beaut\u00e9 ext\u00e9rieure est encore plus belle lorsque la beaut\u00e9 int\u00e9rieure est d\u00e9couverte et encourag\u00e9e. Une atmosph\u00e8re positive et agr\u00e9able permet de cr\u00e9er une dynamique de groupe profonde et personnelle et de se d\u00e9couvrir soi-m\u00eame et ses semblables. Un nouveau d\u00e9sir de motiver les gens, y compris soi-m\u00eame, s'\u00e9veille. Le cursus de coaching appliqu\u00e9 aide \u00e0 mieux se percevoir soi-m\u00eame et son entourage et \u00e0 promouvoir ainsi la beaut\u00e9 int\u00e9rieure.<\/p>\n<p>&nbsp;<\/p>\n<p>Les particularit\u00e9s des journ\u00e9es de cours \u00e9taient pour moi la dynamique de groupe profonde et personnelle, la volont\u00e9 de tous de changer et de se donner mutuellement du coaching. La comp\u00e9tence sociale \u00e9lev\u00e9e et le respect de chacun me font toujours penser \u00e0 ces moments avec plaisir.<\/p>\n<p><strong>Carlo E. Lauven, <\/strong>Di\u00e9t\u00e9ticien dipl\u00f4m\u00e9, Centre de sant\u00e9 et de soins &amp; cabinet de nutrition, Dielsdorf<\/p>\n<p>&nbsp;<\/p>\n<p>J'ai re\u00e7u de nombreux outils pour comprendre et encourager l'action des clients. Cela m'a donn\u00e9 envie d'aller plus loin dans cette direction.<\/p>\n<p><strong>Doris Wicky <\/strong>conseill\u00e8re en nutrition dipl\u00f4m\u00e9e, Halte<\/p>\n<p>&nbsp;<\/p>\n<p>Reconna\u00eetre ses propres valeurs ouvre la porte \u00e0 la compr\u00e9hension de nos semblables. Gr\u00e2ce \u00e0 ce cours, j'ai appris \u00e0 guider les autres pour qu'ils s'aident eux-m\u00eames.<\/p>\n<p><strong>Adrian Nagel, <\/strong>Physioth\u00e9rapeute, Thayngen<\/p>\n<p>&nbsp;<\/p>\n<p>La formation a d\u00e9pass\u00e9 mes attentes en termes de diversit\u00e9 des informations, de la mati\u00e8re et des outils. Il m'a permis de mieux me conna\u00eetre et d'approfondir ma connaissance des gens, et j'en suis tr\u00e8s reconnaissante. Tout simplement g\u00e9nial !<\/p>\n<p><strong>Chantal Heller, <\/strong>Conseill\u00e8re en image dipl\u00f4m\u00e9e, Perfekt Image, Zurich<\/p>\n<p>&nbsp;<\/p>\n<p>J'ai appris \u00e0 mieux me conna\u00eetre et \u00e0 me fier davantage \u00e0 mes points forts. Le bon feedback dans les travaux de groupe m'a encourag\u00e9e \u00e0 r\u00e9aliser ma vision avec plus de d\u00e9termination. J'en ai beaucoup profit\u00e9 dans mon travail quotidien de coach alimentaire, j'ai gagn\u00e9 en assurance pour les entretiens avec les clients.<\/p>\n<p><strong>Rita Akeret, <\/strong>Coach en nutrition, Nussbaumen TG<\/p>\n<p>&nbsp;<\/p>\n<p>De nombreuses connaissances psychologiques ont \u00e9t\u00e9 transmises, ce qui est utile pour se comprendre soi-m\u00eame et les autres.<\/p>\n<p><strong>Martina Esterer, <\/strong>Conseill\u00e8re en couleur et en style \/ Assistante marketing, Winterthur<\/p>\n<p>&nbsp;<\/p>\n<p>Ce \"regard derri\u00e8re mes propres coulisses\" favorise et renforce ma perception de moi-m\u00eame. Je repars avec une \"bo\u00eete \u00e0 outils\" bien remplie pour mon activit\u00e9 de coaching.<\/p>\n<p><strong>Elsbeth Weiss, <\/strong>style et \u00e9motion, B\u00fchler<\/p>\n<p>&nbsp;<\/p>\n<p>J'ai appris \u00e0 conna\u00eetre de nombreux outils que je peux utiliser dans mon travail quotidien de conseil. En outre, ma connaissance des gens et ma pr\u00e9cision linguistique se sont am\u00e9lior\u00e9es.<\/p>\n<p><strong>Melanie Zaugg, <\/strong>Di\u00e9t\u00e9ticienne dipl\u00f4m\u00e9e ES, B\u00fcrgerspital Soleure<\/p>\n<p>&nbsp;<\/p>\n<p>Le programme d'\u00e9tudes me donne plus d'assurance dans ma personnalit\u00e9, ma communication et ma perception.<\/p>\n<p><strong>Andrea W\u00e4schle, <\/strong>Th\u00e9rapeute corporelle, Ramsen<\/p>\n<p>&nbsp;<\/p>\n<p>Un succ\u00e8s total pour moi ! Merci \u00e0 l'animateur du cours pour son soutien comp\u00e9tent.<\/p>\n<p><strong>Bea Fischer, <\/strong>Propri\u00e9taire du studio \/ Infirmi\u00e8re dipl\u00f4m\u00e9e, viva Figurstudio St\u00e4fa, St\u00e4fa<\/p>\n<p>&nbsp;<\/p>\n<p>J'ai acquis beaucoup de connaissances de base et je me r\u00e9jouis de les utiliser au travail et dans la vie quotidienne.<\/p>\n<p><strong>Hanna Liniger, <\/strong>Entra\u00eeneur de fitness, Atelier Zw\u00e4g, Gerolfingen<\/p>\n<p>&nbsp;<\/p>\n<p>Les conseils nutritionnels peuvent ainsi \u00eatre dispens\u00e9s de mani\u00e8re plus professionnelle. J'ai re\u00e7u des id\u00e9es nouvelles et faciles \u00e0 appliquer.<\/p>\n<p><strong>Florence Steger-Tschan, <\/strong>Di\u00e9t\u00e9ticienne, cabinet de sant\u00e9 et de nutrition, Stabio<\/p>\n<p>&nbsp;<\/p>\n<p>Ces dix jours ont beaucoup aid\u00e9 \u00e0 se percevoir plus clairement.<\/p>\n<p><strong>Margrith Tusar, <\/strong>Infirmi\u00e8re \/ P\u00e9dicure<\/p>\n<p>&nbsp;<\/p>\n<p>Gr\u00e2ce aux nombreux outils et \u00e0 l'exp\u00e9rience que les coachs nous ont transmis, nous sommes bien arm\u00e9s pour l'avenir.<\/p>\n<p><strong>Daniela Loher, <\/strong>Esth\u00e9ticienne, Daniela`s Beauty Style, Montlingen<\/p>\n<p>&nbsp;<\/p>\n<p>J'ai personnellement fait quelques pas en avant et je suis convaincue de pouvoir appliquer ce que j'ai appris dans ma vie quotidienne et professionnelle.<\/p>\n<p><strong>Sonja Berger, <\/strong>Coach en nutrition, ParaMediForm, Berthoud<\/p>\n<p>&nbsp;<\/p>\n<p>mieux percevoir les gens et expliquer leur comportement<\/p>\n<p><strong>Denise Fischler, <\/strong>Scientifique du sport, B\u00e2le<\/p>\n<p>&nbsp;<\/p>\n<p>Clair et adapt\u00e9 \u00e0 la vie quotidienne. Elargit la compr\u00e9hension de soi-m\u00eame et des autres.<\/p>\n<p><strong>Annette Hess, <\/strong>Sp\u00e9cialiste du yoga et de la relaxation, Hatha-Yoga, Baden<\/p>\n<p>&nbsp;<\/p>\n<p>Gr\u00e2ce \u00e0 cette formation pratique, je suis encore mieux \u00e9quip\u00e9e pour encourager les gens.<\/p>\n<p><strong>Evelyn Hasen, <\/strong>Clown de la sant\u00e9 \/ Productrice de cosm\u00e9tiques, Hilterfingen<\/p>\n<p>&nbsp;<\/p>\n<p>Un programme d'\u00e9tudes comp\u00e9tent. Applicable dans la pratique. Les professeurs ont une grande empathie.<\/p>\n<p><strong>Vittoria Cioffi, <\/strong>Sp\u00e9cialiste de beaut\u00e9 dipl\u00f4m\u00e9e, formatrice, Beautystudio Cioffi, Hauptwil<\/p>\n<h2>\n\t\tAper\u00e7u de la formation Coachingplus\n\t<\/h2>\n\t<a href=\"https:\/\/coachingplus.ch\/fr\/formation-de-coaching\/cursus-de-10-jours-de-coaching\/\" target=\"_self\" rel=\"noopener\"><\/a> \n\t\t\t<h3>Cours de 10 jours sur le coaching appliqu\u00e9<\/h3>\t\t\t\n\t\t\t\t<p>Dipl\u00f4me Certificat<\/p>\n<h3>\n\t\tSessions de r\u00e9flexion\n\t<\/h3>\n<h4>\n\t\tConstruire\n\t<\/h4>\n\t<a href=\"https:\/\/coachingplus.ch\/fr\/formation-de-coaching\/supervision-de-groupe\/\" target=\"_self\" rel=\"noopener\"><\/a> \n\t\t\t<h3>Sessions de r\u00e9flexion<\/h3>\t\t\t\n\t\t\t\t<p>9 demi-journ\u00e9es<br \/>pendant min. 6 mois<\/p>\n<h3>\n\t\tModules de perfectionnement\n\t<\/h3>\n<h4>\n\t\tlibrement s\u00e9lectionnable\n\t<\/h4>\n\t<a href=\"https:\/\/coachingplus.ch\/fr\/formation-de-coaching\/formation-diplomante-pour-le-coaching-applique\/#prozess\" target=\"_self\" rel=\"noopener\"><\/a> \n\t\t\t<h3>Comp\u00e9tences d'accompagnement du processus<\/h3>\t\t\t\n\t\t\t\t<p>2 jours<\/p>\n\t<a href=\"https:\/\/coachingplus.ch\/fr\/formation-de-coaching\/formation-diplomante-pour-le-coaching-applique\/#selbstmgmt\" target=\"_self\" rel=\"noopener\"><\/a> \n\t\t\t<h3>Auto-management Auto-marketing<\/h3>\t\t\t\n\t\t\t\t<p>2 jours<\/p>\n\t<a href=\"https:\/\/coachingplus.ch\/fr\/formation-de-coaching\/formation-diplomante-pour-le-coaching-applique\/#teamcoaching\" target=\"_self\" rel=\"noopener\"><\/a> \n\t\t\t<h3>Coaching d'\u00e9quipe<\/h3>\t\t\t\n\t\t\t\t<p>2 jours<\/p>\n\t<a href=\"https:\/\/coachingplus.ch\/fr\/formation-de-coaching\/formation-diplomante-pour-le-coaching-applique\/#laufbahn\" target=\"_self\" rel=\"noopener\"><\/a> \n\t\t\t<h3>Coaching de carri\u00e8re<\/h3>\t\t\t\n\t\t\t\t<p>2 jours<\/p>\n<h3>\n\t\tGPI<sup>\u00ae<\/sup> Coach\n\t<\/h3>\n<h4>\n\t\tModules I+II\n\t<\/h4>\n\t<a href=\"https:\/\/coachingplus.ch\/fr\/formation-de-coaching\/coach-certifie-gpi\/#modul1\" target=\"_self\" rel=\"noopener\"><\/a> \n\t\t\t<h3>GPI<sup>\u00ae<\/sup> Coach I<\/h3>\t\t\t\n\t\t\t\t<p>2 jours<\/p>\n\t<a href=\"https:\/\/coachingplus.ch\/fr\/formation-de-coaching\/coach-certifie-gpi\/#modul2\" target=\"_self\" rel=\"noopener\"><\/a> \n\t\t\t<h3>GPI<sup>\u00ae<\/sup> Coach II<\/h3>\t\t\t\n\t\t\t\t<p>2 jours<\/p>\n\t<a href=\"https:\/\/coachingplus.ch\/fr\/formation-de-coaching\/coach-certifie-gpi-team\/\" target=\"_self\" rel=\"noopener\"><\/a> \n\t\t\t<h3>Dipl\u00f4m\u00e9 <br \/>GPI<sup>\u00ae<\/sup> Coach de l'\u00e9quipe<\/h3>\t\t\t\n\t\t\t\t<p>audit interne<\/p>\n\t<a href=\"https:\/\/coachingplus.ch\/fr\/formation-de-coaching\/mentor-fa-dipl-coach-sca-dentreprise\/\" target=\"_self\" rel=\"noopener\"><\/a> \n\t\t\t<h3>Mentor* d'entreprise avec brevet f\u00e9d\u00e9ral<\/h3>\t\t\t\n\t\t\t\t<p>coach dipl\u00f4m\u00e9 SCA<\/p>\n\t\t\t\t<img decoding=\"async\" src=\"https:\/\/coachingplus.ch\/wp-content\/uploads\/2020\/08\/favicon.png\" alt=\"favicon\" itemprop=\"image\" height=\"512\" width=\"512\" title=\"favicon\" onerror=\"this.style.display='none'\"  \/>\n<h3>\n\t\tLorsqu'il s'agit de formation au coaching en Suisse, Coachingplus est en t\u00eate de liste. Nous sommes le centre de formation le plus fr\u00e9quent\u00e9. Vous souhaitez en savoir plus ?\n\t<\/h3>\n\t<a href=\"https:\/\/coachingplus.ch\/fr\/newsletter\/\" target=\"_self\" rel=\"noopener\"><\/a> \n\t\t<h4>A lire<\/h4>\t\t\t\n\t\t\t\t<p>Nous nous ferons un plaisir de vous informer sur les th\u00e8mes li\u00e9s au coaching et au leadership par le biais de notre newsletter.<\/p>\n\t<a href=\"\/fr\/contact\/\" target=\"_self\" rel=\"noopener\"><\/a> \n\t\t<h4>Entretien personnel<\/h4>\t\t\t\n\t\t\t\t\n\t<a href=\"https:\/\/coachingplus.ch\/fr\/sinscrire\/\" target=\"_self\" rel=\"noopener\"><\/a> \n\t\t<h4>Convaincu ?!<\/h4>\t\t\t\n<p>Nous vous avons convaincu ? <br \/>Vous pouvez vous inscrire directement ici.<\/p>","protected":false},"excerpt":{"rendered":"<p>Referenzen K\u00f6rper &#8211; Wellness Der Schl\u00fcssel zum Erfolg sind nicht Informationen. Das sind Menschen. (Lee Iacocca) \u00c4ussere Sch\u00f6nheit wird noch sch\u00f6ner, wenn die innere entdeckt und gef\u00f6rdert wird. Eine positive und angenehme Atmosph\u00e4re l\u00e4sst eine tiefe und pers\u00f6nliche Gruppendynamik entstehen\u00a0 und sich und seine Mitmenschen entdecken. Eine neue Sehnsucht erwacht, Menschen, sich selbst eingeschlossen, zu [&hellip;]<\/p>\n","protected":false},"author":1,"featured_media":0,"parent":0,"menu_order":0,"comment_status":"closed","ping_status":"closed","template":"","meta":{"_seopress_robots_primary_cat":"","_seopress_titles_title":"Referenzen aus dem Bereich K\u00f6rper und Wellness","_seopress_titles_desc":"Der Studiengang f\u00fcr angewandtes Coaching hilft, sich und seine Mitmenschen besser wahrzunehmen und so die innere Sch\u00f6nheit zu f\u00f6rdern.","_seopress_robots_index":"","site-sidebar-layout":"default","site-content-layout":"","ast-site-content-layout":"default","site-content-style":"default","site-sidebar-style":"default","ast-global-header-display":"","ast-banner-title-visibility":"","ast-main-header-display":"","ast-hfb-above-header-display":"","ast-hfb-below-header-display":"","ast-hfb-mobile-header-display":"","site-post-title":"disabled","ast-breadcrumbs-content":"","ast-featured-img":"","footer-sml-layout":"","ast-disable-related-posts":"","theme-transparent-header-meta":"","adv-header-id-meta":null,"stick-header-meta":null,"header-above-stick-meta":null,"header-main-stick-meta":null,"header-below-stick-meta":null,"astra-migrate-meta-layouts":"default","ast-page-background-enabled":"default","ast-page-background-meta":{"desktop":{"background-color":"","background-image":"","background-repeat":"repeat","background-position":"center center","background-size":"auto","background-attachment":"scroll","background-type":"","background-media":"","overlay-type":"","overlay-color":"","overlay-opacity":"","overlay-gradient":""},"tablet":{"background-color":"","background-image":"","background-repeat":"repeat","background-position":"center center","background-size":"auto","background-attachment":"scroll","background-type":"","background-media":"","overlay-type":"","overlay-color":"","overlay-opacity":"","overlay-gradient":""},"mobile":{"background-color":"","background-image":"","background-repeat":"repeat","background-position":"center center","background-size":"auto","background-attachment":"scroll","background-type":"","background-media":"","overlay-type":"","overlay-color":"","overlay-opacity":"","overlay-gradient":""}},"ast-content-background-meta":{"desktop":{"background-color":"var(--ast-global-color-5)","background-image":"","background-repeat":"repeat","background-position":"center center","background-size":"auto","background-attachment":"scroll","background-type":"","background-media":"","overlay-type":"","overlay-color":"","overlay-opacity":"","overlay-gradient":""},"tablet":{"background-color":"var(--ast-global-color-5)","background-image":"","background-repeat":"repeat","background-position":"center center","background-size":"auto","background-attachment":"scroll","background-type":"","background-media":"","overlay-type":"","overlay-color":"","overlay-opacity":"","overlay-gradient":""},"mobile":{"background-color":"var(--ast-global-color-5)","background-image":"","background-repeat":"repeat","background-position":"center center","background-size":"auto","background-attachment":"scroll","background-type":"","background-media":"","overlay-type":"","overlay-color":"","overlay-opacity":"","overlay-gradient":""}},"iawp_total_views":62,"footnotes":""},"class_list":["post-12832","page","type-page","status-publish","hentry"],"_links":{"self":[{"href":"https:\/\/coachingplus.ch\/fr\/wp-json\/wp\/v2\/pages\/12832","targetHints":{"allow":["GET"]}}],"collection":[{"href":"https:\/\/coachingplus.ch\/fr\/wp-json\/wp\/v2\/pages"}],"about":[{"href":"https:\/\/coachingplus.ch\/fr\/wp-json\/wp\/v2\/types\/page"}],"author":[{"embeddable":true,"href":"https:\/\/coachingplus.ch\/fr\/wp-json\/wp\/v2\/users\/1"}],"replies":[{"embeddable":true,"href":"https:\/\/coachingplus.ch\/fr\/wp-json\/wp\/v2\/comments?post=12832"}],"version-history":[{"count":0,"href":"https:\/\/coachingplus.ch\/fr\/wp-json\/wp\/v2\/pages\/12832\/revisions"}],"wp:attachment":[{"href":"https:\/\/coachingplus.ch\/fr\/wp-json\/wp\/v2\/media?parent=12832"}],"curies":[{"name":"wp","href":"https:\/\/api.w.org\/{rel}","templated":true}]}}