{"id":12826,"date":"2020-11-29T22:31:33","date_gmt":"2020-11-29T21:31:33","guid":{"rendered":"https:\/\/coachingplus.ch\/?page_id=12826"},"modified":"2021-08-10T15:23:31","modified_gmt":"2021-08-10T13:23:31","slug":"references-sciences-humaines","status":"publish","type":"page","link":"https:\/\/coachingplus.ch\/fr\/referenzen-geisteswissenschaft\/","title":{"rendered":"R\u00e9f\u00e9rences sciences humaines"},"content":{"rendered":"<h1>R\u00e9f\u00e9rences domaine des sciences humaines<\/h1>\nLa cl\u00e9 du succ\u00e8s, ce ne sont pas les informations. Ce sont les personnes.<br \/>\n(Lee Iacocca)\n<p>La science de l'esprit, c'est continuer \u00e0 penser l\u00e0 o\u00f9 d'autres se sont arr\u00eat\u00e9s. C'est aller de l'avant, donner des impulsions, red\u00e9finir les causes spirituelles. Cela demande du courage et de la confiance en soi. Le cursus de coaching appliqu\u00e9 aide \u00e0 mieux se percevoir soi-m\u00eame et son entourage, \u00e0 renforcer sa propre personnalit\u00e9, \u00e0 guider les autres. \"Je me connais\" dans le sens de \"reconna\u00eetre ses propres parts\" et d'avancer ensemble malgr\u00e9 la diff\u00e9rence et la singularit\u00e9. La vie prend de nouvelles dimensions.<\/p>\n<p>&nbsp;<\/p>\n<p>La r\u00e9flexion personnelle et l'autor\u00e9flexion m'aident \u00e0 communiquer d'\u00e9gal \u00e0 \u00e9gal lors d'entretiens. Obtenir un nouveau point de vue sur les th\u00e8mes de la vie et de la profession.<\/p>\n<p><strong>Florian Sondheimer, <\/strong>R\u00e9v\u00e9rend<\/p>\n<p>&nbsp;<\/p>\n<p>D\u00e8s le premier jour du s\u00e9minaire, j'ai d\u00e9couvert des outils qui peuvent \u00eatre utilis\u00e9s dans les entretiens. L'estime et l'encouragement de l'autre sont des \u00e9l\u00e9ments qui se retrouvent tout au long du cours.<\/p>\n<p><strong>Philipp Nanz, <\/strong>pasteur, paroisse r\u00e9form\u00e9e, Fahrwangen<\/p>\n<p>&nbsp;<\/p>\n<p>\"Reconna\u00eetre ses propres parts\" - l'importance de cette pr\u00e9occupation dans l'intervention en tant que coach ou conseiller a \u00e9t\u00e9 soulign\u00e9e \u00e0 plusieurs reprises par l'animateur du cours lors de son cursus de 10 jours de coaching appliqu\u00e9. Et la phrase a du sens.<\/p>\n<p><strong>Cla Gleiser, <\/strong>lic. phil. I, illustrateur et r\u00e9dacteur, Thalwil<\/p>\n<p>&nbsp;<\/p>\n<p>Il n'est pas toujours important d'avoir une r\u00e9ponse, mais il est important de poser la bonne question.<\/p>\n<p><strong>Zbigniew Mlak, <\/strong>Aum\u00f4nerie militaire catholique aupr\u00e8s de la Bundeswehr Allemagne, Torgelow<\/p>\n<p>&nbsp;<\/p>\n<p>Le courage de m'affirmer encore plus fortement a grandi. De nouveaux outils dans ma bo\u00eete \u00e0 outils, dont je peux vraiment me servir.<\/p>\n<p><strong>Jens Kaldewey, <\/strong>Pasteur, Riehen<\/p>\n<p>&nbsp;<\/p>\n<p>La dynamique de groupe \u00e9tait tr\u00e8s bonne et aidait \u00e0 s'ouvrir dans un environnement neutre.<\/p>\n<p><strong>Cyril Horisberger, <\/strong>icf-lausanne, Lausanne<\/p>\n<p>&nbsp;<\/p>\n<p>Dans une atmosph\u00e8re inspirante et motivante, j'ai re\u00e7u des connaissances solides et pratiques pour les entretiens de coaching.<\/p>\n<p><strong>Michael Russenberger, <\/strong>pasteur, Hallau<\/p>\n<p>&nbsp;<\/p>\n<p>Le cours a aiguis\u00e9 ma perception de moi-m\u00eame, a renforc\u00e9 ma personnalit\u00e9 et m'a transmis des outils pratiques pour encourager des personnes individuelles et des groupes. J'ai toujours plaisir \u00e0 consulter les excellents documents.<\/p>\n<p><strong>Lukas Weinhold, <\/strong>pasteur, Amriswil-Oberaach TG<\/p>\n<p>&nbsp;<\/p>\n<p>Le cursus m'a permis d'acqu\u00e9rir des comp\u00e9tences en mati\u00e8re de coaching et de b\u00e9n\u00e9ficier de tr\u00e8s nombreux outils. Pour moi, la confrontation intensive mais aussi pleine d'humour avec de nouvelles connaissances, avec moi-m\u00eame et avec le groupe de cours en a valu la peine.<\/p>\n<p><strong>Anja Kruysse, <\/strong>Th\u00e9ologienne<\/p>\n<p>&nbsp;<\/p>\n<p>Le cursus m'a apport\u00e9 un bon compl\u00e9ment \u00e0 mes comp\u00e9tences professionnelles. Notamment en ce qui concerne l'accompagnement des collaborateurs et des coll\u00e8gues de travail.<\/p>\n<p><strong>Daniel von Orelli, <\/strong>Pasteur, \u00c9glise \u00e9vang\u00e9lique r\u00e9form\u00e9e du canton de Zurich, Gossau<\/p>\n<p>&nbsp;<\/p>\n<p>Il s'agit d'une formation continue relativement courte avec de nombreuses cons\u00e9quences pratiques qui peuvent \u00eatre directement int\u00e9gr\u00e9es dans le minist\u00e8re pastoral. Elle peut \u00eatre utilis\u00e9e dans le travail avec des personnes dans le cadre de l'accompagnement spirituel, dans le coaching de collaborateurs b\u00e9n\u00e9voles, mais aussi dans l'enseignement et la pr\u00e9dication.<\/p>\n<p><strong>Peter Ryser, <\/strong>Pasteur, \u00c9glises r\u00e9form\u00e9es Berne-Jura-Soleure, St. Stephan<\/p>\n<p>&nbsp;<\/p>\n<p>Le cours m'a donn\u00e9 des outils pr\u00e9cieux pour conseiller et accompagner les gens dans mon activit\u00e9 de pasteur.<\/p>\n<p><strong>Markus Akert, <\/strong>pasteur, paroisse r\u00e9f. de Zurich-Friesenberg, Zurich<\/p>\n<p>&nbsp;<\/p>\n<p>La formation de coach m'a donn\u00e9 quelques outils pour le conseil spirituel, ainsi que pour la gestion d'\u00e9quipes, qui lib\u00e8rent les ressources des personnes en qu\u00eate de conseils et des collaborateurs. Mon propre style de conseil a \u00e9volu\u00e9.<\/p>\n<p><strong>Andi Kleeli, <\/strong>Pasteur, \u00c9glise chr\u00e9tienne libre, Winterthur<\/p>\n<p>&nbsp;<\/p>\n<p>Le contenu est ax\u00e9 sur la pratique et directement applicable dans la vie priv\u00e9e comme dans la vie professionnelle - \u00e0 la fois stimulant et enrichissant.<\/p>\n<p><strong>Kilian Salzmann, <\/strong>th\u00e9ologien, paroisse de Naters, Naters<\/p>\n<p>&nbsp;<\/p>\n<p>Connu de nouveaux outils tr\u00e8s orient\u00e9s vers la pratique. Comp\u00e9tences en mati\u00e8re d'entretien et possibilit\u00e9s d'action \u00e9largies.<\/p>\n<p><strong>Claudia R\u00fcegg Bissig, <\/strong>pasteur, paroisse r\u00e9fractaire, R\u00fcti ZH<\/p>\n<p>&nbsp;<\/p>\n<p>J'en retire de nombreuses suggestions pratiques pour ma propre gestion. Et pour mes entretiens d'accompagnement, j'ai appris une multitude d'autres possibilit\u00e9s.<\/p>\n<p><strong>Christoph Schwarz, <\/strong>Recteur du TDS Aarau, Aarau<\/p>\n<p>&nbsp;<\/p>\n<p>L'\u00e9tude intensive de ma propre personne, condition pr\u00e9alable \u00e0 un coaching r\u00e9ussi d'autres personnes, a \u00e9t\u00e9 bouleversante, encourageante et stimulante dans le bon sens du terme. Chaque personne fonctionne diff\u00e9remment, mais pas mieux ou moins bien.<\/p>\n<p><strong>Frank Buchter, <\/strong>Pasteur, Langenthal<\/p>\n<p>&nbsp;<\/p>\n<p>Le programme d'\u00e9tudes m'a permis d'ouvrir mes propres yeux int\u00e9rieurs sur moi-m\u00eame. Je suis plus d\u00e9tendu dans mes relations avec moi-m\u00eame. Ce que j'ai appris est pratique et m'aide \u00e0 renforcer mes comp\u00e9tences personnelles et \u00e0 transmettre mon savoir.<\/p>\n<p><strong>Markus Gygli, <\/strong>Pasteur, FCG, Aarau<\/p>\n<h2>\n\t\tAper\u00e7u de la formation Coachingplus\n\t<\/h2>\n\t<a href=\"https:\/\/coachingplus.ch\/fr\/formation-de-coaching\/cursus-de-10-jours-de-coaching\/\" target=\"_self\" rel=\"noopener\"><\/a> \n\t\t\t<h3>Cours de 10 jours sur le coaching appliqu\u00e9<\/h3>\t\t\t\n\t\t\t\t<p>Dipl\u00f4me Certificat<\/p>\n<h3>\n\t\tSessions de r\u00e9flexion\n\t<\/h3>\n<h4>\n\t\tConstruire\n\t<\/h4>\n\t<a href=\"https:\/\/coachingplus.ch\/fr\/formation-de-coaching\/supervision-de-groupe\/\" target=\"_self\" rel=\"noopener\"><\/a> \n\t\t\t<h3>Sessions de r\u00e9flexion<\/h3>\t\t\t\n\t\t\t\t<p>9 demi-journ\u00e9es<br \/>pendant min. 6 mois<\/p>\n<h3>\n\t\tModules de perfectionnement\n\t<\/h3>\n<h4>\n\t\tlibrement s\u00e9lectionnable\n\t<\/h4>\n\t<a href=\"https:\/\/coachingplus.ch\/fr\/formation-de-coaching\/formation-diplomante-pour-le-coaching-applique\/#prozess\" target=\"_self\" rel=\"noopener\"><\/a> \n\t\t\t<h3>Comp\u00e9tences d'accompagnement du processus<\/h3>\t\t\t\n\t\t\t\t<p>2 jours<\/p>\n\t<a href=\"https:\/\/coachingplus.ch\/fr\/formation-de-coaching\/formation-diplomante-pour-le-coaching-applique\/#selbstmgmt\" target=\"_self\" rel=\"noopener\"><\/a> \n\t\t\t<h3>Auto-management Auto-marketing<\/h3>\t\t\t\n\t\t\t\t<p>2 jours<\/p>\n\t<a href=\"https:\/\/coachingplus.ch\/fr\/formation-de-coaching\/formation-diplomante-pour-le-coaching-applique\/#teamcoaching\" target=\"_self\" rel=\"noopener\"><\/a> \n\t\t\t<h3>Coaching d'\u00e9quipe<\/h3>\t\t\t\n\t\t\t\t<p>2 jours<\/p>\n\t<a href=\"https:\/\/coachingplus.ch\/fr\/formation-de-coaching\/formation-diplomante-pour-le-coaching-applique\/#laufbahn\" target=\"_self\" rel=\"noopener\"><\/a> \n\t\t\t<h3>Coaching de carri\u00e8re<\/h3>\t\t\t\n\t\t\t\t<p>2 jours<\/p>\n<h3>\n\t\tGPI<sup>\u00ae<\/sup> Coach\n\t<\/h3>\n<h4>\n\t\tModules I+II\n\t<\/h4>\n\t<a href=\"https:\/\/coachingplus.ch\/fr\/formation-de-coaching\/coach-certifie-gpi\/#modul1\" target=\"_self\" rel=\"noopener\"><\/a> \n\t\t\t<h3>GPI<sup>\u00ae<\/sup> Coach I<\/h3>\t\t\t\n\t\t\t\t<p>2 jours<\/p>\n\t<a href=\"https:\/\/coachingplus.ch\/fr\/formation-de-coaching\/coach-certifie-gpi\/#modul2\" target=\"_self\" rel=\"noopener\"><\/a> \n\t\t\t<h3>GPI<sup>\u00ae<\/sup> Coach II<\/h3>\t\t\t\n\t\t\t\t<p>2 jours<\/p>\n\t<a href=\"https:\/\/coachingplus.ch\/fr\/formation-de-coaching\/coach-certifie-gpi-team\/\" target=\"_self\" rel=\"noopener\"><\/a> \n\t\t\t<h3>Dipl\u00f4m\u00e9 <br \/>GPI<sup>\u00ae<\/sup> Coach de l'\u00e9quipe<\/h3>\t\t\t\n\t\t\t\t<p>audit interne<\/p>\n\t<a href=\"https:\/\/coachingplus.ch\/fr\/formation-de-coaching\/mentor-fa-dipl-coach-sca-dentreprise\/\" target=\"_self\" rel=\"noopener\"><\/a> \n\t\t\t<h3>Mentor* d'entreprise avec brevet f\u00e9d\u00e9ral<\/h3>\t\t\t\n\t\t\t\t<p>coach dipl\u00f4m\u00e9 SCA<\/p>\n\t\t\t\t<img decoding=\"async\" src=\"https:\/\/coachingplus.ch\/wp-content\/uploads\/2020\/08\/favicon.png\" alt=\"favicon\" itemprop=\"image\" height=\"512\" width=\"512\" title=\"favicon\" onerror=\"this.style.display='none'\"  \/>\n<h3>\n\t\tLorsqu'il s'agit de formation au coaching en Suisse, Coachingplus est en t\u00eate de liste. Nous sommes le centre de formation le plus fr\u00e9quent\u00e9. Vous souhaitez en savoir plus ?\n\t<\/h3>\n\t<a href=\"https:\/\/coachingplus.ch\/fr\/newsletter\/\" target=\"_self\" rel=\"noopener\"><\/a> \n\t\t<h4>A lire<\/h4>\t\t\t\n\t\t\t\t<p>Nous nous ferons un plaisir de vous informer sur les th\u00e8mes li\u00e9s au coaching et au leadership par le biais de notre newsletter.<\/p>\n\t<a href=\"\/fr\/contact\/\" target=\"_self\" rel=\"noopener\"><\/a> \n\t\t<h4>Entretien personnel<\/h4>\t\t\t\n\t\t\t\t\n\t<a href=\"https:\/\/coachingplus.ch\/fr\/sinscrire\/\" target=\"_self\" rel=\"noopener\"><\/a> \n\t\t<h4>Convaincu ?!<\/h4>\t\t\t\n<p>Nous vous avons convaincu ? <br \/>Vous pouvez vous inscrire directement ici.<\/p>","protected":false},"excerpt":{"rendered":"<p>Referenzen Bereich Geisteswissenschaftliche Berufe Der Schl\u00fcssel zum Erfolg sind nicht Informationen. Das sind Menschen. (Lee Iacocca) Geisteswissenschaft bedeutet, da weiterzudenken, wo andere damit aufgeh\u00f6rt haben. Es heisst vorangehen, Impulse setzen, geistige Ursachen neu definieren. Das braucht Mut und Selbstvertrauen. Der Studiengang f\u00fcr angewandtes Coaching hilft, sich und seine Mitmenschen besser wahrzunehmen, die eigene Pers\u00f6nlichkeit zu [&hellip;]<\/p>\n","protected":false},"author":1,"featured_media":0,"parent":0,"menu_order":0,"comment_status":"closed","ping_status":"closed","template":"","meta":{"_seopress_robots_primary_cat":"","_seopress_titles_title":"Referenzen Geisteswissenschaftliche Berufe - Fragen stellen und zulassen","_seopress_titles_desc":"Geisteswissenschaft bedeutet, da weiterzudenken, wo andere damit aufgeh\u00f6rt haben. Es heisst vorangehen, Impulse setzen, geistige Ursachen neu definieren.","_seopress_robots_index":"","site-sidebar-layout":"default","site-content-layout":"","ast-site-content-layout":"default","site-content-style":"default","site-sidebar-style":"default","ast-global-header-display":"","ast-banner-title-visibility":"","ast-main-header-display":"","ast-hfb-above-header-display":"","ast-hfb-below-header-display":"","ast-hfb-mobile-header-display":"","site-post-title":"disabled","ast-breadcrumbs-content":"","ast-featured-img":"","footer-sml-layout":"","ast-disable-related-posts":"","theme-transparent-header-meta":"","adv-header-id-meta":null,"stick-header-meta":null,"header-above-stick-meta":null,"header-main-stick-meta":null,"header-below-stick-meta":null,"astra-migrate-meta-layouts":"default","ast-page-background-enabled":"default","ast-page-background-meta":{"desktop":{"background-color":"","background-image":"","background-repeat":"repeat","background-position":"center center","background-size":"auto","background-attachment":"scroll","background-type":"","background-media":"","overlay-type":"","overlay-color":"","overlay-opacity":"","overlay-gradient":""},"tablet":{"background-color":"","background-image":"","background-repeat":"repeat","background-position":"center center","background-size":"auto","background-attachment":"scroll","background-type":"","background-media":"","overlay-type":"","overlay-color":"","overlay-opacity":"","overlay-gradient":""},"mobile":{"background-color":"","background-image":"","background-repeat":"repeat","background-position":"center center","background-size":"auto","background-attachment":"scroll","background-type":"","background-media":"","overlay-type":"","overlay-color":"","overlay-opacity":"","overlay-gradient":""}},"ast-content-background-meta":{"desktop":{"background-color":"var(--ast-global-color-5)","background-image":"","background-repeat":"repeat","background-position":"center center","background-size":"auto","background-attachment":"scroll","background-type":"","background-media":"","overlay-type":"","overlay-color":"","overlay-opacity":"","overlay-gradient":""},"tablet":{"background-color":"var(--ast-global-color-5)","background-image":"","background-repeat":"repeat","background-position":"center center","background-size":"auto","background-attachment":"scroll","background-type":"","background-media":"","overlay-type":"","overlay-color":"","overlay-opacity":"","overlay-gradient":""},"mobile":{"background-color":"var(--ast-global-color-5)","background-image":"","background-repeat":"repeat","background-position":"center center","background-size":"auto","background-attachment":"scroll","background-type":"","background-media":"","overlay-type":"","overlay-color":"","overlay-opacity":"","overlay-gradient":""}},"iawp_total_views":46,"footnotes":""},"class_list":["post-12826","page","type-page","status-publish","hentry"],"_links":{"self":[{"href":"https:\/\/coachingplus.ch\/fr\/wp-json\/wp\/v2\/pages\/12826","targetHints":{"allow":["GET"]}}],"collection":[{"href":"https:\/\/coachingplus.ch\/fr\/wp-json\/wp\/v2\/pages"}],"about":[{"href":"https:\/\/coachingplus.ch\/fr\/wp-json\/wp\/v2\/types\/page"}],"author":[{"embeddable":true,"href":"https:\/\/coachingplus.ch\/fr\/wp-json\/wp\/v2\/users\/1"}],"replies":[{"embeddable":true,"href":"https:\/\/coachingplus.ch\/fr\/wp-json\/wp\/v2\/comments?post=12826"}],"version-history":[{"count":0,"href":"https:\/\/coachingplus.ch\/fr\/wp-json\/wp\/v2\/pages\/12826\/revisions"}],"wp:attachment":[{"href":"https:\/\/coachingplus.ch\/fr\/wp-json\/wp\/v2\/media?parent=12826"}],"curies":[{"name":"wp","href":"https:\/\/api.w.org\/{rel}","templated":true}]}}