{"id":12825,"date":"2020-11-29T22:31:33","date_gmt":"2020-11-29T21:31:33","guid":{"rendered":"https:\/\/coachingplus.ch\/?page_id=12825"},"modified":"2020-11-30T13:34:19","modified_gmt":"2020-11-30T12:34:19","slug":"references-services","status":"publish","type":"page","link":"https:\/\/coachingplus.ch\/fr\/referenzen-dienstleistungen\/","title":{"rendered":"R\u00e9f\u00e9rences services"},"content":{"rendered":"<h1>R\u00e9f\u00e9rences domaine des services<\/h1>\nLa cl\u00e9 du succ\u00e8s, ce ne sont pas les informations. Ce sont les personnes.<br \/>\n(Lee Iacocca)\n<p>\u00catre en contact avec les personnes les plus diverses, les conseiller et r\u00e9ussir en tant qu'\u00e9quipe - quiconque travaille dans le secteur des services doit avoir le sens des relations humaines, reconna\u00eetre les mod\u00e8les d'action et savoir encourager ses collaborateurs. Les collaborateurs du secteur des services sont une sorte de promotion des ventes vivante, car ils sont en contact direct avec les clients. M\u00eame dans des situations agit\u00e9es, ils doivent garder leur calme Le cursus de coaching appliqu\u00e9 aide \u00e0 mieux se percevoir soi-m\u00eame et son entourage.<\/p>\n<p>&nbsp;<\/p>\n<p>Gr\u00e2ce \u00e0 l'introspection permanente pendant le cursus, aux outils et aux feedbacks correspondants, je peux d\u00e9sormais mieux identifier mes points forts et mes potentiels, ainsi que mes saboteurs int\u00e9rieurs. Cela m'a encourag\u00e9 \u00e0 franchir enfin les \u00e9tapes n\u00e9cessaires \u00e0 mon \u00e9panouissement professionnel. L'enseignement pratique et l'attitude souveraine de la direction du cours m'ont convaincu. Je me sens plus forte et motiv\u00e9e pour mettre en pratique ce que j'ai appris dans mon quotidien professionnel.<\/p>\n<p><strong>Sabine Ekberg, <\/strong>Ind\u00e9pendant, Einzigwert GmbH Lucerne<\/p>\n<p>&nbsp;<\/p>\n<p>Un cursus pratique et vari\u00e9 qui permet d'apprendre \u00e0 se d\u00e9passer.<\/p>\n<p><strong>Eliane Galbussera, <\/strong>Chimiste HES, Buch am Irchel<\/p>\n<p>&nbsp;<\/p>\n<p>Le programme d'\u00e9tudes \u00e9tait instructif et inspirant. Les contenus sont pratiques, utiles et faciles \u00e0 appliquer.<\/p>\n<p><strong>Otto Siegenthaler, <\/strong>Chef du service apr\u00e8s-vente Ing. FH, BSH Appareils m\u00e9nagers SA, Geroldswil<\/p>\n<p>&nbsp;<\/p>\n<p>Le cursus m'a fourni de pr\u00e9cieuses indications - les bases de ma m\u00e9thode de travail en \u00e9quipe en termes de : La perception des diff\u00e9rentes personnalit\u00e9s, la reconnaissance des mod\u00e8les d'action (chez moi et dans l'\u00e9quipe) ainsi que les instruments de gestion dans les relations avec les collaborateurs et avec moi-m\u00eame.<\/p>\n<p><strong>Hans-J\u00f6rg W\u00fcst, <\/strong>Responsable du conseil aux voyageurs B\u00e2le Badischer Bahnhof DB, B\u00e2le<\/p>\n<p>&nbsp;<\/p>\n<p>J'aborde mes semblables avec encore plus de gentillesse, d'ouverture et de tol\u00e9rance, je les comprends mieux et je peux ainsi soutenir positivement mon entourage. De plus, j'ai \u00e9t\u00e9 en contact avec toutes sortes de secteurs - un grand enrichissement.<\/p>\n<p><strong>Antonella Centonze, <\/strong>Coiffeuse En Vogue, Zurich<\/p>\n<p>&nbsp;<\/p>\n<p>Cette formation m'a permis de mieux me comprendre et de mieux comprendre les autres.<\/p>\n<p><strong>Li Aschwanden, <\/strong>Secr\u00e9taire syndicale, Altinghausen<\/p>\n<p>&nbsp;<\/p>\n<p>La prise de conscience de mes points forts me donne plus d'assurance pour atteindre mes objectifs de vie.<\/p>\n<p><strong>Andres Clerici, <\/strong>Directeur de la droguerie Vitalis, Sch\u00f6ftland<\/p>\n<p>&nbsp;<\/p>\n<p>Tr\u00e8s riche en contenu et proche de la pratique. Imm\u00e9diatement applicable. Si je me connais moi-m\u00eame, je comprends mieux mon interlocuteur.<\/p>\n<p><strong>Franziska Bodenmann, <\/strong>Vente, jardinerie Blumenmarkt Dietrich, Gampelen<\/p>\n<p>&nbsp;<\/p>\n<p>Le cursus ne fournit pas (seulement) le \"bagage\" pour le coaching, mais a des r\u00e9percussions sur toutes les relations ! Je le recommande - cela vaut vraiment la peine d'y participer !<\/p>\n<p><strong>Conny Kirchmeier, <\/strong>Responsable du secteur Poste, W\u00e4ngi<\/p>\n<p>&nbsp;<\/p>\n<p>J'ai surtout appris \u00e0 mieux conna\u00eetre ma propre personne. J'ai re\u00e7u de nouvelles impulsions et de nouveaux \"outils\" pour mon environnement priv\u00e9 et professionnel. Renforcement de la confiance en soi.<\/p>\n<p><strong>Dieter Chr\u00e9tien, <\/strong>Chef d'\u00e9quipe Transa Backpacking AG, B\u00e2le<\/p>\n<h2>\n\t\tAper\u00e7u de la formation Coachingplus\n\t<\/h2>\n\t<a href=\"https:\/\/coachingplus.ch\/fr\/formation-de-coaching\/cursus-de-10-jours-de-coaching\/\" target=\"_self\" rel=\"noopener\"><\/a> \n\t\t\t<h3>Cours de 10 jours sur le coaching appliqu\u00e9<\/h3>\t\t\t\n\t\t\t\t<p>Dipl\u00f4me Certificat<\/p>\n<h3>\n\t\tSupervision\n\t<\/h3>\n<h4>\n\t\tS\u00e9ances d'accompagnement\n\t<\/h4>\n\t<a href=\"https:\/\/coachingplus.ch\/fr\/formation-de-coaching\/supervision-de-groupe\/\" target=\"_self\" rel=\"noopener\"><\/a> \n\t\t\t<h3>Supervision \/ s\u00e9ances d'accompagnement<\/h3>\t\t\t\n\t\t\t\t<p>9 demi-journ\u00e9es<br \/>pendant min. 6 mois<\/p>\n<h3>\n\t\tModules de perfectionnement\n\t<\/h3>\n<h4>\n\t\tlibrement s\u00e9lectionnable\n\t<\/h4>\n\t<a href=\"https:\/\/coachingplus.ch\/fr\/formation-de-coaching\/formation-diplomante-pour-le-coaching-applique\/#prozess\" target=\"_self\" rel=\"noopener\"><\/a> \n\t\t\t<h3>Comp\u00e9tences d'accompagnement du processus<\/h3>\t\t\t\n\t\t\t\t<p>2 jours<\/p>\n\t<a href=\"https:\/\/coachingplus.ch\/fr\/formation-de-coaching\/formation-diplomante-pour-le-coaching-applique\/#selbstmgmt\" target=\"_self\" rel=\"noopener\"><\/a> \n\t\t\t<h3>Auto-management Auto-marketing<\/h3>\t\t\t\n\t\t\t\t<p>2 jours<\/p>\n\t<a href=\"https:\/\/coachingplus.ch\/fr\/formation-de-coaching\/formation-diplomante-pour-le-coaching-applique\/#teamcoaching\" target=\"_self\" rel=\"noopener\"><\/a> \n\t\t\t<h3>Coaching d'\u00e9quipe<\/h3>\t\t\t\n\t\t\t\t<p>2 jours<\/p>\n\t<a href=\"https:\/\/coachingplus.ch\/fr\/formation-de-coaching\/formation-diplomante-pour-le-coaching-applique\/#laufbahn\" target=\"_self\" rel=\"noopener\"><\/a> \n\t\t\t<h3>Coaching de carri\u00e8re<\/h3>\t\t\t\n\t\t\t\t<p>2 jours<\/p>\n<h3>\n\t\tGPI<sup>\u00ae<\/sup> Coach\n\t<\/h3>\n<h4>\n\t\tModules I+II\n\t<\/h4>\n\t<a href=\"https:\/\/coachingplus.ch\/fr\/formation-de-coaching\/coach-certifie-gpi\/#modul1\" target=\"_self\" rel=\"noopener\"><\/a> \n\t\t\t<h3>GPI<sup>\u00ae<\/sup> Coach I<\/h3>\t\t\t\n\t\t\t\t<p>2 jours<\/p>\n\t<a href=\"https:\/\/coachingplus.ch\/fr\/formation-de-coaching\/coach-certifie-gpi\/#modul2\" target=\"_self\" rel=\"noopener\"><\/a> \n\t\t\t<h3>GPI<sup>\u00ae<\/sup> Coach II<\/h3>\t\t\t\n\t\t\t\t<p>2 jours<\/p>\n\t<a href=\"https:\/\/coachingplus.ch\/fr\/formation-de-coaching\/coach-certifie-gpi-team\/\" target=\"_self\" rel=\"noopener\"><\/a> \n\t\t\t<h3>Dipl\u00f4m\u00e9 <br \/>GPI<sup>\u00ae<\/sup> Coach de l'\u00e9quipe<\/h3>\t\t\t\n\t\t\t\t<p>audit interne<\/p>\n\t<a href=\"https:\/\/coachingplus.ch\/fr\/formation-de-coaching\/mentor-fa-dipl-coach-sca-dentreprise\/\" target=\"_self\" rel=\"noopener\"><\/a> \n\t\t\t<h3>Mentor* d'entreprise avec brevet f\u00e9d\u00e9ral<\/h3>\t\t\t\n\t\t\t\t<p>coach dipl\u00f4m\u00e9 SCA<\/p>\n\t\t\t\t<img decoding=\"async\" src=\"https:\/\/coachingplus.ch\/wp-content\/uploads\/2020\/08\/favicon.png\" alt=\"favicon\" itemprop=\"image\" height=\"512\" width=\"512\" title=\"favicon\" onerror=\"this.style.display='none'\"  \/>\n<h3>\n\t\tLorsqu'il s'agit de formation au coaching en Suisse, Coachingplus est en t\u00eate de liste. Nous sommes le centre de formation le plus fr\u00e9quent\u00e9. Vous souhaitez en savoir plus ?\n\t<\/h3>\n\t<a href=\"https:\/\/coachingplus.ch\/fr\/newsletter\/\" target=\"_self\" rel=\"noopener\"><\/a> \n\t\t<h4>A lire<\/h4>\t\t\t\n\t\t\t\t<p>Nous nous ferons un plaisir de vous informer sur les th\u00e8mes li\u00e9s au coaching et au leadership par le biais de notre newsletter.<\/p>\n\t<a href=\"\/fr\/contact\/\" target=\"_self\" rel=\"noopener\"><\/a> \n\t\t<h4>Entretien personnel<\/h4>\t\t\t\n\t\t\t\t\n\t<a href=\"https:\/\/coachingplus.ch\/fr\/sinscrire\/\" target=\"_self\" rel=\"noopener\"><\/a> \n\t\t<h4>Convaincu ?!<\/h4>\t\t\t\n<p>Nous vous avons convaincu ? <br \/>Vous pouvez vous inscrire directement ici.<\/p>","protected":false},"excerpt":{"rendered":"<p>Referenzen Bereich Dienstleistungen Der Schl\u00fcssel zum Erfolg sind nicht Informationen. Das sind Menschen. (Lee Iacocca) Mit den unterschiedlichsten Menschen in Kontakt stehen, beraten, und als Team erfolgreich sein &#8211; wer im Bereich Dienstleistungen arbeitet, muss ein Gesp\u00fcr f\u00fcr seine Mitmenschen haben, Handlungsmuster erkennen und Mitarbeiter f\u00f6rdern k\u00f6nnen. Mitarbeiter im Dienstleistungssektor sind eine Art lebende Verkaufsf\u00f6rderung, [&hellip;]<\/p>\n","protected":false},"author":1,"featured_media":0,"parent":0,"menu_order":0,"comment_status":"closed","ping_status":"closed","template":"","meta":{"_seopress_robots_primary_cat":"","_seopress_titles_title":"Referenzen Dienstleistungen: Kundenkontakt als Verkaufsf\u00f6rderung","_seopress_titles_desc":"Mitarbeiter im Dienstleistungssektor sind eine Art lebende Werbung, weil sie in direktem Kundenkontakt stehen. Hier unserer Referenzen aus diesem Bereich.","_seopress_robots_index":"","site-sidebar-layout":"default","site-content-layout":"","ast-site-content-layout":"default","site-content-style":"default","site-sidebar-style":"default","ast-global-header-display":"","ast-banner-title-visibility":"","ast-main-header-display":"","ast-hfb-above-header-display":"","ast-hfb-below-header-display":"","ast-hfb-mobile-header-display":"","site-post-title":"disabled","ast-breadcrumbs-content":"","ast-featured-img":"","footer-sml-layout":"","ast-disable-related-posts":"","theme-transparent-header-meta":"","adv-header-id-meta":null,"stick-header-meta":null,"header-above-stick-meta":null,"header-main-stick-meta":null,"header-below-stick-meta":null,"astra-migrate-meta-layouts":"default","ast-page-background-enabled":"default","ast-page-background-meta":{"desktop":{"background-color":"","background-image":"","background-repeat":"repeat","background-position":"center center","background-size":"auto","background-attachment":"scroll","background-type":"","background-media":"","overlay-type":"","overlay-color":"","overlay-opacity":"","overlay-gradient":""},"tablet":{"background-color":"","background-image":"","background-repeat":"repeat","background-position":"center center","background-size":"auto","background-attachment":"scroll","background-type":"","background-media":"","overlay-type":"","overlay-color":"","overlay-opacity":"","overlay-gradient":""},"mobile":{"background-color":"","background-image":"","background-repeat":"repeat","background-position":"center center","background-size":"auto","background-attachment":"scroll","background-type":"","background-media":"","overlay-type":"","overlay-color":"","overlay-opacity":"","overlay-gradient":""}},"ast-content-background-meta":{"desktop":{"background-color":"var(--ast-global-color-5)","background-image":"","background-repeat":"repeat","background-position":"center center","background-size":"auto","background-attachment":"scroll","background-type":"","background-media":"","overlay-type":"","overlay-color":"","overlay-opacity":"","overlay-gradient":""},"tablet":{"background-color":"var(--ast-global-color-5)","background-image":"","background-repeat":"repeat","background-position":"center center","background-size":"auto","background-attachment":"scroll","background-type":"","background-media":"","overlay-type":"","overlay-color":"","overlay-opacity":"","overlay-gradient":""},"mobile":{"background-color":"var(--ast-global-color-5)","background-image":"","background-repeat":"repeat","background-position":"center center","background-size":"auto","background-attachment":"scroll","background-type":"","background-media":"","overlay-type":"","overlay-color":"","overlay-opacity":"","overlay-gradient":""}},"iawp_total_views":18,"footnotes":""},"class_list":["post-12825","page","type-page","status-publish","hentry"],"_links":{"self":[{"href":"https:\/\/coachingplus.ch\/fr\/wp-json\/wp\/v2\/pages\/12825","targetHints":{"allow":["GET"]}}],"collection":[{"href":"https:\/\/coachingplus.ch\/fr\/wp-json\/wp\/v2\/pages"}],"about":[{"href":"https:\/\/coachingplus.ch\/fr\/wp-json\/wp\/v2\/types\/page"}],"author":[{"embeddable":true,"href":"https:\/\/coachingplus.ch\/fr\/wp-json\/wp\/v2\/users\/1"}],"replies":[{"embeddable":true,"href":"https:\/\/coachingplus.ch\/fr\/wp-json\/wp\/v2\/comments?post=12825"}],"version-history":[{"count":0,"href":"https:\/\/coachingplus.ch\/fr\/wp-json\/wp\/v2\/pages\/12825\/revisions"}],"wp:attachment":[{"href":"https:\/\/coachingplus.ch\/fr\/wp-json\/wp\/v2\/media?parent=12825"}],"curies":[{"name":"wp","href":"https:\/\/api.w.org\/{rel}","templated":true}]}}