{"id":12824,"date":"2020-11-29T22:31:33","date_gmt":"2020-11-29T21:31:33","guid":{"rendered":"https:\/\/coachingplus.ch\/?page_id=12824"},"modified":"2022-03-18T18:06:28","modified_gmt":"2022-03-18T17:06:28","slug":"references-du-secteur-coaching","status":"publish","type":"page","link":"https:\/\/coachingplus.ch\/fr\/referenzen-aus-dem-bereich-coaching\/","title":{"rendered":"R\u00e9f\u00e9rences dans le domaine du coaching"},"content":{"rendered":"<h1>R\u00e9f\u00e9rences dans le domaine du coaching<\/h1>\nLa cl\u00e9 du succ\u00e8s, ce ne sont pas les informations. Ce sont les personnes.<br \/>\n(Lee Iacocca)\n<p>Les personnes qui travaillent dans le domaine du coaching n'ont pas seulement affaire \u00e0 des personnes, mais sont \u00e9galement confront\u00e9es \u00e0 des circonstances difficiles et \u00e0 des questions existentielles sans r\u00e9ponse. La formation continue est donc tr\u00e8s importante. Elle est une r\u00e9f\u00e9rence en mati\u00e8re de savoir-faire professionnel. Les exemples tir\u00e9s de la pratique, la r\u00e9flexion sur les connaissances acquises et les outils Internet utiles aident \u00e0 accompagner et \u00e0 guider les personnes de mani\u00e8re judicieuse au quotidien. C'est pr\u00e9cis\u00e9ment ce que propose le cursus de coaching appliqu\u00e9 qui, pendant 10 jours, encourage entre autres la r\u00e9flexion sur soi et l'empathie.<\/p>\n<p>&nbsp;<\/p>\n<p>La formation, qui comporte de nombreux outils \u00e9prouv\u00e9s dans la pratique, enrichit durablement mes comp\u00e9tences m\u00e9thodologiques en mati\u00e8re de coaching de cadres.<\/p>\n<p><strong>Pierre Amiet, <\/strong>Propri\u00e9taire \/ directeur, INNOPROJECT GmbH, Zurich<\/p>\n<p>&nbsp;<\/p>\n<p>De mon point de vue, le cours est tr\u00e8s proche de la pratique. La transmission des th\u00e8mes s'est faite de mani\u00e8re comp\u00e9tente et professionnelle, elle \u00e9tait passionnante, imag\u00e9e et pleine d'humour. Je recommanderai volontiers cette formation \u00e0 tout moment.<\/p>\n<p><strong>Michael Zimmermann, <\/strong>Formateur d'adultes \/ coach, OTP AG, Zurich et Fokus Arbeit Umfeld (FAU), Zurich<\/p>\n<p>&nbsp;<\/p>\n<p>J'ai v\u00e9cu et appris \u00e0 quel point \"renforcer ses points forts\" peut en fait \u00eatre puissant et faire bouger les choses.<\/p>\n<p><strong>Dr. Holger Schimanke, <\/strong>Coach \/ conseiller en communication, Commcoach, Rapperswil-Jona<\/p>\n<p>&nbsp;<\/p>\n<p>D\u00e9couvrir de nouveaux outils pratiques et les tester soi-m\u00eame.<\/p>\n<p><strong>Docteur Patrick Hamilton, <\/strong>Auteur de livres et \u00e9diteur du magazine \"Coaching\" \/ Architecte informatique senior, Lufthansa Systems, Francfort<\/p>\n<p>&nbsp;<\/p>\n<p>Enseignement comp\u00e9tent et efficace. Pr\u00e9sentation professionnelle et sympathique.<\/p>\n<p><strong>Dr Beat Brauchli, <\/strong>Dr. phil. psychologue FSP, coaching pour cadres, Berne<\/p>\n<p>&nbsp;<\/p>\n<p>Gr\u00e2ce \u00e0 une bonne structure, \u00e0 l'introduction et \u00e0 l'association de diff\u00e9rents th\u00e8mes, \u00e0 de nombreux exemples tir\u00e9s de la pratique et \u00e0 la possibilit\u00e9 de r\u00e9fl\u00e9chir et de pratiquer ce que l'on a appris, le cursus offre une excellente base pour un coaching r\u00e9ussi. Les outils de coaching sont fournis et peuvent \u00eatre utilis\u00e9s imm\u00e9diatement. Fortement recommand\u00e9 !<\/p>\n<p><strong>Thomas Moos, <\/strong>Coach de projet, FAU - Association Travail et Environnement, Saint-Gall<\/p>\n<p>&nbsp;<\/p>\n<p>Le cursus m'a permis d'approfondir et d'\u00e9largir mes comp\u00e9tences en coaching gr\u00e2ce \u00e0 une offre large et structur\u00e9e.<\/p>\n<p><strong>Hermann Maier, <\/strong>Coach, D-Eimeldingen<\/p>\n<p>&nbsp;<\/p>\n<p>Le coach a la capacit\u00e9 de transmettre de mani\u00e8re divertissante et humoristique des connaissances solides en mati\u00e8re de coaching. Ses t\u00e9moignages personnels rendent la mati\u00e8re actuelle et pratique. Les travaux individuels et de groupe r\u00e9guliers donnent l'occasion de r\u00e9fl\u00e9chir et d'approfondir ce qui a \u00e9t\u00e9 entendu.<\/p>\n<p><strong>Yvonne Schudel, <\/strong>Psychologue FSP, coach en d\u00e9veloppement personnel, EDEN GmbH, Zurich<\/p>\n<p>&nbsp;<\/p>\n<p>\"R\u00e9ussir, c'est faire r\u00e9ussir les autres\". C'est dans cet esprit que j'ai appris aux autres \u00e0 exploiter pleinement leurs ressources et leurs capacit\u00e9s.<\/p>\n<p><strong>Tobias Meier, <\/strong>Coach vitalit\u00e9, Aarau<\/p>\n<p>&nbsp;<\/p>\n<p>R\u00e9fl\u00e9chi, stimulant et ax\u00e9 sur la pratique. J'ai pu optimiser mes comp\u00e9tences de coach et \u00e9largir mon r\u00e9pertoire de sujets. En tant que coach exp\u00e9riment\u00e9, j'ai \u00e9galement beaucoup profit\u00e9 de ce cursus. Toutes mes attentes ont \u00e9t\u00e9 d\u00e9pass\u00e9es. Je n'aurais jamais pens\u00e9 qu'un tel cours puisse exister !<\/p>\n<p><strong>Antonella Fortunato, <\/strong>Coaching PNL, Coaching Fortunato, Zurich<\/p>\n<p>&nbsp;<\/p>\n<p>Formation pratique avec de nombreuses applications et des outils de coaching \u00e9prouv\u00e9s dans la pratique.<\/p>\n<p><strong>Nathana\u00ebl Buschbeck, <\/strong>Coach \/ conseiller, Buschbeck-Coaching, DE-Hohenahr<\/p>\n<p>&nbsp;<\/p>\n<p>La valorisation et le renforcement de la personnalit\u00e9 individuelle sont tr\u00e8s encourageants. Les propres ressources et capacit\u00e9s sont encourag\u00e9es. La propre image de l'\u00eatre humain est aiguis\u00e9e par l'\u00e9galit\u00e9 des valeurs et le sentiment de communaut\u00e9.<\/p>\n<p><strong>Marcel Hager, <\/strong>Hager Coaching et formation, Hedingen<\/p>\n<p>&nbsp;<\/p>\n<p>Apr\u00e8s cette formation, je me sens capable de mener des coachings de mani\u00e8re professionnelle. La profondeur du contenu est transmise avec le c\u0153ur !<\/p>\n<p><strong>Roger Meier, <\/strong>Coach, Roger Meier Coaching, Davos<\/p>\n<p>&nbsp;<\/p>\n<p>Gr\u00e2ce \u00e0 l'introspection stimul\u00e9e, je prends conscience de mon comportement et de son contexte. Ce contexte et le savoir-faire acquis pendant le cours me permettent de mieux comprendre les autres, de soutenir les gens et de d\u00e9couvrir de nouvelles voies et possibilit\u00e9s.<\/p>\n<p><strong>Petra Wyser, <\/strong>coach dipl\u00f4m\u00e9e, coaching Petra Wyser, Neuenhof<\/p>\n<p>&nbsp;<\/p>\n<p>Dans le cadre de ma propre activit\u00e9 de coach, je peux me d\u00e9placer de mani\u00e8re encore plus situationnelle et comp\u00e9tente. Les personnes coach\u00e9es en tireront certainement un meilleur profit.<\/p>\n<p><strong>Brigitte Huber, <\/strong>Coach, Webus GmbH, Rottenschwil<\/p>\n<p>&nbsp;<\/p>\n<p>Accompagner les gens dans leur (processus de) d\u00e9veloppement est quelque chose de merveilleux ; profond et complexe comme l'exploration des oc\u00e9ans et en m\u00eame temps aussi simple que le pas suivant. Merci Urs de nous avoir guid\u00e9s pas \u00e0 pas.<\/p>\n<p><strong>Ramon Blum, <\/strong>Travailleur social &amp; coach d'exp\u00e9rience, From Survive to Life, Zurich<\/p>\n<p>&nbsp;<\/p>\n<p>J'ai suivi une formation de supervision il y a plus de 15 ans. J'ai suivi ce cursus en tant que \"remise \u00e0 niveau\". Cela m'a fait beaucoup de bien !<\/p>\n<p><strong>Hans Forrer, <\/strong>Chariot<\/p>\n<h2>\n\t\tAper\u00e7u de la formation Coachingplus\n\t<\/h2>\n\t<a href=\"https:\/\/coachingplus.ch\/fr\/formation-de-coaching\/cursus-de-10-jours-de-coaching\/\" target=\"_self\" aria-label=\"Go to https:\/\/coachingplus.ch\/coaching-ausbildung\/10-taegiger-coaching-studiengang\/\" rel=\"noopener\"><\/a>\n\t\t\t<h3>Cours de 10 jours sur le coaching appliqu\u00e9<\/h3>\t\t\t\n\t\t\t\t<p>Dipl\u00f4me Certificat<\/p>\n<h3>\n\t\tSessions de r\u00e9flexion\n\t<\/h3>\n\t<a href=\"https:\/\/coachingplus.ch\/fr\/formation-de-coaching\/supervision-de-groupe\/\" target=\"_self\" aria-label=\"Go to https:\/\/coachingplus.ch\/coaching-ausbildung\/gruppensupervision\/\" rel=\"noopener\"><\/a>\n\t\t\t<h3>Sessions de r\u00e9flexion<\/h3>\t\t\t\n\t\t\t\t<p>9 demi-journ\u00e9es<br \/>pendant min. 6 mois<\/p>\n<h3>\n\t\tModules de perfectionnement\n\t<\/h3>\n\t<a href=\"https:\/\/coachingplus.ch\/fr\/formation-de-coaching\/formation-diplomante-pour-le-coaching-applique\/#prozess\" target=\"_self\" aria-label=\"Go to https:\/\/coachingplus.ch\/coaching-ausbildung\/diplomausbildung-fuer-angewandtes-coaching\/#prozess\" rel=\"noopener\"><\/a>\n\t\t\t<h3>Comp\u00e9tences d'accompagnement du processus<\/h3>\t\t\t\n\t\t\t\t<p>2 jours<\/p>\n\t<a href=\"https:\/\/coachingplus.ch\/fr\/formation-de-coaching\/formation-diplomante-pour-le-coaching-applique\/#selbstmgmt\" target=\"_self\" aria-label=\"Go to https:\/\/coachingplus.ch\/coaching-ausbildung\/diplomausbildung-fuer-angewandtes-coaching\/#selbstmgmt\" rel=\"noopener\"><\/a>\n\t\t\t<h3>Auto-management Auto-marketing<\/h3>\t\t\t\n\t\t\t\t<p>2 jours<\/p>\n\t<a href=\"https:\/\/coachingplus.ch\/fr\/formation-de-coaching\/formation-diplomante-pour-le-coaching-applique\/#teamcoaching\" target=\"_self\" aria-label=\"Go to https:\/\/coachingplus.ch\/coaching-ausbildung\/diplomausbildung-fuer-angewandtes-coaching\/#teamcoaching\" rel=\"noopener\"><\/a>\n\t\t\t<h3>Coaching d'\u00e9quipe<\/h3>\t\t\t\n\t\t\t\t<p>2 jours<\/p>\n\t<a href=\"https:\/\/coachingplus.ch\/fr\/formation-de-coaching\/formation-diplomante-pour-le-coaching-applique\/#laufbahn\" target=\"_self\" aria-label=\"Go to https:\/\/coachingplus.ch\/coaching-ausbildung\/diplomausbildung-fuer-angewandtes-coaching\/#laufbahn\" rel=\"noopener\"><\/a>\n\t\t\t<h3>Coaching de carri\u00e8re<\/h3>\t\t\t\n\t\t\t\t<p>2 jours<\/p>\n<h3>\n\t\tModules compl\u00e9mentaires\n\t<\/h3>\n\t<a href=\"https:\/\/coachingplus.ch\/fr\/formation-de-coaching\/module-complementaire-travail-thematique\/\" target=\"_self\" aria-label=\"Go to https:\/\/coachingplus.ch\/coaching-ausbildung\/zusatzmodul-thematische-arbeit\/\" rel=\"noopener\"><\/a>\n\t\t\t<h3>Travail th\u00e9matique<\/h3>\t\t\t\n\t\t\t\t<p>1\/2 jours<\/p>\n\t<a href=\"https:\/\/coachingplus.ch\/fr\/formation-de-coaching\/simulation-dexamen\/\" target=\"_self\" aria-label=\"Go to https:\/\/coachingplus.ch\/coaching-ausbildung\/pruefungssimulation\/\" rel=\"noopener\"><\/a>\n\t\t\t<h3>Simulation d'examen<\/h3>\t\t\t\n\t\t\t\t<p>1\/2 jours<\/p>\n\t<a href=\"https:\/\/coachingplus.ch\/fr\/formation-de-coaching\/mentor-fa-dipl-coach-sca-dentreprise\/\" target=\"_self\" aria-label=\"Go to https:\/\/coachingplus.ch\/coaching-ausbildung\/betrieblicher-mentor-fa-dipl-coach-sca\/\" rel=\"noopener\"><\/a>\n\t\t\t<h3>Mentor* d'entreprise avec brevet f\u00e9d\u00e9ral<\/h3>\t\t\t\n\t\t\t\t<p>coach dipl\u00f4m\u00e9 SCA<\/p>\n\t\t\t\t<img decoding=\"async\" src=\"https:\/\/coachingplus.ch\/wp-content\/uploads\/2020\/08\/favicon.png\" alt=\"et logo\" itemprop=\"image\" height=\"512\" width=\"512\" title=\"favicon\" onerror=\"this.style.display='none'\"  \/>\n<h3>\n\t\tLorsqu'il s'agit de formation au coaching en Suisse, Coachingplus est en t\u00eate de liste. Nous sommes le centre de formation le plus fr\u00e9quent\u00e9. Vous souhaitez en savoir plus ?\n\t<\/h3>\n\t<a href=\"https:\/\/coachingplus.ch\/fr\/newsletter\/\" target=\"_self\" aria-label=\"Go to https:\/\/coachingplus.ch\/newsletter\/\" rel=\"noopener\"><\/a>\n\t\t<h4>A lire<\/h4>\t\t\t\n\t\t\t\t<p>Nous nous ferons un plaisir de vous informer sur les th\u00e8mes li\u00e9s au coaching et au leadership par le biais de notre newsletter.<\/p>\n\t<a href=\"\/fr\/contact\/\" target=\"_self\" aria-label=\"Go to \/contact\/\" rel=\"noopener\"><\/a>\n\t\t<h4>Entretien personnel<\/h4>\t\t\t\n\t\t\t\t<p>Nous r\u00e9pondrons volontiers \u00e0 vos questions par e-mail, t\u00e9l\u00e9phone ou lors d'un entretien personnel. <a href=\"https:\/\/coachingplus.ch\/fr\/contact\/\">Discutez de vos questions !<\/a><\/p>\n\t<a href=\"https:\/\/coachingplus.ch\/fr\/sinscrire\/\" target=\"_self\" aria-label=\"Go to https:\/\/coachingplus.ch\/anmelden\/\" rel=\"noopener\"><\/a>\n\t\t<h4>Convaincu ?!<\/h4>\t\t\t\n<p>Nous vous avons convaincu ? <br \/>Vous pouvez vous inscrire directement ici.<\/p>","protected":false},"excerpt":{"rendered":"<p>Referenzen Bereich Coaching Der Schl\u00fcssel zum Erfolg sind nicht Informationen. Das sind Menschen. (Lee Iacocca) Wer im Bereich Coaching arbeitet, hat nicht nur mit Menschen zu tun, sondern wird zudem mit schwierigen Lebensumst\u00e4nden und unbeantworteten Lebensfragen konfrontiert. Weiterbildung ist deshalb sehr wichtig. Sie ist eine Referenz f\u00fcr das fachliche Know-how. Beispiele aus der Praxis, Gelerntes [&hellip;]<\/p>\n","protected":false},"author":1,"featured_media":0,"parent":0,"menu_order":0,"comment_status":"closed","ping_status":"closed","template":"","meta":{"_seopress_robots_primary_cat":"","_seopress_titles_title":"Refrenzen Coaching Weiterbildung: F\u00f6rderung des fachlichen Know-hows.","_seopress_titles_desc":"Der Studiengang f\u00fcr angewandtes Coaching f\u00f6rdert w\u00e4hrend 10 Tagen Selbstreflexion, Empathie und ist sehr praxisbezogen. Unsere Referenzen auf einen Blick.","_seopress_robots_index":"","site-sidebar-layout":"default","site-content-layout":"","ast-site-content-layout":"default","site-content-style":"default","site-sidebar-style":"default","ast-global-header-display":"","ast-banner-title-visibility":"","ast-main-header-display":"","ast-hfb-above-header-display":"","ast-hfb-below-header-display":"","ast-hfb-mobile-header-display":"","site-post-title":"disabled","ast-breadcrumbs-content":"","ast-featured-img":"","footer-sml-layout":"","ast-disable-related-posts":"","theme-transparent-header-meta":"","adv-header-id-meta":null,"stick-header-meta":null,"header-above-stick-meta":null,"header-main-stick-meta":null,"header-below-stick-meta":null,"astra-migrate-meta-layouts":"default","ast-page-background-enabled":"default","ast-page-background-meta":{"desktop":{"background-color":"","background-image":"","background-repeat":"repeat","background-position":"center center","background-size":"auto","background-attachment":"scroll","background-type":"","background-media":"","overlay-type":"","overlay-color":"","overlay-opacity":"","overlay-gradient":""},"tablet":{"background-color":"","background-image":"","background-repeat":"repeat","background-position":"center center","background-size":"auto","background-attachment":"scroll","background-type":"","background-media":"","overlay-type":"","overlay-color":"","overlay-opacity":"","overlay-gradient":""},"mobile":{"background-color":"","background-image":"","background-repeat":"repeat","background-position":"center center","background-size":"auto","background-attachment":"scroll","background-type":"","background-media":"","overlay-type":"","overlay-color":"","overlay-opacity":"","overlay-gradient":""}},"ast-content-background-meta":{"desktop":{"background-color":"var(--ast-global-color-5)","background-image":"","background-repeat":"repeat","background-position":"center center","background-size":"auto","background-attachment":"scroll","background-type":"","background-media":"","overlay-type":"","overlay-color":"","overlay-opacity":"","overlay-gradient":""},"tablet":{"background-color":"var(--ast-global-color-5)","background-image":"","background-repeat":"repeat","background-position":"center center","background-size":"auto","background-attachment":"scroll","background-type":"","background-media":"","overlay-type":"","overlay-color":"","overlay-opacity":"","overlay-gradient":""},"mobile":{"background-color":"var(--ast-global-color-5)","background-image":"","background-repeat":"repeat","background-position":"center center","background-size":"auto","background-attachment":"scroll","background-type":"","background-media":"","overlay-type":"","overlay-color":"","overlay-opacity":"","overlay-gradient":""}},"iawp_total_views":72,"footnotes":""},"class_list":["post-12824","page","type-page","status-publish","hentry"],"_links":{"self":[{"href":"https:\/\/coachingplus.ch\/fr\/wp-json\/wp\/v2\/pages\/12824","targetHints":{"allow":["GET"]}}],"collection":[{"href":"https:\/\/coachingplus.ch\/fr\/wp-json\/wp\/v2\/pages"}],"about":[{"href":"https:\/\/coachingplus.ch\/fr\/wp-json\/wp\/v2\/types\/page"}],"author":[{"embeddable":true,"href":"https:\/\/coachingplus.ch\/fr\/wp-json\/wp\/v2\/users\/1"}],"replies":[{"embeddable":true,"href":"https:\/\/coachingplus.ch\/fr\/wp-json\/wp\/v2\/comments?post=12824"}],"version-history":[{"count":1,"href":"https:\/\/coachingplus.ch\/fr\/wp-json\/wp\/v2\/pages\/12824\/revisions"}],"predecessor-version":[{"id":14871,"href":"https:\/\/coachingplus.ch\/fr\/wp-json\/wp\/v2\/pages\/12824\/revisions\/14871"}],"wp:attachment":[{"href":"https:\/\/coachingplus.ch\/fr\/wp-json\/wp\/v2\/media?parent=12824"}],"curies":[{"name":"wp","href":"https:\/\/api.w.org\/{rel}","templated":true}]}}