{"id":12813,"date":"2020-11-29T22:31:33","date_gmt":"2020-11-29T21:31:33","guid":{"rendered":"https:\/\/coachingplus.ch\/?page_id=12813"},"modified":"2025-12-12T09:47:58","modified_gmt":"2025-12-12T08:47:58","slug":"conditions-generales","status":"publish","type":"page","link":"https:\/\/coachingplus.ch\/fr\/agb\/","title":{"rendered":"CONDITIONS G\u00c9N\u00c9RALES DE VENTE"},"content":{"rendered":"<h1>CONDITIONS G\u00c9N\u00c9RALES DE VENTE<\/h1>\n<p>Vous recevrez la facture avec la confirmation d'inscription. En cas de d\u00e9sistement jusqu'\u00e0 6 semaines avant le d\u00e9but du cours, 40 % des frais de cours seront factur\u00e9s. Pass\u00e9 ce d\u00e9lai, ou en cas de non-pr\u00e9sentation, la totalit\u00e9 des frais de participation sera factur\u00e9e. Il est possible d'annoncer un rempla\u00e7ant jusqu'\u00e0 une semaine avant le d\u00e9but du cours. En cas de changement de r\u00e9servation jusqu'\u00e0 6 semaines avant le d\u00e9but du cours, des frais de traitement de 50 CHF pour les cours de 1 \u00e0 2 jours et de 100 CHF pour les cours de plus de 2 jours sont dus. La dur\u00e9e du cours correspond \u00e0 la dur\u00e9e totale du cours concern\u00e9 en jours.<\/p>\n<p>Les billets pour la Nuit de l'inspiration ne peuvent pas \u00eatre rembours\u00e9s ou \u00e9chang\u00e9s.<\/p>\n<p>Il est recommand\u00e9 de souscrire une\u00a0<a href=\"https:\/\/www.magroup-online.com\/WL\/TMD\/CH\/de?agency=WL13156776\">Assurance frais d'annulation.<\/a>\u00a0En cas d'annulation de notre part, le montant d\u00e9j\u00e0 pay\u00e9 sera int\u00e9gralement rembours\u00e9. Aucune autre r\u00e9clamation n'est possible. Le nombre de participants est limit\u00e9.<\/p>\n<p>Les inscriptions sont prises en compte dans l'ordre d'arriv\u00e9e et sont d\u00e9finitives.<\/p>\n<h2>Jouer la carte de la s\u00e9curit\u00e9 ? Une <strong>assurance annulation<\/strong> souscrire aupr\u00e8s d'Allianz ?<\/h2>\n<p>Pour les voyages de vacances, une assurance voyage est g\u00e9n\u00e9ralement obligatoire ou souscrite pour des raisons de risque de co\u00fbts. Qu'en est-il des formations continues ? De quoi faut-il tenir compte ici et comment peut-on s'assurer ? En effet, personne ne peut dire s'il ne sera pas confront\u00e9 de mani\u00e8re inattendue \u00e0 un tournant de sa vie qu'il n'avait pas pr\u00e9vu.<\/p>\n<p>Nous sommes souvent confront\u00e9s \u00e0 des annulations de tr\u00e8s courte dur\u00e9e. C'est pr\u00e9cis\u00e9ment pour ces tranches de vie inattendues ou ces maladies qui ne demandent pas d'agenda que nous avons cherch\u00e9 pour nos clients une assurance qui couvre les \u00e9ventuelles absences de mani\u00e8re arrangeante et g\u00e9n\u00e9reuse. Qui couvre m\u00eame les situations professionnelles (ch\u00f4mage ou prise d'emploi).<\/p>\n<p>Nous l'avons trouv\u00e9e ! C'est vous qui d\u00e9cidez de souscrire \u00e0 l'assurance annulation pour peu d'argent et de vous mettre \u00e0 l'abri. Le site <a href=\"https:\/\/www.magroup-online.com\/WL\/TMD\/CH\/de?agency=WL13156776\">Alliance<\/a> offre une protection exceptionnelle contre l'annulation.<\/p>\n\t\t\t\t<img decoding=\"async\" src=\"https:\/\/coachingplus.ch\/wp-content\/uploads\/2022\/02\/cropped-favicon-1.png\" alt=\"cropped favicon 1.png\" itemprop=\"image\" height=\"512\" width=\"512\" title=\"cropped-favicon-1.png\" onerror=\"this.style.display='none'\" loading=\"lazy\" \/>\n<h3>\n\t\t\tLorsqu'il s'agit de formation au coaching en Suisse, Coachingplus est en t\u00eate de liste. Nous sommes le centre de formation le plus fr\u00e9quent\u00e9. Vous souhaitez en savoir plus ?\t<\/h3>\n\t<a href=\"https:\/\/coachingplus.ch\/fr\/newsletter\/\" target=\"_self\"  aria-label=\"Go to https:\/\/coachingplus.ch\/newsletter\/\"><\/a>\n\t\t<h4>A lire<\/h4>\t\t\t\n\t\t\t\t<p>Nous nous ferons un plaisir de vous informer sur les th\u00e8mes li\u00e9s au coaching et au leadership par le biais de notre newsletter.<\/p>\n\t<a href=\"\/fr\/contact\/\" target=\"_self\"  aria-label=\"Go to \/contact\/\"><\/a>\n\t\t<h4>Entretien personnel<\/h4>\t\t\t\n\t\t\t\t<p>Nous r\u00e9pondrons volontiers \u00e0 vos questions par e-mail, t\u00e9l\u00e9phone ou lors d'un entretien personnel. <a href=\"https:\/\/coachingplus.ch\/fr\/contact\/\">Discutez de vos questions !<\/a><\/p>\n\t<a href=\"https:\/\/coachingplus.ch\/fr\/sinscrire\/\" target=\"_self\"  aria-label=\"Go to https:\/\/coachingplus.ch\/anmelden\/\"><\/a>\n\t\t<h4>Convaincu ?!<\/h4>\t\t\t\n<p>Nous vous avons convaincu ? <br \/>Vous pouvez vous inscrire directement ici.<\/p>","protected":false},"excerpt":{"rendered":"<p>AGB Mit der Anmeldebest\u00e4tigung erhalten Sie die Rechnung. Bei einem R\u00fccktritt bis 6 Wochen vor Kursbeginn werden 40 % der Kurskosten verrechnet. Danach, bzw. bei Nichterscheinen, werden die gesamten Teilnahmegeb\u00fchren in Rechnung gestellt. Es kann ein Ersatzteilnehmer bis 1 Woche vor Kursbeginn gemeldet werden. Bei Umbuchungen bis 6 Wochen vor Kursbeginn wird eine Bearbeitungsgeb\u00fchr von [&hellip;]<\/p>\n","protected":false},"author":1,"featured_media":0,"parent":0,"menu_order":0,"comment_status":"closed","ping_status":"closed","template":"","meta":{"_seopress_robots_primary_cat":"","_seopress_titles_title":"AGB - Coachingplus.ch - Coaching- und Mentor-Ausbildung","_seopress_titles_desc":"Die AGBs von Coachingplus.ch im \u00dcberblick. Die Anmeldungen werden in der Reihenfolge des Eingangs ber\u00fccksichtigt und sind verbindlich.","_seopress_robots_index":"","site-sidebar-layout":"default","site-content-layout":"default","ast-site-content-layout":"default","site-content-style":"default","site-sidebar-style":"default","ast-global-header-display":"","ast-banner-title-visibility":"","ast-main-header-display":"","ast-hfb-above-header-display":"","ast-hfb-below-header-display":"","ast-hfb-mobile-header-display":"","site-post-title":"disabled","ast-breadcrumbs-content":"","ast-featured-img":"","footer-sml-layout":"","ast-disable-related-posts":"","theme-transparent-header-meta":"default","adv-header-id-meta":null,"stick-header-meta":null,"header-above-stick-meta":null,"header-main-stick-meta":null,"header-below-stick-meta":null,"astra-migrate-meta-layouts":"default","ast-page-background-enabled":"default","ast-page-background-meta":{"desktop":{"background-color":"","background-image":"","background-repeat":"repeat","background-position":"center center","background-size":"auto","background-attachment":"scroll","background-type":"","background-media":"","overlay-type":"","overlay-color":"","overlay-opacity":"","overlay-gradient":""},"tablet":{"background-color":"","background-image":"","background-repeat":"repeat","background-position":"center center","background-size":"auto","background-attachment":"scroll","background-type":"","background-media":"","overlay-type":"","overlay-color":"","overlay-opacity":"","overlay-gradient":""},"mobile":{"background-color":"","background-image":"","background-repeat":"repeat","background-position":"center center","background-size":"auto","background-attachment":"scroll","background-type":"","background-media":"","overlay-type":"","overlay-color":"","overlay-opacity":"","overlay-gradient":""}},"ast-content-background-meta":{"desktop":{"background-color":"var(--ast-global-color-5)","background-image":"","background-repeat":"repeat","background-position":"center center","background-size":"auto","background-attachment":"scroll","background-type":"","background-media":"","overlay-type":"","overlay-color":"","overlay-opacity":"","overlay-gradient":""},"tablet":{"background-color":"var(--ast-global-color-5)","background-image":"","background-repeat":"repeat","background-position":"center center","background-size":"auto","background-attachment":"scroll","background-type":"","background-media":"","overlay-type":"","overlay-color":"","overlay-opacity":"","overlay-gradient":""},"mobile":{"background-color":"var(--ast-global-color-5)","background-image":"","background-repeat":"repeat","background-position":"center center","background-size":"auto","background-attachment":"scroll","background-type":"","background-media":"","overlay-type":"","overlay-color":"","overlay-opacity":"","overlay-gradient":""}},"iawp_total_views":415,"footnotes":""},"class_list":["post-12813","page","type-page","status-publish","hentry"],"_links":{"self":[{"href":"https:\/\/coachingplus.ch\/fr\/wp-json\/wp\/v2\/pages\/12813","targetHints":{"allow":["GET"]}}],"collection":[{"href":"https:\/\/coachingplus.ch\/fr\/wp-json\/wp\/v2\/pages"}],"about":[{"href":"https:\/\/coachingplus.ch\/fr\/wp-json\/wp\/v2\/types\/page"}],"author":[{"embeddable":true,"href":"https:\/\/coachingplus.ch\/fr\/wp-json\/wp\/v2\/users\/1"}],"replies":[{"embeddable":true,"href":"https:\/\/coachingplus.ch\/fr\/wp-json\/wp\/v2\/comments?post=12813"}],"version-history":[{"count":5,"href":"https:\/\/coachingplus.ch\/fr\/wp-json\/wp\/v2\/pages\/12813\/revisions"}],"predecessor-version":[{"id":17438,"href":"https:\/\/coachingplus.ch\/fr\/wp-json\/wp\/v2\/pages\/12813\/revisions\/17438"}],"wp:attachment":[{"href":"https:\/\/coachingplus.ch\/fr\/wp-json\/wp\/v2\/media?parent=12813"}],"curies":[{"name":"wp","href":"https:\/\/api.w.org\/{rel}","templated":true}]}}