{"id":12804,"date":"2020-11-29T22:31:31","date_gmt":"2020-11-29T21:31:31","guid":{"rendered":"https:\/\/coachingplus.ch\/?page_id=12804"},"modified":"2020-12-20T13:04:25","modified_gmt":"2020-12-20T12:04:25","slug":"conseil-de-carriere","status":"publish","type":"page","link":"https:\/\/coachingplus.ch\/fr\/laufbahnberatung\/","title":{"rendered":"Conseil de carri\u00e8re"},"content":{"rendered":"<h1>\n\t\t\t\tConseil de carri\u00e8re\n\t\t\t<\/h1>\n\t<h4>\n\t\t\t\tJe pense beaucoup \u00e0 l'avenir, parce que c'est l'endroit o\u00f9 je vais passer le reste de ma vie. (Woody Allen)\n\t\t\t<\/h4>\n\t\t<nav  aria-label=\"Fil d&#039;Ariane\"><ol class=\"breadcrumb\"><li class=\"breadcrumb-item active\" aria-current=\"page\"><span>Accueil<\/span><\/li><\/ol><\/nav>\t\n\t<h2>Adieu au m\u00e9tier de toute une vie<\/h2>\n<p>L'abandon du m\u00e9tier de toute une vie est d\u00e9j\u00e0 une r\u00e9alit\u00e9 aujourd'hui. Personne ne travaillera plus 30 ans ou plus dans la m\u00eame profession. De plus en plus d'actifs tournent le dos au m\u00e9tier qu'ils ont appris apr\u00e8s quatre ou cinq ans d'activit\u00e9 professionnelle. L'\u00e9ducation des adultes, les reconversions, la formation continue, les formations en cours d'emploi sont tr\u00e8s en vogue. L'\u00e9cart entre la r\u00e9alit\u00e9 professionnelle et les exigences personnelles est tout simplement trop grand. Le m\u00e9tier pour toute la vie n'existe plus. Les chercheurs de tendances indiquent depuis quelques ann\u00e9es d\u00e9j\u00e0 que nous devons dire adieu \u00e0 l'id\u00e9e de d\u00e9crocher un emploi pour la vie.<\/p>\n\n<p>La formation continue personnelle et professionnelle est essentielle. L'apprentissage tout au long de la vie devient une obligation. Les professionnels d'aujourd'hui peuvent partir du principe qu'ils exerceront quatre \u00e0 cinq m\u00e9tiers diff\u00e9rents.<\/p>\n<h2>L'orientation professionnelle - une nouvelle sp\u00e9cialit\u00e9<\/h2>\n<p>L'orientation professionnelle est un domaine encore relativement nouveau dans l'ensemble de la psychologie. Le mod\u00e8le zurichois de conseil en carri\u00e8re (ZML) a \u00e9t\u00e9 d\u00e9velopp\u00e9 sur la base de la psychologie de la carri\u00e8re et de l'exp\u00e9rience acquise au cours de nombreuses ann\u00e9es de travail professionnel avec des individus et des groupes.<\/p>\n<h3>Gestion de carri\u00e8re - la flexibilit\u00e9 est de mise<\/h3>\n<p>Le professionnel d'aujourd'hui doit \u00eatre flexible. En cons\u00e9quence, la formation continue n'est pas un luxe, mais une n\u00e9cessit\u00e9. La capacit\u00e9 \u00e0 faire un auto-marketing cr\u00e9dible (gestion de carri\u00e8re) sera d\u00e9terminante, c'est-\u00e0-dire \u00e0 cr\u00e9er et \u00e0 conserver une vue d'ensemble de ses propres objectifs. Vous devez \u00eatre conscient de vos capacit\u00e9s et de votre potentiel professionnel et personnel. Ce n'est qu'ainsi que vous pourrez planifier votre carri\u00e8re et trouver la formation continue qui vous convient.<\/p>\n\n<p>Dans le cadre de l'orientation professionnelle, vous serez guid\u00e9(e) de mani\u00e8re professionnelle dans les \u00e9tapes suivantes :<\/p>\nFaire le point sur soi-m\u00eame<br \/>\nPr\u00e9f\u00e9rences, talents et souhaits personnels<br \/>\nForces personnelles et ressources les plus importantes<br \/>\n\u00c9quilibre personnel entre vie professionnelle et vie priv\u00e9e et possibilit\u00e9s qui en d\u00e9coulent<br \/>\nLe monde du travail, ses possibilit\u00e9s et ses exigences<br \/>\nObjectifs individuels et professionnels<br \/>\nElaboration d'une perspective de carri\u00e8re personnelle<br \/>\nD\u00e9cisions concr\u00e8tes et prochaines \u00e9tapes<br \/>\nSoutien dans la mise en \u0153uvre\n<p>Le service d'orientation professionnelle aide les personnes \u00e0 trouver de nouvelles id\u00e9es et \u00e0 les int\u00e9grer activement dans leur projet professionnel.<\/p>\n<h3>Groupe cible<\/h3>\n<p>Le conseil en carri\u00e8re s'adresse aux personnes qui :<\/p>\nsont en activit\u00e9 professionnelle et se r\u00e9orientent<br \/>\nentrer dans la vie professionnelle (d\u00e9butants).<br \/>\nse r\u00e9ins\u00e9rer dans la vie professionnelle (reprise du travail).<br \/>\nsont au ch\u00f4mage et ont besoin de soutien pour leur (r\u00e9)orientation professionnelle\n<h4>Co\u00fbts<\/h4>\nConseil de carri\u00e8re Fr. 350.- par heure,<br \/>\n25% Suppl\u00e9ment \u00e0 partir de 19.00 heures.\n<h3>Le plus important en bref<\/h3>\nLa planification de carri\u00e8re est une sorte de \"guide de carri\u00e8re\" qui vous aide \u00e0 identifier vos points forts et vos points faibles, \u00e0 les optimiser et \u00e0 les utiliser correctement.<br \/>\nAvec l'aide d'un conseiller en carri\u00e8re, vous \u00e9vitez de vous retrouver dans un mauvais emploi, r\u00e9duisez ainsi les conflits inutiles et donc l'\u00e9puisement professionnel.<br \/>\nL'orientation de carri\u00e8re augmente la motivation des employ\u00e9s et des cadres.<br \/>\nIl est important d'avoir un conseiller de carri\u00e8re \u00e0 ses c\u00f4t\u00e9s, surtout si l'on envisage une carri\u00e8re ind\u00e9pendante.<br \/>\nUne gestion de carri\u00e8re sp\u00e9cialis\u00e9e aide \u00e0 garder une vue d'ensemble des objectifs vis\u00e9s.<br \/>\nLa planification de carri\u00e8re a des effets \u00e0 long terme, stimule la motivation et aide \u00e0 travailler de mani\u00e8re cibl\u00e9e.\nLiens compl\u00e9mentaires sur le th\u00e8me de l'orientation de carri\u00e8re :\n<a href=\"https:\/\/coachingplus.ch\/fr\/coaching-individuel-renforcer-favoriser\/\">Reconna\u00eetre ses points forts<\/a>: Coaching individuel - identifier et d\u00e9velopper les points forts.<br \/>\n<a href=\"https:\/\/coachingplus.ch\/fr\/analyse-succincte-du-style-de-vie\/\">Analyse succincte du mode de vie<\/a>identifier et modifier les comportements<br \/>\n<a href=\"https:\/\/coachingplus.ch\/fr\/check-list-job-et-recherche-demploi\/\">Check-list recherche d'emploi<\/a>Plus de succ\u00e8s gr\u00e2ce \u00e0 une planification cibl\u00e9e de la profession et de la carri\u00e8re.<br \/>\n<a href=\"https:\/\/coachingplus.ch\/fr\/reorientation-professionnelle-candidature-et-conseils-carriere\/\">Candidature et conseils de carri\u00e8re<\/a>: conseils et coaching pour la candidature, le CV et la recherche d'emploi.","protected":false},"excerpt":{"rendered":"<p>Laufbahnberatung Ich denke viel an die Zukunft, weil dass der Ort ist, wo ich den Rest meines Lebens zubringen werde. (Woody Allen) Abschied vom Lebensberuf Der Abschied vom Lebensberuf ist heute bereits Realit\u00e4t. Keiner wird mehr 30 Jahre oder l\u00e4nger im gleichen Beruf arbeiten. Immer mehr Erwerbst\u00e4tige kehren dem erlernten Beruf nach vier bis f\u00fcnf [&hellip;]<\/p>\n","protected":false},"author":1,"featured_media":0,"parent":0,"menu_order":0,"comment_status":"closed","ping_status":"closed","template":"","meta":{"_seopress_robots_primary_cat":"","_seopress_titles_title":"Laufbahnberatung f\u00fcr Arbeitnehmer, Arbeitgeber und Wiedereinsteiger","_seopress_titles_desc":"Den Beruf f\u00fcrs Leben gibt es nicht mehr. Berufst\u00e4tige w\u00e4hlen nach ein paar Jahren einen neuen Beruf. Sich mit einer Laufbahnberatung begleiten lassen.","_seopress_robots_index":"","site-sidebar-layout":"default","site-content-layout":"","ast-site-content-layout":"default","site-content-style":"default","site-sidebar-style":"default","ast-global-header-display":"","ast-banner-title-visibility":"","ast-main-header-display":"","ast-hfb-above-header-display":"","ast-hfb-below-header-display":"","ast-hfb-mobile-header-display":"","site-post-title":"disabled","ast-breadcrumbs-content":"","ast-featured-img":"","footer-sml-layout":"","ast-disable-related-posts":"","theme-transparent-header-meta":"","adv-header-id-meta":null,"stick-header-meta":null,"header-above-stick-meta":null,"header-main-stick-meta":null,"header-below-stick-meta":null,"astra-migrate-meta-layouts":"default","ast-page-background-enabled":"default","ast-page-background-meta":{"desktop":{"background-color":"","background-image":"","background-repeat":"repeat","background-position":"center center","background-size":"auto","background-attachment":"scroll","background-type":"","background-media":"","overlay-type":"","overlay-color":"","overlay-opacity":"","overlay-gradient":""},"tablet":{"background-color":"","background-image":"","background-repeat":"repeat","background-position":"center center","background-size":"auto","background-attachment":"scroll","background-type":"","background-media":"","overlay-type":"","overlay-color":"","overlay-opacity":"","overlay-gradient":""},"mobile":{"background-color":"","background-image":"","background-repeat":"repeat","background-position":"center center","background-size":"auto","background-attachment":"scroll","background-type":"","background-media":"","overlay-type":"","overlay-color":"","overlay-opacity":"","overlay-gradient":""}},"ast-content-background-meta":{"desktop":{"background-color":"var(--ast-global-color-5)","background-image":"","background-repeat":"repeat","background-position":"center center","background-size":"auto","background-attachment":"scroll","background-type":"","background-media":"","overlay-type":"","overlay-color":"","overlay-opacity":"","overlay-gradient":""},"tablet":{"background-color":"var(--ast-global-color-5)","background-image":"","background-repeat":"repeat","background-position":"center center","background-size":"auto","background-attachment":"scroll","background-type":"","background-media":"","overlay-type":"","overlay-color":"","overlay-opacity":"","overlay-gradient":""},"mobile":{"background-color":"var(--ast-global-color-5)","background-image":"","background-repeat":"repeat","background-position":"center center","background-size":"auto","background-attachment":"scroll","background-type":"","background-media":"","overlay-type":"","overlay-color":"","overlay-opacity":"","overlay-gradient":""}},"iawp_total_views":21,"footnotes":""},"class_list":["post-12804","page","type-page","status-publish","hentry"],"_links":{"self":[{"href":"https:\/\/coachingplus.ch\/fr\/wp-json\/wp\/v2\/pages\/12804","targetHints":{"allow":["GET"]}}],"collection":[{"href":"https:\/\/coachingplus.ch\/fr\/wp-json\/wp\/v2\/pages"}],"about":[{"href":"https:\/\/coachingplus.ch\/fr\/wp-json\/wp\/v2\/types\/page"}],"author":[{"embeddable":true,"href":"https:\/\/coachingplus.ch\/fr\/wp-json\/wp\/v2\/users\/1"}],"replies":[{"embeddable":true,"href":"https:\/\/coachingplus.ch\/fr\/wp-json\/wp\/v2\/comments?post=12804"}],"version-history":[{"count":0,"href":"https:\/\/coachingplus.ch\/fr\/wp-json\/wp\/v2\/pages\/12804\/revisions"}],"wp:attachment":[{"href":"https:\/\/coachingplus.ch\/fr\/wp-json\/wp\/v2\/media?parent=12804"}],"curies":[{"name":"wp","href":"https:\/\/api.w.org\/{rel}","templated":true}]}}