{"id":12254,"date":"2020-11-19T15:42:54","date_gmt":"2020-11-19T14:42:54","guid":{"rendered":"https:\/\/coachingplus.ch\/?page_id=12254"},"modified":"2021-11-05T11:09:49","modified_gmt":"2021-11-05T10:09:49","slug":"seminaires-dentreprise","status":"publish","type":"page","link":"https:\/\/coachingplus.ch\/fr\/firmenseminare\/","title":{"rendered":"S\u00e9minaires d'entreprise"},"content":{"rendered":"<h1>\n\t\t\t\tS\u00e9minaires d'entreprise - Coaching d'\u00e9quipe\n\t\t\t<\/h1>\n\t<h4>\n\t\t\t\tLe coaching d'\u00e9quipe pour votre entreprise\n\t\t\t<\/h4>\n\t<ul>\n\t\t\t<li>\n\t\t\t\t<a href=\"#vorteile\" target=\"_self\" data-hover=\"Vorteile\" rel=\"noopener\">Vos avantages<\/a>\n\t\t<\/li>\n\t\t\t\t\t<li>\n\t\t\t\t<a href=\"#inhaltstudiengang\" target=\"_self\" data-hover=\"Inhalt Studiengang\" rel=\"noopener\">Contenu du programme<\/a>\n\t\t<\/li>\n\t\t\t\t\t<li>\n\t\t\t\t<a href=\"#teilnehmer\" target=\"_self\" data-hover=\"Referenzen\" rel=\"noopener\">R\u00e9f\u00e9rences<\/a>\n\t\t<\/li>\n\t\t\t\t\t<li>\n\t\t\t\t<a href=\"#leitung\" target=\"_self\" data-hover=\"Leitung\" rel=\"noopener\">Direction<\/a>\n\t\t<\/li>\n\t\t\t\t<\/ul>\n<h2>\n\t\tCoaching d'entreprise pour votre \u00e9quipe\n\t<\/h2>\n\t<p>Souhaitez-vous, dans votre entreprise, apprendre \u00e0 bien comprendre les personnes et les \u00e9quipes - mettre la bonne personne \u00e0 la bonne place, reconna\u00eetre les conflits et les r\u00e9soudre de mani\u00e8re professionnelle ? Une \u00e9quipe bien harmonis\u00e9e est source de motivation et de joie, et donc de succ\u00e8s !<\/p>\n\t\t\t<a href=\"https:\/\/coachingplus.ch\/fr\/contact\/\" target=\"_self\" role=\"button\" aria-label=\"Demander maintenant\" rel=\"noopener\">\n\t\t\t\t\t\t\tDemander maintenant\n\t\t<\/a>\n\t\t<h4>Bien comprendre les personnes et les \u00e9quipes<\/h4>\n\t\t<h4>Identifier les conflits au sein de l'\u00e9quipe et les r\u00e9soudre de mani\u00e8re professionnelle<\/h4>\n\t\t<h4>Appliquer une m\u00e9thode d'entretien ax\u00e9e sur la relation<\/h4>\n\t<h2>\n\t\t\t\tPourquoi le coaching d'\u00e9quipe est-il appropri\u00e9 ?\n\t\t\t<\/h2>\n\t\t\t<p>Aujourd'hui, il s'agit de red\u00e9couvrir le potentiel le plus important, \u00e0 savoir l'\u00eatre humain. Le comportement de direction, la contribution \u00e0 l'\u00e9quipe et le style de communication ne sont pas le fruit du hasard, mais plut\u00f4t l'expression de la personnalit\u00e9 individuelle. Une \u00e9quipe qui sait utiliser ces ressources cr\u00e9e un climat de travail dans lequel le succ\u00e8s \u00e0 long terme est possible.<\/p>\t\n\t<h2>\n\t\t\t\tPourquoi coachingplus \n\t\t\t<\/h2>\n\t\t<h3>Professionnelle<\/h3>\t\t\t\n\t\t\t\t<p>Coachingplus forme depuis plus de 20 ans des \u00e9tudiants enthousiastes, et convainc ainsi par son exp\u00e9rience et son professionnalisme.<\/p>\n\t\t<h3>Emplacement<\/h3>\t\t\t\n\t\t\t\t<p>Le site d'Affoltern am Albis est moderne et tr\u00e8s bien desservi par l'autoroute et les transports publics.<\/p>\n\t\t<h3>2'500 + candidats aux examens.<\/h3>\t\t\t\n\t\t\t\t<p>Plus de 2500 dipl\u00f4m\u00e9s ont d\u00e9j\u00e0 b\u00e9n\u00e9fici\u00e9 de notre longue exp\u00e9rience.<\/p>\n\t\t<h3>Orient\u00e9e vers la pratique<\/h3>\t\t\t\n\t\t\t\t<p>Nos cours sont con\u00e7us de mani\u00e8re \u00e0 ce que vous puissiez mettre directement en pratique ce que vous avez appris. C'est la meilleure fa\u00e7on de retenir l'enseignement transmis!<\/p>\n\t\t<h3>En groupe restreint<\/h3>\t\t\t\n\t\t\t\t<p>Coachingplus se distingue en outre par la petite taille de ses groupes. Avec un maximum de 25 participants, nous restons personnalis\u00e9s.<\/p>\n\t\t<h3>Peu co\u00fbteuse<\/h3>\t\t\t\n\t\t\t\t<p>\u00a0Nous offrons un bon rapport qualit\u00e9-prix pour nos cours. Des subventions \u00e9ventuelles sont disponibles. Pour en savoir plus, consultez la FAQ.<\/p>\n\t<h2>\n\t\t\t\tContenu possible du coaching d'entreprise\n\t\t\t<\/h2>\n\t<ul>\n\t\t<li><h4>Formation d'\u00e9quipe<\/h4><p>Des ateliers, des s\u00e9minaires et des entretiens avec les collaborateurs permettent de motiver, de d\u00e9finir des objectifs et de discuter de la suite des \u00e9v\u00e9nements (par exemple, des formations \u00e0 venir).<\/p><\/li><li><h4>Coaching de groupe<\/h4>Les formations pratiques dispens\u00e9es lors des s\u00e9minaires et des ateliers permettent de renforcer l'\u00e9quipe et de la pr\u00e9parer psychologiquement \u00e0 affronter les moments difficiles.<\/li>\t<\/ul>\n\t<ul>\n\t\t<li><h4>Gestion des conflits<\/h4><p>Le conseiller d'entreprise peut servir d'interm\u00e9diaire entre les cadres et les collaborateurs et favorise ainsi l'optimisation des processus de travail, de l'organisation et de la motivation.<\/p><\/li><li><h4>D\u00e9veloppement d'\u00e9quipe<\/h4>Une \u00e9quipe renforc\u00e9e, o\u00f9 chaque collaborateur est \u00e0 sa place, cr\u00e9e d'embl\u00e9e un avantage important sur ses concurrents.<\/li>\t<\/ul>\n\t\t\t\t\t\t\t<h4>Coaching d'\u00e9quipe<\/h4>\n\t\t\t\t\t\t\t\t\t<h2>\n\t\t\t\t\t400 CHF \/ heure, frais en sus\n\t\t\t\t\t\t\t\t\t\t\t<\/h2>\n\t\t\t\t\t\t\t\t\n\t\t\t<a href=\"https:\/\/coachingplus.ch\/fr\/sinscrire\/\" target=\"_self\" role=\"button\" aria-label=\"S&#039;inscrire maintenant\" rel=\"noopener\">\n\t\t\t\t\t\t\tS'inscrire maintenant\n\t\t<\/a>\n<h2>\n\t\tAutres cours exclusifs pour votre \u00e9quipe\n\t<\/h2>\n\t<p>Le cursus de coaching appliqu\u00e9 exclusivement pour votre entreprise ? Contactez-moi pour votre s\u00e9minaire interne. Lors d'un premier entretien - sans engagement de votre part - nous ferons personnellement connaissance et d\u00e9finirons ensemble les objectifs.<\/p>\n<p>Les honoraires journaliers pour les s\u00e9minaires s'\u00e9l\u00e8vent \u00e0 partir de <strong>CHF 3'200<\/strong> selon le type et le contenu.<\/p>\n\t\t\t<a href=\"https:\/\/coachingplus.ch\/fr\/contact\/\" target=\"_self\" role=\"button\" aria-label=\"Demander maintenant\" rel=\"noopener\">\n\t\t\t\t\t\t\tDemander maintenant\n\t\t<\/a>\n\t\t\t\t\t\t\t<h2 class='uabb-testimonial-author-name testimonial-author-name'>Henry Ford<\/h2>\t\t\t\t\t\t\t\n\t\t\t\t\t\t<p>\"Se r\u00e9unir est un d\u00e9but, rester ensemble est un progr\u00e8s, travailler ensemble est un succ\u00e8s\".<\/p>\t\t\t\t\t\n\t\t<img decoding=\"async\" src=\"https:\/\/coachingplus.ch\/wp-content\/uploads\/2020\/08\/coachingplus.svg\" alt=\"coachingplus\" itemprop=\"image\"\/>\n\t\t\t\t<img decoding=\"async\" src=\"https:\/\/coachingplus.ch\/wp-content\/uploads\/2020\/09\/MG_2554-1-660x360.jpg\" alt=\"MG_2554\" itemprop=\"image\" height=\"360\" width=\"660\" title=\"MG_2554\" onerror=\"this.style.display='none'\"  \/>\n\t\t\t\t<img decoding=\"async\" src=\"https:\/\/coachingplus.ch\/wp-content\/uploads\/2020\/09\/MG_2276-660x360.jpg\" alt=\"MG_2276\" itemprop=\"image\" height=\"360\" width=\"660\" title=\"MG_2276\" onerror=\"this.style.display='none'\"  \/>\n\t\t\t\t<img decoding=\"async\" src=\"https:\/\/coachingplus.ch\/wp-content\/uploads\/2020\/09\/MG_1386_neu-660x360.jpg\" alt=\"_MG_1386_nouveau\" itemprop=\"image\" height=\"360\" width=\"660\" title=\"_MG_1386_nouveau\" onerror=\"this.style.display='none'\"  \/>\n\t<h3>\n\t\t\t\tDes participant.e.s enthousiastes\n\t\t\t<\/h3>\n\t<p><em>\"S\u00e9minaire tr\u00e8s orient\u00e9 vers la pratique avec de nombreux exercices, une r\u00e9flexion sur ses propres sch\u00e9mas. La formation en psychologie individuelle est un enrichissement pr\u00e9cieux du paysage de la formation en coaching. Le cursus encourage \u00e0 poursuivre ses propres objectifs\".<\/em><\/p>\n<p><strong><\/strong><strong>Dr. Ellena Huse<\/strong><\/p>\n\t<p><em>\"C'\u00e9tait tr\u00e8s encourageant de reconna\u00eetre que mes propres capacit\u00e9s sont suffisantes et que j'ai des points forts \u00e0 renforcer ! J'ai beaucoup appr\u00e9ci\u00e9 l'image valorisante et positive de l'\u00eatre humain. La formation \u00e9tait tr\u00e8s encourageante, c'est efficace \u00e0 long terme !\"<\/em><\/p>\n<strong>Martin Stoessel<br \/>\n<\/strong>\n\t<h3>\n\t\t\t\tConvaincu.e ?\n\t\t\t<\/h3>\n\t\t\t<p>Alors n'attendez pas plus longtemps ! Contactez-nous et convenez d'un coaching d'\u00e9quipe !<\/p>\t\n\t\t\t<a href=\"https:\/\/coachingplus.ch\/fr\/sinscrire\/\" target=\"_self\" role=\"button\" aria-label=\"Demander maintenant\" rel=\"noopener\">\n\t\t\t\t\t\t\t\t\t\t\tDemander maintenant\n\t\t<\/a>\n\t<h2>\n\t\t\t\tVotre expert en coaching d'\u00e9quipe\n\t\t\t<\/h2>\n\t\t\t<p>\u00a0<\/p>\u00a0\t\n\t\t\t\t<img decoding=\"async\" src=\"https:\/\/coachingplus.ch\/wp-content\/uploads\/2020\/08\/Bildschirmfoto-2020-08-21-um-09.19.51.png\" alt=\"Capture d&#039;\u00e9cran 2020-08-21 \u00e0 09.19.51\" itemprop=\"image\" height=\"550\" width=\"594\" title=\"Capture d&#039;\u00e9cran 2020-08-21 \u00e0 09.19.51\" onerror=\"this.style.display='none'\"  \/>\n\t\t<h3>Marcel Hager<\/h3>\t\t\n\t\t\t<em>\"Coacher d'autres personnes est ma passion absolue. J'aime quand les gens grandissent dans leur personnalit\u00e9, apprennent \u00e0 mieux se conna\u00eetre, d\u00e9couvrent leur destin et d\u00e9veloppent ainsi leur potentiel. J'attache une grande importance \u00e0 ce que chacun donne le meilleur de lui-m\u00eame et se d\u00e9passe\".<br \/>\n<\/em>\n\t\t\t\t<a href=\"https:\/\/coachingplus.ch\/fr\/la-formation-de-coaching-en-suisse-maintenant-avec-50-rabais\/\" target=\"_self\" itemprop=\"url\" rel=\"noopener\">\n\t\t\t\t<img decoding=\"async\" src=\"https:\/\/coachingplus.ch\/wp-content\/uploads\/2020\/08\/top-preiswert.png\" alt=\"top-prix\" itemprop=\"image\" height=\"162\" width=\"162\" title=\"top-prix\" onerror=\"this.style.display='none'\"  \/>\n\t\t\t\t<\/a>\n\t\t\t\t<img decoding=\"async\" src=\"https:\/\/coachingplus.ch\/wp-content\/uploads\/2020\/08\/jubilaeum.png\" alt=\"jubil\u00e9\" itemprop=\"image\" height=\"170\" width=\"170\" title=\"jubil\u00e9\" onerror=\"this.style.display='none'\"  \/>\n\t\t\t\t<a href=\"https:\/\/coachingplus.ch\/wp-content\/uploads\/2021\/07\/Ausbildungsordnung-Coachingplus.pdf\" target=\"_blank\" rel=\"noopener\" itemprop=\"url\">\n\t\t\t\t<img decoding=\"async\" src=\"https:\/\/coachingplus.ch\/wp-content\/uploads\/2020\/08\/broschuere.png\" alt=\"brochure\" itemprop=\"image\" height=\"176\" width=\"176\" title=\"brochure\" onerror=\"this.style.display='none'\"  \/>\n\t\t\t\t<\/a>","protected":false},"excerpt":{"rendered":"<p>Firmenseminare &#8211; Teamcoaching Das Teamcoaching f\u00fcr Ihr Unternehmen Vorteile Inhalt Studiengang Referenzen Leitung Firmencoaching f\u00fcr Ihr Team M\u00f6chten Sie in Ihrer Firma Menschen und Teams richtig verstehen lernen &#8211; die richtige Person am passenden Platz einsetzen, Konflikte erkennen und professionell kl\u00e4ren k\u00f6nnen? Ein gut harmonierendes Team bringt Motivation &amp; Freude und somit den gr\u00f6ssten Erfolg! [&hellip;]<\/p>\n","protected":false},"author":1,"featured_media":0,"parent":0,"menu_order":0,"comment_status":"closed","ping_status":"closed","template":"","meta":{"_seopress_robots_primary_cat":"","_seopress_titles_title":"Firmencoaching I coachingplus ","_seopress_titles_desc":"Sie wollen sich selbst besser reflektieren k\u00f6nnen und Ihre St\u00e4rken &amp; F\u00e4higkeiten besser kennen lernen? Melden Sie sich bei uns!","_seopress_robots_index":"","site-sidebar-layout":"no-sidebar","site-content-layout":"page-builder","ast-site-content-layout":"default","site-content-style":"default","site-sidebar-style":"default","ast-global-header-display":"","ast-banner-title-visibility":"","ast-main-header-display":"","ast-hfb-above-header-display":"","ast-hfb-below-header-display":"","ast-hfb-mobile-header-display":"","site-post-title":"disabled","ast-breadcrumbs-content":"","ast-featured-img":"disabled","footer-sml-layout":"","ast-disable-related-posts":"","theme-transparent-header-meta":"default","adv-header-id-meta":"","stick-header-meta":"","header-above-stick-meta":"","header-main-stick-meta":"","header-below-stick-meta":"","astra-migrate-meta-layouts":"default","ast-page-background-enabled":"default","ast-page-background-meta":{"desktop":{"background-color":"","background-image":"","background-repeat":"repeat","background-position":"center center","background-size":"auto","background-attachment":"scroll","background-type":"","background-media":"","overlay-type":"","overlay-color":"","overlay-opacity":"","overlay-gradient":""},"tablet":{"background-color":"","background-image":"","background-repeat":"repeat","background-position":"center center","background-size":"auto","background-attachment":"scroll","background-type":"","background-media":"","overlay-type":"","overlay-color":"","overlay-opacity":"","overlay-gradient":""},"mobile":{"background-color":"","background-image":"","background-repeat":"repeat","background-position":"center center","background-size":"auto","background-attachment":"scroll","background-type":"","background-media":"","overlay-type":"","overlay-color":"","overlay-opacity":"","overlay-gradient":""}},"ast-content-background-meta":{"desktop":{"background-color":"var(--ast-global-color-5)","background-image":"","background-repeat":"repeat","background-position":"center center","background-size":"auto","background-attachment":"scroll","background-type":"","background-media":"","overlay-type":"","overlay-color":"","overlay-opacity":"","overlay-gradient":""},"tablet":{"background-color":"var(--ast-global-color-5)","background-image":"","background-repeat":"repeat","background-position":"center center","background-size":"auto","background-attachment":"scroll","background-type":"","background-media":"","overlay-type":"","overlay-color":"","overlay-opacity":"","overlay-gradient":""},"mobile":{"background-color":"var(--ast-global-color-5)","background-image":"","background-repeat":"repeat","background-position":"center center","background-size":"auto","background-attachment":"scroll","background-type":"","background-media":"","overlay-type":"","overlay-color":"","overlay-opacity":"","overlay-gradient":""}},"iawp_total_views":44,"footnotes":""},"class_list":["post-12254","page","type-page","status-publish","hentry"],"_links":{"self":[{"href":"https:\/\/coachingplus.ch\/fr\/wp-json\/wp\/v2\/pages\/12254","targetHints":{"allow":["GET"]}}],"collection":[{"href":"https:\/\/coachingplus.ch\/fr\/wp-json\/wp\/v2\/pages"}],"about":[{"href":"https:\/\/coachingplus.ch\/fr\/wp-json\/wp\/v2\/types\/page"}],"author":[{"embeddable":true,"href":"https:\/\/coachingplus.ch\/fr\/wp-json\/wp\/v2\/users\/1"}],"replies":[{"embeddable":true,"href":"https:\/\/coachingplus.ch\/fr\/wp-json\/wp\/v2\/comments?post=12254"}],"version-history":[{"count":0,"href":"https:\/\/coachingplus.ch\/fr\/wp-json\/wp\/v2\/pages\/12254\/revisions"}],"wp:attachment":[{"href":"https:\/\/coachingplus.ch\/fr\/wp-json\/wp\/v2\/media?parent=12254"}],"curies":[{"name":"wp","href":"https:\/\/api.w.org\/{rel}","templated":true}]}}