{"id":12250,"date":"2020-11-19T15:07:21","date_gmt":"2020-11-19T14:07:21","guid":{"rendered":"https:\/\/coachingplus.ch\/?page_id=12250"},"modified":"2022-04-21T08:39:33","modified_gmt":"2022-04-21T06:39:33","slug":"coaching-individuel","status":"publish","type":"page","link":"https:\/\/coachingplus.ch\/fr\/einzelcoaching\/","title":{"rendered":"Coaching individuel"},"content":{"rendered":"<h1>\n\t\t\t\tCoaching individuel\n\t\t\t<\/h1>\n\t<h4>\n\t\t\t\tVotre coaching personnel\n\t\t\t<\/h4>\n\t<ul>\n\t\t\t<li>\n\t\t\t\t<a href=\"#vorteile\" target=\"_self\" data-hover=\"Vorteile\" rel=\"noopener\">Vos avantages<\/a>\n\t\t<\/li>\n\t\t\t\t\t<li>\n\t\t\t\t<a href=\"#inhaltstudiengang\" target=\"_self\" data-hover=\"Inhalt Studiengang\" rel=\"noopener\">Contenu du programme<\/a>\n\t\t<\/li>\n\t\t\t\t\t<li>\n\t\t\t\t<a href=\"#teilnehmer\" target=\"_self\" data-hover=\"Referenzen\" rel=\"noopener\">R\u00e9f\u00e9rences<\/a>\n\t\t<\/li>\n\t\t\t\t\t<li>\n\t\t\t\t<a href=\"#leitung\" target=\"_self\" data-hover=\"Leitung\" rel=\"noopener\">Direction<\/a>\n\t\t<\/li>\n\t\t\t\t<\/ul>\n<h2>\n\t\tLe coaching individuel de coachingplus\n\t<\/h2>\n\t<p>Vous souhaitez mieux vous comprendre, r\u00e9fl\u00e9chir \u00e0 vos propres comportements et identifier vos capacit\u00e9s et vos points forts ? Dans le package de coaching individuel, nous vous emmenons dans ce voyage tr\u00e8s particulier et vous aidons \u00e0 trouver de nouvelles perspectives.<\/p>\n\t\t\t<a href=\"https:\/\/coachingplus.ch\/fr\/sinscrire\/\" target=\"_self\" role=\"button\" aria-label=\"Demander maintenant\" rel=\"noopener\">\n\t\t\t\t\t\t\tDemander maintenant\n\t\t<\/a>\n\t\t\t<h4>Reconna\u00eetre ses propres forces et capacit\u00e9s<\/h4>\n\t\t\t<h4>D\u00e9velopper de nouvelles perspectives professionnelles et priv\u00e9es<\/h4>\n\t\t\t<h4>D\u00e9veloppement et promotion de la personnalit\u00e9<\/h4>\n\t<h2>\n\t\t\t\t\u00c0 qui s'adresse le coaching individuel ?\n\t\t\t<\/h2>\n\t\t\t<p>Le coaching individuel s'adresse aux cadres de tous les secteurs, aux collaborateurs d'organisations \u00e0 but non lucratif ainsi qu'aux personnes priv\u00e9es. Le coaching individuel vous permet d'apprendre \u00e0 reconna\u00eetre vos propres forces et capacit\u00e9s. Le processus de coaching adapt\u00e9 \u00e0 vos besoins, qui dure en g\u00e9n\u00e9ral de trois \u00e0 six mois, vous am\u00e8ne \u00e0 une r\u00e9flexion personnelle approfondie.<\/p>\t\n\t<h2>\n\t\t\t\tPourquoi coachingplus \n\t\t\t<\/h2>\n\t\t<h3>Professionnelle<\/h3>\t\t\t\n\t\t\t\t<p>Coachingplus forme depuis plus de 20 ans des \u00e9tudiants enthousiastes, et convainc ainsi par son exp\u00e9rience et son professionnalisme.<\/p>\n\t\t<h3>Emplacement<\/h3>\t\t\t\n\t\t\t\t<p>Le site d'Affoltern am Albis est moderne et tr\u00e8s bien desservi par l'autoroute et les transports publics.<\/p>\n\t\t<h3>2'500 + candidats aux examens.<\/h3>\t\t\t\n\t\t\t\t<p>Plus de 2500 dipl\u00f4m\u00e9s ont d\u00e9j\u00e0 b\u00e9n\u00e9fici\u00e9 de notre longue exp\u00e9rience.<\/p>\n\t\t<h3>Orient\u00e9e vers la pratique<\/h3>\t\t\t\n\t\t\t\t<p>Nos cours sont con\u00e7us de mani\u00e8re \u00e0 ce que vous puissiez mettre directement en pratique ce que vous avez appris. C'est la meilleure fa\u00e7on de retenir l'enseignement transmis!<\/p>\n\t\t<h3>En groupe restreint<\/h3>\t\t\t\n\t\t\t\t<p>Coachingplus se distingue en outre par la petite taille de ses groupes. Avec un maximum de 25 participants, nous restons personnalis\u00e9s.<\/p>\n\t\t<h3>Peu co\u00fbteuse<\/h3>\t\t\t\n\t\t\t\t<p>\u00a0Nous offrons un bon rapport qualit\u00e9-prix pour nos cours. Des subventions \u00e9ventuelles sont disponibles. Pour en savoir plus, consultez la FAQ.<\/p>\n\t<h2>\n\t\t\t\tContenu du coaching individuel\n\t\t\t<\/h2>\n\t<ul>\n\t\t<li><h4>Analyse, entretiens &amp; mise en \u0153uvre<\/h4><ul><li><p>Premier entretien d\u00e9taill\u00e9<\/p><\/li><li>Cinq autres entretiens de coaching dans un d\u00e9lai de 3 \u00e0 6 mois.<\/li><\/ul>Si vous le souhaitez, autres entretiens de coaching dans le cadre que vous aurez d\u00e9fini. Facturation au temps pass\u00e9.<\/li>\t<\/ul>\n\t<ul>\n\t\t<li><p>Une analyse d\u00e9taill\u00e9e de la personnalit\u00e9 \u00e0 l'aide de fiches de travail \u00e9crites permet d'approfondir la connaissance de soi. Elle fournit des informations sur le style de direction, l'autonomie, le comportement interpersonnel, la capacit\u00e9 et l'esprit de d\u00e9cision ainsi que la capacit\u00e9 \u00e0 s'imposer.<\/p><\/li>\t<\/ul>\n\t\t\t\t\t\t\t<h4>Coaching individuel<\/h4>\n\t\t\t\t\t\t\t\t\t<h2>\n\t\t\t\t\t200 CHF par heure\t\t\t\t\t\t\t\t\t\t<\/h2>\n\t\t\t\t\t\t\t\t<ul>\n\t\t\t\t\t\t\t\t\t\t\t\t\t\t\t\t\t\t<li>\n\t\t\t\t\t\t\t\t\t\t\t\t\t\t\t\t\tLe\u00e7on individuelle ou package de coaching\t\t\t\t\t\n\t\t\t\t\t\t<\/li>\n\t\t\t\t<\/ul>\n\t\t\t<a href=\"https:\/\/coachingplus.ch\/fr\/sinscrire\/\" target=\"_self\" role=\"button\" aria-label=\"S&#039;inscrire maintenant\" rel=\"noopener\">\n\t\t\t\t\t\t\tS'inscrire maintenant\n\t\t<\/a>\n\t\t\t\t\t\t\t<h2 class='uabb-testimonial-author-name testimonial-author-name'>Voltaire<\/h2>\t\t\t\t\t\t\t\n\t\t\t\t\t\t<p>\"J'ai d\u00e9cid\u00e9 d'\u00eatre heureuse.<br \/>C'est mieux pour la sant\u00e9\".<\/p>\t\t\t\t\t\n\t\t<img decoding=\"async\" src=\"https:\/\/coachingplus.ch\/wp-content\/uploads\/2020\/08\/coachingplus.svg\" alt=\"logo coachingplus\" itemprop=\"image\"\/>\n\t\t\t\t<img decoding=\"async\" src=\"https:\/\/coachingplus.ch\/wp-content\/uploads\/2020\/09\/MG_2456-1024x683.jpg\" alt=\"une femme rit et parle \u00e0 un homme\" itemprop=\"image\" height=\"683\" width=\"1024\" title=\"MG_2456\" onerror=\"this.style.display='none'\"  \/>\n\t\t\t\t<img decoding=\"async\" src=\"https:\/\/coachingplus.ch\/wp-content\/uploads\/2020\/09\/MG_5695-1024x683.jpg\" alt=\"une femme discute avec un homme\" itemprop=\"image\" height=\"683\" width=\"1024\" title=\"MG_5695\" onerror=\"this.style.display='none'\"  \/>\n\t\t\t\t<img decoding=\"async\" src=\"https:\/\/coachingplus.ch\/wp-content\/uploads\/2020\/09\/MG_5688-1024x683.jpg\" alt=\"une femme sourit \u00e0 un homme\" itemprop=\"image\" height=\"683\" width=\"1024\" title=\"MG_5688\" onerror=\"this.style.display='none'\"  \/>\n\t<h3>\n\t\t\t\tDes participant.e.s enthousiastes\n\t\t\t<\/h3>\n\t<p><em>\"S\u00e9minaire tr\u00e8s orient\u00e9 vers la pratique avec de nombreux exercices, une r\u00e9flexion sur ses propres sch\u00e9mas. La formation en psychologie individuelle est un enrichissement pr\u00e9cieux du paysage de la formation en coaching. Le cursus encourage \u00e0 poursuivre ses propres objectifs\".<\/em><\/p>\n<p><strong><\/strong><strong>Dr. Ellena Huse<\/strong><\/p>\n\t<p><em>\"C'\u00e9tait tr\u00e8s encourageant de reconna\u00eetre que mes propres capacit\u00e9s sont suffisantes et que j'ai des points forts \u00e0 renforcer ! J'ai beaucoup appr\u00e9ci\u00e9 l'image valorisante et positive de l'\u00eatre humain. La formation \u00e9tait tr\u00e8s encourageante, c'est efficace \u00e0 long terme !\"<\/em><\/p>\n<strong>Martin Stoessel<br \/>\n<\/strong>\n\t<h3>\n\t\t\t\tConvaincu.e ?\n\t\t\t<\/h3>\n\t\t\t<p>Alors n'attendez plus et contactez-nous pour convenir d'un coaching individuel !<\/p>\t\n\t\t\t<a href=\"https:\/\/coachingplus.ch\/fr\/sinscrire\/\" target=\"_self\" role=\"button\" aria-label=\"Demander maintenant\" rel=\"noopener\">\n\t\t\t\t\t\t\t\t\t\t\tDemander maintenant\n\t\t<\/a>\n\t<h2>\n\t\t\t\tVos experts pour le coaching individuel\n\t\t\t<\/h2>\n\t\t\t\t<img decoding=\"async\" src=\"https:\/\/coachingplus.ch\/wp-content\/uploads\/2020\/08\/Bildschirmfoto-2020-08-21-um-09.19.51.png\" alt=\"Marcel Hager\" itemprop=\"image\" height=\"550\" width=\"594\" title=\"Marcel Hager\" onerror=\"this.style.display='none'\"  \/>\n\t\t<h3>Marcel Hager<\/h3>\t\t\n\t\t\t<em>\"Coacher d'autres personnes est ma passion absolue. J'aime quand les gens grandissent dans leur personnalit\u00e9, apprennent \u00e0 mieux se conna\u00eetre, d\u00e9couvrent leur destin et d\u00e9veloppent ainsi leur potentiel. J'attache une grande importance \u00e0 ce que chacun donne le meilleur de lui-m\u00eame et se d\u00e9passe\".<br \/>\n<\/em>\n\t\t\t\t<a href=\"https:\/\/coachingplus.ch\/fr\/la-formation-de-coaching-en-suisse-maintenant-avec-50-rabais\/\" target=\"_self\" itemprop=\"url\" rel=\"noopener\">\n\t\t\t\t<img decoding=\"async\" src=\"https:\/\/coachingplus.ch\/wp-content\/uploads\/2020\/08\/top-preiswert.png\" alt=\"icon 50 %\" itemprop=\"image\" height=\"162\" width=\"162\" title=\"top-prix\" onerror=\"this.style.display='none'\"  \/>\n\t\t\t\t<\/a>\n\t\t\t\t<img decoding=\"async\" src=\"https:\/\/coachingplus.ch\/wp-content\/uploads\/2020\/08\/jubilaeum.png\" alt=\"icon jubilaeum\" itemprop=\"image\" height=\"170\" width=\"170\" title=\"jubil\u00e9\" onerror=\"this.style.display='none'\"  \/>\n\t\t\t\t<a href=\"https:\/\/coachingplus.ch\/fr\/telecharger\/brochure-de-formation\/\" target=\"_blank\" rel=\"noopener\" itemprop=\"url\">\n\t\t\t\t<img decoding=\"async\" src=\"https:\/\/coachingplus.ch\/wp-content\/uploads\/2020\/08\/broschuere.png\" alt=\"brochure\" itemprop=\"image\" height=\"176\" width=\"176\" title=\"brochure\" onerror=\"this.style.display='none'\"  \/>\n\t\t\t\t<\/a>","protected":false},"excerpt":{"rendered":"<p>Einzelchoaching Ihr pers\u00f6nliches Coaching Vorteile Inhalt Studiengang Referenzen Leitung Das Einzelcoaching von coachingplus Sie wollen sich selbst besser verstehen, die eigenen Verhaltensweisen reflektieren k\u00f6nnen und Ihre F\u00e4higkeiten &amp; St\u00e4rken erkennen? In dem Coaching-Paket f\u00fcr ein Einzelcoaching , nehmen wir Sie mit auf diese ganz besondere Reise und helfen Ihnen neue Perspektiven zu finden. Jetzt anfragen [&hellip;]<\/p>\n","protected":false},"author":1,"featured_media":0,"parent":0,"menu_order":0,"comment_status":"closed","ping_status":"closed","template":"","meta":{"_seopress_robots_primary_cat":"","_seopress_titles_title":"Einzelcoaching I coachingplus ","_seopress_titles_desc":"Sie wollen sich selbst besser reflektieren k\u00f6nnen und Ihre St\u00e4rken &amp; F\u00e4higkeiten besser kennen lernen? Melden Sie sich bei uns!","_seopress_robots_index":"","site-sidebar-layout":"no-sidebar","site-content-layout":"page-builder","ast-site-content-layout":"default","site-content-style":"default","site-sidebar-style":"default","ast-global-header-display":"","ast-banner-title-visibility":"","ast-main-header-display":"","ast-hfb-above-header-display":"","ast-hfb-below-header-display":"","ast-hfb-mobile-header-display":"","site-post-title":"disabled","ast-breadcrumbs-content":"","ast-featured-img":"disabled","footer-sml-layout":"","ast-disable-related-posts":"","theme-transparent-header-meta":"default","adv-header-id-meta":"","stick-header-meta":"","header-above-stick-meta":"","header-main-stick-meta":"","header-below-stick-meta":"","astra-migrate-meta-layouts":"default","ast-page-background-enabled":"default","ast-page-background-meta":{"desktop":{"background-color":"","background-image":"","background-repeat":"repeat","background-position":"center center","background-size":"auto","background-attachment":"scroll","background-type":"","background-media":"","overlay-type":"","overlay-color":"","overlay-opacity":"","overlay-gradient":""},"tablet":{"background-color":"","background-image":"","background-repeat":"repeat","background-position":"center center","background-size":"auto","background-attachment":"scroll","background-type":"","background-media":"","overlay-type":"","overlay-color":"","overlay-opacity":"","overlay-gradient":""},"mobile":{"background-color":"","background-image":"","background-repeat":"repeat","background-position":"center center","background-size":"auto","background-attachment":"scroll","background-type":"","background-media":"","overlay-type":"","overlay-color":"","overlay-opacity":"","overlay-gradient":""}},"ast-content-background-meta":{"desktop":{"background-color":"var(--ast-global-color-5)","background-image":"","background-repeat":"repeat","background-position":"center center","background-size":"auto","background-attachment":"scroll","background-type":"","background-media":"","overlay-type":"","overlay-color":"","overlay-opacity":"","overlay-gradient":""},"tablet":{"background-color":"var(--ast-global-color-5)","background-image":"","background-repeat":"repeat","background-position":"center center","background-size":"auto","background-attachment":"scroll","background-type":"","background-media":"","overlay-type":"","overlay-color":"","overlay-opacity":"","overlay-gradient":""},"mobile":{"background-color":"var(--ast-global-color-5)","background-image":"","background-repeat":"repeat","background-position":"center center","background-size":"auto","background-attachment":"scroll","background-type":"","background-media":"","overlay-type":"","overlay-color":"","overlay-opacity":"","overlay-gradient":""}},"iawp_total_views":21,"footnotes":""},"class_list":["post-12250","page","type-page","status-publish","hentry"],"_links":{"self":[{"href":"https:\/\/coachingplus.ch\/fr\/wp-json\/wp\/v2\/pages\/12250","targetHints":{"allow":["GET"]}}],"collection":[{"href":"https:\/\/coachingplus.ch\/fr\/wp-json\/wp\/v2\/pages"}],"about":[{"href":"https:\/\/coachingplus.ch\/fr\/wp-json\/wp\/v2\/types\/page"}],"author":[{"embeddable":true,"href":"https:\/\/coachingplus.ch\/fr\/wp-json\/wp\/v2\/users\/1"}],"replies":[{"embeddable":true,"href":"https:\/\/coachingplus.ch\/fr\/wp-json\/wp\/v2\/comments?post=12250"}],"version-history":[{"count":1,"href":"https:\/\/coachingplus.ch\/fr\/wp-json\/wp\/v2\/pages\/12250\/revisions"}],"predecessor-version":[{"id":15034,"href":"https:\/\/coachingplus.ch\/fr\/wp-json\/wp\/v2\/pages\/12250\/revisions\/15034"}],"wp:attachment":[{"href":"https:\/\/coachingplus.ch\/fr\/wp-json\/wp\/v2\/media?parent=12250"}],"curies":[{"name":"wp","href":"https:\/\/api.w.org\/{rel}","templated":true}]}}